{"id":465,"date":"2023-10-05T13:09:11","date_gmt":"2023-10-05T13:09:11","guid":{"rendered":"https:\/\/dev.borgarbyggd.is\/grunnborg\/?page_id=465"},"modified":"2023-10-05T13:09:11","modified_gmt":"2023-10-05T13:09:11","slug":"nemendaverndarrad","status":"publish","type":"page","link":"https:\/\/dev.borgarbyggd.is\/grunnborg\/stodthjonusta\/nemendaverndarrad\/","title":{"rendered":"Nemendaverndarr\u00e1\u00f0"},"content":{"rendered":"<p><span data-contrast=\"none\">\u00cd regluger\u00f0 584\/2010 segir um starfsemi nemendaverndarr\u00e1\u00f0a grunnsk\u00f3la a\u00f0 sk\u00f3lastj\u00f3ri grunnsk\u00f3la samr\u00e6mi innan hvers grunnsk\u00f3la st\u00f6rf \u00feeirra sem sj\u00e1 um m\u00e1lefni einstakra nemenda er l\u00fata a\u00f0 s\u00e9rfr\u00e6\u00f0i\u00fej\u00f3nustu, n\u00e1ms- og starfsr\u00e1\u00f0gj\u00f6f og sk\u00f3laheilsug\u00e6slu me\u00f0 stofnun nemendaverndarr\u00e1\u00f0s skv. 40. gr. laga nr. 91\/2008 um grunnsk\u00f3la.<\/span><span data-ccp-props=\"{&quot;134233117&quot;:false,&quot;134233118&quot;:false,&quot;201341983&quot;:0,&quot;335559738&quot;:0,&quot;335559739&quot;:315,&quot;335559740&quot;:240}\">\u00a0<\/span><\/p>\n<p><span data-contrast=\"none\">Jafnframt skal sk\u00f3lastj\u00f3ri grunnsk\u00f3la stu\u00f0la a\u00f0 samr\u00e1\u00f0i vi\u00f0 f\u00e9lags\u00fej\u00f3nustu sveitarf\u00e9lags og barnaverndaryfirv\u00f6ld vegna m\u00e1lefna einstakra nemenda e\u00f0a nemendah\u00f3pa eftir \u00fev\u00ed sem \u00feurfa \u00feykir.<\/span><span data-ccp-props=\"{&quot;134233117&quot;:false,&quot;134233118&quot;:false,&quot;201341983&quot;:0,&quot;335559738&quot;:0,&quot;335559739&quot;:315,&quot;335559740&quot;:240}\">\u00a0<\/span><\/p>\n<p><span data-contrast=\"none\">Hlutverk nemendaverndarr\u00e1\u00f0s er a\u00f0 samr\u00e6ma skipulag og framkv\u00e6md \u00fej\u00f3nustu vi\u00f0 nemendur var\u00f0andi sk\u00f3laheilsug\u00e6slu, n\u00e1ms- og starfsr\u00e1\u00f0gj\u00f6f og s\u00e9rfr\u00e6\u00f0i\u00fej\u00f3nustu og vera sk\u00f3lastj\u00f3ra til a\u00f0sto\u00f0ar um framkv\u00e6md \u00e1\u00e6tlana um s\u00e9rstaka a\u00f0sto\u00f0 vi\u00f0 nemendur. Samstarfi\u00f0 getur veri\u00f0 b\u00e6\u00f0i vegna einstakra nemenda og forvarnarstarfs.<\/span><br \/>\n<span data-contrast=\"none\">Sk\u00f3lastj\u00f3ri skipar nemendaverndarr\u00e1\u00f0 til eins \u00e1rs \u00ed senn og er \u00e1byrgur fyrir starfr\u00e6kslu r\u00e1\u00f0sins sem skal taka mi\u00f0 af a\u00f0st\u00e6\u00f0um \u00ed hverjum sk\u00f3la. Sk\u00f3lastj\u00f3ri e\u00f0a fulltr\u00fai hans st\u00fdrir starfi nemendaverndarr\u00e1\u00f0s.<\/span><span data-ccp-props=\"{&quot;134233117&quot;:false,&quot;134233118&quot;:false,&quot;201341983&quot;:0,&quot;335559738&quot;:0,&quot;335559739&quot;:315,&quot;335559740&quot;:240}\">\u00a0<\/span><\/p>\n<p><span data-contrast=\"none\">\u00cd nemendaverndarr\u00e1\u00f0i grunnsk\u00f3la eiga s\u00e6ti sk\u00f3lastj\u00f3ri og\/e\u00f0a fulltr\u00fai sem hann tilnefnir, umsj\u00f3nara\u00f0ili kennslu nemenda me\u00f0 s\u00e9r\u00fearfir, fulltr\u00fai sk\u00f3laheilsug\u00e6slu, fulltr\u00fai s\u00e9rfr\u00e6\u00f0i\u00fej\u00f3nustu sveitarf\u00e9lags og n\u00e1ms- og starfsr\u00e1\u00f0gjafi. Einnig geta fulltr\u00faar fr\u00e1 f\u00e9lags\u00fej\u00f3nustu sveitarf\u00e9lags og barnaverndaryfirv\u00f6ldum teki\u00f0 \u00fe\u00e1tt \u00ed starfi nemendaverndarr\u00e1\u00f0s \u00feegar tilefni er til.<\/span><br \/>\n<span data-contrast=\"none\">F\u00e1i nemandi ekki fulln\u00e6gjandi a\u00f0sto\u00f0 vegna f\u00f6tlunar, sj\u00fakd\u00f3ms e\u00f0a n\u00e1mslegra, f\u00e9lagslegra e\u00f0a tilfinningalegra erfi\u00f0leika skal umsj\u00f3narkennari v\u00edsa m\u00e1linu skriflega til nemendaverndarr\u00e1\u00f0s.<\/span><span data-ccp-props=\"{&quot;134233117&quot;:false,&quot;134233118&quot;:false,&quot;201341983&quot;:0,&quot;335559738&quot;:0,&quot;335559739&quot;:315,&quot;335559740&quot;:240}\">\u00a0<\/span><\/p>\n<p><span data-contrast=\"none\">Fulltr\u00faar \u00ed nemendaverndarr\u00e1\u00f0i geta haft frumkv\u00e6\u00f0i a\u00f0 \u00fev\u00ed a\u00f0 m\u00e1l einstakra nemenda s\u00e9u tekin upp \u00ed r\u00e1\u00f0inu.<\/span><span data-ccp-props=\"{&quot;134233117&quot;:false,&quot;134233118&quot;:false,&quot;201341983&quot;:0,&quot;335559738&quot;:0,&quot;335559739&quot;:315,&quot;335559740&quot;:240}\">\u00a0<\/span><\/p>\n<p><span data-contrast=\"none\">Starfsf\u00f3lk sk\u00f3la, foreldrar, nemendur og fulltr\u00faar s\u00e9rfr\u00e6\u00f0i\u00fej\u00f3nustu sk\u00f3lans geta \u00f3ska\u00f0 eftir \u00fev\u00ed vi\u00f0 sk\u00f3lastj\u00f3ra e\u00f0a fulltr\u00faa hans \u00ed nemendaverndarr\u00e1\u00f0i a\u00f0 m\u00e1l einstakra nemenda e\u00f0a nemendah\u00f3pa ver\u00f0i tekin fyrir \u00ed r\u00e1\u00f0inu.<\/span><span data-ccp-props=\"{&quot;134233117&quot;:false,&quot;134233118&quot;:false,&quot;201341983&quot;:0,&quot;335559738&quot;:0,&quot;335559739&quot;:315,&quot;335559740&quot;:240}\">\u00a0<\/span><\/p>\n<p><span data-contrast=\"none\">\u00c1vallt skal uppl\u00fdsa foreldra um a\u00f0 m\u00e1li barna \u00feeirra s\u00e9 formlega v\u00edsa\u00f0 til sk\u00f3lastj\u00f3ra e\u00f0a nemendaverndarr\u00e1\u00f0s og leita eftir samstarfi vi\u00f0 foreldra um lausn m\u00e1la eftir \u00fev\u00ed sem framast er kostur.<\/span><span data-ccp-props=\"{&quot;134233117&quot;:false,&quot;134233118&quot;:false,&quot;201341983&quot;:0,&quot;335559738&quot;:0,&quot;335559739&quot;:315,&quot;335559740&quot;:240}\">\u00a0<\/span><\/p>\n<p><span data-contrast=\"none\">Nemendaverndarr\u00e1\u00f0 skal taka fyrir m\u00e1lefni sem v\u00edsa\u00f0 er til r\u00e1\u00f0sins eins flj\u00f3tt og au\u00f0i\u00f0 er.<\/span><span data-ccp-props=\"{&quot;134233117&quot;:false,&quot;134233118&quot;:false,&quot;201341983&quot;:0,&quot;335559738&quot;:0,&quot;335559739&quot;:315,&quot;335559740&quot;:240}\">\u00a0<\/span><\/p>\n<p><span data-contrast=\"none\">Nemendaverndarr\u00e1\u00f0 fjallar um s\u00e9rst\u00f6k \u00farr\u00e6\u00f0i fyrir einstaka nemendur e\u00f0a nemendah\u00f3pa sem l\u00f6g\u00f0 hafa veri\u00f0 fyrir r\u00e1\u00f0i\u00f0. R\u00e1\u00f0i\u00f0 metur hva\u00f0a vi\u00f0b\u00f3taruppl\u00fdsinga er \u00fe\u00f6rf og bo\u00f0ar \u00e1 sinn fund umsj\u00f3narkennara og foreldra svo og a\u00f0ra a\u00f0ila sem tengjast m\u00e1linu ef \u00fe\u00f6rf krefur.<\/span><span data-ccp-props=\"{&quot;134233117&quot;:false,&quot;134233118&quot;:false,&quot;201341983&quot;:0,&quot;335559738&quot;:0,&quot;335559739&quot;:315,&quot;335559740&quot;:240}\">\u00a0<\/span><\/p>\n<p><span data-contrast=\"none\">\u00deegar \u00e1kv\u00f6r\u00f0un hefur veri\u00f0 tekin um nau\u00f0synlegar r\u00e1\u00f0stafanir, umb\u00e6tur e\u00f0a a\u00f0ger\u00f0ir getur sk\u00f3lastj\u00f3ri fali\u00f0 a\u00f0ilum innan r\u00e1\u00f0sins a\u00f0 fylgja m\u00e1linu eftir ef nau\u00f0syn krefur.<\/span><span data-ccp-props=\"{&quot;134233117&quot;:false,&quot;134233118&quot;:false,&quot;201341983&quot;:0,&quot;335559738&quot;:0,&quot;335559739&quot;:315,&quot;335559740&quot;:240}\">\u00a0<\/span><\/p>\n<p><span data-contrast=\"none\">Fara skal me\u00f0 pers\u00f3nuuppl\u00fdsingar \u00ed samr\u00e6mi vi\u00f0 fyrirm\u00e6li um \u00feagnarskyldu og gildandi l\u00f6g um pers\u00f3nuvernd. \u00deeir sem sitja \u00ed nemendaverndarr\u00e1\u00f0i skulu g\u00e6ta \u00feagm\u00e6lsku um atri\u00f0i sem var\u00f0a einka- og fj\u00e1rhagsm\u00e1lefni einstaklinga sem \u00feeir f\u00e1 vitneskju um og leynt eiga a\u00f0 fara. \u00deagnarskylda n\u00e6r ekki til atvika sem ber a\u00f0 tilkynna um l\u00f6gum samkv\u00e6mt. \u00deagnarskylda helst \u00fe\u00f3tt vi\u00f0komandi l\u00e1ti af st\u00f6rfum.<\/span><span data-ccp-props=\"{&quot;134233117&quot;:false,&quot;134233118&quot;:false,&quot;201341983&quot;:0,&quot;335559738&quot;:0,&quot;335559739&quot;:315,&quot;335559740&quot;:240}\">\u00a0<\/span><\/p>\n<p><span data-contrast=\"none\">Nemendaverndarr\u00e1\u00f0 setur s\u00e9r starfs- og verklagsreglur \u00fear sem m.a. er kve\u00f0i\u00f0 \u00e1 um t\u00ed\u00f0ni funda r\u00e1\u00f0sins. Halda skal fund \u00ed nemendaverndarr\u00e1\u00f0i ef a.m.k. tveir fulltr\u00faar \u00ed r\u00e1\u00f0inu \u00f3ska \u00feess. Fundir skulu f\u00e6r\u00f0ir til b\u00f3kar.<\/span><span data-ccp-props=\"{&quot;134233117&quot;:false,&quot;134233118&quot;:false,&quot;201341983&quot;:0,&quot;335559738&quot;:0,&quot;335559739&quot;:315,&quot;335559740&quot;:240}\">\u00a0<\/span><\/p>\n<p><span data-ccp-props=\"{&quot;201341983&quot;:0,&quot;335559739&quot;:160,&quot;335559740&quot;:259}\">\u00a0<\/span><\/p>\n","protected":false},"excerpt":{"rendered":"<p>\u00cd regluger\u00f0 584\/2010 segir um starfsemi nemendaverndarr\u00e1\u00f0a grunnsk\u00f3la a\u00f0 sk\u00f3lastj\u00f3ri grunnsk\u00f3la samr\u00e6mi innan hvers grunnsk\u00f3la st\u00f6rf \u00feeirra sem sj\u00e1 um m\u00e1lefni einstakra nemenda er l\u00fata a\u00f0 s\u00e9rfr\u00e6\u00f0i\u00fej\u00f3nustu, n\u00e1ms- og starfsr\u00e1\u00f0gj\u00f6f og sk\u00f3laheilsug\u00e6slu me\u00f0 stofnun nemendaverndarr\u00e1\u00f0s skv. 40. gr. laga nr. 91\/2008 um grunnsk\u00f3la.\u00a0 Jafnframt skal sk\u00f3lastj\u00f3ri grunnsk\u00f3la stu\u00f0la a\u00f0 samr\u00e1\u00f0i vi\u00f0 f\u00e9lags\u00fej\u00f3nustu sveitarf\u00e9lags og barnaverndaryfirv\u00f6ld vegna m\u00e1lefna einstakra nemenda e\u00f0a &#8230; <\/p>\n<div><a href=\"https:\/\/dev.borgarbyggd.is\/grunnborg\/stodthjonusta\/nemendaverndarrad\/\" class=\"more-link\">Read More<\/a><\/div>\n","protected":false},"author":4,"featured_media":0,"parent":53,"menu_order":0,"comment_status":"closed","ping_status":"closed","template":"","meta":{"_acf_changed":false,"footnotes":""},"class_list":["post-465","page","type-page","status-publish","hentry","no-post-thumbnail"],"acf":{"quickaccess":false},"yoast_head":"<!-- This site is optimized with the Yoast SEO plugin v24.0 - https:\/\/yoast.com\/wordpress\/plugins\/seo\/ -->\n<title>Nemendaverndarr\u00e1\u00f0 - Grunnsk\u00f3linn \u00ed Borgarnesi<\/title>\n<meta name=\"robots\" content=\"index, follow, max-snippet:-1, max-image-preview:large, max-video-preview:-1\" \/>\n<link rel=\"canonical\" href=\"https:\/\/dev.borgarbyggd.is\/grunnborg\/stodthjonusta\/nemendaverndarrad\/\" \/>\n<meta property=\"og:locale\" content=\"en_US\" \/>\n<meta property=\"og:type\" content=\"article\" \/>\n<meta property=\"og:title\" content=\"Nemendaverndarr\u00e1\u00f0 - Grunnsk\u00f3linn \u00ed Borgarnesi\" \/>\n<meta property=\"og:description\" content=\"\u00cd regluger\u00f0 584\/2010 segir um starfsemi nemendaverndarr\u00e1\u00f0a grunnsk\u00f3la a\u00f0 sk\u00f3lastj\u00f3ri grunnsk\u00f3la samr\u00e6mi innan hvers grunnsk\u00f3la st\u00f6rf \u00feeirra sem sj\u00e1 um m\u00e1lefni einstakra nemenda er l\u00fata a\u00f0 s\u00e9rfr\u00e6\u00f0i\u00fej\u00f3nustu, n\u00e1ms- og starfsr\u00e1\u00f0gj\u00f6f og sk\u00f3laheilsug\u00e6slu me\u00f0 stofnun nemendaverndarr\u00e1\u00f0s skv. 40. gr. laga nr. 91\/2008 um grunnsk\u00f3la.\u00a0 Jafnframt skal sk\u00f3lastj\u00f3ri grunnsk\u00f3la stu\u00f0la a\u00f0 samr\u00e1\u00f0i vi\u00f0 f\u00e9lags\u00fej\u00f3nustu sveitarf\u00e9lags og barnaverndaryfirv\u00f6ld vegna m\u00e1lefna einstakra nemenda e\u00f0a ... Read More\" \/>\n<meta property=\"og:url\" content=\"https:\/\/dev.borgarbyggd.is\/grunnborg\/stodthjonusta\/nemendaverndarrad\/\" \/>\n<meta property=\"og:site_name\" content=\"Grunnsk\u00f3linn \u00ed Borgarnesi\" \/>\n<meta name=\"twitter:card\" content=\"summary_large_image\" \/>\n<meta name=\"twitter:label1\" content=\"Est. reading time\" \/>\n\t<meta name=\"twitter:data1\" content=\"3 minutes\" \/>\n<script type=\"application\/ld+json\" class=\"yoast-schema-graph\">{\"@context\":\"https:\/\/schema.org\",\"@graph\":[{\"@type\":\"WebPage\",\"@id\":\"https:\/\/dev.borgarbyggd.is\/grunnborg\/stodthjonusta\/nemendaverndarrad\/\",\"url\":\"https:\/\/dev.borgarbyggd.is\/grunnborg\/stodthjonusta\/nemendaverndarrad\/\",\"name\":\"Nemendaverndarr\u00e1\u00f0 - Grunnsk\u00f3linn \u00ed Borgarnesi\",\"isPartOf\":{\"@id\":\"https:\/\/dev.borgarbyggd.is\/grunnborg\/#website\"},\"datePublished\":\"2023-10-05T13:09:11+00:00\",\"dateModified\":\"2023-10-05T13:09:11+00:00\",\"breadcrumb\":{\"@id\":\"https:\/\/dev.borgarbyggd.is\/grunnborg\/stodthjonusta\/nemendaverndarrad\/#breadcrumb\"},\"inLanguage\":\"en-US\",\"potentialAction\":[{\"@type\":\"ReadAction\",\"target\":[\"https:\/\/dev.borgarbyggd.is\/grunnborg\/stodthjonusta\/nemendaverndarrad\/\"]}]},{\"@type\":\"BreadcrumbList\",\"@id\":\"https:\/\/dev.borgarbyggd.is\/grunnborg\/stodthjonusta\/nemendaverndarrad\/#breadcrumb\",\"itemListElement\":[{\"@type\":\"ListItem\",\"position\":1,\"name\":\"Home\",\"item\":\"https:\/\/dev.borgarbyggd.is\/grunnborg\/\"},{\"@type\":\"ListItem\",\"position\":2,\"name\":\"Sto\u00f0\u00fej\u00f3nusta\",\"item\":\"https:\/\/dev.borgarbyggd.is\/grunnborg\/stodthjonusta\/\"},{\"@type\":\"ListItem\",\"position\":3,\"name\":\"Nemendaverndarr\u00e1\u00f0\"}]},{\"@type\":\"WebSite\",\"@id\":\"https:\/\/dev.borgarbyggd.is\/grunnborg\/#website\",\"url\":\"https:\/\/dev.borgarbyggd.is\/grunnborg\/\",\"name\":\"Grunnsk\u00f3linn \u00ed Borgarnesi\",\"description\":\"\",\"potentialAction\":[{\"@type\":\"SearchAction\",\"target\":{\"@type\":\"EntryPoint\",\"urlTemplate\":\"https:\/\/dev.borgarbyggd.is\/grunnborg\/?s={search_term_string}\"},\"query-input\":{\"@type\":\"PropertyValueSpecification\",\"valueRequired\":true,\"valueName\":\"search_term_string\"}}],\"inLanguage\":\"en-US\"}]}<\/script>\n<!-- \/ Yoast SEO plugin. -->","yoast_head_json":{"title":"Nemendaverndarr\u00e1\u00f0 - Grunnsk\u00f3linn \u00ed Borgarnesi","robots":{"index":"index","follow":"follow","max-snippet":"max-snippet:-1","max-image-preview":"max-image-preview:large","max-video-preview":"max-video-preview:-1"},"canonical":"https:\/\/dev.borgarbyggd.is\/grunnborg\/stodthjonusta\/nemendaverndarrad\/","og_locale":"en_US","og_type":"article","og_title":"Nemendaverndarr\u00e1\u00f0 - Grunnsk\u00f3linn \u00ed Borgarnesi","og_description":"\u00cd regluger\u00f0 584\/2010 segir um starfsemi nemendaverndarr\u00e1\u00f0a grunnsk\u00f3la a\u00f0 sk\u00f3lastj\u00f3ri grunnsk\u00f3la samr\u00e6mi innan hvers grunnsk\u00f3la st\u00f6rf \u00feeirra sem sj\u00e1 um m\u00e1lefni einstakra nemenda er l\u00fata a\u00f0 s\u00e9rfr\u00e6\u00f0i\u00fej\u00f3nustu, n\u00e1ms- og starfsr\u00e1\u00f0gj\u00f6f og sk\u00f3laheilsug\u00e6slu me\u00f0 stofnun nemendaverndarr\u00e1\u00f0s skv. 40. gr. laga nr. 91\/2008 um grunnsk\u00f3la.\u00a0 Jafnframt skal sk\u00f3lastj\u00f3ri grunnsk\u00f3la stu\u00f0la a\u00f0 samr\u00e1\u00f0i vi\u00f0 f\u00e9lags\u00fej\u00f3nustu sveitarf\u00e9lags og barnaverndaryfirv\u00f6ld vegna m\u00e1lefna einstakra nemenda e\u00f0a ... Read More","og_url":"https:\/\/dev.borgarbyggd.is\/grunnborg\/stodthjonusta\/nemendaverndarrad\/","og_site_name":"Grunnsk\u00f3linn \u00ed Borgarnesi","twitter_card":"summary_large_image","twitter_misc":{"Est. reading time":"3 minutes"},"schema":{"@context":"https:\/\/schema.org","@graph":[{"@type":"WebPage","@id":"https:\/\/dev.borgarbyggd.is\/grunnborg\/stodthjonusta\/nemendaverndarrad\/","url":"https:\/\/dev.borgarbyggd.is\/grunnborg\/stodthjonusta\/nemendaverndarrad\/","name":"Nemendaverndarr\u00e1\u00f0 - Grunnsk\u00f3linn \u00ed Borgarnesi","isPartOf":{"@id":"https:\/\/dev.borgarbyggd.is\/grunnborg\/#website"},"datePublished":"2023-10-05T13:09:11+00:00","dateModified":"2023-10-05T13:09:11+00:00","breadcrumb":{"@id":"https:\/\/dev.borgarbyggd.is\/grunnborg\/stodthjonusta\/nemendaverndarrad\/#breadcrumb"},"inLanguage":"en-US","potentialAction":[{"@type":"ReadAction","target":["https:\/\/dev.borgarbyggd.is\/grunnborg\/stodthjonusta\/nemendaverndarrad\/"]}]},{"@type":"BreadcrumbList","@id":"https:\/\/dev.borgarbyggd.is\/grunnborg\/stodthjonusta\/nemendaverndarrad\/#breadcrumb","itemListElement":[{"@type":"ListItem","position":1,"name":"Home","item":"https:\/\/dev.borgarbyggd.is\/grunnborg\/"},{"@type":"ListItem","position":2,"name":"Sto\u00f0\u00fej\u00f3nusta","item":"https:\/\/dev.borgarbyggd.is\/grunnborg\/stodthjonusta\/"},{"@type":"ListItem","position":3,"name":"Nemendaverndarr\u00e1\u00f0"}]},{"@type":"WebSite","@id":"https:\/\/dev.borgarbyggd.is\/grunnborg\/#website","url":"https:\/\/dev.borgarbyggd.is\/grunnborg\/","name":"Grunnsk\u00f3linn \u00ed Borgarnesi","description":"","potentialAction":[{"@type":"SearchAction","target":{"@type":"EntryPoint","urlTemplate":"https:\/\/dev.borgarbyggd.is\/grunnborg\/?s={search_term_string}"},"query-input":{"@type":"PropertyValueSpecification","valueRequired":true,"valueName":"search_term_string"}}],"inLanguage":"en-US"}]}},"_links":{"self":[{"href":"https:\/\/dev.borgarbyggd.is\/grunnborg\/wp-json\/wp\/v2\/pages\/465","targetHints":{"allow":["GET"]}}],"collection":[{"href":"https:\/\/dev.borgarbyggd.is\/grunnborg\/wp-json\/wp\/v2\/pages"}],"about":[{"href":"https:\/\/dev.borgarbyggd.is\/grunnborg\/wp-json\/wp\/v2\/types\/page"}],"author":[{"embeddable":true,"href":"https:\/\/dev.borgarbyggd.is\/grunnborg\/wp-json\/wp\/v2\/users\/4"}],"replies":[{"embeddable":true,"href":"https:\/\/dev.borgarbyggd.is\/grunnborg\/wp-json\/wp\/v2\/comments?post=465"}],"version-history":[{"count":0,"href":"https:\/\/dev.borgarbyggd.is\/grunnborg\/wp-json\/wp\/v2\/pages\/465\/revisions"}],"up":[{"embeddable":true,"href":"https:\/\/dev.borgarbyggd.is\/grunnborg\/wp-json\/wp\/v2\/pages\/53"}],"wp:attachment":[{"href":"https:\/\/dev.borgarbyggd.is\/grunnborg\/wp-json\/wp\/v2\/media?parent=465"}],"curies":[{"name":"wp","href":"https:\/\/api.w.org\/{rel}","templated":true}]}}