{"id":460,"date":"2023-10-05T13:04:03","date_gmt":"2023-10-05T13:04:03","guid":{"rendered":"https:\/\/dev.borgarbyggd.is\/grunnborg\/?page_id=460"},"modified":"2023-10-05T13:04:03","modified_gmt":"2023-10-05T13:04:03","slug":"umhverfismennt","status":"publish","type":"page","link":"https:\/\/dev.borgarbyggd.is\/grunnborg\/stefnur-og-aaetlanir\/umhverfismennt\/","title":{"rendered":"Umhverfismennt"},"content":{"rendered":"<p><b><span data-contrast=\"none\">Gr\u00f3\u00f0ursetning<\/span><\/b><span data-ccp-props=\"{&quot;134233117&quot;:false,&quot;134233118&quot;:false,&quot;201341983&quot;:0,&quot;335559738&quot;:0,&quot;335559739&quot;:0,&quot;335559740&quot;:240}\">\u00a0<\/span><\/p>\n<p><span data-contrast=\"none\">Sk\u00f3linn hefur teki\u00f0 \u00fe\u00e1tt \u00ed gr\u00f3\u00f0ursetningarverkefni Yrkju \u2013 sem er sj\u00f3\u00f0ur \u00e6skunnar til r\u00e6ktunar landsins, fr\u00e1 \u00e1rinu 1997. \u00cd fyrstu ger\u00f0i sk\u00f3linn samkomulag vi\u00f0 sta\u00f0arhaldara \u00e1 Borg \u00e1 M\u00fdrum um a\u00f0 sk\u00f3linn fengi til umr\u00e1\u00f0a sv\u00e6\u00f0i til gr\u00f3\u00f0ursetningar og var gr\u00f3\u00f0ursett \u00ed \u00fea\u00f0 til \u00e1rsins 2015 en \u00fe\u00e1 \u00fe\u00f3tti fullplanta\u00f0 \u00fear. \u00dea\u00f0 voru nemendur \u00ed fyrsta, fimmta og t\u00edunda bekk sem s\u00e1u um gr\u00f3\u00f0ursetninguna \u00e1 \u00feessum t\u00edma.<\/span><span data-ccp-props=\"{&quot;134233117&quot;:false,&quot;134233118&quot;:false,&quot;201341983&quot;:0,&quot;335559738&quot;:0,&quot;335559739&quot;:315,&quot;335559740&quot;:240}\">\u00a0<\/span><\/p>\n<p><span data-contrast=\"none\">Spildan \u00e1 Borg er mitt \u00e1 milli klettaborgarinnar sem sta\u00f0urinn dregur nafn sitt af og Klaufarholts og liggur skammt ofan gamalla t\u00fana. Tegundir sem gr\u00f3\u00f0ursettar voru \u00e1 vegum grunnsk\u00f3lans eru einkum birki, greni, fura, lerki, \u00f6sp og reynir.<\/span><span data-ccp-props=\"{&quot;134233117&quot;:false,&quot;134233118&quot;:false,&quot;201341983&quot;:0,&quot;335559738&quot;:0,&quot;335559739&quot;:315,&quot;335559740&quot;:240}\">\u00a0<\/span><\/p>\n<p><span data-contrast=\"none\">\u00c1 vorm\u00e1nu\u00f0um \u00e1rsins 2020 afhenti sveitarf\u00e9lagi\u00f0 grunnsk\u00f3lanum n\u00fdtt sv\u00e6\u00f0i til gr\u00f3\u00f0ursetningar. Sv\u00e6\u00f0i\u00f0 liggur n\u00e6r landamerkjum Borgar og K\u00e1rasta\u00f0a og liggur rei\u00f0lei\u00f0 me\u00f0 ja\u00f0ri \u00feess. A\u00f0koma akandi f\u00f3lks a\u00f0 sv\u00e6\u00f0inu er einf\u00f6ldust vi\u00f0 flugv\u00f6llinn og er um 300 metra g\u00f6ngulei\u00f0 a\u00f0 \u00fev\u00ed. Sv\u00e6\u00f0i\u00f0 er um 3,5 ha \u00e1 st\u00e6r\u00f0 en me\u00f0 m\u00f6guleika \u00e1 mikilli st\u00e6kkun ef \u00fearf.<\/span><span data-ccp-props=\"{&quot;134233117&quot;:false,&quot;134233118&quot;:false,&quot;201341983&quot;:0,&quot;335559738&quot;:0,&quot;335559739&quot;:315,&quot;335559740&quot;:240}\">\u00a0<\/span><\/p>\n<p><span data-contrast=\"none\">\u00c1kve\u00f0i\u00f0 var a\u00f0 gr\u00f3\u00f0ursetningin yr\u00f0i ,,vinabekkjaverkefni\u201c og eru \u00fea\u00f0 fj\u00f3r\u00f0i og n\u00edundi bekkur sem f\u00e1 verkefni\u00f0 \u00ed hendur. Gr\u00f3\u00f0ursett var \u00ed sv\u00e6\u00f0i\u00f0 \u00ed fyrsta skipti hausti\u00f0 2020, mest birki en einnig s\u00edgr\u00e6nar pl\u00f6ntutegundir. Fyrirhuga\u00f0 er a\u00f0 gefa sv\u00e6\u00f0inu nafn og unni\u00f0 ver\u00f0ur a\u00f0 \u00fev\u00ed \u00ed vetur.<\/span><span data-ccp-props=\"{&quot;134233117&quot;:false,&quot;134233118&quot;:false,&quot;201341983&quot;:0,&quot;335559738&quot;:0,&quot;335559739&quot;:315,&quot;335559740&quot;:240}\">\u00a0<\/span><\/p>\n<p><b><span data-contrast=\"none\">Hreinsun \u00e1 sk\u00f3lal\u00f3\u00f0<\/span><\/b><span data-ccp-props=\"{&quot;134233117&quot;:false,&quot;134233118&quot;:false,&quot;201341983&quot;:0,&quot;335559738&quot;:0,&quot;335559739&quot;:0,&quot;335559740&quot;:240}\">\u00a0<\/span><\/p>\n<p><span data-contrast=\"none\">10. bekkur \u2013 september\u00a0<\/span><\/p>\n<p>9. bekkur \u2013 okt\u00f3ber<\/p>\n<p><span data-contrast=\"none\">8. bekkur \u2013 n\u00f3vember<\/span><\/p>\n<p><span data-contrast=\"none\">7. bekkur \u2013 desember<\/span><\/p>\n<p><span data-contrast=\"none\">6 .bekkur \u2013 jan\u00faar<\/span><span data-ccp-props=\"{&quot;134233117&quot;:false,&quot;134233118&quot;:false,&quot;201341983&quot;:0,&quot;335559738&quot;:0,&quot;335559739&quot;:315,&quot;335559740&quot;:240}\">\u00a0<\/span><\/p>\n<p><span data-contrast=\"none\">5. bekkur \u2013 febr\u00faar<\/span><\/p>\n<p><span data-contrast=\"none\">4. bekkur \u2013 mars<\/span><\/p>\n<p><span data-contrast=\"none\">3 .bekkur \u2013 apr\u00edl<\/span><span data-ccp-props=\"{&quot;134233117&quot;:false,&quot;134233118&quot;:false,&quot;201341983&quot;:0,&quot;335559738&quot;:0,&quot;335559739&quot;:315,&quot;335559740&quot;:240}\">\u00a0<\/span><\/p>\n<p><span data-contrast=\"none\">2 .bekkur \u2013 ma\u00ed<\/span><span data-ccp-props=\"{&quot;134233117&quot;:false,&quot;134233118&quot;:false,&quot;201341983&quot;:0,&quot;335559738&quot;:0,&quot;335559739&quot;:315,&quot;335559740&quot;:240}\">\u00a0<\/span><\/p>\n<p><span data-contrast=\"none\">1.bekkur \u2013 Ekki \u00feykir \u00e1st\u00e6\u00f0a til a\u00f0 fyrsti bekkur taki \u00fe\u00e1tt \u00ed \u00feessu verkefni vegna \u00feess a\u00f0 \u00feau eru n\u00fd \u00ed sk\u00f3lanum og\u202fmargt sem \u00fearf a\u00f0 kunna \u00e1 \u00e1\u00f0ur en a\u00f0 \u00feessu kemur.<\/span><\/p>\n<p><span data-contrast=\"none\">Verklag:<\/span><br \/>\n<span data-contrast=\"none\">Sk\u00f3lal\u00f3\u00f0in er \u00f6ll hreinsu\u00f0 sem og lei\u00f0in \u00ed \u00ed\u00fer\u00f3ttah\u00fas og sk\u00f3lab\u00edl. Fari\u00f0 me\u00f0 b\u00e1\u00f0um stigunum sem liggja ni\u00f0ur fr\u00e1 sk\u00f3lal\u00f3\u00f0inni. Ef t\u00f6k eru \u00e1 \u00fe\u00e1 er gott a\u00f0 flokka rusli\u00f0 \u00fati vi\u00f0 ruslag\u00e1mana \u00e1 bak vi\u00f0 sk\u00f3lann og fleygja \u00fev\u00ed \u00e1 r\u00e9tta sta\u00f0i.<\/span><span data-ccp-props=\"{&quot;134233117&quot;:false,&quot;134233118&quot;:false,&quot;201341983&quot;:0,&quot;335559738&quot;:0,&quot;335559739&quot;:315,&quot;335559740&quot;:240}\">\u00a0<\/span><\/p>\n<p><b><span data-contrast=\"none\">\u00datikennsla<\/span><\/b><span data-ccp-props=\"{&quot;134233117&quot;:false,&quot;134233118&quot;:false,&quot;201341983&quot;:0,&quot;335559738&quot;:0,&quot;335559739&quot;:0,&quot;335559740&quot;:240}\">\u00a0<\/span><\/p>\n<p><span data-contrast=\"none\">\u00cd Grunnsk\u00f3lanum \u00ed Borgarnesi er l\u00f6g\u00f0 \u00e1hersla n\u00e1tt\u00faru og s\u00f6gu vi\u00f0 \u00fatikennslu \u00ed n\u00e1nasta umhverfi sk\u00f3lans. Stutt er \u00ed fj\u00f6runa og l\u00edfr\u00edki hennar, Skallagr\u00edmsgar\u00f0 \u00fear sem finna m\u00e1 fj\u00f6lda bl\u00f3mplantna og trj\u00e1a og \u00fativistarsv\u00e6\u00f0i\u00f0 Einkunnir sem er gj\u00f6fult af berjum og sveppum og \u00fear er svok\u00f6llu\u00f0 \u00c1latj\u00f6rn. Margv\u00edslega ranns\u00f3knarlei\u00f0angra m\u00e1 skipuleggja \u00ed Einkunnum og vi\u00f0 \u00c1latj\u00f6rn. Hafnarsk\u00f3gur er einstakur \u00fear sem hann hefur lifa\u00f0 af n\u00fdtingu milli fjalls og fj\u00f6ru allt fr\u00e1 landn\u00e1mi. Sk\u00f3linn er sta\u00f0settur \u00ed landn\u00e1mi Skallagr\u00edms en landn\u00e1msj\u00f6r\u00f0 hans, Borg \u00e1 M\u00fdrum, er \u00ed \u00fatja\u00f0ri Borgarness og marga \u00feekkta sta\u00f0i \u00far Egilss\u00f6gu er a\u00f0 finna innan b\u00e6jarmarka Borgarness.<\/span><span data-ccp-props=\"{&quot;134233117&quot;:false,&quot;134233118&quot;:false,&quot;201341983&quot;:0,&quot;335559738&quot;:0,&quot;335559739&quot;:315,&quot;335559740&quot;:240}\">\u00a0<\/span><\/p>\n<p><span data-contrast=\"none\">Vettvangsfer\u00f0ir eru ein af lei\u00f0um sk\u00f3lans til a\u00f0 tengja n\u00e1mi\u00f0 veruleikanum utan sk\u00f3lastofunnar og f\u00e6ra b\u00f3klegt n\u00e1m n\u00e6r reynsluheimi nemandans hverju sinni.<\/span><span data-ccp-props=\"{&quot;134233117&quot;:false,&quot;134233118&quot;:false,&quot;201341983&quot;:0,&quot;335559738&quot;:0,&quot;335559739&quot;:315,&quot;335559740&quot;:240}\">\u00a0<\/span><\/p>\n<p><span data-ccp-props=\"{&quot;201341983&quot;:0,&quot;335559739&quot;:160,&quot;335559740&quot;:259}\">\u00a0<\/span><\/p>\n","protected":false},"excerpt":{"rendered":"<p>Gr\u00f3\u00f0ursetning\u00a0 Sk\u00f3linn hefur teki\u00f0 \u00fe\u00e1tt \u00ed gr\u00f3\u00f0ursetningarverkefni Yrkju \u2013 sem er sj\u00f3\u00f0ur \u00e6skunnar til r\u00e6ktunar landsins, fr\u00e1 \u00e1rinu 1997. \u00cd fyrstu ger\u00f0i sk\u00f3linn samkomulag vi\u00f0 sta\u00f0arhaldara \u00e1 Borg \u00e1 M\u00fdrum um a\u00f0 sk\u00f3linn fengi til umr\u00e1\u00f0a sv\u00e6\u00f0i til gr\u00f3\u00f0ursetningar og var gr\u00f3\u00f0ursett \u00ed \u00fea\u00f0 til \u00e1rsins 2015 en \u00fe\u00e1 \u00fe\u00f3tti fullplanta\u00f0 \u00fear. \u00dea\u00f0 voru nemendur \u00ed fyrsta, fimmta og t\u00edunda &#8230; <\/p>\n<div><a href=\"https:\/\/dev.borgarbyggd.is\/grunnborg\/stefnur-og-aaetlanir\/umhverfismennt\/\" class=\"more-link\">Read More<\/a><\/div>\n","protected":false},"author":4,"featured_media":0,"parent":52,"menu_order":0,"comment_status":"closed","ping_status":"closed","template":"","meta":{"_acf_changed":false,"footnotes":""},"class_list":["post-460","page","type-page","status-publish","hentry","no-post-thumbnail"],"acf":{"quickaccess":false},"yoast_head":"<!-- This site is optimized with the Yoast SEO plugin v24.0 - https:\/\/yoast.com\/wordpress\/plugins\/seo\/ -->\n<title>Umhverfismennt - Grunnsk\u00f3linn \u00ed Borgarnesi<\/title>\n<meta name=\"robots\" content=\"index, follow, max-snippet:-1, max-image-preview:large, max-video-preview:-1\" \/>\n<link rel=\"canonical\" href=\"https:\/\/dev.borgarbyggd.is\/grunnborg\/stefnur-og-aaetlanir\/umhverfismennt\/\" \/>\n<meta property=\"og:locale\" content=\"en_US\" \/>\n<meta property=\"og:type\" content=\"article\" \/>\n<meta property=\"og:title\" content=\"Umhverfismennt - Grunnsk\u00f3linn \u00ed Borgarnesi\" \/>\n<meta property=\"og:description\" content=\"Gr\u00f3\u00f0ursetning\u00a0 Sk\u00f3linn hefur teki\u00f0 \u00fe\u00e1tt \u00ed gr\u00f3\u00f0ursetningarverkefni Yrkju \u2013 sem er sj\u00f3\u00f0ur \u00e6skunnar til r\u00e6ktunar landsins, fr\u00e1 \u00e1rinu 1997. \u00cd fyrstu ger\u00f0i sk\u00f3linn samkomulag vi\u00f0 sta\u00f0arhaldara \u00e1 Borg \u00e1 M\u00fdrum um a\u00f0 sk\u00f3linn fengi til umr\u00e1\u00f0a sv\u00e6\u00f0i til gr\u00f3\u00f0ursetningar og var gr\u00f3\u00f0ursett \u00ed \u00fea\u00f0 til \u00e1rsins 2015 en \u00fe\u00e1 \u00fe\u00f3tti fullplanta\u00f0 \u00fear. \u00dea\u00f0 voru nemendur \u00ed fyrsta, fimmta og t\u00edunda ... Read More\" \/>\n<meta property=\"og:url\" content=\"https:\/\/dev.borgarbyggd.is\/grunnborg\/stefnur-og-aaetlanir\/umhverfismennt\/\" \/>\n<meta property=\"og:site_name\" content=\"Grunnsk\u00f3linn \u00ed Borgarnesi\" \/>\n<meta name=\"twitter:card\" content=\"summary_large_image\" \/>\n<meta name=\"twitter:label1\" content=\"Est. reading time\" \/>\n\t<meta name=\"twitter:data1\" content=\"3 minutes\" \/>\n<script type=\"application\/ld+json\" class=\"yoast-schema-graph\">{\"@context\":\"https:\/\/schema.org\",\"@graph\":[{\"@type\":\"WebPage\",\"@id\":\"https:\/\/dev.borgarbyggd.is\/grunnborg\/stefnur-og-aaetlanir\/umhverfismennt\/\",\"url\":\"https:\/\/dev.borgarbyggd.is\/grunnborg\/stefnur-og-aaetlanir\/umhverfismennt\/\",\"name\":\"Umhverfismennt - Grunnsk\u00f3linn \u00ed Borgarnesi\",\"isPartOf\":{\"@id\":\"https:\/\/dev.borgarbyggd.is\/grunnborg\/#website\"},\"datePublished\":\"2023-10-05T13:04:03+00:00\",\"dateModified\":\"2023-10-05T13:04:03+00:00\",\"breadcrumb\":{\"@id\":\"https:\/\/dev.borgarbyggd.is\/grunnborg\/stefnur-og-aaetlanir\/umhverfismennt\/#breadcrumb\"},\"inLanguage\":\"en-US\",\"potentialAction\":[{\"@type\":\"ReadAction\",\"target\":[\"https:\/\/dev.borgarbyggd.is\/grunnborg\/stefnur-og-aaetlanir\/umhverfismennt\/\"]}]},{\"@type\":\"BreadcrumbList\",\"@id\":\"https:\/\/dev.borgarbyggd.is\/grunnborg\/stefnur-og-aaetlanir\/umhverfismennt\/#breadcrumb\",\"itemListElement\":[{\"@type\":\"ListItem\",\"position\":1,\"name\":\"Home\",\"item\":\"https:\/\/dev.borgarbyggd.is\/grunnborg\/\"},{\"@type\":\"ListItem\",\"position\":2,\"name\":\"Stefnur og \u00e1\u00e6tlanir\",\"item\":\"https:\/\/dev.borgarbyggd.is\/grunnborg\/stefnur-og-aaetlanir\/\"},{\"@type\":\"ListItem\",\"position\":3,\"name\":\"Umhverfismennt\"}]},{\"@type\":\"WebSite\",\"@id\":\"https:\/\/dev.borgarbyggd.is\/grunnborg\/#website\",\"url\":\"https:\/\/dev.borgarbyggd.is\/grunnborg\/\",\"name\":\"Grunnsk\u00f3linn \u00ed Borgarnesi\",\"description\":\"\",\"potentialAction\":[{\"@type\":\"SearchAction\",\"target\":{\"@type\":\"EntryPoint\",\"urlTemplate\":\"https:\/\/dev.borgarbyggd.is\/grunnborg\/?s={search_term_string}\"},\"query-input\":{\"@type\":\"PropertyValueSpecification\",\"valueRequired\":true,\"valueName\":\"search_term_string\"}}],\"inLanguage\":\"en-US\"}]}<\/script>\n<!-- \/ Yoast SEO plugin. -->","yoast_head_json":{"title":"Umhverfismennt - Grunnsk\u00f3linn \u00ed Borgarnesi","robots":{"index":"index","follow":"follow","max-snippet":"max-snippet:-1","max-image-preview":"max-image-preview:large","max-video-preview":"max-video-preview:-1"},"canonical":"https:\/\/dev.borgarbyggd.is\/grunnborg\/stefnur-og-aaetlanir\/umhverfismennt\/","og_locale":"en_US","og_type":"article","og_title":"Umhverfismennt - Grunnsk\u00f3linn \u00ed Borgarnesi","og_description":"Gr\u00f3\u00f0ursetning\u00a0 Sk\u00f3linn hefur teki\u00f0 \u00fe\u00e1tt \u00ed gr\u00f3\u00f0ursetningarverkefni Yrkju \u2013 sem er sj\u00f3\u00f0ur \u00e6skunnar til r\u00e6ktunar landsins, fr\u00e1 \u00e1rinu 1997. \u00cd fyrstu ger\u00f0i sk\u00f3linn samkomulag vi\u00f0 sta\u00f0arhaldara \u00e1 Borg \u00e1 M\u00fdrum um a\u00f0 sk\u00f3linn fengi til umr\u00e1\u00f0a sv\u00e6\u00f0i til gr\u00f3\u00f0ursetningar og var gr\u00f3\u00f0ursett \u00ed \u00fea\u00f0 til \u00e1rsins 2015 en \u00fe\u00e1 \u00fe\u00f3tti fullplanta\u00f0 \u00fear. \u00dea\u00f0 voru nemendur \u00ed fyrsta, fimmta og t\u00edunda ... Read More","og_url":"https:\/\/dev.borgarbyggd.is\/grunnborg\/stefnur-og-aaetlanir\/umhverfismennt\/","og_site_name":"Grunnsk\u00f3linn \u00ed Borgarnesi","twitter_card":"summary_large_image","twitter_misc":{"Est. reading time":"3 minutes"},"schema":{"@context":"https:\/\/schema.org","@graph":[{"@type":"WebPage","@id":"https:\/\/dev.borgarbyggd.is\/grunnborg\/stefnur-og-aaetlanir\/umhverfismennt\/","url":"https:\/\/dev.borgarbyggd.is\/grunnborg\/stefnur-og-aaetlanir\/umhverfismennt\/","name":"Umhverfismennt - Grunnsk\u00f3linn \u00ed Borgarnesi","isPartOf":{"@id":"https:\/\/dev.borgarbyggd.is\/grunnborg\/#website"},"datePublished":"2023-10-05T13:04:03+00:00","dateModified":"2023-10-05T13:04:03+00:00","breadcrumb":{"@id":"https:\/\/dev.borgarbyggd.is\/grunnborg\/stefnur-og-aaetlanir\/umhverfismennt\/#breadcrumb"},"inLanguage":"en-US","potentialAction":[{"@type":"ReadAction","target":["https:\/\/dev.borgarbyggd.is\/grunnborg\/stefnur-og-aaetlanir\/umhverfismennt\/"]}]},{"@type":"BreadcrumbList","@id":"https:\/\/dev.borgarbyggd.is\/grunnborg\/stefnur-og-aaetlanir\/umhverfismennt\/#breadcrumb","itemListElement":[{"@type":"ListItem","position":1,"name":"Home","item":"https:\/\/dev.borgarbyggd.is\/grunnborg\/"},{"@type":"ListItem","position":2,"name":"Stefnur og \u00e1\u00e6tlanir","item":"https:\/\/dev.borgarbyggd.is\/grunnborg\/stefnur-og-aaetlanir\/"},{"@type":"ListItem","position":3,"name":"Umhverfismennt"}]},{"@type":"WebSite","@id":"https:\/\/dev.borgarbyggd.is\/grunnborg\/#website","url":"https:\/\/dev.borgarbyggd.is\/grunnborg\/","name":"Grunnsk\u00f3linn \u00ed Borgarnesi","description":"","potentialAction":[{"@type":"SearchAction","target":{"@type":"EntryPoint","urlTemplate":"https:\/\/dev.borgarbyggd.is\/grunnborg\/?s={search_term_string}"},"query-input":{"@type":"PropertyValueSpecification","valueRequired":true,"valueName":"search_term_string"}}],"inLanguage":"en-US"}]}},"_links":{"self":[{"href":"https:\/\/dev.borgarbyggd.is\/grunnborg\/wp-json\/wp\/v2\/pages\/460","targetHints":{"allow":["GET"]}}],"collection":[{"href":"https:\/\/dev.borgarbyggd.is\/grunnborg\/wp-json\/wp\/v2\/pages"}],"about":[{"href":"https:\/\/dev.borgarbyggd.is\/grunnborg\/wp-json\/wp\/v2\/types\/page"}],"author":[{"embeddable":true,"href":"https:\/\/dev.borgarbyggd.is\/grunnborg\/wp-json\/wp\/v2\/users\/4"}],"replies":[{"embeddable":true,"href":"https:\/\/dev.borgarbyggd.is\/grunnborg\/wp-json\/wp\/v2\/comments?post=460"}],"version-history":[{"count":0,"href":"https:\/\/dev.borgarbyggd.is\/grunnborg\/wp-json\/wp\/v2\/pages\/460\/revisions"}],"up":[{"embeddable":true,"href":"https:\/\/dev.borgarbyggd.is\/grunnborg\/wp-json\/wp\/v2\/pages\/52"}],"wp:attachment":[{"href":"https:\/\/dev.borgarbyggd.is\/grunnborg\/wp-json\/wp\/v2\/media?parent=460"}],"curies":[{"name":"wp","href":"https:\/\/api.w.org\/{rel}","templated":true}]}}