{"id":37,"date":"2023-08-01T14:57:17","date_gmt":"2023-08-01T14:57:17","guid":{"rendered":"https:\/\/dev.borgarbyggd.is\/grunnborg\/?page_id=37"},"modified":"2024-04-10T11:04:06","modified_gmt":"2024-04-10T11:04:06","slug":"skolinn","status":"publish","type":"page","link":"https:\/\/dev.borgarbyggd.is\/grunnborg\/skolinn\/","title":{"rendered":"Sk\u00f3linn"},"content":{"rendered":"<h4>\u00de\u00e1tttaka og \u00e1n\u00e6gja hagsmunaa\u00f0ila<\/h4>\n<ul>\n<li>N\u00e1m og kennsla vi\u00f0 h\u00e6fi, m.a. byggt \u00e1 rauntengingu og \u00e1hugasvi\u00f0um nemandans.<\/li>\n<li>Jafnr\u00e9tti \u00ed sk\u00f3lastarfi<\/li>\n<li>Markvissar forvarnir<\/li>\n<li>Samf\u00e9lagsleg \u00fe\u00e1tttaka<\/li>\n<\/ul>\n<h4>Skilvirkir og \u00e1hrifar\u00edkir ferlar<\/h4>\n<ul>\n<li>N\u00e1m og kennsla vi\u00f0 h\u00e6fi hvers og eins<\/li>\n<li>Fj\u00f6lbreytt og sk\u00fdrt n\u00e1msmat<\/li>\n<\/ul>\n","protected":false},"excerpt":{"rendered":"<p>\u00de\u00e1tttaka og \u00e1n\u00e6gja hagsmunaa\u00f0ila N\u00e1m og kennsla vi\u00f0 h\u00e6fi, m.a. byggt \u00e1 rauntengingu og \u00e1hugasvi\u00f0um nemandans. Jafnr\u00e9tti \u00ed sk\u00f3lastarfi Markvissar forvarnir Samf\u00e9lagsleg \u00fe\u00e1tttaka Skilvirkir og \u00e1hrifar\u00edkir ferlar N\u00e1m og kennsla vi\u00f0 h\u00e6fi hvers og eins Fj\u00f6lbreytt og sk\u00fdrt n\u00e1msmat<\/p>\n","protected":false},"author":1,"featured_media":0,"parent":0,"menu_order":0,"comment_status":"closed","ping_status":"closed","template":"","meta":{"_acf_changed":false,"footnotes":""},"class_list":["post-37","page","type-page","status-publish","hentry","no-post-thumbnail"],"acf":{"quickaccess":false},"yoast_head":"<!-- This site is optimized with the Yoast SEO plugin v24.0 - https:\/\/yoast.com\/wordpress\/plugins\/seo\/ -->\n<title>Sk\u00f3linn - Grunnsk\u00f3linn \u00ed Borgarnesi<\/title>\n<meta name=\"robots\" content=\"index, follow, max-snippet:-1, max-image-preview:large, max-video-preview:-1\" \/>\n<link rel=\"canonical\" href=\"https:\/\/dev.borgarbyggd.is\/grunnborg\/skolinn\/\" \/>\n<meta property=\"og:locale\" content=\"en_US\" \/>\n<meta property=\"og:type\" content=\"article\" \/>\n<meta property=\"og:title\" content=\"Sk\u00f3linn - Grunnsk\u00f3linn \u00ed Borgarnesi\" \/>\n<meta property=\"og:description\" content=\"\u00de\u00e1tttaka og \u00e1n\u00e6gja hagsmunaa\u00f0ila N\u00e1m og kennsla vi\u00f0 h\u00e6fi, m.a. byggt \u00e1 rauntengingu og \u00e1hugasvi\u00f0um nemandans. Jafnr\u00e9tti \u00ed sk\u00f3lastarfi Markvissar forvarnir Samf\u00e9lagsleg \u00fe\u00e1tttaka Skilvirkir og \u00e1hrifar\u00edkir ferlar N\u00e1m og kennsla vi\u00f0 h\u00e6fi hvers og eins Fj\u00f6lbreytt og sk\u00fdrt n\u00e1msmat\" \/>\n<meta property=\"og:url\" content=\"https:\/\/dev.borgarbyggd.is\/grunnborg\/skolinn\/\" \/>\n<meta property=\"og:site_name\" content=\"Grunnsk\u00f3linn \u00ed Borgarnesi\" \/>\n<meta property=\"article:modified_time\" content=\"2024-04-10T11:04:06+00:00\" \/>\n<meta name=\"twitter:card\" content=\"summary_large_image\" \/>\n<meta name=\"twitter:label1\" content=\"Est. reading time\" \/>\n\t<meta name=\"twitter:data1\" content=\"1 minute\" \/>\n<script type=\"application\/ld+json\" class=\"yoast-schema-graph\">{\"@context\":\"https:\/\/schema.org\",\"@graph\":[{\"@type\":\"WebPage\",\"@id\":\"https:\/\/dev.borgarbyggd.is\/grunnborg\/skolinn\/\",\"url\":\"https:\/\/dev.borgarbyggd.is\/grunnborg\/skolinn\/\",\"name\":\"Sk\u00f3linn - Grunnsk\u00f3linn \u00ed Borgarnesi\",\"isPartOf\":{\"@id\":\"https:\/\/dev.borgarbyggd.is\/grunnborg\/#website\"},\"datePublished\":\"2023-08-01T14:57:17+00:00\",\"dateModified\":\"2024-04-10T11:04:06+00:00\",\"breadcrumb\":{\"@id\":\"https:\/\/dev.borgarbyggd.is\/grunnborg\/skolinn\/#breadcrumb\"},\"inLanguage\":\"en-US\",\"potentialAction\":[{\"@type\":\"ReadAction\",\"target\":[\"https:\/\/dev.borgarbyggd.is\/grunnborg\/skolinn\/\"]}]},{\"@type\":\"BreadcrumbList\",\"@id\":\"https:\/\/dev.borgarbyggd.is\/grunnborg\/skolinn\/#breadcrumb\",\"itemListElement\":[{\"@type\":\"ListItem\",\"position\":1,\"name\":\"Home\",\"item\":\"https:\/\/dev.borgarbyggd.is\/grunnborg\/\"},{\"@type\":\"ListItem\",\"position\":2,\"name\":\"Sk\u00f3linn\"}]},{\"@type\":\"WebSite\",\"@id\":\"https:\/\/dev.borgarbyggd.is\/grunnborg\/#website\",\"url\":\"https:\/\/dev.borgarbyggd.is\/grunnborg\/\",\"name\":\"Grunnsk\u00f3linn \u00ed Borgarnesi\",\"description\":\"\",\"potentialAction\":[{\"@type\":\"SearchAction\",\"target\":{\"@type\":\"EntryPoint\",\"urlTemplate\":\"https:\/\/dev.borgarbyggd.is\/grunnborg\/?s={search_term_string}\"},\"query-input\":{\"@type\":\"PropertyValueSpecification\",\"valueRequired\":true,\"valueName\":\"search_term_string\"}}],\"inLanguage\":\"en-US\"}]}<\/script>\n<!-- \/ Yoast SEO plugin. -->","yoast_head_json":{"title":"Sk\u00f3linn - Grunnsk\u00f3linn \u00ed Borgarnesi","robots":{"index":"index","follow":"follow","max-snippet":"max-snippet:-1","max-image-preview":"max-image-preview:large","max-video-preview":"max-video-preview:-1"},"canonical":"https:\/\/dev.borgarbyggd.is\/grunnborg\/skolinn\/","og_locale":"en_US","og_type":"article","og_title":"Sk\u00f3linn - Grunnsk\u00f3linn \u00ed Borgarnesi","og_description":"\u00de\u00e1tttaka og \u00e1n\u00e6gja hagsmunaa\u00f0ila N\u00e1m og kennsla vi\u00f0 h\u00e6fi, m.a. byggt \u00e1 rauntengingu og \u00e1hugasvi\u00f0um nemandans. Jafnr\u00e9tti \u00ed sk\u00f3lastarfi Markvissar forvarnir Samf\u00e9lagsleg \u00fe\u00e1tttaka Skilvirkir og \u00e1hrifar\u00edkir ferlar N\u00e1m og kennsla vi\u00f0 h\u00e6fi hvers og eins Fj\u00f6lbreytt og sk\u00fdrt n\u00e1msmat","og_url":"https:\/\/dev.borgarbyggd.is\/grunnborg\/skolinn\/","og_site_name":"Grunnsk\u00f3linn \u00ed Borgarnesi","article_modified_time":"2024-04-10T11:04:06+00:00","twitter_card":"summary_large_image","twitter_misc":{"Est. reading time":"1 minute"},"schema":{"@context":"https:\/\/schema.org","@graph":[{"@type":"WebPage","@id":"https:\/\/dev.borgarbyggd.is\/grunnborg\/skolinn\/","url":"https:\/\/dev.borgarbyggd.is\/grunnborg\/skolinn\/","name":"Sk\u00f3linn - Grunnsk\u00f3linn \u00ed Borgarnesi","isPartOf":{"@id":"https:\/\/dev.borgarbyggd.is\/grunnborg\/#website"},"datePublished":"2023-08-01T14:57:17+00:00","dateModified":"2024-04-10T11:04:06+00:00","breadcrumb":{"@id":"https:\/\/dev.borgarbyggd.is\/grunnborg\/skolinn\/#breadcrumb"},"inLanguage":"en-US","potentialAction":[{"@type":"ReadAction","target":["https:\/\/dev.borgarbyggd.is\/grunnborg\/skolinn\/"]}]},{"@type":"BreadcrumbList","@id":"https:\/\/dev.borgarbyggd.is\/grunnborg\/skolinn\/#breadcrumb","itemListElement":[{"@type":"ListItem","position":1,"name":"Home","item":"https:\/\/dev.borgarbyggd.is\/grunnborg\/"},{"@type":"ListItem","position":2,"name":"Sk\u00f3linn"}]},{"@type":"WebSite","@id":"https:\/\/dev.borgarbyggd.is\/grunnborg\/#website","url":"https:\/\/dev.borgarbyggd.is\/grunnborg\/","name":"Grunnsk\u00f3linn \u00ed Borgarnesi","description":"","potentialAction":[{"@type":"SearchAction","target":{"@type":"EntryPoint","urlTemplate":"https:\/\/dev.borgarbyggd.is\/grunnborg\/?s={search_term_string}"},"query-input":{"@type":"PropertyValueSpecification","valueRequired":true,"valueName":"search_term_string"}}],"inLanguage":"en-US"}]}},"_links":{"self":[{"href":"https:\/\/dev.borgarbyggd.is\/grunnborg\/wp-json\/wp\/v2\/pages\/37","targetHints":{"allow":["GET"]}}],"collection":[{"href":"https:\/\/dev.borgarbyggd.is\/grunnborg\/wp-json\/wp\/v2\/pages"}],"about":[{"href":"https:\/\/dev.borgarbyggd.is\/grunnborg\/wp-json\/wp\/v2\/types\/page"}],"author":[{"embeddable":true,"href":"https:\/\/dev.borgarbyggd.is\/grunnborg\/wp-json\/wp\/v2\/users\/1"}],"replies":[{"embeddable":true,"href":"https:\/\/dev.borgarbyggd.is\/grunnborg\/wp-json\/wp\/v2\/comments?post=37"}],"version-history":[{"count":0,"href":"https:\/\/dev.borgarbyggd.is\/grunnborg\/wp-json\/wp\/v2\/pages\/37\/revisions"}],"wp:attachment":[{"href":"https:\/\/dev.borgarbyggd.is\/grunnborg\/wp-json\/wp\/v2\/media?parent=37"}],"curies":[{"name":"wp","href":"https:\/\/api.w.org\/{rel}","templated":true}]}}