{"id":355,"date":"2023-10-05T10:03:04","date_gmt":"2023-10-05T10:03:04","guid":{"rendered":"https:\/\/dev.borgarbyggd.is\/grunnborg\/?page_id=355"},"modified":"2025-02-03T12:25:07","modified_gmt":"2025-02-03T12:25:07","slug":"skolareglur","status":"publish","type":"page","link":"https:\/\/dev.borgarbyggd.is\/grunnborg\/skolinn\/skolareglur\/","title":{"rendered":"Sk\u00f3lareglur"},"content":{"rendered":"<p>Sk\u00f3lareglur gilda \u00e1 sk\u00f3lat\u00edma og \u00ed \u00f6llu starfi \u00e1 vegum sk\u00f3lans, \u00fear me\u00f0 tali\u00f0 \u00ed sk\u00f3lafer\u00f0al\u00f6gum, \u00ed sk\u00f3lab\u00edlum, \u00ed t\u00f3mstundask\u00f3la, \u00ed m\u00f6tuneyti, \u00e1 bekkjarkv\u00f6ldum, \u00e1 disk\u00f3tekum og \u00ed \u00cd\u00fer\u00f3ttami\u00f0st\u00f6\u00f0inni \u00e1 sk\u00f3lat\u00edma. Sk\u00f3lareglurnar eru til endursko\u00f0unar \u00e1 \u00feessu sk\u00f3la\u00e1ri.<\/p>\n<h2><a name=\"_Toc182393515\"><\/a>Samskipti<\/h2>\n<p>Starfsf\u00f3lk sk\u00f3lans l\u00e6tur sig var\u00f0a samskipti nemenda og leggur sig fram um a\u00f0 l\u00ed\u00f0an \u00feeirra innan og utan sk\u00f3lans s\u00e9 sem best. Brug\u00f0ist ver\u00f0ur vi\u00f0 vandam\u00e1lum eins og f\u00e9lagslegri einangrun og einelti (sbr. eineltis\u00e1\u00e6tlun sk\u00f3lans) eins flj\u00f3tt og vel og kostur er. Mestu skiptir a\u00f0 \u00ed sk\u00f3lanum m\u00e6ti nemendur hl\u00fdju vi\u00f0m\u00f3ti \u00e1samt festu og \u00f6ryggi.<\/p>\n<ul>\n<li>Allt starfsf\u00f3lk l\u00e6tur sig var\u00f0a velfer\u00f0 nemenda og er \u00feeim g\u00f3\u00f0 fyrirmynd.<\/li>\n<li>Starfsf\u00f3lk og nemendur vir\u00f0a sk\u00f3lareglur og r\u00edkja skal gagnkv\u00e6m vir\u00f0ing \u00ed samskiptum.<\/li>\n<li>Samskipti \u00ed sk\u00f3lanum grundvallast af kurteisi, gagnkv\u00e6mri vir\u00f0ingu og tillitsemi.<\/li>\n<li>Vi\u00f0 g\u00e6tum \u00feess a\u00f0 vir\u00f0a r\u00e9tt annarra \u00ed n\u00e1mi, starfi og leik.<\/li>\n<\/ul>\n<h2><a name=\"_Toc182393516\"><\/a>\u00c1stundun<\/h2>\n<p>Sk\u00f3linn hvetur starfsf\u00f3lk og nemendur til a\u00f0 s\u00fdna j\u00e1kv\u00e6\u00f0ni og vinna \u00f6ll s\u00edn st\u00f6rf af al\u00fa\u00f0 (eins vel og \u00feeir geta). Sl\u00edk vinnubr\u00f6g\u00f0 lei\u00f0a af s\u00e9r \u00e1n\u00e6gju, g\u00f3\u00f0an starfsanda og g\u00f3\u00f0an \u00e1rangur. Verum stundv\u00eds. Leyfi og veikindi \u00e1 a\u00f0 tilkynna eins flj\u00f3tt og unnt er til ritara. Leyfi \u00ed einn til tvo daga skal s\u00e6kja um til umsj\u00f3narkennara en lengri leyfi skal s\u00e6kja um skriflega til sk\u00f3lastj\u00f3rnenda. H\u00e6gt er a\u00f0 n\u00e1lgast \u00fear til gert ey\u00f0ubla\u00f0 inni \u00e1 heimas\u00ed\u00f0u sk\u00f3lans.<\/p>\n<ul>\n<li>M\u00e6tum vel undirb\u00fain hvern dag, skilum heimavinnu og verum me\u00f0 \u00feau g\u00f6gn sem nota \u00e1 hverju sinni.<\/li>\n<li>M\u00e6tingarreglur \u00ed eldri deild eru birtar \u00e1 heimas\u00ed\u00f0u sk\u00f3lans.<\/li>\n<\/ul>\n<h2><a name=\"_Toc182393517\"><\/a>Umgengni<\/h2>\n<p>Allir eru hvattir til a\u00f0 ganga vel um sk\u00f3lann sinn, eigur hans, nemenda og starfsf\u00f3lks. Snyrtilegt og fallegt vinnuumhverfi eykur vell\u00ed\u00f0an allra.<\/p>\n<ul>\n<li>Nemendum er ekki heimilt a\u00f0 yfirgefa sk\u00f3lal\u00f3\u00f0ina \u00e1 sk\u00f3lat\u00edma nema me\u00f0 leyfi umsj\u00f3narkennara.<\/li>\n<li>Vi\u00f0 notum ekki l\u00ednuskauta, rei\u00f0hj\u00f3l, hlaupahj\u00f3l e\u00f0a hj\u00f3labretti \u00e1 sk\u00f3lal\u00f3\u00f0 \u00e1 sk\u00f3lat\u00edma nema a\u00f0 gefnu leyfi.<\/li>\n<li>Notkun fars\u00edma, leikjat\u00f6lva e\u00f0a annars sem veldur truflun \u00ed kennslustundum er ekki leyf\u00f0. Kennari getur leyft notkun t\u00e6kja til a\u00f0 hlusta \u00e1 t\u00f3nlist, enda noti nemendur \u00fe\u00e1 vi\u00f0eigandi heyrnart\u00f3l.<\/li>\n<li>Vi\u00f0 erum \u00e1byrg fyrir \u00fev\u00ed tj\u00f3ni sem vi\u00f0 kunnum a\u00f0 valda \u00f6\u00f0rum, hvort sem um er a\u00f0 r\u00e6\u00f0a l\u00edkamstj\u00f3n e\u00f0a tj\u00f3n \u00e1 b\u00fana\u00f0i.<\/li>\n<\/ul>\n<h2><a name=\"_Toc182393518\"><\/a>Heilbrig\u00f0ar og hollar l\u00edfsvenjur<\/h2>\n<p>Sk\u00f3linn hvetur nemendur og starfsf\u00f3lk sitt til a\u00f0 \u00e1stunda heilbrig\u00f0ar og hollar l\u00edfsvenjur. Ein af forsendum \u00feess a\u00f0 okkur l\u00ed\u00f0i vel og vi\u00f0 getum stunda\u00f0 st\u00f6rf okkar af \u00fdtrustu kostg\u00e6fni er a\u00f0 vi\u00f0 s\u00e9um \u00ed g\u00f3\u00f0u l\u00edkamlegu \u00e1standi, s\u00e9um \u00fatsofin og bor\u00f0um hollan mat.<\/p>\n<ul>\n<li>\u00c1vaxtastund er \u00ed bo\u00f0i \u00ed nestist\u00edma a\u00f0 morgni.<\/li>\n<li>Taki nemendur me\u00f0 s\u00e9r nesti, skal \u00fea\u00f0 vera hollt og n\u00e6ringarr\u00edkt. Neysla s\u00e6lg\u00e6tis og gosdrykkja er einungis leyf\u00f0 til h\u00e1t\u00ed\u00f0abrig\u00f0a.<\/li>\n<li>Notkun t\u00f3baks og annarra v\u00edmuefna er stranglega b\u00f6nnu\u00f0.<\/li>\n<\/ul>\n<h2><strong>Reglur um sk\u00f3las\u00f3kn<\/strong><\/h2>\n<p>\u00c1stundun er nota\u00f0 sem samheiti yfir allar fjarvistir \u00ed sk\u00f3lastarfi, sem er skipt \u00ed tv\u00e6r tegundir.<br \/>\n\u00dea\u00f0 eru annars vegar reglur um fjarvistir, seinkomur og brottvikningar \u00far kennslustundum og<br \/>\nhins vegar um leyfi og veikindi.<\/p>\n<p>M\u00e6tingar \u00ed sk\u00f3la eru skr\u00e1\u00f0ar \u00ed Mentor. Foreldrar hafa a\u00f0gang a\u00f0 skr\u00e1ningum barna sinna og<br \/>\nber a\u00f0 fylgjast me\u00f0 stundv\u00edsi \u00feeirra. Kennari sendir yfirlit heim einu sinni \u00ed m\u00e1nu\u00f0i. Hver<br \/>\nnemandi \u00ed 1. \u2013 10. bekk byrjar me\u00f0 sk\u00f3las\u00f3knareinkunnina 10 \u00ed upphafi sk\u00f3la\u00e1rs. \u00d3heimilar<br \/>\nfjarvistir og seinkomur koma til fr\u00e1dr\u00e1ttar upphaflegri einkunn, samkv\u00e6mt eftirfarandi<br \/>\nreglum:<\/p>\n<ul>\n<li>Of seint (S) er skr\u00e1\u00f0 ef nemandi m\u00e6tir eftir a\u00f0 kennsla er hafin. \u00de\u00e1 l\u00e6kkar<br \/>\nm\u00e6tingareinkunn um 0,25.<\/li>\n<li>\u00d3heimil fjarvist er skr\u00e1\u00f0 ef nemandi er fjarverandi \u00e1n leyfis 1\/3 \u00far kennslustund. \u00de\u00e1<br \/>\nl\u00e6kkar m\u00e6tingareinkunn um 0,5.<\/li>\n<li>Ef nemanda er v\u00edsa\u00f0 \u00far kennslustund l\u00e6kkar m\u00e6tingareinkunn um 0,5.<\/li>\n<\/ul>\n<h5>Vi\u00f0br\u00f6g\u00f0 vi\u00f0 \u00f3fulln\u00e6gjandi sk\u00f3las\u00f3kn.<\/h5>\n<ul>\n<li>\u00derep 1 &#8211; einkunn 8,5. Umsj\u00f3narkennari r\u00e6\u00f0ir vi\u00f0 nemanda og hefur samband vi\u00f0<br \/>\nforeldra\/forsj\u00e1ra\u00f0ila. \u00c1st\u00e6\u00f0ur fjarvista r\u00e6ddar og m\u00f6gulegar \u00farb\u00e6tur.<\/li>\n<li>\u00derep 2 &#8211; einkunn 7,0. Umsj\u00f3narkennari bo\u00f0ar foreldra og nemanda \u00e1 fund. Vandi<br \/>\ngreindur og leita\u00f0 lausna. Deildarstj\u00f3rar\/sk\u00f3lastj\u00f3rnendur skulu uppl\u00fdstir um st\u00f6\u00f0una.<\/li>\n<li>\u00derep 3 &#8211; einkunn 5,5. Umsj\u00f3narkennari bo\u00f0ar foreldra\/forsj\u00e1ra\u00f0ila til fundar \u00e1samt<br \/>\nsk\u00f3lastj\u00f3rnanda\/fulltr\u00faa hans. Ger\u00f0ar frekari greiningar og till\u00f6gur um n\u00e6stu skref.<br \/>\nLausnateymi sk\u00f3lans fengi\u00f0 a\u00f0 m\u00e1linu.<\/li>\n<li>\u00derep 4 &#8211; einkunn 4,0. M\u00e1l teki\u00f0 aftur upp \u00ed lausnarteymi meti\u00f0 hvort \u00e1st\u00e6\u00f0a s\u00e9 a\u00f0 v\u00edsa<br \/>\nm\u00e1linu \u00e1fram til nemendaverndar.<\/li>\n<li>\u00derep 5 &#8211; einkunn 2,0. M\u00e1li v\u00edsa\u00f0 til nemendaverndar og \u00e1fram til fj\u00f6lskyldusvi\u00f0s e\u00f0a<br \/>\nbarnaverndar ef \u00fe\u00f6rf er \u00e1. Eftirfylgni er \u00fe\u00e1 samkv\u00e6mt Sk\u00f3las\u00f3knarreglum<br \/>\nBorgarbygg\u00f0ar \u00e1 h\u00e6ttustigi.<\/li>\n<\/ul>\n<p>Umsj\u00f3narkennari fylgist me\u00f0 m\u00e6tingareinkunn nemanda, er \u00e1byrg\u00f0ara\u00f0ili og fylgir m\u00e1linu<br \/>\neftir \u00e1 \u00f6llum \u00ferepum. \u00d6ll vi\u00f0t\u00f6l skulu skr\u00e1\u00f0, hverjir eru m\u00e6ttir, hven\u00e6r og helstu m\u00e1lsatvik<br \/>\nog g\u00f6gnum komi fyrir \u00ed nemendam\u00f6ppu.<\/p>\n<h5>Ni\u00f0urfelling fjarvistarstiga \u2012 \u00darb\u00f3talei\u00f0ir<\/h5>\n<p>Nemandi getur s\u00f3tt um h\u00e6kkun \u00e1 sk\u00f3las\u00f3knareinkunn til umsj\u00f3narkennara\/deildarstj\u00f3ra me\u00f0<br \/>\n\u00fear til ger\u00f0um samningi. Ef m\u00e6ting er \u00f3a\u00f0finnanleg \u00ed tv\u00e6r vikur getur nemandi unni\u00f0 s\u00e9r inn<br \/>\nh\u00e6kkun um 1 \u00ed einkunn. H\u00e6gt er a\u00f0 endurn\u00fdja samninginn a\u00f0 tveimur vikum li\u00f0num og<br \/>\nkemst nemandi h\u00e6st \u00ed 9,0 yfir sk\u00f3la\u00e1ri\u00f0 me\u00f0 \u00feessu m\u00f3ti.<br \/>\nReglur sam\u00fe. 3.jan\u00faar 2023 .<\/p>\n<p><strong><a href=\"https:\/\/dev.borgarbyggd.is\/grunnborg\/wp-content\/uploads\/sites\/2\/2024\/01\/Skolasoknarreglur.pdf\">H\u00e9r<\/a> m\u00e1 finn sk\u00f3las\u00f3knarreglur Borgarbygg\u00f0ar<\/strong><\/p>\n<h2><a name=\"_Toc182393520\"><\/a>Um sk\u00f3lafer\u00f0al\u00f6g<\/h2>\n<p>Vel skipul\u00f6g\u00f0 sk\u00f3lafer\u00f0al\u00f6g og vettvangsfer\u00f0ir eru j\u00e1kv\u00e6\u00f0ur og nau\u00f0synlegur \u00fe\u00e1ttur \u00ed sk\u00f3lastarfinu.\u00cd \u00f6llum sk\u00f3lafer\u00f0al\u00f6gum og vettvangsfer\u00f0um gilda sk\u00f3lareglur og eiga nemendur a\u00f0 hl\u00edta \u00feeim. Nemandi sem ekki fer \u00ed vettvangsfer\u00f0 e\u00f0a sk\u00f3lafer\u00f0alag skal m\u00e6ta \u00ed sk\u00f3lann til annars sk\u00f3lastarfs. Heimilt er a\u00f0 v\u00edsa nemanda \u00far sk\u00f3lafer\u00f0alagi ef hann ver\u00f0ur uppv\u00eds a\u00f0 \u00fev\u00ed a\u00f0 brj\u00f3ta reglur sk\u00f3lans. Vi\u00f0 sl\u00edkar a\u00f0st\u00e6\u00f0ur skal senda hann heim \u00e1 kostna\u00f0 foreldra.<\/p>\n<p>Verum sj\u00e1lfum okkur til s\u00f3ma \u00ed \u00f6llum fer\u00f0al\u00f6gum.<\/p>\n<div id=\"x-section-2\" class=\"x-section\">\n<div id=\"\" class=\"x-container max width\">\n<div class=\"x-column x-sm x-1-1\">\n<div id=\"\" class=\"x-text cs-ta-right\">\n<p>Uppf\u00e6rt 11\/2024<\/p>\n<\/div>\n<\/div>\n<\/div>\n<\/div>\n","protected":false},"excerpt":{"rendered":"<p>Sk\u00f3lareglur gilda \u00e1 sk\u00f3lat\u00edma og \u00ed \u00f6llu starfi \u00e1 vegum sk\u00f3lans, \u00fear me\u00f0 tali\u00f0 \u00ed sk\u00f3lafer\u00f0al\u00f6gum, \u00ed sk\u00f3lab\u00edlum, \u00ed t\u00f3mstundask\u00f3la, \u00ed m\u00f6tuneyti, \u00e1 bekkjarkv\u00f6ldum, \u00e1 disk\u00f3tekum og \u00ed \u00cd\u00fer\u00f3ttami\u00f0st\u00f6\u00f0inni \u00e1 sk\u00f3lat\u00edma. Sk\u00f3lareglurnar eru til endursko\u00f0unar \u00e1 \u00feessu sk\u00f3la\u00e1ri. Samskipti Starfsf\u00f3lk sk\u00f3lans l\u00e6tur sig var\u00f0a samskipti nemenda og leggur sig fram um a\u00f0 l\u00ed\u00f0an \u00feeirra innan og utan sk\u00f3lans s\u00e9 sem &#8230; <\/p>\n<div><a href=\"https:\/\/dev.borgarbyggd.is\/grunnborg\/skolinn\/skolareglur\/\" class=\"more-link\">Read More<\/a><\/div>\n","protected":false},"author":4,"featured_media":0,"parent":37,"menu_order":0,"comment_status":"closed","ping_status":"closed","template":"","meta":{"_acf_changed":false,"footnotes":""},"class_list":["post-355","page","type-page","status-publish","hentry","no-post-thumbnail"],"acf":{"quickaccess":false},"yoast_head":"<!-- This site is optimized with the Yoast SEO plugin v24.0 - https:\/\/yoast.com\/wordpress\/plugins\/seo\/ -->\n<title>Sk\u00f3lareglur - Grunnsk\u00f3linn \u00ed Borgarnesi<\/title>\n<meta name=\"robots\" content=\"index, follow, max-snippet:-1, max-image-preview:large, max-video-preview:-1\" \/>\n<link rel=\"canonical\" href=\"https:\/\/dev.borgarbyggd.is\/grunnborg\/skolinn\/skolareglur\/\" \/>\n<meta property=\"og:locale\" content=\"en_US\" \/>\n<meta property=\"og:type\" content=\"article\" \/>\n<meta property=\"og:title\" content=\"Sk\u00f3lareglur - Grunnsk\u00f3linn \u00ed Borgarnesi\" \/>\n<meta property=\"og:description\" content=\"Sk\u00f3lareglur gilda \u00e1 sk\u00f3lat\u00edma og \u00ed \u00f6llu starfi \u00e1 vegum sk\u00f3lans, \u00fear me\u00f0 tali\u00f0 \u00ed sk\u00f3lafer\u00f0al\u00f6gum, \u00ed sk\u00f3lab\u00edlum, \u00ed t\u00f3mstundask\u00f3la, \u00ed m\u00f6tuneyti, \u00e1 bekkjarkv\u00f6ldum, \u00e1 disk\u00f3tekum og \u00ed \u00cd\u00fer\u00f3ttami\u00f0st\u00f6\u00f0inni \u00e1 sk\u00f3lat\u00edma. Sk\u00f3lareglurnar eru til endursko\u00f0unar \u00e1 \u00feessu sk\u00f3la\u00e1ri. Samskipti Starfsf\u00f3lk sk\u00f3lans l\u00e6tur sig var\u00f0a samskipti nemenda og leggur sig fram um a\u00f0 l\u00ed\u00f0an \u00feeirra innan og utan sk\u00f3lans s\u00e9 sem ... Read More\" \/>\n<meta property=\"og:url\" content=\"https:\/\/dev.borgarbyggd.is\/grunnborg\/skolinn\/skolareglur\/\" \/>\n<meta property=\"og:site_name\" content=\"Grunnsk\u00f3linn \u00ed Borgarnesi\" \/>\n<meta property=\"article:modified_time\" content=\"2025-02-03T12:25:07+00:00\" \/>\n<meta name=\"twitter:card\" content=\"summary_large_image\" \/>\n<meta name=\"twitter:label1\" content=\"Est. reading time\" \/>\n\t<meta name=\"twitter:data1\" content=\"4 minutes\" \/>\n<script type=\"application\/ld+json\" class=\"yoast-schema-graph\">{\"@context\":\"https:\/\/schema.org\",\"@graph\":[{\"@type\":\"WebPage\",\"@id\":\"https:\/\/dev.borgarbyggd.is\/grunnborg\/skolinn\/skolareglur\/\",\"url\":\"https:\/\/dev.borgarbyggd.is\/grunnborg\/skolinn\/skolareglur\/\",\"name\":\"Sk\u00f3lareglur - Grunnsk\u00f3linn \u00ed Borgarnesi\",\"isPartOf\":{\"@id\":\"https:\/\/dev.borgarbyggd.is\/grunnborg\/#website\"},\"datePublished\":\"2023-10-05T10:03:04+00:00\",\"dateModified\":\"2025-02-03T12:25:07+00:00\",\"breadcrumb\":{\"@id\":\"https:\/\/dev.borgarbyggd.is\/grunnborg\/skolinn\/skolareglur\/#breadcrumb\"},\"inLanguage\":\"en-US\",\"potentialAction\":[{\"@type\":\"ReadAction\",\"target\":[\"https:\/\/dev.borgarbyggd.is\/grunnborg\/skolinn\/skolareglur\/\"]}]},{\"@type\":\"BreadcrumbList\",\"@id\":\"https:\/\/dev.borgarbyggd.is\/grunnborg\/skolinn\/skolareglur\/#breadcrumb\",\"itemListElement\":[{\"@type\":\"ListItem\",\"position\":1,\"name\":\"Home\",\"item\":\"https:\/\/dev.borgarbyggd.is\/grunnborg\/\"},{\"@type\":\"ListItem\",\"position\":2,\"name\":\"Sk\u00f3linn\",\"item\":\"https:\/\/dev.borgarbyggd.is\/grunnborg\/skolinn\/\"},{\"@type\":\"ListItem\",\"position\":3,\"name\":\"Sk\u00f3lareglur\"}]},{\"@type\":\"WebSite\",\"@id\":\"https:\/\/dev.borgarbyggd.is\/grunnborg\/#website\",\"url\":\"https:\/\/dev.borgarbyggd.is\/grunnborg\/\",\"name\":\"Grunnsk\u00f3linn \u00ed Borgarnesi\",\"description\":\"\",\"potentialAction\":[{\"@type\":\"SearchAction\",\"target\":{\"@type\":\"EntryPoint\",\"urlTemplate\":\"https:\/\/dev.borgarbyggd.is\/grunnborg\/?s={search_term_string}\"},\"query-input\":{\"@type\":\"PropertyValueSpecification\",\"valueRequired\":true,\"valueName\":\"search_term_string\"}}],\"inLanguage\":\"en-US\"}]}<\/script>\n<!-- \/ Yoast SEO plugin. -->","yoast_head_json":{"title":"Sk\u00f3lareglur - Grunnsk\u00f3linn \u00ed Borgarnesi","robots":{"index":"index","follow":"follow","max-snippet":"max-snippet:-1","max-image-preview":"max-image-preview:large","max-video-preview":"max-video-preview:-1"},"canonical":"https:\/\/dev.borgarbyggd.is\/grunnborg\/skolinn\/skolareglur\/","og_locale":"en_US","og_type":"article","og_title":"Sk\u00f3lareglur - Grunnsk\u00f3linn \u00ed Borgarnesi","og_description":"Sk\u00f3lareglur gilda \u00e1 sk\u00f3lat\u00edma og \u00ed \u00f6llu starfi \u00e1 vegum sk\u00f3lans, \u00fear me\u00f0 tali\u00f0 \u00ed sk\u00f3lafer\u00f0al\u00f6gum, \u00ed sk\u00f3lab\u00edlum, \u00ed t\u00f3mstundask\u00f3la, \u00ed m\u00f6tuneyti, \u00e1 bekkjarkv\u00f6ldum, \u00e1 disk\u00f3tekum og \u00ed \u00cd\u00fer\u00f3ttami\u00f0st\u00f6\u00f0inni \u00e1 sk\u00f3lat\u00edma. Sk\u00f3lareglurnar eru til endursko\u00f0unar \u00e1 \u00feessu sk\u00f3la\u00e1ri. Samskipti Starfsf\u00f3lk sk\u00f3lans l\u00e6tur sig var\u00f0a samskipti nemenda og leggur sig fram um a\u00f0 l\u00ed\u00f0an \u00feeirra innan og utan sk\u00f3lans s\u00e9 sem ... Read More","og_url":"https:\/\/dev.borgarbyggd.is\/grunnborg\/skolinn\/skolareglur\/","og_site_name":"Grunnsk\u00f3linn \u00ed Borgarnesi","article_modified_time":"2025-02-03T12:25:07+00:00","twitter_card":"summary_large_image","twitter_misc":{"Est. reading time":"4 minutes"},"schema":{"@context":"https:\/\/schema.org","@graph":[{"@type":"WebPage","@id":"https:\/\/dev.borgarbyggd.is\/grunnborg\/skolinn\/skolareglur\/","url":"https:\/\/dev.borgarbyggd.is\/grunnborg\/skolinn\/skolareglur\/","name":"Sk\u00f3lareglur - Grunnsk\u00f3linn \u00ed Borgarnesi","isPartOf":{"@id":"https:\/\/dev.borgarbyggd.is\/grunnborg\/#website"},"datePublished":"2023-10-05T10:03:04+00:00","dateModified":"2025-02-03T12:25:07+00:00","breadcrumb":{"@id":"https:\/\/dev.borgarbyggd.is\/grunnborg\/skolinn\/skolareglur\/#breadcrumb"},"inLanguage":"en-US","potentialAction":[{"@type":"ReadAction","target":["https:\/\/dev.borgarbyggd.is\/grunnborg\/skolinn\/skolareglur\/"]}]},{"@type":"BreadcrumbList","@id":"https:\/\/dev.borgarbyggd.is\/grunnborg\/skolinn\/skolareglur\/#breadcrumb","itemListElement":[{"@type":"ListItem","position":1,"name":"Home","item":"https:\/\/dev.borgarbyggd.is\/grunnborg\/"},{"@type":"ListItem","position":2,"name":"Sk\u00f3linn","item":"https:\/\/dev.borgarbyggd.is\/grunnborg\/skolinn\/"},{"@type":"ListItem","position":3,"name":"Sk\u00f3lareglur"}]},{"@type":"WebSite","@id":"https:\/\/dev.borgarbyggd.is\/grunnborg\/#website","url":"https:\/\/dev.borgarbyggd.is\/grunnborg\/","name":"Grunnsk\u00f3linn \u00ed Borgarnesi","description":"","potentialAction":[{"@type":"SearchAction","target":{"@type":"EntryPoint","urlTemplate":"https:\/\/dev.borgarbyggd.is\/grunnborg\/?s={search_term_string}"},"query-input":{"@type":"PropertyValueSpecification","valueRequired":true,"valueName":"search_term_string"}}],"inLanguage":"en-US"}]}},"_links":{"self":[{"href":"https:\/\/dev.borgarbyggd.is\/grunnborg\/wp-json\/wp\/v2\/pages\/355","targetHints":{"allow":["GET"]}}],"collection":[{"href":"https:\/\/dev.borgarbyggd.is\/grunnborg\/wp-json\/wp\/v2\/pages"}],"about":[{"href":"https:\/\/dev.borgarbyggd.is\/grunnborg\/wp-json\/wp\/v2\/types\/page"}],"author":[{"embeddable":true,"href":"https:\/\/dev.borgarbyggd.is\/grunnborg\/wp-json\/wp\/v2\/users\/4"}],"replies":[{"embeddable":true,"href":"https:\/\/dev.borgarbyggd.is\/grunnborg\/wp-json\/wp\/v2\/comments?post=355"}],"version-history":[{"count":0,"href":"https:\/\/dev.borgarbyggd.is\/grunnborg\/wp-json\/wp\/v2\/pages\/355\/revisions"}],"up":[{"embeddable":true,"href":"https:\/\/dev.borgarbyggd.is\/grunnborg\/wp-json\/wp\/v2\/pages\/37"}],"wp:attachment":[{"href":"https:\/\/dev.borgarbyggd.is\/grunnborg\/wp-json\/wp\/v2\/media?parent=355"}],"curies":[{"name":"wp","href":"https:\/\/api.w.org\/{rel}","templated":true}]}}