{"id":354,"date":"2023-10-05T10:02:48","date_gmt":"2023-10-05T10:02:48","guid":{"rendered":"https:\/\/dev.borgarbyggd.is\/grunnborg\/?page_id=354"},"modified":"2024-01-23T15:03:25","modified_gmt":"2024-01-23T15:03:25","slug":"samstarf-milli-skolastiga","status":"publish","type":"page","link":"https:\/\/dev.borgarbyggd.is\/grunnborg\/skolinn\/samstarf-milli-skolastiga\/","title":{"rendered":"Samstarf milli sk\u00f3lastiga"},"content":{"rendered":"<div><\/div>\n<section class=\"accordion\">\n<div class=\"accordiontitle\">Samstarf leiksk\u00f3la og grunnsk\u00f3la<\/div>\n<div class=\"accordionbody\">\n<div id=\"\" class=\"x-text\" style=\"min-width: 1px; transition-duration: 300ms; transition-timing-function: cubic-bezier(0.4, 0, 0.2, 1); transition-property: color, border-color, background-color, box-shadow, text-shadow, column-rule, opacity, filter, transform; color: #777777; font-family: 'Times New Roman'; font-size: 16px; box-sizing: border-box !important;\">\n<p style=\"box-sizing: border-box !important; margin: 0px 0px 1.313em;\">Tilgangurinn me\u00f0 samstarfi milli sk\u00f3lastiga er a\u00f0 skapa samfellu \u00ed n\u00e1mi barna, koma til m\u00f3ts vi\u00f0 \u00fearfir \u00feeirra og stu\u00f0la a\u00f0 markvissari uppbyggingu n\u00e1ms. Mikilv\u00e6gt er til a\u00f0 n\u00e1 \u00feessum markmi\u00f0um a\u00f0 treysta gagnkv\u00e6ma \u00feekkingu og skilning kennara \u00e1 \u00feessum tveimur sk\u00f3lastigum \u00e1 starfi og starfsa\u00f0st\u00e6\u00f0um hvers annars. Markmi\u00f0i\u00f0 er a\u00f0 stu\u00f0la a\u00f0 vell\u00ed\u00f0an og \u00f6ryggi barna og foreldra \u00feegar b\u00f6rnin flytjast \u00e1 milli sk\u00f3lastiga.<\/p>\n<\/div>\n<div id=\"\" class=\"x-text\" style=\"min-width: 1px; transition-duration: 300ms; transition-timing-function: cubic-bezier(0.4, 0, 0.2, 1); transition-property: color, border-color, background-color, box-shadow, text-shadow, column-rule, opacity, filter, transform; color: #777777; font-family: 'Times New Roman'; font-size: 16px; box-sizing: border-box !important;\">\n<p style=\"box-sizing: border-box !important; margin: 0px 0px 1.313em;\">Til \u00feess a\u00f0 n\u00e1 \u00feessu markmi\u00f0i er mikilv\u00e6gt a\u00f0 samr\u00e6mi s\u00e9 milli \u00feess sem b\u00f6rn vinna me\u00f0 e\u00f0a gera \u00ed leiksk\u00f3lanum og \u00feess sem unni\u00f0 er a\u00f0 \u00ed grunnsk\u00f3lanum; a\u00f0 kr\u00f6fur og v\u00e6ntingar \u00ed sambandi vi\u00f0 vinnubr\u00f6g\u00f0, n\u00e1m og samskipti s\u00e9u r\u00e6dd og m\u00f3tu\u00f0 og s\u00e9u \u00f6llum kunn. Ekki er stefnt a\u00f0 \u00fev\u00ed a\u00f0 allt eigi a\u00f0 vera eins \u00e1 sk\u00f3lastigunum heldur a\u00f0 mismunurinn s\u00e9 innan \u00feeirra marka a\u00f0 hann valdi ekki \u00f3\u00f6ryggi og kv\u00ed\u00f0a hj\u00e1 b\u00f6rnum og foreldrum \u00feeirra.<\/p>\n<\/div>\n<h2 class=\"h-custom-headline h5\" style=\"margin: 1.75em 0px 0.5em; text-rendering: optimizelegibility; font-size: 24px; line-height: 1.1; font-family: 'Times New Roman'; letter-spacing: -1px; color: #42647c; box-sizing: border-box !important;\"><span style=\"box-sizing: border-box !important;\">\u00cd A\u00f0aln\u00e1mskr\u00e1m gunn- og leiksk\u00f3la segir:<\/span><\/h2>\n<div id=\"\" class=\"x-text\" style=\"min-width: 1px; transition-duration: 300ms; transition-timing-function: cubic-bezier(0.4, 0, 0.2, 1); transition-property: color, border-color, background-color, box-shadow, text-shadow, column-rule, opacity, filter, transform; color: #777777; font-family: 'Times New Roman'; font-size: 16px; box-sizing: border-box !important;\">\n<p style=\"box-sizing: border-box !important; margin: 0px 0px 1.313em;\">Ef flutningur barna \u00far leiksk\u00f3la \u00ed grunnsk\u00f3la \u00e1 a\u00f0 vera fars\u00e6ll \u00fearf a\u00f0 undirb\u00faa hann vel fyrir og eftir lok leiksk\u00f3lan\u00e1ms. Leiksk\u00f3lab\u00f6rn eiga a\u00f0 f\u00e1 t\u00e6kif\u00e6ri til a\u00f0 kynnast umhverfi og starfi grunnsk\u00f3la me\u00f0an \u00feau eru enn \u00ed leiksk\u00f3la og vi\u00f0halda g\u00f3\u00f0um tengslum vi\u00f0 leiksk\u00f3lann eftir a\u00f0 grunnsk\u00f3lan\u00e1m hefst.<\/p>\n<\/div>\n<h2 class=\"h-custom-headline h5\" style=\"margin: 1.75em 0px 0.5em; text-rendering: optimizelegibility; font-size: 24px; line-height: 1.1; font-family: 'Times New Roman'; letter-spacing: -1px; color: #42647c; box-sizing: border-box !important;\"><span style=\"box-sizing: border-box !important;\">\u00c1 \u00f6\u00f0rum sta\u00f0 stendur:<\/span><\/h2>\n<div id=\"\" class=\"x-text\" style=\"min-width: 1px; transition-duration: 300ms; transition-timing-function: cubic-bezier(0.4, 0, 0.2, 1); transition-property: color, border-color, background-color, box-shadow, text-shadow, column-rule, opacity, filter, transform; color: #777777; font-family: 'Times New Roman'; font-size: 16px; box-sizing: border-box !important;\">\n<p style=\"box-sizing: border-box !important; margin: 0px 0px 1.313em;\">Tengsl leiksk\u00f3la og grunnsk\u00f3la er samstarfsverkefni barna, foreldra, kennara og annars starfsf\u00f3lks beggja sk\u00f3lastiga, \u00fear sem barni\u00f0, velfer\u00f0 \u00feess, \u00feroski og menntun eru \u00ed brennidepli. Kennarar \u00e1 b\u00e1\u00f0um sk\u00f3lastigum eiga a\u00f0 kynna s\u00e9r n\u00e1m og starfsa\u00f0fer\u00f0ir hver annars, leita lei\u00f0a til a\u00f0 m\u00f3ta samstarf og skapa samfellu \u00ed n\u00e1mi barna \u00ed \u00fev\u00ed augnami\u00f0i a\u00f0 auka sj\u00e1lfstraust barna og sty\u00f0ja vi\u00f0 n\u00e1m \u00feeirra.<\/p>\n<p style=\"box-sizing: border-box !important; margin: 0px 0px 1.313em;\">Samstarfs\u00e1\u00e6tlun Grunnsk\u00f3lans \u00ed Borgarnesi, Klettaborgar og Uglukletts byggir \u00e1 \u00feessum \u00e1herslum. Til a\u00f0 efla samfelluna m\u00e1 n\u00fdta enn frekar \u00fe\u00e1 hugmyndafr\u00e6\u00f0i sem liggur a\u00f0 baki einstaklingsmi\u00f0u\u00f0um starfsh\u00e1ttum. \u00cd samstarfs\u00e1\u00e6tluninni er gert r\u00e1\u00f0 fyrir nemenda- og kennaraheims\u00f3knum, stj\u00f3rnendafundum, kynningarfundum og n\u00e1mskei\u00f0um fyrir foreldra og n\u00e1mskei\u00f0um fyrir starfsf\u00f3lk sk\u00f3lanna. \u00c1\u00e6tlunin getur breyst \u00e1 milli \u00e1ra og er h\u00e6gt a\u00f0 n\u00e1lgast \u00e1 heimas\u00ed\u00f0um sk\u00f3lanna \u00feriggja og \u00ed starfs\u00e1\u00e6tlun grunnsk\u00f3lans.<\/p>\n<\/div>\n<\/div>\n<\/section>\n<div>\n<div><\/div>\n<section class=\"accordion\">\n<div class=\"accordiontitle\">Samstarf vi\u00f0 Menntask\u00f3la Borgarfjar\u00f0ar<\/div>\n<div class=\"accordionbody\">\n<p style=\"margin: 0px 0px 1.313em; color: #777777; font-family: 'Times New Roman'; font-size: 16px; box-sizing: border-box !important;\">Me\u00f0al meginatri\u00f0a n\u00fdrrar menntastefnu er auki\u00f0 svigr\u00fam, sveigjanleiki og samfella \u00e1 milli sk\u00f3lastiga og innan hvers sk\u00f3lastigs. Helstu markmi\u00f0 samstarfs og tengsla milli sk\u00f3lastiga eru a\u00f0 skapa samfellu \u00ed n\u00e1mi nemenda, koma til m\u00f3ts vi\u00f0 \u00fearfir \u00feeirra og stu\u00f0la a\u00f0 markvissari uppbyggingu n\u00e1msins.<\/p>\n<p style=\"margin: 0px 0px 1.313em; color: #777777; font-family: 'Times New Roman'; font-size: 16px; box-sizing: border-box !important;\">Sk\u00f3linn \u00e1 \u00ed g\u00f3\u00f0u samstarfi vi\u00f0 Menntask\u00f3la Borgarfjar\u00f0ar. \u00cd samstarfinu felst m.a. \u00e1byrg\u00f0 \u00e1 uppl\u00fdsingagj\u00f6f milli sk\u00f3lanna, til nemenda og foreldra um n\u00e1m \u00e1 framhaldssk\u00f3lastigi og hvernig samstarfinu er h\u00e1tta\u00f0. \u00c1 grunnsk\u00f3lag\u00f6ngu sinni f\u00e1 nemendur uppl\u00fdsingar um framhaldssk\u00f3lastigi\u00f0 \u00ed heild sinni og n\u00e1msframbo\u00f0 einstakra sk\u00f3la, einkum Menntask\u00f3la Borgarfjar\u00f0ar. Vi\u00f0 sk\u00f3lann er starfandi n\u00e1ms- og starfsr\u00e1\u00f0gjafi sem a\u00f0sto\u00f0ar nemendur vi\u00f0 a\u00f0 velja n\u00e1m vi\u00f0 h\u00e6fi. Sveitarf\u00e9l\u00f6g koma \u00e1 samstarfi grunn- og framhaldssk\u00f3la.<\/p>\n<p style=\"margin: 0px 0px 1.313em; color: #777777; font-family: 'Times New Roman'; font-size: 16px; box-sizing: border-box !important;\">Nemendum er heimilt a\u00f0 stunda n\u00e1m \u00ed einst\u00f6kum n\u00e1msgreinum \u00e1 framhaldssk\u00f3lastigi a\u00f0 loknu grunnsk\u00f3lan\u00e1mi \u00ed vi\u00f0komandi n\u00e1msgreinum. N\u00e1mi\u00f0 er \u00e1 \u00e1byrg\u00f0 grunnsk\u00f3lans og vitnisbur\u00f0ur um \u00fea\u00f0 \u00fev\u00ed birtur \u00e1 vitnisbur\u00f0arbla\u00f0i nemandans vi\u00f0 lok grunnsk\u00f3la.<\/p>\n<p style=\"margin: 0px 0px 1.313em; color: #777777; font-family: 'Times New Roman'; font-size: 16px; box-sizing: border-box !important;\">Var\u00f0andi nemendur sem hafa veri\u00f0 \u00ed s\u00e9rdeild sk\u00f3lans e\u00f0a noti\u00f0 s\u00e9r\u00farr\u00e6\u00f0a \u00ed grunnsk\u00f3lanum, skulu kennarar og a\u00f0rir faga\u00f0ilar, \u00e1samt nemanda og foreldrum hans, taka \u00fe\u00e1tt \u00ed m\u00f3tun og ger\u00f0 tilf\u00e6rslu\u00e1\u00e6tlunar vegna fyrirhuga\u00f0s n\u00e1ms hans \u00ed framhaldssk\u00f3la og skal mi\u00f0a vi\u00f0 a\u00f0 undirb\u00faningur hennar hefjist \u00ed 9. bekk.<\/p>\n<p style=\"margin: 0px 0px 1.313em; color: #777777; font-family: 'Times New Roman'; font-size: 16px; box-sizing: border-box !important;\">\u00c1herslur \u00ed samstarfinu eru eftirfarandi:Stj\u00f3rnendur sk\u00f3lanna funda reglulega me\u00f0 \u00fea\u00f0 a\u00f0 markmi\u00f0i a\u00f0 efla uppl\u00fdsingastreymi og samstarf \u00e1 milli sk\u00f3lanna, s.s. me\u00f0 sameiginlegu n\u00e1mskei\u00f0ahaldi og fagfundum \u00fevert \u00e1 sk\u00f3lastigin.<\/p>\n<p style=\"margin: 0px 0px 1.313em; color: #777777; font-family: 'Times New Roman'; font-size: 16px; box-sizing: border-box !important;\">Umsj\u00f3narkennarar nemenda \u00ed t\u00edunda bekk, \u00ed samstarfi vi\u00f0 n\u00e1ms- og starfsr\u00e1\u00f0gjafa sk\u00f3lans kynna framhaldssk\u00f3lastigi\u00f0 \u00ed heild sinni og n\u00e1msframbo\u00f0 einstakra sk\u00f3la, einkum Menntask\u00f3la Borgarfjar\u00f0ar.<\/p>\n<p style=\"margin: 0px 0px 1.313em; color: #777777; font-family: 'Times New Roman'; font-size: 16px; box-sizing: border-box !important;\">Stj\u00f3rnendur MB koma \u00ed Grunnsk\u00f3lann a\u00f0 kynna starf MB fyrir nemendum \u00ed t\u00edunda (og n\u00edunda) bekk og foreldrum \u00feeirra.<\/p>\n<p style=\"margin: 0px 0px 1.313em; color: #777777; font-family: 'Times New Roman'; font-size: 16px; box-sizing: border-box !important;\">Stj\u00f3rnendur MB koma \u00ed Grunnsk\u00f3lann til a\u00f0 kynna starfsemi sk\u00f3lans fyrir starfsf\u00f3lki Grunnsk\u00f3lans.<\/p>\n<p style=\"margin: 0px 0px 1.313em; color: #777777; font-family: 'Times New Roman'; font-size: 16px; box-sizing: border-box !important;\">Nemendum sk\u00f3lans er bo\u00f0i\u00f0 a\u00f0 taka \u00fe\u00e1tt \u00ed v\u00f6ldum \u00fe\u00e1ttum \u00ed f\u00e9lagasl\u00edfi Menntask\u00f3lans.<\/p>\n<p style=\"margin: 0px 0px 1.313em; color: #777777; font-family: 'Times New Roman'; font-size: 16px; box-sizing: border-box !important;\">\u00dea\u00f0 er styrkur fyrir b\u00e1\u00f0a sk\u00f3lana a\u00f0 \u00fea\u00f0 er sami n\u00e1msr\u00e1\u00f0gjafi \u00ed sk\u00f3lunum.<\/p>\n<\/div>\n<\/section>\n<div><\/div>\n<\/div>\n","protected":false},"excerpt":{"rendered":"<p>Samstarf leiksk\u00f3la og grunnsk\u00f3la Tilgangurinn me\u00f0 samstarfi milli sk\u00f3lastiga er a\u00f0 skapa samfellu \u00ed n\u00e1mi barna, koma til m\u00f3ts vi\u00f0 \u00fearfir \u00feeirra og stu\u00f0la a\u00f0 markvissari uppbyggingu n\u00e1ms. Mikilv\u00e6gt er til a\u00f0 n\u00e1 \u00feessum markmi\u00f0um a\u00f0 treysta gagnkv\u00e6ma \u00feekkingu og skilning kennara \u00e1 \u00feessum tveimur sk\u00f3lastigum \u00e1 starfi og starfsa\u00f0st\u00e6\u00f0um hvers annars. Markmi\u00f0i\u00f0 er a\u00f0 stu\u00f0la a\u00f0 vell\u00ed\u00f0an og \u00f6ryggi &#8230; <\/p>\n<div><a href=\"https:\/\/dev.borgarbyggd.is\/grunnborg\/skolinn\/samstarf-milli-skolastiga\/\" class=\"more-link\">Read More<\/a><\/div>\n","protected":false},"author":4,"featured_media":0,"parent":37,"menu_order":0,"comment_status":"closed","ping_status":"closed","template":"","meta":{"_acf_changed":false,"footnotes":""},"class_list":["post-354","page","type-page","status-publish","hentry","no-post-thumbnail"],"acf":{"quickaccess":false},"yoast_head":"<!-- This site is optimized with the Yoast SEO plugin v24.0 - https:\/\/yoast.com\/wordpress\/plugins\/seo\/ -->\n<title>Samstarf milli sk\u00f3lastiga - Grunnsk\u00f3linn \u00ed Borgarnesi<\/title>\n<meta name=\"robots\" content=\"index, follow, max-snippet:-1, max-image-preview:large, max-video-preview:-1\" \/>\n<link rel=\"canonical\" href=\"https:\/\/dev.borgarbyggd.is\/grunnborg\/skolinn\/samstarf-milli-skolastiga\/\" \/>\n<meta property=\"og:locale\" content=\"en_US\" \/>\n<meta property=\"og:type\" content=\"article\" \/>\n<meta property=\"og:title\" content=\"Samstarf milli sk\u00f3lastiga - Grunnsk\u00f3linn \u00ed Borgarnesi\" \/>\n<meta property=\"og:description\" content=\"Samstarf leiksk\u00f3la og grunnsk\u00f3la Tilgangurinn me\u00f0 samstarfi milli sk\u00f3lastiga er a\u00f0 skapa samfellu \u00ed n\u00e1mi barna, koma til m\u00f3ts vi\u00f0 \u00fearfir \u00feeirra og stu\u00f0la a\u00f0 markvissari uppbyggingu n\u00e1ms. Mikilv\u00e6gt er til a\u00f0 n\u00e1 \u00feessum markmi\u00f0um a\u00f0 treysta gagnkv\u00e6ma \u00feekkingu og skilning kennara \u00e1 \u00feessum tveimur sk\u00f3lastigum \u00e1 starfi og starfsa\u00f0st\u00e6\u00f0um hvers annars. Markmi\u00f0i\u00f0 er a\u00f0 stu\u00f0la a\u00f0 vell\u00ed\u00f0an og \u00f6ryggi ... Read More\" \/>\n<meta property=\"og:url\" content=\"https:\/\/dev.borgarbyggd.is\/grunnborg\/skolinn\/samstarf-milli-skolastiga\/\" \/>\n<meta property=\"og:site_name\" content=\"Grunnsk\u00f3linn \u00ed Borgarnesi\" \/>\n<meta property=\"article:modified_time\" content=\"2024-01-23T15:03:25+00:00\" \/>\n<meta name=\"twitter:card\" content=\"summary_large_image\" \/>\n<meta name=\"twitter:label1\" content=\"Est. reading time\" \/>\n\t<meta name=\"twitter:data1\" content=\"4 minutes\" \/>\n<script type=\"application\/ld+json\" class=\"yoast-schema-graph\">{\"@context\":\"https:\/\/schema.org\",\"@graph\":[{\"@type\":\"WebPage\",\"@id\":\"https:\/\/dev.borgarbyggd.is\/grunnborg\/skolinn\/samstarf-milli-skolastiga\/\",\"url\":\"https:\/\/dev.borgarbyggd.is\/grunnborg\/skolinn\/samstarf-milli-skolastiga\/\",\"name\":\"Samstarf milli sk\u00f3lastiga - Grunnsk\u00f3linn \u00ed Borgarnesi\",\"isPartOf\":{\"@id\":\"https:\/\/dev.borgarbyggd.is\/grunnborg\/#website\"},\"datePublished\":\"2023-10-05T10:02:48+00:00\",\"dateModified\":\"2024-01-23T15:03:25+00:00\",\"breadcrumb\":{\"@id\":\"https:\/\/dev.borgarbyggd.is\/grunnborg\/skolinn\/samstarf-milli-skolastiga\/#breadcrumb\"},\"inLanguage\":\"en-US\",\"potentialAction\":[{\"@type\":\"ReadAction\",\"target\":[\"https:\/\/dev.borgarbyggd.is\/grunnborg\/skolinn\/samstarf-milli-skolastiga\/\"]}]},{\"@type\":\"BreadcrumbList\",\"@id\":\"https:\/\/dev.borgarbyggd.is\/grunnborg\/skolinn\/samstarf-milli-skolastiga\/#breadcrumb\",\"itemListElement\":[{\"@type\":\"ListItem\",\"position\":1,\"name\":\"Home\",\"item\":\"https:\/\/dev.borgarbyggd.is\/grunnborg\/\"},{\"@type\":\"ListItem\",\"position\":2,\"name\":\"Sk\u00f3linn\",\"item\":\"https:\/\/dev.borgarbyggd.is\/grunnborg\/skolinn\/\"},{\"@type\":\"ListItem\",\"position\":3,\"name\":\"Samstarf milli sk\u00f3lastiga\"}]},{\"@type\":\"WebSite\",\"@id\":\"https:\/\/dev.borgarbyggd.is\/grunnborg\/#website\",\"url\":\"https:\/\/dev.borgarbyggd.is\/grunnborg\/\",\"name\":\"Grunnsk\u00f3linn \u00ed Borgarnesi\",\"description\":\"\",\"potentialAction\":[{\"@type\":\"SearchAction\",\"target\":{\"@type\":\"EntryPoint\",\"urlTemplate\":\"https:\/\/dev.borgarbyggd.is\/grunnborg\/?s={search_term_string}\"},\"query-input\":{\"@type\":\"PropertyValueSpecification\",\"valueRequired\":true,\"valueName\":\"search_term_string\"}}],\"inLanguage\":\"en-US\"}]}<\/script>\n<!-- \/ Yoast SEO plugin. -->","yoast_head_json":{"title":"Samstarf milli sk\u00f3lastiga - Grunnsk\u00f3linn \u00ed Borgarnesi","robots":{"index":"index","follow":"follow","max-snippet":"max-snippet:-1","max-image-preview":"max-image-preview:large","max-video-preview":"max-video-preview:-1"},"canonical":"https:\/\/dev.borgarbyggd.is\/grunnborg\/skolinn\/samstarf-milli-skolastiga\/","og_locale":"en_US","og_type":"article","og_title":"Samstarf milli sk\u00f3lastiga - Grunnsk\u00f3linn \u00ed Borgarnesi","og_description":"Samstarf leiksk\u00f3la og grunnsk\u00f3la Tilgangurinn me\u00f0 samstarfi milli sk\u00f3lastiga er a\u00f0 skapa samfellu \u00ed n\u00e1mi barna, koma til m\u00f3ts vi\u00f0 \u00fearfir \u00feeirra og stu\u00f0la a\u00f0 markvissari uppbyggingu n\u00e1ms. Mikilv\u00e6gt er til a\u00f0 n\u00e1 \u00feessum markmi\u00f0um a\u00f0 treysta gagnkv\u00e6ma \u00feekkingu og skilning kennara \u00e1 \u00feessum tveimur sk\u00f3lastigum \u00e1 starfi og starfsa\u00f0st\u00e6\u00f0um hvers annars. Markmi\u00f0i\u00f0 er a\u00f0 stu\u00f0la a\u00f0 vell\u00ed\u00f0an og \u00f6ryggi ... Read More","og_url":"https:\/\/dev.borgarbyggd.is\/grunnborg\/skolinn\/samstarf-milli-skolastiga\/","og_site_name":"Grunnsk\u00f3linn \u00ed Borgarnesi","article_modified_time":"2024-01-23T15:03:25+00:00","twitter_card":"summary_large_image","twitter_misc":{"Est. reading time":"4 minutes"},"schema":{"@context":"https:\/\/schema.org","@graph":[{"@type":"WebPage","@id":"https:\/\/dev.borgarbyggd.is\/grunnborg\/skolinn\/samstarf-milli-skolastiga\/","url":"https:\/\/dev.borgarbyggd.is\/grunnborg\/skolinn\/samstarf-milli-skolastiga\/","name":"Samstarf milli sk\u00f3lastiga - Grunnsk\u00f3linn \u00ed Borgarnesi","isPartOf":{"@id":"https:\/\/dev.borgarbyggd.is\/grunnborg\/#website"},"datePublished":"2023-10-05T10:02:48+00:00","dateModified":"2024-01-23T15:03:25+00:00","breadcrumb":{"@id":"https:\/\/dev.borgarbyggd.is\/grunnborg\/skolinn\/samstarf-milli-skolastiga\/#breadcrumb"},"inLanguage":"en-US","potentialAction":[{"@type":"ReadAction","target":["https:\/\/dev.borgarbyggd.is\/grunnborg\/skolinn\/samstarf-milli-skolastiga\/"]}]},{"@type":"BreadcrumbList","@id":"https:\/\/dev.borgarbyggd.is\/grunnborg\/skolinn\/samstarf-milli-skolastiga\/#breadcrumb","itemListElement":[{"@type":"ListItem","position":1,"name":"Home","item":"https:\/\/dev.borgarbyggd.is\/grunnborg\/"},{"@type":"ListItem","position":2,"name":"Sk\u00f3linn","item":"https:\/\/dev.borgarbyggd.is\/grunnborg\/skolinn\/"},{"@type":"ListItem","position":3,"name":"Samstarf milli sk\u00f3lastiga"}]},{"@type":"WebSite","@id":"https:\/\/dev.borgarbyggd.is\/grunnborg\/#website","url":"https:\/\/dev.borgarbyggd.is\/grunnborg\/","name":"Grunnsk\u00f3linn \u00ed Borgarnesi","description":"","potentialAction":[{"@type":"SearchAction","target":{"@type":"EntryPoint","urlTemplate":"https:\/\/dev.borgarbyggd.is\/grunnborg\/?s={search_term_string}"},"query-input":{"@type":"PropertyValueSpecification","valueRequired":true,"valueName":"search_term_string"}}],"inLanguage":"en-US"}]}},"_links":{"self":[{"href":"https:\/\/dev.borgarbyggd.is\/grunnborg\/wp-json\/wp\/v2\/pages\/354","targetHints":{"allow":["GET"]}}],"collection":[{"href":"https:\/\/dev.borgarbyggd.is\/grunnborg\/wp-json\/wp\/v2\/pages"}],"about":[{"href":"https:\/\/dev.borgarbyggd.is\/grunnborg\/wp-json\/wp\/v2\/types\/page"}],"author":[{"embeddable":true,"href":"https:\/\/dev.borgarbyggd.is\/grunnborg\/wp-json\/wp\/v2\/users\/4"}],"replies":[{"embeddable":true,"href":"https:\/\/dev.borgarbyggd.is\/grunnborg\/wp-json\/wp\/v2\/comments?post=354"}],"version-history":[{"count":0,"href":"https:\/\/dev.borgarbyggd.is\/grunnborg\/wp-json\/wp\/v2\/pages\/354\/revisions"}],"up":[{"embeddable":true,"href":"https:\/\/dev.borgarbyggd.is\/grunnborg\/wp-json\/wp\/v2\/pages\/37"}],"wp:attachment":[{"href":"https:\/\/dev.borgarbyggd.is\/grunnborg\/wp-json\/wp\/v2\/media?parent=354"}],"curies":[{"name":"wp","href":"https:\/\/api.w.org\/{rel}","templated":true}]}}