{"id":353,"date":"2023-10-05T10:02:30","date_gmt":"2023-10-05T10:02:30","guid":{"rendered":"https:\/\/dev.borgarbyggd.is\/grunnborg\/?page_id=353"},"modified":"2025-03-03T11:29:50","modified_gmt":"2025-03-03T11:29:50","slug":"gaedamal","status":"publish","type":"page","link":"https:\/\/dev.borgarbyggd.is\/grunnborg\/gaedamal\/","title":{"rendered":"G\u00e6\u00f0am\u00e1l"},"content":{"rendered":"<h2 class=\"h-custom-headline h3\">Innra mat<\/h2>\n<div id=\"\" class=\"x-text\"><\/div>\n<div id=\"\" class=\"x-text cs-ta-right\">\n<div id=\"\" class=\"x-text\">\n<p>Innra mat er lagt fyrir \u00ed \u00feeim tilgangi a\u00f0 finna \u00fea\u00f0 sem vel er gert \u00ed sk\u00f3lastarfinu, finna \u00fea\u00f0 sem gera m\u00e1 betur og hvort s\u00fa \u00fej\u00f3nusta sem sk\u00f3linn veitir er \u00ed samr\u00e6mi vi\u00f0 sk\u00f3lan\u00e1mskr\u00e1, a\u00f0aln\u00e1mskr\u00e1 grunnsk\u00f3la og l\u00f6g um grunnsk\u00f3la. Ni\u00f0urst\u00f6\u00f0ur \u00far innra mati \u00e1 a\u00f0 n\u00fdta vel til a\u00f0 gera starfi\u00f0 enn betra. \u00c1 grundvelli ni\u00f0ursta\u00f0na skal ger\u00f0 t\u00edmasett \u00farb\u00f3ta\u00e1\u00e6tlun. Mikilv\u00e6gt er a\u00f0 h\u00fan s\u00e9 raunh\u00e6f og henni s\u00e9 fylgt markvisst eftir. Sk\u00fdrslu um innra mat skal skila til sveitarf\u00e9lagsins, strax a\u00f0 sk\u00f3la loknum a\u00f0 vori sem og a\u00f0 birta \u00e1 heimas\u00ed\u00f0u sk\u00f3lans.<\/p>\n<p>Mat \u00e1 sk\u00f3lastarfi er tv\u00ed\u00fe\u00e6tt; innra mat sem sk\u00f3lar framkv\u00e6ma sj\u00e1lfir og ytra mat sem utana\u00f0komandi a\u00f0ilar framkv\u00e6ma.<\/p>\n<p>Sk\u00f3lastj\u00f3ri ber \u00e1byrg\u00f0 \u00e1 g\u00e6\u00f0um sk\u00f3lastarfsins \u00ed samvinnu vi\u00f0 starfsf\u00f3lk, og innra mat \u00e1 a\u00f0 vera samofi\u00f0 daglegu starfi sk\u00f3lans, efla \u00feekkingu og \u00e1byrg\u00f0 starfsf\u00f3lks. L\u00fd\u00f0r\u00e6\u00f0isleg vinnubr\u00f6g\u00f0 vi\u00f0 innra mat stu\u00f0la a\u00f0 auknum g\u00e6\u00f0um \u00ed starfinu, og ni\u00f0urst\u00f6\u00f0ur \u00feess skulu n\u00fdttar til umb\u00f3ta \u00ed sk\u00f3lastarfi \u00ed samr\u00e1\u00f0i vi\u00f0 sk\u00f3lar\u00e1\u00f0.<\/p>\n<p>Vi\u00f0 mat \u00e1 sk\u00f3lastarfinu eru eftirfarandi \u00fe\u00e6ttir nota\u00f0ir til gagna\u00f6flunar:<\/p>\n<p>\u00b7 Kannanir sem ger\u00f0ar eru \u00e1 vegum Sk\u00f3lap\u00falsins; foreldrak\u00f6nnun og nemendak\u00f6nnun fyrir 6. \u2013 10. bekk sem laga\u00f0r eru fyrir \u00e1 hverju \u00e1ri og hausti\u00f0 2025 ver\u00f0ur \u00ed fyrsta sinn l\u00f6g\u00f0 fyrir k\u00f6nnun \u00ed 2. \u2013 5. bekk a\u00f0 auki.<\/p>\n<p>\u00b7 Starfsmannak\u00f6nnun er l\u00f6g\u00f0 fyrir tvisvar \u00e1 \u00e1ri \u00fear sem spurt er um l\u00ed\u00f0an og starfsumhverfi.<\/p>\n<p>\u00b7 Ni\u00f0urst\u00f6\u00f0ur \u00fat starfsmannavi\u00f0t\u00f6lum sem fara fram \u00ed jan\u00faar \u2013 febr\u00faar \u00e1r hvert.<\/p>\n<p>\u00b7 Ni\u00f0urst\u00f6\u00f0ur \u00far Lesfimi.<\/p>\n<p>Vi\u00f0 h\u00f6fum teki\u00f0 \u00ed notkun BRAVOLesson sem er g\u00e6\u00f0akerfi fyrir sk\u00f3la og hj\u00e1lpar til vi\u00f0 utanumhald innra mats og b\u00fd\u00f0ur upp \u00e1 hra\u00f0a og sk\u00fdra \u00farvinnslu sem au\u00f0veldar greiningu \u00e1 ni\u00f0urst\u00f6\u00f0um kannanna. \u00dear er einnig bo\u00f0i\u00f0 upp \u00e1 form og lei\u00f0ir til a\u00f0 meta sk\u00f3lastarf, s.s. vettvangskannanir sem b\u00e6\u00f0i sk\u00f3lastj\u00f3rnendur og kennarar geta n\u00fdtt. \u00dear er sett fram \u00e1 sk\u00fdran h\u00e1tt hva\u00f0 er gott og hva\u00f0 \u00fearf a\u00f0 laga og till\u00f6gur ger\u00f0ar a\u00f0 \u00fatb\u00f3ta\u00e1\u00e6ltlun.<\/p>\n<\/div>\n<div id=\"\" class=\"x-text cs-ta-right\">\n<p>Uppf\u00e6rt 03\/2025<\/p>\n<\/div>\n<\/div>\n","protected":false},"excerpt":{"rendered":"<p>Innra mat Innra mat er lagt fyrir \u00ed \u00feeim tilgangi a\u00f0 finna \u00fea\u00f0 sem vel er gert \u00ed sk\u00f3lastarfinu, finna \u00fea\u00f0 sem gera m\u00e1 betur og hvort s\u00fa \u00fej\u00f3nusta sem sk\u00f3linn veitir er \u00ed samr\u00e6mi vi\u00f0 sk\u00f3lan\u00e1mskr\u00e1, a\u00f0aln\u00e1mskr\u00e1 grunnsk\u00f3la og l\u00f6g um grunnsk\u00f3la. Ni\u00f0urst\u00f6\u00f0ur \u00far innra mati \u00e1 a\u00f0 n\u00fdta vel til a\u00f0 gera starfi\u00f0 enn betra. \u00c1 grundvelli ni\u00f0ursta\u00f0na &#8230; <\/p>\n<div><a href=\"https:\/\/dev.borgarbyggd.is\/grunnborg\/gaedamal\/\" class=\"more-link\">Read More<\/a><\/div>\n","protected":false},"author":4,"featured_media":0,"parent":0,"menu_order":0,"comment_status":"closed","ping_status":"closed","template":"","meta":{"_acf_changed":false,"footnotes":""},"class_list":["post-353","page","type-page","status-publish","hentry","no-post-thumbnail"],"acf":{"quickaccess":false},"yoast_head":"<!-- This site is optimized with the Yoast SEO plugin v24.0 - https:\/\/yoast.com\/wordpress\/plugins\/seo\/ -->\n<title>G\u00e6\u00f0am\u00e1l - Grunnsk\u00f3linn \u00ed Borgarnesi<\/title>\n<meta name=\"robots\" content=\"index, follow, max-snippet:-1, max-image-preview:large, max-video-preview:-1\" \/>\n<link rel=\"canonical\" href=\"https:\/\/dev.borgarbyggd.is\/grunnborg\/gaedamal\/\" \/>\n<meta property=\"og:locale\" content=\"en_US\" \/>\n<meta property=\"og:type\" content=\"article\" \/>\n<meta property=\"og:title\" content=\"G\u00e6\u00f0am\u00e1l - Grunnsk\u00f3linn \u00ed Borgarnesi\" \/>\n<meta property=\"og:description\" content=\"Innra mat Innra mat er lagt fyrir \u00ed \u00feeim tilgangi a\u00f0 finna \u00fea\u00f0 sem vel er gert \u00ed sk\u00f3lastarfinu, finna \u00fea\u00f0 sem gera m\u00e1 betur og hvort s\u00fa \u00fej\u00f3nusta sem sk\u00f3linn veitir er \u00ed samr\u00e6mi vi\u00f0 sk\u00f3lan\u00e1mskr\u00e1, a\u00f0aln\u00e1mskr\u00e1 grunnsk\u00f3la og l\u00f6g um grunnsk\u00f3la. Ni\u00f0urst\u00f6\u00f0ur \u00far innra mati \u00e1 a\u00f0 n\u00fdta vel til a\u00f0 gera starfi\u00f0 enn betra. \u00c1 grundvelli ni\u00f0ursta\u00f0na ... Read More\" \/>\n<meta property=\"og:url\" content=\"https:\/\/dev.borgarbyggd.is\/grunnborg\/gaedamal\/\" \/>\n<meta property=\"og:site_name\" content=\"Grunnsk\u00f3linn \u00ed Borgarnesi\" \/>\n<meta property=\"article:modified_time\" content=\"2025-03-03T11:29:50+00:00\" \/>\n<meta name=\"twitter:card\" content=\"summary_large_image\" \/>\n<meta name=\"twitter:label1\" content=\"Est. reading time\" \/>\n\t<meta name=\"twitter:data1\" content=\"2 minutes\" \/>\n<script type=\"application\/ld+json\" class=\"yoast-schema-graph\">{\"@context\":\"https:\/\/schema.org\",\"@graph\":[{\"@type\":\"WebPage\",\"@id\":\"https:\/\/dev.borgarbyggd.is\/grunnborg\/gaedamal\/\",\"url\":\"https:\/\/dev.borgarbyggd.is\/grunnborg\/gaedamal\/\",\"name\":\"G\u00e6\u00f0am\u00e1l - Grunnsk\u00f3linn \u00ed Borgarnesi\",\"isPartOf\":{\"@id\":\"https:\/\/dev.borgarbyggd.is\/grunnborg\/#website\"},\"datePublished\":\"2023-10-05T10:02:30+00:00\",\"dateModified\":\"2025-03-03T11:29:50+00:00\",\"breadcrumb\":{\"@id\":\"https:\/\/dev.borgarbyggd.is\/grunnborg\/gaedamal\/#breadcrumb\"},\"inLanguage\":\"en-US\",\"potentialAction\":[{\"@type\":\"ReadAction\",\"target\":[\"https:\/\/dev.borgarbyggd.is\/grunnborg\/gaedamal\/\"]}]},{\"@type\":\"BreadcrumbList\",\"@id\":\"https:\/\/dev.borgarbyggd.is\/grunnborg\/gaedamal\/#breadcrumb\",\"itemListElement\":[{\"@type\":\"ListItem\",\"position\":1,\"name\":\"Home\",\"item\":\"https:\/\/dev.borgarbyggd.is\/grunnborg\/\"},{\"@type\":\"ListItem\",\"position\":2,\"name\":\"G\u00e6\u00f0am\u00e1l\"}]},{\"@type\":\"WebSite\",\"@id\":\"https:\/\/dev.borgarbyggd.is\/grunnborg\/#website\",\"url\":\"https:\/\/dev.borgarbyggd.is\/grunnborg\/\",\"name\":\"Grunnsk\u00f3linn \u00ed Borgarnesi\",\"description\":\"\",\"potentialAction\":[{\"@type\":\"SearchAction\",\"target\":{\"@type\":\"EntryPoint\",\"urlTemplate\":\"https:\/\/dev.borgarbyggd.is\/grunnborg\/?s={search_term_string}\"},\"query-input\":{\"@type\":\"PropertyValueSpecification\",\"valueRequired\":true,\"valueName\":\"search_term_string\"}}],\"inLanguage\":\"en-US\"}]}<\/script>\n<!-- \/ Yoast SEO plugin. -->","yoast_head_json":{"title":"G\u00e6\u00f0am\u00e1l - Grunnsk\u00f3linn \u00ed Borgarnesi","robots":{"index":"index","follow":"follow","max-snippet":"max-snippet:-1","max-image-preview":"max-image-preview:large","max-video-preview":"max-video-preview:-1"},"canonical":"https:\/\/dev.borgarbyggd.is\/grunnborg\/gaedamal\/","og_locale":"en_US","og_type":"article","og_title":"G\u00e6\u00f0am\u00e1l - Grunnsk\u00f3linn \u00ed Borgarnesi","og_description":"Innra mat Innra mat er lagt fyrir \u00ed \u00feeim tilgangi a\u00f0 finna \u00fea\u00f0 sem vel er gert \u00ed sk\u00f3lastarfinu, finna \u00fea\u00f0 sem gera m\u00e1 betur og hvort s\u00fa \u00fej\u00f3nusta sem sk\u00f3linn veitir er \u00ed samr\u00e6mi vi\u00f0 sk\u00f3lan\u00e1mskr\u00e1, a\u00f0aln\u00e1mskr\u00e1 grunnsk\u00f3la og l\u00f6g um grunnsk\u00f3la. Ni\u00f0urst\u00f6\u00f0ur \u00far innra mati \u00e1 a\u00f0 n\u00fdta vel til a\u00f0 gera starfi\u00f0 enn betra. \u00c1 grundvelli ni\u00f0ursta\u00f0na ... Read More","og_url":"https:\/\/dev.borgarbyggd.is\/grunnborg\/gaedamal\/","og_site_name":"Grunnsk\u00f3linn \u00ed Borgarnesi","article_modified_time":"2025-03-03T11:29:50+00:00","twitter_card":"summary_large_image","twitter_misc":{"Est. reading time":"2 minutes"},"schema":{"@context":"https:\/\/schema.org","@graph":[{"@type":"WebPage","@id":"https:\/\/dev.borgarbyggd.is\/grunnborg\/gaedamal\/","url":"https:\/\/dev.borgarbyggd.is\/grunnborg\/gaedamal\/","name":"G\u00e6\u00f0am\u00e1l - Grunnsk\u00f3linn \u00ed Borgarnesi","isPartOf":{"@id":"https:\/\/dev.borgarbyggd.is\/grunnborg\/#website"},"datePublished":"2023-10-05T10:02:30+00:00","dateModified":"2025-03-03T11:29:50+00:00","breadcrumb":{"@id":"https:\/\/dev.borgarbyggd.is\/grunnborg\/gaedamal\/#breadcrumb"},"inLanguage":"en-US","potentialAction":[{"@type":"ReadAction","target":["https:\/\/dev.borgarbyggd.is\/grunnborg\/gaedamal\/"]}]},{"@type":"BreadcrumbList","@id":"https:\/\/dev.borgarbyggd.is\/grunnborg\/gaedamal\/#breadcrumb","itemListElement":[{"@type":"ListItem","position":1,"name":"Home","item":"https:\/\/dev.borgarbyggd.is\/grunnborg\/"},{"@type":"ListItem","position":2,"name":"G\u00e6\u00f0am\u00e1l"}]},{"@type":"WebSite","@id":"https:\/\/dev.borgarbyggd.is\/grunnborg\/#website","url":"https:\/\/dev.borgarbyggd.is\/grunnborg\/","name":"Grunnsk\u00f3linn \u00ed Borgarnesi","description":"","potentialAction":[{"@type":"SearchAction","target":{"@type":"EntryPoint","urlTemplate":"https:\/\/dev.borgarbyggd.is\/grunnborg\/?s={search_term_string}"},"query-input":{"@type":"PropertyValueSpecification","valueRequired":true,"valueName":"search_term_string"}}],"inLanguage":"en-US"}]}},"_links":{"self":[{"href":"https:\/\/dev.borgarbyggd.is\/grunnborg\/wp-json\/wp\/v2\/pages\/353","targetHints":{"allow":["GET"]}}],"collection":[{"href":"https:\/\/dev.borgarbyggd.is\/grunnborg\/wp-json\/wp\/v2\/pages"}],"about":[{"href":"https:\/\/dev.borgarbyggd.is\/grunnborg\/wp-json\/wp\/v2\/types\/page"}],"author":[{"embeddable":true,"href":"https:\/\/dev.borgarbyggd.is\/grunnborg\/wp-json\/wp\/v2\/users\/4"}],"replies":[{"embeddable":true,"href":"https:\/\/dev.borgarbyggd.is\/grunnborg\/wp-json\/wp\/v2\/comments?post=353"}],"version-history":[{"count":0,"href":"https:\/\/dev.borgarbyggd.is\/grunnborg\/wp-json\/wp\/v2\/pages\/353\/revisions"}],"wp:attachment":[{"href":"https:\/\/dev.borgarbyggd.is\/grunnborg\/wp-json\/wp\/v2\/media?parent=353"}],"curies":[{"name":"wp","href":"https:\/\/api.w.org\/{rel}","templated":true}]}}