{"id":340,"date":"2023-10-05T09:48:00","date_gmt":"2023-10-05T09:48:00","guid":{"rendered":"https:\/\/dev.borgarbyggd.is\/grunnborg\/?page_id=340"},"modified":"2024-04-04T10:17:12","modified_gmt":"2024-04-04T10:17:12","slug":"oskilamunir","status":"publish","type":"page","link":"https:\/\/dev.borgarbyggd.is\/grunnborg\/nemendur-og-foreldrar\/oskilamunir\/","title":{"rendered":"\u00d3skilamunir"},"content":{"rendered":"<p><span data-contrast=\"none\">Starfsf\u00f3lk sk\u00f3lans heldur til haga \u00f3skilamunum s.s. fatna\u00f0i, \u00ed\u00fer\u00f3ttat\u00f6skum og \u00feess h\u00e1ttar sem finnast \u00ed sk\u00f3lanum fr\u00e1 degi til dags. H\u00e6gt a\u00f0 hafa samband e\u00f0a koma \u00ed sk\u00f3lann \u00e1 dagvinnut\u00edma til a\u00f0 spyrjast fyrir um og s\u00e6kja \u00f3skilamuni. \u00c1 foreldravi\u00f0talsd\u00f6gum og s\u00ed\u00f0ustu sk\u00f3lad\u00f6gum a\u00f0 vori er \u00f3skilamunum sem safnast hafa upp komi\u00f0 fyrir \u00e1 svi\u00f0i salarins \u00fear sem nemendur og foreldrar geta n\u00e1lgast eigur s\u00ednar.<\/span><span data-ccp-props=\"{&quot;201341983&quot;:0,&quot;335559739&quot;:315,&quot;335559740&quot;:240}\">\u00a0<\/span><\/p>\n<p><span data-contrast=\"none\">S\u00edmar, \u00far, skartgripir, lyklar og \u00feess h\u00e1ttar \u00f3skilamunir eru geymdir \u00e1 skrifstofu sk\u00f3lans og eigendur geta n\u00e1lgast \u00fe\u00e1 \u00fear.<\/span><span data-ccp-props=\"{&quot;201341983&quot;:0,&quot;335559739&quot;:315,&quot;335559740&quot;:240}\">\u00a0<\/span><\/p>\n<p><span data-contrast=\"none\">\u00cd \u00ed\u00fer\u00f3ttami\u00f0st\u00f6\u00f0inni safnast einnig upp \u00ed\u00fer\u00f3ttafatna\u00f0ur, handkl\u00e6\u00f0i og fleira sem nemendur gleyma eftir \u00ed\u00fer\u00f3ttat\u00edma. H\u00e6gt er a\u00f0 hafa samband vi\u00f0 starfsf\u00f3lk \u00e1 opnunart\u00edma til a\u00f0 n\u00e1lgast \u00fe\u00e1 hluti.<\/span><span data-ccp-props=\"{&quot;201341983&quot;:0,&quot;335559739&quot;:315,&quot;335559740&quot;:240}\">\u00a0<\/span><\/p>\n","protected":false},"excerpt":{"rendered":"<p>Starfsf\u00f3lk sk\u00f3lans heldur til haga \u00f3skilamunum s.s. fatna\u00f0i, \u00ed\u00fer\u00f3ttat\u00f6skum og \u00feess h\u00e1ttar sem finnast \u00ed sk\u00f3lanum fr\u00e1 degi til dags. H\u00e6gt a\u00f0 hafa samband e\u00f0a koma \u00ed sk\u00f3lann \u00e1 dagvinnut\u00edma til a\u00f0 spyrjast fyrir um og s\u00e6kja \u00f3skilamuni. \u00c1 foreldravi\u00f0talsd\u00f6gum og s\u00ed\u00f0ustu sk\u00f3lad\u00f6gum a\u00f0 vori er \u00f3skilamunum sem safnast hafa upp komi\u00f0 fyrir \u00e1 svi\u00f0i salarins \u00fear sem nemendur og &#8230; <\/p>\n<div><a href=\"https:\/\/dev.borgarbyggd.is\/grunnborg\/nemendur-og-foreldrar\/oskilamunir\/\" class=\"more-link\">Read More<\/a><\/div>\n","protected":false},"author":4,"featured_media":0,"parent":51,"menu_order":0,"comment_status":"closed","ping_status":"closed","template":"","meta":{"_acf_changed":false,"footnotes":""},"class_list":["post-340","page","type-page","status-publish","hentry","no-post-thumbnail"],"acf":{"quickaccess":false},"yoast_head":"<!-- This site is optimized with the Yoast SEO plugin v24.0 - https:\/\/yoast.com\/wordpress\/plugins\/seo\/ -->\n<title>\u00d3skilamunir - Grunnsk\u00f3linn \u00ed Borgarnesi<\/title>\n<meta name=\"robots\" content=\"index, follow, max-snippet:-1, max-image-preview:large, max-video-preview:-1\" \/>\n<link rel=\"canonical\" href=\"https:\/\/dev.borgarbyggd.is\/grunnborg\/nemendur-og-foreldrar\/oskilamunir\/\" \/>\n<meta property=\"og:locale\" content=\"en_US\" \/>\n<meta property=\"og:type\" content=\"article\" \/>\n<meta property=\"og:title\" content=\"\u00d3skilamunir - Grunnsk\u00f3linn \u00ed Borgarnesi\" \/>\n<meta property=\"og:description\" content=\"Starfsf\u00f3lk sk\u00f3lans heldur til haga \u00f3skilamunum s.s. fatna\u00f0i, \u00ed\u00fer\u00f3ttat\u00f6skum og \u00feess h\u00e1ttar sem finnast \u00ed sk\u00f3lanum fr\u00e1 degi til dags. H\u00e6gt a\u00f0 hafa samband e\u00f0a koma \u00ed sk\u00f3lann \u00e1 dagvinnut\u00edma til a\u00f0 spyrjast fyrir um og s\u00e6kja \u00f3skilamuni. \u00c1 foreldravi\u00f0talsd\u00f6gum og s\u00ed\u00f0ustu sk\u00f3lad\u00f6gum a\u00f0 vori er \u00f3skilamunum sem safnast hafa upp komi\u00f0 fyrir \u00e1 svi\u00f0i salarins \u00fear sem nemendur og ... Read More\" \/>\n<meta property=\"og:url\" content=\"https:\/\/dev.borgarbyggd.is\/grunnborg\/nemendur-og-foreldrar\/oskilamunir\/\" \/>\n<meta property=\"og:site_name\" content=\"Grunnsk\u00f3linn \u00ed Borgarnesi\" \/>\n<meta property=\"article:modified_time\" content=\"2024-04-04T10:17:12+00:00\" \/>\n<meta name=\"twitter:card\" content=\"summary_large_image\" \/>\n<meta name=\"twitter:label1\" content=\"Est. reading time\" \/>\n\t<meta name=\"twitter:data1\" content=\"1 minute\" \/>\n<script type=\"application\/ld+json\" class=\"yoast-schema-graph\">{\"@context\":\"https:\/\/schema.org\",\"@graph\":[{\"@type\":\"WebPage\",\"@id\":\"https:\/\/dev.borgarbyggd.is\/grunnborg\/nemendur-og-foreldrar\/oskilamunir\/\",\"url\":\"https:\/\/dev.borgarbyggd.is\/grunnborg\/nemendur-og-foreldrar\/oskilamunir\/\",\"name\":\"\u00d3skilamunir - Grunnsk\u00f3linn \u00ed Borgarnesi\",\"isPartOf\":{\"@id\":\"https:\/\/dev.borgarbyggd.is\/grunnborg\/#website\"},\"datePublished\":\"2023-10-05T09:48:00+00:00\",\"dateModified\":\"2024-04-04T10:17:12+00:00\",\"breadcrumb\":{\"@id\":\"https:\/\/dev.borgarbyggd.is\/grunnborg\/nemendur-og-foreldrar\/oskilamunir\/#breadcrumb\"},\"inLanguage\":\"en-US\",\"potentialAction\":[{\"@type\":\"ReadAction\",\"target\":[\"https:\/\/dev.borgarbyggd.is\/grunnborg\/nemendur-og-foreldrar\/oskilamunir\/\"]}]},{\"@type\":\"BreadcrumbList\",\"@id\":\"https:\/\/dev.borgarbyggd.is\/grunnborg\/nemendur-og-foreldrar\/oskilamunir\/#breadcrumb\",\"itemListElement\":[{\"@type\":\"ListItem\",\"position\":1,\"name\":\"Home\",\"item\":\"https:\/\/dev.borgarbyggd.is\/grunnborg\/\"},{\"@type\":\"ListItem\",\"position\":2,\"name\":\"Nemendur og foreldrar\",\"item\":\"https:\/\/dev.borgarbyggd.is\/grunnborg\/nemendur-og-foreldrar\/\"},{\"@type\":\"ListItem\",\"position\":3,\"name\":\"\u00d3skilamunir\"}]},{\"@type\":\"WebSite\",\"@id\":\"https:\/\/dev.borgarbyggd.is\/grunnborg\/#website\",\"url\":\"https:\/\/dev.borgarbyggd.is\/grunnborg\/\",\"name\":\"Grunnsk\u00f3linn \u00ed Borgarnesi\",\"description\":\"\",\"potentialAction\":[{\"@type\":\"SearchAction\",\"target\":{\"@type\":\"EntryPoint\",\"urlTemplate\":\"https:\/\/dev.borgarbyggd.is\/grunnborg\/?s={search_term_string}\"},\"query-input\":{\"@type\":\"PropertyValueSpecification\",\"valueRequired\":true,\"valueName\":\"search_term_string\"}}],\"inLanguage\":\"en-US\"}]}<\/script>\n<!-- \/ Yoast SEO plugin. -->","yoast_head_json":{"title":"\u00d3skilamunir - Grunnsk\u00f3linn \u00ed Borgarnesi","robots":{"index":"index","follow":"follow","max-snippet":"max-snippet:-1","max-image-preview":"max-image-preview:large","max-video-preview":"max-video-preview:-1"},"canonical":"https:\/\/dev.borgarbyggd.is\/grunnborg\/nemendur-og-foreldrar\/oskilamunir\/","og_locale":"en_US","og_type":"article","og_title":"\u00d3skilamunir - Grunnsk\u00f3linn \u00ed Borgarnesi","og_description":"Starfsf\u00f3lk sk\u00f3lans heldur til haga \u00f3skilamunum s.s. fatna\u00f0i, \u00ed\u00fer\u00f3ttat\u00f6skum og \u00feess h\u00e1ttar sem finnast \u00ed sk\u00f3lanum fr\u00e1 degi til dags. H\u00e6gt a\u00f0 hafa samband e\u00f0a koma \u00ed sk\u00f3lann \u00e1 dagvinnut\u00edma til a\u00f0 spyrjast fyrir um og s\u00e6kja \u00f3skilamuni. \u00c1 foreldravi\u00f0talsd\u00f6gum og s\u00ed\u00f0ustu sk\u00f3lad\u00f6gum a\u00f0 vori er \u00f3skilamunum sem safnast hafa upp komi\u00f0 fyrir \u00e1 svi\u00f0i salarins \u00fear sem nemendur og ... Read More","og_url":"https:\/\/dev.borgarbyggd.is\/grunnborg\/nemendur-og-foreldrar\/oskilamunir\/","og_site_name":"Grunnsk\u00f3linn \u00ed Borgarnesi","article_modified_time":"2024-04-04T10:17:12+00:00","twitter_card":"summary_large_image","twitter_misc":{"Est. reading time":"1 minute"},"schema":{"@context":"https:\/\/schema.org","@graph":[{"@type":"WebPage","@id":"https:\/\/dev.borgarbyggd.is\/grunnborg\/nemendur-og-foreldrar\/oskilamunir\/","url":"https:\/\/dev.borgarbyggd.is\/grunnborg\/nemendur-og-foreldrar\/oskilamunir\/","name":"\u00d3skilamunir - Grunnsk\u00f3linn \u00ed Borgarnesi","isPartOf":{"@id":"https:\/\/dev.borgarbyggd.is\/grunnborg\/#website"},"datePublished":"2023-10-05T09:48:00+00:00","dateModified":"2024-04-04T10:17:12+00:00","breadcrumb":{"@id":"https:\/\/dev.borgarbyggd.is\/grunnborg\/nemendur-og-foreldrar\/oskilamunir\/#breadcrumb"},"inLanguage":"en-US","potentialAction":[{"@type":"ReadAction","target":["https:\/\/dev.borgarbyggd.is\/grunnborg\/nemendur-og-foreldrar\/oskilamunir\/"]}]},{"@type":"BreadcrumbList","@id":"https:\/\/dev.borgarbyggd.is\/grunnborg\/nemendur-og-foreldrar\/oskilamunir\/#breadcrumb","itemListElement":[{"@type":"ListItem","position":1,"name":"Home","item":"https:\/\/dev.borgarbyggd.is\/grunnborg\/"},{"@type":"ListItem","position":2,"name":"Nemendur og foreldrar","item":"https:\/\/dev.borgarbyggd.is\/grunnborg\/nemendur-og-foreldrar\/"},{"@type":"ListItem","position":3,"name":"\u00d3skilamunir"}]},{"@type":"WebSite","@id":"https:\/\/dev.borgarbyggd.is\/grunnborg\/#website","url":"https:\/\/dev.borgarbyggd.is\/grunnborg\/","name":"Grunnsk\u00f3linn \u00ed Borgarnesi","description":"","potentialAction":[{"@type":"SearchAction","target":{"@type":"EntryPoint","urlTemplate":"https:\/\/dev.borgarbyggd.is\/grunnborg\/?s={search_term_string}"},"query-input":{"@type":"PropertyValueSpecification","valueRequired":true,"valueName":"search_term_string"}}],"inLanguage":"en-US"}]}},"_links":{"self":[{"href":"https:\/\/dev.borgarbyggd.is\/grunnborg\/wp-json\/wp\/v2\/pages\/340","targetHints":{"allow":["GET"]}}],"collection":[{"href":"https:\/\/dev.borgarbyggd.is\/grunnborg\/wp-json\/wp\/v2\/pages"}],"about":[{"href":"https:\/\/dev.borgarbyggd.is\/grunnborg\/wp-json\/wp\/v2\/types\/page"}],"author":[{"embeddable":true,"href":"https:\/\/dev.borgarbyggd.is\/grunnborg\/wp-json\/wp\/v2\/users\/4"}],"replies":[{"embeddable":true,"href":"https:\/\/dev.borgarbyggd.is\/grunnborg\/wp-json\/wp\/v2\/comments?post=340"}],"version-history":[{"count":0,"href":"https:\/\/dev.borgarbyggd.is\/grunnborg\/wp-json\/wp\/v2\/pages\/340\/revisions"}],"up":[{"embeddable":true,"href":"https:\/\/dev.borgarbyggd.is\/grunnborg\/wp-json\/wp\/v2\/pages\/51"}],"wp:attachment":[{"href":"https:\/\/dev.borgarbyggd.is\/grunnborg\/wp-json\/wp\/v2\/media?parent=340"}],"curies":[{"name":"wp","href":"https:\/\/api.w.org\/{rel}","templated":true}]}}