{"id":338,"date":"2023-10-05T09:46:56","date_gmt":"2023-10-05T09:46:56","guid":{"rendered":"https:\/\/dev.borgarbyggd.is\/grunnborg\/?page_id=338"},"modified":"2025-12-15T08:36:43","modified_gmt":"2025-12-15T08:36:43","slug":"hlutverk-bekkjarfulltrua","status":"publish","type":"page","link":"https:\/\/dev.borgarbyggd.is\/grunnborg\/nemendur-og-foreldrar\/hlutverk-bekkjarfulltrua\/","title":{"rendered":"Bekkjarfulltr\u00faar"},"content":{"rendered":"<h3>Hlutverk bekkjarfulltr\u00faa<\/h3>\n<p><span data-contrast=\"auto\">Stj\u00f3rn Foreldraf\u00e9lags Grunnsk\u00f3lans \u00ed Borgarnesi ber \u00e1byrg\u00f0 \u00e1 \u00fev\u00ed a\u00f0 bekkjarfulltr\u00faar ver\u00f0i kosnir \u00ed \u00f6llum bekkjardeildum grunnsk\u00f3lans \u00e1r hvert. Bekkjarfulltr\u00faar sitja \u00ed fulltr\u00faar\u00e1\u00f0i foreldraf\u00e9lagsins en \u00fea\u00f0 skal kalla\u00f0 saman a.m.k. tvisvar \u00e1 \u00e1ri.<\/span><br \/>\n<span data-contrast=\"auto\">Almennt er hlutverk bekkjarfulltr\u00faa a\u00f0 efla og styrkja samstarf foreldra og barna. Leitast er vi\u00f0 a\u00f0 treysta samband heimilis og sk\u00f3la innan hverrar bekkjardeildar me\u00f0 n\u00e1nu samstarfi vi\u00f0 umsj\u00f3narkennara.<\/span><span data-ccp-props=\"{&quot;134233117&quot;:true,&quot;134233118&quot;:true,&quot;201341983&quot;:0,&quot;335559739&quot;:160,&quot;335559740&quot;:240}\">\u00a0<\/span><\/p>\n<p><strong>Verkefni og skyldur:<\/strong><span data-ccp-props=\"{&quot;134233117&quot;:true,&quot;134233118&quot;:true,&quot;201341983&quot;:0,&quot;335559739&quot;:160,&quot;335559740&quot;:240}\">\u00a0<\/span><\/p>\n<p><span data-contrast=\"auto\">A\u00f0 hausti skulu bekkjarfulltr\u00faar bo\u00f0a til fundar me\u00f0 foreldrum barnanna \u00ed bekknum og skipuleggja starf vetrarins. Hugsanlega h\u00e6gt a\u00f0 samn\u00fdta haustfund me\u00f0 umsj\u00f3narkennara. Huga \u00fearf s\u00e9rstaklega a\u00f0 \u00fev\u00ed a\u00f0 bj\u00f3\u00f0a n\u00fdja foreldra velkomna \u00ed h\u00f3pinn.\u00a0<\/span><span data-ccp-props=\"{&quot;134233117&quot;:true,&quot;134233118&quot;:true,&quot;201341983&quot;:0,&quot;335559739&quot;:160,&quot;335559740&quot;:240}\">\u00a0<\/span><\/p>\n<p><span data-contrast=\"auto\">\u00c1kve\u00f0a \u00fearf hva\u00f0a bo\u00f0lei\u00f0ir ver\u00f0a nota\u00f0ar til a\u00f0 koma uppl\u00fdsingum til f\u00f3lks, t.d. me\u00f0 facebook-h\u00f3p og\/e\u00f0a netfangalista. A\u00f0 fundi loknum er m\u00e6lt me\u00f0 a\u00f0 gefa \u00fat a\u00f0gengilega dagskr\u00e1 fyrir veturinn. Vi\u00f0 \u00fea\u00f0 skapast \u00e1kve\u00f0i\u00f0 a\u00f0hald a\u00f0 standa vi\u00f0 \u00e1formin.<\/span><span data-ccp-props=\"{&quot;134233117&quot;:true,&quot;134233118&quot;:true,&quot;201341983&quot;:0,&quot;335559739&quot;:160,&quot;335559740&quot;:240}\">\u00a0<\/span><\/p>\n<p><span data-contrast=\"auto\">Skipuleggja skal a.m.k. tvo vi\u00f0bur\u00f0i fyrir bekkinn, einn \u00e1 hvorri \u00f6nn, \u00fear sem b\u00f6rn og foreldrar koma saman.\u00a0<\/span><span data-ccp-props=\"{&quot;134233117&quot;:true,&quot;134233118&quot;:true,&quot;201341983&quot;:0,&quot;335559739&quot;:160,&quot;335559740&quot;:240}\">\u00a0<\/span><\/p>\n<p><span data-contrast=\"auto\">M\u00e6lt er me\u00f0 \u00fev\u00ed a\u00f0 foreldrar hittist einnig \u00e1n barna, \u00fdmist til a\u00f0 taka fyrir \u00e1kve\u00f0in m\u00e1l e\u00f0a einfaldlega til a\u00f0 hittast, kynnast og hafa gaman.<\/span><span data-ccp-props=\"{&quot;134233117&quot;:true,&quot;134233118&quot;:true,&quot;201341983&quot;:0,&quot;335559739&quot;:160,&quot;335559740&quot;:240}\">\u00a0<\/span><\/p>\n<p><span data-contrast=\"auto\">Bekkjarfulltr\u00faar eru tengili\u00f0ir foreldra vi\u00f0 umsj\u00f3narkennara og koma \u00feannig sj\u00f3narmi\u00f0um foreldra \u00e1 framf\u00e6ri \u00feegar \u00feess gerist \u00fe\u00f6rf. \u00dea\u00f0 sama \u00e1 vi\u00f0 gagnvart stj\u00f3rn foreldraf\u00e9lagsins og sk\u00f3lar\u00e1\u00f0i.\u00a0<\/span><span data-ccp-props=\"{&quot;134233117&quot;:true,&quot;134233118&quot;:true,&quot;201341983&quot;:0,&quot;335559739&quot;:160,&quot;335559740&quot;:240}\">\u00a0<\/span><\/p>\n<p><span data-contrast=\"auto\">Bekkjarfulltr\u00faar skulu leitast vi\u00f0 a\u00f0 virkja a\u00f0ra foreldra til a\u00f0sto\u00f0ar eftir \u00fe\u00f6rfum, b\u00e6\u00f0i vi\u00f0 bekkjarsamkomur og eins vi\u00f0 st\u00e6rri vi\u00f0bur\u00f0i, t.d. j\u00f3laf\u00f6ndur foreldraf\u00e9lagsins og upp\u00e1komur sem umsj\u00f3narkennarar kunna a\u00f0 skipuleggja.<\/span><span data-ccp-props=\"{&quot;134233117&quot;:true,&quot;134233118&quot;:true,&quot;201341983&quot;:0,&quot;335559739&quot;:160,&quot;335559740&quot;:240}\">\u00a0<\/span><\/p>\n<p><span data-contrast=\"auto\">Til allra foreldra! T\u00f6kum \u00fev\u00ed fagnandi a\u00f0 geta unni\u00f0 \u00ed \u00fe\u00e1gu barnanna okkar. A\u00f0 vera bekkjarfulltr\u00fai er ekki kv\u00f6\u00f0 heldur t\u00e6kif\u00e6ri til a\u00f0 taka \u00fe\u00e1tt og l\u00e1ta gott af s\u00e9r lei\u00f0a. Leyfi\u00f0 ykkur a\u00f0 nota hugmyndaflugi\u00f0 og veri\u00f0 \u00f3hr\u00e6dd a\u00f0 virkja a\u00f0ra me\u00f0 ykkur. Oft er h\u00e6gt a\u00f0 gera \u00f3tr\u00falega einfalda hluti \u00ed n\u00e6rumhverfinu sem gle\u00f0ja og k\u00e6ta. Samveran er \u00fea\u00f0 sem skilur mest eftir sig. Gangi ykkur vel!<\/span><span data-ccp-props=\"{&quot;134233117&quot;:true,&quot;134233118&quot;:true,&quot;201341983&quot;:0,&quot;335559739&quot;:160,&quot;335559740&quot;:240}\">\u00a0<\/span><\/p>\n<p>&nbsp;<\/p>\n<h3>Bekkjarfulltr\u00faar 2025 &#8211; 2026<\/h3>\n<p>&nbsp;<\/p>\n<p><strong>1. bekkur:<\/strong><\/p>\n<p>Agnes Rut H\u00f6gnad\u00f3ttir, \u00c1str\u00fan Kolbeinsd\u00f3ttir og Ragnar Steind\u00f3rsson<\/p>\n<p><strong>2. bekkur: <\/strong><\/p>\n<p>Gu\u00f0r\u00ed\u00f0ur Hl\u00edf Sigf\u00fasd\u00f3ttir og Gunnfr\u00ed\u00f0ur \u00d3lafsd\u00f3ttir<\/p>\n<p><strong>3. bekkur:<\/strong><\/p>\n<p>Mar\u00eda L\u00edsbet \u00d3lafsd\u00f3ttir, Sigr\u00ed\u00f0ur Th. Sigurbj\u00f6rnsd\u00f3ttir og Kara Lau Eyj\u00f3lfsd\u00f3ttir<\/p>\n<p><strong>4. bekkur:<\/strong><\/p>\n<p>Helgi Gu\u00f0mundsson, Karina Nielsen og Hei\u00f0r\u00fan Halld\u00f3rsd\u00f3ttir<\/p>\n<p><strong>5. bekkur:<\/strong><\/p>\n<p>\u00de\u00f3runn Unnur Birgisd\u00f3ttir, Anna Sigr\u00ed\u00f0ur Gu\u00f0brandsd\u00f3ttir, Krist\u00edn Mar\u00eda K\u00e1rad\u00f3ttir og Kirst\u00edn Mark\u00fasd\u00f3ttir<\/p>\n<p><strong>6. bekkur:<\/strong><\/p>\n<p>Sonja Lind Estrajher Eygl\u00f3ard\u00f3ttir og Hei\u00f0r\u00fan Halld\u00f3rsd\u00f3ttir<\/p>\n<p><strong>7. bekkur:<\/strong><\/p>\n<p>Hei\u00f0r\u00fan Helga Bjarnad\u00f3ttir og Svala J\u00f3nsd\u00f3ttir<\/p>\n<p><strong>8. bekkur:<\/strong><\/p>\n<p>Krist\u00edn Erla Einarsd\u00f3ttir, J\u00fal\u00eda Gu\u00f0j\u00f3nsd\u00f3ttir og Gu\u00f0r\u00fan Steinunn Gu\u00f0brandsd\u00f3ttir<\/p>\n<p><strong>9. bekkur:<\/strong><\/p>\n<p>Sigr\u00fan El\u00edasd\u00f3ttir<\/p>\n<p><strong>10. bekkur:<\/strong><\/p>\n<p>S\u00f3lveig Hallsteinsd\u00f3ttir og Margr\u00e9t Freyja Vi\u00f0arsd\u00f3ttir<\/p>\n<p>&nbsp;<\/p>\n<p>&nbsp;<\/p>\n","protected":false},"excerpt":{"rendered":"<p>Hlutverk bekkjarfulltr\u00faa Stj\u00f3rn Foreldraf\u00e9lags Grunnsk\u00f3lans \u00ed Borgarnesi ber \u00e1byrg\u00f0 \u00e1 \u00fev\u00ed a\u00f0 bekkjarfulltr\u00faar ver\u00f0i kosnir \u00ed \u00f6llum bekkjardeildum grunnsk\u00f3lans \u00e1r hvert. Bekkjarfulltr\u00faar sitja \u00ed fulltr\u00faar\u00e1\u00f0i foreldraf\u00e9lagsins en \u00fea\u00f0 skal kalla\u00f0 saman a.m.k. tvisvar \u00e1 \u00e1ri. Almennt er hlutverk bekkjarfulltr\u00faa a\u00f0 efla og styrkja samstarf foreldra og barna. Leitast er vi\u00f0 a\u00f0 treysta samband heimilis og sk\u00f3la innan hverrar bekkjardeildar me\u00f0 &#8230; <\/p>\n<div><a href=\"https:\/\/dev.borgarbyggd.is\/grunnborg\/nemendur-og-foreldrar\/hlutverk-bekkjarfulltrua\/\" class=\"more-link\">Read More<\/a><\/div>\n","protected":false},"author":4,"featured_media":0,"parent":51,"menu_order":0,"comment_status":"closed","ping_status":"closed","template":"","meta":{"_acf_changed":false,"footnotes":""},"class_list":["post-338","page","type-page","status-publish","hentry","no-post-thumbnail"],"acf":{"quickaccess":false},"yoast_head":"<!-- This site is optimized with the Yoast SEO plugin v24.0 - https:\/\/yoast.com\/wordpress\/plugins\/seo\/ -->\n<title>Bekkjarfulltr\u00faar - Grunnsk\u00f3linn \u00ed Borgarnesi<\/title>\n<meta name=\"robots\" content=\"index, follow, max-snippet:-1, max-image-preview:large, max-video-preview:-1\" \/>\n<link rel=\"canonical\" href=\"https:\/\/dev.borgarbyggd.is\/grunnborg\/nemendur-og-foreldrar\/hlutverk-bekkjarfulltrua\/\" \/>\n<meta property=\"og:locale\" content=\"en_US\" \/>\n<meta property=\"og:type\" content=\"article\" \/>\n<meta property=\"og:title\" content=\"Bekkjarfulltr\u00faar - Grunnsk\u00f3linn \u00ed Borgarnesi\" \/>\n<meta property=\"og:description\" content=\"Hlutverk bekkjarfulltr\u00faa Stj\u00f3rn Foreldraf\u00e9lags Grunnsk\u00f3lans \u00ed Borgarnesi ber \u00e1byrg\u00f0 \u00e1 \u00fev\u00ed a\u00f0 bekkjarfulltr\u00faar ver\u00f0i kosnir \u00ed \u00f6llum bekkjardeildum grunnsk\u00f3lans \u00e1r hvert. Bekkjarfulltr\u00faar sitja \u00ed fulltr\u00faar\u00e1\u00f0i foreldraf\u00e9lagsins en \u00fea\u00f0 skal kalla\u00f0 saman a.m.k. tvisvar \u00e1 \u00e1ri. Almennt er hlutverk bekkjarfulltr\u00faa a\u00f0 efla og styrkja samstarf foreldra og barna. Leitast er vi\u00f0 a\u00f0 treysta samband heimilis og sk\u00f3la innan hverrar bekkjardeildar me\u00f0 ... Read More\" \/>\n<meta property=\"og:url\" content=\"https:\/\/dev.borgarbyggd.is\/grunnborg\/nemendur-og-foreldrar\/hlutverk-bekkjarfulltrua\/\" \/>\n<meta property=\"og:site_name\" content=\"Grunnsk\u00f3linn \u00ed Borgarnesi\" \/>\n<meta property=\"article:modified_time\" content=\"2025-12-15T08:36:43+00:00\" \/>\n<meta name=\"twitter:card\" content=\"summary_large_image\" \/>\n<meta name=\"twitter:label1\" content=\"Est. reading time\" \/>\n\t<meta name=\"twitter:data1\" content=\"2 minutes\" \/>\n<script type=\"application\/ld+json\" class=\"yoast-schema-graph\">{\"@context\":\"https:\/\/schema.org\",\"@graph\":[{\"@type\":\"WebPage\",\"@id\":\"https:\/\/dev.borgarbyggd.is\/grunnborg\/nemendur-og-foreldrar\/hlutverk-bekkjarfulltrua\/\",\"url\":\"https:\/\/dev.borgarbyggd.is\/grunnborg\/nemendur-og-foreldrar\/hlutverk-bekkjarfulltrua\/\",\"name\":\"Bekkjarfulltr\u00faar - Grunnsk\u00f3linn \u00ed Borgarnesi\",\"isPartOf\":{\"@id\":\"https:\/\/dev.borgarbyggd.is\/grunnborg\/#website\"},\"datePublished\":\"2023-10-05T09:46:56+00:00\",\"dateModified\":\"2025-12-15T08:36:43+00:00\",\"breadcrumb\":{\"@id\":\"https:\/\/dev.borgarbyggd.is\/grunnborg\/nemendur-og-foreldrar\/hlutverk-bekkjarfulltrua\/#breadcrumb\"},\"inLanguage\":\"en-US\",\"potentialAction\":[{\"@type\":\"ReadAction\",\"target\":[\"https:\/\/dev.borgarbyggd.is\/grunnborg\/nemendur-og-foreldrar\/hlutverk-bekkjarfulltrua\/\"]}]},{\"@type\":\"BreadcrumbList\",\"@id\":\"https:\/\/dev.borgarbyggd.is\/grunnborg\/nemendur-og-foreldrar\/hlutverk-bekkjarfulltrua\/#breadcrumb\",\"itemListElement\":[{\"@type\":\"ListItem\",\"position\":1,\"name\":\"Home\",\"item\":\"https:\/\/dev.borgarbyggd.is\/grunnborg\/\"},{\"@type\":\"ListItem\",\"position\":2,\"name\":\"Nemendur og foreldrar\",\"item\":\"https:\/\/dev.borgarbyggd.is\/grunnborg\/nemendur-og-foreldrar\/\"},{\"@type\":\"ListItem\",\"position\":3,\"name\":\"Bekkjarfulltr\u00faar\"}]},{\"@type\":\"WebSite\",\"@id\":\"https:\/\/dev.borgarbyggd.is\/grunnborg\/#website\",\"url\":\"https:\/\/dev.borgarbyggd.is\/grunnborg\/\",\"name\":\"Grunnsk\u00f3linn \u00ed Borgarnesi\",\"description\":\"\",\"potentialAction\":[{\"@type\":\"SearchAction\",\"target\":{\"@type\":\"EntryPoint\",\"urlTemplate\":\"https:\/\/dev.borgarbyggd.is\/grunnborg\/?s={search_term_string}\"},\"query-input\":{\"@type\":\"PropertyValueSpecification\",\"valueRequired\":true,\"valueName\":\"search_term_string\"}}],\"inLanguage\":\"en-US\"}]}<\/script>\n<!-- \/ Yoast SEO plugin. -->","yoast_head_json":{"title":"Bekkjarfulltr\u00faar - Grunnsk\u00f3linn \u00ed Borgarnesi","robots":{"index":"index","follow":"follow","max-snippet":"max-snippet:-1","max-image-preview":"max-image-preview:large","max-video-preview":"max-video-preview:-1"},"canonical":"https:\/\/dev.borgarbyggd.is\/grunnborg\/nemendur-og-foreldrar\/hlutverk-bekkjarfulltrua\/","og_locale":"en_US","og_type":"article","og_title":"Bekkjarfulltr\u00faar - Grunnsk\u00f3linn \u00ed Borgarnesi","og_description":"Hlutverk bekkjarfulltr\u00faa Stj\u00f3rn Foreldraf\u00e9lags Grunnsk\u00f3lans \u00ed Borgarnesi ber \u00e1byrg\u00f0 \u00e1 \u00fev\u00ed a\u00f0 bekkjarfulltr\u00faar ver\u00f0i kosnir \u00ed \u00f6llum bekkjardeildum grunnsk\u00f3lans \u00e1r hvert. Bekkjarfulltr\u00faar sitja \u00ed fulltr\u00faar\u00e1\u00f0i foreldraf\u00e9lagsins en \u00fea\u00f0 skal kalla\u00f0 saman a.m.k. tvisvar \u00e1 \u00e1ri. Almennt er hlutverk bekkjarfulltr\u00faa a\u00f0 efla og styrkja samstarf foreldra og barna. Leitast er vi\u00f0 a\u00f0 treysta samband heimilis og sk\u00f3la innan hverrar bekkjardeildar me\u00f0 ... Read More","og_url":"https:\/\/dev.borgarbyggd.is\/grunnborg\/nemendur-og-foreldrar\/hlutverk-bekkjarfulltrua\/","og_site_name":"Grunnsk\u00f3linn \u00ed Borgarnesi","article_modified_time":"2025-12-15T08:36:43+00:00","twitter_card":"summary_large_image","twitter_misc":{"Est. reading time":"2 minutes"},"schema":{"@context":"https:\/\/schema.org","@graph":[{"@type":"WebPage","@id":"https:\/\/dev.borgarbyggd.is\/grunnborg\/nemendur-og-foreldrar\/hlutverk-bekkjarfulltrua\/","url":"https:\/\/dev.borgarbyggd.is\/grunnborg\/nemendur-og-foreldrar\/hlutverk-bekkjarfulltrua\/","name":"Bekkjarfulltr\u00faar - Grunnsk\u00f3linn \u00ed Borgarnesi","isPartOf":{"@id":"https:\/\/dev.borgarbyggd.is\/grunnborg\/#website"},"datePublished":"2023-10-05T09:46:56+00:00","dateModified":"2025-12-15T08:36:43+00:00","breadcrumb":{"@id":"https:\/\/dev.borgarbyggd.is\/grunnborg\/nemendur-og-foreldrar\/hlutverk-bekkjarfulltrua\/#breadcrumb"},"inLanguage":"en-US","potentialAction":[{"@type":"ReadAction","target":["https:\/\/dev.borgarbyggd.is\/grunnborg\/nemendur-og-foreldrar\/hlutverk-bekkjarfulltrua\/"]}]},{"@type":"BreadcrumbList","@id":"https:\/\/dev.borgarbyggd.is\/grunnborg\/nemendur-og-foreldrar\/hlutverk-bekkjarfulltrua\/#breadcrumb","itemListElement":[{"@type":"ListItem","position":1,"name":"Home","item":"https:\/\/dev.borgarbyggd.is\/grunnborg\/"},{"@type":"ListItem","position":2,"name":"Nemendur og foreldrar","item":"https:\/\/dev.borgarbyggd.is\/grunnborg\/nemendur-og-foreldrar\/"},{"@type":"ListItem","position":3,"name":"Bekkjarfulltr\u00faar"}]},{"@type":"WebSite","@id":"https:\/\/dev.borgarbyggd.is\/grunnborg\/#website","url":"https:\/\/dev.borgarbyggd.is\/grunnborg\/","name":"Grunnsk\u00f3linn \u00ed Borgarnesi","description":"","potentialAction":[{"@type":"SearchAction","target":{"@type":"EntryPoint","urlTemplate":"https:\/\/dev.borgarbyggd.is\/grunnborg\/?s={search_term_string}"},"query-input":{"@type":"PropertyValueSpecification","valueRequired":true,"valueName":"search_term_string"}}],"inLanguage":"en-US"}]}},"_links":{"self":[{"href":"https:\/\/dev.borgarbyggd.is\/grunnborg\/wp-json\/wp\/v2\/pages\/338","targetHints":{"allow":["GET"]}}],"collection":[{"href":"https:\/\/dev.borgarbyggd.is\/grunnborg\/wp-json\/wp\/v2\/pages"}],"about":[{"href":"https:\/\/dev.borgarbyggd.is\/grunnborg\/wp-json\/wp\/v2\/types\/page"}],"author":[{"embeddable":true,"href":"https:\/\/dev.borgarbyggd.is\/grunnborg\/wp-json\/wp\/v2\/users\/4"}],"replies":[{"embeddable":true,"href":"https:\/\/dev.borgarbyggd.is\/grunnborg\/wp-json\/wp\/v2\/comments?post=338"}],"version-history":[{"count":0,"href":"https:\/\/dev.borgarbyggd.is\/grunnborg\/wp-json\/wp\/v2\/pages\/338\/revisions"}],"up":[{"embeddable":true,"href":"https:\/\/dev.borgarbyggd.is\/grunnborg\/wp-json\/wp\/v2\/pages\/51"}],"wp:attachment":[{"href":"https:\/\/dev.borgarbyggd.is\/grunnborg\/wp-json\/wp\/v2\/media?parent=338"}],"curies":[{"name":"wp","href":"https:\/\/api.w.org\/{rel}","templated":true}]}}