{"id":329,"date":"2023-10-05T09:43:24","date_gmt":"2023-10-05T09:43:24","guid":{"rendered":"https:\/\/dev.borgarbyggd.is\/grunnborg\/?page_id=329"},"modified":"2024-04-09T13:24:25","modified_gmt":"2024-04-09T13:24:25","slug":"grunnthaettir-menntunar","status":"publish","type":"page","link":"https:\/\/dev.borgarbyggd.is\/grunnborg\/nam-og-kennsla\/grunnthaettir-menntunar\/","title":{"rendered":"Grunn\u00fe\u00e6ttir menntunar"},"content":{"rendered":"<h2 class=\"h-custom-headline h5\">\u00datf\u00e6rsla sk\u00f3lans \u00e1 grunn\u00fe\u00e1ttum \u00ed menntun og \u00e1hreslu\u00fe\u00e1ttum grunnsk\u00f3lalaga<\/h2>\n<div id=\"\" class=\"x-text\">\n<p>Grunn\u00fe\u00e6ttir \u00ed menntun eiga a\u00f0 vera lei\u00f0arlj\u00f3s \u00ed almennri menntun og starfsh\u00e1ttum grunnsk\u00f3la. \u00deeir eiga a\u00f0 birtast \u00ed inntaki n\u00e1msgreina, \u00ed h\u00e6fni nemenda, n\u00e1msmati, sk\u00f3lan\u00e1mskr\u00e1 og innra mati sk\u00f3lans. Samkv\u00e6mt A\u00f0aln\u00e1mskr\u00e1 grunnsk\u00f3la eru grunn\u00fe\u00e6ttir menntunar sex, \u00fe.e.:<\/p>\n<\/div>\n<div id=\"\" class=\"x-text\">\n<ol>\n<li><a href=\"https:\/\/dev.borgarbyggd.is\/grunnborg\/wp-content\/uploads\/sites\/2\/2024\/04\/Laesi-1.pdf\"><span style=\"color: #0000ff\">L\u00e6si<\/span><\/a><\/li>\n<li><a href=\"https:\/\/dev.borgarbyggd.is\/grunnborg\/wp-content\/uploads\/sites\/2\/2024\/04\/Sjalfbaerni.pdf\"><span style=\"color: #0000ff\">Sj\u00e1lfb\u00e6rni<\/span><\/a><\/li>\n<li><a href=\"https:\/\/dev.borgarbyggd.is\/grunnborg\/wp-content\/uploads\/sites\/2\/2024\/04\/Heilbrigdi-og-velferd-1.pdf\"><span style=\"color: #0000ff\">Heilbrig\u00f0i og velfer\u00f0<\/span><\/a><\/li>\n<li><a href=\"https:\/\/dev.borgarbyggd.is\/grunnborg\/wp-content\/uploads\/sites\/2\/2024\/04\/Lydraedi-og-mannrettindi-1.pdf\"><span style=\"color: #0000ff\">L\u00fd\u00f0r\u00e6\u00f0i og mannr\u00e9ttindi<\/span><\/a><\/li>\n<li><a href=\"https:\/\/dev.borgarbyggd.is\/grunnborg\/wp-content\/uploads\/sites\/2\/2024\/04\/Jafnretti-1.pdf\"><span style=\"color: #0000ff\">Jafnr\u00e9tti<\/span><\/a><\/li>\n<li><a href=\"https:\/\/dev.borgarbyggd.is\/grunnborg\/wp-content\/uploads\/sites\/2\/2024\/04\/Skopun.pdf\"><span style=\"color: #0000ff\">Sk\u00f6pun<\/span><\/a><\/li>\n<\/ol>\n<\/div>\n<div id=\"\" class=\"x-text\">\n<p>Grunn\u00fe\u00e6ttirnir eiga a\u00f0 vera s\u00fdnilegir \u00ed n\u00e1mskr\u00e1m allra kennslugreina me\u00f0 einum e\u00f0a \u00f6\u00f0rum h\u00e6tti. H\u00e6gt er a\u00f0 velja h\u00e9r a\u00f0 ofan \u00e1herslu\u00fe\u00e1tt til a\u00f0 sko\u00f0a betur.<\/p>\n<\/div>\n<div id=\"\" class=\"x-text cs-ta-right\">\n<p>&nbsp;<\/p>\n<p style=\"text-align: right\">Uppf\u00e6rt 07\/2014<\/p>\n<\/div>\n","protected":false},"excerpt":{"rendered":"<p>\u00datf\u00e6rsla sk\u00f3lans \u00e1 grunn\u00fe\u00e1ttum \u00ed menntun og \u00e1hreslu\u00fe\u00e1ttum grunnsk\u00f3lalaga Grunn\u00fe\u00e6ttir \u00ed menntun eiga a\u00f0 vera lei\u00f0arlj\u00f3s \u00ed almennri menntun og starfsh\u00e1ttum grunnsk\u00f3la. \u00deeir eiga a\u00f0 birtast \u00ed inntaki n\u00e1msgreina, \u00ed h\u00e6fni nemenda, n\u00e1msmati, sk\u00f3lan\u00e1mskr\u00e1 og innra mati sk\u00f3lans. Samkv\u00e6mt A\u00f0aln\u00e1mskr\u00e1 grunnsk\u00f3la eru grunn\u00fe\u00e6ttir menntunar sex, \u00fe.e.: L\u00e6si Sj\u00e1lfb\u00e6rni Heilbrig\u00f0i og velfer\u00f0 L\u00fd\u00f0r\u00e6\u00f0i og mannr\u00e9ttindi Jafnr\u00e9tti Sk\u00f6pun Grunn\u00fe\u00e6ttirnir eiga a\u00f0 vera &#8230; <\/p>\n<div><a href=\"https:\/\/dev.borgarbyggd.is\/grunnborg\/nam-og-kennsla\/grunnthaettir-menntunar\/\" class=\"more-link\">Read More<\/a><\/div>\n","protected":false},"author":4,"featured_media":0,"parent":50,"menu_order":0,"comment_status":"closed","ping_status":"closed","template":"","meta":{"_acf_changed":false,"footnotes":""},"class_list":["post-329","page","type-page","status-publish","hentry","no-post-thumbnail"],"acf":{"quickaccess":false},"yoast_head":"<!-- This site is optimized with the Yoast SEO plugin v24.0 - https:\/\/yoast.com\/wordpress\/plugins\/seo\/ -->\n<title>Grunn\u00fe\u00e6ttir menntunar - Grunnsk\u00f3linn \u00ed Borgarnesi<\/title>\n<meta name=\"robots\" content=\"index, follow, max-snippet:-1, max-image-preview:large, max-video-preview:-1\" \/>\n<link rel=\"canonical\" href=\"https:\/\/dev.borgarbyggd.is\/grunnborg\/nam-og-kennsla\/grunnthaettir-menntunar\/\" \/>\n<meta property=\"og:locale\" content=\"en_US\" \/>\n<meta property=\"og:type\" content=\"article\" \/>\n<meta property=\"og:title\" content=\"Grunn\u00fe\u00e6ttir menntunar - Grunnsk\u00f3linn \u00ed Borgarnesi\" \/>\n<meta property=\"og:description\" content=\"\u00datf\u00e6rsla sk\u00f3lans \u00e1 grunn\u00fe\u00e1ttum \u00ed menntun og \u00e1hreslu\u00fe\u00e1ttum grunnsk\u00f3lalaga Grunn\u00fe\u00e6ttir \u00ed menntun eiga a\u00f0 vera lei\u00f0arlj\u00f3s \u00ed almennri menntun og starfsh\u00e1ttum grunnsk\u00f3la. \u00deeir eiga a\u00f0 birtast \u00ed inntaki n\u00e1msgreina, \u00ed h\u00e6fni nemenda, n\u00e1msmati, sk\u00f3lan\u00e1mskr\u00e1 og innra mati sk\u00f3lans. Samkv\u00e6mt A\u00f0aln\u00e1mskr\u00e1 grunnsk\u00f3la eru grunn\u00fe\u00e6ttir menntunar sex, \u00fe.e.: L\u00e6si Sj\u00e1lfb\u00e6rni Heilbrig\u00f0i og velfer\u00f0 L\u00fd\u00f0r\u00e6\u00f0i og mannr\u00e9ttindi Jafnr\u00e9tti Sk\u00f6pun Grunn\u00fe\u00e6ttirnir eiga a\u00f0 vera ... Read More\" \/>\n<meta property=\"og:url\" content=\"https:\/\/dev.borgarbyggd.is\/grunnborg\/nam-og-kennsla\/grunnthaettir-menntunar\/\" \/>\n<meta property=\"og:site_name\" content=\"Grunnsk\u00f3linn \u00ed Borgarnesi\" \/>\n<meta property=\"article:modified_time\" content=\"2024-04-09T13:24:25+00:00\" \/>\n<meta name=\"twitter:card\" content=\"summary_large_image\" \/>\n<meta name=\"twitter:label1\" content=\"Est. reading time\" \/>\n\t<meta name=\"twitter:data1\" content=\"1 minute\" \/>\n<script type=\"application\/ld+json\" class=\"yoast-schema-graph\">{\"@context\":\"https:\/\/schema.org\",\"@graph\":[{\"@type\":\"WebPage\",\"@id\":\"https:\/\/dev.borgarbyggd.is\/grunnborg\/nam-og-kennsla\/grunnthaettir-menntunar\/\",\"url\":\"https:\/\/dev.borgarbyggd.is\/grunnborg\/nam-og-kennsla\/grunnthaettir-menntunar\/\",\"name\":\"Grunn\u00fe\u00e6ttir menntunar - Grunnsk\u00f3linn \u00ed Borgarnesi\",\"isPartOf\":{\"@id\":\"https:\/\/dev.borgarbyggd.is\/grunnborg\/#website\"},\"datePublished\":\"2023-10-05T09:43:24+00:00\",\"dateModified\":\"2024-04-09T13:24:25+00:00\",\"breadcrumb\":{\"@id\":\"https:\/\/dev.borgarbyggd.is\/grunnborg\/nam-og-kennsla\/grunnthaettir-menntunar\/#breadcrumb\"},\"inLanguage\":\"en-US\",\"potentialAction\":[{\"@type\":\"ReadAction\",\"target\":[\"https:\/\/dev.borgarbyggd.is\/grunnborg\/nam-og-kennsla\/grunnthaettir-menntunar\/\"]}]},{\"@type\":\"BreadcrumbList\",\"@id\":\"https:\/\/dev.borgarbyggd.is\/grunnborg\/nam-og-kennsla\/grunnthaettir-menntunar\/#breadcrumb\",\"itemListElement\":[{\"@type\":\"ListItem\",\"position\":1,\"name\":\"Home\",\"item\":\"https:\/\/dev.borgarbyggd.is\/grunnborg\/\"},{\"@type\":\"ListItem\",\"position\":2,\"name\":\"N\u00e1m og kennsla\",\"item\":\"https:\/\/dev.borgarbyggd.is\/grunnborg\/nam-og-kennsla\/\"},{\"@type\":\"ListItem\",\"position\":3,\"name\":\"Grunn\u00fe\u00e6ttir menntunar\"}]},{\"@type\":\"WebSite\",\"@id\":\"https:\/\/dev.borgarbyggd.is\/grunnborg\/#website\",\"url\":\"https:\/\/dev.borgarbyggd.is\/grunnborg\/\",\"name\":\"Grunnsk\u00f3linn \u00ed Borgarnesi\",\"description\":\"\",\"potentialAction\":[{\"@type\":\"SearchAction\",\"target\":{\"@type\":\"EntryPoint\",\"urlTemplate\":\"https:\/\/dev.borgarbyggd.is\/grunnborg\/?s={search_term_string}\"},\"query-input\":{\"@type\":\"PropertyValueSpecification\",\"valueRequired\":true,\"valueName\":\"search_term_string\"}}],\"inLanguage\":\"en-US\"}]}<\/script>\n<!-- \/ Yoast SEO plugin. -->","yoast_head_json":{"title":"Grunn\u00fe\u00e6ttir menntunar - Grunnsk\u00f3linn \u00ed Borgarnesi","robots":{"index":"index","follow":"follow","max-snippet":"max-snippet:-1","max-image-preview":"max-image-preview:large","max-video-preview":"max-video-preview:-1"},"canonical":"https:\/\/dev.borgarbyggd.is\/grunnborg\/nam-og-kennsla\/grunnthaettir-menntunar\/","og_locale":"en_US","og_type":"article","og_title":"Grunn\u00fe\u00e6ttir menntunar - Grunnsk\u00f3linn \u00ed Borgarnesi","og_description":"\u00datf\u00e6rsla sk\u00f3lans \u00e1 grunn\u00fe\u00e1ttum \u00ed menntun og \u00e1hreslu\u00fe\u00e1ttum grunnsk\u00f3lalaga Grunn\u00fe\u00e6ttir \u00ed menntun eiga a\u00f0 vera lei\u00f0arlj\u00f3s \u00ed almennri menntun og starfsh\u00e1ttum grunnsk\u00f3la. \u00deeir eiga a\u00f0 birtast \u00ed inntaki n\u00e1msgreina, \u00ed h\u00e6fni nemenda, n\u00e1msmati, sk\u00f3lan\u00e1mskr\u00e1 og innra mati sk\u00f3lans. Samkv\u00e6mt A\u00f0aln\u00e1mskr\u00e1 grunnsk\u00f3la eru grunn\u00fe\u00e6ttir menntunar sex, \u00fe.e.: L\u00e6si Sj\u00e1lfb\u00e6rni Heilbrig\u00f0i og velfer\u00f0 L\u00fd\u00f0r\u00e6\u00f0i og mannr\u00e9ttindi Jafnr\u00e9tti Sk\u00f6pun Grunn\u00fe\u00e6ttirnir eiga a\u00f0 vera ... Read More","og_url":"https:\/\/dev.borgarbyggd.is\/grunnborg\/nam-og-kennsla\/grunnthaettir-menntunar\/","og_site_name":"Grunnsk\u00f3linn \u00ed Borgarnesi","article_modified_time":"2024-04-09T13:24:25+00:00","twitter_card":"summary_large_image","twitter_misc":{"Est. reading time":"1 minute"},"schema":{"@context":"https:\/\/schema.org","@graph":[{"@type":"WebPage","@id":"https:\/\/dev.borgarbyggd.is\/grunnborg\/nam-og-kennsla\/grunnthaettir-menntunar\/","url":"https:\/\/dev.borgarbyggd.is\/grunnborg\/nam-og-kennsla\/grunnthaettir-menntunar\/","name":"Grunn\u00fe\u00e6ttir menntunar - Grunnsk\u00f3linn \u00ed Borgarnesi","isPartOf":{"@id":"https:\/\/dev.borgarbyggd.is\/grunnborg\/#website"},"datePublished":"2023-10-05T09:43:24+00:00","dateModified":"2024-04-09T13:24:25+00:00","breadcrumb":{"@id":"https:\/\/dev.borgarbyggd.is\/grunnborg\/nam-og-kennsla\/grunnthaettir-menntunar\/#breadcrumb"},"inLanguage":"en-US","potentialAction":[{"@type":"ReadAction","target":["https:\/\/dev.borgarbyggd.is\/grunnborg\/nam-og-kennsla\/grunnthaettir-menntunar\/"]}]},{"@type":"BreadcrumbList","@id":"https:\/\/dev.borgarbyggd.is\/grunnborg\/nam-og-kennsla\/grunnthaettir-menntunar\/#breadcrumb","itemListElement":[{"@type":"ListItem","position":1,"name":"Home","item":"https:\/\/dev.borgarbyggd.is\/grunnborg\/"},{"@type":"ListItem","position":2,"name":"N\u00e1m og kennsla","item":"https:\/\/dev.borgarbyggd.is\/grunnborg\/nam-og-kennsla\/"},{"@type":"ListItem","position":3,"name":"Grunn\u00fe\u00e6ttir menntunar"}]},{"@type":"WebSite","@id":"https:\/\/dev.borgarbyggd.is\/grunnborg\/#website","url":"https:\/\/dev.borgarbyggd.is\/grunnborg\/","name":"Grunnsk\u00f3linn \u00ed Borgarnesi","description":"","potentialAction":[{"@type":"SearchAction","target":{"@type":"EntryPoint","urlTemplate":"https:\/\/dev.borgarbyggd.is\/grunnborg\/?s={search_term_string}"},"query-input":{"@type":"PropertyValueSpecification","valueRequired":true,"valueName":"search_term_string"}}],"inLanguage":"en-US"}]}},"_links":{"self":[{"href":"https:\/\/dev.borgarbyggd.is\/grunnborg\/wp-json\/wp\/v2\/pages\/329","targetHints":{"allow":["GET"]}}],"collection":[{"href":"https:\/\/dev.borgarbyggd.is\/grunnborg\/wp-json\/wp\/v2\/pages"}],"about":[{"href":"https:\/\/dev.borgarbyggd.is\/grunnborg\/wp-json\/wp\/v2\/types\/page"}],"author":[{"embeddable":true,"href":"https:\/\/dev.borgarbyggd.is\/grunnborg\/wp-json\/wp\/v2\/users\/4"}],"replies":[{"embeddable":true,"href":"https:\/\/dev.borgarbyggd.is\/grunnborg\/wp-json\/wp\/v2\/comments?post=329"}],"version-history":[{"count":0,"href":"https:\/\/dev.borgarbyggd.is\/grunnborg\/wp-json\/wp\/v2\/pages\/329\/revisions"}],"up":[{"embeddable":true,"href":"https:\/\/dev.borgarbyggd.is\/grunnborg\/wp-json\/wp\/v2\/pages\/50"}],"wp:attachment":[{"href":"https:\/\/dev.borgarbyggd.is\/grunnborg\/wp-json\/wp\/v2\/media?parent=329"}],"curies":[{"name":"wp","href":"https:\/\/api.w.org\/{rel}","templated":true}]}}