{"id":326,"date":"2023-10-05T09:36:30","date_gmt":"2023-10-05T09:36:30","guid":{"rendered":"https:\/\/dev.borgarbyggd.is\/grunnborg\/?page_id=326"},"modified":"2025-01-20T10:29:06","modified_gmt":"2025-01-20T10:29:06","slug":"valgreinar","status":"publish","type":"page","link":"https:\/\/dev.borgarbyggd.is\/grunnborg\/nam-og-kennsla\/valgreinar\/","title":{"rendered":"Valgreinar"},"content":{"rendered":"<p><span data-contrast=\"auto\">Valgreinar sk\u00f3la\u00e1ri\u00f0 2024 &#8211; 2025<\/span><\/p>\n<p><span data-contrast=\"auto\">Valgreinar eru \u00ed bo\u00f0i \u00e1 mi\u00f0- og unglingastigi. Tilgangurinn me\u00f0 vali er a\u00f0 h\u00e6gt s\u00e9 a\u00f0 laga n\u00e1mi\u00f0 sem mest a\u00f0 \u00fe\u00f6rfum einstaklingsins og gera hverjum og einum kleift a\u00f0 leggja eigin \u00e1herslur \u00ed n\u00e1mi mi\u00f0a\u00f0 vi\u00f0 \u00e1hugasvi\u00f0 og framt\u00ed\u00f0ar\u00e1form.<\/span><span data-ccp-props=\"{&quot;134233117&quot;:true,&quot;134233118&quot;:true,&quot;201341983&quot;:0,&quot;335559739&quot;:160,&quot;335559740&quot;:240}\">\u00a0<\/span><\/p>\n<p><span data-contrast=\"auto\">\u00c1 mi\u00f0stigi skiptist vali\u00f0 upp \u00ed fj\u00f3rar lotur yfir veturinn, tv\u00e6r fyrir \u00e1ram\u00f3t og tv\u00e6r eftir \u00e1ram\u00f3t. \u00cd hverri lotu er bo\u00f0i\u00f0 upp\u00e1 sex til \u00e1tta mismunandi valgreinar. Nemendur velja s\u00e9r grein eftir \u00e1hugasvi\u00f0i og s\u00ed\u00f0an tv\u00e6r til vara.<\/span><span data-ccp-props=\"{&quot;134233117&quot;:true,&quot;134233118&quot;:true,&quot;201341983&quot;:0,&quot;335559739&quot;:160,&quot;335559740&quot;:240}\">\u00a0<\/span><\/p>\n<p><span data-contrast=\"auto\">\u00c1 unglingastigi er vali\u00f0 me\u00f0 tvennum h\u00e6tti. Annars vegar er val einu sinni \u00ed viku sem skiptist upp \u00ed fj\u00f3rar lotur yfir veturinn. \u00cd hverri lotu er bo\u00f0i\u00f0 upp\u00e1 sex til n\u00edu mismunandi valgreinar. Hins vegar eru Smi\u00f0juhelgar tvisvar yfir sk\u00f3la\u00e1ri\u00f0. Nemendur eru einum t\u00edma skemur \u00e1 viku \u00ed sk\u00f3lanum en vi\u00f0mi\u00f0 gera r\u00e1\u00f0 fyrir allt sk\u00f3la\u00e1ri\u00f0, en \u00ed sta\u00f0inn vinna \u00feeir me\u00f0 \u00feessum h\u00e6tti eina helgi \u00e1 \u00f6nn. Unni\u00f0 er \u00ed smi\u00f0jum fr\u00e1 14.30 \u00e1 f\u00f6studegi til kl. 18:30 og s\u00ed\u00f0an kl. 8:30 \u00e1 laugardegi til 14:30. Tilgangur smi\u00f0janna er a\u00f0 m\u00e6ta vali fyrir unglingana me\u00f0 \u00f6\u00f0rum h\u00e6tti en almennt t\u00ed\u00f0kast og gefa \u00feeim kost \u00e1 a\u00f0 hafa meira um val sitt a\u00f0 segja.<\/span><span data-ccp-props=\"{&quot;134233117&quot;:true,&quot;134233118&quot;:true,&quot;201341983&quot;:0,&quot;335559739&quot;:160,&quot;335559740&quot;:240}\">\u00a0<\/span><\/p>\n<p>&nbsp;<\/p>\n<p>Lota 1<\/p>\n<p><a href=\"https:\/\/sway.cloud.microsoft\/hBD3oJD94SnhJnyX?ref=Link\">https:\/\/sway.cloud.microsoft\/hBD3oJD94SnhJnyX?ref=Link<\/a><\/p>\n<p>Lota 2<\/p>\n<p><a href=\"https:\/\/sway.cloud.microsoft\/efizYtcWaetl5dVY?ref=Link\">https:\/\/sway.cloud.microsoft\/efizYtcWaetl5dVY?ref=Link<\/a><\/p>\n<p>Lota 3<\/p>\n<p><a href=\"https:\/\/sway.cloud.microsoft\/ZL6hSAGvPectyJH9?ref=Link\">https:\/\/sway.cloud.microsoft\/ZL6hSAGvPectyJH9?ref=Link<\/a><\/p>\n<p>&nbsp;<\/p>\n","protected":false},"excerpt":{"rendered":"<p>Valgreinar sk\u00f3la\u00e1ri\u00f0 2024 &#8211; 2025 Valgreinar eru \u00ed bo\u00f0i \u00e1 mi\u00f0- og unglingastigi. Tilgangurinn me\u00f0 vali er a\u00f0 h\u00e6gt s\u00e9 a\u00f0 laga n\u00e1mi\u00f0 sem mest a\u00f0 \u00fe\u00f6rfum einstaklingsins og gera hverjum og einum kleift a\u00f0 leggja eigin \u00e1herslur \u00ed n\u00e1mi mi\u00f0a\u00f0 vi\u00f0 \u00e1hugasvi\u00f0 og framt\u00ed\u00f0ar\u00e1form.\u00a0 \u00c1 mi\u00f0stigi skiptist vali\u00f0 upp \u00ed fj\u00f3rar lotur yfir veturinn, tv\u00e6r fyrir \u00e1ram\u00f3t og tv\u00e6r &#8230; <\/p>\n<div><a href=\"https:\/\/dev.borgarbyggd.is\/grunnborg\/nam-og-kennsla\/valgreinar\/\" class=\"more-link\">Read More<\/a><\/div>\n","protected":false},"author":4,"featured_media":0,"parent":50,"menu_order":0,"comment_status":"closed","ping_status":"closed","template":"","meta":{"_acf_changed":false,"footnotes":""},"class_list":["post-326","page","type-page","status-publish","hentry","no-post-thumbnail"],"acf":{"quickaccess":false},"yoast_head":"<!-- This site is optimized with the Yoast SEO plugin v24.0 - https:\/\/yoast.com\/wordpress\/plugins\/seo\/ -->\n<title>Valgreinar - Grunnsk\u00f3linn \u00ed Borgarnesi<\/title>\n<meta name=\"robots\" content=\"index, follow, max-snippet:-1, max-image-preview:large, max-video-preview:-1\" \/>\n<link rel=\"canonical\" href=\"https:\/\/dev.borgarbyggd.is\/grunnborg\/nam-og-kennsla\/valgreinar\/\" \/>\n<meta property=\"og:locale\" content=\"en_US\" \/>\n<meta property=\"og:type\" content=\"article\" \/>\n<meta property=\"og:title\" content=\"Valgreinar - Grunnsk\u00f3linn \u00ed Borgarnesi\" \/>\n<meta property=\"og:description\" content=\"Valgreinar sk\u00f3la\u00e1ri\u00f0 2024 &#8211; 2025 Valgreinar eru \u00ed bo\u00f0i \u00e1 mi\u00f0- og unglingastigi. Tilgangurinn me\u00f0 vali er a\u00f0 h\u00e6gt s\u00e9 a\u00f0 laga n\u00e1mi\u00f0 sem mest a\u00f0 \u00fe\u00f6rfum einstaklingsins og gera hverjum og einum kleift a\u00f0 leggja eigin \u00e1herslur \u00ed n\u00e1mi mi\u00f0a\u00f0 vi\u00f0 \u00e1hugasvi\u00f0 og framt\u00ed\u00f0ar\u00e1form.\u00a0 \u00c1 mi\u00f0stigi skiptist vali\u00f0 upp \u00ed fj\u00f3rar lotur yfir veturinn, tv\u00e6r fyrir \u00e1ram\u00f3t og tv\u00e6r ... Read More\" \/>\n<meta property=\"og:url\" content=\"https:\/\/dev.borgarbyggd.is\/grunnborg\/nam-og-kennsla\/valgreinar\/\" \/>\n<meta property=\"og:site_name\" content=\"Grunnsk\u00f3linn \u00ed Borgarnesi\" \/>\n<meta property=\"article:modified_time\" content=\"2025-01-20T10:29:06+00:00\" \/>\n<meta name=\"twitter:card\" content=\"summary_large_image\" \/>\n<meta name=\"twitter:label1\" content=\"Est. reading time\" \/>\n\t<meta name=\"twitter:data1\" content=\"1 minute\" \/>\n<script type=\"application\/ld+json\" class=\"yoast-schema-graph\">{\"@context\":\"https:\/\/schema.org\",\"@graph\":[{\"@type\":\"WebPage\",\"@id\":\"https:\/\/dev.borgarbyggd.is\/grunnborg\/nam-og-kennsla\/valgreinar\/\",\"url\":\"https:\/\/dev.borgarbyggd.is\/grunnborg\/nam-og-kennsla\/valgreinar\/\",\"name\":\"Valgreinar - Grunnsk\u00f3linn \u00ed Borgarnesi\",\"isPartOf\":{\"@id\":\"https:\/\/dev.borgarbyggd.is\/grunnborg\/#website\"},\"datePublished\":\"2023-10-05T09:36:30+00:00\",\"dateModified\":\"2025-01-20T10:29:06+00:00\",\"breadcrumb\":{\"@id\":\"https:\/\/dev.borgarbyggd.is\/grunnborg\/nam-og-kennsla\/valgreinar\/#breadcrumb\"},\"inLanguage\":\"en-US\",\"potentialAction\":[{\"@type\":\"ReadAction\",\"target\":[\"https:\/\/dev.borgarbyggd.is\/grunnborg\/nam-og-kennsla\/valgreinar\/\"]}]},{\"@type\":\"BreadcrumbList\",\"@id\":\"https:\/\/dev.borgarbyggd.is\/grunnborg\/nam-og-kennsla\/valgreinar\/#breadcrumb\",\"itemListElement\":[{\"@type\":\"ListItem\",\"position\":1,\"name\":\"Home\",\"item\":\"https:\/\/dev.borgarbyggd.is\/grunnborg\/\"},{\"@type\":\"ListItem\",\"position\":2,\"name\":\"N\u00e1m og kennsla\",\"item\":\"https:\/\/dev.borgarbyggd.is\/grunnborg\/nam-og-kennsla\/\"},{\"@type\":\"ListItem\",\"position\":3,\"name\":\"Valgreinar\"}]},{\"@type\":\"WebSite\",\"@id\":\"https:\/\/dev.borgarbyggd.is\/grunnborg\/#website\",\"url\":\"https:\/\/dev.borgarbyggd.is\/grunnborg\/\",\"name\":\"Grunnsk\u00f3linn \u00ed Borgarnesi\",\"description\":\"\",\"potentialAction\":[{\"@type\":\"SearchAction\",\"target\":{\"@type\":\"EntryPoint\",\"urlTemplate\":\"https:\/\/dev.borgarbyggd.is\/grunnborg\/?s={search_term_string}\"},\"query-input\":{\"@type\":\"PropertyValueSpecification\",\"valueRequired\":true,\"valueName\":\"search_term_string\"}}],\"inLanguage\":\"en-US\"}]}<\/script>\n<!-- \/ Yoast SEO plugin. -->","yoast_head_json":{"title":"Valgreinar - Grunnsk\u00f3linn \u00ed Borgarnesi","robots":{"index":"index","follow":"follow","max-snippet":"max-snippet:-1","max-image-preview":"max-image-preview:large","max-video-preview":"max-video-preview:-1"},"canonical":"https:\/\/dev.borgarbyggd.is\/grunnborg\/nam-og-kennsla\/valgreinar\/","og_locale":"en_US","og_type":"article","og_title":"Valgreinar - Grunnsk\u00f3linn \u00ed Borgarnesi","og_description":"Valgreinar sk\u00f3la\u00e1ri\u00f0 2024 &#8211; 2025 Valgreinar eru \u00ed bo\u00f0i \u00e1 mi\u00f0- og unglingastigi. Tilgangurinn me\u00f0 vali er a\u00f0 h\u00e6gt s\u00e9 a\u00f0 laga n\u00e1mi\u00f0 sem mest a\u00f0 \u00fe\u00f6rfum einstaklingsins og gera hverjum og einum kleift a\u00f0 leggja eigin \u00e1herslur \u00ed n\u00e1mi mi\u00f0a\u00f0 vi\u00f0 \u00e1hugasvi\u00f0 og framt\u00ed\u00f0ar\u00e1form.\u00a0 \u00c1 mi\u00f0stigi skiptist vali\u00f0 upp \u00ed fj\u00f3rar lotur yfir veturinn, tv\u00e6r fyrir \u00e1ram\u00f3t og tv\u00e6r ... Read More","og_url":"https:\/\/dev.borgarbyggd.is\/grunnborg\/nam-og-kennsla\/valgreinar\/","og_site_name":"Grunnsk\u00f3linn \u00ed Borgarnesi","article_modified_time":"2025-01-20T10:29:06+00:00","twitter_card":"summary_large_image","twitter_misc":{"Est. reading time":"1 minute"},"schema":{"@context":"https:\/\/schema.org","@graph":[{"@type":"WebPage","@id":"https:\/\/dev.borgarbyggd.is\/grunnborg\/nam-og-kennsla\/valgreinar\/","url":"https:\/\/dev.borgarbyggd.is\/grunnborg\/nam-og-kennsla\/valgreinar\/","name":"Valgreinar - Grunnsk\u00f3linn \u00ed Borgarnesi","isPartOf":{"@id":"https:\/\/dev.borgarbyggd.is\/grunnborg\/#website"},"datePublished":"2023-10-05T09:36:30+00:00","dateModified":"2025-01-20T10:29:06+00:00","breadcrumb":{"@id":"https:\/\/dev.borgarbyggd.is\/grunnborg\/nam-og-kennsla\/valgreinar\/#breadcrumb"},"inLanguage":"en-US","potentialAction":[{"@type":"ReadAction","target":["https:\/\/dev.borgarbyggd.is\/grunnborg\/nam-og-kennsla\/valgreinar\/"]}]},{"@type":"BreadcrumbList","@id":"https:\/\/dev.borgarbyggd.is\/grunnborg\/nam-og-kennsla\/valgreinar\/#breadcrumb","itemListElement":[{"@type":"ListItem","position":1,"name":"Home","item":"https:\/\/dev.borgarbyggd.is\/grunnborg\/"},{"@type":"ListItem","position":2,"name":"N\u00e1m og kennsla","item":"https:\/\/dev.borgarbyggd.is\/grunnborg\/nam-og-kennsla\/"},{"@type":"ListItem","position":3,"name":"Valgreinar"}]},{"@type":"WebSite","@id":"https:\/\/dev.borgarbyggd.is\/grunnborg\/#website","url":"https:\/\/dev.borgarbyggd.is\/grunnborg\/","name":"Grunnsk\u00f3linn \u00ed Borgarnesi","description":"","potentialAction":[{"@type":"SearchAction","target":{"@type":"EntryPoint","urlTemplate":"https:\/\/dev.borgarbyggd.is\/grunnborg\/?s={search_term_string}"},"query-input":{"@type":"PropertyValueSpecification","valueRequired":true,"valueName":"search_term_string"}}],"inLanguage":"en-US"}]}},"_links":{"self":[{"href":"https:\/\/dev.borgarbyggd.is\/grunnborg\/wp-json\/wp\/v2\/pages\/326","targetHints":{"allow":["GET"]}}],"collection":[{"href":"https:\/\/dev.borgarbyggd.is\/grunnborg\/wp-json\/wp\/v2\/pages"}],"about":[{"href":"https:\/\/dev.borgarbyggd.is\/grunnborg\/wp-json\/wp\/v2\/types\/page"}],"author":[{"embeddable":true,"href":"https:\/\/dev.borgarbyggd.is\/grunnborg\/wp-json\/wp\/v2\/users\/4"}],"replies":[{"embeddable":true,"href":"https:\/\/dev.borgarbyggd.is\/grunnborg\/wp-json\/wp\/v2\/comments?post=326"}],"version-history":[{"count":0,"href":"https:\/\/dev.borgarbyggd.is\/grunnborg\/wp-json\/wp\/v2\/pages\/326\/revisions"}],"up":[{"embeddable":true,"href":"https:\/\/dev.borgarbyggd.is\/grunnborg\/wp-json\/wp\/v2\/pages\/50"}],"wp:attachment":[{"href":"https:\/\/dev.borgarbyggd.is\/grunnborg\/wp-json\/wp\/v2\/media?parent=326"}],"curies":[{"name":"wp","href":"https:\/\/api.w.org\/{rel}","templated":true}]}}