{"id":2375,"date":"2025-11-28T13:16:25","date_gmt":"2025-11-28T13:16:25","guid":{"rendered":"https:\/\/dev.borgarbyggd.is\/grunnborg\/?page_id=2375"},"modified":"2026-03-17T13:03:47","modified_gmt":"2026-03-17T13:03:47","slug":"erasmus","status":"publish","type":"page","link":"https:\/\/dev.borgarbyggd.is\/grunnborg\/nam-og-kennsla\/erasmus\/","title":{"rendered":"Erasmus+"},"content":{"rendered":"<p><img loading=\"lazy\" decoding=\"async\" class=\"alignnone size-full wp-image-2437\" src=\"https:\/\/dev.borgarbyggd.is\/grunnborg\/wp-content\/uploads\/sites\/2\/2026\/03\/erasmus-5.png\" alt=\"\" width=\"176\" height=\"128\" srcset=\"https:\/\/dev.borgarbyggd.is\/grunnborg\/wp-content\/uploads\/sites\/2\/2026\/03\/erasmus-5.png 176w, https:\/\/dev.borgarbyggd.is\/grunnborg\/wp-content\/uploads\/sites\/2\/2026\/03\/erasmus-5-100x73.png 100w\" sizes=\"auto, (max-width: 176px) 100vw, 176px\" \/><\/p>\n<p>Grunnsk\u00f3linn hefur starfa\u00f0 a\u00f0 ERASMUS+\u00a0 verkefnum \u00ed nokkur \u00e1r.\u00a0 Fr\u00e1 \u00e1rinu 2020 hefur veri\u00f0 samfellt samstarf vi\u00f0 grunnsk\u00f3la \u00ed T\u00e9kklandi, auk fleiri verkefna.\u00a0\u00a0 Vi\u00f0 h\u00f6fum veri\u00f0 samstarfsa\u00f0ili \u00ed nokkrum verkefnum, styrkir eru \u00fe\u00e1 \u00far sj\u00f3\u00f0um sem vi\u00f0 h\u00f6fum ekki a\u00f0gang a\u00f0, en getum veri\u00f0 \u201epartner\u201c.\u00a0 Vi\u00f0 h\u00f6fum veri\u00f0 heppin \u00ed \u00feessu samstarfi a\u00f0 eignast trausta og reynslumikla samstarfsa\u00f0ila sem vi\u00f0 getum l\u00e6rt miki\u00f0 af.<\/p>\n<div id='gallery-1' class='gallery flex gap-4 flex-wrap justify-center galleryid-2375 gallery-columns-3 gallery-size-thumbnail'><dl class='gallery-item'>\n\t\t\t<dt class='gallery-icon landscape'>\n\t\t\t\t<a href='https:\/\/dev.borgarbyggd.is\/grunnborg\/nam-og-kennsla\/erasmus\/attachment\/erasmus-1\/'><img loading=\"lazy\" decoding=\"async\" width=\"150\" height=\"150\" src=\"https:\/\/dev.borgarbyggd.is\/grunnborg\/wp-content\/uploads\/sites\/2\/2026\/03\/erasmus-1-150x150.png\" class=\"attachment-thumbnail size-thumbnail\" alt=\"\" aria-describedby=\"gallery-1-2433\" \/><\/a>\n\t\t\t<\/dt>\n\t\t\t\t<dd class='wp-caption-text gallery-caption' id='gallery-1-2433'>\n\t\t\t\tNemendah\u00f3pur \u00far 9.b og 10.b \u00e1 lei\u00f0 til Prag \u00ed apr\u00edl 2025\n\t\t\t\t<\/dd><\/dl><dl class='gallery-item'>\n\t\t\t<dt class='gallery-icon landscape'>\n\t\t\t\t<a href='https:\/\/dev.borgarbyggd.is\/grunnborg\/nam-og-kennsla\/erasmus\/attachment\/erasmus-2\/'><img loading=\"lazy\" decoding=\"async\" width=\"150\" height=\"150\" src=\"https:\/\/dev.borgarbyggd.is\/grunnborg\/wp-content\/uploads\/sites\/2\/2026\/03\/erasmus-2-150x150.png\" class=\"attachment-thumbnail size-thumbnail\" alt=\"\" aria-describedby=\"gallery-1-2434\" \/><\/a>\n\t\t\t<\/dt>\n\t\t\t\t<dd class='wp-caption-text gallery-caption' id='gallery-1-2434'>\n\t\t\t\tKennarar \u00ed skuggakennslu (job shadowing) verkefni \u00ed Roudnice nad Labern \u00ed n\u00f3v&#8217;2020\n\t\t\t\t<\/dd><\/dl><dl class='gallery-item'>\n\t\t\t<dt class='gallery-icon portrait'>\n\t\t\t\t<a href='https:\/\/dev.borgarbyggd.is\/grunnborg\/nam-og-kennsla\/erasmus\/attachment\/erasmus-3\/'><img loading=\"lazy\" decoding=\"async\" width=\"150\" height=\"150\" src=\"https:\/\/dev.borgarbyggd.is\/grunnborg\/wp-content\/uploads\/sites\/2\/2026\/03\/erasmus-3-150x150.png\" class=\"attachment-thumbnail size-thumbnail\" alt=\"\" aria-describedby=\"gallery-1-2435\" \/><\/a>\n\t\t\t<\/dt>\n\t\t\t\t<dd class='wp-caption-text gallery-caption' id='gallery-1-2435'>\n\t\t\t\tEitt af verkefnunum \u00ed well-being \u00feemanu veturinn 2025 &#8211; 2026\n\t\t\t\t<\/dd><\/dl><dl class='gallery-item'>\n\t\t\t<dt class='gallery-icon landscape'>\n\t\t\t\t<a href='https:\/\/dev.borgarbyggd.is\/grunnborg\/nam-og-kennsla\/erasmus\/attachment\/erasmus-4\/'><img loading=\"lazy\" decoding=\"async\" width=\"150\" height=\"150\" src=\"https:\/\/dev.borgarbyggd.is\/grunnborg\/wp-content\/uploads\/sites\/2\/2026\/03\/erasmus-4-150x150.png\" class=\"attachment-thumbnail size-thumbnail\" alt=\"\" aria-describedby=\"gallery-1-2436\" \/><\/a>\n\t\t\t<\/dt>\n\t\t\t\t<dd class='wp-caption-text gallery-caption' id='gallery-1-2436'>\n\t\t\t\tErasmus verkefni st\u00e6kkar reynsluheim nemenda\n\t\t\t\t<\/dd><\/dl>\n\t\t\t\n\t\t<\/div>\n\n<pre><strong>\r\n\r\n\r\n<a href=\"https:\/\/dev.borgarbyggd.is\/grunnborg\/wp-content\/uploads\/sites\/2\/2026\/03\/Erasmus-2021-2022-job-shadowing-verkefnid.pdf\">Erasmus - 2021-2022<\/a><\/strong>\r\n\r\n<strong><a href=\"https:\/\/dev.borgarbyggd.is\/grunnborg\/wp-content\/uploads\/sites\/2\/2026\/03\/Skolaarid-2022-2023.pdf\">Erasmus - 2022 - 2023<\/a><\/strong>\r\n\r\n<strong><a href=\"https:\/\/dev.borgarbyggd.is\/grunnborg\/wp-content\/uploads\/sites\/2\/2026\/03\/4.-Erasmus-2023-2024-texti-a-heimasidu-13feb26.pdf\">Erasmus - 2023 - 2024 <\/a><\/strong>\r\n\r\n<strong><a href=\"https:\/\/dev.borgarbyggd.is\/grunnborg\/wp-content\/uploads\/sites\/2\/2026\/03\/5.-Erasmus-skolaarid-2024-2025.pdf\">Erasmus - 2024 - 2025<\/a><\/strong><\/pre>\n<ul>\n<li>\n<pre><a href=\"https:\/\/dev.borgarbyggd.is\/grunnborg\/wp-content\/uploads\/sites\/2\/2026\/03\/6.-erasmus-well-being-1.pdf\">Erasmus well being<\/a><\/pre>\n<\/li>\n<li>\n<pre><a href=\"https:\/\/dev.borgarbyggd.is\/grunnborg\/wp-content\/uploads\/sites\/2\/2026\/03\/7.-3D-texti-a-heimasidu-9feb26.pdf\">3D<\/a><\/pre>\n<\/li>\n<li>\n<pre><a href=\"https:\/\/dev.borgarbyggd.is\/grunnborg\/wp-content\/uploads\/sites\/2\/2026\/03\/8.-Franska-verkefnid-2024-2025-5mars26.pdf\">Franska verkefni\u00f0<\/a><\/pre>\n<\/li>\n<li>\n<pre><a href=\"https:\/\/dev.borgarbyggd.is\/grunnborg\/wp-content\/uploads\/sites\/2\/2026\/03\/Handbok-um-thrividdarprentun.-Unnin-sem-hluti-af-Erasmus-3D-samstarfsverkefni.-.pdf\">Handb\u00f3k um \u00fer\u00edv\u00edddarprentun.<\/a><\/pre>\n<\/li>\n<\/ul>\n<p>&nbsp;<\/p>\n<p>&nbsp;<\/p>\n","protected":false},"excerpt":{"rendered":"<p>Grunnsk\u00f3linn hefur starfa\u00f0 a\u00f0 ERASMUS+\u00a0 verkefnum \u00ed nokkur \u00e1r.\u00a0 Fr\u00e1 \u00e1rinu 2020 hefur veri\u00f0 samfellt samstarf vi\u00f0 grunnsk\u00f3la \u00ed T\u00e9kklandi, auk fleiri verkefna.\u00a0\u00a0 Vi\u00f0 h\u00f6fum veri\u00f0 samstarfsa\u00f0ili \u00ed nokkrum verkefnum, styrkir eru \u00fe\u00e1 \u00far sj\u00f3\u00f0um sem vi\u00f0 h\u00f6fum ekki a\u00f0gang a\u00f0, en getum veri\u00f0 \u201epartner\u201c.\u00a0 Vi\u00f0 h\u00f6fum veri\u00f0 heppin \u00ed \u00feessu samstarfi a\u00f0 eignast trausta og reynslumikla samstarfsa\u00f0ila sem vi\u00f0 &#8230; <\/p>\n<div><a href=\"https:\/\/dev.borgarbyggd.is\/grunnborg\/nam-og-kennsla\/erasmus\/\" class=\"more-link\">Read More<\/a><\/div>\n","protected":false},"author":47,"featured_media":0,"parent":50,"menu_order":0,"comment_status":"closed","ping_status":"closed","template":"","meta":{"_acf_changed":false,"footnotes":""},"class_list":["post-2375","page","type-page","status-publish","hentry","no-post-thumbnail"],"acf":{"quickaccess":false},"yoast_head":"<!-- This site is optimized with the Yoast SEO plugin v24.0 - https:\/\/yoast.com\/wordpress\/plugins\/seo\/ -->\n<title>Erasmus+ - Grunnsk\u00f3linn \u00ed Borgarnesi<\/title>\n<meta name=\"robots\" content=\"index, follow, max-snippet:-1, max-image-preview:large, max-video-preview:-1\" \/>\n<link rel=\"canonical\" href=\"https:\/\/dev.borgarbyggd.is\/grunnborg\/nam-og-kennsla\/erasmus\/\" \/>\n<meta property=\"og:locale\" content=\"en_US\" \/>\n<meta property=\"og:type\" content=\"article\" \/>\n<meta property=\"og:title\" content=\"Erasmus+ - Grunnsk\u00f3linn \u00ed Borgarnesi\" \/>\n<meta property=\"og:description\" content=\"Grunnsk\u00f3linn hefur starfa\u00f0 a\u00f0 ERASMUS+\u00a0 verkefnum \u00ed nokkur \u00e1r.\u00a0 Fr\u00e1 \u00e1rinu 2020 hefur veri\u00f0 samfellt samstarf vi\u00f0 grunnsk\u00f3la \u00ed T\u00e9kklandi, auk fleiri verkefna.\u00a0\u00a0 Vi\u00f0 h\u00f6fum veri\u00f0 samstarfsa\u00f0ili \u00ed nokkrum verkefnum, styrkir eru \u00fe\u00e1 \u00far sj\u00f3\u00f0um sem vi\u00f0 h\u00f6fum ekki a\u00f0gang a\u00f0, en getum veri\u00f0 \u201epartner\u201c.\u00a0 Vi\u00f0 h\u00f6fum veri\u00f0 heppin \u00ed \u00feessu samstarfi a\u00f0 eignast trausta og reynslumikla samstarfsa\u00f0ila sem vi\u00f0 ... Read More\" \/>\n<meta property=\"og:url\" content=\"https:\/\/dev.borgarbyggd.is\/grunnborg\/nam-og-kennsla\/erasmus\/\" \/>\n<meta property=\"og:site_name\" content=\"Grunnsk\u00f3linn \u00ed Borgarnesi\" \/>\n<meta property=\"article:modified_time\" content=\"2026-03-17T13:03:47+00:00\" \/>\n<meta property=\"og:image\" content=\"https:\/\/dev.borgarbyggd.is\/grunnborg\/wp-content\/uploads\/sites\/2\/2026\/03\/erasmus-1-150x150.png\" \/>\n<meta name=\"twitter:card\" content=\"summary_large_image\" \/>\n<meta name=\"twitter:label1\" content=\"Est. reading time\" \/>\n\t<meta name=\"twitter:data1\" content=\"1 minute\" \/>\n<script type=\"application\/ld+json\" class=\"yoast-schema-graph\">{\"@context\":\"https:\/\/schema.org\",\"@graph\":[{\"@type\":\"WebPage\",\"@id\":\"https:\/\/dev.borgarbyggd.is\/grunnborg\/nam-og-kennsla\/erasmus\/\",\"url\":\"https:\/\/dev.borgarbyggd.is\/grunnborg\/nam-og-kennsla\/erasmus\/\",\"name\":\"Erasmus+ - Grunnsk\u00f3linn \u00ed Borgarnesi\",\"isPartOf\":{\"@id\":\"https:\/\/dev.borgarbyggd.is\/grunnborg\/#website\"},\"primaryImageOfPage\":{\"@id\":\"https:\/\/dev.borgarbyggd.is\/grunnborg\/nam-og-kennsla\/erasmus\/#primaryimage\"},\"image\":{\"@id\":\"https:\/\/dev.borgarbyggd.is\/grunnborg\/nam-og-kennsla\/erasmus\/#primaryimage\"},\"thumbnailUrl\":\"https:\/\/dev.borgarbyggd.is\/grunnborg\/wp-content\/uploads\/sites\/2\/2026\/03\/erasmus-5.png\",\"datePublished\":\"2025-11-28T13:16:25+00:00\",\"dateModified\":\"2026-03-17T13:03:47+00:00\",\"breadcrumb\":{\"@id\":\"https:\/\/dev.borgarbyggd.is\/grunnborg\/nam-og-kennsla\/erasmus\/#breadcrumb\"},\"inLanguage\":\"en-US\",\"potentialAction\":[{\"@type\":\"ReadAction\",\"target\":[\"https:\/\/dev.borgarbyggd.is\/grunnborg\/nam-og-kennsla\/erasmus\/\"]}]},{\"@type\":\"ImageObject\",\"inLanguage\":\"en-US\",\"@id\":\"https:\/\/dev.borgarbyggd.is\/grunnborg\/nam-og-kennsla\/erasmus\/#primaryimage\",\"url\":\"https:\/\/dev.borgarbyggd.is\/grunnborg\/wp-content\/uploads\/sites\/2\/2026\/03\/erasmus-5.png\",\"contentUrl\":\"https:\/\/dev.borgarbyggd.is\/grunnborg\/wp-content\/uploads\/sites\/2\/2026\/03\/erasmus-5.png\",\"width\":176,\"height\":128},{\"@type\":\"BreadcrumbList\",\"@id\":\"https:\/\/dev.borgarbyggd.is\/grunnborg\/nam-og-kennsla\/erasmus\/#breadcrumb\",\"itemListElement\":[{\"@type\":\"ListItem\",\"position\":1,\"name\":\"Home\",\"item\":\"https:\/\/dev.borgarbyggd.is\/grunnborg\/\"},{\"@type\":\"ListItem\",\"position\":2,\"name\":\"N\u00e1m og kennsla\",\"item\":\"https:\/\/dev.borgarbyggd.is\/grunnborg\/nam-og-kennsla\/\"},{\"@type\":\"ListItem\",\"position\":3,\"name\":\"Erasmus+\"}]},{\"@type\":\"WebSite\",\"@id\":\"https:\/\/dev.borgarbyggd.is\/grunnborg\/#website\",\"url\":\"https:\/\/dev.borgarbyggd.is\/grunnborg\/\",\"name\":\"Grunnsk\u00f3linn \u00ed Borgarnesi\",\"description\":\"\",\"potentialAction\":[{\"@type\":\"SearchAction\",\"target\":{\"@type\":\"EntryPoint\",\"urlTemplate\":\"https:\/\/dev.borgarbyggd.is\/grunnborg\/?s={search_term_string}\"},\"query-input\":{\"@type\":\"PropertyValueSpecification\",\"valueRequired\":true,\"valueName\":\"search_term_string\"}}],\"inLanguage\":\"en-US\"}]}<\/script>\n<!-- \/ Yoast SEO plugin. -->","yoast_head_json":{"title":"Erasmus+ - Grunnsk\u00f3linn \u00ed Borgarnesi","robots":{"index":"index","follow":"follow","max-snippet":"max-snippet:-1","max-image-preview":"max-image-preview:large","max-video-preview":"max-video-preview:-1"},"canonical":"https:\/\/dev.borgarbyggd.is\/grunnborg\/nam-og-kennsla\/erasmus\/","og_locale":"en_US","og_type":"article","og_title":"Erasmus+ - Grunnsk\u00f3linn \u00ed Borgarnesi","og_description":"Grunnsk\u00f3linn hefur starfa\u00f0 a\u00f0 ERASMUS+\u00a0 verkefnum \u00ed nokkur \u00e1r.\u00a0 Fr\u00e1 \u00e1rinu 2020 hefur veri\u00f0 samfellt samstarf vi\u00f0 grunnsk\u00f3la \u00ed T\u00e9kklandi, auk fleiri verkefna.\u00a0\u00a0 Vi\u00f0 h\u00f6fum veri\u00f0 samstarfsa\u00f0ili \u00ed nokkrum verkefnum, styrkir eru \u00fe\u00e1 \u00far sj\u00f3\u00f0um sem vi\u00f0 h\u00f6fum ekki a\u00f0gang a\u00f0, en getum veri\u00f0 \u201epartner\u201c.\u00a0 Vi\u00f0 h\u00f6fum veri\u00f0 heppin \u00ed \u00feessu samstarfi a\u00f0 eignast trausta og reynslumikla samstarfsa\u00f0ila sem vi\u00f0 ... Read More","og_url":"https:\/\/dev.borgarbyggd.is\/grunnborg\/nam-og-kennsla\/erasmus\/","og_site_name":"Grunnsk\u00f3linn \u00ed Borgarnesi","article_modified_time":"2026-03-17T13:03:47+00:00","og_image":[{"url":"https:\/\/dev.borgarbyggd.is\/grunnborg\/wp-content\/uploads\/sites\/2\/2026\/03\/erasmus-1-150x150.png","type":"","width":"","height":""}],"twitter_card":"summary_large_image","twitter_misc":{"Est. reading time":"1 minute"},"schema":{"@context":"https:\/\/schema.org","@graph":[{"@type":"WebPage","@id":"https:\/\/dev.borgarbyggd.is\/grunnborg\/nam-og-kennsla\/erasmus\/","url":"https:\/\/dev.borgarbyggd.is\/grunnborg\/nam-og-kennsla\/erasmus\/","name":"Erasmus+ - Grunnsk\u00f3linn \u00ed Borgarnesi","isPartOf":{"@id":"https:\/\/dev.borgarbyggd.is\/grunnborg\/#website"},"primaryImageOfPage":{"@id":"https:\/\/dev.borgarbyggd.is\/grunnborg\/nam-og-kennsla\/erasmus\/#primaryimage"},"image":{"@id":"https:\/\/dev.borgarbyggd.is\/grunnborg\/nam-og-kennsla\/erasmus\/#primaryimage"},"thumbnailUrl":"https:\/\/dev.borgarbyggd.is\/grunnborg\/wp-content\/uploads\/sites\/2\/2026\/03\/erasmus-5.png","datePublished":"2025-11-28T13:16:25+00:00","dateModified":"2026-03-17T13:03:47+00:00","breadcrumb":{"@id":"https:\/\/dev.borgarbyggd.is\/grunnborg\/nam-og-kennsla\/erasmus\/#breadcrumb"},"inLanguage":"en-US","potentialAction":[{"@type":"ReadAction","target":["https:\/\/dev.borgarbyggd.is\/grunnborg\/nam-og-kennsla\/erasmus\/"]}]},{"@type":"ImageObject","inLanguage":"en-US","@id":"https:\/\/dev.borgarbyggd.is\/grunnborg\/nam-og-kennsla\/erasmus\/#primaryimage","url":"https:\/\/dev.borgarbyggd.is\/grunnborg\/wp-content\/uploads\/sites\/2\/2026\/03\/erasmus-5.png","contentUrl":"https:\/\/dev.borgarbyggd.is\/grunnborg\/wp-content\/uploads\/sites\/2\/2026\/03\/erasmus-5.png","width":176,"height":128},{"@type":"BreadcrumbList","@id":"https:\/\/dev.borgarbyggd.is\/grunnborg\/nam-og-kennsla\/erasmus\/#breadcrumb","itemListElement":[{"@type":"ListItem","position":1,"name":"Home","item":"https:\/\/dev.borgarbyggd.is\/grunnborg\/"},{"@type":"ListItem","position":2,"name":"N\u00e1m og kennsla","item":"https:\/\/dev.borgarbyggd.is\/grunnborg\/nam-og-kennsla\/"},{"@type":"ListItem","position":3,"name":"Erasmus+"}]},{"@type":"WebSite","@id":"https:\/\/dev.borgarbyggd.is\/grunnborg\/#website","url":"https:\/\/dev.borgarbyggd.is\/grunnborg\/","name":"Grunnsk\u00f3linn \u00ed Borgarnesi","description":"","potentialAction":[{"@type":"SearchAction","target":{"@type":"EntryPoint","urlTemplate":"https:\/\/dev.borgarbyggd.is\/grunnborg\/?s={search_term_string}"},"query-input":{"@type":"PropertyValueSpecification","valueRequired":true,"valueName":"search_term_string"}}],"inLanguage":"en-US"}]}},"_links":{"self":[{"href":"https:\/\/dev.borgarbyggd.is\/grunnborg\/wp-json\/wp\/v2\/pages\/2375","targetHints":{"allow":["GET"]}}],"collection":[{"href":"https:\/\/dev.borgarbyggd.is\/grunnborg\/wp-json\/wp\/v2\/pages"}],"about":[{"href":"https:\/\/dev.borgarbyggd.is\/grunnborg\/wp-json\/wp\/v2\/types\/page"}],"author":[{"embeddable":true,"href":"https:\/\/dev.borgarbyggd.is\/grunnborg\/wp-json\/wp\/v2\/users\/47"}],"replies":[{"embeddable":true,"href":"https:\/\/dev.borgarbyggd.is\/grunnborg\/wp-json\/wp\/v2\/comments?post=2375"}],"version-history":[{"count":0,"href":"https:\/\/dev.borgarbyggd.is\/grunnborg\/wp-json\/wp\/v2\/pages\/2375\/revisions"}],"up":[{"embeddable":true,"href":"https:\/\/dev.borgarbyggd.is\/grunnborg\/wp-json\/wp\/v2\/pages\/50"}],"wp:attachment":[{"href":"https:\/\/dev.borgarbyggd.is\/grunnborg\/wp-json\/wp\/v2\/media?parent=2375"}],"curies":[{"name":"wp","href":"https:\/\/api.w.org\/{rel}","templated":true}]}}