{"id":1520,"date":"2024-04-09T15:52:49","date_gmt":"2024-04-09T15:52:49","guid":{"rendered":"https:\/\/dev.borgarbyggd.is\/grunnborg\/?page_id=1520"},"modified":"2024-04-10T08:48:27","modified_gmt":"2024-04-10T08:48:27","slug":"ad-utskrifast-fyrr","status":"publish","type":"page","link":"https:\/\/dev.borgarbyggd.is\/grunnborg\/nam-og-kennsla\/ad-utskrifast-fyrr\/","title":{"rendered":"A\u00f0 \u00fatskrifast fyrr"},"content":{"rendered":"<p>\u00ddmislegt getur or\u00f0i\u00f0 til \u00feess a\u00f0 nemandi \u00f3ski eftir a\u00f0 \u00fatskrifast \u00e1 undan s\u00ednum \u00e1rgangi. \u00cd sl\u00edkum tilfellum getur veri\u00f0 um a\u00f0 r\u00e6\u00f0a \u00fatskrift \u00far einni e\u00f0a fleiri greinum e\u00f0a loka\u00fatskrift \u00far grunnsk\u00f3la.<br \/>\nS\u00e6kja \u00fearf um sl\u00edkt \u00e1 \u00fear til ger\u00f0u ey\u00f0ubla\u00f0i sem h\u00e6gt er a\u00f0 n\u00e1lgast <a href=\"https:\/\/dev.borgarbyggd.is\/grunnborg\/wp-content\/uploads\/sites\/2\/2024\/04\/Umsokn-um-utskrift-ur-GB-adur-en-10.-namsari-lykur.pdf\"><span style=\"color: #0000ff\">h\u00e9r<\/span>.<\/a> Ey\u00f0ubla\u00f0i\u00f0 er einnig a\u00f0 finna undir li\u00f0num Hagn\u00fdtt &#8211; Ums\u00f3knir og ey\u00f0ubl\u00f6\u00f0 vinstra megin \u00e1 s\u00ed\u00f0unni.<\/p>\n<p>&nbsp;<\/p>\n<header class=\"entry-header\">\n<h3 class=\"entry-title\">Brautskr\u00e1ning nemenda \u00ed einni e\u00f0a fleiri n\u00e1msgreinum<\/h3>\n<\/header>\n<div class=\"entry-content content\">\n<p>Nemendur geta \u00fatskrifast \u00ed einni e\u00f0a fleiri n\u00e1msgreinum \u00e1\u00f0ur en 10. bekk er loki\u00f0. \u00cd framhaldinu geta \u00feeir stunda\u00f0 n\u00e1m vi\u00f0 Menntask\u00f3la Borgarfjar\u00f0ar samhli\u00f0a n\u00e1mi s\u00ednu. Nemendur geta einnig s\u00f3tt fjarn\u00e1m \u00ed \u00f6\u00f0rum menntastofnunum.<\/p>\n<p>Eftirfarandi verklagi skal fylgt eftir vi\u00f0 \u00fatskrift nemanda \u00ed einstakri n\u00e1msgrein:<br \/>\n\u2022 Alla jafna \u00fatskrifast nemandi sem hyggur \u00e1 framhaldsn\u00e1m \u00far n\u00e1msgrein \u00ed lok 9. bekkjar e\u00f0a um \u00e1ram\u00f3t \u00ed 10. bekk. Nemandi getur loki\u00f0 \u00f6llu n\u00e1msefni \u00ed n\u00e1msgrein fyrr en \u00fe\u00e1 \u00e1n \u00feess a\u00f0 \u00fatskrifast formlega.<\/p>\n<p>\u2022 Nemandi sem hyggur \u00e1 \u00fatskrift \u00ed einstakri n\u00e1msgrein \u00e1\u00f0ur en 10 n\u00e1ms\u00e1ri er loki\u00f0 getur hafi\u00f0 undirb\u00faning \u00fatskriftar \u00ed 8. e\u00f0a 9. bekk \u00ed samr\u00e1\u00f0i vi\u00f0 umsj\u00f3narkennara\/kennara sinn. Til a\u00f0 svo geti or\u00f0i\u00f0 \u00fearf nemandi a\u00f0 l\u00e1gmarki a\u00f0 hafa einkunn upp \u00e1 A \u00e1 vitnisbur\u00f0arbla\u00f0i s\u00ednu og hafa s\u00fdnt g\u00f3\u00f0a \u00e1stundun.<\/p>\n<p>\u2022 Nemandi \u00fearf a\u00f0 geta axla\u00f0 \u00e1byrg\u00f0 \u00e1 n\u00e1mi s\u00ednu.<\/p>\n<p>\u2022 Foreldrar skulu s\u00e6kja um formlega me\u00f0 ums\u00f3knarbla\u00f0i minnst tveimur m\u00e1nu\u00f0um fyrir \u00fatskrift a\u00f0 \u00f3ska\u00f0 s\u00e9 eftir \u00fatskrift barnsins \u00ed einni e\u00f0a fleiri n\u00e1msgreinum.<\/p>\n<p>\u2022 Nemanda ber a\u00f0 lj\u00faka \u00f6llu n\u00e1mi \u00ed vi\u00f0komandi grein samkv\u00e6mt a\u00f0aln\u00e1mskr\u00e1 grunnsk\u00f3la og uppfylla vi\u00f0mi\u00f0 10. bekkjar me\u00f0 hli\u00f0sj\u00f3n af h\u00e6fnivi\u00f0mi\u00f0um a\u00f0aln\u00e1mskr\u00e1r me\u00f0 fram\u00farskarandi \u00e1rangri.<\/p>\n<p>\u2022 S\u00e6ki nemandi framhaldsn\u00e1m \u00ed n\u00e1msgrein sem hann hefur loki\u00f0 f\u00e6r hann leyfi \u00ed \u00feeim t\u00edmum \u00ed grunnsk\u00f3lanum til a\u00f0 s\u00e6kja \u00fe\u00e1 t\u00edma \u00ed Menntask\u00f3la Borgarfjar\u00f0ar. Hitti \u00feannig \u00e1 a\u00f0 t\u00edmar \u00ed Menntask\u00f3lanum s\u00e9u \u00e1 sama t\u00edma og einhver n\u00e1msgrein \u00ed grunnsk\u00f3lanum, \u00feannig hann komist ekki \u00ed hana, skal hann taka hana utan sk\u00f3la e\u00f0a skipuleggja n\u00e1m sitt og fjarveru \u00far \u00f6\u00f0ru n\u00e1mi \u00ed samr\u00e1\u00f0i vi\u00f0 umsj\u00f3narkennara. Nemandinn s\u00e9r sj\u00e1lfur um a\u00f0 koma s\u00e9r \u00e1 milli h\u00fasa.<\/p>\n<p>&nbsp;<\/p>\n<\/div>\n<header class=\"entry-header\">\n<h3 class=\"entry-title\">Brautskr\u00e1ning \u00e1\u00f0ur en 10 \u00e1ra skyldun\u00e1mi er loki\u00f0<\/h3>\n<\/header>\n<div class=\"entry-content content\">\n<p>Foreldrar geta \u00f3ska\u00f0 eftir \u00fev\u00ed vi\u00f0 sk\u00f3lastj\u00f3ra grunnsk\u00f3la a\u00f0 barn \u00feeirra s\u00e9 \u00fatskrifa\u00f0 \u00far grunnsk\u00f3la \u00e1\u00f0ur en 10 \u00e1ra skyldun\u00e1mi er loki\u00f0, telji foreldrar a\u00f0 vi\u00f0komandi nemandi hafi forsendur til a\u00f0 innritast \u00ed framhaldssk\u00f3la. Sk\u00f3lastj\u00f3ri skal r\u00e1\u00f0f\u00e6ra sig vi\u00f0 umsj\u00f3narkennara nemandans og s\u00e9rfr\u00e6\u00f0i\u00fej\u00f3nustu sveitarf\u00e9lagsins \u00e1\u00f0ur en hann tekur \u00e1kv\u00f6r\u00f0un \u00ed m\u00e1linu. Sk\u00f3lastj\u00f3ri metur hven\u00e6r nemandi hafi loki\u00f0 grunnsk\u00f3lan\u00e1mi og ber \u00e1byrg\u00f0 \u00e1 \u00fatskrift hans \u00far grunnsk\u00f3la. Nemanda ber a\u00f0 lj\u00faka \u00f6llu skyldun\u00e1mi samkv\u00e6mt a\u00f0aln\u00e1mskr\u00e1 grunnsk\u00f3la me\u00f0 fram\u00farskarandi \u00e1rangri \u00e1\u00f0ur en hann \u00fatskrifast \u00fea\u00f0an, samanber eftirfarandi vi\u00f0mi\u00f0:<br \/>\n\u2022 Nemandi uppfylli vi\u00f0mi\u00f0 me\u00f0 hli\u00f0sj\u00f3n af h\u00e6fnivi\u00f0mi\u00f0um a\u00f0aln\u00e1mskr\u00e1r me\u00f0 fram\u00farskarandi \u00e1rangri.<br \/>\n\u2022 Nemandi hafi fengi\u00f0 n\u00e1ms- og starfsr\u00e1\u00f0gj\u00f6f.<br \/>\n\u2022 Sk\u00f3lastj\u00f3ri, umsj\u00f3narkennari og s\u00e9rfr\u00e6\u00f0i\u00fej\u00f3nusta telji \u00fatskrift r\u00e1\u00f0lega.<br \/>\n\u2022 Nemandi hefur f\u00e9lags\u00feroska til a\u00f0 takast \u00e1 vi\u00f0 f\u00e9lagslegt umhverfi framhaldssk\u00f3la.<\/p>\n<p>Nemendur sem ekki hafa loki\u00f0 grunnsk\u00f3lan\u00e1mi geta \u00fe\u00f3 hafi\u00f0 n\u00e1m \u00ed framhaldssk\u00f3la samhli\u00f0a \u00ed samr\u00e1\u00f0i vi\u00f0 foreldra, vi\u00f0komandi framhaldssk\u00f3la og vi\u00f0komandi sveitarf\u00e9lag, \u00fear sem lj\u00f3st s\u00e9 hvernig n\u00e1mi\u00f0 er formlega meti\u00f0. Samkv\u00e6mt grunnsk\u00f3lal\u00f6gum er gert r\u00e1\u00f0 fyrir a\u00f0 n\u00e1nar s\u00e9 sami\u00f0 um framkv\u00e6md og fyrirkomulag milli hluta\u00f0eigandi grunn- og framhaldssk\u00f3la.<br \/>\n\u00c1kve\u00f0i sk\u00f3lastj\u00f3ri a\u00f0 synja foreldrum um \u00fatskrift \u00far grunnsk\u00f3la \u00e1\u00f0ur en 10 \u00e1ra skyldun\u00e1mi er loki\u00f0 geta foreldrar k\u00e6rt \u00fe\u00e1 synjun grunnsk\u00f3la til mennta- og menningarm\u00e1lar\u00e1\u00f0uneytis sem \u00farskur\u00f0ar \u00ed m\u00e1linu.<br \/>\n\u00dar A\u00f0aln\u00e1mskr\u00e1 grunnsk\u00f3la, Almennur hluti bls. 58-59.<\/p>\n<p>Eftirfarandi verklagi skal fylgt eftir \u00ed \u00feessum m\u00e1lum:<br \/>\n\u2022 Foreldrar s\u00e6kja um til sk\u00f3lastj\u00f3ra a\u00f0 barn \u00feeirra \u00fatskrifist fyrr en hef\u00f0bundi\u00f0 n\u00e1msfyrirkomulag gerir r\u00e1\u00f0 fyrir \u00e1 s\u00e9rst\u00f6ku ey\u00f0ubla\u00f0i. Ef nemandi \u00e6tlar a\u00f0 \u00fatskrifast \u00ed lok 9. bekkjar \u00fearf ums\u00f3kn a\u00f0 liggja fyrir \u00ed desember \u00fea\u00f0 sk\u00f3la\u00e1r. Ef nemandi \u00e6tlar a\u00f0 \u00fatskrifast \u00ed desember \u00fearf ums\u00f3kn a\u00f0 liggja fyrir \u00ed upphafi sk\u00f3la\u00e1rs.<\/p>\n<p>\u2022 N\u00e1msefni 10. bekkjar skal lagt til grundvallar \u00ed n\u00e1mi nemenda sem \u00e6tla a\u00f0 \u00fatskrifast fyrr. Nemendur lesa hluta \u00feess utansk\u00f3la.<\/p>\n<p>\u2022 Standast ver\u00f0ur eftirfarandi n\u00e1msgreinar me\u00f0 g\u00f3\u00f0um e\u00f0a mj\u00f6g g\u00f3\u00f0um \u00e1rangri: \u00edslensku, st\u00e6r\u00f0fr\u00e6\u00f0i, ensku, d\u00f6nsku, n\u00e1tt\u00farufr\u00e6\u00f0i og samf\u00e9lagsfr\u00e6\u00f0i.<\/p>\n<p>\u2022 Nemandi \u00fearf a\u00f0 s\u00fdna sj\u00e1lfst\u00e6\u00f0 vinnubr\u00f6g\u00f0 og mikla h\u00e6fni \u00ed a\u00f0 axla \u00e1byrg\u00f0 \u00e1 eigin n\u00e1mi.<\/p>\n<p>\u2022 Nemandi \u00fearf a\u00f0 s\u00fdna g\u00f3\u00f0a \u00e1stundun og frammist\u00f6\u00f0u \u00ed t\u00edmum.<\/p>\n<p>\u2022 Nemandi skal hafa loki\u00f0 10. bekkjar sundpr\u00f3fi.<\/p>\n<p>\u2022 Nemanda stendur til bo\u00f0a f\u00e9lags\u00feroskamat hj\u00e1 s\u00e1lfr\u00e6\u00f0ingi sk\u00f3lans, \u00f3ski forr\u00e1\u00f0amenn \u00feess.Sk\u00f3lastj\u00f3ri getur einnig gert \u00fea\u00f0 a\u00f0 forsendu \u00fatskriftar a\u00f0 sl\u00edkt mat fari fram. Einnig sem horft er til umsagnar umsj\u00f3narkennara um almenna h\u00e6fni nemandans.<\/p>\n<p>\u2022 Nemandi \u00fearf a\u00f0 fara \u00ed vi\u00f0tal hj\u00e1 n\u00e1msr\u00e1\u00f0gjafa og f\u00e1 r\u00e1\u00f0gj\u00f6f var\u00f0andi n\u00e1mi\u00f0.<\/p>\n<\/div>\n","protected":false},"excerpt":{"rendered":"<p>\u00ddmislegt getur or\u00f0i\u00f0 til \u00feess a\u00f0 nemandi \u00f3ski eftir a\u00f0 \u00fatskrifast \u00e1 undan s\u00ednum \u00e1rgangi. \u00cd sl\u00edkum tilfellum getur veri\u00f0 um a\u00f0 r\u00e6\u00f0a \u00fatskrift \u00far einni e\u00f0a fleiri greinum e\u00f0a loka\u00fatskrift \u00far grunnsk\u00f3la. S\u00e6kja \u00fearf um sl\u00edkt \u00e1 \u00fear til ger\u00f0u ey\u00f0ubla\u00f0i sem h\u00e6gt er a\u00f0 n\u00e1lgast h\u00e9r. Ey\u00f0ubla\u00f0i\u00f0 er einnig a\u00f0 finna undir li\u00f0num Hagn\u00fdtt &#8211; Ums\u00f3knir og ey\u00f0ubl\u00f6\u00f0 &#8230; <\/p>\n<div><a href=\"https:\/\/dev.borgarbyggd.is\/grunnborg\/nam-og-kennsla\/ad-utskrifast-fyrr\/\" class=\"more-link\">Read More<\/a><\/div>\n","protected":false},"author":27,"featured_media":0,"parent":50,"menu_order":0,"comment_status":"closed","ping_status":"closed","template":"","meta":{"_acf_changed":false,"footnotes":""},"class_list":["post-1520","page","type-page","status-publish","hentry","no-post-thumbnail"],"acf":{"quickaccess":false},"yoast_head":"<!-- This site is optimized with the Yoast SEO plugin v24.0 - https:\/\/yoast.com\/wordpress\/plugins\/seo\/ -->\n<title>A\u00f0 \u00fatskrifast fyrr - Grunnsk\u00f3linn \u00ed Borgarnesi<\/title>\n<meta name=\"robots\" content=\"index, follow, max-snippet:-1, max-image-preview:large, max-video-preview:-1\" \/>\n<link rel=\"canonical\" href=\"https:\/\/dev.borgarbyggd.is\/grunnborg\/nam-og-kennsla\/ad-utskrifast-fyrr\/\" \/>\n<meta property=\"og:locale\" content=\"en_US\" \/>\n<meta property=\"og:type\" content=\"article\" \/>\n<meta property=\"og:title\" content=\"A\u00f0 \u00fatskrifast fyrr - Grunnsk\u00f3linn \u00ed Borgarnesi\" \/>\n<meta property=\"og:description\" content=\"\u00ddmislegt getur or\u00f0i\u00f0 til \u00feess a\u00f0 nemandi \u00f3ski eftir a\u00f0 \u00fatskrifast \u00e1 undan s\u00ednum \u00e1rgangi. \u00cd sl\u00edkum tilfellum getur veri\u00f0 um a\u00f0 r\u00e6\u00f0a \u00fatskrift \u00far einni e\u00f0a fleiri greinum e\u00f0a loka\u00fatskrift \u00far grunnsk\u00f3la. S\u00e6kja \u00fearf um sl\u00edkt \u00e1 \u00fear til ger\u00f0u ey\u00f0ubla\u00f0i sem h\u00e6gt er a\u00f0 n\u00e1lgast h\u00e9r. Ey\u00f0ubla\u00f0i\u00f0 er einnig a\u00f0 finna undir li\u00f0num Hagn\u00fdtt &#8211; Ums\u00f3knir og ey\u00f0ubl\u00f6\u00f0 ... Read More\" \/>\n<meta property=\"og:url\" content=\"https:\/\/dev.borgarbyggd.is\/grunnborg\/nam-og-kennsla\/ad-utskrifast-fyrr\/\" \/>\n<meta property=\"og:site_name\" content=\"Grunnsk\u00f3linn \u00ed Borgarnesi\" \/>\n<meta property=\"article:modified_time\" content=\"2024-04-10T08:48:27+00:00\" \/>\n<meta name=\"twitter:card\" content=\"summary_large_image\" \/>\n<meta name=\"twitter:label1\" content=\"Est. reading time\" \/>\n\t<meta name=\"twitter:data1\" content=\"5 minutes\" \/>\n<script type=\"application\/ld+json\" class=\"yoast-schema-graph\">{\"@context\":\"https:\/\/schema.org\",\"@graph\":[{\"@type\":\"WebPage\",\"@id\":\"https:\/\/dev.borgarbyggd.is\/grunnborg\/nam-og-kennsla\/ad-utskrifast-fyrr\/\",\"url\":\"https:\/\/dev.borgarbyggd.is\/grunnborg\/nam-og-kennsla\/ad-utskrifast-fyrr\/\",\"name\":\"A\u00f0 \u00fatskrifast fyrr - Grunnsk\u00f3linn \u00ed Borgarnesi\",\"isPartOf\":{\"@id\":\"https:\/\/dev.borgarbyggd.is\/grunnborg\/#website\"},\"datePublished\":\"2024-04-09T15:52:49+00:00\",\"dateModified\":\"2024-04-10T08:48:27+00:00\",\"breadcrumb\":{\"@id\":\"https:\/\/dev.borgarbyggd.is\/grunnborg\/nam-og-kennsla\/ad-utskrifast-fyrr\/#breadcrumb\"},\"inLanguage\":\"en-US\",\"potentialAction\":[{\"@type\":\"ReadAction\",\"target\":[\"https:\/\/dev.borgarbyggd.is\/grunnborg\/nam-og-kennsla\/ad-utskrifast-fyrr\/\"]}]},{\"@type\":\"BreadcrumbList\",\"@id\":\"https:\/\/dev.borgarbyggd.is\/grunnborg\/nam-og-kennsla\/ad-utskrifast-fyrr\/#breadcrumb\",\"itemListElement\":[{\"@type\":\"ListItem\",\"position\":1,\"name\":\"Home\",\"item\":\"https:\/\/dev.borgarbyggd.is\/grunnborg\/\"},{\"@type\":\"ListItem\",\"position\":2,\"name\":\"N\u00e1m og kennsla\",\"item\":\"https:\/\/dev.borgarbyggd.is\/grunnborg\/nam-og-kennsla\/\"},{\"@type\":\"ListItem\",\"position\":3,\"name\":\"A\u00f0 \u00fatskrifast fyrr\"}]},{\"@type\":\"WebSite\",\"@id\":\"https:\/\/dev.borgarbyggd.is\/grunnborg\/#website\",\"url\":\"https:\/\/dev.borgarbyggd.is\/grunnborg\/\",\"name\":\"Grunnsk\u00f3linn \u00ed Borgarnesi\",\"description\":\"\",\"potentialAction\":[{\"@type\":\"SearchAction\",\"target\":{\"@type\":\"EntryPoint\",\"urlTemplate\":\"https:\/\/dev.borgarbyggd.is\/grunnborg\/?s={search_term_string}\"},\"query-input\":{\"@type\":\"PropertyValueSpecification\",\"valueRequired\":true,\"valueName\":\"search_term_string\"}}],\"inLanguage\":\"en-US\"}]}<\/script>\n<!-- \/ Yoast SEO plugin. -->","yoast_head_json":{"title":"A\u00f0 \u00fatskrifast fyrr - Grunnsk\u00f3linn \u00ed Borgarnesi","robots":{"index":"index","follow":"follow","max-snippet":"max-snippet:-1","max-image-preview":"max-image-preview:large","max-video-preview":"max-video-preview:-1"},"canonical":"https:\/\/dev.borgarbyggd.is\/grunnborg\/nam-og-kennsla\/ad-utskrifast-fyrr\/","og_locale":"en_US","og_type":"article","og_title":"A\u00f0 \u00fatskrifast fyrr - Grunnsk\u00f3linn \u00ed Borgarnesi","og_description":"\u00ddmislegt getur or\u00f0i\u00f0 til \u00feess a\u00f0 nemandi \u00f3ski eftir a\u00f0 \u00fatskrifast \u00e1 undan s\u00ednum \u00e1rgangi. \u00cd sl\u00edkum tilfellum getur veri\u00f0 um a\u00f0 r\u00e6\u00f0a \u00fatskrift \u00far einni e\u00f0a fleiri greinum e\u00f0a loka\u00fatskrift \u00far grunnsk\u00f3la. S\u00e6kja \u00fearf um sl\u00edkt \u00e1 \u00fear til ger\u00f0u ey\u00f0ubla\u00f0i sem h\u00e6gt er a\u00f0 n\u00e1lgast h\u00e9r. Ey\u00f0ubla\u00f0i\u00f0 er einnig a\u00f0 finna undir li\u00f0num Hagn\u00fdtt &#8211; Ums\u00f3knir og ey\u00f0ubl\u00f6\u00f0 ... Read More","og_url":"https:\/\/dev.borgarbyggd.is\/grunnborg\/nam-og-kennsla\/ad-utskrifast-fyrr\/","og_site_name":"Grunnsk\u00f3linn \u00ed Borgarnesi","article_modified_time":"2024-04-10T08:48:27+00:00","twitter_card":"summary_large_image","twitter_misc":{"Est. reading time":"5 minutes"},"schema":{"@context":"https:\/\/schema.org","@graph":[{"@type":"WebPage","@id":"https:\/\/dev.borgarbyggd.is\/grunnborg\/nam-og-kennsla\/ad-utskrifast-fyrr\/","url":"https:\/\/dev.borgarbyggd.is\/grunnborg\/nam-og-kennsla\/ad-utskrifast-fyrr\/","name":"A\u00f0 \u00fatskrifast fyrr - Grunnsk\u00f3linn \u00ed Borgarnesi","isPartOf":{"@id":"https:\/\/dev.borgarbyggd.is\/grunnborg\/#website"},"datePublished":"2024-04-09T15:52:49+00:00","dateModified":"2024-04-10T08:48:27+00:00","breadcrumb":{"@id":"https:\/\/dev.borgarbyggd.is\/grunnborg\/nam-og-kennsla\/ad-utskrifast-fyrr\/#breadcrumb"},"inLanguage":"en-US","potentialAction":[{"@type":"ReadAction","target":["https:\/\/dev.borgarbyggd.is\/grunnborg\/nam-og-kennsla\/ad-utskrifast-fyrr\/"]}]},{"@type":"BreadcrumbList","@id":"https:\/\/dev.borgarbyggd.is\/grunnborg\/nam-og-kennsla\/ad-utskrifast-fyrr\/#breadcrumb","itemListElement":[{"@type":"ListItem","position":1,"name":"Home","item":"https:\/\/dev.borgarbyggd.is\/grunnborg\/"},{"@type":"ListItem","position":2,"name":"N\u00e1m og kennsla","item":"https:\/\/dev.borgarbyggd.is\/grunnborg\/nam-og-kennsla\/"},{"@type":"ListItem","position":3,"name":"A\u00f0 \u00fatskrifast fyrr"}]},{"@type":"WebSite","@id":"https:\/\/dev.borgarbyggd.is\/grunnborg\/#website","url":"https:\/\/dev.borgarbyggd.is\/grunnborg\/","name":"Grunnsk\u00f3linn \u00ed Borgarnesi","description":"","potentialAction":[{"@type":"SearchAction","target":{"@type":"EntryPoint","urlTemplate":"https:\/\/dev.borgarbyggd.is\/grunnborg\/?s={search_term_string}"},"query-input":{"@type":"PropertyValueSpecification","valueRequired":true,"valueName":"search_term_string"}}],"inLanguage":"en-US"}]}},"_links":{"self":[{"href":"https:\/\/dev.borgarbyggd.is\/grunnborg\/wp-json\/wp\/v2\/pages\/1520","targetHints":{"allow":["GET"]}}],"collection":[{"href":"https:\/\/dev.borgarbyggd.is\/grunnborg\/wp-json\/wp\/v2\/pages"}],"about":[{"href":"https:\/\/dev.borgarbyggd.is\/grunnborg\/wp-json\/wp\/v2\/types\/page"}],"author":[{"embeddable":true,"href":"https:\/\/dev.borgarbyggd.is\/grunnborg\/wp-json\/wp\/v2\/users\/27"}],"replies":[{"embeddable":true,"href":"https:\/\/dev.borgarbyggd.is\/grunnborg\/wp-json\/wp\/v2\/comments?post=1520"}],"version-history":[{"count":0,"href":"https:\/\/dev.borgarbyggd.is\/grunnborg\/wp-json\/wp\/v2\/pages\/1520\/revisions"}],"up":[{"embeddable":true,"href":"https:\/\/dev.borgarbyggd.is\/grunnborg\/wp-json\/wp\/v2\/pages\/50"}],"wp:attachment":[{"href":"https:\/\/dev.borgarbyggd.is\/grunnborg\/wp-json\/wp\/v2\/media?parent=1520"}],"curies":[{"name":"wp","href":"https:\/\/api.w.org\/{rel}","templated":true}]}}