{"id":1369,"date":"2024-04-02T12:56:29","date_gmt":"2024-04-02T12:56:29","guid":{"rendered":"https:\/\/dev.borgarbyggd.is\/grunnborg\/?page_id=1369"},"modified":"2024-04-02T12:56:29","modified_gmt":"2024-04-02T12:56:29","slug":"almenn-stefna-skolans","status":"publish","type":"page","link":"https:\/\/dev.borgarbyggd.is\/grunnborg\/skolinn\/almenn-stefna-skolans\/","title":{"rendered":"Almenn stefna sk\u00f3lans"},"content":{"rendered":"<div id=\"\" class=\"x-text\">\n<p>Starfsf\u00f3lk Gunnsk\u00f3lans \u00ed Borgarnesi leggur \u00e1herslu \u00e1 \u00ed \u00f6llu s\u00ednu starfi me\u00f0 nemendum a\u00f0 efla \u00fe\u00e1 sem einstaklinga, gera \u00fe\u00e1 h\u00e6fa til a\u00f0 vinna me\u00f0 \u00f6\u00f0rum til a\u00f0 taka \u00fe\u00e1tt \u00ed l\u00fd\u00f0r\u00e6\u00f0is\u00fej\u00f3\u00f0f\u00e9lagi sem st\u00f6\u00f0ugt er a\u00f0 taka breytingum. Vi\u00f0 leggjum jafna \u00e1herslu \u00e1 si\u00f0vit, verksvit og b\u00f3kvit nemenda. Vi\u00f0 viljum sj\u00e1 \u00e1byrga einstaklinga, sem bera vir\u00f0ingu jafnt fyrir sj\u00e1lfum s\u00e9r og umhverfi s\u00ednu, sem l\u00e1ta s\u00e9r annt hver um annan, geta unni\u00f0 me\u00f0 \u00f6\u00f0rum, hafa dug til a\u00f0 standast \u00fer\u00fdsting neikv\u00e6\u00f0ra \u00e1hrifa og bera vir\u00f0ingu fyrir mismunandi sj\u00f3narmi\u00f0um og einstaklingsmun.<\/p>\n<\/div>\n<div id=\"\" class=\"x-text\">\n<p>Til a\u00f0 vi\u00f0 n\u00e1um \u00feessum meginmarkmi\u00f0um okkar \u00fe\u00e1 leggjum vi\u00f0 \u00e1herslu \u00e1, \u00ed samvinnu vi\u00f0 forr\u00e1\u00f0amenn, a\u00f0:<\/p>\n<\/div>\n<div id=\"\" class=\"x-text\">\n<ul>\n<li>Efla sj\u00e1lfsvir\u00f0ingu \/ sj\u00e1lfstraust og vell\u00ed\u00f0an nemenda \u00feannig a\u00f0 \u00feeir \u00f6\u00f0list j\u00e1kv\u00e6\u00f0a sj\u00e1lfsmynd. A\u00f0 \u00feessu er unni\u00f0 m.a. me\u00f0 \u00fev\u00ed a\u00f0 veita \u00feeim j\u00e1kv\u00e6\u00f0a hvatningu og uppbyggjandi gagnr\u00fdni. \u00cd sk\u00f3lanum er l\u00f6g\u00f0 \u00e1hersla \u00e1 a\u00f0 hlusta eftir r\u00f6ddum nemenda.<\/li>\n<li>Efla h\u00e6fni nemenda til a\u00f0 vinna me\u00f0 \u00f6\u00f0rum, m.a. me\u00f0 \u00fev\u00ed a\u00f0 \u00feeir taki a\u00f0 s\u00e9r fj\u00f6lbreytt hlutverk \u00ed h\u00f3pstarfi, leysi \u00e1greiningsefni og skipuleggi samstarf sitt.<\/li>\n<li>Efla \u00e1huga, i\u00f0ni metna\u00f0 og sk\u00f6punarkraft nemenda. \u00cd \u00fev\u00ed felst a\u00f0 kennarar og nemendur velja vi\u00f0fangsefni sem auka \u00e1byrg\u00f0, sj\u00e1lfst\u00e6\u00f0i og frumkv\u00e6\u00f0i nemenda b\u00e6\u00f0i \u00ed verkefnavali og vinnubr\u00f6g\u00f0um. Nemendur tileinka s\u00e9r skipuleg og v\u00f6ndu\u00f0 vinnubr\u00f6g\u00f0.<\/li>\n<li>Nemendur l\u00e6ri a\u00f0 bera \u00e1byrg\u00f0 og vir\u00f0ingu gagnvart sj\u00e1lfum s\u00e9r, \u00f6\u00f0rum einstaklingum og umhverfi s\u00ednu. Me\u00f0al lei\u00f0a m\u00e1 nefna markvissa kennslu \u00ed l\u00edfsleikni fr\u00e1 upphafi sk\u00f3lag\u00f6ngu \u00ed \u00fev\u00ed skyni a\u00f0 auka f\u00e9lagslega f\u00e6rni \u00feeirra.<\/li>\n<li>Efla kristilegt si\u00f0g\u00e6\u00f0i, vi\u00f0s\u00fdni, umbur\u00f0arlyndi og tillitssemi. Sem d\u00e6mi um lei\u00f0 m\u00e1 nefna a\u00f0 nemendur l\u00e6ra a\u00f0 vir\u00f0a sko\u00f0anir hagsmuni og sj\u00f3narmi\u00f0 annarra.<\/li>\n<\/ul>\n<\/div>\n<div id=\"\" class=\"x-text\">\n<p>Einkunnaror\u00f0 \/ gildi sk\u00f3lans:<br \/>\nSj\u00e1lfst\u00e6\u00f0i \u2013 \u00e1byrg\u00f0 \u2013 vir\u00f0ing \u2013 samhugur<\/p>\n<p>Me\u00f0 sj\u00e1lfst\u00e6\u00f0i vi\u00f0 s\u00fdnum \u00feann<br \/>\nsamhug milli vina<br \/>\ner vir\u00f0inguna velja kann<br \/>\nog vekur \u00e1byrg\u00f0ina.<\/p>\n<\/div>\n","protected":false},"excerpt":{"rendered":"<p>Starfsf\u00f3lk Gunnsk\u00f3lans \u00ed Borgarnesi leggur \u00e1herslu \u00e1 \u00ed \u00f6llu s\u00ednu starfi me\u00f0 nemendum a\u00f0 efla \u00fe\u00e1 sem einstaklinga, gera \u00fe\u00e1 h\u00e6fa til a\u00f0 vinna me\u00f0 \u00f6\u00f0rum til a\u00f0 taka \u00fe\u00e1tt \u00ed l\u00fd\u00f0r\u00e6\u00f0is\u00fej\u00f3\u00f0f\u00e9lagi sem st\u00f6\u00f0ugt er a\u00f0 taka breytingum. Vi\u00f0 leggjum jafna \u00e1herslu \u00e1 si\u00f0vit, verksvit og b\u00f3kvit nemenda. Vi\u00f0 viljum sj\u00e1 \u00e1byrga einstaklinga, sem bera vir\u00f0ingu jafnt fyrir sj\u00e1lfum s\u00e9r &#8230; <\/p>\n<div><a href=\"https:\/\/dev.borgarbyggd.is\/grunnborg\/skolinn\/almenn-stefna-skolans\/\" class=\"more-link\">Read More<\/a><\/div>\n","protected":false},"author":27,"featured_media":0,"parent":37,"menu_order":0,"comment_status":"closed","ping_status":"closed","template":"","meta":{"_acf_changed":false,"footnotes":""},"class_list":["post-1369","page","type-page","status-publish","hentry","no-post-thumbnail"],"acf":{"quickaccess":false},"yoast_head":"<!-- This site is optimized with the Yoast SEO plugin v24.0 - https:\/\/yoast.com\/wordpress\/plugins\/seo\/ -->\n<title>Almenn stefna sk\u00f3lans - Grunnsk\u00f3linn \u00ed Borgarnesi<\/title>\n<meta name=\"robots\" content=\"index, follow, max-snippet:-1, max-image-preview:large, max-video-preview:-1\" \/>\n<link rel=\"canonical\" href=\"https:\/\/dev.borgarbyggd.is\/grunnborg\/skolinn\/almenn-stefna-skolans\/\" \/>\n<meta property=\"og:locale\" content=\"en_US\" \/>\n<meta property=\"og:type\" content=\"article\" \/>\n<meta property=\"og:title\" content=\"Almenn stefna sk\u00f3lans - Grunnsk\u00f3linn \u00ed Borgarnesi\" \/>\n<meta property=\"og:description\" content=\"Starfsf\u00f3lk Gunnsk\u00f3lans \u00ed Borgarnesi leggur \u00e1herslu \u00e1 \u00ed \u00f6llu s\u00ednu starfi me\u00f0 nemendum a\u00f0 efla \u00fe\u00e1 sem einstaklinga, gera \u00fe\u00e1 h\u00e6fa til a\u00f0 vinna me\u00f0 \u00f6\u00f0rum til a\u00f0 taka \u00fe\u00e1tt \u00ed l\u00fd\u00f0r\u00e6\u00f0is\u00fej\u00f3\u00f0f\u00e9lagi sem st\u00f6\u00f0ugt er a\u00f0 taka breytingum. Vi\u00f0 leggjum jafna \u00e1herslu \u00e1 si\u00f0vit, verksvit og b\u00f3kvit nemenda. Vi\u00f0 viljum sj\u00e1 \u00e1byrga einstaklinga, sem bera vir\u00f0ingu jafnt fyrir sj\u00e1lfum s\u00e9r ... Read More\" \/>\n<meta property=\"og:url\" content=\"https:\/\/dev.borgarbyggd.is\/grunnborg\/skolinn\/almenn-stefna-skolans\/\" \/>\n<meta property=\"og:site_name\" content=\"Grunnsk\u00f3linn \u00ed Borgarnesi\" \/>\n<meta name=\"twitter:card\" content=\"summary_large_image\" \/>\n<meta name=\"twitter:label1\" content=\"Est. reading time\" \/>\n\t<meta name=\"twitter:data1\" content=\"2 minutes\" \/>\n<script type=\"application\/ld+json\" class=\"yoast-schema-graph\">{\"@context\":\"https:\/\/schema.org\",\"@graph\":[{\"@type\":\"WebPage\",\"@id\":\"https:\/\/dev.borgarbyggd.is\/grunnborg\/skolinn\/almenn-stefna-skolans\/\",\"url\":\"https:\/\/dev.borgarbyggd.is\/grunnborg\/skolinn\/almenn-stefna-skolans\/\",\"name\":\"Almenn stefna sk\u00f3lans - Grunnsk\u00f3linn \u00ed Borgarnesi\",\"isPartOf\":{\"@id\":\"https:\/\/dev.borgarbyggd.is\/grunnborg\/#website\"},\"datePublished\":\"2024-04-02T12:56:29+00:00\",\"dateModified\":\"2024-04-02T12:56:29+00:00\",\"breadcrumb\":{\"@id\":\"https:\/\/dev.borgarbyggd.is\/grunnborg\/skolinn\/almenn-stefna-skolans\/#breadcrumb\"},\"inLanguage\":\"en-US\",\"potentialAction\":[{\"@type\":\"ReadAction\",\"target\":[\"https:\/\/dev.borgarbyggd.is\/grunnborg\/skolinn\/almenn-stefna-skolans\/\"]}]},{\"@type\":\"BreadcrumbList\",\"@id\":\"https:\/\/dev.borgarbyggd.is\/grunnborg\/skolinn\/almenn-stefna-skolans\/#breadcrumb\",\"itemListElement\":[{\"@type\":\"ListItem\",\"position\":1,\"name\":\"Home\",\"item\":\"https:\/\/dev.borgarbyggd.is\/grunnborg\/\"},{\"@type\":\"ListItem\",\"position\":2,\"name\":\"Sk\u00f3linn\",\"item\":\"https:\/\/dev.borgarbyggd.is\/grunnborg\/skolinn\/\"},{\"@type\":\"ListItem\",\"position\":3,\"name\":\"Almenn stefna sk\u00f3lans\"}]},{\"@type\":\"WebSite\",\"@id\":\"https:\/\/dev.borgarbyggd.is\/grunnborg\/#website\",\"url\":\"https:\/\/dev.borgarbyggd.is\/grunnborg\/\",\"name\":\"Grunnsk\u00f3linn \u00ed Borgarnesi\",\"description\":\"\",\"potentialAction\":[{\"@type\":\"SearchAction\",\"target\":{\"@type\":\"EntryPoint\",\"urlTemplate\":\"https:\/\/dev.borgarbyggd.is\/grunnborg\/?s={search_term_string}\"},\"query-input\":{\"@type\":\"PropertyValueSpecification\",\"valueRequired\":true,\"valueName\":\"search_term_string\"}}],\"inLanguage\":\"en-US\"}]}<\/script>\n<!-- \/ Yoast SEO plugin. -->","yoast_head_json":{"title":"Almenn stefna sk\u00f3lans - Grunnsk\u00f3linn \u00ed Borgarnesi","robots":{"index":"index","follow":"follow","max-snippet":"max-snippet:-1","max-image-preview":"max-image-preview:large","max-video-preview":"max-video-preview:-1"},"canonical":"https:\/\/dev.borgarbyggd.is\/grunnborg\/skolinn\/almenn-stefna-skolans\/","og_locale":"en_US","og_type":"article","og_title":"Almenn stefna sk\u00f3lans - Grunnsk\u00f3linn \u00ed Borgarnesi","og_description":"Starfsf\u00f3lk Gunnsk\u00f3lans \u00ed Borgarnesi leggur \u00e1herslu \u00e1 \u00ed \u00f6llu s\u00ednu starfi me\u00f0 nemendum a\u00f0 efla \u00fe\u00e1 sem einstaklinga, gera \u00fe\u00e1 h\u00e6fa til a\u00f0 vinna me\u00f0 \u00f6\u00f0rum til a\u00f0 taka \u00fe\u00e1tt \u00ed l\u00fd\u00f0r\u00e6\u00f0is\u00fej\u00f3\u00f0f\u00e9lagi sem st\u00f6\u00f0ugt er a\u00f0 taka breytingum. Vi\u00f0 leggjum jafna \u00e1herslu \u00e1 si\u00f0vit, verksvit og b\u00f3kvit nemenda. Vi\u00f0 viljum sj\u00e1 \u00e1byrga einstaklinga, sem bera vir\u00f0ingu jafnt fyrir sj\u00e1lfum s\u00e9r ... Read More","og_url":"https:\/\/dev.borgarbyggd.is\/grunnborg\/skolinn\/almenn-stefna-skolans\/","og_site_name":"Grunnsk\u00f3linn \u00ed Borgarnesi","twitter_card":"summary_large_image","twitter_misc":{"Est. reading time":"2 minutes"},"schema":{"@context":"https:\/\/schema.org","@graph":[{"@type":"WebPage","@id":"https:\/\/dev.borgarbyggd.is\/grunnborg\/skolinn\/almenn-stefna-skolans\/","url":"https:\/\/dev.borgarbyggd.is\/grunnborg\/skolinn\/almenn-stefna-skolans\/","name":"Almenn stefna sk\u00f3lans - Grunnsk\u00f3linn \u00ed Borgarnesi","isPartOf":{"@id":"https:\/\/dev.borgarbyggd.is\/grunnborg\/#website"},"datePublished":"2024-04-02T12:56:29+00:00","dateModified":"2024-04-02T12:56:29+00:00","breadcrumb":{"@id":"https:\/\/dev.borgarbyggd.is\/grunnborg\/skolinn\/almenn-stefna-skolans\/#breadcrumb"},"inLanguage":"en-US","potentialAction":[{"@type":"ReadAction","target":["https:\/\/dev.borgarbyggd.is\/grunnborg\/skolinn\/almenn-stefna-skolans\/"]}]},{"@type":"BreadcrumbList","@id":"https:\/\/dev.borgarbyggd.is\/grunnborg\/skolinn\/almenn-stefna-skolans\/#breadcrumb","itemListElement":[{"@type":"ListItem","position":1,"name":"Home","item":"https:\/\/dev.borgarbyggd.is\/grunnborg\/"},{"@type":"ListItem","position":2,"name":"Sk\u00f3linn","item":"https:\/\/dev.borgarbyggd.is\/grunnborg\/skolinn\/"},{"@type":"ListItem","position":3,"name":"Almenn stefna sk\u00f3lans"}]},{"@type":"WebSite","@id":"https:\/\/dev.borgarbyggd.is\/grunnborg\/#website","url":"https:\/\/dev.borgarbyggd.is\/grunnborg\/","name":"Grunnsk\u00f3linn \u00ed Borgarnesi","description":"","potentialAction":[{"@type":"SearchAction","target":{"@type":"EntryPoint","urlTemplate":"https:\/\/dev.borgarbyggd.is\/grunnborg\/?s={search_term_string}"},"query-input":{"@type":"PropertyValueSpecification","valueRequired":true,"valueName":"search_term_string"}}],"inLanguage":"en-US"}]}},"_links":{"self":[{"href":"https:\/\/dev.borgarbyggd.is\/grunnborg\/wp-json\/wp\/v2\/pages\/1369","targetHints":{"allow":["GET"]}}],"collection":[{"href":"https:\/\/dev.borgarbyggd.is\/grunnborg\/wp-json\/wp\/v2\/pages"}],"about":[{"href":"https:\/\/dev.borgarbyggd.is\/grunnborg\/wp-json\/wp\/v2\/types\/page"}],"author":[{"embeddable":true,"href":"https:\/\/dev.borgarbyggd.is\/grunnborg\/wp-json\/wp\/v2\/users\/27"}],"replies":[{"embeddable":true,"href":"https:\/\/dev.borgarbyggd.is\/grunnborg\/wp-json\/wp\/v2\/comments?post=1369"}],"version-history":[{"count":0,"href":"https:\/\/dev.borgarbyggd.is\/grunnborg\/wp-json\/wp\/v2\/pages\/1369\/revisions"}],"up":[{"embeddable":true,"href":"https:\/\/dev.borgarbyggd.is\/grunnborg\/wp-json\/wp\/v2\/pages\/37"}],"wp:attachment":[{"href":"https:\/\/dev.borgarbyggd.is\/grunnborg\/wp-json\/wp\/v2\/media?parent=1369"}],"curies":[{"name":"wp","href":"https:\/\/api.w.org\/{rel}","templated":true}]}}