{"id":124,"date":"2023-09-04T14:40:34","date_gmt":"2023-09-04T14:40:34","guid":{"rendered":"https:\/\/dev.borgarbyggd.is\/grunnborg\/?page_id=124"},"modified":"2024-04-09T13:56:10","modified_gmt":"2024-04-09T13:56:10","slug":"lestur","status":"publish","type":"page","link":"https:\/\/dev.borgarbyggd.is\/grunnborg\/nam-og-kennsla\/lestur\/","title":{"rendered":"Lestur"},"content":{"rendered":"<p>Lestrarstefna Borgarbygg\u00f0ar var unnin af st\u00fdrih\u00f3pi \u00far leik- og grunnsk\u00f3lum Borgarbygg\u00f0ar \u00e1ri\u00f0 2017. Stefnuna m\u00e1 lesa \u00ed heild \u00e1 heimas\u00ed\u00f0u sk\u00f3lanna og sveitarf\u00e9lagsins. \u00cd b\u00e6klingunum sem h\u00e9r er a\u00f0 finna \u00e1 undirs\u00ed\u00f0um, og eru einkum \u00e6tla\u00f0ir foreldrum, m\u00e1 lesa stutta samantekt \u00e1 \u00fev\u00ed helsta er var\u00f0ar lestur og lestrarn\u00e1m \u00ed hverjum \u00e1rgangi fyrir sig. Einnig er a\u00f0 finna \u00e1 undirs\u00ed\u00f0u lei\u00f0ir fyrir foreldra til a\u00f0 sty\u00f0ja og a\u00f0sto\u00f0a barni\u00f0 vi\u00f0 lestrarn\u00e1mi\u00f0.<\/p>\n<p>Traust kunn\u00e1tta \u00ed m\u00f3\u00f0urm\u00e1li er meginundirsta\u00f0a sta\u00f0g\u00f3\u00f0rar menntunar. Jafnframt er lestur \u00f6flugt t\u00e6ki nemenda til a\u00f0 afla s\u00e9r \u00feekkingar og tj\u00e1ning \u00ed r\u00e6\u00f0u og riti ein af nau\u00f0synlegum forsendum \u00fe\u00e1ttt\u00f6ku \u00ed samf\u00e9laginu. (A\u00f0aln\u00e1mskr\u00e1 grunnsk\u00f3la, bls. 97)<br \/>\nLestur krefst v\u00ed\u00f0t\u00e6krar m\u00e1lf\u00e6rni og \u00feekkingar \u00e1 tungum\u00e1linu. B\u00f6rn ver\u00f0a a\u00f0 vera f\u00e6r um a\u00f0 skilja merkingu or\u00f0a, samhengi \u00ed texta og a\u00f0 draga \u00e1lyktanir \u00fat fr\u00e1 lestextanum. \u00deetta reynir miki\u00f0 \u00e1 or\u00f0afor\u00f0a, m\u00e1lfr\u00e6\u00f0i\u00feekkingu, m\u00e1lskilning og h\u00e6fni til a\u00f0 nota m\u00e1li\u00f0 \u00ed mismunandi samhengi. B\u00f6rnum me\u00f0 slaka m\u00e1lf\u00e6rni er h\u00e6tt vi\u00f0 a\u00f0 lenda \u00ed erfi\u00f0leikum me\u00f0 lesskilning, jafnvel \u00fe\u00f3tt \u00feau geti umskr\u00e1\u00f0 b\u00f3kstafina \u00ed hlj\u00f3\u00f0 og or\u00f0.<\/p>\n<p>\u00dej\u00e1lfa\u00f0ur lestur byggist \u00e1 \u00fev\u00ed a\u00f0 lesandinn n\u00e1i g\u00f3\u00f0um t\u00f6kum \u00e1 \u00ferenns konar f\u00e6rni :<br \/>\n\u2022 Hann \u00fearf a\u00f0 eiga au\u00f0velt me\u00f0 a\u00f0 greina hi\u00f0 fl\u00f3kna samspil b\u00f3kstafa og hlj\u00f3\u00f0a til a\u00f0 geta umskr\u00e1\u00f0 or\u00f0in sem s\u00ed\u00f0an festast<br \/>\nsm\u00e1m saman \u00ed sj\u00f3nr\u00e6nu or\u00f0asafni hugans og \u00fev\u00ed fyrr sem \u00feau eru oftar lesin.<br \/>\n\u2022 Hann \u00fearf a\u00f0 hafa g\u00f3\u00f0an m\u00e1lskilning og g\u00f3\u00f0an or\u00f0afor\u00f0a til \u00feess a\u00f0 skilja merkingu textans.<br \/>\n\u2022 Hann \u00fearf a\u00f0 hafa g\u00f3\u00f0a lesfimi, geta lesi\u00f0 hratt og fyrirhafnarlaust til a\u00f0 geta beint athyglinni a\u00f0 innihaldi lestextans.<\/p>\n<p>G\u00f3\u00f0ir lesarar nj\u00f3ta \u00feess gjarnan a\u00f0 lesa og lesturinn veitir \u00feeim \u00e1n\u00e6gju.<br \/>\n<span style=\"color: #0000ff\"><a style=\"color: #0000ff\" href=\"http:\/\/lesvefurinn.hi.is\/hvad_er_lestur\">http:\/\/lesvefurinn.hi.is\/hvad_er_lestur<\/a><\/span><\/p>\n<p>Besti t\u00edminn fyrir barni\u00f0 til a\u00f0 l\u00e6ra a\u00f0 lesa og skrifa er \u00e1 unga aldri. \u00de\u00e1 er \u00fea\u00f0 m\u00f3tt\u00e6kilegast fyrir j\u00e1kv\u00e6\u00f0um vi\u00f0horfum til lestrar og ritunar og n\u00e6mast fyrir \u00feeim undirst\u00f6\u00f0u\u00fe\u00e1ttum sem n\u00e1m \u00ed lestri og ritun byggir \u00e1.<br \/>\nMarkmi\u00f0i\u00f0 me\u00f0 lestrar\u00fej\u00e1lfun er a\u00f0 byggja upp lestrarf\u00e6rni sem n\u00fdtist til n\u00e1ms og auki sj\u00e1lfstraust nemenda \u00ed n\u00e1mi og starfi. Stefnan er a\u00f0 allir nemendur n\u00e1i eins g\u00f3\u00f0um \u00e1rangri og \u00feeir hafa forsendur til \u00ed lestri og a\u00f0 lestrarkennslan ver\u00f0i \u00f6llum nemendum gott veganesti \u00feegar \u00feeir lj\u00faka sk\u00f3lag\u00f6ngu sinni \u00ed Grunnsk\u00f3lanum \u00ed Borgarnesi.<br \/>\nForeldrar eru mikilv\u00e6gir \u00fe\u00e1tttakendur \u00ed n\u00e1mi barna sinna. Sem foreldri getur \u00fe\u00fa haft mikil \u00e1hrif \u00e1 hvernig barninu \u00fe\u00ednu farnast \u00ed n\u00e1mi \u00fear sem \u00fe\u00fa b\u00fdr\u00f0 yfir einstakri reynslu sem getur hj\u00e1lpa\u00f0 \u00fev\u00ed a\u00f0 l\u00e6ra. S\u00fdnt hefur veri\u00f0 fram \u00e1 a\u00f0 stu\u00f0ningur foreldra \u00ed lestrarn\u00e1mi skiptir miklu m\u00e1li.<\/p>\n","protected":false},"excerpt":{"rendered":"<p>Lestrarstefna Borgarbygg\u00f0ar var unnin af st\u00fdrih\u00f3pi \u00far leik- og grunnsk\u00f3lum Borgarbygg\u00f0ar \u00e1ri\u00f0 2017. Stefnuna m\u00e1 lesa \u00ed heild \u00e1 heimas\u00ed\u00f0u sk\u00f3lanna og sveitarf\u00e9lagsins. \u00cd b\u00e6klingunum sem h\u00e9r er a\u00f0 finna \u00e1 undirs\u00ed\u00f0um, og eru einkum \u00e6tla\u00f0ir foreldrum, m\u00e1 lesa stutta samantekt \u00e1 \u00fev\u00ed helsta er var\u00f0ar lestur og lestrarn\u00e1m \u00ed hverjum \u00e1rgangi fyrir sig. Einnig er a\u00f0 finna \u00e1 undirs\u00ed\u00f0u &#8230; <\/p>\n<div><a href=\"https:\/\/dev.borgarbyggd.is\/grunnborg\/nam-og-kennsla\/lestur\/\" class=\"more-link\">Read More<\/a><\/div>\n","protected":false},"author":4,"featured_media":0,"parent":50,"menu_order":0,"comment_status":"closed","ping_status":"closed","template":"","meta":{"_acf_changed":false,"footnotes":""},"class_list":["post-124","page","type-page","status-publish","hentry","no-post-thumbnail"],"acf":{"quickaccess":false},"yoast_head":"<!-- This site is optimized with the Yoast SEO plugin v24.0 - https:\/\/yoast.com\/wordpress\/plugins\/seo\/ -->\n<title>Lestur - Grunnsk\u00f3linn \u00ed Borgarnesi<\/title>\n<meta name=\"robots\" content=\"index, follow, max-snippet:-1, max-image-preview:large, max-video-preview:-1\" \/>\n<link rel=\"canonical\" href=\"https:\/\/dev.borgarbyggd.is\/grunnborg\/nam-og-kennsla\/lestur\/\" \/>\n<meta property=\"og:locale\" content=\"en_US\" \/>\n<meta property=\"og:type\" content=\"article\" \/>\n<meta property=\"og:title\" content=\"Lestur - Grunnsk\u00f3linn \u00ed Borgarnesi\" \/>\n<meta property=\"og:description\" content=\"Lestrarstefna Borgarbygg\u00f0ar var unnin af st\u00fdrih\u00f3pi \u00far leik- og grunnsk\u00f3lum Borgarbygg\u00f0ar \u00e1ri\u00f0 2017. Stefnuna m\u00e1 lesa \u00ed heild \u00e1 heimas\u00ed\u00f0u sk\u00f3lanna og sveitarf\u00e9lagsins. \u00cd b\u00e6klingunum sem h\u00e9r er a\u00f0 finna \u00e1 undirs\u00ed\u00f0um, og eru einkum \u00e6tla\u00f0ir foreldrum, m\u00e1 lesa stutta samantekt \u00e1 \u00fev\u00ed helsta er var\u00f0ar lestur og lestrarn\u00e1m \u00ed hverjum \u00e1rgangi fyrir sig. Einnig er a\u00f0 finna \u00e1 undirs\u00ed\u00f0u ... Read More\" \/>\n<meta property=\"og:url\" content=\"https:\/\/dev.borgarbyggd.is\/grunnborg\/nam-og-kennsla\/lestur\/\" \/>\n<meta property=\"og:site_name\" content=\"Grunnsk\u00f3linn \u00ed Borgarnesi\" \/>\n<meta property=\"article:modified_time\" content=\"2024-04-09T13:56:10+00:00\" \/>\n<meta name=\"twitter:card\" content=\"summary_large_image\" \/>\n<meta name=\"twitter:label1\" content=\"Est. reading time\" \/>\n\t<meta name=\"twitter:data1\" content=\"3 minutes\" \/>\n<script type=\"application\/ld+json\" class=\"yoast-schema-graph\">{\"@context\":\"https:\/\/schema.org\",\"@graph\":[{\"@type\":\"WebPage\",\"@id\":\"https:\/\/dev.borgarbyggd.is\/grunnborg\/nam-og-kennsla\/lestur\/\",\"url\":\"https:\/\/dev.borgarbyggd.is\/grunnborg\/nam-og-kennsla\/lestur\/\",\"name\":\"Lestur - Grunnsk\u00f3linn \u00ed Borgarnesi\",\"isPartOf\":{\"@id\":\"https:\/\/dev.borgarbyggd.is\/grunnborg\/#website\"},\"datePublished\":\"2023-09-04T14:40:34+00:00\",\"dateModified\":\"2024-04-09T13:56:10+00:00\",\"breadcrumb\":{\"@id\":\"https:\/\/dev.borgarbyggd.is\/grunnborg\/nam-og-kennsla\/lestur\/#breadcrumb\"},\"inLanguage\":\"en-US\",\"potentialAction\":[{\"@type\":\"ReadAction\",\"target\":[\"https:\/\/dev.borgarbyggd.is\/grunnborg\/nam-og-kennsla\/lestur\/\"]}]},{\"@type\":\"BreadcrumbList\",\"@id\":\"https:\/\/dev.borgarbyggd.is\/grunnborg\/nam-og-kennsla\/lestur\/#breadcrumb\",\"itemListElement\":[{\"@type\":\"ListItem\",\"position\":1,\"name\":\"Home\",\"item\":\"https:\/\/dev.borgarbyggd.is\/grunnborg\/\"},{\"@type\":\"ListItem\",\"position\":2,\"name\":\"N\u00e1m og kennsla\",\"item\":\"https:\/\/dev.borgarbyggd.is\/grunnborg\/nam-og-kennsla\/\"},{\"@type\":\"ListItem\",\"position\":3,\"name\":\"Lestur\"}]},{\"@type\":\"WebSite\",\"@id\":\"https:\/\/dev.borgarbyggd.is\/grunnborg\/#website\",\"url\":\"https:\/\/dev.borgarbyggd.is\/grunnborg\/\",\"name\":\"Grunnsk\u00f3linn \u00ed Borgarnesi\",\"description\":\"\",\"potentialAction\":[{\"@type\":\"SearchAction\",\"target\":{\"@type\":\"EntryPoint\",\"urlTemplate\":\"https:\/\/dev.borgarbyggd.is\/grunnborg\/?s={search_term_string}\"},\"query-input\":{\"@type\":\"PropertyValueSpecification\",\"valueRequired\":true,\"valueName\":\"search_term_string\"}}],\"inLanguage\":\"en-US\"}]}<\/script>\n<!-- \/ Yoast SEO plugin. -->","yoast_head_json":{"title":"Lestur - Grunnsk\u00f3linn \u00ed Borgarnesi","robots":{"index":"index","follow":"follow","max-snippet":"max-snippet:-1","max-image-preview":"max-image-preview:large","max-video-preview":"max-video-preview:-1"},"canonical":"https:\/\/dev.borgarbyggd.is\/grunnborg\/nam-og-kennsla\/lestur\/","og_locale":"en_US","og_type":"article","og_title":"Lestur - Grunnsk\u00f3linn \u00ed Borgarnesi","og_description":"Lestrarstefna Borgarbygg\u00f0ar var unnin af st\u00fdrih\u00f3pi \u00far leik- og grunnsk\u00f3lum Borgarbygg\u00f0ar \u00e1ri\u00f0 2017. Stefnuna m\u00e1 lesa \u00ed heild \u00e1 heimas\u00ed\u00f0u sk\u00f3lanna og sveitarf\u00e9lagsins. \u00cd b\u00e6klingunum sem h\u00e9r er a\u00f0 finna \u00e1 undirs\u00ed\u00f0um, og eru einkum \u00e6tla\u00f0ir foreldrum, m\u00e1 lesa stutta samantekt \u00e1 \u00fev\u00ed helsta er var\u00f0ar lestur og lestrarn\u00e1m \u00ed hverjum \u00e1rgangi fyrir sig. Einnig er a\u00f0 finna \u00e1 undirs\u00ed\u00f0u ... Read More","og_url":"https:\/\/dev.borgarbyggd.is\/grunnborg\/nam-og-kennsla\/lestur\/","og_site_name":"Grunnsk\u00f3linn \u00ed Borgarnesi","article_modified_time":"2024-04-09T13:56:10+00:00","twitter_card":"summary_large_image","twitter_misc":{"Est. reading time":"3 minutes"},"schema":{"@context":"https:\/\/schema.org","@graph":[{"@type":"WebPage","@id":"https:\/\/dev.borgarbyggd.is\/grunnborg\/nam-og-kennsla\/lestur\/","url":"https:\/\/dev.borgarbyggd.is\/grunnborg\/nam-og-kennsla\/lestur\/","name":"Lestur - Grunnsk\u00f3linn \u00ed Borgarnesi","isPartOf":{"@id":"https:\/\/dev.borgarbyggd.is\/grunnborg\/#website"},"datePublished":"2023-09-04T14:40:34+00:00","dateModified":"2024-04-09T13:56:10+00:00","breadcrumb":{"@id":"https:\/\/dev.borgarbyggd.is\/grunnborg\/nam-og-kennsla\/lestur\/#breadcrumb"},"inLanguage":"en-US","potentialAction":[{"@type":"ReadAction","target":["https:\/\/dev.borgarbyggd.is\/grunnborg\/nam-og-kennsla\/lestur\/"]}]},{"@type":"BreadcrumbList","@id":"https:\/\/dev.borgarbyggd.is\/grunnborg\/nam-og-kennsla\/lestur\/#breadcrumb","itemListElement":[{"@type":"ListItem","position":1,"name":"Home","item":"https:\/\/dev.borgarbyggd.is\/grunnborg\/"},{"@type":"ListItem","position":2,"name":"N\u00e1m og kennsla","item":"https:\/\/dev.borgarbyggd.is\/grunnborg\/nam-og-kennsla\/"},{"@type":"ListItem","position":3,"name":"Lestur"}]},{"@type":"WebSite","@id":"https:\/\/dev.borgarbyggd.is\/grunnborg\/#website","url":"https:\/\/dev.borgarbyggd.is\/grunnborg\/","name":"Grunnsk\u00f3linn \u00ed Borgarnesi","description":"","potentialAction":[{"@type":"SearchAction","target":{"@type":"EntryPoint","urlTemplate":"https:\/\/dev.borgarbyggd.is\/grunnborg\/?s={search_term_string}"},"query-input":{"@type":"PropertyValueSpecification","valueRequired":true,"valueName":"search_term_string"}}],"inLanguage":"en-US"}]}},"_links":{"self":[{"href":"https:\/\/dev.borgarbyggd.is\/grunnborg\/wp-json\/wp\/v2\/pages\/124","targetHints":{"allow":["GET"]}}],"collection":[{"href":"https:\/\/dev.borgarbyggd.is\/grunnborg\/wp-json\/wp\/v2\/pages"}],"about":[{"href":"https:\/\/dev.borgarbyggd.is\/grunnborg\/wp-json\/wp\/v2\/types\/page"}],"author":[{"embeddable":true,"href":"https:\/\/dev.borgarbyggd.is\/grunnborg\/wp-json\/wp\/v2\/users\/4"}],"replies":[{"embeddable":true,"href":"https:\/\/dev.borgarbyggd.is\/grunnborg\/wp-json\/wp\/v2\/comments?post=124"}],"version-history":[{"count":0,"href":"https:\/\/dev.borgarbyggd.is\/grunnborg\/wp-json\/wp\/v2\/pages\/124\/revisions"}],"up":[{"embeddable":true,"href":"https:\/\/dev.borgarbyggd.is\/grunnborg\/wp-json\/wp\/v2\/pages\/50"}],"wp:attachment":[{"href":"https:\/\/dev.borgarbyggd.is\/grunnborg\/wp-json\/wp\/v2\/media?parent=124"}],"curies":[{"name":"wp","href":"https:\/\/api.w.org\/{rel}","templated":true}]}}