{"id":1162,"date":"2024-02-19T14:29:13","date_gmt":"2024-02-19T14:29:13","guid":{"rendered":"https:\/\/dev.borgarbyggd.is\/grunnborg\/?page_id=1162"},"modified":"2024-04-09T14:03:01","modified_gmt":"2024-04-09T14:03:01","slug":"namsmat-2","status":"publish","type":"page","link":"https:\/\/dev.borgarbyggd.is\/grunnborg\/nam-og-kennsla\/namsmat-2\/","title":{"rendered":"N\u00e1msmat"},"content":{"rendered":"<p>Mat \u00e1 h\u00e6fni og framf\u00f6rum nemenda er reglubundinn \u00fe\u00e1ttur \u00ed sk\u00f3lastarfi, \u00f3rj\u00fafanlegur fr\u00e1 n\u00e1mi og kennslu. Megintilgangur n\u00e1msmats er a\u00f0 lei\u00f0beina nemendum um n\u00e1mi\u00f0 og hvernig \u00feeir geti n\u00e1\u00f0 markmi\u00f0um \u00feess. Me\u00f0 n\u00e1msmati er fylgst me\u00f0 \u00fev\u00ed hvernig nemendum tekst a\u00f0 n\u00e1 almennum h\u00e6fnivi\u00f0mi\u00f0um a\u00f0aln\u00e1mskr\u00e1r, stu\u00f0la\u00f0 a\u00f0 n\u00e1mshvatningu, nemendur \u00f6rva\u00f0ir til framfara og meti\u00f0 hverjir \u00feurfa \u00e1 s\u00e9rstakri a\u00f0sto\u00f0 a\u00f0 halda. <a href=\"https:\/\/dev.borgarbyggd.is\/grunnborg\/wp-content\/uploads\/sites\/2\/2024\/02\/Namsmat-i-grunnskola.pdf\"><span style=\"color: #0000ff\">(N\u00e1msmat \u00ed grunnsk\u00f3la)<\/span><\/a><\/p>\n<p><span style=\"color: #000000\"><strong>N\u00e1msmat \u00ed Grunnsk\u00f3lanum \u00ed Borgarnesi<\/strong><\/span><\/p>\n<p>\u00cd \u00f6llum n\u00e1msgreinum meta kennarar framvindu n\u00e1msins og h\u00e6fni nemenda jafn\u00f3\u00f0um yfir sk\u00f3la\u00e1ri\u00f0 og gefa \u00feeim nemendum sem hafa ekki n\u00e1\u00f0 \u00e1kve\u00f0inni h\u00e6fni t\u00e6kif\u00e6ri til a\u00f0 b\u00e6ta sig. N\u00e1msmat er b\u00e6\u00f0i lei\u00f0sagnarmat og lokamat. \u00cd lei\u00f0sagnarmati eru markmi\u00f0in og h\u00e6fnin sem stefnt er a\u00f0 nemendum lj\u00f3s. \u00de\u00e1 \u00fearf endurgj\u00f6fin a\u00f0 veita \u00feeim lei\u00f0s\u00f6gn um hvernig \u00feeir geta b\u00e6tt h\u00e6fni s\u00edna. Lokamat segir til um h\u00e6fni nemenda vi\u00f0 lok sk\u00f3la\u00e1rs e\u00f0a vi\u00f0 \u00fatskrift \u00far grunnsk\u00f3la og er frammista\u00f0a nemandans \u00fe\u00e1 dregin saman \u00ed eina einkunn \u00ed hverju fagi. Leitast er vi\u00f0 a\u00f0 byggja n\u00e1msmati\u00f0 \u00ed sk\u00f3lanum sem mest \u00e1 lei\u00f0sagnarmati, sem metur fj\u00f6lbreytta h\u00e6fni nemenda \u00e1 lengri t\u00edma. Kennarar meta og skr\u00e1 h\u00e6fni nemenda \u00ed Mentor jafnt og \u00fe\u00e9tt yfir sk\u00f3la\u00e1ri\u00f0, nemendum og foreldrum til uppl\u00fdsinga um \u00fea\u00f0 sem nemendur geta og kunna \u00e1 hverjum t\u00edma. Ni\u00f0urst\u00f6\u00f0ur n\u00e1msmats birtast nemendum \u00fear \u00ed gegnum h\u00e6fnivi\u00f0mi\u00f0 og matsvi\u00f0mi\u00f0 og geta foreldrar og nemendur n\u00e1lgast h\u00e6fnikort nemenda og s\u00e9\u00f0 yfirlit yfir hvar nemandinn er staddur \u00ed hverri grein, hva\u00f0a vi\u00f0mi\u00f0um hann hefur n\u00e1\u00f0 og hvar hann \u00fearfnast frekari \u00fej\u00e1lfunar ef \u00fea\u00f0 \u00e1 vi\u00f0. St\u00f6\u00f0umat fer s\u00ed\u00f0an fram 2 sinnum \u00e1 sk\u00f3la\u00e1rinu me\u00f0 vi\u00f0tali nemanda og foreldra me\u00f0 umsj\u00f3narkennara. Tilgangur st\u00f6\u00f0umatsins er a\u00f0 veita mat \u00e1 st\u00f6\u00f0u nemenda til \u00feeirra sj\u00e1lfra og a\u00f0standenda \u00feeirra, til a\u00f0 hj\u00e1lpa \u00feeim til a\u00f0 n\u00e1 frekari \u00e1rangri \u00ed n\u00e1minu og stu\u00f0la a\u00f0 g\u00f3\u00f0ri l\u00ed\u00f0an \u00feeirra.<\/p>\n<p><span style=\"color: #000000\"><strong>Markmi\u00f0<\/strong><\/span><\/p>\n<p>Markmi\u00f0 n\u00e1ms skal jafnan vera h\u00e6fni nemenda. L\u00fdsingar \u00e1 markmi\u00f0um n\u00e1ms heita n\u00fa h\u00e6fnivi\u00f0mi\u00f0 og beinast a\u00f0 \u00fev\u00ed sem nemandinn \u00e1 a\u00f0 geta gert vi\u00f0 lok n\u00e1mst\u00edma\/ n\u00e1mslotu. N\u00e1msmat skal mi\u00f0ast vi\u00f0 fyrirfram skilgreind h\u00e6fnivi\u00f0mi\u00f0. \u00c1 heimas\u00ed\u00f0u sk\u00f3lans er a\u00f0 finna bekkjarn\u00e1mskr\u00e1r hvers n\u00e1msh\u00f3ps \u00fear sem fram koma markmi\u00f0 vetrarins. \u00dear koma fram h\u00e6fnivi\u00f0mi\u00f0 sem \u00fej\u00e1lfu\u00f0 eru \u00ed n\u00e1msgrein, kennslua\u00f0fer\u00f0ir og n\u00e1msmat auk uppl\u00fdsinga um n\u00e1msg\u00f6gn, t\u00edmafj\u00f6lda \u00ed hverri grein og nafn kennara. H\u00e6fnivi\u00f0mi\u00f0in eru s\u00e1 grundv\u00f6llur sem kennsluh\u00e6ttir og n\u00e1msmat byggjast \u00e1. Kjarninn \u00ed n\u00e1lgun Grunnsk\u00f3lans \u00ed Borgarnesi hefur veri\u00f0 a\u00f0 sundurli\u00f0a h\u00e6fnivi\u00f0mi\u00f0 og matsvi\u00f0mi\u00f0 A\u00f0aln\u00e1mskr\u00e1r og b\u00faa til \u00far \u00feeim h\u00e6fnil\u00fdsingar fyrir hvern \u00e1rgang sem nemendur eiga au\u00f0velt me\u00f0 a\u00f0 skilja og vinna a\u00f0. Vi\u00f0 k\u00f6llum \u00feetta Borgarnes h\u00e6fnivi\u00f0mi\u00f0\/n\u00e1mskr\u00e1r. \u00deegar kennari skilar verkefnum\/pr\u00f3fum til baka til nemandans kemur ni\u00f0ursta\u00f0an ekki sem ein einkunn, heldur sem endurgj\u00f6f \u00e1 Borgarnes-h\u00e6fnivi\u00f0mi\u00f0in. Gefi\u00f0 er me\u00f0 b\u00f3kst\u00f6funum A,B+,B,C+,C og D. \u00cd sumum tilfellum l\u00edkt og \u00ed val\u00e1f\u00f6ngum er einungis meti\u00f0 loki\u00f0\/\u00f3loki\u00f0. N\u00e1nar m\u00e1 kynna s\u00e9r n\u00e1msmat \u00ed sk\u00f3lan\u00e1mskr\u00e1 Grunnsk\u00f3lans \u00ed Borgarnesi.<\/p>\n<p><span style=\"color: #000000\"><strong>Lykilh\u00e6fni<\/strong><\/span><\/p>\n<p>Lykilh\u00e6fni leggur mat \u00e1 h\u00e6fni nemenda sem byggist \u00e1 grunn\u00fe\u00e1ttum \u00ed menntun og \u00e1herslu\u00fe\u00e1ttum grunnsk\u00f3lalaga og er sameiginleg \u00f6llum n\u00e1mssvi\u00f0um. Lykilh\u00e6fni skal metin jafnhli\u00f0a \u00f6\u00f0ru n\u00e1msmati me\u00f0 matskvar\u00f0anum A \u2013 D og eru vi\u00f0mi\u00f0 mismunandi eftir aldri. Mat \u00e1 lykilh\u00e6fni er skr\u00e1\u00f0 \u00ed Mentor.<\/p>\n","protected":false},"excerpt":{"rendered":"<p>Mat \u00e1 h\u00e6fni og framf\u00f6rum nemenda er reglubundinn \u00fe\u00e1ttur \u00ed sk\u00f3lastarfi, \u00f3rj\u00fafanlegur fr\u00e1 n\u00e1mi og kennslu. Megintilgangur n\u00e1msmats er a\u00f0 lei\u00f0beina nemendum um n\u00e1mi\u00f0 og hvernig \u00feeir geti n\u00e1\u00f0 markmi\u00f0um \u00feess. Me\u00f0 n\u00e1msmati er fylgst me\u00f0 \u00fev\u00ed hvernig nemendum tekst a\u00f0 n\u00e1 almennum h\u00e6fnivi\u00f0mi\u00f0um a\u00f0aln\u00e1mskr\u00e1r, stu\u00f0la\u00f0 a\u00f0 n\u00e1mshvatningu, nemendur \u00f6rva\u00f0ir til framfara og meti\u00f0 hverjir \u00feurfa \u00e1 s\u00e9rstakri a\u00f0sto\u00f0 a\u00f0 &#8230; <\/p>\n<div><a href=\"https:\/\/dev.borgarbyggd.is\/grunnborg\/nam-og-kennsla\/namsmat-2\/\" class=\"more-link\">Read More<\/a><\/div>\n","protected":false},"author":27,"featured_media":0,"parent":50,"menu_order":0,"comment_status":"closed","ping_status":"closed","template":"","meta":{"_acf_changed":false,"footnotes":""},"class_list":["post-1162","page","type-page","status-publish","hentry","no-post-thumbnail"],"acf":{"quickaccess":false},"yoast_head":"<!-- This site is optimized with the Yoast SEO plugin v24.0 - https:\/\/yoast.com\/wordpress\/plugins\/seo\/ -->\n<title>N\u00e1msmat - Grunnsk\u00f3linn \u00ed Borgarnesi<\/title>\n<meta name=\"robots\" content=\"index, follow, max-snippet:-1, max-image-preview:large, max-video-preview:-1\" \/>\n<link rel=\"canonical\" href=\"https:\/\/dev.borgarbyggd.is\/grunnborg\/nam-og-kennsla\/namsmat-2\/\" \/>\n<meta property=\"og:locale\" content=\"en_US\" \/>\n<meta property=\"og:type\" content=\"article\" \/>\n<meta property=\"og:title\" content=\"N\u00e1msmat - Grunnsk\u00f3linn \u00ed Borgarnesi\" \/>\n<meta property=\"og:description\" content=\"Mat \u00e1 h\u00e6fni og framf\u00f6rum nemenda er reglubundinn \u00fe\u00e1ttur \u00ed sk\u00f3lastarfi, \u00f3rj\u00fafanlegur fr\u00e1 n\u00e1mi og kennslu. Megintilgangur n\u00e1msmats er a\u00f0 lei\u00f0beina nemendum um n\u00e1mi\u00f0 og hvernig \u00feeir geti n\u00e1\u00f0 markmi\u00f0um \u00feess. Me\u00f0 n\u00e1msmati er fylgst me\u00f0 \u00fev\u00ed hvernig nemendum tekst a\u00f0 n\u00e1 almennum h\u00e6fnivi\u00f0mi\u00f0um a\u00f0aln\u00e1mskr\u00e1r, stu\u00f0la\u00f0 a\u00f0 n\u00e1mshvatningu, nemendur \u00f6rva\u00f0ir til framfara og meti\u00f0 hverjir \u00feurfa \u00e1 s\u00e9rstakri a\u00f0sto\u00f0 a\u00f0 ... Read More\" \/>\n<meta property=\"og:url\" content=\"https:\/\/dev.borgarbyggd.is\/grunnborg\/nam-og-kennsla\/namsmat-2\/\" \/>\n<meta property=\"og:site_name\" content=\"Grunnsk\u00f3linn \u00ed Borgarnesi\" \/>\n<meta property=\"article:modified_time\" content=\"2024-04-09T14:03:01+00:00\" \/>\n<meta name=\"twitter:card\" content=\"summary_large_image\" \/>\n<meta name=\"twitter:label1\" content=\"Est. reading time\" \/>\n\t<meta name=\"twitter:data1\" content=\"3 minutes\" \/>\n<script type=\"application\/ld+json\" class=\"yoast-schema-graph\">{\"@context\":\"https:\/\/schema.org\",\"@graph\":[{\"@type\":\"WebPage\",\"@id\":\"https:\/\/dev.borgarbyggd.is\/grunnborg\/nam-og-kennsla\/namsmat-2\/\",\"url\":\"https:\/\/dev.borgarbyggd.is\/grunnborg\/nam-og-kennsla\/namsmat-2\/\",\"name\":\"N\u00e1msmat - Grunnsk\u00f3linn \u00ed Borgarnesi\",\"isPartOf\":{\"@id\":\"https:\/\/dev.borgarbyggd.is\/grunnborg\/#website\"},\"datePublished\":\"2024-02-19T14:29:13+00:00\",\"dateModified\":\"2024-04-09T14:03:01+00:00\",\"breadcrumb\":{\"@id\":\"https:\/\/dev.borgarbyggd.is\/grunnborg\/nam-og-kennsla\/namsmat-2\/#breadcrumb\"},\"inLanguage\":\"en-US\",\"potentialAction\":[{\"@type\":\"ReadAction\",\"target\":[\"https:\/\/dev.borgarbyggd.is\/grunnborg\/nam-og-kennsla\/namsmat-2\/\"]}]},{\"@type\":\"BreadcrumbList\",\"@id\":\"https:\/\/dev.borgarbyggd.is\/grunnborg\/nam-og-kennsla\/namsmat-2\/#breadcrumb\",\"itemListElement\":[{\"@type\":\"ListItem\",\"position\":1,\"name\":\"Home\",\"item\":\"https:\/\/dev.borgarbyggd.is\/grunnborg\/\"},{\"@type\":\"ListItem\",\"position\":2,\"name\":\"N\u00e1m og kennsla\",\"item\":\"https:\/\/dev.borgarbyggd.is\/grunnborg\/nam-og-kennsla\/\"},{\"@type\":\"ListItem\",\"position\":3,\"name\":\"N\u00e1msmat\"}]},{\"@type\":\"WebSite\",\"@id\":\"https:\/\/dev.borgarbyggd.is\/grunnborg\/#website\",\"url\":\"https:\/\/dev.borgarbyggd.is\/grunnborg\/\",\"name\":\"Grunnsk\u00f3linn \u00ed Borgarnesi\",\"description\":\"\",\"potentialAction\":[{\"@type\":\"SearchAction\",\"target\":{\"@type\":\"EntryPoint\",\"urlTemplate\":\"https:\/\/dev.borgarbyggd.is\/grunnborg\/?s={search_term_string}\"},\"query-input\":{\"@type\":\"PropertyValueSpecification\",\"valueRequired\":true,\"valueName\":\"search_term_string\"}}],\"inLanguage\":\"en-US\"}]}<\/script>\n<!-- \/ Yoast SEO plugin. -->","yoast_head_json":{"title":"N\u00e1msmat - Grunnsk\u00f3linn \u00ed Borgarnesi","robots":{"index":"index","follow":"follow","max-snippet":"max-snippet:-1","max-image-preview":"max-image-preview:large","max-video-preview":"max-video-preview:-1"},"canonical":"https:\/\/dev.borgarbyggd.is\/grunnborg\/nam-og-kennsla\/namsmat-2\/","og_locale":"en_US","og_type":"article","og_title":"N\u00e1msmat - Grunnsk\u00f3linn \u00ed Borgarnesi","og_description":"Mat \u00e1 h\u00e6fni og framf\u00f6rum nemenda er reglubundinn \u00fe\u00e1ttur \u00ed sk\u00f3lastarfi, \u00f3rj\u00fafanlegur fr\u00e1 n\u00e1mi og kennslu. Megintilgangur n\u00e1msmats er a\u00f0 lei\u00f0beina nemendum um n\u00e1mi\u00f0 og hvernig \u00feeir geti n\u00e1\u00f0 markmi\u00f0um \u00feess. Me\u00f0 n\u00e1msmati er fylgst me\u00f0 \u00fev\u00ed hvernig nemendum tekst a\u00f0 n\u00e1 almennum h\u00e6fnivi\u00f0mi\u00f0um a\u00f0aln\u00e1mskr\u00e1r, stu\u00f0la\u00f0 a\u00f0 n\u00e1mshvatningu, nemendur \u00f6rva\u00f0ir til framfara og meti\u00f0 hverjir \u00feurfa \u00e1 s\u00e9rstakri a\u00f0sto\u00f0 a\u00f0 ... Read More","og_url":"https:\/\/dev.borgarbyggd.is\/grunnborg\/nam-og-kennsla\/namsmat-2\/","og_site_name":"Grunnsk\u00f3linn \u00ed Borgarnesi","article_modified_time":"2024-04-09T14:03:01+00:00","twitter_card":"summary_large_image","twitter_misc":{"Est. reading time":"3 minutes"},"schema":{"@context":"https:\/\/schema.org","@graph":[{"@type":"WebPage","@id":"https:\/\/dev.borgarbyggd.is\/grunnborg\/nam-og-kennsla\/namsmat-2\/","url":"https:\/\/dev.borgarbyggd.is\/grunnborg\/nam-og-kennsla\/namsmat-2\/","name":"N\u00e1msmat - Grunnsk\u00f3linn \u00ed Borgarnesi","isPartOf":{"@id":"https:\/\/dev.borgarbyggd.is\/grunnborg\/#website"},"datePublished":"2024-02-19T14:29:13+00:00","dateModified":"2024-04-09T14:03:01+00:00","breadcrumb":{"@id":"https:\/\/dev.borgarbyggd.is\/grunnborg\/nam-og-kennsla\/namsmat-2\/#breadcrumb"},"inLanguage":"en-US","potentialAction":[{"@type":"ReadAction","target":["https:\/\/dev.borgarbyggd.is\/grunnborg\/nam-og-kennsla\/namsmat-2\/"]}]},{"@type":"BreadcrumbList","@id":"https:\/\/dev.borgarbyggd.is\/grunnborg\/nam-og-kennsla\/namsmat-2\/#breadcrumb","itemListElement":[{"@type":"ListItem","position":1,"name":"Home","item":"https:\/\/dev.borgarbyggd.is\/grunnborg\/"},{"@type":"ListItem","position":2,"name":"N\u00e1m og kennsla","item":"https:\/\/dev.borgarbyggd.is\/grunnborg\/nam-og-kennsla\/"},{"@type":"ListItem","position":3,"name":"N\u00e1msmat"}]},{"@type":"WebSite","@id":"https:\/\/dev.borgarbyggd.is\/grunnborg\/#website","url":"https:\/\/dev.borgarbyggd.is\/grunnborg\/","name":"Grunnsk\u00f3linn \u00ed Borgarnesi","description":"","potentialAction":[{"@type":"SearchAction","target":{"@type":"EntryPoint","urlTemplate":"https:\/\/dev.borgarbyggd.is\/grunnborg\/?s={search_term_string}"},"query-input":{"@type":"PropertyValueSpecification","valueRequired":true,"valueName":"search_term_string"}}],"inLanguage":"en-US"}]}},"_links":{"self":[{"href":"https:\/\/dev.borgarbyggd.is\/grunnborg\/wp-json\/wp\/v2\/pages\/1162","targetHints":{"allow":["GET"]}}],"collection":[{"href":"https:\/\/dev.borgarbyggd.is\/grunnborg\/wp-json\/wp\/v2\/pages"}],"about":[{"href":"https:\/\/dev.borgarbyggd.is\/grunnborg\/wp-json\/wp\/v2\/types\/page"}],"author":[{"embeddable":true,"href":"https:\/\/dev.borgarbyggd.is\/grunnborg\/wp-json\/wp\/v2\/users\/27"}],"replies":[{"embeddable":true,"href":"https:\/\/dev.borgarbyggd.is\/grunnborg\/wp-json\/wp\/v2\/comments?post=1162"}],"version-history":[{"count":0,"href":"https:\/\/dev.borgarbyggd.is\/grunnborg\/wp-json\/wp\/v2\/pages\/1162\/revisions"}],"up":[{"embeddable":true,"href":"https:\/\/dev.borgarbyggd.is\/grunnborg\/wp-json\/wp\/v2\/pages\/50"}],"wp:attachment":[{"href":"https:\/\/dev.borgarbyggd.is\/grunnborg\/wp-json\/wp\/v2\/media?parent=1162"}],"curies":[{"name":"wp","href":"https:\/\/api.w.org\/{rel}","templated":true}]}}