{"id":1030,"date":"2024-01-29T15:34:22","date_gmt":"2024-01-29T15:34:22","guid":{"rendered":"https:\/\/dev.borgarbyggd.is\/grunnborg\/?page_id=1030"},"modified":"2025-11-03T12:01:28","modified_gmt":"2025-11-03T12:01:28","slug":"starfsaaetlun-2023-2024","status":"publish","type":"page","link":"https:\/\/dev.borgarbyggd.is\/grunnborg\/skolinn\/starfsaaetlun-2023-2024\/","title":{"rendered":"Starfs\u00e1\u00e6tlun 2025-2026"},"content":{"rendered":"<p>Stefnu og verklag sk\u00f3lans \u00e1 a\u00f0 birta me\u00f0 tvennum h\u00e6tti. Annars vegar skal birta almenna<br \/>\nstefnum\u00f3tun \u00ed sk\u00f3lan\u00e1mskr\u00e1 (\u00fea\u00f0 er h\u00e6gt a\u00f0 n\u00e1lgast hana h\u00e9r \u00e1 heimas\u00ed\u00f0u sk\u00f3lans) undir flipanum<br \/>\nn\u00e1m og kennsla og hins vegar eru uppl\u00fdsingar, sem eru breytilegar fr\u00e1 \u00e1ri til \u00e1rs, birtar \u00ed \u00e1rlegri<br \/>\nstarfs\u00e1\u00e6tlun. Uppl\u00fdsingar sem eiga heima \u00ed starfs\u00e1\u00e6tlun sk\u00f3lans er a\u00f0 finna \u00ed \u00feessu plaggi og \u00e1<br \/>\nheimas\u00ed\u00f0u sk\u00f3lans (grunnborg.is). \u00c1 heimas\u00ed\u00f0unni er a\u00f0 auki birt \u00e1rssk\u00fdrsla og<br \/>\nsj\u00e1lfsmatssk\u00fdrsla sk\u00f3lans.<\/p>\n<p><a href=\"https:\/\/dev.borgarbyggd.is\/grunnborg\/wp-content\/uploads\/sites\/2\/2025\/11\/Starfsaaetlun-2025-2026.pdf\">Starfs\u00e1\u00e6tlun 2025 &#8211; 2026<\/a><\/p>\n","protected":false},"excerpt":{"rendered":"<p>Stefnu og verklag sk\u00f3lans \u00e1 a\u00f0 birta me\u00f0 tvennum h\u00e6tti. Annars vegar skal birta almenna stefnum\u00f3tun \u00ed sk\u00f3lan\u00e1mskr\u00e1 (\u00fea\u00f0 er h\u00e6gt a\u00f0 n\u00e1lgast hana h\u00e9r \u00e1 heimas\u00ed\u00f0u sk\u00f3lans) undir flipanum n\u00e1m og kennsla og hins vegar eru uppl\u00fdsingar, sem eru breytilegar fr\u00e1 \u00e1ri til \u00e1rs, birtar \u00ed \u00e1rlegri starfs\u00e1\u00e6tlun. Uppl\u00fdsingar sem eiga heima \u00ed starfs\u00e1\u00e6tlun sk\u00f3lans er a\u00f0 finna \u00ed &#8230; <\/p>\n<div><a href=\"https:\/\/dev.borgarbyggd.is\/grunnborg\/skolinn\/starfsaaetlun-2023-2024\/\" class=\"more-link\">Read More<\/a><\/div>\n","protected":false},"author":27,"featured_media":0,"parent":37,"menu_order":0,"comment_status":"closed","ping_status":"closed","template":"","meta":{"_acf_changed":false,"footnotes":""},"class_list":["post-1030","page","type-page","status-publish","hentry","no-post-thumbnail"],"acf":{"quickaccess":false},"yoast_head":"<!-- This site is optimized with the Yoast SEO plugin v24.0 - https:\/\/yoast.com\/wordpress\/plugins\/seo\/ -->\n<title>Starfs\u00e1\u00e6tlun 2025-2026 - Grunnsk\u00f3linn \u00ed Borgarnesi<\/title>\n<meta name=\"robots\" content=\"index, follow, max-snippet:-1, max-image-preview:large, max-video-preview:-1\" \/>\n<link rel=\"canonical\" href=\"https:\/\/dev.borgarbyggd.is\/grunnborg\/skolinn\/starfsaaetlun-2023-2024\/\" \/>\n<meta property=\"og:locale\" content=\"en_US\" \/>\n<meta property=\"og:type\" content=\"article\" \/>\n<meta property=\"og:title\" content=\"Starfs\u00e1\u00e6tlun 2025-2026 - Grunnsk\u00f3linn \u00ed Borgarnesi\" \/>\n<meta property=\"og:description\" content=\"Stefnu og verklag sk\u00f3lans \u00e1 a\u00f0 birta me\u00f0 tvennum h\u00e6tti. Annars vegar skal birta almenna stefnum\u00f3tun \u00ed sk\u00f3lan\u00e1mskr\u00e1 (\u00fea\u00f0 er h\u00e6gt a\u00f0 n\u00e1lgast hana h\u00e9r \u00e1 heimas\u00ed\u00f0u sk\u00f3lans) undir flipanum n\u00e1m og kennsla og hins vegar eru uppl\u00fdsingar, sem eru breytilegar fr\u00e1 \u00e1ri til \u00e1rs, birtar \u00ed \u00e1rlegri starfs\u00e1\u00e6tlun. Uppl\u00fdsingar sem eiga heima \u00ed starfs\u00e1\u00e6tlun sk\u00f3lans er a\u00f0 finna \u00ed ... Read More\" \/>\n<meta property=\"og:url\" content=\"https:\/\/dev.borgarbyggd.is\/grunnborg\/skolinn\/starfsaaetlun-2023-2024\/\" \/>\n<meta property=\"og:site_name\" content=\"Grunnsk\u00f3linn \u00ed Borgarnesi\" \/>\n<meta property=\"article:modified_time\" content=\"2025-11-03T12:01:28+00:00\" \/>\n<meta name=\"twitter:card\" content=\"summary_large_image\" \/>\n<meta name=\"twitter:label1\" content=\"Est. reading time\" \/>\n\t<meta name=\"twitter:data1\" content=\"1 minute\" \/>\n<script type=\"application\/ld+json\" class=\"yoast-schema-graph\">{\"@context\":\"https:\/\/schema.org\",\"@graph\":[{\"@type\":\"WebPage\",\"@id\":\"https:\/\/dev.borgarbyggd.is\/grunnborg\/skolinn\/starfsaaetlun-2023-2024\/\",\"url\":\"https:\/\/dev.borgarbyggd.is\/grunnborg\/skolinn\/starfsaaetlun-2023-2024\/\",\"name\":\"Starfs\u00e1\u00e6tlun 2025-2026 - Grunnsk\u00f3linn \u00ed Borgarnesi\",\"isPartOf\":{\"@id\":\"https:\/\/dev.borgarbyggd.is\/grunnborg\/#website\"},\"datePublished\":\"2024-01-29T15:34:22+00:00\",\"dateModified\":\"2025-11-03T12:01:28+00:00\",\"breadcrumb\":{\"@id\":\"https:\/\/dev.borgarbyggd.is\/grunnborg\/skolinn\/starfsaaetlun-2023-2024\/#breadcrumb\"},\"inLanguage\":\"en-US\",\"potentialAction\":[{\"@type\":\"ReadAction\",\"target\":[\"https:\/\/dev.borgarbyggd.is\/grunnborg\/skolinn\/starfsaaetlun-2023-2024\/\"]}]},{\"@type\":\"BreadcrumbList\",\"@id\":\"https:\/\/dev.borgarbyggd.is\/grunnborg\/skolinn\/starfsaaetlun-2023-2024\/#breadcrumb\",\"itemListElement\":[{\"@type\":\"ListItem\",\"position\":1,\"name\":\"Home\",\"item\":\"https:\/\/dev.borgarbyggd.is\/grunnborg\/\"},{\"@type\":\"ListItem\",\"position\":2,\"name\":\"Sk\u00f3linn\",\"item\":\"https:\/\/dev.borgarbyggd.is\/grunnborg\/skolinn\/\"},{\"@type\":\"ListItem\",\"position\":3,\"name\":\"Starfs\u00e1\u00e6tlun 2025-2026\"}]},{\"@type\":\"WebSite\",\"@id\":\"https:\/\/dev.borgarbyggd.is\/grunnborg\/#website\",\"url\":\"https:\/\/dev.borgarbyggd.is\/grunnborg\/\",\"name\":\"Grunnsk\u00f3linn \u00ed Borgarnesi\",\"description\":\"\",\"potentialAction\":[{\"@type\":\"SearchAction\",\"target\":{\"@type\":\"EntryPoint\",\"urlTemplate\":\"https:\/\/dev.borgarbyggd.is\/grunnborg\/?s={search_term_string}\"},\"query-input\":{\"@type\":\"PropertyValueSpecification\",\"valueRequired\":true,\"valueName\":\"search_term_string\"}}],\"inLanguage\":\"en-US\"}]}<\/script>\n<!-- \/ Yoast SEO plugin. -->","yoast_head_json":{"title":"Starfs\u00e1\u00e6tlun 2025-2026 - Grunnsk\u00f3linn \u00ed Borgarnesi","robots":{"index":"index","follow":"follow","max-snippet":"max-snippet:-1","max-image-preview":"max-image-preview:large","max-video-preview":"max-video-preview:-1"},"canonical":"https:\/\/dev.borgarbyggd.is\/grunnborg\/skolinn\/starfsaaetlun-2023-2024\/","og_locale":"en_US","og_type":"article","og_title":"Starfs\u00e1\u00e6tlun 2025-2026 - Grunnsk\u00f3linn \u00ed Borgarnesi","og_description":"Stefnu og verklag sk\u00f3lans \u00e1 a\u00f0 birta me\u00f0 tvennum h\u00e6tti. Annars vegar skal birta almenna stefnum\u00f3tun \u00ed sk\u00f3lan\u00e1mskr\u00e1 (\u00fea\u00f0 er h\u00e6gt a\u00f0 n\u00e1lgast hana h\u00e9r \u00e1 heimas\u00ed\u00f0u sk\u00f3lans) undir flipanum n\u00e1m og kennsla og hins vegar eru uppl\u00fdsingar, sem eru breytilegar fr\u00e1 \u00e1ri til \u00e1rs, birtar \u00ed \u00e1rlegri starfs\u00e1\u00e6tlun. Uppl\u00fdsingar sem eiga heima \u00ed starfs\u00e1\u00e6tlun sk\u00f3lans er a\u00f0 finna \u00ed ... Read More","og_url":"https:\/\/dev.borgarbyggd.is\/grunnborg\/skolinn\/starfsaaetlun-2023-2024\/","og_site_name":"Grunnsk\u00f3linn \u00ed Borgarnesi","article_modified_time":"2025-11-03T12:01:28+00:00","twitter_card":"summary_large_image","twitter_misc":{"Est. reading time":"1 minute"},"schema":{"@context":"https:\/\/schema.org","@graph":[{"@type":"WebPage","@id":"https:\/\/dev.borgarbyggd.is\/grunnborg\/skolinn\/starfsaaetlun-2023-2024\/","url":"https:\/\/dev.borgarbyggd.is\/grunnborg\/skolinn\/starfsaaetlun-2023-2024\/","name":"Starfs\u00e1\u00e6tlun 2025-2026 - Grunnsk\u00f3linn \u00ed Borgarnesi","isPartOf":{"@id":"https:\/\/dev.borgarbyggd.is\/grunnborg\/#website"},"datePublished":"2024-01-29T15:34:22+00:00","dateModified":"2025-11-03T12:01:28+00:00","breadcrumb":{"@id":"https:\/\/dev.borgarbyggd.is\/grunnborg\/skolinn\/starfsaaetlun-2023-2024\/#breadcrumb"},"inLanguage":"en-US","potentialAction":[{"@type":"ReadAction","target":["https:\/\/dev.borgarbyggd.is\/grunnborg\/skolinn\/starfsaaetlun-2023-2024\/"]}]},{"@type":"BreadcrumbList","@id":"https:\/\/dev.borgarbyggd.is\/grunnborg\/skolinn\/starfsaaetlun-2023-2024\/#breadcrumb","itemListElement":[{"@type":"ListItem","position":1,"name":"Home","item":"https:\/\/dev.borgarbyggd.is\/grunnborg\/"},{"@type":"ListItem","position":2,"name":"Sk\u00f3linn","item":"https:\/\/dev.borgarbyggd.is\/grunnborg\/skolinn\/"},{"@type":"ListItem","position":3,"name":"Starfs\u00e1\u00e6tlun 2025-2026"}]},{"@type":"WebSite","@id":"https:\/\/dev.borgarbyggd.is\/grunnborg\/#website","url":"https:\/\/dev.borgarbyggd.is\/grunnborg\/","name":"Grunnsk\u00f3linn \u00ed Borgarnesi","description":"","potentialAction":[{"@type":"SearchAction","target":{"@type":"EntryPoint","urlTemplate":"https:\/\/dev.borgarbyggd.is\/grunnborg\/?s={search_term_string}"},"query-input":{"@type":"PropertyValueSpecification","valueRequired":true,"valueName":"search_term_string"}}],"inLanguage":"en-US"}]}},"_links":{"self":[{"href":"https:\/\/dev.borgarbyggd.is\/grunnborg\/wp-json\/wp\/v2\/pages\/1030","targetHints":{"allow":["GET"]}}],"collection":[{"href":"https:\/\/dev.borgarbyggd.is\/grunnborg\/wp-json\/wp\/v2\/pages"}],"about":[{"href":"https:\/\/dev.borgarbyggd.is\/grunnborg\/wp-json\/wp\/v2\/types\/page"}],"author":[{"embeddable":true,"href":"https:\/\/dev.borgarbyggd.is\/grunnborg\/wp-json\/wp\/v2\/users\/27"}],"replies":[{"embeddable":true,"href":"https:\/\/dev.borgarbyggd.is\/grunnborg\/wp-json\/wp\/v2\/comments?post=1030"}],"version-history":[{"count":0,"href":"https:\/\/dev.borgarbyggd.is\/grunnborg\/wp-json\/wp\/v2\/pages\/1030\/revisions"}],"up":[{"embeddable":true,"href":"https:\/\/dev.borgarbyggd.is\/grunnborg\/wp-json\/wp\/v2\/pages\/37"}],"wp:attachment":[{"href":"https:\/\/dev.borgarbyggd.is\/grunnborg\/wp-json\/wp\/v2\/media?parent=1030"}],"curies":[{"name":"wp","href":"https:\/\/api.w.org\/{rel}","templated":true}]}}