{"id":5397,"date":"2025-05-12T10:36:00","date_gmt":"2025-05-12T10:36:00","guid":{"rendered":"https:\/\/dev.borgarbyggd.is\/gbf\/?page_id=5397"},"modified":"2025-05-27T08:55:24","modified_gmt":"2025-05-27T08:55:24","slug":"nam-og-kennsla-erlent-samstarf","status":"publish","type":"page","link":"https:\/\/dev.borgarbyggd.is\/gbf\/nam-og-kennsla\/nam-og-kennsla-erlent-samstarf\/","title":{"rendered":"Erlent samstarf"},"content":{"rendered":"<p>Grunnsk\u00f3li Borgarfjar\u00f0ar hefur teki\u00f0 \u00fe\u00e1tt \u00ed fj\u00f6lm\u00f6rgum verkefnum, b\u00e6\u00f0i \u00e1 vegum Nordplus og Erasmus+. Oftast hefur veri\u00f0 um samstarf nemenda \u00e1 unglingastigi a\u00f0 r\u00e6\u00f0a, \u00fear sem nemendur heims\u00e6kja jafnaldra s\u00edna og taka svo \u00e1 m\u00f3ti h\u00f3pnum h\u00e9r \u00e1 \u00cdslandi.<\/p>\n<h2>Yfirstandandi verkefni<\/h2>\n<h3>Cultural Heritage (NPJR-2024\/10051)<\/h3>\n<p>Hausti\u00f0 2024 h\u00f3f Grunnsk\u00f3li Borgarfjar\u00f0ar samstarf vi\u00f0 Hunderupskolen \u00ed Odense, Danm\u00f6rku og Jussinpekan Koulu \u00ed Sievi, Finnlandi. Samstarfsverkefni\u00f0 ber yfirheiti\u00f0 &#8222;Cultural heritage&#8220; og sn\u00fdr a\u00f0 menningars\u00f6gu \u00fe\u00e1ttt\u00f6kulandanna \u00feriggja. Nemendur fara \u00ed heims\u00f3knir til skiptis og var fyrsta heims\u00f3knin til Danmerkur \u00ed apr\u00edl 2025. \u00cd Danmerkurheims\u00f3kninni var \u00e1hersla l\u00f6g\u00f0 \u00e1 a\u00f0 kynnast s\u00f6gu og s\u00f6gum HC Andersen, \u00ed Finnlandi ver\u00f0ur \u00e1herslan l\u00f6g\u00f0 \u00e1 \u00e6vint\u00fdraheim Tove Jansson og \u00e1 \u00cdslandi ver\u00f0a gestirnir kynntir fyrir Snorra Sturlusyni.<\/p>\n<div id='gallery-1' class='gallery flex gap-4 flex-wrap justify-center galleryid-5397 gallery-columns-3 gallery-size-thumbnail'><dl class='gallery-item'>\n\t\t\t<dt class='gallery-icon landscape'>\n\t\t\t\t<a href='https:\/\/dev.borgarbyggd.is\/gbf\/frettir\/danmerkurferd\/attachment\/20250409_102025\/'><img loading=\"lazy\" decoding=\"async\" width=\"150\" height=\"150\" src=\"https:\/\/dev.borgarbyggd.is\/gbf\/wp-content\/uploads\/sites\/6\/2025\/04\/20250409_102025-150x150.jpg\" class=\"attachment-thumbnail size-thumbnail\" alt=\"\" \/><\/a>\n\t\t\t<\/dt><\/dl><dl class='gallery-item'>\n\t\t\t<dt class='gallery-icon landscape'>\n\t\t\t\t<a href='https:\/\/dev.borgarbyggd.is\/gbf\/frettir\/danmerkurferd\/attachment\/20250409_151011\/'><img loading=\"lazy\" decoding=\"async\" width=\"150\" height=\"150\" src=\"https:\/\/dev.borgarbyggd.is\/gbf\/wp-content\/uploads\/sites\/6\/2025\/04\/20250409_151011-150x150.jpg\" class=\"attachment-thumbnail size-thumbnail\" alt=\"\" \/><\/a>\n\t\t\t<\/dt><\/dl>\n\t\t\t\n\t\t<\/div>\n\n<p>&nbsp;<\/p>\n<h2>Verkefni fyrri \u00e1ra<\/h2>\n<div><\/div>\n<section class=\"accordion\">\n<div class=\"accordiontitle\">Living and learning in natural and green environment 2021- 2023<\/div>\n<div class=\"accordionbody\">\n<p>Erasmus+ 2021<\/p>\n<p>Lettland\u00a0 \u00a0 \u00a0 \u00a0 Port\u00fagal\u00a0 \u00a0 \u00a0R\u00famen\u00eda\u00a0 \u00a0 \u00a0 \u00a0Sp\u00e1nn\u00a0 \u00a0 \u00a0 \u00a0 T\u00e9kkland<\/p>\n<p>Fari\u00f0 var \u00ed heims\u00f3kn til \u00feessara landa og unnin fj\u00f6lbreytt verkefni \u00e1 hverjum sta\u00f0 sem tengdust n\u00e1msumhverfinu. \u00cd hverri heims\u00f3kn f\u00f3ru 5 nemendur fr\u00e1 hverju \u00fe\u00e1ttt\u00f6kulandi auk \u00feess a\u00f0 tveir kennarar fylgdu hverjum h\u00f3p. \u00cd heims\u00f3kninni til \u00cdslands var s\u00e9rstaklega l\u00f6g\u00f0 \u00e1hersla \u00e1 samspil \u00cdslendinga og n\u00e1tt\u00farunnar og hvernig h\u00fan b\u00e6\u00f0i verndar okkur og \u00f3gnar.<\/p>\n<p><a href=\"https:\/\/dev.borgarbyggd.is\/gbf\/wp-content\/uploads\/sites\/6\/2025\/05\/digital-booklet_iceland_0.pdf\">Myndir og samantekt \u00far fer\u00f0um \u00edslenska h\u00f3psins<\/a><\/p>\n<\/div>\n<\/section>\n<div>\n<div><\/div>\n<section class=\"accordion\">\n<div class=\"accordiontitle\">17 Global Goals 2019-2021<\/div>\n<div class=\"accordionbody\">\n<p>Nordplus Junior 2019<\/p>\n<p>Hunderupskolen Odense Danm\u00f6rku<\/p>\n<p>Vanttilan koulu Espoo Finnlandi<\/p>\n<\/div>\n<\/section>\n<div>\n<div>\n<div class=\"accordionbody\">\n<div><\/div>\n<section class=\"accordion\">\n<div class=\"accordiontitle\">The Voice of Teenagers 2016-2018<\/div>\n<div class=\"accordionbody\">\n<div class=\"accordiontitle\" style=\"font-size: 18px;line-height: 1;margin: 0px !important\"><span style=\"background-color: #ffffff;font-size: 16px\">Nordplus Junior 2016<\/span><\/div>\n<div class=\"accordionbody\">\n<p>Hunderupskolen, Odense Danm\u00f6rku<\/p>\n<p>Tilsi Secondary School, Tilsi, Eistlandi<\/p>\n<\/div>\n<\/div>\n<\/section>\n<div><\/div>\n<\/div>\n<\/div>\n<section class=\"accordion\">\n<div class=\"accordiontitle\">Nordic Learning Environments 2014- 2017<\/div>\n<div class=\"accordionbody\">\n<p>Nordplus Junior 2014<\/p>\n<p>Norre Nebel Skole Danm\u00f6rku<\/p>\n<p>Putan koulu Tornio Finnlandi<\/p>\n<\/div>\n<\/section>\n<div>\n<div><\/div>\n<section class=\"accordion\">\n<div class=\"accordiontitle\">Teenager- an active citizen 2012-2013<\/div>\n<div class=\"accordionbody\">\n<p>Nordplus Junior 2012<\/p>\n<p>Hunderupskolen Odense, Danm\u00f6rku<\/p>\n<p>Seta Gymnasium of Kedainiai, Lith\u00e1en<\/p>\n<\/div>\n<\/section>\n<div>\n<div><\/div>\n<div><\/div>\n<\/div>\n<\/div>\n<\/div>\n<\/div>\n","protected":false},"excerpt":{"rendered":"<p>Grunnsk\u00f3li Borgarfjar\u00f0ar hefur teki\u00f0 \u00fe\u00e1tt \u00ed fj\u00f6lm\u00f6rgum verkefnum, b\u00e6\u00f0i \u00e1 vegum Nordplus og Erasmus+. Oftast hefur veri\u00f0 um samstarf nemenda \u00e1 unglingastigi a\u00f0 r\u00e6\u00f0a, \u00fear sem nemendur heims\u00e6kja jafnaldra s\u00edna og taka svo \u00e1 m\u00f3ti h\u00f3pnum h\u00e9r \u00e1 \u00cdslandi. Yfirstandandi verkefni Cultural Heritage (NPJR-2024\/10051) Hausti\u00f0 2024 h\u00f3f Grunnsk\u00f3li Borgarfjar\u00f0ar samstarf vi\u00f0 Hunderupskolen \u00ed Odense, Danm\u00f6rku og Jussinpekan Koulu \u00ed Sievi, &#8230; <\/p>\n<div><a href=\"https:\/\/dev.borgarbyggd.is\/gbf\/nam-og-kennsla\/nam-og-kennsla-erlent-samstarf\/\" class=\"more-link\">Read More<\/a><\/div>\n","protected":false},"author":45,"featured_media":0,"parent":17,"menu_order":0,"comment_status":"closed","ping_status":"closed","template":"","meta":{"_acf_changed":false,"footnotes":""},"class_list":["post-5397","page","type-page","status-publish","hentry","no-post-thumbnail"],"acf":{"quickaccess":false},"yoast_head":"<!-- This site is optimized with the Yoast SEO plugin v24.0 - https:\/\/yoast.com\/wordpress\/plugins\/seo\/ -->\n<title>Erlent samstarf - Grunnsk\u00f3li Borgarfjar\u00f0ar<\/title>\n<meta name=\"robots\" content=\"noindex, follow, max-snippet:-1, max-image-preview:large, max-video-preview:-1\" \/>\n<meta property=\"og:locale\" content=\"is_IS\" \/>\n<meta property=\"og:type\" content=\"article\" \/>\n<meta property=\"og:title\" content=\"Erlent samstarf - Grunnsk\u00f3li Borgarfjar\u00f0ar\" \/>\n<meta property=\"og:description\" content=\"Grunnsk\u00f3li Borgarfjar\u00f0ar hefur teki\u00f0 \u00fe\u00e1tt \u00ed fj\u00f6lm\u00f6rgum verkefnum, b\u00e6\u00f0i \u00e1 vegum Nordplus og Erasmus+. Oftast hefur veri\u00f0 um samstarf nemenda \u00e1 unglingastigi a\u00f0 r\u00e6\u00f0a, \u00fear sem nemendur heims\u00e6kja jafnaldra s\u00edna og taka svo \u00e1 m\u00f3ti h\u00f3pnum h\u00e9r \u00e1 \u00cdslandi. Yfirstandandi verkefni Cultural Heritage (NPJR-2024\/10051) Hausti\u00f0 2024 h\u00f3f Grunnsk\u00f3li Borgarfjar\u00f0ar samstarf vi\u00f0 Hunderupskolen \u00ed Odense, Danm\u00f6rku og Jussinpekan Koulu \u00ed Sievi, ... Read More\" \/>\n<meta property=\"og:url\" content=\"https:\/\/dev.borgarbyggd.is\/gbf\/nam-og-kennsla\/nam-og-kennsla-erlent-samstarf\/\" \/>\n<meta property=\"og:site_name\" content=\"Grunnsk\u00f3li Borgarfjar\u00f0ar\" \/>\n<meta property=\"article:modified_time\" content=\"2025-05-27T08:55:24+00:00\" \/>\n<meta property=\"og:image\" content=\"https:\/\/dev.borgarbyggd.is\/gbf\/wp-content\/uploads\/sites\/6\/2025\/04\/20250409_102025-150x150.jpg\" \/>\n<meta name=\"twitter:card\" content=\"summary_large_image\" \/>\n<meta name=\"twitter:label1\" content=\"Est. reading time\" \/>\n\t<meta name=\"twitter:data1\" content=\"2 minutes\" \/>\n<script type=\"application\/ld+json\" class=\"yoast-schema-graph\">{\"@context\":\"https:\/\/schema.org\",\"@graph\":[{\"@type\":\"WebPage\",\"@id\":\"https:\/\/dev.borgarbyggd.is\/gbf\/nam-og-kennsla\/nam-og-kennsla-erlent-samstarf\/\",\"url\":\"https:\/\/dev.borgarbyggd.is\/gbf\/nam-og-kennsla\/nam-og-kennsla-erlent-samstarf\/\",\"name\":\"Erlent samstarf - Grunnsk\u00f3li Borgarfjar\u00f0ar\",\"isPartOf\":{\"@id\":\"https:\/\/dev.borgarbyggd.is\/gbf\/#website\"},\"datePublished\":\"2025-05-12T10:36:00+00:00\",\"dateModified\":\"2025-05-27T08:55:24+00:00\",\"breadcrumb\":{\"@id\":\"https:\/\/dev.borgarbyggd.is\/gbf\/nam-og-kennsla\/nam-og-kennsla-erlent-samstarf\/#breadcrumb\"},\"inLanguage\":\"is\",\"potentialAction\":[{\"@type\":\"ReadAction\",\"target\":[\"https:\/\/dev.borgarbyggd.is\/gbf\/nam-og-kennsla\/nam-og-kennsla-erlent-samstarf\/\"]}]},{\"@type\":\"BreadcrumbList\",\"@id\":\"https:\/\/dev.borgarbyggd.is\/gbf\/nam-og-kennsla\/nam-og-kennsla-erlent-samstarf\/#breadcrumb\",\"itemListElement\":[{\"@type\":\"ListItem\",\"position\":1,\"name\":\"Home\",\"item\":\"https:\/\/dev.borgarbyggd.is\/gbf\/\"},{\"@type\":\"ListItem\",\"position\":2,\"name\":\"N\u00e1m og kennsla\",\"item\":\"https:\/\/dev.borgarbyggd.is\/gbf\/nam-og-kennsla\/\"},{\"@type\":\"ListItem\",\"position\":3,\"name\":\"Erlent samstarf\"}]},{\"@type\":\"WebSite\",\"@id\":\"https:\/\/dev.borgarbyggd.is\/gbf\/#website\",\"url\":\"https:\/\/dev.borgarbyggd.is\/gbf\/\",\"name\":\"Grunnsk\u00f3li Borgarfjar\u00f0ar\",\"description\":\"\",\"potentialAction\":[{\"@type\":\"SearchAction\",\"target\":{\"@type\":\"EntryPoint\",\"urlTemplate\":\"https:\/\/dev.borgarbyggd.is\/gbf\/?s={search_term_string}\"},\"query-input\":{\"@type\":\"PropertyValueSpecification\",\"valueRequired\":true,\"valueName\":\"search_term_string\"}}],\"inLanguage\":\"is\"}]}<\/script>\n<!-- \/ Yoast SEO plugin. -->","yoast_head_json":{"title":"Erlent samstarf - Grunnsk\u00f3li Borgarfjar\u00f0ar","robots":{"index":"noindex","follow":"follow","max-snippet":"max-snippet:-1","max-image-preview":"max-image-preview:large","max-video-preview":"max-video-preview:-1"},"og_locale":"is_IS","og_type":"article","og_title":"Erlent samstarf - Grunnsk\u00f3li Borgarfjar\u00f0ar","og_description":"Grunnsk\u00f3li Borgarfjar\u00f0ar hefur teki\u00f0 \u00fe\u00e1tt \u00ed fj\u00f6lm\u00f6rgum verkefnum, b\u00e6\u00f0i \u00e1 vegum Nordplus og Erasmus+. Oftast hefur veri\u00f0 um samstarf nemenda \u00e1 unglingastigi a\u00f0 r\u00e6\u00f0a, \u00fear sem nemendur heims\u00e6kja jafnaldra s\u00edna og taka svo \u00e1 m\u00f3ti h\u00f3pnum h\u00e9r \u00e1 \u00cdslandi. Yfirstandandi verkefni Cultural Heritage (NPJR-2024\/10051) Hausti\u00f0 2024 h\u00f3f Grunnsk\u00f3li Borgarfjar\u00f0ar samstarf vi\u00f0 Hunderupskolen \u00ed Odense, Danm\u00f6rku og Jussinpekan Koulu \u00ed Sievi, ... Read More","og_url":"https:\/\/dev.borgarbyggd.is\/gbf\/nam-og-kennsla\/nam-og-kennsla-erlent-samstarf\/","og_site_name":"Grunnsk\u00f3li Borgarfjar\u00f0ar","article_modified_time":"2025-05-27T08:55:24+00:00","og_image":[{"url":"https:\/\/dev.borgarbyggd.is\/gbf\/wp-content\/uploads\/sites\/6\/2025\/04\/20250409_102025-150x150.jpg","type":"","width":"","height":""}],"twitter_card":"summary_large_image","twitter_misc":{"Est. reading time":"2 minutes"},"schema":{"@context":"https:\/\/schema.org","@graph":[{"@type":"WebPage","@id":"https:\/\/dev.borgarbyggd.is\/gbf\/nam-og-kennsla\/nam-og-kennsla-erlent-samstarf\/","url":"https:\/\/dev.borgarbyggd.is\/gbf\/nam-og-kennsla\/nam-og-kennsla-erlent-samstarf\/","name":"Erlent samstarf - Grunnsk\u00f3li Borgarfjar\u00f0ar","isPartOf":{"@id":"https:\/\/dev.borgarbyggd.is\/gbf\/#website"},"datePublished":"2025-05-12T10:36:00+00:00","dateModified":"2025-05-27T08:55:24+00:00","breadcrumb":{"@id":"https:\/\/dev.borgarbyggd.is\/gbf\/nam-og-kennsla\/nam-og-kennsla-erlent-samstarf\/#breadcrumb"},"inLanguage":"is","potentialAction":[{"@type":"ReadAction","target":["https:\/\/dev.borgarbyggd.is\/gbf\/nam-og-kennsla\/nam-og-kennsla-erlent-samstarf\/"]}]},{"@type":"BreadcrumbList","@id":"https:\/\/dev.borgarbyggd.is\/gbf\/nam-og-kennsla\/nam-og-kennsla-erlent-samstarf\/#breadcrumb","itemListElement":[{"@type":"ListItem","position":1,"name":"Home","item":"https:\/\/dev.borgarbyggd.is\/gbf\/"},{"@type":"ListItem","position":2,"name":"N\u00e1m og kennsla","item":"https:\/\/dev.borgarbyggd.is\/gbf\/nam-og-kennsla\/"},{"@type":"ListItem","position":3,"name":"Erlent samstarf"}]},{"@type":"WebSite","@id":"https:\/\/dev.borgarbyggd.is\/gbf\/#website","url":"https:\/\/dev.borgarbyggd.is\/gbf\/","name":"Grunnsk\u00f3li Borgarfjar\u00f0ar","description":"","potentialAction":[{"@type":"SearchAction","target":{"@type":"EntryPoint","urlTemplate":"https:\/\/dev.borgarbyggd.is\/gbf\/?s={search_term_string}"},"query-input":{"@type":"PropertyValueSpecification","valueRequired":true,"valueName":"search_term_string"}}],"inLanguage":"is"}]}},"_links":{"self":[{"href":"https:\/\/dev.borgarbyggd.is\/gbf\/wp-json\/wp\/v2\/pages\/5397","targetHints":{"allow":["GET"]}}],"collection":[{"href":"https:\/\/dev.borgarbyggd.is\/gbf\/wp-json\/wp\/v2\/pages"}],"about":[{"href":"https:\/\/dev.borgarbyggd.is\/gbf\/wp-json\/wp\/v2\/types\/page"}],"author":[{"embeddable":true,"href":"https:\/\/dev.borgarbyggd.is\/gbf\/wp-json\/wp\/v2\/users\/45"}],"replies":[{"embeddable":true,"href":"https:\/\/dev.borgarbyggd.is\/gbf\/wp-json\/wp\/v2\/comments?post=5397"}],"version-history":[{"count":0,"href":"https:\/\/dev.borgarbyggd.is\/gbf\/wp-json\/wp\/v2\/pages\/5397\/revisions"}],"up":[{"embeddable":true,"href":"https:\/\/dev.borgarbyggd.is\/gbf\/wp-json\/wp\/v2\/pages\/17"}],"wp:attachment":[{"href":"https:\/\/dev.borgarbyggd.is\/gbf\/wp-json\/wp\/v2\/media?parent=5397"}],"curies":[{"name":"wp","href":"https:\/\/api.w.org\/{rel}","templated":true}]}}