{"id":500,"date":"2023-11-07T11:01:21","date_gmt":"2023-11-07T11:01:21","guid":{"rendered":"https:\/\/dev.borgarbyggd.is\/gbf\/?page_id=500"},"modified":"2024-02-01T15:58:38","modified_gmt":"2024-02-01T15:58:38","slug":"eydublod","status":"publish","type":"page","link":"https:\/\/dev.borgarbyggd.is\/gbf\/skolinn\/eydublod\/","title":{"rendered":"Ey\u00f0ubl\u00f6\u00f0"},"content":{"rendered":"<div>Starfsemi sk\u00f3lans kallar \u00e1 notkun allskonar ey\u00f0ubla\u00f0a. \u00dear til vi\u00f0 h\u00f6fum teki\u00f0 upp rafr\u00e6na stj\u00f3rns\u00fdslu ver\u00f0um vi\u00f0 a\u00f0 notast vi\u00f0 \u201eg\u00f6mlu\u201c a\u00f0fer\u00f0ina vi\u00f0 a\u00f0 s\u00e6kja um eitt og anna\u00f0, \u00fe.e. prenta \u00fat ey\u00f0ubla\u00f0, fylla \u00fat og senda \u00feeim er m\u00e1li\u00f0 var\u00f0ar. H\u00e9r er \u00fev\u00ed \u00e6tlunin a\u00f0 safna saman \u00e1 einn sta\u00f0 \u00feeim ey\u00f0ubl\u00f6\u00f0um sem nota \u00fearf \u00ed tengslum vi\u00f0 sk\u00f3lastarfi\u00f0.<\/div>\n<div><\/div>\n<div class=\"hlekkur_a_skjal\" style=\"text-align: left;\"><a style=\"max-width: 100%;\" href=\"https:\/\/dev.borgarbyggd.is\/gbf\/wp-content\/uploads\/sites\/6\/2024\/02\/vinnuskjal_leyfisbeidni.pdf\">Leyfisbei\u00f0ni<\/a><\/div>\n<div class=\"hlekkur_a_skjal\" style=\"text-align: left;\"><a style=\"max-width: 100%;\" href=\"https:\/\/dev.borgarbyggd.is\/gbf\/wp-content\/uploads\/sites\/6\/2023\/11\/tilkynning_samskiptavandi.pdf\">Bei\u00f0ni um a\u00f0sto\u00f0 vegna samskiptavanda<\/a><\/div>\n<div class=\"hlekkur_a_skjal\" style=\"text-align: left;\"><a style=\"max-width: 100%;\" href=\"https:\/\/dev.borgarbyggd.is\/gbf\/wp-content\/uploads\/sites\/6\/2023\/11\/tilkynning_einelti.pdf\">Bei\u00f0ni um a\u00f0sto\u00f0 vegna eineltis<\/a><\/div>\n","protected":false},"excerpt":{"rendered":"<p>Starfsemi sk\u00f3lans kallar \u00e1 notkun allskonar ey\u00f0ubla\u00f0a. \u00dear til vi\u00f0 h\u00f6fum teki\u00f0 upp rafr\u00e6na stj\u00f3rns\u00fdslu ver\u00f0um vi\u00f0 a\u00f0 notast vi\u00f0 \u201eg\u00f6mlu\u201c a\u00f0fer\u00f0ina vi\u00f0 a\u00f0 s\u00e6kja um eitt og anna\u00f0, \u00fe.e. prenta \u00fat ey\u00f0ubla\u00f0, fylla \u00fat og senda \u00feeim er m\u00e1li\u00f0 var\u00f0ar. H\u00e9r er \u00fev\u00ed \u00e6tlunin a\u00f0 safna saman \u00e1 einn sta\u00f0 \u00feeim ey\u00f0ubl\u00f6\u00f0um sem nota \u00fearf \u00ed tengslum vi\u00f0 sk\u00f3lastarfi\u00f0.<\/p>\n","protected":false},"author":4,"featured_media":0,"parent":15,"menu_order":0,"comment_status":"closed","ping_status":"closed","template":"","meta":{"_acf_changed":false,"footnotes":""},"class_list":["post-500","page","type-page","status-publish","hentry","no-post-thumbnail"],"acf":{"quickaccess":false},"yoast_head":"<!-- This site is optimized with the Yoast SEO plugin v24.0 - https:\/\/yoast.com\/wordpress\/plugins\/seo\/ -->\n<title>Ey\u00f0ubl\u00f6\u00f0 - Grunnsk\u00f3li Borgarfjar\u00f0ar<\/title>\n<meta name=\"robots\" content=\"noindex, follow, max-snippet:-1, max-image-preview:large, max-video-preview:-1\" \/>\n<meta property=\"og:locale\" content=\"is_IS\" \/>\n<meta property=\"og:type\" content=\"article\" \/>\n<meta property=\"og:title\" content=\"Ey\u00f0ubl\u00f6\u00f0 - Grunnsk\u00f3li Borgarfjar\u00f0ar\" \/>\n<meta property=\"og:description\" content=\"Starfsemi sk\u00f3lans kallar \u00e1 notkun allskonar ey\u00f0ubla\u00f0a. \u00dear til vi\u00f0 h\u00f6fum teki\u00f0 upp rafr\u00e6na stj\u00f3rns\u00fdslu ver\u00f0um vi\u00f0 a\u00f0 notast vi\u00f0 \u201eg\u00f6mlu\u201c a\u00f0fer\u00f0ina vi\u00f0 a\u00f0 s\u00e6kja um eitt og anna\u00f0, \u00fe.e. prenta \u00fat ey\u00f0ubla\u00f0, fylla \u00fat og senda \u00feeim er m\u00e1li\u00f0 var\u00f0ar. H\u00e9r er \u00fev\u00ed \u00e6tlunin a\u00f0 safna saman \u00e1 einn sta\u00f0 \u00feeim ey\u00f0ubl\u00f6\u00f0um sem nota \u00fearf \u00ed tengslum vi\u00f0 sk\u00f3lastarfi\u00f0.\" \/>\n<meta property=\"og:url\" content=\"https:\/\/dev.borgarbyggd.is\/gbf\/skolinn\/eydublod\/\" \/>\n<meta property=\"og:site_name\" content=\"Grunnsk\u00f3li Borgarfjar\u00f0ar\" \/>\n<meta property=\"article:modified_time\" content=\"2024-02-01T15:58:38+00:00\" \/>\n<meta name=\"twitter:card\" content=\"summary_large_image\" \/>\n<meta name=\"twitter:label1\" content=\"Est. reading time\" \/>\n\t<meta name=\"twitter:data1\" content=\"1 minute\" \/>\n<script type=\"application\/ld+json\" class=\"yoast-schema-graph\">{\"@context\":\"https:\/\/schema.org\",\"@graph\":[{\"@type\":\"WebPage\",\"@id\":\"https:\/\/dev.borgarbyggd.is\/gbf\/skolinn\/eydublod\/\",\"url\":\"https:\/\/dev.borgarbyggd.is\/gbf\/skolinn\/eydublod\/\",\"name\":\"Ey\u00f0ubl\u00f6\u00f0 - Grunnsk\u00f3li Borgarfjar\u00f0ar\",\"isPartOf\":{\"@id\":\"https:\/\/dev.borgarbyggd.is\/gbf\/#website\"},\"datePublished\":\"2023-11-07T11:01:21+00:00\",\"dateModified\":\"2024-02-01T15:58:38+00:00\",\"breadcrumb\":{\"@id\":\"https:\/\/dev.borgarbyggd.is\/gbf\/skolinn\/eydublod\/#breadcrumb\"},\"inLanguage\":\"is\",\"potentialAction\":[{\"@type\":\"ReadAction\",\"target\":[\"https:\/\/dev.borgarbyggd.is\/gbf\/skolinn\/eydublod\/\"]}]},{\"@type\":\"BreadcrumbList\",\"@id\":\"https:\/\/dev.borgarbyggd.is\/gbf\/skolinn\/eydublod\/#breadcrumb\",\"itemListElement\":[{\"@type\":\"ListItem\",\"position\":1,\"name\":\"Home\",\"item\":\"https:\/\/dev.borgarbyggd.is\/gbf\/\"},{\"@type\":\"ListItem\",\"position\":2,\"name\":\"Sk\u00f3linn\",\"item\":\"https:\/\/dev.borgarbyggd.is\/gbf\/skolinn\/\"},{\"@type\":\"ListItem\",\"position\":3,\"name\":\"Ey\u00f0ubl\u00f6\u00f0\"}]},{\"@type\":\"WebSite\",\"@id\":\"https:\/\/dev.borgarbyggd.is\/gbf\/#website\",\"url\":\"https:\/\/dev.borgarbyggd.is\/gbf\/\",\"name\":\"Grunnsk\u00f3li Borgarfjar\u00f0ar\",\"description\":\"\",\"potentialAction\":[{\"@type\":\"SearchAction\",\"target\":{\"@type\":\"EntryPoint\",\"urlTemplate\":\"https:\/\/dev.borgarbyggd.is\/gbf\/?s={search_term_string}\"},\"query-input\":{\"@type\":\"PropertyValueSpecification\",\"valueRequired\":true,\"valueName\":\"search_term_string\"}}],\"inLanguage\":\"is\"}]}<\/script>\n<!-- \/ Yoast SEO plugin. -->","yoast_head_json":{"title":"Ey\u00f0ubl\u00f6\u00f0 - Grunnsk\u00f3li Borgarfjar\u00f0ar","robots":{"index":"noindex","follow":"follow","max-snippet":"max-snippet:-1","max-image-preview":"max-image-preview:large","max-video-preview":"max-video-preview:-1"},"og_locale":"is_IS","og_type":"article","og_title":"Ey\u00f0ubl\u00f6\u00f0 - Grunnsk\u00f3li Borgarfjar\u00f0ar","og_description":"Starfsemi sk\u00f3lans kallar \u00e1 notkun allskonar ey\u00f0ubla\u00f0a. \u00dear til vi\u00f0 h\u00f6fum teki\u00f0 upp rafr\u00e6na stj\u00f3rns\u00fdslu ver\u00f0um vi\u00f0 a\u00f0 notast vi\u00f0 \u201eg\u00f6mlu\u201c a\u00f0fer\u00f0ina vi\u00f0 a\u00f0 s\u00e6kja um eitt og anna\u00f0, \u00fe.e. prenta \u00fat ey\u00f0ubla\u00f0, fylla \u00fat og senda \u00feeim er m\u00e1li\u00f0 var\u00f0ar. H\u00e9r er \u00fev\u00ed \u00e6tlunin a\u00f0 safna saman \u00e1 einn sta\u00f0 \u00feeim ey\u00f0ubl\u00f6\u00f0um sem nota \u00fearf \u00ed tengslum vi\u00f0 sk\u00f3lastarfi\u00f0.","og_url":"https:\/\/dev.borgarbyggd.is\/gbf\/skolinn\/eydublod\/","og_site_name":"Grunnsk\u00f3li Borgarfjar\u00f0ar","article_modified_time":"2024-02-01T15:58:38+00:00","twitter_card":"summary_large_image","twitter_misc":{"Est. reading time":"1 minute"},"schema":{"@context":"https:\/\/schema.org","@graph":[{"@type":"WebPage","@id":"https:\/\/dev.borgarbyggd.is\/gbf\/skolinn\/eydublod\/","url":"https:\/\/dev.borgarbyggd.is\/gbf\/skolinn\/eydublod\/","name":"Ey\u00f0ubl\u00f6\u00f0 - Grunnsk\u00f3li Borgarfjar\u00f0ar","isPartOf":{"@id":"https:\/\/dev.borgarbyggd.is\/gbf\/#website"},"datePublished":"2023-11-07T11:01:21+00:00","dateModified":"2024-02-01T15:58:38+00:00","breadcrumb":{"@id":"https:\/\/dev.borgarbyggd.is\/gbf\/skolinn\/eydublod\/#breadcrumb"},"inLanguage":"is","potentialAction":[{"@type":"ReadAction","target":["https:\/\/dev.borgarbyggd.is\/gbf\/skolinn\/eydublod\/"]}]},{"@type":"BreadcrumbList","@id":"https:\/\/dev.borgarbyggd.is\/gbf\/skolinn\/eydublod\/#breadcrumb","itemListElement":[{"@type":"ListItem","position":1,"name":"Home","item":"https:\/\/dev.borgarbyggd.is\/gbf\/"},{"@type":"ListItem","position":2,"name":"Sk\u00f3linn","item":"https:\/\/dev.borgarbyggd.is\/gbf\/skolinn\/"},{"@type":"ListItem","position":3,"name":"Ey\u00f0ubl\u00f6\u00f0"}]},{"@type":"WebSite","@id":"https:\/\/dev.borgarbyggd.is\/gbf\/#website","url":"https:\/\/dev.borgarbyggd.is\/gbf\/","name":"Grunnsk\u00f3li Borgarfjar\u00f0ar","description":"","potentialAction":[{"@type":"SearchAction","target":{"@type":"EntryPoint","urlTemplate":"https:\/\/dev.borgarbyggd.is\/gbf\/?s={search_term_string}"},"query-input":{"@type":"PropertyValueSpecification","valueRequired":true,"valueName":"search_term_string"}}],"inLanguage":"is"}]}},"_links":{"self":[{"href":"https:\/\/dev.borgarbyggd.is\/gbf\/wp-json\/wp\/v2\/pages\/500","targetHints":{"allow":["GET"]}}],"collection":[{"href":"https:\/\/dev.borgarbyggd.is\/gbf\/wp-json\/wp\/v2\/pages"}],"about":[{"href":"https:\/\/dev.borgarbyggd.is\/gbf\/wp-json\/wp\/v2\/types\/page"}],"author":[{"embeddable":true,"href":"https:\/\/dev.borgarbyggd.is\/gbf\/wp-json\/wp\/v2\/users\/4"}],"replies":[{"embeddable":true,"href":"https:\/\/dev.borgarbyggd.is\/gbf\/wp-json\/wp\/v2\/comments?post=500"}],"version-history":[{"count":0,"href":"https:\/\/dev.borgarbyggd.is\/gbf\/wp-json\/wp\/v2\/pages\/500\/revisions"}],"up":[{"embeddable":true,"href":"https:\/\/dev.borgarbyggd.is\/gbf\/wp-json\/wp\/v2\/pages\/15"}],"wp:attachment":[{"href":"https:\/\/dev.borgarbyggd.is\/gbf\/wp-json\/wp\/v2\/media?parent=500"}],"curies":[{"name":"wp","href":"https:\/\/api.w.org\/{rel}","templated":true}]}}