{"id":5,"date":"2023-07-25T14:50:16","date_gmt":"2023-07-25T14:50:16","guid":{"rendered":"https:\/\/dev.borgarbyggd.is\/gbf\/?page_id=5"},"modified":"2025-12-12T12:33:52","modified_gmt":"2025-12-12T12:33:52","slug":"forsida","status":"publish","type":"page","link":"https:\/\/dev.borgarbyggd.is\/gbf\/","title":{"rendered":"Fors\u00ed\u00f0a"},"content":{"rendered":"<p>Sk\u00f3lasetning vi\u00f0 Grunnsk\u00f3la Borgarfjar\u00f0ar ver\u00f0ur m\u00e1nudaginn 25. \u00e1g\u00fast<\/p>\n<p>kl. 9:30 \u00e1 Hvanneyri,<\/p>\n<p>kl. 11:00 \u00e1 Kleppj\u00e1rnsreykjum<\/p>\n<p>kl. 13:00 \u00e1 Varmalandi.<\/p>\n<p>Foreldrar m\u00e6ta me\u00f0 b\u00f6rnum s\u00ednum \u00e1 sk\u00f3lasetningu og a\u00f0 henni lokinni fara nemendur og foreldrar me\u00f0 umsj\u00f3narkennurum inn \u00ed sk\u00f3lastofur nemenda.<\/p>\n","protected":false},"excerpt":{"rendered":"<p>Sk\u00f3lasetning vi\u00f0 Grunnsk\u00f3la Borgarfjar\u00f0ar ver\u00f0ur m\u00e1nudaginn 25. \u00e1g\u00fast kl. 9:30 \u00e1 Hvanneyri, kl. 11:00 \u00e1 Kleppj\u00e1rnsreykjum kl. 13:00 \u00e1 Varmalandi. Foreldrar m\u00e6ta me\u00f0 b\u00f6rnum s\u00ednum \u00e1 sk\u00f3lasetningu og a\u00f0 henni lokinni fara nemendur og foreldrar me\u00f0 umsj\u00f3narkennurum inn \u00ed sk\u00f3lastofur nemenda.<\/p>\n","protected":false},"author":1,"featured_media":5694,"parent":0,"menu_order":0,"comment_status":"closed","ping_status":"closed","template":"","meta":{"_acf_changed":false,"footnotes":""},"class_list":["post-5","page","type-page","status-publish","has-post-thumbnail","hentry"],"acf":{"quickaccess":[{"takn":"search","title":"Innskr\u00e1ning \u00ed Grunnsk\u00f3la","url":"","description":"","tegund":"https:\/\/borgarbyggd.ibuagatt.is\/login.aspx","skjol":false},{"takn":"directions_bus","title":"Sk\u00f3laakstur","url":"https:\/\/dev.borgarbyggd.is\/gbf\/skolinn\/skolaakstur\/","description":"","tegund":"","skjol":false},{"takn":"calendar_month","title":"Sk\u00f3ladagatal","url":"https:\/\/dev.borgarbyggd.is\/gbf\/skolinn\/skoladagatal\/","description":"","tegund":"","skjol":false},{"takn":"fastfood","title":"M\u00f6tuneyti","url":"https:\/\/dev.borgarbyggd.is\/gbf\/skolinn\/motuneyti-gbf\/","description":"","tegund":"","skjol":false},{"takn":"search","title":"Rafr\u00e6n tilkynning um einelti e\u00f0a samskiptavanda","url":"","description":"","tegund":"https:\/\/borgarbyggd.thjonustugatt.is\/category\/3be0411e29b556db9accf05eb17c5bcd","skjol":false},{"takn":"search","title":"\u00der\u00f3unarverkefnabanki","url":"https:\/\/dev.borgarbyggd.is\/gbf\/framtidarfolk\/throunarverkefnabanki\/","description":"","tegund":"https:\/\/borgarbyggd.is\/stofnun\/gbf\/sidur\/throunarverkefnabanki","skjol":false},{"takn":"file_download_done","title":"Ey\u00f0ubl\u00f6\u00f0","url":"https:\/\/dev.borgarbyggd.is\/gbf\/skolinn\/eydublod\/","description":"","tegund":"","skjol":false}]},"yoast_head":"<!-- This site is optimized with the Yoast SEO plugin v24.0 - https:\/\/yoast.com\/wordpress\/plugins\/seo\/ -->\n<title>Fors\u00ed\u00f0a - Grunnsk\u00f3li Borgarfjar\u00f0ar<\/title>\n<meta name=\"robots\" content=\"noindex, follow, max-snippet:-1, max-image-preview:large, max-video-preview:-1\" \/>\n<meta property=\"og:locale\" content=\"is_IS\" \/>\n<meta property=\"og:type\" content=\"article\" \/>\n<meta property=\"og:title\" content=\"Fors\u00ed\u00f0a - Grunnsk\u00f3li Borgarfjar\u00f0ar\" \/>\n<meta property=\"og:description\" content=\"Sk\u00f3lasetning vi\u00f0 Grunnsk\u00f3la Borgarfjar\u00f0ar ver\u00f0ur m\u00e1nudaginn 25. \u00e1g\u00fast kl. 9:30 \u00e1 Hvanneyri, kl. 11:00 \u00e1 Kleppj\u00e1rnsreykjum kl. 13:00 \u00e1 Varmalandi. Foreldrar m\u00e6ta me\u00f0 b\u00f6rnum s\u00ednum \u00e1 sk\u00f3lasetningu og a\u00f0 henni lokinni fara nemendur og foreldrar me\u00f0 umsj\u00f3narkennurum inn \u00ed sk\u00f3lastofur nemenda.\" \/>\n<meta property=\"og:url\" content=\"https:\/\/dev.borgarbyggd.is\/gbf\/\" \/>\n<meta property=\"og:site_name\" content=\"Grunnsk\u00f3li Borgarfjar\u00f0ar\" \/>\n<meta property=\"article:modified_time\" content=\"2025-12-12T12:33:52+00:00\" \/>\n<meta property=\"og:image\" content=\"https:\/\/dev.borgarbyggd.is\/gbf\/wp-content\/uploads\/sites\/6\/2025\/08\/Skolinn.jpg\" \/>\n\t<meta property=\"og:image:width\" content=\"1027\" \/>\n\t<meta property=\"og:image:height\" content=\"630\" \/>\n\t<meta property=\"og:image:type\" content=\"image\/jpeg\" \/>\n<meta name=\"twitter:card\" content=\"summary_large_image\" \/>\n<meta name=\"twitter:label1\" content=\"Est. reading time\" \/>\n\t<meta name=\"twitter:data1\" content=\"1 minute\" \/>\n<script type=\"application\/ld+json\" class=\"yoast-schema-graph\">{\"@context\":\"https:\/\/schema.org\",\"@graph\":[{\"@type\":\"WebPage\",\"@id\":\"https:\/\/dev.borgarbyggd.is\/gbf\/\",\"url\":\"https:\/\/dev.borgarbyggd.is\/gbf\/\",\"name\":\"Fors\u00ed\u00f0a - Grunnsk\u00f3li Borgarfjar\u00f0ar\",\"isPartOf\":{\"@id\":\"https:\/\/dev.borgarbyggd.is\/gbf\/#website\"},\"primaryImageOfPage\":{\"@id\":\"https:\/\/dev.borgarbyggd.is\/gbf\/#primaryimage\"},\"image\":{\"@id\":\"https:\/\/dev.borgarbyggd.is\/gbf\/#primaryimage\"},\"thumbnailUrl\":\"https:\/\/dev.borgarbyggd.is\/gbf\/wp-content\/uploads\/sites\/6\/2025\/08\/Skolinn.jpg\",\"datePublished\":\"2023-07-25T14:50:16+00:00\",\"dateModified\":\"2025-12-12T12:33:52+00:00\",\"breadcrumb\":{\"@id\":\"https:\/\/dev.borgarbyggd.is\/gbf\/#breadcrumb\"},\"inLanguage\":\"is\",\"potentialAction\":[{\"@type\":\"ReadAction\",\"target\":[\"https:\/\/dev.borgarbyggd.is\/gbf\/\"]}]},{\"@type\":\"ImageObject\",\"inLanguage\":\"is\",\"@id\":\"https:\/\/dev.borgarbyggd.is\/gbf\/#primaryimage\",\"url\":\"https:\/\/dev.borgarbyggd.is\/gbf\/wp-content\/uploads\/sites\/6\/2025\/08\/Skolinn.jpg\",\"contentUrl\":\"https:\/\/dev.borgarbyggd.is\/gbf\/wp-content\/uploads\/sites\/6\/2025\/08\/Skolinn.jpg\",\"width\":1027,\"height\":630},{\"@type\":\"BreadcrumbList\",\"@id\":\"https:\/\/dev.borgarbyggd.is\/gbf\/#breadcrumb\",\"itemListElement\":[{\"@type\":\"ListItem\",\"position\":1,\"name\":\"Home\",\"item\":\"https:\/\/dev.borgarbyggd.is\/gbf\/\"},{\"@type\":\"ListItem\",\"position\":2,\"name\":\"Fors\u00ed\u00f0a\"}]},{\"@type\":\"WebSite\",\"@id\":\"https:\/\/dev.borgarbyggd.is\/gbf\/#website\",\"url\":\"https:\/\/dev.borgarbyggd.is\/gbf\/\",\"name\":\"Grunnsk\u00f3li Borgarfjar\u00f0ar\",\"description\":\"\",\"potentialAction\":[{\"@type\":\"SearchAction\",\"target\":{\"@type\":\"EntryPoint\",\"urlTemplate\":\"https:\/\/dev.borgarbyggd.is\/gbf\/?s={search_term_string}\"},\"query-input\":{\"@type\":\"PropertyValueSpecification\",\"valueRequired\":true,\"valueName\":\"search_term_string\"}}],\"inLanguage\":\"is\"}]}<\/script>\n<!-- \/ Yoast SEO plugin. -->","yoast_head_json":{"title":"Fors\u00ed\u00f0a - Grunnsk\u00f3li Borgarfjar\u00f0ar","robots":{"index":"noindex","follow":"follow","max-snippet":"max-snippet:-1","max-image-preview":"max-image-preview:large","max-video-preview":"max-video-preview:-1"},"og_locale":"is_IS","og_type":"article","og_title":"Fors\u00ed\u00f0a - Grunnsk\u00f3li Borgarfjar\u00f0ar","og_description":"Sk\u00f3lasetning vi\u00f0 Grunnsk\u00f3la Borgarfjar\u00f0ar ver\u00f0ur m\u00e1nudaginn 25. \u00e1g\u00fast kl. 9:30 \u00e1 Hvanneyri, kl. 11:00 \u00e1 Kleppj\u00e1rnsreykjum kl. 13:00 \u00e1 Varmalandi. Foreldrar m\u00e6ta me\u00f0 b\u00f6rnum s\u00ednum \u00e1 sk\u00f3lasetningu og a\u00f0 henni lokinni fara nemendur og foreldrar me\u00f0 umsj\u00f3narkennurum inn \u00ed sk\u00f3lastofur nemenda.","og_url":"https:\/\/dev.borgarbyggd.is\/gbf\/","og_site_name":"Grunnsk\u00f3li Borgarfjar\u00f0ar","article_modified_time":"2025-12-12T12:33:52+00:00","og_image":[{"width":1027,"height":630,"url":"https:\/\/dev.borgarbyggd.is\/gbf\/wp-content\/uploads\/sites\/6\/2025\/08\/Skolinn.jpg","type":"image\/jpeg"}],"twitter_card":"summary_large_image","twitter_misc":{"Est. reading time":"1 minute"},"schema":{"@context":"https:\/\/schema.org","@graph":[{"@type":"WebPage","@id":"https:\/\/dev.borgarbyggd.is\/gbf\/","url":"https:\/\/dev.borgarbyggd.is\/gbf\/","name":"Fors\u00ed\u00f0a - Grunnsk\u00f3li Borgarfjar\u00f0ar","isPartOf":{"@id":"https:\/\/dev.borgarbyggd.is\/gbf\/#website"},"primaryImageOfPage":{"@id":"https:\/\/dev.borgarbyggd.is\/gbf\/#primaryimage"},"image":{"@id":"https:\/\/dev.borgarbyggd.is\/gbf\/#primaryimage"},"thumbnailUrl":"https:\/\/dev.borgarbyggd.is\/gbf\/wp-content\/uploads\/sites\/6\/2025\/08\/Skolinn.jpg","datePublished":"2023-07-25T14:50:16+00:00","dateModified":"2025-12-12T12:33:52+00:00","breadcrumb":{"@id":"https:\/\/dev.borgarbyggd.is\/gbf\/#breadcrumb"},"inLanguage":"is","potentialAction":[{"@type":"ReadAction","target":["https:\/\/dev.borgarbyggd.is\/gbf\/"]}]},{"@type":"ImageObject","inLanguage":"is","@id":"https:\/\/dev.borgarbyggd.is\/gbf\/#primaryimage","url":"https:\/\/dev.borgarbyggd.is\/gbf\/wp-content\/uploads\/sites\/6\/2025\/08\/Skolinn.jpg","contentUrl":"https:\/\/dev.borgarbyggd.is\/gbf\/wp-content\/uploads\/sites\/6\/2025\/08\/Skolinn.jpg","width":1027,"height":630},{"@type":"BreadcrumbList","@id":"https:\/\/dev.borgarbyggd.is\/gbf\/#breadcrumb","itemListElement":[{"@type":"ListItem","position":1,"name":"Home","item":"https:\/\/dev.borgarbyggd.is\/gbf\/"},{"@type":"ListItem","position":2,"name":"Fors\u00ed\u00f0a"}]},{"@type":"WebSite","@id":"https:\/\/dev.borgarbyggd.is\/gbf\/#website","url":"https:\/\/dev.borgarbyggd.is\/gbf\/","name":"Grunnsk\u00f3li Borgarfjar\u00f0ar","description":"","potentialAction":[{"@type":"SearchAction","target":{"@type":"EntryPoint","urlTemplate":"https:\/\/dev.borgarbyggd.is\/gbf\/?s={search_term_string}"},"query-input":{"@type":"PropertyValueSpecification","valueRequired":true,"valueName":"search_term_string"}}],"inLanguage":"is"}]}},"_links":{"self":[{"href":"https:\/\/dev.borgarbyggd.is\/gbf\/wp-json\/wp\/v2\/pages\/5","targetHints":{"allow":["GET"]}}],"collection":[{"href":"https:\/\/dev.borgarbyggd.is\/gbf\/wp-json\/wp\/v2\/pages"}],"about":[{"href":"https:\/\/dev.borgarbyggd.is\/gbf\/wp-json\/wp\/v2\/types\/page"}],"author":[{"embeddable":true,"href":"https:\/\/dev.borgarbyggd.is\/gbf\/wp-json\/wp\/v2\/users\/1"}],"replies":[{"embeddable":true,"href":"https:\/\/dev.borgarbyggd.is\/gbf\/wp-json\/wp\/v2\/comments?post=5"}],"version-history":[{"count":0,"href":"https:\/\/dev.borgarbyggd.is\/gbf\/wp-json\/wp\/v2\/pages\/5\/revisions"}],"wp:featuredmedia":[{"embeddable":true,"href":"https:\/\/dev.borgarbyggd.is\/gbf\/wp-json\/wp\/v2\/media\/5694"}],"wp:attachment":[{"href":"https:\/\/dev.borgarbyggd.is\/gbf\/wp-json\/wp\/v2\/media?parent=5"}],"curies":[{"name":"wp","href":"https:\/\/api.w.org\/{rel}","templated":true}]}}