{"id":467,"date":"2023-11-03T20:19:18","date_gmt":"2023-11-03T20:19:18","guid":{"rendered":"https:\/\/dev.borgarbyggd.is\/gbf\/?page_id=467"},"modified":"2023-12-13T13:33:58","modified_gmt":"2023-12-13T13:33:58","slug":"hlutverk-bekkjartengla","status":"publish","type":"page","link":"https:\/\/dev.borgarbyggd.is\/gbf\/foreldrar\/hlutverk-bekkjartengla\/","title":{"rendered":"Hlutverk bekkjartengla"},"content":{"rendered":"<p style=\"text-align: left\">Hlutverk bekkjartengla er me\u00f0al annars a\u00f0 efla og styrkja samstarf foreldra og barna innan bekkjar e\u00f0a eins og segir \u00ed 5. grein \u00ed l\u00f6gum Foreldraf\u00e9lags Grunnsk\u00f3la Borgarfjar\u00f0ar:<\/p>\n<p style=\"text-align: left\">\u201eBekkjartenglar starfa \u00e1 vegum foreldraf\u00e9lagsins sem setur \u00feeim starfsreglur. Bekkjartenglar mynda fulltr\u00faar\u00e1\u00f0 foreldraf\u00e9lagsins. Hlutverk bekkjartengla er a\u00f0 efla og styrkja samstarf foreldra og barna og leitast vi\u00f0 a\u00f0 treysta samband heimilis og sk\u00f3la innan hverrar bekkjardeildar me\u00f0 n\u00e1nu samstarfi vi\u00f0 umsj\u00f3narkennara. Stj\u00f3rn foreldraf\u00e9lagsins ber \u00e1byrg\u00f0 \u00e1 a\u00f0 \u00ed upphafi sk\u00f3la\u00e1rs s\u00e9u kosnir einn til tveir tenglar forr\u00e1\u00f0amanna \u00far hverri bekkjardeild til eins \u00e1rs \u00ed senn. Bekkjartenglar skulu ver\u00f0a valdir fyrir 1. september \u00e1r hvert. Bekkjartengill e\u00f0a sta\u00f0gengill hans hefur skyldusetu \u00e1 a\u00f0alfundi.\u201c<\/p>\n<p style=\"text-align: left\">Jafnframt segir \u00ed reglum um kj\u00f6r stj\u00f3rnar og bekkjatengla:<\/p>\n<p style=\"text-align: left\">Hver bekkjartenglah\u00f3pur innan hverrar starfsst\u00f6\u00f0var GBF skal tilnefna einn fulltr\u00faa og einn til vara \u00ed stj\u00f3rn foreldraf\u00e9lagsins. Ekki er skilyrt a\u00f0 fulltr\u00fainn s\u00e9 bekkjartengill. Kj\u00f6ri \u00feessu skal loki\u00f0 fyrir upphaf a\u00f0alfundar, \u00ed fyrsta sinn vori\u00f0 2014.<br \/>\nBekkjartengill er skipa\u00f0ur af foreldrum barna \u00ed hverjum bekk\/stigi fyrir sig \u00ed upphafi sk\u00f3la\u00e1rs. Heimilt er a\u00f0 skipa a\u00f0 h\u00e1marki tvo bekkjartengla fyrir hvert stig.<\/p>\n<p style=\"text-align: left\">Uppl\u00fdsingar um bekkjartengla liggja hj\u00e1 umsj\u00f3narkennara \u00ed hverjum bekk fyrir sig.<br \/>\n<div class=\"hlekkur_a_skjal\" style=\"text-align: left;\"><a style=\"max-width: 100%;\" href=\"https:\/\/dev.borgarbyggd.is\/gbf\/wp-content\/uploads\/sites\/6\/2023\/11\/hugmyndir_heimili_skoli.pdf\">Hugmyndir fr\u00e1 Heimili og sk\u00f3la<\/a><\/div>\n","protected":false},"excerpt":{"rendered":"<p>Hlutverk bekkjartengla er me\u00f0al annars a\u00f0 efla og styrkja samstarf foreldra og barna innan bekkjar e\u00f0a eins og segir \u00ed 5. grein \u00ed l\u00f6gum Foreldraf\u00e9lags Grunnsk\u00f3la Borgarfjar\u00f0ar: \u201eBekkjartenglar starfa \u00e1 vegum foreldraf\u00e9lagsins sem setur \u00feeim starfsreglur. Bekkjartenglar mynda fulltr\u00faar\u00e1\u00f0 foreldraf\u00e9lagsins. Hlutverk bekkjartengla er a\u00f0 efla og styrkja samstarf foreldra og barna og leitast vi\u00f0 a\u00f0 treysta samband heimilis og sk\u00f3la &#8230; <\/p>\n<div><a href=\"https:\/\/dev.borgarbyggd.is\/gbf\/foreldrar\/hlutverk-bekkjartengla\/\" class=\"more-link\">Read More<\/a><\/div>\n","protected":false},"author":30,"featured_media":0,"parent":28,"menu_order":0,"comment_status":"closed","ping_status":"closed","template":"","meta":{"_acf_changed":false,"footnotes":""},"class_list":["post-467","page","type-page","status-publish","hentry","no-post-thumbnail"],"acf":{"quickaccess":false},"yoast_head":"<!-- This site is optimized with the Yoast SEO plugin v24.0 - https:\/\/yoast.com\/wordpress\/plugins\/seo\/ -->\n<title>Hlutverk bekkjartengla - Grunnsk\u00f3li Borgarfjar\u00f0ar<\/title>\n<meta name=\"robots\" content=\"noindex, follow, max-snippet:-1, max-image-preview:large, max-video-preview:-1\" \/>\n<meta property=\"og:locale\" content=\"is_IS\" \/>\n<meta property=\"og:type\" content=\"article\" \/>\n<meta property=\"og:title\" content=\"Hlutverk bekkjartengla - Grunnsk\u00f3li Borgarfjar\u00f0ar\" \/>\n<meta property=\"og:description\" content=\"Hlutverk bekkjartengla er me\u00f0al annars a\u00f0 efla og styrkja samstarf foreldra og barna innan bekkjar e\u00f0a eins og segir \u00ed 5. grein \u00ed l\u00f6gum Foreldraf\u00e9lags Grunnsk\u00f3la Borgarfjar\u00f0ar: \u201eBekkjartenglar starfa \u00e1 vegum foreldraf\u00e9lagsins sem setur \u00feeim starfsreglur. Bekkjartenglar mynda fulltr\u00faar\u00e1\u00f0 foreldraf\u00e9lagsins. Hlutverk bekkjartengla er a\u00f0 efla og styrkja samstarf foreldra og barna og leitast vi\u00f0 a\u00f0 treysta samband heimilis og sk\u00f3la ... Read More\" \/>\n<meta property=\"og:url\" content=\"https:\/\/dev.borgarbyggd.is\/gbf\/foreldrar\/hlutverk-bekkjartengla\/\" \/>\n<meta property=\"og:site_name\" content=\"Grunnsk\u00f3li Borgarfjar\u00f0ar\" \/>\n<meta property=\"article:modified_time\" content=\"2023-12-13T13:33:58+00:00\" \/>\n<meta name=\"twitter:card\" content=\"summary_large_image\" \/>\n<meta name=\"twitter:label1\" content=\"Est. reading time\" \/>\n\t<meta name=\"twitter:data1\" content=\"2 minutes\" \/>\n<script type=\"application\/ld+json\" class=\"yoast-schema-graph\">{\"@context\":\"https:\/\/schema.org\",\"@graph\":[{\"@type\":\"WebPage\",\"@id\":\"https:\/\/dev.borgarbyggd.is\/gbf\/foreldrar\/hlutverk-bekkjartengla\/\",\"url\":\"https:\/\/dev.borgarbyggd.is\/gbf\/foreldrar\/hlutverk-bekkjartengla\/\",\"name\":\"Hlutverk bekkjartengla - Grunnsk\u00f3li Borgarfjar\u00f0ar\",\"isPartOf\":{\"@id\":\"https:\/\/dev.borgarbyggd.is\/gbf\/#website\"},\"datePublished\":\"2023-11-03T20:19:18+00:00\",\"dateModified\":\"2023-12-13T13:33:58+00:00\",\"breadcrumb\":{\"@id\":\"https:\/\/dev.borgarbyggd.is\/gbf\/foreldrar\/hlutverk-bekkjartengla\/#breadcrumb\"},\"inLanguage\":\"is\",\"potentialAction\":[{\"@type\":\"ReadAction\",\"target\":[\"https:\/\/dev.borgarbyggd.is\/gbf\/foreldrar\/hlutverk-bekkjartengla\/\"]}]},{\"@type\":\"BreadcrumbList\",\"@id\":\"https:\/\/dev.borgarbyggd.is\/gbf\/foreldrar\/hlutverk-bekkjartengla\/#breadcrumb\",\"itemListElement\":[{\"@type\":\"ListItem\",\"position\":1,\"name\":\"Home\",\"item\":\"https:\/\/dev.borgarbyggd.is\/gbf\/\"},{\"@type\":\"ListItem\",\"position\":2,\"name\":\"Foreldrar\",\"item\":\"https:\/\/dev.borgarbyggd.is\/gbf\/foreldrar\/\"},{\"@type\":\"ListItem\",\"position\":3,\"name\":\"Hlutverk bekkjartengla\"}]},{\"@type\":\"WebSite\",\"@id\":\"https:\/\/dev.borgarbyggd.is\/gbf\/#website\",\"url\":\"https:\/\/dev.borgarbyggd.is\/gbf\/\",\"name\":\"Grunnsk\u00f3li Borgarfjar\u00f0ar\",\"description\":\"\",\"potentialAction\":[{\"@type\":\"SearchAction\",\"target\":{\"@type\":\"EntryPoint\",\"urlTemplate\":\"https:\/\/dev.borgarbyggd.is\/gbf\/?s={search_term_string}\"},\"query-input\":{\"@type\":\"PropertyValueSpecification\",\"valueRequired\":true,\"valueName\":\"search_term_string\"}}],\"inLanguage\":\"is\"}]}<\/script>\n<!-- \/ Yoast SEO plugin. -->","yoast_head_json":{"title":"Hlutverk bekkjartengla - Grunnsk\u00f3li Borgarfjar\u00f0ar","robots":{"index":"noindex","follow":"follow","max-snippet":"max-snippet:-1","max-image-preview":"max-image-preview:large","max-video-preview":"max-video-preview:-1"},"og_locale":"is_IS","og_type":"article","og_title":"Hlutverk bekkjartengla - Grunnsk\u00f3li Borgarfjar\u00f0ar","og_description":"Hlutverk bekkjartengla er me\u00f0al annars a\u00f0 efla og styrkja samstarf foreldra og barna innan bekkjar e\u00f0a eins og segir \u00ed 5. grein \u00ed l\u00f6gum Foreldraf\u00e9lags Grunnsk\u00f3la Borgarfjar\u00f0ar: \u201eBekkjartenglar starfa \u00e1 vegum foreldraf\u00e9lagsins sem setur \u00feeim starfsreglur. Bekkjartenglar mynda fulltr\u00faar\u00e1\u00f0 foreldraf\u00e9lagsins. Hlutverk bekkjartengla er a\u00f0 efla og styrkja samstarf foreldra og barna og leitast vi\u00f0 a\u00f0 treysta samband heimilis og sk\u00f3la ... Read More","og_url":"https:\/\/dev.borgarbyggd.is\/gbf\/foreldrar\/hlutverk-bekkjartengla\/","og_site_name":"Grunnsk\u00f3li Borgarfjar\u00f0ar","article_modified_time":"2023-12-13T13:33:58+00:00","twitter_card":"summary_large_image","twitter_misc":{"Est. reading time":"2 minutes"},"schema":{"@context":"https:\/\/schema.org","@graph":[{"@type":"WebPage","@id":"https:\/\/dev.borgarbyggd.is\/gbf\/foreldrar\/hlutverk-bekkjartengla\/","url":"https:\/\/dev.borgarbyggd.is\/gbf\/foreldrar\/hlutverk-bekkjartengla\/","name":"Hlutverk bekkjartengla - Grunnsk\u00f3li Borgarfjar\u00f0ar","isPartOf":{"@id":"https:\/\/dev.borgarbyggd.is\/gbf\/#website"},"datePublished":"2023-11-03T20:19:18+00:00","dateModified":"2023-12-13T13:33:58+00:00","breadcrumb":{"@id":"https:\/\/dev.borgarbyggd.is\/gbf\/foreldrar\/hlutverk-bekkjartengla\/#breadcrumb"},"inLanguage":"is","potentialAction":[{"@type":"ReadAction","target":["https:\/\/dev.borgarbyggd.is\/gbf\/foreldrar\/hlutverk-bekkjartengla\/"]}]},{"@type":"BreadcrumbList","@id":"https:\/\/dev.borgarbyggd.is\/gbf\/foreldrar\/hlutverk-bekkjartengla\/#breadcrumb","itemListElement":[{"@type":"ListItem","position":1,"name":"Home","item":"https:\/\/dev.borgarbyggd.is\/gbf\/"},{"@type":"ListItem","position":2,"name":"Foreldrar","item":"https:\/\/dev.borgarbyggd.is\/gbf\/foreldrar\/"},{"@type":"ListItem","position":3,"name":"Hlutverk bekkjartengla"}]},{"@type":"WebSite","@id":"https:\/\/dev.borgarbyggd.is\/gbf\/#website","url":"https:\/\/dev.borgarbyggd.is\/gbf\/","name":"Grunnsk\u00f3li Borgarfjar\u00f0ar","description":"","potentialAction":[{"@type":"SearchAction","target":{"@type":"EntryPoint","urlTemplate":"https:\/\/dev.borgarbyggd.is\/gbf\/?s={search_term_string}"},"query-input":{"@type":"PropertyValueSpecification","valueRequired":true,"valueName":"search_term_string"}}],"inLanguage":"is"}]}},"_links":{"self":[{"href":"https:\/\/dev.borgarbyggd.is\/gbf\/wp-json\/wp\/v2\/pages\/467","targetHints":{"allow":["GET"]}}],"collection":[{"href":"https:\/\/dev.borgarbyggd.is\/gbf\/wp-json\/wp\/v2\/pages"}],"about":[{"href":"https:\/\/dev.borgarbyggd.is\/gbf\/wp-json\/wp\/v2\/types\/page"}],"author":[{"embeddable":true,"href":"https:\/\/dev.borgarbyggd.is\/gbf\/wp-json\/wp\/v2\/users\/30"}],"replies":[{"embeddable":true,"href":"https:\/\/dev.borgarbyggd.is\/gbf\/wp-json\/wp\/v2\/comments?post=467"}],"version-history":[{"count":0,"href":"https:\/\/dev.borgarbyggd.is\/gbf\/wp-json\/wp\/v2\/pages\/467\/revisions"}],"up":[{"embeddable":true,"href":"https:\/\/dev.borgarbyggd.is\/gbf\/wp-json\/wp\/v2\/pages\/28"}],"wp:attachment":[{"href":"https:\/\/dev.borgarbyggd.is\/gbf\/wp-json\/wp\/v2\/media?parent=467"}],"curies":[{"name":"wp","href":"https:\/\/api.w.org\/{rel}","templated":true}]}}