{"id":466,"date":"2023-11-03T19:32:18","date_gmt":"2023-11-03T19:32:18","guid":{"rendered":"https:\/\/dev.borgarbyggd.is\/gbf\/?page_id=466"},"modified":"2025-11-12T13:20:21","modified_gmt":"2025-11-12T13:20:21","slug":"bekkjartenglar","status":"publish","type":"page","link":"https:\/\/dev.borgarbyggd.is\/gbf\/foreldrar\/bekkjartenglar\/","title":{"rendered":"Bekkjartenglar"},"content":{"rendered":"<div><\/div>\n<section class=\"accordion\">\n<div class=\"accordiontitle\">Bekkjartenglar vi\u00f0 Hvanneyrardeild<\/div>\n<div class=\"accordionbody\">\n<ol>\n<li><span data-contrast=\"auto\"> bekkur H \u00a0Bj\u00f6rk L\u00e1rusd\u00f3ttir og Hafsteinn Ingi Gunnarsson<\/span><\/li>\n<li><span data-contrast=\"auto\"> bekkur H \u00a0Gu\u00f0laug J\u00f3nsd\u00f3ttir og J\u00f3n The\u00f3d\u00f3r J\u00f3nsson<\/span><\/li>\n<li><span data-contrast=\"auto\"> bekkur H \u00a0Sigurbj\u00f6rg \u00de Marteinsd\u00f3ttir og Einar Reynisson<\/span><\/li>\n<li><span data-contrast=\"auto\"> bekkur H \u00a0Eyd\u00eds Sm\u00e1rad\u00f3ttir og Kristj\u00e1n Gu\u00f0mundsson<\/span><\/li>\n<li><span data-contrast=\"auto\"> bekkur H\u00a0 Krist\u00edn J\u00f3nsd\u00f3ttir og Tryggvi Valur S\u00e6mundsson<\/span><\/li>\n<\/ol>\n<\/div>\n<\/section>\n<div>\n<div><\/div>\n<section class=\"accordion\">\n<div class=\"accordiontitle\">Bekkjartenglar vi\u00f0 Kleppj\u00e1rnsreykjadeild<\/div>\n<div class=\"accordionbody\" style=\"text-align: left\">\n<ol>\n<li><span data-contrast=\"auto\"> bekkur K\u00a0 Elsa \u00deorbjarnard\u00f3ttir og Gu\u00f0mundur Freyr Kristbergsson<\/span><\/li>\n<li><span data-contrast=\"auto\"> bekkur K \u00a0Anja Kokoschka og Fri\u00f0bj\u00f6rn R\u00f3sinkar \u00c6gisson<\/span><\/li>\n<li><span data-contrast=\"auto\"> bekkur K\u00a0 Dagn\u00fd Vilhj\u00e1lmsd\u00f3ttir<\/span><\/li>\n<li><span data-contrast=\"auto\"> bekkur K\u00a0\u00a0 Elsa \u00deorbjarnard\u00f3ttir<\/span><\/li>\n<li><span data-contrast=\"auto\"> bekkur K\u00a0 Bjarni Benedikt Gunnarsson og Helga R\u00fan Hjartard\u00f3ttir<\/span><\/li>\n<li><span data-contrast=\"auto\"> bekkur K \u00a0\u00c1lfhei\u00f0ur Sverrisd\u00f3ttir og Elsa \u00deorbjarnard\u00f3ttir<\/span><\/li>\n<li><span data-contrast=\"auto\"> bekkur K\u00a0 Anna Hei\u00f0a Baldursd\u00f3ttir og Haraldur Sigur\u00f0sson<\/span><\/li>\n<li><span data-contrast=\"auto\"> bekkur K\u00a0 Bjarni Benedikt Gunnarsson og Karin J\u00f3hanna Kutsson<\/span><\/li>\n<li><span data-contrast=\"auto\"> bekkur K \u00a0Sandra \u00d3 Sigr\u00ed\u00f0ard. Bender og Sigr\u00ed\u00f0ur \u00c1sa Gu\u00f0mundsd\u00f3ttir<\/span><\/li>\n<li><span data-contrast=\"auto\"> Bekkur K \u00a0S\u00f3lr\u00fan Halla Bjarnad\u00f3ttir og J\u00f3hanna Sj\u00f6fn Gu\u00f0mundsd\u00f3ttir<\/span><\/li>\n<\/ol>\n<\/div>\n<\/section>\n<div>\n<div><\/div>\n<section class=\"accordion\">\n<div class=\"accordiontitle\">Bekkjartenglar vi\u00f0 Varmalandsdeild<\/div>\n<div class=\"accordionbody\">\n<ol>\n<li style=\"text-align: left\"><em>&#8211; 4. bekkur V<\/em><\/li>\n<\/ol>\n<p style=\"text-align: left\">\u00a0 \u00a0 Linda R\u00fan P\u00e9tursd\u00f3ttir og \u00c1sgeir Yngvi \u00c1sgeirsson<\/p>\n<p>\u00a0 \u00a0Sigurlaug Kjartansd\u00f3ttir og Trausti Magn\u00fasson<\/p>\n<p>Au\u00f0ur Ei\u00f0sd\u00f3ttir og J\u00f3n Gautason<\/p>\n<p style=\"text-align: left\">\u00a0 S\u00ed\u00f0an ver\u00f0ur fundinn tengill fyrir foreldrar\u00e1\u00f0i\u00f0<\/p>\n<p>&nbsp;<\/p>\n<\/div>\n<\/section>\n<div><\/div>\n<\/div>\n<\/div>\n","protected":false},"excerpt":{"rendered":"<p>Bekkjartenglar vi\u00f0 Hvanneyrardeild bekkur H \u00a0Bj\u00f6rk L\u00e1rusd\u00f3ttir og Hafsteinn Ingi Gunnarsson bekkur H \u00a0Gu\u00f0laug J\u00f3nsd\u00f3ttir og J\u00f3n The\u00f3d\u00f3r J\u00f3nsson bekkur H \u00a0Sigurbj\u00f6rg \u00de Marteinsd\u00f3ttir og Einar Reynisson bekkur H \u00a0Eyd\u00eds Sm\u00e1rad\u00f3ttir og Kristj\u00e1n Gu\u00f0mundsson bekkur H\u00a0 Krist\u00edn J\u00f3nsd\u00f3ttir og Tryggvi Valur S\u00e6mundsson Bekkjartenglar vi\u00f0 Kleppj\u00e1rnsreykjadeild bekkur K\u00a0 Elsa \u00deorbjarnard\u00f3ttir og Gu\u00f0mundur Freyr Kristbergsson bekkur K \u00a0Anja Kokoschka og Fri\u00f0bj\u00f6rn R\u00f3sinkar &#8230; <\/p>\n<div><a href=\"https:\/\/dev.borgarbyggd.is\/gbf\/foreldrar\/bekkjartenglar\/\" class=\"more-link\">Read More<\/a><\/div>\n","protected":false},"author":30,"featured_media":0,"parent":28,"menu_order":0,"comment_status":"closed","ping_status":"closed","template":"","meta":{"_acf_changed":false,"footnotes":""},"class_list":["post-466","page","type-page","status-publish","hentry","no-post-thumbnail"],"acf":{"quickaccess":false},"yoast_head":"<!-- This site is optimized with the Yoast SEO plugin v24.0 - https:\/\/yoast.com\/wordpress\/plugins\/seo\/ -->\n<title>Bekkjartenglar - Grunnsk\u00f3li Borgarfjar\u00f0ar<\/title>\n<meta name=\"robots\" content=\"noindex, follow, max-snippet:-1, max-image-preview:large, max-video-preview:-1\" \/>\n<meta property=\"og:locale\" content=\"is_IS\" \/>\n<meta property=\"og:type\" content=\"article\" \/>\n<meta property=\"og:title\" content=\"Bekkjartenglar - Grunnsk\u00f3li Borgarfjar\u00f0ar\" \/>\n<meta property=\"og:description\" content=\"Bekkjartenglar vi\u00f0 Hvanneyrardeild bekkur H \u00a0Bj\u00f6rk L\u00e1rusd\u00f3ttir og Hafsteinn Ingi Gunnarsson bekkur H \u00a0Gu\u00f0laug J\u00f3nsd\u00f3ttir og J\u00f3n The\u00f3d\u00f3r J\u00f3nsson bekkur H \u00a0Sigurbj\u00f6rg \u00de Marteinsd\u00f3ttir og Einar Reynisson bekkur H \u00a0Eyd\u00eds Sm\u00e1rad\u00f3ttir og Kristj\u00e1n Gu\u00f0mundsson bekkur H\u00a0 Krist\u00edn J\u00f3nsd\u00f3ttir og Tryggvi Valur S\u00e6mundsson Bekkjartenglar vi\u00f0 Kleppj\u00e1rnsreykjadeild bekkur K\u00a0 Elsa \u00deorbjarnard\u00f3ttir og Gu\u00f0mundur Freyr Kristbergsson bekkur K \u00a0Anja Kokoschka og Fri\u00f0bj\u00f6rn R\u00f3sinkar ... Read More\" \/>\n<meta property=\"og:url\" content=\"https:\/\/dev.borgarbyggd.is\/gbf\/foreldrar\/bekkjartenglar\/\" \/>\n<meta property=\"og:site_name\" content=\"Grunnsk\u00f3li Borgarfjar\u00f0ar\" \/>\n<meta property=\"article:modified_time\" content=\"2025-11-12T13:20:21+00:00\" \/>\n<meta name=\"twitter:card\" content=\"summary_large_image\" \/>\n<meta name=\"twitter:label1\" content=\"Est. reading time\" \/>\n\t<meta name=\"twitter:data1\" content=\"1 minute\" \/>\n<script type=\"application\/ld+json\" class=\"yoast-schema-graph\">{\"@context\":\"https:\/\/schema.org\",\"@graph\":[{\"@type\":\"WebPage\",\"@id\":\"https:\/\/dev.borgarbyggd.is\/gbf\/foreldrar\/bekkjartenglar\/\",\"url\":\"https:\/\/dev.borgarbyggd.is\/gbf\/foreldrar\/bekkjartenglar\/\",\"name\":\"Bekkjartenglar - Grunnsk\u00f3li Borgarfjar\u00f0ar\",\"isPartOf\":{\"@id\":\"https:\/\/dev.borgarbyggd.is\/gbf\/#website\"},\"datePublished\":\"2023-11-03T19:32:18+00:00\",\"dateModified\":\"2025-11-12T13:20:21+00:00\",\"breadcrumb\":{\"@id\":\"https:\/\/dev.borgarbyggd.is\/gbf\/foreldrar\/bekkjartenglar\/#breadcrumb\"},\"inLanguage\":\"is\",\"potentialAction\":[{\"@type\":\"ReadAction\",\"target\":[\"https:\/\/dev.borgarbyggd.is\/gbf\/foreldrar\/bekkjartenglar\/\"]}]},{\"@type\":\"BreadcrumbList\",\"@id\":\"https:\/\/dev.borgarbyggd.is\/gbf\/foreldrar\/bekkjartenglar\/#breadcrumb\",\"itemListElement\":[{\"@type\":\"ListItem\",\"position\":1,\"name\":\"Home\",\"item\":\"https:\/\/dev.borgarbyggd.is\/gbf\/\"},{\"@type\":\"ListItem\",\"position\":2,\"name\":\"Foreldrar\",\"item\":\"https:\/\/dev.borgarbyggd.is\/gbf\/foreldrar\/\"},{\"@type\":\"ListItem\",\"position\":3,\"name\":\"Bekkjartenglar\"}]},{\"@type\":\"WebSite\",\"@id\":\"https:\/\/dev.borgarbyggd.is\/gbf\/#website\",\"url\":\"https:\/\/dev.borgarbyggd.is\/gbf\/\",\"name\":\"Grunnsk\u00f3li Borgarfjar\u00f0ar\",\"description\":\"\",\"potentialAction\":[{\"@type\":\"SearchAction\",\"target\":{\"@type\":\"EntryPoint\",\"urlTemplate\":\"https:\/\/dev.borgarbyggd.is\/gbf\/?s={search_term_string}\"},\"query-input\":{\"@type\":\"PropertyValueSpecification\",\"valueRequired\":true,\"valueName\":\"search_term_string\"}}],\"inLanguage\":\"is\"}]}<\/script>\n<!-- \/ Yoast SEO plugin. -->","yoast_head_json":{"title":"Bekkjartenglar - Grunnsk\u00f3li Borgarfjar\u00f0ar","robots":{"index":"noindex","follow":"follow","max-snippet":"max-snippet:-1","max-image-preview":"max-image-preview:large","max-video-preview":"max-video-preview:-1"},"og_locale":"is_IS","og_type":"article","og_title":"Bekkjartenglar - Grunnsk\u00f3li Borgarfjar\u00f0ar","og_description":"Bekkjartenglar vi\u00f0 Hvanneyrardeild bekkur H \u00a0Bj\u00f6rk L\u00e1rusd\u00f3ttir og Hafsteinn Ingi Gunnarsson bekkur H \u00a0Gu\u00f0laug J\u00f3nsd\u00f3ttir og J\u00f3n The\u00f3d\u00f3r J\u00f3nsson bekkur H \u00a0Sigurbj\u00f6rg \u00de Marteinsd\u00f3ttir og Einar Reynisson bekkur H \u00a0Eyd\u00eds Sm\u00e1rad\u00f3ttir og Kristj\u00e1n Gu\u00f0mundsson bekkur H\u00a0 Krist\u00edn J\u00f3nsd\u00f3ttir og Tryggvi Valur S\u00e6mundsson Bekkjartenglar vi\u00f0 Kleppj\u00e1rnsreykjadeild bekkur K\u00a0 Elsa \u00deorbjarnard\u00f3ttir og Gu\u00f0mundur Freyr Kristbergsson bekkur K \u00a0Anja Kokoschka og Fri\u00f0bj\u00f6rn R\u00f3sinkar ... Read More","og_url":"https:\/\/dev.borgarbyggd.is\/gbf\/foreldrar\/bekkjartenglar\/","og_site_name":"Grunnsk\u00f3li Borgarfjar\u00f0ar","article_modified_time":"2025-11-12T13:20:21+00:00","twitter_card":"summary_large_image","twitter_misc":{"Est. reading time":"1 minute"},"schema":{"@context":"https:\/\/schema.org","@graph":[{"@type":"WebPage","@id":"https:\/\/dev.borgarbyggd.is\/gbf\/foreldrar\/bekkjartenglar\/","url":"https:\/\/dev.borgarbyggd.is\/gbf\/foreldrar\/bekkjartenglar\/","name":"Bekkjartenglar - Grunnsk\u00f3li Borgarfjar\u00f0ar","isPartOf":{"@id":"https:\/\/dev.borgarbyggd.is\/gbf\/#website"},"datePublished":"2023-11-03T19:32:18+00:00","dateModified":"2025-11-12T13:20:21+00:00","breadcrumb":{"@id":"https:\/\/dev.borgarbyggd.is\/gbf\/foreldrar\/bekkjartenglar\/#breadcrumb"},"inLanguage":"is","potentialAction":[{"@type":"ReadAction","target":["https:\/\/dev.borgarbyggd.is\/gbf\/foreldrar\/bekkjartenglar\/"]}]},{"@type":"BreadcrumbList","@id":"https:\/\/dev.borgarbyggd.is\/gbf\/foreldrar\/bekkjartenglar\/#breadcrumb","itemListElement":[{"@type":"ListItem","position":1,"name":"Home","item":"https:\/\/dev.borgarbyggd.is\/gbf\/"},{"@type":"ListItem","position":2,"name":"Foreldrar","item":"https:\/\/dev.borgarbyggd.is\/gbf\/foreldrar\/"},{"@type":"ListItem","position":3,"name":"Bekkjartenglar"}]},{"@type":"WebSite","@id":"https:\/\/dev.borgarbyggd.is\/gbf\/#website","url":"https:\/\/dev.borgarbyggd.is\/gbf\/","name":"Grunnsk\u00f3li Borgarfjar\u00f0ar","description":"","potentialAction":[{"@type":"SearchAction","target":{"@type":"EntryPoint","urlTemplate":"https:\/\/dev.borgarbyggd.is\/gbf\/?s={search_term_string}"},"query-input":{"@type":"PropertyValueSpecification","valueRequired":true,"valueName":"search_term_string"}}],"inLanguage":"is"}]}},"_links":{"self":[{"href":"https:\/\/dev.borgarbyggd.is\/gbf\/wp-json\/wp\/v2\/pages\/466","targetHints":{"allow":["GET"]}}],"collection":[{"href":"https:\/\/dev.borgarbyggd.is\/gbf\/wp-json\/wp\/v2\/pages"}],"about":[{"href":"https:\/\/dev.borgarbyggd.is\/gbf\/wp-json\/wp\/v2\/types\/page"}],"author":[{"embeddable":true,"href":"https:\/\/dev.borgarbyggd.is\/gbf\/wp-json\/wp\/v2\/users\/30"}],"replies":[{"embeddable":true,"href":"https:\/\/dev.borgarbyggd.is\/gbf\/wp-json\/wp\/v2\/comments?post=466"}],"version-history":[{"count":0,"href":"https:\/\/dev.borgarbyggd.is\/gbf\/wp-json\/wp\/v2\/pages\/466\/revisions"}],"up":[{"embeddable":true,"href":"https:\/\/dev.borgarbyggd.is\/gbf\/wp-json\/wp\/v2\/pages\/28"}],"wp:attachment":[{"href":"https:\/\/dev.borgarbyggd.is\/gbf\/wp-json\/wp\/v2\/media?parent=466"}],"curies":[{"name":"wp","href":"https:\/\/api.w.org\/{rel}","templated":true}]}}