{"id":4631,"date":"2024-12-03T15:36:27","date_gmt":"2024-12-03T15:36:27","guid":{"rendered":"https:\/\/dev.borgarbyggd.is\/gbf\/?page_id=4631"},"modified":"2025-09-04T11:19:51","modified_gmt":"2025-09-04T11:19:51","slug":"framtidarfolk","status":"publish","type":"page","link":"https:\/\/dev.borgarbyggd.is\/gbf\/framtidarfolk\/","title":{"rendered":"Framt\u00ed\u00f0arf\u00f3lk"},"content":{"rendered":"<div class=\"hlekkur_a_skjal\" style=\"text-align: left;\"><a style=\"max-width: 100%;\" href=\"https:\/\/dev.borgarbyggd.is\/gbf\/wp-content\/uploads\/sites\/6\/2025\/09\/Framtidarfolk.pdf\">Teiknimyndasaga sem \u00fatsk\u00fdrir tilgang verkefnisins<\/a><\/div>\n<p>\u00der\u00f3unarverkefni\u00f0 Framt\u00ed\u00f0arf\u00f3lk er tilraunaverkefni sk\u00f3la\u00e1ri\u00f0 2024- 2025. Tilgangur \u00feess er a\u00f0 fl\u00e9tta saman \u00feau \u00fer\u00f3unarverkefni sem sk\u00f3linn hefur veri\u00f0 a\u00f0 vinna a\u00f0 s\u00ed\u00f0ustu \u00e1r. \u00deau eru Gr\u00e6nf\u00e1ni, Heilsueflandi grunnsk\u00f3li, Lei\u00f0toginn \u00ed m\u00e9r og R\u00e9ttindask\u00f3li Unicef. \u00d6ll \u00feessi verkefni tala vel saman og eru markmi\u00f0 \u00feeirra oft l\u00edk e\u00f0a \u00feau s\u00f6mu. \u00dear sem \u00f6ll mi\u00f0a \u00feau a\u00f0 kennslu \u00ed h\u00e6fni sem vi\u00f0 teljum mikilv\u00e6ga fyrir framt\u00ed\u00f0arh\u00e6fni nemenda okkar voru \u00feau sett undir einn hatt Framt\u00ed\u00f0arf\u00f3lks.<\/p>\n<p>Fj\u00f6lm\u00f6rg vi\u00f0fangsefni \u00ed sk\u00f3lastarfinu sty\u00f0ja vel vi\u00f0 markmi\u00f0 Framt\u00ed\u00f0arf\u00f3lks a\u00f0 byggja upp j\u00e1kv\u00e6\u00f0a sj\u00e1lfsmynd nemenda, me\u00f0vitund \u00feeirra um umhverfi sitt og hvernig \u00feau geti haft j\u00e1kv\u00e6\u00f0 \u00e1hrif \u00e1 samf\u00e9lagi\u00f0 sitt. M\u00e1 \u00fear nefna Barna\u00feing sem haldi\u00f0 er \u00ed tengslum vi\u00f0 vinnu R\u00e9ttindask\u00f3la Unicef, \u00feemavinnu \u00fear sem nemendur vinna \u00fevert \u00e1 aldur \u00ed verkefnum sem efla samvinnu, danskennsla og h\u00f3pefli hj\u00e1 J\u00f3ni P\u00e9tri og svo m\u00e6tti lengi telja.<\/p>\n<p>&nbsp;<\/p>\n<div id='gallery-1' class='gallery flex gap-4 flex-wrap justify-center galleryid-4631 gallery-columns-3 gallery-size-thumbnail'><dl class='gallery-item'>\n\t\t\t<dt class='gallery-icon portrait'>\n\t\t\t\t<a href='https:\/\/dev.borgarbyggd.is\/gbf\/frettir\/dansvika-med-joni-petri\/attachment\/20241104_101611\/'><img loading=\"lazy\" decoding=\"async\" width=\"150\" height=\"150\" src=\"https:\/\/dev.borgarbyggd.is\/gbf\/wp-content\/uploads\/sites\/6\/2024\/11\/20241104_101611-150x150.jpg\" class=\"attachment-thumbnail size-thumbnail\" alt=\"\" \/><\/a>\n\t\t\t<\/dt><\/dl><dl class='gallery-item'>\n\t\t\t<dt class='gallery-icon portrait'>\n\t\t\t\t<a href='https:\/\/dev.borgarbyggd.is\/gbf\/frettir\/themadagar-a-kleppjarnsreykjum-2\/attachment\/20250123_085751\/'><img loading=\"lazy\" decoding=\"async\" width=\"150\" height=\"150\" src=\"https:\/\/dev.borgarbyggd.is\/gbf\/wp-content\/uploads\/sites\/6\/2025\/02\/20250123_085751-150x150.jpg\" class=\"attachment-thumbnail size-thumbnail\" alt=\"\" \/><\/a>\n\t\t\t<\/dt><\/dl><dl class='gallery-item'>\n\t\t\t<dt class='gallery-icon landscape'>\n\t\t\t\t<a href='https:\/\/dev.borgarbyggd.is\/gbf\/frettir\/vel-heppnadir-themadagar-a-varmalandi-vatn-i-ollum-formum\/attachment\/messenger_creation_ed91e964-1996-4165-9351-adf2451deeb0\/'><img loading=\"lazy\" decoding=\"async\" width=\"150\" height=\"150\" src=\"https:\/\/dev.borgarbyggd.is\/gbf\/wp-content\/uploads\/sites\/6\/2025\/01\/Messenger_creation_ED91E964-1996-4165-9351-ADF2451DEEB0-150x150.jpeg\" class=\"attachment-thumbnail size-thumbnail\" alt=\"\" \/><\/a>\n\t\t\t<\/dt><\/dl><dl class='gallery-item'>\n\t\t\t<dt class='gallery-icon landscape'>\n\t\t\t\t<a href='https:\/\/dev.borgarbyggd.is\/gbf\/frettir\/barnathing-i-thinghamri-gbf-rettindaskoli-unicef\/attachment\/20241122_095825\/'><img loading=\"lazy\" decoding=\"async\" width=\"150\" height=\"150\" src=\"https:\/\/dev.borgarbyggd.is\/gbf\/wp-content\/uploads\/sites\/6\/2024\/11\/20241122_095825-150x150.jpg\" class=\"attachment-thumbnail size-thumbnail\" alt=\"\" \/><\/a>\n\t\t\t<\/dt><\/dl><dl class='gallery-item'>\n\t\t\t<dt class='gallery-icon landscape'>\n\t\t\t\t<a href='https:\/\/dev.borgarbyggd.is\/gbf\/frettir\/dagur-modurmalsins-21-februar\/attachment\/20250218_142047\/'><img loading=\"lazy\" decoding=\"async\" width=\"150\" height=\"150\" src=\"https:\/\/dev.borgarbyggd.is\/gbf\/wp-content\/uploads\/sites\/6\/2025\/03\/20250218_142047-150x150.jpg\" class=\"attachment-thumbnail size-thumbnail\" alt=\"\" \/><\/a>\n\t\t\t<\/dt><\/dl><dl class='gallery-item'>\n\t\t\t<dt class='gallery-icon landscape'>\n\t\t\t\t<a href='https:\/\/dev.borgarbyggd.is\/gbf\/frettir\/jolatred-sott-af-nemendum-a-hvanneyri\/attachment\/jolatre\/'><img loading=\"lazy\" decoding=\"async\" width=\"150\" height=\"150\" src=\"https:\/\/dev.borgarbyggd.is\/gbf\/wp-content\/uploads\/sites\/6\/2024\/12\/Jolatre-150x150.jpg\" class=\"attachment-thumbnail size-thumbnail\" alt=\"\" \/><\/a>\n\t\t\t<\/dt><\/dl>\n\t\t<\/div>\n\n","protected":false},"excerpt":{"rendered":"<p>\u00der\u00f3unarverkefni\u00f0 Framt\u00ed\u00f0arf\u00f3lk er tilraunaverkefni sk\u00f3la\u00e1ri\u00f0 2024- 2025. Tilgangur \u00feess er a\u00f0 fl\u00e9tta saman \u00feau \u00fer\u00f3unarverkefni sem sk\u00f3linn hefur veri\u00f0 a\u00f0 vinna a\u00f0 s\u00ed\u00f0ustu \u00e1r. \u00deau eru Gr\u00e6nf\u00e1ni, Heilsueflandi grunnsk\u00f3li, Lei\u00f0toginn \u00ed m\u00e9r og R\u00e9ttindask\u00f3li Unicef. \u00d6ll \u00feessi verkefni tala vel saman og eru markmi\u00f0 \u00feeirra oft l\u00edk e\u00f0a \u00feau s\u00f6mu. \u00dear sem \u00f6ll mi\u00f0a \u00feau a\u00f0 kennslu \u00ed h\u00e6fni sem &#8230; <\/p>\n<div><a href=\"https:\/\/dev.borgarbyggd.is\/gbf\/framtidarfolk\/\" class=\"more-link\">Read More<\/a><\/div>\n","protected":false},"author":44,"featured_media":0,"parent":0,"menu_order":0,"comment_status":"closed","ping_status":"closed","template":"","meta":{"_acf_changed":false,"footnotes":""},"class_list":["post-4631","page","type-page","status-publish","hentry","no-post-thumbnail"],"acf":{"quickaccess":[{"takn":"search","title":"\u00c1hugaver\u00f0ir dagar","url":"","description":"Dagatal me\u00f0 verkefnahugmyndum","tegund":"https:\/\/borgarbyggd.is\/stofnun\/gbf\/sidur\/framtidarfolk\/althjodlegir-dagar","skjol":false},{"takn":"settings_accessibility","title":"N\u00e6rsamf\u00e9lagi\u00f0","url":"","description":"Samstarf sk\u00f3lans vi\u00f0 n\u00e6rsamf\u00e9lagi\u00f0","tegund":"https:\/\/borgarbyggd.is\/stofnun\/gbf\/sidur\/framtidarfolk\/naersamfelagid","skjol":false}]},"yoast_head":"<!-- This site is optimized with the Yoast SEO plugin v24.0 - https:\/\/yoast.com\/wordpress\/plugins\/seo\/ -->\n<title>Framt\u00ed\u00f0arf\u00f3lk - Grunnsk\u00f3li Borgarfjar\u00f0ar<\/title>\n<meta name=\"robots\" content=\"noindex, follow, max-snippet:-1, max-image-preview:large, max-video-preview:-1\" \/>\n<meta property=\"og:locale\" content=\"is_IS\" \/>\n<meta property=\"og:type\" content=\"article\" \/>\n<meta property=\"og:title\" content=\"Framt\u00ed\u00f0arf\u00f3lk - Grunnsk\u00f3li Borgarfjar\u00f0ar\" \/>\n<meta property=\"og:description\" content=\"\u00der\u00f3unarverkefni\u00f0 Framt\u00ed\u00f0arf\u00f3lk er tilraunaverkefni sk\u00f3la\u00e1ri\u00f0 2024- 2025. Tilgangur \u00feess er a\u00f0 fl\u00e9tta saman \u00feau \u00fer\u00f3unarverkefni sem sk\u00f3linn hefur veri\u00f0 a\u00f0 vinna a\u00f0 s\u00ed\u00f0ustu \u00e1r. \u00deau eru Gr\u00e6nf\u00e1ni, Heilsueflandi grunnsk\u00f3li, Lei\u00f0toginn \u00ed m\u00e9r og R\u00e9ttindask\u00f3li Unicef. \u00d6ll \u00feessi verkefni tala vel saman og eru markmi\u00f0 \u00feeirra oft l\u00edk e\u00f0a \u00feau s\u00f6mu. \u00dear sem \u00f6ll mi\u00f0a \u00feau a\u00f0 kennslu \u00ed h\u00e6fni sem ... Read More\" \/>\n<meta property=\"og:url\" content=\"https:\/\/dev.borgarbyggd.is\/gbf\/framtidarfolk\/\" \/>\n<meta property=\"og:site_name\" content=\"Grunnsk\u00f3li Borgarfjar\u00f0ar\" \/>\n<meta property=\"article:modified_time\" content=\"2025-09-04T11:19:51+00:00\" \/>\n<meta property=\"og:image\" content=\"https:\/\/dev.borgarbyggd.is\/gbf\/wp-content\/uploads\/sites\/6\/2024\/11\/20241122_095825-150x150.jpg\" \/>\n<meta name=\"twitter:card\" content=\"summary_large_image\" \/>\n<meta name=\"twitter:label1\" content=\"Est. reading time\" \/>\n\t<meta name=\"twitter:data1\" content=\"1 minute\" \/>\n<script type=\"application\/ld+json\" class=\"yoast-schema-graph\">{\"@context\":\"https:\/\/schema.org\",\"@graph\":[{\"@type\":\"WebPage\",\"@id\":\"https:\/\/dev.borgarbyggd.is\/gbf\/framtidarfolk\/\",\"url\":\"https:\/\/dev.borgarbyggd.is\/gbf\/framtidarfolk\/\",\"name\":\"Framt\u00ed\u00f0arf\u00f3lk - Grunnsk\u00f3li Borgarfjar\u00f0ar\",\"isPartOf\":{\"@id\":\"https:\/\/dev.borgarbyggd.is\/gbf\/#website\"},\"datePublished\":\"2024-12-03T15:36:27+00:00\",\"dateModified\":\"2025-09-04T11:19:51+00:00\",\"breadcrumb\":{\"@id\":\"https:\/\/dev.borgarbyggd.is\/gbf\/framtidarfolk\/#breadcrumb\"},\"inLanguage\":\"is\",\"potentialAction\":[{\"@type\":\"ReadAction\",\"target\":[\"https:\/\/dev.borgarbyggd.is\/gbf\/framtidarfolk\/\"]}]},{\"@type\":\"BreadcrumbList\",\"@id\":\"https:\/\/dev.borgarbyggd.is\/gbf\/framtidarfolk\/#breadcrumb\",\"itemListElement\":[{\"@type\":\"ListItem\",\"position\":1,\"name\":\"Home\",\"item\":\"https:\/\/dev.borgarbyggd.is\/gbf\/\"},{\"@type\":\"ListItem\",\"position\":2,\"name\":\"Framt\u00ed\u00f0arf\u00f3lk\"}]},{\"@type\":\"WebSite\",\"@id\":\"https:\/\/dev.borgarbyggd.is\/gbf\/#website\",\"url\":\"https:\/\/dev.borgarbyggd.is\/gbf\/\",\"name\":\"Grunnsk\u00f3li Borgarfjar\u00f0ar\",\"description\":\"\",\"potentialAction\":[{\"@type\":\"SearchAction\",\"target\":{\"@type\":\"EntryPoint\",\"urlTemplate\":\"https:\/\/dev.borgarbyggd.is\/gbf\/?s={search_term_string}\"},\"query-input\":{\"@type\":\"PropertyValueSpecification\",\"valueRequired\":true,\"valueName\":\"search_term_string\"}}],\"inLanguage\":\"is\"}]}<\/script>\n<!-- \/ Yoast SEO plugin. -->","yoast_head_json":{"title":"Framt\u00ed\u00f0arf\u00f3lk - Grunnsk\u00f3li Borgarfjar\u00f0ar","robots":{"index":"noindex","follow":"follow","max-snippet":"max-snippet:-1","max-image-preview":"max-image-preview:large","max-video-preview":"max-video-preview:-1"},"og_locale":"is_IS","og_type":"article","og_title":"Framt\u00ed\u00f0arf\u00f3lk - Grunnsk\u00f3li Borgarfjar\u00f0ar","og_description":"\u00der\u00f3unarverkefni\u00f0 Framt\u00ed\u00f0arf\u00f3lk er tilraunaverkefni sk\u00f3la\u00e1ri\u00f0 2024- 2025. Tilgangur \u00feess er a\u00f0 fl\u00e9tta saman \u00feau \u00fer\u00f3unarverkefni sem sk\u00f3linn hefur veri\u00f0 a\u00f0 vinna a\u00f0 s\u00ed\u00f0ustu \u00e1r. \u00deau eru Gr\u00e6nf\u00e1ni, Heilsueflandi grunnsk\u00f3li, Lei\u00f0toginn \u00ed m\u00e9r og R\u00e9ttindask\u00f3li Unicef. \u00d6ll \u00feessi verkefni tala vel saman og eru markmi\u00f0 \u00feeirra oft l\u00edk e\u00f0a \u00feau s\u00f6mu. \u00dear sem \u00f6ll mi\u00f0a \u00feau a\u00f0 kennslu \u00ed h\u00e6fni sem ... Read More","og_url":"https:\/\/dev.borgarbyggd.is\/gbf\/framtidarfolk\/","og_site_name":"Grunnsk\u00f3li Borgarfjar\u00f0ar","article_modified_time":"2025-09-04T11:19:51+00:00","og_image":[{"url":"https:\/\/dev.borgarbyggd.is\/gbf\/wp-content\/uploads\/sites\/6\/2024\/11\/20241122_095825-150x150.jpg","type":"","width":"","height":""}],"twitter_card":"summary_large_image","twitter_misc":{"Est. reading time":"1 minute"},"schema":{"@context":"https:\/\/schema.org","@graph":[{"@type":"WebPage","@id":"https:\/\/dev.borgarbyggd.is\/gbf\/framtidarfolk\/","url":"https:\/\/dev.borgarbyggd.is\/gbf\/framtidarfolk\/","name":"Framt\u00ed\u00f0arf\u00f3lk - Grunnsk\u00f3li Borgarfjar\u00f0ar","isPartOf":{"@id":"https:\/\/dev.borgarbyggd.is\/gbf\/#website"},"datePublished":"2024-12-03T15:36:27+00:00","dateModified":"2025-09-04T11:19:51+00:00","breadcrumb":{"@id":"https:\/\/dev.borgarbyggd.is\/gbf\/framtidarfolk\/#breadcrumb"},"inLanguage":"is","potentialAction":[{"@type":"ReadAction","target":["https:\/\/dev.borgarbyggd.is\/gbf\/framtidarfolk\/"]}]},{"@type":"BreadcrumbList","@id":"https:\/\/dev.borgarbyggd.is\/gbf\/framtidarfolk\/#breadcrumb","itemListElement":[{"@type":"ListItem","position":1,"name":"Home","item":"https:\/\/dev.borgarbyggd.is\/gbf\/"},{"@type":"ListItem","position":2,"name":"Framt\u00ed\u00f0arf\u00f3lk"}]},{"@type":"WebSite","@id":"https:\/\/dev.borgarbyggd.is\/gbf\/#website","url":"https:\/\/dev.borgarbyggd.is\/gbf\/","name":"Grunnsk\u00f3li Borgarfjar\u00f0ar","description":"","potentialAction":[{"@type":"SearchAction","target":{"@type":"EntryPoint","urlTemplate":"https:\/\/dev.borgarbyggd.is\/gbf\/?s={search_term_string}"},"query-input":{"@type":"PropertyValueSpecification","valueRequired":true,"valueName":"search_term_string"}}],"inLanguage":"is"}]}},"_links":{"self":[{"href":"https:\/\/dev.borgarbyggd.is\/gbf\/wp-json\/wp\/v2\/pages\/4631","targetHints":{"allow":["GET"]}}],"collection":[{"href":"https:\/\/dev.borgarbyggd.is\/gbf\/wp-json\/wp\/v2\/pages"}],"about":[{"href":"https:\/\/dev.borgarbyggd.is\/gbf\/wp-json\/wp\/v2\/types\/page"}],"author":[{"embeddable":true,"href":"https:\/\/dev.borgarbyggd.is\/gbf\/wp-json\/wp\/v2\/users\/44"}],"replies":[{"embeddable":true,"href":"https:\/\/dev.borgarbyggd.is\/gbf\/wp-json\/wp\/v2\/comments?post=4631"}],"version-history":[{"count":0,"href":"https:\/\/dev.borgarbyggd.is\/gbf\/wp-json\/wp\/v2\/pages\/4631\/revisions"}],"wp:attachment":[{"href":"https:\/\/dev.borgarbyggd.is\/gbf\/wp-json\/wp\/v2\/media?parent=4631"}],"curies":[{"name":"wp","href":"https:\/\/api.w.org\/{rel}","templated":true}]}}