{"id":415,"date":"2023-11-02T14:20:29","date_gmt":"2023-11-02T14:20:29","guid":{"rendered":"https:\/\/dev.borgarbyggd.is\/gbf\/?page_id=415"},"modified":"2023-12-14T11:31:16","modified_gmt":"2023-12-14T11:31:16","slug":"valgreinar","status":"publish","type":"page","link":"https:\/\/dev.borgarbyggd.is\/gbf\/nam-og-kennsla\/valgreinar\/","title":{"rendered":"Valgreinar"},"content":{"rendered":"<p style=\"text-align: left\">Valgreinar eru hluti af skyldun\u00e1mi og \u00ed 8.-10. bekk grunnsk\u00f3la skal nemendum gefinn kostur \u00e1 a\u00f0 velja n\u00e1msgreinar og n\u00e1mssvi\u00f0 sem svarar til allt a\u00f0 fimmtungi n\u00e1mst\u00edmans en sk\u00f3lar geta skipulagt mismunandi hlutfall valgreina eftir \u00e1rg\u00f6ngum. Tilgangurinn me\u00f0 valfrelsi nemenda \u00e1 unglingastigi er a\u00f0 h\u00e6gt s\u00e9 a\u00f0 laga n\u00e1mi\u00f0 sem mest a\u00f0 \u00fe\u00f6rfum einstaklingsins og gera hverjum og einum kleift a\u00f0 leggja eigin \u00e1herslur \u00ed n\u00e1mi\u00f0 mi\u00f0a\u00f0 vi\u00f0 \u00e1hugasvi\u00f0 og framt\u00ed\u00f0ar\u00e1form, \u00ed samvinnu vi\u00f0 foreldra, kennara og n\u00e1msr\u00e1\u00f0gjafa.<\/p>\n<p style=\"text-align: left\">Frambo\u00f0 valgreina er mismunandi \u00e1 \u00e1ri hverju. Nemendur velja \u00fe\u00e6r greinar sem \u00feeir hafa mestan \u00e1huga \u00e1 og s\u00ed\u00f0an a\u00f0rar greinar til vara. \u00dev\u00ed mi\u00f0ur er ekki h\u00e6gt a\u00f0 vera\u00f0 vi\u00f0 \u00f3skum allra en takmarka\u00f0ur fj\u00f6ldi kemst \u00ed hvern h\u00f3p. Mj\u00f6g mikilv\u00e6gt er a\u00f0 val nemenda s\u00e9 vel \u00edgrunda\u00f0 svo ekki \u00feurfi a\u00f0 gera breytingar eftir a\u00f0 b\u00fai\u00f0 er a\u00f0 velja.<\/p>\n<p style=\"text-align: left\">Valgreinar eru kenndar \u00ferisvar sinnum \u00ed viku. S\u00fa breyting \u00e1 s\u00e9r sta\u00f0 \u00ed vetur (2023-2024) a\u00f0 \u00e1 Varmalandi eru 5.-7. bekkur einnig me\u00f0 \u00ed valinu \u00ferisvar sinnum \u00ed viku og \u00e1 Kleppj\u00e1rnsreykjum eru 5.-7. bekkur me\u00f0 einu sinni \u00ed viku. S\u00ed\u00f0an eru nemendur \u00ed 5. &#8211; 10. bekk saman \u00ed \u00e1hugasvi\u00f0svali einu sinni \u00ed viku.<\/p>\n<p style=\"text-align: left\">\u00cd \u00e1hugasvi\u00f0svali velja nemendur s\u00e9r verkefni eftir \u00e1hugasvi\u00f0i \u00feeirra. \u00deeir setja s\u00e9r markmi\u00f0 og \u00e1kve\u00f0a hvernig \u00feeir \u00e6tla a\u00f0 vinna verkefni\u00f0, \u00e1 hve l\u00f6ngum t\u00edma og me\u00f0 hva\u00f0a h\u00e6tti \u00feeir munu skila \u00fev\u00ed af s\u00e9r. Verkefnin geta veri\u00f0 unnin einstaklingslega e\u00f0a \u00ed h\u00f3pum.<\/p>\n<p style=\"text-align: left\">Markmi\u00f0i\u00f0 me\u00f0 \u00e1hugasvi\u00f0svali er a\u00f0 reyna a\u00f0 koma til m\u00f3ts vi\u00f0 hvern og einn nemanda \u00fear sem hann vinnur \u00fat fr\u00e1 eigin styrkleikum. Auka \u00e1byrg\u00f0 hans \u00e1 eigin n\u00e1mi og \u00fej\u00e1lfa hann \u00ed uppl\u00fdsinga\u00f6flun og sj\u00e1lfst\u00e6\u00f0um vinnubr\u00f6g\u00f0um.<\/p>\n<p style=\"text-align: left\">Mati\u00f0 \u00e1 verkefninu felst \u00ed sj\u00e1lfsmati nemandans og virknimati kennara.<\/p>\n","protected":false},"excerpt":{"rendered":"<p>Valgreinar eru hluti af skyldun\u00e1mi og \u00ed 8.-10. bekk grunnsk\u00f3la skal nemendum gefinn kostur \u00e1 a\u00f0 velja n\u00e1msgreinar og n\u00e1mssvi\u00f0 sem svarar til allt a\u00f0 fimmtungi n\u00e1mst\u00edmans en sk\u00f3lar geta skipulagt mismunandi hlutfall valgreina eftir \u00e1rg\u00f6ngum. Tilgangurinn me\u00f0 valfrelsi nemenda \u00e1 unglingastigi er a\u00f0 h\u00e6gt s\u00e9 a\u00f0 laga n\u00e1mi\u00f0 sem mest a\u00f0 \u00fe\u00f6rfum einstaklingsins og gera hverjum og einum kleift &#8230; <\/p>\n<div><a href=\"https:\/\/dev.borgarbyggd.is\/gbf\/nam-og-kennsla\/valgreinar\/\" class=\"more-link\">Read More<\/a><\/div>\n","protected":false},"author":4,"featured_media":0,"parent":17,"menu_order":0,"comment_status":"closed","ping_status":"closed","template":"","meta":{"_acf_changed":false,"footnotes":""},"class_list":["post-415","page","type-page","status-publish","hentry","no-post-thumbnail"],"acf":{"quickaccess":false},"yoast_head":"<!-- This site is optimized with the Yoast SEO plugin v24.0 - https:\/\/yoast.com\/wordpress\/plugins\/seo\/ -->\n<title>Valgreinar - Grunnsk\u00f3li Borgarfjar\u00f0ar<\/title>\n<meta name=\"robots\" content=\"noindex, follow, max-snippet:-1, max-image-preview:large, max-video-preview:-1\" \/>\n<meta property=\"og:locale\" content=\"is_IS\" \/>\n<meta property=\"og:type\" content=\"article\" \/>\n<meta property=\"og:title\" content=\"Valgreinar - Grunnsk\u00f3li Borgarfjar\u00f0ar\" \/>\n<meta property=\"og:description\" content=\"Valgreinar eru hluti af skyldun\u00e1mi og \u00ed 8.-10. bekk grunnsk\u00f3la skal nemendum gefinn kostur \u00e1 a\u00f0 velja n\u00e1msgreinar og n\u00e1mssvi\u00f0 sem svarar til allt a\u00f0 fimmtungi n\u00e1mst\u00edmans en sk\u00f3lar geta skipulagt mismunandi hlutfall valgreina eftir \u00e1rg\u00f6ngum. Tilgangurinn me\u00f0 valfrelsi nemenda \u00e1 unglingastigi er a\u00f0 h\u00e6gt s\u00e9 a\u00f0 laga n\u00e1mi\u00f0 sem mest a\u00f0 \u00fe\u00f6rfum einstaklingsins og gera hverjum og einum kleift ... Read More\" \/>\n<meta property=\"og:url\" content=\"https:\/\/dev.borgarbyggd.is\/gbf\/nam-og-kennsla\/valgreinar\/\" \/>\n<meta property=\"og:site_name\" content=\"Grunnsk\u00f3li Borgarfjar\u00f0ar\" \/>\n<meta property=\"article:modified_time\" content=\"2023-12-14T11:31:16+00:00\" \/>\n<meta name=\"twitter:card\" content=\"summary_large_image\" \/>\n<meta name=\"twitter:label1\" content=\"Est. reading time\" \/>\n\t<meta name=\"twitter:data1\" content=\"2 minutes\" \/>\n<script type=\"application\/ld+json\" class=\"yoast-schema-graph\">{\"@context\":\"https:\/\/schema.org\",\"@graph\":[{\"@type\":\"WebPage\",\"@id\":\"https:\/\/dev.borgarbyggd.is\/gbf\/nam-og-kennsla\/valgreinar\/\",\"url\":\"https:\/\/dev.borgarbyggd.is\/gbf\/nam-og-kennsla\/valgreinar\/\",\"name\":\"Valgreinar - Grunnsk\u00f3li Borgarfjar\u00f0ar\",\"isPartOf\":{\"@id\":\"https:\/\/dev.borgarbyggd.is\/gbf\/#website\"},\"datePublished\":\"2023-11-02T14:20:29+00:00\",\"dateModified\":\"2023-12-14T11:31:16+00:00\",\"breadcrumb\":{\"@id\":\"https:\/\/dev.borgarbyggd.is\/gbf\/nam-og-kennsla\/valgreinar\/#breadcrumb\"},\"inLanguage\":\"is\",\"potentialAction\":[{\"@type\":\"ReadAction\",\"target\":[\"https:\/\/dev.borgarbyggd.is\/gbf\/nam-og-kennsla\/valgreinar\/\"]}]},{\"@type\":\"BreadcrumbList\",\"@id\":\"https:\/\/dev.borgarbyggd.is\/gbf\/nam-og-kennsla\/valgreinar\/#breadcrumb\",\"itemListElement\":[{\"@type\":\"ListItem\",\"position\":1,\"name\":\"Home\",\"item\":\"https:\/\/dev.borgarbyggd.is\/gbf\/\"},{\"@type\":\"ListItem\",\"position\":2,\"name\":\"N\u00e1m og kennsla\",\"item\":\"https:\/\/dev.borgarbyggd.is\/gbf\/nam-og-kennsla\/\"},{\"@type\":\"ListItem\",\"position\":3,\"name\":\"Valgreinar\"}]},{\"@type\":\"WebSite\",\"@id\":\"https:\/\/dev.borgarbyggd.is\/gbf\/#website\",\"url\":\"https:\/\/dev.borgarbyggd.is\/gbf\/\",\"name\":\"Grunnsk\u00f3li Borgarfjar\u00f0ar\",\"description\":\"\",\"potentialAction\":[{\"@type\":\"SearchAction\",\"target\":{\"@type\":\"EntryPoint\",\"urlTemplate\":\"https:\/\/dev.borgarbyggd.is\/gbf\/?s={search_term_string}\"},\"query-input\":{\"@type\":\"PropertyValueSpecification\",\"valueRequired\":true,\"valueName\":\"search_term_string\"}}],\"inLanguage\":\"is\"}]}<\/script>\n<!-- \/ Yoast SEO plugin. -->","yoast_head_json":{"title":"Valgreinar - Grunnsk\u00f3li Borgarfjar\u00f0ar","robots":{"index":"noindex","follow":"follow","max-snippet":"max-snippet:-1","max-image-preview":"max-image-preview:large","max-video-preview":"max-video-preview:-1"},"og_locale":"is_IS","og_type":"article","og_title":"Valgreinar - Grunnsk\u00f3li Borgarfjar\u00f0ar","og_description":"Valgreinar eru hluti af skyldun\u00e1mi og \u00ed 8.-10. bekk grunnsk\u00f3la skal nemendum gefinn kostur \u00e1 a\u00f0 velja n\u00e1msgreinar og n\u00e1mssvi\u00f0 sem svarar til allt a\u00f0 fimmtungi n\u00e1mst\u00edmans en sk\u00f3lar geta skipulagt mismunandi hlutfall valgreina eftir \u00e1rg\u00f6ngum. Tilgangurinn me\u00f0 valfrelsi nemenda \u00e1 unglingastigi er a\u00f0 h\u00e6gt s\u00e9 a\u00f0 laga n\u00e1mi\u00f0 sem mest a\u00f0 \u00fe\u00f6rfum einstaklingsins og gera hverjum og einum kleift ... Read More","og_url":"https:\/\/dev.borgarbyggd.is\/gbf\/nam-og-kennsla\/valgreinar\/","og_site_name":"Grunnsk\u00f3li Borgarfjar\u00f0ar","article_modified_time":"2023-12-14T11:31:16+00:00","twitter_card":"summary_large_image","twitter_misc":{"Est. reading time":"2 minutes"},"schema":{"@context":"https:\/\/schema.org","@graph":[{"@type":"WebPage","@id":"https:\/\/dev.borgarbyggd.is\/gbf\/nam-og-kennsla\/valgreinar\/","url":"https:\/\/dev.borgarbyggd.is\/gbf\/nam-og-kennsla\/valgreinar\/","name":"Valgreinar - Grunnsk\u00f3li Borgarfjar\u00f0ar","isPartOf":{"@id":"https:\/\/dev.borgarbyggd.is\/gbf\/#website"},"datePublished":"2023-11-02T14:20:29+00:00","dateModified":"2023-12-14T11:31:16+00:00","breadcrumb":{"@id":"https:\/\/dev.borgarbyggd.is\/gbf\/nam-og-kennsla\/valgreinar\/#breadcrumb"},"inLanguage":"is","potentialAction":[{"@type":"ReadAction","target":["https:\/\/dev.borgarbyggd.is\/gbf\/nam-og-kennsla\/valgreinar\/"]}]},{"@type":"BreadcrumbList","@id":"https:\/\/dev.borgarbyggd.is\/gbf\/nam-og-kennsla\/valgreinar\/#breadcrumb","itemListElement":[{"@type":"ListItem","position":1,"name":"Home","item":"https:\/\/dev.borgarbyggd.is\/gbf\/"},{"@type":"ListItem","position":2,"name":"N\u00e1m og kennsla","item":"https:\/\/dev.borgarbyggd.is\/gbf\/nam-og-kennsla\/"},{"@type":"ListItem","position":3,"name":"Valgreinar"}]},{"@type":"WebSite","@id":"https:\/\/dev.borgarbyggd.is\/gbf\/#website","url":"https:\/\/dev.borgarbyggd.is\/gbf\/","name":"Grunnsk\u00f3li Borgarfjar\u00f0ar","description":"","potentialAction":[{"@type":"SearchAction","target":{"@type":"EntryPoint","urlTemplate":"https:\/\/dev.borgarbyggd.is\/gbf\/?s={search_term_string}"},"query-input":{"@type":"PropertyValueSpecification","valueRequired":true,"valueName":"search_term_string"}}],"inLanguage":"is"}]}},"_links":{"self":[{"href":"https:\/\/dev.borgarbyggd.is\/gbf\/wp-json\/wp\/v2\/pages\/415","targetHints":{"allow":["GET"]}}],"collection":[{"href":"https:\/\/dev.borgarbyggd.is\/gbf\/wp-json\/wp\/v2\/pages"}],"about":[{"href":"https:\/\/dev.borgarbyggd.is\/gbf\/wp-json\/wp\/v2\/types\/page"}],"author":[{"embeddable":true,"href":"https:\/\/dev.borgarbyggd.is\/gbf\/wp-json\/wp\/v2\/users\/4"}],"replies":[{"embeddable":true,"href":"https:\/\/dev.borgarbyggd.is\/gbf\/wp-json\/wp\/v2\/comments?post=415"}],"version-history":[{"count":0,"href":"https:\/\/dev.borgarbyggd.is\/gbf\/wp-json\/wp\/v2\/pages\/415\/revisions"}],"up":[{"embeddable":true,"href":"https:\/\/dev.borgarbyggd.is\/gbf\/wp-json\/wp\/v2\/pages\/17"}],"wp:attachment":[{"href":"https:\/\/dev.borgarbyggd.is\/gbf\/wp-json\/wp\/v2\/media?parent=415"}],"curies":[{"name":"wp","href":"https:\/\/api.w.org\/{rel}","templated":true}]}}