{"id":41,"date":"2023-07-25T16:41:45","date_gmt":"2023-07-25T16:41:45","guid":{"rendered":"https:\/\/dev.borgarbyggd.is\/gbf\/?page_id=41"},"modified":"2023-11-13T16:51:42","modified_gmt":"2023-11-13T16:51:42","slug":"skolareglur","status":"publish","type":"page","link":"https:\/\/dev.borgarbyggd.is\/gbf\/skolinn\/skolareglur\/","title":{"rendered":"Sk\u00f3lareglur"},"content":{"rendered":"<p>Samkv\u00e6mt grunnsk\u00f3lal\u00f6gum ber hverjum sk\u00f3la a\u00f0 setja sk\u00f3lareglur.<\/p>\n<p><em>\u201e\u00cd hverjum grunnsk\u00f3la skal setja sk\u00f3lareglur. \u00cd sk\u00f3lareglum skal m.a. kve\u00f0i\u00f0 \u00e1 um almenna\u00a0<\/em><em>umgengni, samskipti, stundv\u00edsi, \u00e1stundun n\u00e1ms og heilbrig\u00f0ar l\u00edfsvenjur. \u00cd reglunum skal\u00a0<\/em><em>koma fram hvernig sk\u00f3linn hyggst breg\u00f0ast vi\u00f0 brotum \u00e1 \u00feeim. Sk\u00f3lastj\u00f3ri er \u00e1byrgur fyrir\u00a0<\/em><em>ger\u00f0 sk\u00f3lareglna og kynningu \u00feeirra og skulu \u00fe\u00e6r unnar \u00ed samr\u00e1\u00f0i vi\u00f0 sk\u00f3lar\u00e1\u00f0 og fulltr\u00faa\u00a0<\/em><em>nemenda \u00ed sk\u00f3lar\u00e1\u00f0i\u201c<\/em><\/p>\n<p>(L\u00f6g um grunnsk\u00f3la nr. 91\/2008, 30. grein )<\/p>\n<ul>\n<li>Vi\u00f0 vir\u00f0um landsl\u00f6g<\/li>\n<li>Vi\u00f0 metum heilbrigt l\u00edf<\/li>\n<li>Vi\u00f0 leggjum okkur fram um a\u00f0 n\u00e1 \u00e1rangri<\/li>\n<li>Vi\u00f0 erum stundv\u00eds<\/li>\n<li>Vi\u00f0 vir\u00f0um r\u00e9tt til n\u00e1ms og h\u00f6fum vinnufri\u00f0 \u00ed kennslustundum<\/li>\n<li>Vi\u00f0 g\u00f6ngum vel og snyrtilega um<\/li>\n<li>Vi\u00f0 s\u00fdnum h\u00e1ttv\u00edsi innan sk\u00f3la sem utan<\/li>\n<li>Vi\u00f0 notum ekki s\u00e6lg\u00e6ti \u00e1 sk\u00f3lat\u00edma<\/li>\n<li>Vi\u00f0 vir\u00f0um hlutverk hvers og eins<\/li>\n<li>Vi\u00f0 vir\u00f0um reglurnar okkar<\/li>\n<\/ul>\n<p><strong>S\u00e1 sem k\u00fds a\u00f0 brj\u00f3ta reglur k\u00fds jafnframt a\u00f0 hl\u00edta \u00feeim vi\u00f0url\u00f6gum sem gilda<\/strong><\/p>\n<p><strong>Vi\u00f0 vir\u00f0um landsl\u00f6g<\/strong><br \/>\nAllir \u00cdslendingar vir\u00f0a \u00feau l\u00f6g sem sett eru \u00e1 Al\u00feingi. Sem d\u00e6mi um l\u00f6g fr\u00e1 Al\u00feingi eru t.d. grunnsk\u00f3lal\u00f6gin, l\u00f6g um t\u00f3baksvarnir og l\u00f6g um vernd barna og unglinga sbr. \u00fativistarreglur.<\/p>\n<p><strong>Vi\u00f0 metum heilbrigt l\u00edf<\/strong><br \/>\nS\u00e1 sem s\u00fdnir sj\u00e1lfum s\u00e9r r\u00e6ktarsemi, stundar holla hreyfingum bor\u00f0ar hollan mat og n\u00e6r g\u00f3\u00f0um n\u00e6tursvefni er l\u00edklegri til a\u00f0 n\u00e1 \u00e1rangri \u00ed sk\u00f3la en ella. \u00dear af lei\u00f0andi h\u00f6fnum vi\u00f0 reykingum, neyslu \u00e1fengis og annarra v\u00edmuefna sem valdi\u00f0 geta heilsutj\u00f3ni og eru vanabindandi en leggjum \u00e1herslu \u00e1 holla i\u00f0ju \u00ed n\u00e1mi og leik.<\/p>\n<p><strong>Vi\u00f0 leggjum okkur fram um a\u00f0 n\u00e1 \u00e1rangri<\/strong><br \/>\nVi\u00f0 skipuleggjum vinnu okkar og f\u00f6rum vel me\u00f0 n\u00e1msg\u00f6gn og b\u00e6kur. Vi\u00f0 leggjum metna\u00f0 \u00ed a\u00f0 skila v\u00f6ndu\u00f0um verkefnum og \u00farlausnum. Vi\u00f0 munum eftir a\u00f0 koma me\u00f0 nau\u00f0synleg g\u00f6gn \u00ed sk\u00f3lann og skilum vinnu samkv\u00e6mt vinnu\u00e1\u00e6tlunum.<\/p>\n<p><strong>Vi\u00f0 erum stundv\u00eds<\/strong><br \/>\nStundv\u00eds nemandi missir ekki af neinu sem fram fer \u00ed kennslustundum. S\u00e1 sem kemur of seint\u00a0 \u00fearf a\u00f0 vinna upp \u00fea\u00f0 sem hann missti af og hann truflar vinnu annarra. Engum l\u00ed\u00f0ur vel sem kemur of seint. Nemandi f\u00e6r fjarvist komi hann eftir a\u00f0 kennslustund er h\u00e1lfnu\u00f0.<\/p>\n<p><strong>Vi\u00f0 vir\u00f0um r\u00e9tt til n\u00e1ms og h\u00f6fum vinnufri\u00f0 \u00ed kennslustundum<br \/>\n<\/strong>Sk\u00f3linn sn\u00fdst um n\u00e1mi\u00f0 sem fram fer \u00ed kennslustundum. S\u00e1 sem truflar skemmir b\u00e6\u00f0i fyrir sj\u00e1lfum s\u00e9r og \u00f6\u00f0rum. G\u00f3\u00f0ur vinnufri\u00f0ur eykur l\u00edkurnar \u00e1 betri \u00e1rangri og vell\u00ed\u00f0an.<\/p>\n<p><strong>Vi\u00f0 g\u00f6ngum vel og snyrtilega um<\/strong><br \/>\nVi\u00f0 vir\u00f0um ver\u00f0m\u00e6tin sem okkur er treyst fyrir \u00ed sk\u00f3lanum. Vi\u00f0 krotum hvorki \u00e1 bor\u00f0 n\u00e9 st\u00f3la e\u00f0a skemmum hluti. Ef nemandi veldur v\u00edsvitandi e\u00f0a vegna alvarlegs g\u00e1leysis skemmdum \u00e1 eignum sk\u00f3lans e\u00f0a annarra \u00ed sk\u00f3lanum, er hann b\u00f3taskyldur og m\u00e1linu er v\u00edsa\u00f0 til sk\u00f3lastj\u00f3ra. Nemendur bera \u00e1byrg\u00f0 \u00e1 eigum s\u00ednum innan sk\u00f3lans s.s. fart\u00f6lvum, t\u00f3nhl\u00f6\u00f0um, s\u00edmum og fatna\u00f0i. Fart\u00f6lvur eru ekki leyf\u00f0ar \u00ed fr\u00edm\u00edn\u00fatum. Sk\u00f3linn er vinnusta\u00f0ur og sameign okkar allra. \u00deess vegna g\u00f6ngum vi\u00f0 vel um sk\u00f3lann okkar, f\u00f6rum \u00far sk\u00f3m vi\u00f0 \u00fatidyr, geymum yfirhafnir og sk\u00f3 \u00ed fatahengi og notum ruslaf\u00f6tur.<\/p>\n<p><strong>Vi\u00f0 s\u00fdnum h\u00e1ttv\u00edsi innan sk\u00f3la sem utan<\/strong><br \/>\nVi\u00f0 vir\u00f0um hvert anna\u00f0 sem einstaklinga, erum kurteis og s\u00fdnum hvert \u00f6\u00f0ru tillitssemi.<\/p>\n<p><strong>Vi\u00f0 notum ekki s\u00e6lg\u00e6ti \u00e1 sk\u00f3lat\u00edma<\/strong><br \/>\nVi\u00f0 temjum okkur holla l\u00edfsvenjur og \u00fev\u00ed neytum vi\u00f0 ekki s\u00e6lg\u00e6tis \u00e1 sk\u00f3lat\u00edma. Undan\u00fe\u00e1ga er h\u00e1\u00f0 leyfi kennara.<\/p>\n<p><strong>Vi\u00f0 vir\u00f0um hlutverk hvers og eins<\/strong><br \/>\nAllir \u00ed sk\u00f3lanum hafa sitt hlutverk. Vi\u00f0 s\u00fdnum hvert \u00f6\u00f0ru vir\u00f0ingu og nemendum ber a\u00f0 fara a\u00f0 fyrirm\u00e6lum kennara og annars starfsf\u00f3lks sk\u00f3lans.<\/p>\n<p><strong>Vi\u00f0 vir\u00f0um reglurnar okkar<\/strong><br \/>\nReglur eru settar til \u00feess a\u00f0 gera l\u00edfi\u00f0 betra og \u00e1rangursr\u00edkara. Vi\u00f0 vir\u00f0um reglurnar og f\u00f6rum eftir \u00feeim. \u00deeir sem brj\u00f3ta \u00fe\u00e6r viljandi e\u00f0a \u00f3viljandi ver\u00f0a a\u00f0 l\u00e6ra \u00fe\u00e6r betur og fara eftir \u00feeim.<\/p>\n<p><strong>Vi\u00f0url\u00f6g vi\u00f0 brotum \u00e1 sk\u00f3lareglum<\/strong><\/p>\n<ol>\n<li>Umsj\u00f3narkennarar taka \u00e1 brotum umsj\u00f3narnemenda sinna. Unni\u00f0 er eftir vinnureglum um brot \u00e1 sk\u00f3lareglum \u00ed GBF, sj\u00e1 n\u00e1nar h\u00e9r \u00e1 eftir.<\/li>\n<li>Ef starfsf\u00f3lk, anna\u00f0 en umsj\u00f3nakennari vi\u00f0komandi nemanda, ver\u00f0ur vart vi\u00f0 brot nemanda \u00e1 sk\u00f3lareglum skal v\u00edsa m\u00e1linu til umsj\u00f3narkennara, s\u00e9 \u00feess \u00fe\u00f6rf.<\/li>\n<li>Ef nemandi er uppv\u00eds a\u00f0 neyslu \u00e1fengis e\u00f0a \u00f3l\u00f6glegra v\u00edmuefna \u00e1 sk\u00f3lat\u00edma, \u00e1 skemmtunum e\u00f0a fer\u00f0um \u00e1 vegum sk\u00f3lans skal m\u00e1linu strax v\u00edsa\u00f0 til sk\u00f3lastj\u00f3ra sem hefur samband vi\u00f0 foreldra nemandans. \u00de\u00e1 \u00feegar skal gengi\u00f0 \u00far skugga um hvort grunurinn s\u00e9 \u00e1 r\u00f6kum reistur og fengin a\u00f0sto\u00f0 \u00fear til b\u00e6rra a\u00f0ila svo sem l\u00f6greglu ef \u00fe\u00f6rf \u00feykir. Komi \u00ed lj\u00f3s a\u00f0 nemandinn s\u00e9 undir \u00e1hrifum er honum viki\u00f0 \u00far sk\u00f3la t\u00edmabundi\u00f0.<\/li>\n<li>Ef nemandi beitir gr\u00f3fu ofbeldi \u00e1 sk\u00f3lat\u00edma, \u00e1 skemmtunum e\u00f0a fer\u00f0um \u00e1 vegum sk\u00f3lans skal m\u00e1linu strax v\u00edsa\u00f0 til sk\u00f3lastj\u00f3ra sem hefur samband vi\u00f0 foreldra nemandans og er honum viki\u00f0 \u00far sk\u00f3la t\u00edmabundi\u00f0.<\/li>\n<\/ol>\n<p><strong>Vinnureglur vi\u00f0 brotum \u00e1 sk\u00f3lareglum GBF<\/strong><\/p>\n<ol>\n<li>Vi\u00f0komandi kennari e\u00f0a starfsma\u00f0ur r\u00e6\u00f0ir vi\u00f0 nemanda einslega. Nemanda gefst t\u00e6kif\u00e6ri a\u00f0 b\u00e6ta fyrir brot \u00e1n frekari beitingar vi\u00f0urlaga. Kennari, umsj\u00f3narkennari e\u00f0a annar starfsma\u00f0ur sk\u00f3lans getur a\u00f0sto\u00f0a\u00f0 nemandann vi\u00f0 a\u00f0 leysa \u00far s\u00ednum m\u00e1lum.<br \/>\nAtbur\u00f0ur skr\u00e1\u00f0ur \u00ed pers\u00f3num\u00f6ppu nemenda.<\/li>\n<li>Breyti nemandi ekki heg\u00f0un sinni er umsj\u00f3narkennari l\u00e1tinn vita og hann gerir nemandanum grein fyrir alvarleika m\u00e1lsins, skr\u00e1ir atbur\u00f0inn \u00ed pers\u00f3num\u00f6ppu nemanda og hefur samband heim.<\/li>\n<li>N\u00e1ist ekki \u00e1rangur bo\u00f0ar umsj\u00f3narkennari nemanda og forr\u00e1\u00f0amenn hans \u00e1 fund um m\u00e1li\u00f0. Ni\u00f0urst\u00f6\u00f0ur fundarins skr\u00e1\u00f0ar og allir vi\u00f0staddir kvitta undir. Umsj\u00f3narkennari skr\u00e1ir \u00ed pers\u00f3num\u00f6ppu nemanda og gerir sk\u00f3lastj\u00f3ra\/deildarstj\u00f3ra grein fyrir st\u00f6\u00f0u m\u00e1lsins.<\/li>\n<li>Umsj\u00f3narkennari v\u00edsar m\u00e1linu alfari\u00f0 til sk\u00f3lastj\u00f3ra\/deildarstj\u00f3ra.<\/li>\n<li>Sk\u00f3lastj\u00f3ri vinnur me\u00f0 m\u00e1li\u00f0 og kynnir \u00fea\u00f0 nemendaverndarr\u00e1\u00f0i.<\/li>\n<li>Ef ekki tekst a\u00f0 finna lausn \u00e1 vanda nemandans og ef heg\u00f0un hans kemur \u00ed veg fyrir e\u00f0lilegt sk\u00f3lastarf getur sk\u00f3lastj\u00f3ri v\u00edsa\u00f0 nemanda \u00far sk\u00f3la t\u00edmabundi\u00f0, me\u00f0an lausn er fundin (L\u00f6g um grunnsk\u00f3la nr. 91\/2008, 14. grein ). Sk\u00f3lastj\u00f3ri v\u00edsar m\u00e1linu til fr\u00e6\u00f0sluyfirvalda.<\/li>\n<\/ol>\n<p>Ef brot nemandans er minnih\u00e1ttar er unni\u00f0 \u00fat fr\u00e1 fyrsta li\u00f0. Ef broti\u00f0 er alvarlegt er unni\u00f0 \u00fat fr\u00e1 \u00feeim li\u00f0 er tali\u00f0 er h\u00e6fa brotinu. \u00c1 \u00f6llum stigum m\u00e1lsins er me\u00f0fer\u00f0 \u00feess skr\u00e1\u00f0 \u00ed pers\u00f3num\u00f6ppu nemanda.<\/p>\n<p><strong>Ney\u00f0ar\u00farr\u00e6\u00f0i:<\/strong><\/p>\n<ul>\n<li>Ef nemandi hefur \u00edtreka\u00f0 gerst brotlegur vi\u00f0 sk\u00f3lareglur og \u00farr\u00e6\u00f0i innan sk\u00f3la duga ekki er haft samband vi\u00f0 foreldra og \u00feeir be\u00f0nir a\u00f0 s\u00e6kja nemenda. Nemandi kemur ekki \u00ed sk\u00f3lann fyrr en lausn hefur veri\u00f0 fundinn.<\/li>\n<li>Ef nemandi beitir gr\u00f3fu ofbeldi, neytir \u00e1fengis e\u00f0a \u00f3l\u00f6glegra v\u00edmuefna \u00e1 sk\u00f3lat\u00edma, \u00e1 skemmtunum e\u00f0a fer\u00f0um \u00e1 vegum sk\u00f3lans, er m\u00e1linu strax v\u00edsa\u00f0 til sk\u00f3lastj\u00f3ra sem hefur samband vi\u00f0 foreldra\/forr\u00e1\u00f0amenn og nemandanum er viki\u00f0 \u00far sk\u00f3la t\u00edmabundi\u00f0.<\/li>\n<\/ul>\n<p><strong>Vi\u00f0 vir\u00f0um reglurnar okkar<\/strong><br \/>\nReglur eru settar til \u00feess a\u00f0 gera l\u00edfi\u00f0 betra og \u00e1rangursr\u00edkara. Vi\u00f0 vir\u00f0um reglurnar og f\u00f6rum eftir \u00feeim. \u00deeir sem brj\u00f3ta \u00fe\u00e6r viljandi e\u00f0a \u00f3viljandi ver\u00f0a a\u00f0 l\u00e6ra \u00fe\u00e6r betur og fara eftir \u00feeim.<br \/>\n<div class=\"hlekkur_a_skjal\" style=\"text-align: left;\"><a style=\"max-width: 100%;\" href=\"https:\/\/dev.borgarbyggd.is\/gbf\/wp-content\/uploads\/sites\/6\/2023\/11\/skolasoknarreglur_plakat_pdf.pdf\">Sk\u00f3las\u00f3knarkerfi Borgarbygg\u00f0ar<\/a><\/div>\n","protected":false},"excerpt":{"rendered":"<p>Samkv\u00e6mt grunnsk\u00f3lal\u00f6gum ber hverjum sk\u00f3la a\u00f0 setja sk\u00f3lareglur. \u201e\u00cd hverjum grunnsk\u00f3la skal setja sk\u00f3lareglur. \u00cd sk\u00f3lareglum skal m.a. kve\u00f0i\u00f0 \u00e1 um almenna\u00a0umgengni, samskipti, stundv\u00edsi, \u00e1stundun n\u00e1ms og heilbrig\u00f0ar l\u00edfsvenjur. \u00cd reglunum skal\u00a0koma fram hvernig sk\u00f3linn hyggst breg\u00f0ast vi\u00f0 brotum \u00e1 \u00feeim. Sk\u00f3lastj\u00f3ri er \u00e1byrgur fyrir\u00a0ger\u00f0 sk\u00f3lareglna og kynningu \u00feeirra og skulu \u00fe\u00e6r unnar \u00ed samr\u00e1\u00f0i vi\u00f0 sk\u00f3lar\u00e1\u00f0 og fulltr\u00faa\u00a0nemenda \u00ed &#8230; <\/p>\n<div><a href=\"https:\/\/dev.borgarbyggd.is\/gbf\/skolinn\/skolareglur\/\" class=\"more-link\">Read More<\/a><\/div>\n","protected":false},"author":1,"featured_media":0,"parent":15,"menu_order":0,"comment_status":"closed","ping_status":"closed","template":"","meta":{"_acf_changed":false,"footnotes":""},"class_list":["post-41","page","type-page","status-publish","hentry","no-post-thumbnail"],"acf":{"quickaccess":false},"yoast_head":"<!-- This site is optimized with the Yoast SEO plugin v24.0 - https:\/\/yoast.com\/wordpress\/plugins\/seo\/ -->\n<title>Sk\u00f3lareglur - Grunnsk\u00f3li Borgarfjar\u00f0ar<\/title>\n<meta name=\"robots\" content=\"noindex, follow, max-snippet:-1, max-image-preview:large, max-video-preview:-1\" \/>\n<meta property=\"og:locale\" content=\"is_IS\" \/>\n<meta property=\"og:type\" content=\"article\" \/>\n<meta property=\"og:title\" content=\"Sk\u00f3lareglur - Grunnsk\u00f3li Borgarfjar\u00f0ar\" \/>\n<meta property=\"og:description\" content=\"Samkv\u00e6mt grunnsk\u00f3lal\u00f6gum ber hverjum sk\u00f3la a\u00f0 setja sk\u00f3lareglur. \u201e\u00cd hverjum grunnsk\u00f3la skal setja sk\u00f3lareglur. \u00cd sk\u00f3lareglum skal m.a. kve\u00f0i\u00f0 \u00e1 um almenna\u00a0umgengni, samskipti, stundv\u00edsi, \u00e1stundun n\u00e1ms og heilbrig\u00f0ar l\u00edfsvenjur. \u00cd reglunum skal\u00a0koma fram hvernig sk\u00f3linn hyggst breg\u00f0ast vi\u00f0 brotum \u00e1 \u00feeim. Sk\u00f3lastj\u00f3ri er \u00e1byrgur fyrir\u00a0ger\u00f0 sk\u00f3lareglna og kynningu \u00feeirra og skulu \u00fe\u00e6r unnar \u00ed samr\u00e1\u00f0i vi\u00f0 sk\u00f3lar\u00e1\u00f0 og fulltr\u00faa\u00a0nemenda \u00ed ... Read More\" \/>\n<meta property=\"og:url\" content=\"https:\/\/dev.borgarbyggd.is\/gbf\/skolinn\/skolareglur\/\" \/>\n<meta property=\"og:site_name\" content=\"Grunnsk\u00f3li Borgarfjar\u00f0ar\" \/>\n<meta property=\"article:modified_time\" content=\"2023-11-13T16:51:42+00:00\" \/>\n<meta name=\"twitter:card\" content=\"summary_large_image\" \/>\n<meta name=\"twitter:label1\" content=\"Est. reading time\" \/>\n\t<meta name=\"twitter:data1\" content=\"6 minutes\" \/>\n<script type=\"application\/ld+json\" class=\"yoast-schema-graph\">{\"@context\":\"https:\/\/schema.org\",\"@graph\":[{\"@type\":\"WebPage\",\"@id\":\"https:\/\/dev.borgarbyggd.is\/gbf\/skolinn\/skolareglur\/\",\"url\":\"https:\/\/dev.borgarbyggd.is\/gbf\/skolinn\/skolareglur\/\",\"name\":\"Sk\u00f3lareglur - Grunnsk\u00f3li Borgarfjar\u00f0ar\",\"isPartOf\":{\"@id\":\"https:\/\/dev.borgarbyggd.is\/gbf\/#website\"},\"datePublished\":\"2023-07-25T16:41:45+00:00\",\"dateModified\":\"2023-11-13T16:51:42+00:00\",\"breadcrumb\":{\"@id\":\"https:\/\/dev.borgarbyggd.is\/gbf\/skolinn\/skolareglur\/#breadcrumb\"},\"inLanguage\":\"is\",\"potentialAction\":[{\"@type\":\"ReadAction\",\"target\":[\"https:\/\/dev.borgarbyggd.is\/gbf\/skolinn\/skolareglur\/\"]}]},{\"@type\":\"BreadcrumbList\",\"@id\":\"https:\/\/dev.borgarbyggd.is\/gbf\/skolinn\/skolareglur\/#breadcrumb\",\"itemListElement\":[{\"@type\":\"ListItem\",\"position\":1,\"name\":\"Home\",\"item\":\"https:\/\/dev.borgarbyggd.is\/gbf\/\"},{\"@type\":\"ListItem\",\"position\":2,\"name\":\"Sk\u00f3linn\",\"item\":\"https:\/\/dev.borgarbyggd.is\/gbf\/skolinn\/\"},{\"@type\":\"ListItem\",\"position\":3,\"name\":\"Sk\u00f3lareglur\"}]},{\"@type\":\"WebSite\",\"@id\":\"https:\/\/dev.borgarbyggd.is\/gbf\/#website\",\"url\":\"https:\/\/dev.borgarbyggd.is\/gbf\/\",\"name\":\"Grunnsk\u00f3li Borgarfjar\u00f0ar\",\"description\":\"\",\"potentialAction\":[{\"@type\":\"SearchAction\",\"target\":{\"@type\":\"EntryPoint\",\"urlTemplate\":\"https:\/\/dev.borgarbyggd.is\/gbf\/?s={search_term_string}\"},\"query-input\":{\"@type\":\"PropertyValueSpecification\",\"valueRequired\":true,\"valueName\":\"search_term_string\"}}],\"inLanguage\":\"is\"}]}<\/script>\n<!-- \/ Yoast SEO plugin. -->","yoast_head_json":{"title":"Sk\u00f3lareglur - Grunnsk\u00f3li Borgarfjar\u00f0ar","robots":{"index":"noindex","follow":"follow","max-snippet":"max-snippet:-1","max-image-preview":"max-image-preview:large","max-video-preview":"max-video-preview:-1"},"og_locale":"is_IS","og_type":"article","og_title":"Sk\u00f3lareglur - Grunnsk\u00f3li Borgarfjar\u00f0ar","og_description":"Samkv\u00e6mt grunnsk\u00f3lal\u00f6gum ber hverjum sk\u00f3la a\u00f0 setja sk\u00f3lareglur. \u201e\u00cd hverjum grunnsk\u00f3la skal setja sk\u00f3lareglur. \u00cd sk\u00f3lareglum skal m.a. kve\u00f0i\u00f0 \u00e1 um almenna\u00a0umgengni, samskipti, stundv\u00edsi, \u00e1stundun n\u00e1ms og heilbrig\u00f0ar l\u00edfsvenjur. \u00cd reglunum skal\u00a0koma fram hvernig sk\u00f3linn hyggst breg\u00f0ast vi\u00f0 brotum \u00e1 \u00feeim. Sk\u00f3lastj\u00f3ri er \u00e1byrgur fyrir\u00a0ger\u00f0 sk\u00f3lareglna og kynningu \u00feeirra og skulu \u00fe\u00e6r unnar \u00ed samr\u00e1\u00f0i vi\u00f0 sk\u00f3lar\u00e1\u00f0 og fulltr\u00faa\u00a0nemenda \u00ed ... Read More","og_url":"https:\/\/dev.borgarbyggd.is\/gbf\/skolinn\/skolareglur\/","og_site_name":"Grunnsk\u00f3li Borgarfjar\u00f0ar","article_modified_time":"2023-11-13T16:51:42+00:00","twitter_card":"summary_large_image","twitter_misc":{"Est. reading time":"6 minutes"},"schema":{"@context":"https:\/\/schema.org","@graph":[{"@type":"WebPage","@id":"https:\/\/dev.borgarbyggd.is\/gbf\/skolinn\/skolareglur\/","url":"https:\/\/dev.borgarbyggd.is\/gbf\/skolinn\/skolareglur\/","name":"Sk\u00f3lareglur - Grunnsk\u00f3li Borgarfjar\u00f0ar","isPartOf":{"@id":"https:\/\/dev.borgarbyggd.is\/gbf\/#website"},"datePublished":"2023-07-25T16:41:45+00:00","dateModified":"2023-11-13T16:51:42+00:00","breadcrumb":{"@id":"https:\/\/dev.borgarbyggd.is\/gbf\/skolinn\/skolareglur\/#breadcrumb"},"inLanguage":"is","potentialAction":[{"@type":"ReadAction","target":["https:\/\/dev.borgarbyggd.is\/gbf\/skolinn\/skolareglur\/"]}]},{"@type":"BreadcrumbList","@id":"https:\/\/dev.borgarbyggd.is\/gbf\/skolinn\/skolareglur\/#breadcrumb","itemListElement":[{"@type":"ListItem","position":1,"name":"Home","item":"https:\/\/dev.borgarbyggd.is\/gbf\/"},{"@type":"ListItem","position":2,"name":"Sk\u00f3linn","item":"https:\/\/dev.borgarbyggd.is\/gbf\/skolinn\/"},{"@type":"ListItem","position":3,"name":"Sk\u00f3lareglur"}]},{"@type":"WebSite","@id":"https:\/\/dev.borgarbyggd.is\/gbf\/#website","url":"https:\/\/dev.borgarbyggd.is\/gbf\/","name":"Grunnsk\u00f3li Borgarfjar\u00f0ar","description":"","potentialAction":[{"@type":"SearchAction","target":{"@type":"EntryPoint","urlTemplate":"https:\/\/dev.borgarbyggd.is\/gbf\/?s={search_term_string}"},"query-input":{"@type":"PropertyValueSpecification","valueRequired":true,"valueName":"search_term_string"}}],"inLanguage":"is"}]}},"_links":{"self":[{"href":"https:\/\/dev.borgarbyggd.is\/gbf\/wp-json\/wp\/v2\/pages\/41","targetHints":{"allow":["GET"]}}],"collection":[{"href":"https:\/\/dev.borgarbyggd.is\/gbf\/wp-json\/wp\/v2\/pages"}],"about":[{"href":"https:\/\/dev.borgarbyggd.is\/gbf\/wp-json\/wp\/v2\/types\/page"}],"author":[{"embeddable":true,"href":"https:\/\/dev.borgarbyggd.is\/gbf\/wp-json\/wp\/v2\/users\/1"}],"replies":[{"embeddable":true,"href":"https:\/\/dev.borgarbyggd.is\/gbf\/wp-json\/wp\/v2\/comments?post=41"}],"version-history":[{"count":0,"href":"https:\/\/dev.borgarbyggd.is\/gbf\/wp-json\/wp\/v2\/pages\/41\/revisions"}],"up":[{"embeddable":true,"href":"https:\/\/dev.borgarbyggd.is\/gbf\/wp-json\/wp\/v2\/pages\/15"}],"wp:attachment":[{"href":"https:\/\/dev.borgarbyggd.is\/gbf\/wp-json\/wp\/v2\/media?parent=41"}],"curies":[{"name":"wp","href":"https:\/\/api.w.org\/{rel}","templated":true}]}}