{"id":401,"date":"2023-11-02T11:25:19","date_gmt":"2023-11-02T11:25:19","guid":{"rendered":"https:\/\/dev.borgarbyggd.is\/gbf\/?page_id=401"},"modified":"2023-11-08T16:18:35","modified_gmt":"2023-11-08T16:18:35","slug":"serstada-sveitaskola","status":"publish","type":"page","link":"https:\/\/dev.borgarbyggd.is\/gbf\/nam-og-kennsla\/serstada-sveitaskola\/","title":{"rendered":"S\u00e9rsta\u00f0a sveitask\u00f3la"},"content":{"rendered":"<p><span class=\"ui-provider ee bcg bch bci bcj bck bcl bcm bcn bco bcp bcq bcr bcs bct bcu bcv bcw bcx bcy bcz bda bdb bdc bdd bde bdf bdg bdh bdi bdj bdk bdl bdm bdn\" dir=\"ltr\">Nemendur \u00ed 8. og 9. bekk taka \u00fe\u00e1tt \u00ed verkefninu <i>S\u00e9rsta\u00f0a sveitask\u00f3la<\/i>. \u00cd \u00fev\u00ed felst a\u00f0 nemendur eiga a\u00f0 taka \u00fe\u00e1tt \u00ed daglegum st\u00f6rfum \u00ed h\u00e9ra\u00f0inu \u00ed \u00ferj\u00e1 virka daga. \u00a0Vi\u00f0fangsefni nemenda eru valin me\u00f0 hli\u00f0sj\u00f3n af \u00f3skum hvers og eins og \u00ed m\u00f6rgum tilfellum \u00ed samr\u00e1\u00f0i vi\u00f0 foreldra. Nemendur hafa me\u00f0 s\u00e9r verkefni\u00a0 sem \u00feeir \u00feurfa a\u00f0 leysa og skila af s\u00e9r \u00feegar \u00feeir koma \u00ed sk\u00f3lann.\u00a0<\/span><\/p>\n","protected":false},"excerpt":{"rendered":"<p>Nemendur \u00ed 8. og 9. bekk taka \u00fe\u00e1tt \u00ed verkefninu S\u00e9rsta\u00f0a sveitask\u00f3la. \u00cd \u00fev\u00ed felst a\u00f0 nemendur eiga a\u00f0 taka \u00fe\u00e1tt \u00ed daglegum st\u00f6rfum \u00ed h\u00e9ra\u00f0inu \u00ed \u00ferj\u00e1 virka daga. \u00a0Vi\u00f0fangsefni nemenda eru valin me\u00f0 hli\u00f0sj\u00f3n af \u00f3skum hvers og eins og \u00ed m\u00f6rgum tilfellum \u00ed samr\u00e1\u00f0i vi\u00f0 foreldra. Nemendur hafa me\u00f0 s\u00e9r verkefni\u00a0 sem \u00feeir \u00feurfa a\u00f0 leysa og &#8230; <\/p>\n<div><a href=\"https:\/\/dev.borgarbyggd.is\/gbf\/nam-og-kennsla\/serstada-sveitaskola\/\" class=\"more-link\">Read More<\/a><\/div>\n","protected":false},"author":30,"featured_media":0,"parent":17,"menu_order":0,"comment_status":"closed","ping_status":"closed","template":"","meta":{"_acf_changed":false,"footnotes":""},"class_list":["post-401","page","type-page","status-publish","hentry","no-post-thumbnail"],"acf":{"quickaccess":false},"yoast_head":"<!-- This site is optimized with the Yoast SEO plugin v24.0 - https:\/\/yoast.com\/wordpress\/plugins\/seo\/ -->\n<title>S\u00e9rsta\u00f0a sveitask\u00f3la - Grunnsk\u00f3li Borgarfjar\u00f0ar<\/title>\n<meta name=\"robots\" content=\"noindex, follow, max-snippet:-1, max-image-preview:large, max-video-preview:-1\" \/>\n<meta property=\"og:locale\" content=\"is_IS\" \/>\n<meta property=\"og:type\" content=\"article\" \/>\n<meta property=\"og:title\" content=\"S\u00e9rsta\u00f0a sveitask\u00f3la - Grunnsk\u00f3li Borgarfjar\u00f0ar\" \/>\n<meta property=\"og:description\" content=\"Nemendur \u00ed 8. og 9. bekk taka \u00fe\u00e1tt \u00ed verkefninu S\u00e9rsta\u00f0a sveitask\u00f3la. \u00cd \u00fev\u00ed felst a\u00f0 nemendur eiga a\u00f0 taka \u00fe\u00e1tt \u00ed daglegum st\u00f6rfum \u00ed h\u00e9ra\u00f0inu \u00ed \u00ferj\u00e1 virka daga. \u00a0Vi\u00f0fangsefni nemenda eru valin me\u00f0 hli\u00f0sj\u00f3n af \u00f3skum hvers og eins og \u00ed m\u00f6rgum tilfellum \u00ed samr\u00e1\u00f0i vi\u00f0 foreldra. Nemendur hafa me\u00f0 s\u00e9r verkefni\u00a0 sem \u00feeir \u00feurfa a\u00f0 leysa og ... Read More\" \/>\n<meta property=\"og:url\" content=\"https:\/\/dev.borgarbyggd.is\/gbf\/nam-og-kennsla\/serstada-sveitaskola\/\" \/>\n<meta property=\"og:site_name\" content=\"Grunnsk\u00f3li Borgarfjar\u00f0ar\" \/>\n<meta property=\"article:modified_time\" content=\"2023-11-08T16:18:35+00:00\" \/>\n<meta name=\"twitter:card\" content=\"summary_large_image\" \/>\n<meta name=\"twitter:label1\" content=\"Est. reading time\" \/>\n\t<meta name=\"twitter:data1\" content=\"1 minute\" \/>\n<script type=\"application\/ld+json\" class=\"yoast-schema-graph\">{\"@context\":\"https:\/\/schema.org\",\"@graph\":[{\"@type\":\"WebPage\",\"@id\":\"https:\/\/dev.borgarbyggd.is\/gbf\/nam-og-kennsla\/serstada-sveitaskola\/\",\"url\":\"https:\/\/dev.borgarbyggd.is\/gbf\/nam-og-kennsla\/serstada-sveitaskola\/\",\"name\":\"S\u00e9rsta\u00f0a sveitask\u00f3la - Grunnsk\u00f3li Borgarfjar\u00f0ar\",\"isPartOf\":{\"@id\":\"https:\/\/dev.borgarbyggd.is\/gbf\/#website\"},\"datePublished\":\"2023-11-02T11:25:19+00:00\",\"dateModified\":\"2023-11-08T16:18:35+00:00\",\"breadcrumb\":{\"@id\":\"https:\/\/dev.borgarbyggd.is\/gbf\/nam-og-kennsla\/serstada-sveitaskola\/#breadcrumb\"},\"inLanguage\":\"is\",\"potentialAction\":[{\"@type\":\"ReadAction\",\"target\":[\"https:\/\/dev.borgarbyggd.is\/gbf\/nam-og-kennsla\/serstada-sveitaskola\/\"]}]},{\"@type\":\"BreadcrumbList\",\"@id\":\"https:\/\/dev.borgarbyggd.is\/gbf\/nam-og-kennsla\/serstada-sveitaskola\/#breadcrumb\",\"itemListElement\":[{\"@type\":\"ListItem\",\"position\":1,\"name\":\"Home\",\"item\":\"https:\/\/dev.borgarbyggd.is\/gbf\/\"},{\"@type\":\"ListItem\",\"position\":2,\"name\":\"N\u00e1m og kennsla\",\"item\":\"https:\/\/dev.borgarbyggd.is\/gbf\/nam-og-kennsla\/\"},{\"@type\":\"ListItem\",\"position\":3,\"name\":\"S\u00e9rsta\u00f0a sveitask\u00f3la\"}]},{\"@type\":\"WebSite\",\"@id\":\"https:\/\/dev.borgarbyggd.is\/gbf\/#website\",\"url\":\"https:\/\/dev.borgarbyggd.is\/gbf\/\",\"name\":\"Grunnsk\u00f3li Borgarfjar\u00f0ar\",\"description\":\"\",\"potentialAction\":[{\"@type\":\"SearchAction\",\"target\":{\"@type\":\"EntryPoint\",\"urlTemplate\":\"https:\/\/dev.borgarbyggd.is\/gbf\/?s={search_term_string}\"},\"query-input\":{\"@type\":\"PropertyValueSpecification\",\"valueRequired\":true,\"valueName\":\"search_term_string\"}}],\"inLanguage\":\"is\"}]}<\/script>\n<!-- \/ Yoast SEO plugin. -->","yoast_head_json":{"title":"S\u00e9rsta\u00f0a sveitask\u00f3la - Grunnsk\u00f3li Borgarfjar\u00f0ar","robots":{"index":"noindex","follow":"follow","max-snippet":"max-snippet:-1","max-image-preview":"max-image-preview:large","max-video-preview":"max-video-preview:-1"},"og_locale":"is_IS","og_type":"article","og_title":"S\u00e9rsta\u00f0a sveitask\u00f3la - Grunnsk\u00f3li Borgarfjar\u00f0ar","og_description":"Nemendur \u00ed 8. og 9. bekk taka \u00fe\u00e1tt \u00ed verkefninu S\u00e9rsta\u00f0a sveitask\u00f3la. \u00cd \u00fev\u00ed felst a\u00f0 nemendur eiga a\u00f0 taka \u00fe\u00e1tt \u00ed daglegum st\u00f6rfum \u00ed h\u00e9ra\u00f0inu \u00ed \u00ferj\u00e1 virka daga. \u00a0Vi\u00f0fangsefni nemenda eru valin me\u00f0 hli\u00f0sj\u00f3n af \u00f3skum hvers og eins og \u00ed m\u00f6rgum tilfellum \u00ed samr\u00e1\u00f0i vi\u00f0 foreldra. Nemendur hafa me\u00f0 s\u00e9r verkefni\u00a0 sem \u00feeir \u00feurfa a\u00f0 leysa og ... Read More","og_url":"https:\/\/dev.borgarbyggd.is\/gbf\/nam-og-kennsla\/serstada-sveitaskola\/","og_site_name":"Grunnsk\u00f3li Borgarfjar\u00f0ar","article_modified_time":"2023-11-08T16:18:35+00:00","twitter_card":"summary_large_image","twitter_misc":{"Est. reading time":"1 minute"},"schema":{"@context":"https:\/\/schema.org","@graph":[{"@type":"WebPage","@id":"https:\/\/dev.borgarbyggd.is\/gbf\/nam-og-kennsla\/serstada-sveitaskola\/","url":"https:\/\/dev.borgarbyggd.is\/gbf\/nam-og-kennsla\/serstada-sveitaskola\/","name":"S\u00e9rsta\u00f0a sveitask\u00f3la - Grunnsk\u00f3li Borgarfjar\u00f0ar","isPartOf":{"@id":"https:\/\/dev.borgarbyggd.is\/gbf\/#website"},"datePublished":"2023-11-02T11:25:19+00:00","dateModified":"2023-11-08T16:18:35+00:00","breadcrumb":{"@id":"https:\/\/dev.borgarbyggd.is\/gbf\/nam-og-kennsla\/serstada-sveitaskola\/#breadcrumb"},"inLanguage":"is","potentialAction":[{"@type":"ReadAction","target":["https:\/\/dev.borgarbyggd.is\/gbf\/nam-og-kennsla\/serstada-sveitaskola\/"]}]},{"@type":"BreadcrumbList","@id":"https:\/\/dev.borgarbyggd.is\/gbf\/nam-og-kennsla\/serstada-sveitaskola\/#breadcrumb","itemListElement":[{"@type":"ListItem","position":1,"name":"Home","item":"https:\/\/dev.borgarbyggd.is\/gbf\/"},{"@type":"ListItem","position":2,"name":"N\u00e1m og kennsla","item":"https:\/\/dev.borgarbyggd.is\/gbf\/nam-og-kennsla\/"},{"@type":"ListItem","position":3,"name":"S\u00e9rsta\u00f0a sveitask\u00f3la"}]},{"@type":"WebSite","@id":"https:\/\/dev.borgarbyggd.is\/gbf\/#website","url":"https:\/\/dev.borgarbyggd.is\/gbf\/","name":"Grunnsk\u00f3li Borgarfjar\u00f0ar","description":"","potentialAction":[{"@type":"SearchAction","target":{"@type":"EntryPoint","urlTemplate":"https:\/\/dev.borgarbyggd.is\/gbf\/?s={search_term_string}"},"query-input":{"@type":"PropertyValueSpecification","valueRequired":true,"valueName":"search_term_string"}}],"inLanguage":"is"}]}},"_links":{"self":[{"href":"https:\/\/dev.borgarbyggd.is\/gbf\/wp-json\/wp\/v2\/pages\/401","targetHints":{"allow":["GET"]}}],"collection":[{"href":"https:\/\/dev.borgarbyggd.is\/gbf\/wp-json\/wp\/v2\/pages"}],"about":[{"href":"https:\/\/dev.borgarbyggd.is\/gbf\/wp-json\/wp\/v2\/types\/page"}],"author":[{"embeddable":true,"href":"https:\/\/dev.borgarbyggd.is\/gbf\/wp-json\/wp\/v2\/users\/30"}],"replies":[{"embeddable":true,"href":"https:\/\/dev.borgarbyggd.is\/gbf\/wp-json\/wp\/v2\/comments?post=401"}],"version-history":[{"count":0,"href":"https:\/\/dev.borgarbyggd.is\/gbf\/wp-json\/wp\/v2\/pages\/401\/revisions"}],"up":[{"embeddable":true,"href":"https:\/\/dev.borgarbyggd.is\/gbf\/wp-json\/wp\/v2\/pages\/17"}],"wp:attachment":[{"href":"https:\/\/dev.borgarbyggd.is\/gbf\/wp-json\/wp\/v2\/media?parent=401"}],"curies":[{"name":"wp","href":"https:\/\/api.w.org\/{rel}","templated":true}]}}