{"id":399,"date":"2023-11-02T11:25:19","date_gmt":"2023-11-02T11:25:19","guid":{"rendered":"https:\/\/dev.borgarbyggd.is\/gbf\/?page_id=399"},"modified":"2025-05-13T10:01:44","modified_gmt":"2025-05-13T10:01:44","slug":"rettindaskoli","status":"publish","type":"page","link":"https:\/\/dev.borgarbyggd.is\/gbf\/nam-og-kennsla\/rettindaskoli\/","title":{"rendered":"R\u00e9ttindask\u00f3li"},"content":{"rendered":"<p style=\"text-align: left\">Grunnsk\u00f3li Borgarfjar\u00f0ar h\u00f3f innlei\u00f0ingaferli R\u00e9ttindask\u00f3la \u00e1ri\u00f0 2021 og hlaut vi\u00f0urkenningu hausti\u00f0 2024.\u00a0 \u00c1 \u00f6llum deildum eru starfandi r\u00e9ttindar\u00e1\u00f0 me\u00f0 fulltr\u00faum \u00far \u00f6llum bekkjardeildum, r\u00e1\u00f0in hittast b\u00e6\u00f0i innan deildar og einnig \u00ed heild.<\/p>\n<p style=\"text-align: left\">R\u00e9ttindask\u00f3lar byggja starf sitt \u00e1 Barnas\u00e1ttm\u00e1lanum en hann felur \u00ed s\u00e9r al\u00fej\u00f3\u00f0lega vi\u00f0urkenningu \u00e1 a\u00f0 b\u00f6rn \u00fearfnist s\u00e9rstakrar verndar umfram hina fullor\u00f0nu.<\/p>\n<p style=\"text-align: left\">R\u00e9ttindask\u00f3lar eru al\u00fej\u00f3\u00f0legt vottunarverkefni sem hefur bori\u00f0 mikinn \u00e1rangur me\u00f0al annars \u00ed Bretlandi, Kanada og Nor\u00f0url\u00f6ndum. Verkefni\u00f0 felst \u00ed a\u00f0 fr\u00e6\u00f0a b\u00f6rn um Barnas\u00e1ttm\u00e1la Sameinu\u00f0u \u00fej\u00f3\u00f0anna sem tekur \u00e1 \u00f6llum \u00feeim r\u00e9ttindum sem b\u00f6rn \u00f6\u00f0last vi\u00f0 f\u00e6\u00f0ingu og hafa til \u00e1tj\u00e1n \u00e1ra aldurs.<\/p>\n<p style=\"text-align: left\">R\u00e9ttindask\u00f3laverkefni\u00f0 skapar ramma utan um \u00feau markmi\u00f0 sem koma fram \u00ed a\u00f0aln\u00e1mskr\u00e1 grunnsk\u00f3la, grunnsk\u00f3lal\u00f6gum og Barnas\u00e1ttm\u00e1la Sameinu\u00f0u \u00fej\u00f3\u00f0anna um mannr\u00e9ttindi, jafnr\u00e9tti og l\u00fd\u00f0r\u00e6\u00f0i.\u00a0 Eitt af meginhlutverkum grunnsk\u00f3lans \u00ed samvinnu vi\u00f0 heimilin er a\u00f0 stu\u00f0la a\u00f0 alhli\u00f0a \u00feroska allra nemenda og \u00fe\u00e1ttt\u00f6ku \u00feeirra \u00ed l\u00fd\u00f0r\u00e6\u00f0is\u00fej\u00f3\u00f0f\u00e9lagi. Markmi\u00f0i\u00f0 er a\u00f0 byggja upp l\u00fd\u00f0r\u00e6\u00f0islegt n\u00e1msumhverfi, auka \u00feekkingu \u00e1 mannr\u00e9ttindum og stu\u00f0la a\u00f0 gagnkv\u00e6mri vir\u00f0ingu innan sk\u00f3lasamf\u00e9lagsins.<\/p>\n<p style=\"text-align: left\">\u00de\u00e1ttt\u00f6kusk\u00f3lar leggja Barnas\u00e1ttm\u00e1la Sameinu\u00f0u \u00fej\u00f3\u00f0anna til grundvallar \u00f6llu starfi s\u00ednu.<\/p>\n<p style=\"text-align: left\"><strong><em><a href=\"https:\/\/www.unicef.is\/rettindaskoli\">Heimas\u00ed\u00f0a R\u00e9ttindask\u00f3la UNICEF<\/a><\/em><\/strong><\/p>\n<div><\/div>\n<section class=\"accordion\">\n<div class=\"accordiontitle\">Kynning \u00e1 sk\u00f3lanum (myndband)<\/div>\n<div class=\"accordionbody\">\n<div class=\"x-resp-embed x-is-video x-is-youtube\"><iframe loading=\"lazy\" title=\"Kynning \u00e1 sk\u00f3lanum\" width=\"1080\" height=\"608\" src=\"https:\/\/www.youtube.com\/embed\/p5kCZv2jqrA?feature=oembed\" frameborder=\"0\" allow=\"accelerometer; autoplay; clipboard-write; encrypted-media; gyroscope; picture-in-picture; web-share\" referrerpolicy=\"strict-origin-when-cross-origin\" allowfullscreen><\/iframe><\/div>\n<\/div>\n<\/section>\n<div><\/div>\n<div><\/div>\n<section class=\"accordion\">\n<div class=\"accordiontitle\">Sk\u00fdrsla R\u00e9ttindar\u00e1\u00f0s Grunnsk\u00f3la Borgarfjar\u00f0ar (myndband)<\/div>\n<div class=\"accordionbody\">\n<div class=\"x-resp-embed x-is-video x-is-youtube\"><iframe loading=\"lazy\" title=\"Sk\u00fdrsla R\u00e9ttindar\u00e1\u00f0s Grunnsk\u00f3la Borgarfjar\u00f0ar\" width=\"1080\" height=\"608\" src=\"https:\/\/www.youtube.com\/embed\/LR9OhjoT3is?feature=oembed\" frameborder=\"0\" allow=\"accelerometer; autoplay; clipboard-write; encrypted-media; gyroscope; picture-in-picture; web-share\" referrerpolicy=\"strict-origin-when-cross-origin\" allowfullscreen><\/iframe><\/div>\n<\/div>\n<\/section>\n<p>&nbsp;<\/p>\n<p>&nbsp;<\/p>\n<p>&nbsp;<\/p>\n<p>&nbsp;<\/p>\n","protected":false},"excerpt":{"rendered":"<p>Grunnsk\u00f3li Borgarfjar\u00f0ar h\u00f3f innlei\u00f0ingaferli R\u00e9ttindask\u00f3la \u00e1ri\u00f0 2021 og hlaut vi\u00f0urkenningu hausti\u00f0 2024.\u00a0 \u00c1 \u00f6llum deildum eru starfandi r\u00e9ttindar\u00e1\u00f0 me\u00f0 fulltr\u00faum \u00far \u00f6llum bekkjardeildum, r\u00e1\u00f0in hittast b\u00e6\u00f0i innan deildar og einnig \u00ed heild. R\u00e9ttindask\u00f3lar byggja starf sitt \u00e1 Barnas\u00e1ttm\u00e1lanum en hann felur \u00ed s\u00e9r al\u00fej\u00f3\u00f0lega vi\u00f0urkenningu \u00e1 a\u00f0 b\u00f6rn \u00fearfnist s\u00e9rstakrar verndar umfram hina fullor\u00f0nu. R\u00e9ttindask\u00f3lar eru al\u00fej\u00f3\u00f0legt vottunarverkefni sem hefur &#8230; <\/p>\n<div><a href=\"https:\/\/dev.borgarbyggd.is\/gbf\/nam-og-kennsla\/rettindaskoli\/\" class=\"more-link\">Read More<\/a><\/div>\n","protected":false},"author":30,"featured_media":0,"parent":17,"menu_order":0,"comment_status":"closed","ping_status":"closed","template":"","meta":{"_acf_changed":false,"footnotes":""},"class_list":["post-399","page","type-page","status-publish","hentry","no-post-thumbnail"],"acf":{"quickaccess":false},"yoast_head":"<!-- This site is optimized with the Yoast SEO plugin v24.0 - https:\/\/yoast.com\/wordpress\/plugins\/seo\/ -->\n<title>R\u00e9ttindask\u00f3li - Grunnsk\u00f3li Borgarfjar\u00f0ar<\/title>\n<meta name=\"robots\" content=\"noindex, follow, max-snippet:-1, max-image-preview:large, max-video-preview:-1\" \/>\n<meta property=\"og:locale\" content=\"is_IS\" \/>\n<meta property=\"og:type\" content=\"article\" \/>\n<meta property=\"og:title\" content=\"R\u00e9ttindask\u00f3li - Grunnsk\u00f3li Borgarfjar\u00f0ar\" \/>\n<meta property=\"og:description\" content=\"Grunnsk\u00f3li Borgarfjar\u00f0ar h\u00f3f innlei\u00f0ingaferli R\u00e9ttindask\u00f3la \u00e1ri\u00f0 2021 og hlaut vi\u00f0urkenningu hausti\u00f0 2024.\u00a0 \u00c1 \u00f6llum deildum eru starfandi r\u00e9ttindar\u00e1\u00f0 me\u00f0 fulltr\u00faum \u00far \u00f6llum bekkjardeildum, r\u00e1\u00f0in hittast b\u00e6\u00f0i innan deildar og einnig \u00ed heild. R\u00e9ttindask\u00f3lar byggja starf sitt \u00e1 Barnas\u00e1ttm\u00e1lanum en hann felur \u00ed s\u00e9r al\u00fej\u00f3\u00f0lega vi\u00f0urkenningu \u00e1 a\u00f0 b\u00f6rn \u00fearfnist s\u00e9rstakrar verndar umfram hina fullor\u00f0nu. R\u00e9ttindask\u00f3lar eru al\u00fej\u00f3\u00f0legt vottunarverkefni sem hefur ... Read More\" \/>\n<meta property=\"og:url\" content=\"https:\/\/dev.borgarbyggd.is\/gbf\/nam-og-kennsla\/rettindaskoli\/\" \/>\n<meta property=\"og:site_name\" content=\"Grunnsk\u00f3li Borgarfjar\u00f0ar\" \/>\n<meta property=\"article:modified_time\" content=\"2025-05-13T10:01:44+00:00\" \/>\n<meta name=\"twitter:card\" content=\"summary_large_image\" \/>\n<meta name=\"twitter:label1\" content=\"Est. reading time\" \/>\n\t<meta name=\"twitter:data1\" content=\"1 minute\" \/>\n<script type=\"application\/ld+json\" class=\"yoast-schema-graph\">{\"@context\":\"https:\/\/schema.org\",\"@graph\":[{\"@type\":\"WebPage\",\"@id\":\"https:\/\/dev.borgarbyggd.is\/gbf\/nam-og-kennsla\/rettindaskoli\/\",\"url\":\"https:\/\/dev.borgarbyggd.is\/gbf\/nam-og-kennsla\/rettindaskoli\/\",\"name\":\"R\u00e9ttindask\u00f3li - Grunnsk\u00f3li Borgarfjar\u00f0ar\",\"isPartOf\":{\"@id\":\"https:\/\/dev.borgarbyggd.is\/gbf\/#website\"},\"datePublished\":\"2023-11-02T11:25:19+00:00\",\"dateModified\":\"2025-05-13T10:01:44+00:00\",\"breadcrumb\":{\"@id\":\"https:\/\/dev.borgarbyggd.is\/gbf\/nam-og-kennsla\/rettindaskoli\/#breadcrumb\"},\"inLanguage\":\"is\",\"potentialAction\":[{\"@type\":\"ReadAction\",\"target\":[\"https:\/\/dev.borgarbyggd.is\/gbf\/nam-og-kennsla\/rettindaskoli\/\"]}]},{\"@type\":\"BreadcrumbList\",\"@id\":\"https:\/\/dev.borgarbyggd.is\/gbf\/nam-og-kennsla\/rettindaskoli\/#breadcrumb\",\"itemListElement\":[{\"@type\":\"ListItem\",\"position\":1,\"name\":\"Home\",\"item\":\"https:\/\/dev.borgarbyggd.is\/gbf\/\"},{\"@type\":\"ListItem\",\"position\":2,\"name\":\"N\u00e1m og kennsla\",\"item\":\"https:\/\/dev.borgarbyggd.is\/gbf\/nam-og-kennsla\/\"},{\"@type\":\"ListItem\",\"position\":3,\"name\":\"R\u00e9ttindask\u00f3li\"}]},{\"@type\":\"WebSite\",\"@id\":\"https:\/\/dev.borgarbyggd.is\/gbf\/#website\",\"url\":\"https:\/\/dev.borgarbyggd.is\/gbf\/\",\"name\":\"Grunnsk\u00f3li Borgarfjar\u00f0ar\",\"description\":\"\",\"potentialAction\":[{\"@type\":\"SearchAction\",\"target\":{\"@type\":\"EntryPoint\",\"urlTemplate\":\"https:\/\/dev.borgarbyggd.is\/gbf\/?s={search_term_string}\"},\"query-input\":{\"@type\":\"PropertyValueSpecification\",\"valueRequired\":true,\"valueName\":\"search_term_string\"}}],\"inLanguage\":\"is\"}]}<\/script>\n<!-- \/ Yoast SEO plugin. -->","yoast_head_json":{"title":"R\u00e9ttindask\u00f3li - Grunnsk\u00f3li Borgarfjar\u00f0ar","robots":{"index":"noindex","follow":"follow","max-snippet":"max-snippet:-1","max-image-preview":"max-image-preview:large","max-video-preview":"max-video-preview:-1"},"og_locale":"is_IS","og_type":"article","og_title":"R\u00e9ttindask\u00f3li - Grunnsk\u00f3li Borgarfjar\u00f0ar","og_description":"Grunnsk\u00f3li Borgarfjar\u00f0ar h\u00f3f innlei\u00f0ingaferli R\u00e9ttindask\u00f3la \u00e1ri\u00f0 2021 og hlaut vi\u00f0urkenningu hausti\u00f0 2024.\u00a0 \u00c1 \u00f6llum deildum eru starfandi r\u00e9ttindar\u00e1\u00f0 me\u00f0 fulltr\u00faum \u00far \u00f6llum bekkjardeildum, r\u00e1\u00f0in hittast b\u00e6\u00f0i innan deildar og einnig \u00ed heild. R\u00e9ttindask\u00f3lar byggja starf sitt \u00e1 Barnas\u00e1ttm\u00e1lanum en hann felur \u00ed s\u00e9r al\u00fej\u00f3\u00f0lega vi\u00f0urkenningu \u00e1 a\u00f0 b\u00f6rn \u00fearfnist s\u00e9rstakrar verndar umfram hina fullor\u00f0nu. R\u00e9ttindask\u00f3lar eru al\u00fej\u00f3\u00f0legt vottunarverkefni sem hefur ... Read More","og_url":"https:\/\/dev.borgarbyggd.is\/gbf\/nam-og-kennsla\/rettindaskoli\/","og_site_name":"Grunnsk\u00f3li Borgarfjar\u00f0ar","article_modified_time":"2025-05-13T10:01:44+00:00","twitter_card":"summary_large_image","twitter_misc":{"Est. reading time":"1 minute"},"schema":{"@context":"https:\/\/schema.org","@graph":[{"@type":"WebPage","@id":"https:\/\/dev.borgarbyggd.is\/gbf\/nam-og-kennsla\/rettindaskoli\/","url":"https:\/\/dev.borgarbyggd.is\/gbf\/nam-og-kennsla\/rettindaskoli\/","name":"R\u00e9ttindask\u00f3li - Grunnsk\u00f3li Borgarfjar\u00f0ar","isPartOf":{"@id":"https:\/\/dev.borgarbyggd.is\/gbf\/#website"},"datePublished":"2023-11-02T11:25:19+00:00","dateModified":"2025-05-13T10:01:44+00:00","breadcrumb":{"@id":"https:\/\/dev.borgarbyggd.is\/gbf\/nam-og-kennsla\/rettindaskoli\/#breadcrumb"},"inLanguage":"is","potentialAction":[{"@type":"ReadAction","target":["https:\/\/dev.borgarbyggd.is\/gbf\/nam-og-kennsla\/rettindaskoli\/"]}]},{"@type":"BreadcrumbList","@id":"https:\/\/dev.borgarbyggd.is\/gbf\/nam-og-kennsla\/rettindaskoli\/#breadcrumb","itemListElement":[{"@type":"ListItem","position":1,"name":"Home","item":"https:\/\/dev.borgarbyggd.is\/gbf\/"},{"@type":"ListItem","position":2,"name":"N\u00e1m og kennsla","item":"https:\/\/dev.borgarbyggd.is\/gbf\/nam-og-kennsla\/"},{"@type":"ListItem","position":3,"name":"R\u00e9ttindask\u00f3li"}]},{"@type":"WebSite","@id":"https:\/\/dev.borgarbyggd.is\/gbf\/#website","url":"https:\/\/dev.borgarbyggd.is\/gbf\/","name":"Grunnsk\u00f3li Borgarfjar\u00f0ar","description":"","potentialAction":[{"@type":"SearchAction","target":{"@type":"EntryPoint","urlTemplate":"https:\/\/dev.borgarbyggd.is\/gbf\/?s={search_term_string}"},"query-input":{"@type":"PropertyValueSpecification","valueRequired":true,"valueName":"search_term_string"}}],"inLanguage":"is"}]}},"_links":{"self":[{"href":"https:\/\/dev.borgarbyggd.is\/gbf\/wp-json\/wp\/v2\/pages\/399","targetHints":{"allow":["GET"]}}],"collection":[{"href":"https:\/\/dev.borgarbyggd.is\/gbf\/wp-json\/wp\/v2\/pages"}],"about":[{"href":"https:\/\/dev.borgarbyggd.is\/gbf\/wp-json\/wp\/v2\/types\/page"}],"author":[{"embeddable":true,"href":"https:\/\/dev.borgarbyggd.is\/gbf\/wp-json\/wp\/v2\/users\/30"}],"replies":[{"embeddable":true,"href":"https:\/\/dev.borgarbyggd.is\/gbf\/wp-json\/wp\/v2\/comments?post=399"}],"version-history":[{"count":0,"href":"https:\/\/dev.borgarbyggd.is\/gbf\/wp-json\/wp\/v2\/pages\/399\/revisions"}],"up":[{"embeddable":true,"href":"https:\/\/dev.borgarbyggd.is\/gbf\/wp-json\/wp\/v2\/pages\/17"}],"wp:attachment":[{"href":"https:\/\/dev.borgarbyggd.is\/gbf\/wp-json\/wp\/v2\/media?parent=399"}],"curies":[{"name":"wp","href":"https:\/\/api.w.org\/{rel}","templated":true}]}}