{"id":398,"date":"2023-11-02T11:25:19","date_gmt":"2023-11-02T11:25:19","guid":{"rendered":"https:\/\/dev.borgarbyggd.is\/gbf\/?page_id=398"},"modified":"2023-11-09T10:38:47","modified_gmt":"2023-11-09T10:38:47","slug":"leidtoginn-i-mer","status":"publish","type":"page","link":"https:\/\/dev.borgarbyggd.is\/gbf\/nam-og-kennsla\/leidtoginn-i-mer\/","title":{"rendered":"Lei\u00f0toginn \u00ed m\u00e9r"},"content":{"rendered":"<p>\u00c1ri\u00f0 2013 var \u00e1kve\u00f0i\u00f0 a\u00f0 GBF myndi taka upp \u00fer\u00f3unarverkefni sem byggir \u00e1 hugmyndum Stephen Covey, The Seven Habits of Highly Effective People. The Leader in me(Lei\u00f0toginn \u00ed m\u00e9r) er a\u00f0fer\u00f0 sem \u00fer\u00f3u\u00f0 var til a\u00f0 veita nemendum v\u00ed\u00f0t\u00e6kari menntun innan sk\u00f3lakerfisins. A\u00f0fer\u00f0in hefur veri\u00f0 notu\u00f0 um \u00e1rabil v\u00ed\u00f0a um heim, og hefur skila\u00f0 miklum \u00e1rangri. Verkefni\u00f0 er or\u00f0i\u00f0 fast \u00ed sessi sem hluti af sk\u00f3lamenningu Grunnsk\u00f3la Borgarfjar\u00f0ar.<\/p>\n<p>Sk\u00f3linn vill veita haldg\u00f3\u00f0a menntun \u00e1 sem flestum svi\u00f0um. Auk \u00feess a\u00f0 kenna b\u00f3klegar og verklegar greinar \u00e1 sk\u00f3linn a\u00f0 efla alhli\u00f0a \u00feroska og heilbrig\u00f0i nemendanna til a\u00f0 \u00feeim farnist sem best \u00ed framt\u00ed\u00f0inni. Samf\u00e9lagi\u00f0 hefur teki\u00f0 \u00f6rum breytingum \u00e1 s\u00ed\u00f0ustu \u00e1ratugum og atvinnul\u00edfi\u00f0 gerir s\u00edfellt meiri kr\u00f6fur til hvers einstaklings um fj\u00f6lbreytta h\u00e6fni \u00e1 \u00f6llum svi\u00f0um. Ranns\u00f3knir hafa s\u00fdnt a\u00f0 \u00fea\u00f0 sem vinnuveitendur s\u00e6kjast helst eftir hj\u00e1 starfsm\u00f6nnum eru \u00feessir \u00fe\u00e6ttir:<\/p>\n<ul>\n<li>A\u00f0 hann s\u00e9 skapandi og frumlegur<\/li>\n<li>B\u00fai yfir gagnr\u00fdnni hugsun og h\u00e6fni til a\u00f0 r\u00e1\u00f0a fram \u00far m\u00e1lum<\/li>\n<li>Hafi g\u00f3\u00f0a h\u00e6fni \u00ed samskiptum og geti unni\u00f0 me\u00f0 \u00f6\u00f0rum<\/li>\n<li>B\u00fai yfir sveigjanleika og a\u00f0l\u00f6gunarh\u00e6fni<\/li>\n<li>S\u00fdni frumkv\u00e6\u00f0i og sj\u00e1lfst\u00e6\u00f0i \u00ed vinnubr\u00f6g\u00f0um<\/li>\n<\/ul>\n<p>Verkefni\u00f0 Lei\u00f0toginn \u00ed m\u00e9r er \u00e6tla\u00f0 a\u00f0 auka sj\u00e1lfs\u00f6ryggi, \u00e1byrg\u00f0artilfinningu og frumkv\u00e6\u00f0i \u00e1samt \u00fev\u00ed a\u00f0 undirb\u00faa n\u00e6stu kynsl\u00f3\u00f0 undir \u00fea\u00f0 a\u00f0 takast \u00e1 vi\u00f0 \u00e1skoranir og t\u00e6kif\u00e6ri 21. aldarinnar. Lei\u00f0togaverkefni\u00f0 sn\u00fdst ekki um \u00fea\u00f0 a\u00f0 gera lei\u00f0toga \u00far \u00f6llum b\u00f6rnum, heldur hj\u00e1lpa hverjum einstaklingi a\u00f0 bl\u00f3mstra \u00e1samt \u00fev\u00ed a\u00f0 koma auga \u00e1 styrkleika s\u00edna og annarra. Hlusta \u00e1 n\u00fdjar hugmyndir, tj\u00e1 hug sinn og geta bori\u00f0 \u00e1byrg\u00f0 \u00e1 eigin \u00e1kv\u00f6r\u00f0unum og \u00feannig m\u00f3ta\u00f0 l\u00edf sitt til hins betra. Nemendur og starfsf\u00f3lk l\u00e6ra a\u00f0 n\u00fdta fj\u00f6lbreytileikann \u00ed samstarfi og hvetja hvert anna\u00f0 til a\u00f0 til a\u00f0 n\u00e1 enn betri \u00e1rangri.<\/p>\n<p>A\u00f0fer\u00f0in byggir \u00e1 7 venjum sem nemendur og starfsf\u00f3lk tileinka s\u00e9r og l\u00e6ra a\u00f0 nota. Venjurnar eru teknar fyrir \u00ed \u00e1kve\u00f0inni r\u00f6\u00f0, og byggir hver venja grunn a\u00f0 \u00feeirri n\u00e6stu \u00ed r\u00f6\u00f0inni. \u00derj\u00e1r fyrstu venjurnar sn\u00faast um pers\u00f3nulegan \u00feroska, sj\u00e1lfsstj\u00f3rn og sj\u00e1lfsaga. Til a\u00f0 n\u00e1 framf\u00f6rum ver\u00f0um vi\u00f0 a\u00f0 byrja hj\u00e1 okkur sj\u00e1lfum. N\u00e6stu \u00ferj\u00e1r l\u00fata a\u00f0 samskiptum okkar vi\u00f0 anna\u00f0 f\u00f3lk, a\u00f0 byggja upp traust tengsl vi\u00f0 a\u00f0ra og n\u00e1 besta m\u00f6gulega \u00e1rangri \u00ed samstarfi vi\u00f0 \u00fe\u00e1. S\u00ed\u00f0asta venjan \u00ed r\u00f6\u00f0inni beinist a\u00f0 \u00fev\u00ed a\u00f0 hl\u00faa a\u00f0 sj\u00e1lfum s\u00e9r. Til a\u00f0 vi\u00f0halda \u00e1rangri \u00ed leik og starfi og skapa okkur gott l\u00edf ver\u00f0um vi\u00f0 a\u00f0 g\u00e6ta \u00feess a\u00f0 ofbj\u00f3\u00f0a okkur ekki; a\u00f0 brenna ekki \u00fat.<\/p>\n<p>Venjurnar eru \u00feessar:<\/p>\n<ol>\n<li>Venja 1 \u201eTaktu af skari\u00f0\u201c<\/li>\n<li>Venja 2 \u201e\u00cd upphafi skal endinn sko\u00f0a\u201c<\/li>\n<li>Venja 3 \u201eForgangsra\u00f0a\u00f0u\u201c<\/li>\n<li>Venja 4 \u201eSigrum saman\u201c<\/li>\n<li>Venja 5 \u201eSkilningsr\u00edk hlustun\u201c<\/li>\n<li>Venja 6 \u201eSamvinna til \u00e1rangurs\u201c<\/li>\n<li>Venja 7 \u201eR\u00e6kta\u00f0u sj\u00e1lfan \u00feig\u201c<\/li>\n<\/ol>\n<p><strong><em><a href=\"https:\/\/www.leaderinme.com\/?locale=is\">Heimas\u00ed\u00f0a Lei\u00f0togans \u00ed m\u00e9r<\/a><\/em><\/strong><\/p>\n","protected":false},"excerpt":{"rendered":"<p>\u00c1ri\u00f0 2013 var \u00e1kve\u00f0i\u00f0 a\u00f0 GBF myndi taka upp \u00fer\u00f3unarverkefni sem byggir \u00e1 hugmyndum Stephen Covey, The Seven Habits of Highly Effective People. The Leader in me(Lei\u00f0toginn \u00ed m\u00e9r) er a\u00f0fer\u00f0 sem \u00fer\u00f3u\u00f0 var til a\u00f0 veita nemendum v\u00ed\u00f0t\u00e6kari menntun innan sk\u00f3lakerfisins. A\u00f0fer\u00f0in hefur veri\u00f0 notu\u00f0 um \u00e1rabil v\u00ed\u00f0a um heim, og hefur skila\u00f0 miklum \u00e1rangri. Verkefni\u00f0 er or\u00f0i\u00f0 fast &#8230; <\/p>\n<div><a href=\"https:\/\/dev.borgarbyggd.is\/gbf\/nam-og-kennsla\/leidtoginn-i-mer\/\" class=\"more-link\">Read More<\/a><\/div>\n","protected":false},"author":30,"featured_media":0,"parent":17,"menu_order":0,"comment_status":"closed","ping_status":"closed","template":"","meta":{"_acf_changed":false,"footnotes":""},"class_list":["post-398","page","type-page","status-publish","hentry","no-post-thumbnail"],"acf":{"quickaccess":false},"yoast_head":"<!-- This site is optimized with the Yoast SEO plugin v24.0 - https:\/\/yoast.com\/wordpress\/plugins\/seo\/ -->\n<title>Lei\u00f0toginn \u00ed m\u00e9r - Grunnsk\u00f3li Borgarfjar\u00f0ar<\/title>\n<meta name=\"robots\" content=\"noindex, follow, max-snippet:-1, max-image-preview:large, max-video-preview:-1\" \/>\n<meta property=\"og:locale\" content=\"is_IS\" \/>\n<meta property=\"og:type\" content=\"article\" \/>\n<meta property=\"og:title\" content=\"Lei\u00f0toginn \u00ed m\u00e9r - Grunnsk\u00f3li Borgarfjar\u00f0ar\" \/>\n<meta property=\"og:description\" content=\"\u00c1ri\u00f0 2013 var \u00e1kve\u00f0i\u00f0 a\u00f0 GBF myndi taka upp \u00fer\u00f3unarverkefni sem byggir \u00e1 hugmyndum Stephen Covey, The Seven Habits of Highly Effective People. The Leader in me(Lei\u00f0toginn \u00ed m\u00e9r) er a\u00f0fer\u00f0 sem \u00fer\u00f3u\u00f0 var til a\u00f0 veita nemendum v\u00ed\u00f0t\u00e6kari menntun innan sk\u00f3lakerfisins. A\u00f0fer\u00f0in hefur veri\u00f0 notu\u00f0 um \u00e1rabil v\u00ed\u00f0a um heim, og hefur skila\u00f0 miklum \u00e1rangri. Verkefni\u00f0 er or\u00f0i\u00f0 fast ... Read More\" \/>\n<meta property=\"og:url\" content=\"https:\/\/dev.borgarbyggd.is\/gbf\/nam-og-kennsla\/leidtoginn-i-mer\/\" \/>\n<meta property=\"og:site_name\" content=\"Grunnsk\u00f3li Borgarfjar\u00f0ar\" \/>\n<meta property=\"article:modified_time\" content=\"2023-11-09T10:38:47+00:00\" \/>\n<meta name=\"twitter:card\" content=\"summary_large_image\" \/>\n<meta name=\"twitter:label1\" content=\"Est. reading time\" \/>\n\t<meta name=\"twitter:data1\" content=\"3 minutes\" \/>\n<script type=\"application\/ld+json\" class=\"yoast-schema-graph\">{\"@context\":\"https:\/\/schema.org\",\"@graph\":[{\"@type\":\"WebPage\",\"@id\":\"https:\/\/dev.borgarbyggd.is\/gbf\/nam-og-kennsla\/leidtoginn-i-mer\/\",\"url\":\"https:\/\/dev.borgarbyggd.is\/gbf\/nam-og-kennsla\/leidtoginn-i-mer\/\",\"name\":\"Lei\u00f0toginn \u00ed m\u00e9r - Grunnsk\u00f3li Borgarfjar\u00f0ar\",\"isPartOf\":{\"@id\":\"https:\/\/dev.borgarbyggd.is\/gbf\/#website\"},\"datePublished\":\"2023-11-02T11:25:19+00:00\",\"dateModified\":\"2023-11-09T10:38:47+00:00\",\"breadcrumb\":{\"@id\":\"https:\/\/dev.borgarbyggd.is\/gbf\/nam-og-kennsla\/leidtoginn-i-mer\/#breadcrumb\"},\"inLanguage\":\"is\",\"potentialAction\":[{\"@type\":\"ReadAction\",\"target\":[\"https:\/\/dev.borgarbyggd.is\/gbf\/nam-og-kennsla\/leidtoginn-i-mer\/\"]}]},{\"@type\":\"BreadcrumbList\",\"@id\":\"https:\/\/dev.borgarbyggd.is\/gbf\/nam-og-kennsla\/leidtoginn-i-mer\/#breadcrumb\",\"itemListElement\":[{\"@type\":\"ListItem\",\"position\":1,\"name\":\"Home\",\"item\":\"https:\/\/dev.borgarbyggd.is\/gbf\/\"},{\"@type\":\"ListItem\",\"position\":2,\"name\":\"N\u00e1m og kennsla\",\"item\":\"https:\/\/dev.borgarbyggd.is\/gbf\/nam-og-kennsla\/\"},{\"@type\":\"ListItem\",\"position\":3,\"name\":\"Lei\u00f0toginn \u00ed m\u00e9r\"}]},{\"@type\":\"WebSite\",\"@id\":\"https:\/\/dev.borgarbyggd.is\/gbf\/#website\",\"url\":\"https:\/\/dev.borgarbyggd.is\/gbf\/\",\"name\":\"Grunnsk\u00f3li Borgarfjar\u00f0ar\",\"description\":\"\",\"potentialAction\":[{\"@type\":\"SearchAction\",\"target\":{\"@type\":\"EntryPoint\",\"urlTemplate\":\"https:\/\/dev.borgarbyggd.is\/gbf\/?s={search_term_string}\"},\"query-input\":{\"@type\":\"PropertyValueSpecification\",\"valueRequired\":true,\"valueName\":\"search_term_string\"}}],\"inLanguage\":\"is\"}]}<\/script>\n<!-- \/ Yoast SEO plugin. -->","yoast_head_json":{"title":"Lei\u00f0toginn \u00ed m\u00e9r - Grunnsk\u00f3li Borgarfjar\u00f0ar","robots":{"index":"noindex","follow":"follow","max-snippet":"max-snippet:-1","max-image-preview":"max-image-preview:large","max-video-preview":"max-video-preview:-1"},"og_locale":"is_IS","og_type":"article","og_title":"Lei\u00f0toginn \u00ed m\u00e9r - Grunnsk\u00f3li Borgarfjar\u00f0ar","og_description":"\u00c1ri\u00f0 2013 var \u00e1kve\u00f0i\u00f0 a\u00f0 GBF myndi taka upp \u00fer\u00f3unarverkefni sem byggir \u00e1 hugmyndum Stephen Covey, The Seven Habits of Highly Effective People. The Leader in me(Lei\u00f0toginn \u00ed m\u00e9r) er a\u00f0fer\u00f0 sem \u00fer\u00f3u\u00f0 var til a\u00f0 veita nemendum v\u00ed\u00f0t\u00e6kari menntun innan sk\u00f3lakerfisins. A\u00f0fer\u00f0in hefur veri\u00f0 notu\u00f0 um \u00e1rabil v\u00ed\u00f0a um heim, og hefur skila\u00f0 miklum \u00e1rangri. Verkefni\u00f0 er or\u00f0i\u00f0 fast ... Read More","og_url":"https:\/\/dev.borgarbyggd.is\/gbf\/nam-og-kennsla\/leidtoginn-i-mer\/","og_site_name":"Grunnsk\u00f3li Borgarfjar\u00f0ar","article_modified_time":"2023-11-09T10:38:47+00:00","twitter_card":"summary_large_image","twitter_misc":{"Est. reading time":"3 minutes"},"schema":{"@context":"https:\/\/schema.org","@graph":[{"@type":"WebPage","@id":"https:\/\/dev.borgarbyggd.is\/gbf\/nam-og-kennsla\/leidtoginn-i-mer\/","url":"https:\/\/dev.borgarbyggd.is\/gbf\/nam-og-kennsla\/leidtoginn-i-mer\/","name":"Lei\u00f0toginn \u00ed m\u00e9r - Grunnsk\u00f3li Borgarfjar\u00f0ar","isPartOf":{"@id":"https:\/\/dev.borgarbyggd.is\/gbf\/#website"},"datePublished":"2023-11-02T11:25:19+00:00","dateModified":"2023-11-09T10:38:47+00:00","breadcrumb":{"@id":"https:\/\/dev.borgarbyggd.is\/gbf\/nam-og-kennsla\/leidtoginn-i-mer\/#breadcrumb"},"inLanguage":"is","potentialAction":[{"@type":"ReadAction","target":["https:\/\/dev.borgarbyggd.is\/gbf\/nam-og-kennsla\/leidtoginn-i-mer\/"]}]},{"@type":"BreadcrumbList","@id":"https:\/\/dev.borgarbyggd.is\/gbf\/nam-og-kennsla\/leidtoginn-i-mer\/#breadcrumb","itemListElement":[{"@type":"ListItem","position":1,"name":"Home","item":"https:\/\/dev.borgarbyggd.is\/gbf\/"},{"@type":"ListItem","position":2,"name":"N\u00e1m og kennsla","item":"https:\/\/dev.borgarbyggd.is\/gbf\/nam-og-kennsla\/"},{"@type":"ListItem","position":3,"name":"Lei\u00f0toginn \u00ed m\u00e9r"}]},{"@type":"WebSite","@id":"https:\/\/dev.borgarbyggd.is\/gbf\/#website","url":"https:\/\/dev.borgarbyggd.is\/gbf\/","name":"Grunnsk\u00f3li Borgarfjar\u00f0ar","description":"","potentialAction":[{"@type":"SearchAction","target":{"@type":"EntryPoint","urlTemplate":"https:\/\/dev.borgarbyggd.is\/gbf\/?s={search_term_string}"},"query-input":{"@type":"PropertyValueSpecification","valueRequired":true,"valueName":"search_term_string"}}],"inLanguage":"is"}]}},"_links":{"self":[{"href":"https:\/\/dev.borgarbyggd.is\/gbf\/wp-json\/wp\/v2\/pages\/398","targetHints":{"allow":["GET"]}}],"collection":[{"href":"https:\/\/dev.borgarbyggd.is\/gbf\/wp-json\/wp\/v2\/pages"}],"about":[{"href":"https:\/\/dev.borgarbyggd.is\/gbf\/wp-json\/wp\/v2\/types\/page"}],"author":[{"embeddable":true,"href":"https:\/\/dev.borgarbyggd.is\/gbf\/wp-json\/wp\/v2\/users\/30"}],"replies":[{"embeddable":true,"href":"https:\/\/dev.borgarbyggd.is\/gbf\/wp-json\/wp\/v2\/comments?post=398"}],"version-history":[{"count":0,"href":"https:\/\/dev.borgarbyggd.is\/gbf\/wp-json\/wp\/v2\/pages\/398\/revisions"}],"up":[{"embeddable":true,"href":"https:\/\/dev.borgarbyggd.is\/gbf\/wp-json\/wp\/v2\/pages\/17"}],"wp:attachment":[{"href":"https:\/\/dev.borgarbyggd.is\/gbf\/wp-json\/wp\/v2\/media?parent=398"}],"curies":[{"name":"wp","href":"https:\/\/api.w.org\/{rel}","templated":true}]}}