{"id":397,"date":"2023-11-02T11:25:19","date_gmt":"2023-11-02T11:25:19","guid":{"rendered":"https:\/\/dev.borgarbyggd.is\/gbf\/?page_id=397"},"modified":"2025-05-08T14:00:32","modified_gmt":"2025-05-08T14:00:32","slug":"graenfaninn","status":"publish","type":"page","link":"https:\/\/dev.borgarbyggd.is\/gbf\/nam-og-kennsla\/graenfaninn\/","title":{"rendered":"Gr\u00e6nf\u00e1ninn"},"content":{"rendered":"<p>Gr\u00e6nf\u00e1ninn, sk\u00f3lar \u00e1 gr\u00e6nni grein, er al\u00fej\u00f3\u00f0legt verkefni til a\u00f0 auka umhverfismennt og styrkja umhverfisstefnu \u00ed sk\u00f3lum. Gr\u00e6nf\u00e1naverkefninu \u00e1 \u00cdslandi er st\u00fdrt af Landvernd sem er a\u00f0ili a\u00f0 al\u00fej\u00f3\u00f0legu samt\u00f6kunum FEE(Foundation for Environmental Education in Europe).<\/p>\n<p>\u00deeir sk\u00f3lar sem vilja komast \u00e1 gr\u00e6na grein \u00ed umhverfism\u00e1lum leitast vi\u00f0 a\u00f0 st\u00edga \u201eskrefin sj\u00f6\u201c \u00ed \u00e1tt til b\u00e6ttrar umhverfisstj\u00f3rnunar. \u00deegar \u00fev\u00ed marki er n\u00e1\u00f0 f\u00e1 sk\u00f3larnir leyfi til a\u00f0 flagga Gr\u00e6nf\u00e1nanum n\u00e6stu tv\u00f6 \u00e1r en s\u00fa vi\u00f0urkenning f\u00e6st endurn\u00fdju\u00f0 ef sk\u00f3larnir halda \u00e1fram g\u00f3\u00f0u starfi.<\/p>\n<p>Gr\u00e6nf\u00e1ninn er umhverfismerki sem n\u00fdtur vir\u00f0ingar v\u00ed\u00f0a um heim sem t\u00e1kn um \u00e1rangursr\u00edka fr\u00e6\u00f0slu og umhverfisstefnu \u00ed sk\u00f3lum. Skrefin sj\u00f6 eru \u00e1kve\u00f0in verkefni sem efla vitund nemenda, kennara og annarra starfsmanna sk\u00f3lans um umhverfism\u00e1l. Verkefnin eru b\u00e6\u00f0i til kennslu \u00ed bekk og til a\u00f0 b\u00e6ta daglegan rekstur sk\u00f3la. \u00deau auka \u00feekkingu nemenda og sk\u00f3laf\u00f3lks og styrkja grunn a\u00f0 \u00fev\u00ed a\u00f0 tekin s\u00e9 \u00e1byrg afsta\u00f0a og innleiddar raunh\u00e6far a\u00f0ger\u00f0ir \u00ed umhverfism\u00e1lum sk\u00f3la. Jafnframt s\u00fdnir reynslan a\u00f0 sk\u00f3lar sem taka \u00fe\u00e1tt \u00ed verkefninu geta spara\u00f0 talsvert \u00ed rekstri.<\/p>\n<p>\u00c1 \u00fatm\u00e1nu\u00f0um 2001 var \u00f6llum grunnsk\u00f3lum \u00e1 landinu sent kynningarbr\u00e9f um Gr\u00e6nf\u00e1nann og \u00f3ska\u00f0 eftir a\u00f0 \u00e1hugasamir s\u00e6ktu um \u00fe\u00e1ttt\u00f6ku og \u00ed ma\u00ed stofna\u00f0i Landvernd s\u00e9rstakan st\u00fdrih\u00f3p um verkefni\u00f0 og r\u00e9\u00f0 verkefnisstj\u00f3ra. T\u00f3lf sk\u00f3lar s\u00f3ttu formlega um a\u00f0 taka \u00fe\u00e1tt fr\u00e1 byrjun \u00ed verkefninu \u00e1 \u00cdslandi og var Andak\u00edlssk\u00f3li (n\u00fa Hvanneyrardeild) einn af \u00feeim. Ni\u00f0ursta\u00f0a st\u00fdrih\u00f3ps var a\u00f0 svara \u00feeim \u00f6llum j\u00e1kv\u00e6tt. Strax vori\u00f0 2002 voru \u00fer\u00edr fyrstu Gr\u00e6nf\u00e1narnir dregnir a\u00f0 h\u00fani \u00e1 \u00cdslandi og \u00fear \u00e1 me\u00f0al Andak\u00edlssk\u00f3li.<\/p>\n<h2><strong>Verkefnahugmyndir<\/strong><\/h2>\n<div><\/div>\n<section class=\"accordion\">\n<div class=\"accordiontitle\">Endurvinnsla \u00e1 text\u00edl<\/div>\n<div class=\"accordionbody\">\n<p><img loading=\"lazy\" decoding=\"async\" style=\"float: left\" src=\"https:\/\/v1.padlet.pics\/3\/image.webp?t=c_limit%2Cdpr_2%2Ch_615%2Cw_539&amp;url=https%3A%2F%2Fu1.padletusercontent.com%2Fuploads%2Fpadlet-uploads%2F3422821159%2F664162ee58aabfb45c39a0c848b3519b%2FScreenshot_20250218_153305_Gallery.jpg%3Fexpiry_token%3D5WaHZRdGG3LkUVQGy3SZ-zdRtq89aJeottSBaF_Hii8EGDVBG-vnLc5ZfL_2GiKosWMOCkHArMcc8LorETHcZ1BiN4Qg7Ty7StnfoKirxZH6NKwi8875A671U5HYr7sLHa9r9GOlmHEcHjeMIZ4lxaVTA-R2DMlbJr9oi1iRV8GvDs2Yfxb_36EQOBzh244qhIjC1MTCwpZr005ho_weBKKh58uLLetdMJSIaKUYA8C85Ro6CyPmDKIMPfKA5sl8\" width=\"165\" height=\"188\" \/><\/p>\n<p>&nbsp;<\/p>\n<p>Nemendur \u00e1 mi\u00f0stigi l\u00e6ra a\u00f0 b\u00faa til sni\u00f0 og gera r\u00e1\u00f0 fyrir saumfari. Nemendur f\u00e1 eing\u00f6ngu a\u00f0 n\u00fdta afganga \u00ed \u00feetta verkefni og \u00feurfa a\u00f0 hafa nokkra b\u00fata til a\u00f0 \u00fej\u00e1lfast \u00ed notkun saumav\u00e9lar.<\/p>\n<p>&nbsp;<\/p>\n<p>&nbsp;<\/p>\n<p><img loading=\"lazy\" decoding=\"async\" style=\"float: left\" src=\"https:\/\/v1.padlet.pics\/3\/image.webp?t=c_limit%2Cdpr_2%2Ch_615%2Cw_461&amp;url=https%3A%2F%2Fu1.padletusercontent.com%2Fuploads%2Fpadlet-uploads%2F3422821159%2F9c301a1af3733d27beb79310a880fa9f%2F20250203_102742.jpg%3Fexpiry_token%3D5WaHZRdGG3LkUVQGy3SZ-zdRtq89aJeottSBaF_Hii8EGDVBG-vnLc5ZfL_2GiKosWMOCkHArMcc8LorETHcZzdUvNecqqSZiZ3RxsbrYbqD58NUhgsH5keAa63ttgLx-vHsKPwihdW3Uz7-DQtpnK25IutMSsk6JDNNm3twTAjPF7mNH9mR4XYOV8vmlGOZtIponxy4-i9IfEPO8DPyGs0PQocWdj3bFRNdR0M_9d0%3D\" width=\"136\" height=\"181\" \/><\/p>\n<p style=\"text-align: left\">Nemendur n\u00fdta eing\u00f6ngu b\u00fata \u00fat afg\u00f6ngum og efnum sem \u00e1\u00f0ur hafa veri\u00f0 notu\u00f0 s.s. gard\u00ednur d\u00fakar og s\u00e6ngurver. Nemendur l\u00e6ra a\u00f0 umgangast saumav\u00e9lina og f\u00e1 frj\u00e1lsar hendur \u00ed a\u00f0 hanna s\u00edna poka.<\/p>\n<p>&nbsp;<\/p>\n<p>&nbsp;<\/p>\n<p>&nbsp;<\/p>\n<p>&nbsp;<\/p>\n<\/div>\n<\/section>\n<div><\/div>\n<div>\n<div><\/div>\n<section class=\"accordion\">\n<div class=\"accordiontitle\">\u00c1tthagar<\/div>\n<div class=\"accordionbody\">\n<p><img decoding=\"async\" class=\"alignleft\" src=\"https:\/\/v1.padlet.pics\/3\/image.webp?t=c_limit%2Cdpr_2%2Ch_468%2Cw_480&amp;url=https%3A%2F%2Fu1.padletusercontent.com%2Fuploads%2Fpadlet-uploads%2F1329133471%2Fb83f8c54d0b5b1eea444e775ca1936e1%2Fimage.png%3Fexpiry_token%3D5WaHZRdGG3LkUVQGy3SZ-zdRtq89aJeottSBaF_Hii8EGDVBG-vnLc5ZfL_2GiKosWMOCkHArMcc8LorETHcZ1zo5j3zAdF6YBpDCgVOjfdfZVSSXWA9bMkMsZs5UVAWf3LCwB2bpm_gkJ73ENt9V3bb139FV0gI-YwJwcnptZuHbU-73XcHZcWHqE-AC-auHpXBi6usfH2skQLcJadNLQ%3D%3D\" \/><\/p>\n<p>&nbsp;<\/p>\n<p>&nbsp;<\/p>\n<p>Nemendur hafa \u00fatb\u00fai\u00f0 kort og l\u00edk\u00f6n af sk\u00f3lah\u00fasunum og hverfunum \u00ed kringum \u00feau.<\/p>\n<p><img loading=\"lazy\" decoding=\"async\" class=\"alignright\" style=\"text-align: right\" src=\"https:\/\/v1.padlet.pics\/3\/image.webp?t=c_limit%2Cdpr_2%2Ch_615%2Cw_461&amp;url=https%3A%2F%2Fu1.padletusercontent.com%2Fuploads%2Fpadlet-uploads%2F1329133471%2F84ebf310d6f991decaebca0c27735510%2Fimage.png%3Fexpiry_token%3D5WaHZRdGG3LkUVQGy3SZ-zdRtq89aJeottSBaF_Hii8EGDVBG-vnLc5ZfL_2GiKosWMOCkHArMcc8LorETHcZ59VShWtRI6D_LcCWAMJi5E5-V35tQ1rwPReU2p8TYlle5Ook-pCmniAGgJvWFDuSjUMpm0PmsOuTE6Cy3d8DULCEZfofEI-aZ5KmW9wGY8kdac8IV0hs5xAf3W4m8S0Kw%3D%3D\" width=\"365\" height=\"486\" \/>\u00deessi vinna er gr\u00ed\u00f0arlega fj\u00f6lbreytt\u00a0 og au\u00f0velt a\u00f0 a\u00f0laga a\u00f0 margskonar\u00a0 n\u00e1msgreinum og\u00a0 samsetningu h\u00f3panna.<\/p>\n<p>&nbsp;<\/p>\n<\/div>\n<p>&nbsp;<\/p>\n<div class=\"accordionbody\">\n<p>&nbsp;<\/p>\n<\/div>\n<p>&nbsp;<\/p>\n<div class=\"accordionbody\">\n<p>&nbsp;<\/p>\n<p>&nbsp;<\/p>\n<p>&nbsp;<\/p>\n<p style=\"text-align: right\"><span style=\"text-align: right\">Miki\u00f0 er lagt upp \u00far \u00fev\u00ed a\u00f0 endurn\u00fdta \u00fea\u00f0 sem til fellur og \u00e1 Kleppj\u00e1rnsreykjum \u00feurfti a\u00f0 fella miki\u00f0\u00a0<\/span>af birkitrj\u00e1m sem s\u00ed\u00f0an voru n\u00fdtt eins<\/p>\n<p style=\"text-align: right\">og h\u00e6gt hefur veri\u00f0. Eitt af \u00fev\u00ed sem gert var voru \u00e1tthagaskilti sem s\u00ed\u00f0an ver\u00f0a hengd upp \u00e1 sk\u00f3lasv\u00e6\u00f0inu.<\/p>\n<\/div>\n<\/section>\n<p>&nbsp;<\/p>\n<div><\/div>\n<section class=\"accordion\">\n<div class=\"accordiontitle\">Baka\u00f0 \u00far afg\u00f6ngum<\/div>\n<div class=\"accordionbody\">\n<p><img loading=\"lazy\" decoding=\"async\" style=\"float: left\" src=\"https:\/\/v1.padlet.pics\/3\/image.webp?t=c_limit%2Cdpr_2%2Ch_615%2Cw_820&amp;url=https%3A%2F%2Fu1.padletusercontent.com%2Fuploads%2Fpadlet-uploads%2F1329133471%2Fe97784a268252280ac5311a82df3e5df%2Fimage.png%3Fexpiry_token%3D5WaHZRdGG3LkUVQGy3SZ-zdRtq89aJeottSBaF_Hii8EGDVBG-vnLc5ZfL_2GiKosWMOCkHArMcc8LorETHcZ3ePvdNRNrzAwQglI4m3laVwfGfFbwPDoK-vGPnaqlVbVIBQ2jHpEsDJTsgCuXhKPGCoK7hft99pyNspBh-74OYOgzsitnwvCsw-nmG1R7YGDbArSqiXwthjBZ31Dqbm4Q%3D%3D\" width=\"199\" height=\"149\" \/>Nemendur \u00ed hringekju \u00e1 f\u00f6stud\u00f6gum hafa n\u00fdtt afganga sem falla til \u00ed eldh\u00fasi Varmalandsdeildar, svosem banana, hafragraut, hr\u00edsgrj\u00f3n o.fl. til a\u00f0 baka \u00far \u00ed heimilisfr\u00e6\u00f0i. Markmi\u00f0i\u00f0 var a\u00f0 vekja \u00feau til umhugsunar um matars\u00f3un og hvetja \u00feau til a\u00f0 finna lausnir til a\u00f0 sporna gegn henni me\u00f0 r\u00e1\u00f0um eins og a\u00f0 baka.<\/p>\n<\/div>\n<\/section>\n<div><\/div>\n<\/div>\n<p>&nbsp;<\/p>\n<div>\n<div><\/div>\n<\/div>\n<div><\/div>\n<div><\/div>\n<section class=\"accordion\">\n<div class=\"accordiontitle\">Umhverfisstefna Grunnsk\u00f3la Borgarfjar\u00f0ar<\/div>\n<div class=\"accordionbody\">\n<p>Grunnsk\u00f3li Borgarfjar\u00f0ar leggur \u00e1herslu \u00e1 a\u00f0 nemendur og starfsf\u00f3lk beri vir\u00f0ingu fyrir umhverfinu og leggi sitt af m\u00f6rkum til a\u00f0 vernda umhverfi\u00f0 og n\u00e1tt\u00faruna.<\/p>\n<p>\u00dea\u00f0 gerum vi\u00f0 me\u00f0 \u00fev\u00ed a\u00f0:<\/p>\n<p>&#8211; Flokka sorp<br \/>\n&#8211; Spara rafmagn og vatn<br \/>\n&#8211; Ganga vel um sk\u00f3lann<br \/>\n&#8211; Draga \u00far notkun papp\u00edrs og stu\u00f0la a\u00f0 endurn\u00fdtingu hans<br \/>\n&#8211; Draga \u00far notkun \u00e1 einnota v\u00f6rum<br \/>\n&#8211; Nota afgangsefni \u00ed verkefni eins og kostur er<br \/>\n&#8211; Nota rafr\u00e6n samskipti eins og kostur er til a\u00f0 spara papp\u00edr<br \/>\n&#8211; Varast mengun og nota umhverfisv\u00e6nar hreinl\u00e6tisv\u00f6rur<\/p>\n<\/div>\n<\/section>\n<div><a href=\"https:\/\/landvernd.is\/graenfaninn\/\"><strong><em>Heimas\u00ed\u00f0a Gr\u00e6nf\u00e1nans hj\u00e1 Landvernd<\/em><\/strong><\/a><\/div>\n","protected":false},"excerpt":{"rendered":"<p>Gr\u00e6nf\u00e1ninn, sk\u00f3lar \u00e1 gr\u00e6nni grein, er al\u00fej\u00f3\u00f0legt verkefni til a\u00f0 auka umhverfismennt og styrkja umhverfisstefnu \u00ed sk\u00f3lum. Gr\u00e6nf\u00e1naverkefninu \u00e1 \u00cdslandi er st\u00fdrt af Landvernd sem er a\u00f0ili a\u00f0 al\u00fej\u00f3\u00f0legu samt\u00f6kunum FEE(Foundation for Environmental Education in Europe). \u00deeir sk\u00f3lar sem vilja komast \u00e1 gr\u00e6na grein \u00ed umhverfism\u00e1lum leitast vi\u00f0 a\u00f0 st\u00edga \u201eskrefin sj\u00f6\u201c \u00ed \u00e1tt til b\u00e6ttrar umhverfisstj\u00f3rnunar. \u00deegar \u00fev\u00ed marki &#8230; <\/p>\n<div><a href=\"https:\/\/dev.borgarbyggd.is\/gbf\/nam-og-kennsla\/graenfaninn\/\" class=\"more-link\">Read More<\/a><\/div>\n","protected":false},"author":30,"featured_media":0,"parent":17,"menu_order":0,"comment_status":"closed","ping_status":"closed","template":"","meta":{"_acf_changed":false,"footnotes":""},"class_list":["post-397","page","type-page","status-publish","hentry","no-post-thumbnail"],"acf":{"quickaccess":false},"yoast_head":"<!-- This site is optimized with the Yoast SEO plugin v24.0 - https:\/\/yoast.com\/wordpress\/plugins\/seo\/ -->\n<title>Gr\u00e6nf\u00e1ninn - Grunnsk\u00f3li Borgarfjar\u00f0ar<\/title>\n<meta name=\"robots\" content=\"noindex, follow, max-snippet:-1, max-image-preview:large, max-video-preview:-1\" \/>\n<meta property=\"og:locale\" content=\"is_IS\" \/>\n<meta property=\"og:type\" content=\"article\" \/>\n<meta property=\"og:title\" content=\"Gr\u00e6nf\u00e1ninn - Grunnsk\u00f3li Borgarfjar\u00f0ar\" \/>\n<meta property=\"og:description\" content=\"Gr\u00e6nf\u00e1ninn, sk\u00f3lar \u00e1 gr\u00e6nni grein, er al\u00fej\u00f3\u00f0legt verkefni til a\u00f0 auka umhverfismennt og styrkja umhverfisstefnu \u00ed sk\u00f3lum. Gr\u00e6nf\u00e1naverkefninu \u00e1 \u00cdslandi er st\u00fdrt af Landvernd sem er a\u00f0ili a\u00f0 al\u00fej\u00f3\u00f0legu samt\u00f6kunum FEE(Foundation for Environmental Education in Europe). \u00deeir sk\u00f3lar sem vilja komast \u00e1 gr\u00e6na grein \u00ed umhverfism\u00e1lum leitast vi\u00f0 a\u00f0 st\u00edga \u201eskrefin sj\u00f6\u201c \u00ed \u00e1tt til b\u00e6ttrar umhverfisstj\u00f3rnunar. \u00deegar \u00fev\u00ed marki ... Read More\" \/>\n<meta property=\"og:url\" content=\"https:\/\/dev.borgarbyggd.is\/gbf\/nam-og-kennsla\/graenfaninn\/\" \/>\n<meta property=\"og:site_name\" content=\"Grunnsk\u00f3li Borgarfjar\u00f0ar\" \/>\n<meta property=\"article:modified_time\" content=\"2025-05-08T14:00:32+00:00\" \/>\n<meta property=\"og:image\" content=\"https:\/\/v1.padlet.pics\/3\/image.webp?t=c_limit%2Cdpr_2%2Ch_615%2Cw_539&amp;url=https%3A%2F%2Fu1.padletusercontent.com%2Fuploads%2Fpadlet-uploads%2F3422821159%2F664162ee58aabfb45c39a0c848b3519b%2FScreenshot_20250218_153305_Gallery.jpg%3Fexpiry_token%3D5WaHZRdGG3LkUVQGy3SZ-zdRtq89aJeottSBaF_Hii8EGDVBG-vnLc5ZfL_2GiKosWMOCkHArMcc8LorETHcZ1BiN4Qg7Ty7StnfoKirxZH6NKwi8875A671U5HYr7sLHa9r9GOlmHEcHjeMIZ4lxaVTA-R2DMlbJr9oi1iRV8GvDs2Yfxb_36EQOBzh244qhIjC1MTCwpZr005ho_weBKKh58uLLetdMJSIaKUYA8C85Ro6CyPmDKIMPfKA5sl8\" \/>\n<meta name=\"twitter:card\" content=\"summary_large_image\" \/>\n<meta name=\"twitter:label1\" content=\"Est. reading time\" \/>\n\t<meta name=\"twitter:data1\" content=\"4 minutes\" \/>\n<script type=\"application\/ld+json\" class=\"yoast-schema-graph\">{\"@context\":\"https:\/\/schema.org\",\"@graph\":[{\"@type\":\"WebPage\",\"@id\":\"https:\/\/dev.borgarbyggd.is\/gbf\/nam-og-kennsla\/graenfaninn\/\",\"url\":\"https:\/\/dev.borgarbyggd.is\/gbf\/nam-og-kennsla\/graenfaninn\/\",\"name\":\"Gr\u00e6nf\u00e1ninn - Grunnsk\u00f3li Borgarfjar\u00f0ar\",\"isPartOf\":{\"@id\":\"https:\/\/dev.borgarbyggd.is\/gbf\/#website\"},\"primaryImageOfPage\":{\"@id\":\"https:\/\/dev.borgarbyggd.is\/gbf\/nam-og-kennsla\/graenfaninn\/#primaryimage\"},\"image\":{\"@id\":\"https:\/\/dev.borgarbyggd.is\/gbf\/nam-og-kennsla\/graenfaninn\/#primaryimage\"},\"thumbnailUrl\":\"https:\/\/v1.padlet.pics\/3\/image.webp?t=c_limit%2Cdpr_2%2Ch_615%2Cw_539&amp;url=https%3A%2F%2Fu1.padletusercontent.com%2Fuploads%2Fpadlet-uploads%2F3422821159%2F664162ee58aabfb45c39a0c848b3519b%2FScreenshot_20250218_153305_Gallery.jpg%3Fexpiry_token%3D5WaHZRdGG3LkUVQGy3SZ-zdRtq89aJeottSBaF_Hii8EGDVBG-vnLc5ZfL_2GiKosWMOCkHArMcc8LorETHcZ1BiN4Qg7Ty7StnfoKirxZH6NKwi8875A671U5HYr7sLHa9r9GOlmHEcHjeMIZ4lxaVTA-R2DMlbJr9oi1iRV8GvDs2Yfxb_36EQOBzh244qhIjC1MTCwpZr005ho_weBKKh58uLLetdMJSIaKUYA8C85Ro6CyPmDKIMPfKA5sl8\",\"datePublished\":\"2023-11-02T11:25:19+00:00\",\"dateModified\":\"2025-05-08T14:00:32+00:00\",\"breadcrumb\":{\"@id\":\"https:\/\/dev.borgarbyggd.is\/gbf\/nam-og-kennsla\/graenfaninn\/#breadcrumb\"},\"inLanguage\":\"is\",\"potentialAction\":[{\"@type\":\"ReadAction\",\"target\":[\"https:\/\/dev.borgarbyggd.is\/gbf\/nam-og-kennsla\/graenfaninn\/\"]}]},{\"@type\":\"ImageObject\",\"inLanguage\":\"is\",\"@id\":\"https:\/\/dev.borgarbyggd.is\/gbf\/nam-og-kennsla\/graenfaninn\/#primaryimage\",\"url\":\"https:\/\/v1.padlet.pics\/3\/image.webp?t=c_limit%2Cdpr_2%2Ch_615%2Cw_539&amp;url=https%3A%2F%2Fu1.padletusercontent.com%2Fuploads%2Fpadlet-uploads%2F3422821159%2F664162ee58aabfb45c39a0c848b3519b%2FScreenshot_20250218_153305_Gallery.jpg%3Fexpiry_token%3D5WaHZRdGG3LkUVQGy3SZ-zdRtq89aJeottSBaF_Hii8EGDVBG-vnLc5ZfL_2GiKosWMOCkHArMcc8LorETHcZ1BiN4Qg7Ty7StnfoKirxZH6NKwi8875A671U5HYr7sLHa9r9GOlmHEcHjeMIZ4lxaVTA-R2DMlbJr9oi1iRV8GvDs2Yfxb_36EQOBzh244qhIjC1MTCwpZr005ho_weBKKh58uLLetdMJSIaKUYA8C85Ro6CyPmDKIMPfKA5sl8\",\"contentUrl\":\"https:\/\/v1.padlet.pics\/3\/image.webp?t=c_limit%2Cdpr_2%2Ch_615%2Cw_539&amp;url=https%3A%2F%2Fu1.padletusercontent.com%2Fuploads%2Fpadlet-uploads%2F3422821159%2F664162ee58aabfb45c39a0c848b3519b%2FScreenshot_20250218_153305_Gallery.jpg%3Fexpiry_token%3D5WaHZRdGG3LkUVQGy3SZ-zdRtq89aJeottSBaF_Hii8EGDVBG-vnLc5ZfL_2GiKosWMOCkHArMcc8LorETHcZ1BiN4Qg7Ty7StnfoKirxZH6NKwi8875A671U5HYr7sLHa9r9GOlmHEcHjeMIZ4lxaVTA-R2DMlbJr9oi1iRV8GvDs2Yfxb_36EQOBzh244qhIjC1MTCwpZr005ho_weBKKh58uLLetdMJSIaKUYA8C85Ro6CyPmDKIMPfKA5sl8\"},{\"@type\":\"BreadcrumbList\",\"@id\":\"https:\/\/dev.borgarbyggd.is\/gbf\/nam-og-kennsla\/graenfaninn\/#breadcrumb\",\"itemListElement\":[{\"@type\":\"ListItem\",\"position\":1,\"name\":\"Home\",\"item\":\"https:\/\/dev.borgarbyggd.is\/gbf\/\"},{\"@type\":\"ListItem\",\"position\":2,\"name\":\"N\u00e1m og kennsla\",\"item\":\"https:\/\/dev.borgarbyggd.is\/gbf\/nam-og-kennsla\/\"},{\"@type\":\"ListItem\",\"position\":3,\"name\":\"Gr\u00e6nf\u00e1ninn\"}]},{\"@type\":\"WebSite\",\"@id\":\"https:\/\/dev.borgarbyggd.is\/gbf\/#website\",\"url\":\"https:\/\/dev.borgarbyggd.is\/gbf\/\",\"name\":\"Grunnsk\u00f3li Borgarfjar\u00f0ar\",\"description\":\"\",\"potentialAction\":[{\"@type\":\"SearchAction\",\"target\":{\"@type\":\"EntryPoint\",\"urlTemplate\":\"https:\/\/dev.borgarbyggd.is\/gbf\/?s={search_term_string}\"},\"query-input\":{\"@type\":\"PropertyValueSpecification\",\"valueRequired\":true,\"valueName\":\"search_term_string\"}}],\"inLanguage\":\"is\"}]}<\/script>\n<!-- \/ Yoast SEO plugin. -->","yoast_head_json":{"title":"Gr\u00e6nf\u00e1ninn - Grunnsk\u00f3li Borgarfjar\u00f0ar","robots":{"index":"noindex","follow":"follow","max-snippet":"max-snippet:-1","max-image-preview":"max-image-preview:large","max-video-preview":"max-video-preview:-1"},"og_locale":"is_IS","og_type":"article","og_title":"Gr\u00e6nf\u00e1ninn - Grunnsk\u00f3li Borgarfjar\u00f0ar","og_description":"Gr\u00e6nf\u00e1ninn, sk\u00f3lar \u00e1 gr\u00e6nni grein, er al\u00fej\u00f3\u00f0legt verkefni til a\u00f0 auka umhverfismennt og styrkja umhverfisstefnu \u00ed sk\u00f3lum. Gr\u00e6nf\u00e1naverkefninu \u00e1 \u00cdslandi er st\u00fdrt af Landvernd sem er a\u00f0ili a\u00f0 al\u00fej\u00f3\u00f0legu samt\u00f6kunum FEE(Foundation for Environmental Education in Europe). \u00deeir sk\u00f3lar sem vilja komast \u00e1 gr\u00e6na grein \u00ed umhverfism\u00e1lum leitast vi\u00f0 a\u00f0 st\u00edga \u201eskrefin sj\u00f6\u201c \u00ed \u00e1tt til b\u00e6ttrar umhverfisstj\u00f3rnunar. \u00deegar \u00fev\u00ed marki ... Read More","og_url":"https:\/\/dev.borgarbyggd.is\/gbf\/nam-og-kennsla\/graenfaninn\/","og_site_name":"Grunnsk\u00f3li Borgarfjar\u00f0ar","article_modified_time":"2025-05-08T14:00:32+00:00","og_image":[{"url":"https:\/\/v1.padlet.pics\/3\/image.webp?t=c_limit%2Cdpr_2%2Ch_615%2Cw_539&amp;url=https%3A%2F%2Fu1.padletusercontent.com%2Fuploads%2Fpadlet-uploads%2F3422821159%2F664162ee58aabfb45c39a0c848b3519b%2FScreenshot_20250218_153305_Gallery.jpg%3Fexpiry_token%3D5WaHZRdGG3LkUVQGy3SZ-zdRtq89aJeottSBaF_Hii8EGDVBG-vnLc5ZfL_2GiKosWMOCkHArMcc8LorETHcZ1BiN4Qg7Ty7StnfoKirxZH6NKwi8875A671U5HYr7sLHa9r9GOlmHEcHjeMIZ4lxaVTA-R2DMlbJr9oi1iRV8GvDs2Yfxb_36EQOBzh244qhIjC1MTCwpZr005ho_weBKKh58uLLetdMJSIaKUYA8C85Ro6CyPmDKIMPfKA5sl8","type":"","width":"","height":""}],"twitter_card":"summary_large_image","twitter_misc":{"Est. reading time":"4 minutes"},"schema":{"@context":"https:\/\/schema.org","@graph":[{"@type":"WebPage","@id":"https:\/\/dev.borgarbyggd.is\/gbf\/nam-og-kennsla\/graenfaninn\/","url":"https:\/\/dev.borgarbyggd.is\/gbf\/nam-og-kennsla\/graenfaninn\/","name":"Gr\u00e6nf\u00e1ninn - Grunnsk\u00f3li Borgarfjar\u00f0ar","isPartOf":{"@id":"https:\/\/dev.borgarbyggd.is\/gbf\/#website"},"primaryImageOfPage":{"@id":"https:\/\/dev.borgarbyggd.is\/gbf\/nam-og-kennsla\/graenfaninn\/#primaryimage"},"image":{"@id":"https:\/\/dev.borgarbyggd.is\/gbf\/nam-og-kennsla\/graenfaninn\/#primaryimage"},"thumbnailUrl":"https:\/\/v1.padlet.pics\/3\/image.webp?t=c_limit%2Cdpr_2%2Ch_615%2Cw_539&amp;url=https%3A%2F%2Fu1.padletusercontent.com%2Fuploads%2Fpadlet-uploads%2F3422821159%2F664162ee58aabfb45c39a0c848b3519b%2FScreenshot_20250218_153305_Gallery.jpg%3Fexpiry_token%3D5WaHZRdGG3LkUVQGy3SZ-zdRtq89aJeottSBaF_Hii8EGDVBG-vnLc5ZfL_2GiKosWMOCkHArMcc8LorETHcZ1BiN4Qg7Ty7StnfoKirxZH6NKwi8875A671U5HYr7sLHa9r9GOlmHEcHjeMIZ4lxaVTA-R2DMlbJr9oi1iRV8GvDs2Yfxb_36EQOBzh244qhIjC1MTCwpZr005ho_weBKKh58uLLetdMJSIaKUYA8C85Ro6CyPmDKIMPfKA5sl8","datePublished":"2023-11-02T11:25:19+00:00","dateModified":"2025-05-08T14:00:32+00:00","breadcrumb":{"@id":"https:\/\/dev.borgarbyggd.is\/gbf\/nam-og-kennsla\/graenfaninn\/#breadcrumb"},"inLanguage":"is","potentialAction":[{"@type":"ReadAction","target":["https:\/\/dev.borgarbyggd.is\/gbf\/nam-og-kennsla\/graenfaninn\/"]}]},{"@type":"ImageObject","inLanguage":"is","@id":"https:\/\/dev.borgarbyggd.is\/gbf\/nam-og-kennsla\/graenfaninn\/#primaryimage","url":"https:\/\/v1.padlet.pics\/3\/image.webp?t=c_limit%2Cdpr_2%2Ch_615%2Cw_539&amp;url=https%3A%2F%2Fu1.padletusercontent.com%2Fuploads%2Fpadlet-uploads%2F3422821159%2F664162ee58aabfb45c39a0c848b3519b%2FScreenshot_20250218_153305_Gallery.jpg%3Fexpiry_token%3D5WaHZRdGG3LkUVQGy3SZ-zdRtq89aJeottSBaF_Hii8EGDVBG-vnLc5ZfL_2GiKosWMOCkHArMcc8LorETHcZ1BiN4Qg7Ty7StnfoKirxZH6NKwi8875A671U5HYr7sLHa9r9GOlmHEcHjeMIZ4lxaVTA-R2DMlbJr9oi1iRV8GvDs2Yfxb_36EQOBzh244qhIjC1MTCwpZr005ho_weBKKh58uLLetdMJSIaKUYA8C85Ro6CyPmDKIMPfKA5sl8","contentUrl":"https:\/\/v1.padlet.pics\/3\/image.webp?t=c_limit%2Cdpr_2%2Ch_615%2Cw_539&amp;url=https%3A%2F%2Fu1.padletusercontent.com%2Fuploads%2Fpadlet-uploads%2F3422821159%2F664162ee58aabfb45c39a0c848b3519b%2FScreenshot_20250218_153305_Gallery.jpg%3Fexpiry_token%3D5WaHZRdGG3LkUVQGy3SZ-zdRtq89aJeottSBaF_Hii8EGDVBG-vnLc5ZfL_2GiKosWMOCkHArMcc8LorETHcZ1BiN4Qg7Ty7StnfoKirxZH6NKwi8875A671U5HYr7sLHa9r9GOlmHEcHjeMIZ4lxaVTA-R2DMlbJr9oi1iRV8GvDs2Yfxb_36EQOBzh244qhIjC1MTCwpZr005ho_weBKKh58uLLetdMJSIaKUYA8C85Ro6CyPmDKIMPfKA5sl8"},{"@type":"BreadcrumbList","@id":"https:\/\/dev.borgarbyggd.is\/gbf\/nam-og-kennsla\/graenfaninn\/#breadcrumb","itemListElement":[{"@type":"ListItem","position":1,"name":"Home","item":"https:\/\/dev.borgarbyggd.is\/gbf\/"},{"@type":"ListItem","position":2,"name":"N\u00e1m og kennsla","item":"https:\/\/dev.borgarbyggd.is\/gbf\/nam-og-kennsla\/"},{"@type":"ListItem","position":3,"name":"Gr\u00e6nf\u00e1ninn"}]},{"@type":"WebSite","@id":"https:\/\/dev.borgarbyggd.is\/gbf\/#website","url":"https:\/\/dev.borgarbyggd.is\/gbf\/","name":"Grunnsk\u00f3li Borgarfjar\u00f0ar","description":"","potentialAction":[{"@type":"SearchAction","target":{"@type":"EntryPoint","urlTemplate":"https:\/\/dev.borgarbyggd.is\/gbf\/?s={search_term_string}"},"query-input":{"@type":"PropertyValueSpecification","valueRequired":true,"valueName":"search_term_string"}}],"inLanguage":"is"}]}},"_links":{"self":[{"href":"https:\/\/dev.borgarbyggd.is\/gbf\/wp-json\/wp\/v2\/pages\/397","targetHints":{"allow":["GET"]}}],"collection":[{"href":"https:\/\/dev.borgarbyggd.is\/gbf\/wp-json\/wp\/v2\/pages"}],"about":[{"href":"https:\/\/dev.borgarbyggd.is\/gbf\/wp-json\/wp\/v2\/types\/page"}],"author":[{"embeddable":true,"href":"https:\/\/dev.borgarbyggd.is\/gbf\/wp-json\/wp\/v2\/users\/30"}],"replies":[{"embeddable":true,"href":"https:\/\/dev.borgarbyggd.is\/gbf\/wp-json\/wp\/v2\/comments?post=397"}],"version-history":[{"count":0,"href":"https:\/\/dev.borgarbyggd.is\/gbf\/wp-json\/wp\/v2\/pages\/397\/revisions"}],"up":[{"embeddable":true,"href":"https:\/\/dev.borgarbyggd.is\/gbf\/wp-json\/wp\/v2\/pages\/17"}],"wp:attachment":[{"href":"https:\/\/dev.borgarbyggd.is\/gbf\/wp-json\/wp\/v2\/media?parent=397"}],"curies":[{"name":"wp","href":"https:\/\/api.w.org\/{rel}","templated":true}]}}