{"id":392,"date":"2023-11-02T11:19:52","date_gmt":"2023-11-02T11:19:52","guid":{"rendered":"https:\/\/dev.borgarbyggd.is\/gbf\/?page_id=392"},"modified":"2024-01-05T14:53:26","modified_gmt":"2024-01-05T14:53:26","slug":"gildi-skolans-2","status":"publish","type":"page","link":"https:\/\/dev.borgarbyggd.is\/gbf\/skolinn\/gildi-skolans-2\/","title":{"rendered":"Stefna og markmi\u00f0 sk\u00f3lans"},"content":{"rendered":"<div><\/div>\n<section class=\"accordion\">\n<div class=\"accordiontitle\">Framt\u00ed\u00f0ars\u00fdn<\/div>\n<div class=\"accordionbody\">\n<p>Grunnsk\u00f3li Borgarfjar\u00f0ar \u00fatskrifar metna\u00f0arfulla nemendur, sem n\u00fdta styrkleika s\u00edna til a\u00f0 n\u00e1 \u00e1rangri. Sk\u00f3linn er s\u00e9rstaklega sterkur \u00e1 svi\u00f0i l\u00fd\u00f0heilsu, l\u00edfsleikni, list- og verkgreina, me\u00f0 tengingu vi\u00f0 n\u00e1tt\u00faru, arfleif\u00f0, menningu og s\u00f6gu heimasv\u00e6\u00f0isins. Sk\u00f3linn eykur fj\u00f6lbreytni s\u00edna \u00ed gegnum \u00f3l\u00edkar starfsst\u00f6\u00f0var, sem standa og vinna saman a\u00f0 st\u00f6\u00f0ugt betri \u00e1rangri.<\/p>\n<\/div>\n<\/section>\n<div>\n<div><\/div>\n<section class=\"accordion\">\n<div class=\"accordiontitle\">Hlutverk sk\u00f3lans<\/div>\n<div class=\"accordionbody\">\n<p>Hlutverk Grunnsk\u00f3la Borgarfjar\u00f0ar, \u00ed skipulag\u00f0ri samvinnu vi\u00f0 heimilin og samf\u00e9lagi\u00f0, er a\u00f0:<\/p>\n<p>&#8211; stu\u00f0la a\u00f0 vell\u00ed\u00f0an, alhli\u00f0a \u00feroska og heilbrig\u00f0i nemenda<br \/>\n&#8211; veita nemendum t\u00e6kif\u00e6ri til alhli\u00f0a menntunar, b\u00e6\u00f0i hugar og handa<br \/>\n&#8211; efla gagnr\u00fdna hugsun nemenda, l\u00edfsgle\u00f0i og j\u00e1kv\u00e6\u00f0a sj\u00e1lfsmynd<br \/>\n&#8211; undirb\u00faa nemendur fyrir virka \u00fe\u00e1ttt\u00f6ku \u00ed l\u00fd\u00f0r\u00e6\u00f0islegu \u00fej\u00f3\u00f0f\u00e9lagi, me\u00f0 sj\u00e1lfstraust og \u00e1r\u00e6\u00f0ni til a\u00f0 hafa \u00e1hrif \u00e1 \u00fer\u00f3un samf\u00e9lagsins.<\/p>\n<\/div>\n<\/section>\n<div>\n<div><\/div>\n<section class=\"accordion\">\n<div class=\"accordiontitle\">Gildi sk\u00f3lans<\/div>\n<div class=\"accordionbody\">\n<p>Vi\u00f0:<\/p>\n<p>&#8211; berum vir\u00f0ingu fyrir sj\u00e1lfum okkur, \u00f6\u00f0rum og umhverfinu<br \/>\n&#8211; t\u00f6kum \u00e1byrg\u00f0 \u00e1 \u00fev\u00ed sem vi\u00f0 gerum og segjum<br \/>\n&#8211; \u00e1stundum hei\u00f0arleg og r\u00e9ttl\u00e1t samskipti, bygg\u00f0 \u00e1 gagnkv\u00e6mu trausti<br \/>\n&#8211; g\u00f6ngum me\u00f0 gle\u00f0i og j\u00e1kv\u00e6\u00f0u hugarfari til leiks og starfs<br \/>\n&#8211; st\u00f6ndum saman og vinnum saman<br \/>\n&#8211; s\u00fdnum umbur\u00f0arlyndi og k\u00e6rleika \u00ed samskiptum<br \/>\n&#8211; erum metna\u00f0arfull, skipul\u00f6g\u00f0 og \u00f6gu\u00f0 \u00ed \u00f6llu sem vi\u00f0 gerum<br \/>\n&#8211; g\u00e6tum fyllsta tr\u00fana\u00f0ar um m\u00e1lefni annarra<br \/>\n&#8211; hvetjum til heilbrig\u00f0s l\u00edfernis<\/p>\n<\/div>\n<\/section>\n<div><\/div>\n<div><div class=\"hlekkur_a_skjal\" style=\"text-align: left;\"><a style=\"max-width: 100%;\" href=\"https:\/\/dev.borgarbyggd.is\/gbf\/wp-content\/uploads\/sites\/6\/2024\/01\/Starfsaaetlun2023-24.pdf\">Starfs\u00e1\u00e6tlun GBF 2023-2024<\/a><\/div><\/div>\n<\/div>\n<\/div>\n<p>&nbsp;<\/p>\n","protected":false},"excerpt":{"rendered":"<p>Framt\u00ed\u00f0ars\u00fdn Grunnsk\u00f3li Borgarfjar\u00f0ar \u00fatskrifar metna\u00f0arfulla nemendur, sem n\u00fdta styrkleika s\u00edna til a\u00f0 n\u00e1 \u00e1rangri. Sk\u00f3linn er s\u00e9rstaklega sterkur \u00e1 svi\u00f0i l\u00fd\u00f0heilsu, l\u00edfsleikni, list- og verkgreina, me\u00f0 tengingu vi\u00f0 n\u00e1tt\u00faru, arfleif\u00f0, menningu og s\u00f6gu heimasv\u00e6\u00f0isins. Sk\u00f3linn eykur fj\u00f6lbreytni s\u00edna \u00ed gegnum \u00f3l\u00edkar starfsst\u00f6\u00f0var, sem standa og vinna saman a\u00f0 st\u00f6\u00f0ugt betri \u00e1rangri. Hlutverk sk\u00f3lans Hlutverk Grunnsk\u00f3la Borgarfjar\u00f0ar, \u00ed skipulag\u00f0ri samvinnu vi\u00f0 &#8230; <\/p>\n<div><a href=\"https:\/\/dev.borgarbyggd.is\/gbf\/skolinn\/gildi-skolans-2\/\" class=\"more-link\">Read More<\/a><\/div>\n","protected":false},"author":30,"featured_media":0,"parent":15,"menu_order":0,"comment_status":"closed","ping_status":"closed","template":"","meta":{"_acf_changed":false,"footnotes":""},"class_list":["post-392","page","type-page","status-publish","hentry","no-post-thumbnail"],"acf":{"quickaccess":false},"yoast_head":"<!-- This site is optimized with the Yoast SEO plugin v24.0 - https:\/\/yoast.com\/wordpress\/plugins\/seo\/ -->\n<title>Stefna og markmi\u00f0 sk\u00f3lans - Grunnsk\u00f3li Borgarfjar\u00f0ar<\/title>\n<meta name=\"robots\" content=\"noindex, follow, max-snippet:-1, max-image-preview:large, max-video-preview:-1\" \/>\n<meta property=\"og:locale\" content=\"is_IS\" \/>\n<meta property=\"og:type\" content=\"article\" \/>\n<meta property=\"og:title\" content=\"Stefna og markmi\u00f0 sk\u00f3lans - Grunnsk\u00f3li Borgarfjar\u00f0ar\" \/>\n<meta property=\"og:description\" content=\"Framt\u00ed\u00f0ars\u00fdn Grunnsk\u00f3li Borgarfjar\u00f0ar \u00fatskrifar metna\u00f0arfulla nemendur, sem n\u00fdta styrkleika s\u00edna til a\u00f0 n\u00e1 \u00e1rangri. Sk\u00f3linn er s\u00e9rstaklega sterkur \u00e1 svi\u00f0i l\u00fd\u00f0heilsu, l\u00edfsleikni, list- og verkgreina, me\u00f0 tengingu vi\u00f0 n\u00e1tt\u00faru, arfleif\u00f0, menningu og s\u00f6gu heimasv\u00e6\u00f0isins. Sk\u00f3linn eykur fj\u00f6lbreytni s\u00edna \u00ed gegnum \u00f3l\u00edkar starfsst\u00f6\u00f0var, sem standa og vinna saman a\u00f0 st\u00f6\u00f0ugt betri \u00e1rangri. Hlutverk sk\u00f3lans Hlutverk Grunnsk\u00f3la Borgarfjar\u00f0ar, \u00ed skipulag\u00f0ri samvinnu vi\u00f0 ... Read More\" \/>\n<meta property=\"og:url\" content=\"https:\/\/dev.borgarbyggd.is\/gbf\/skolinn\/gildi-skolans-2\/\" \/>\n<meta property=\"og:site_name\" content=\"Grunnsk\u00f3li Borgarfjar\u00f0ar\" \/>\n<meta property=\"article:modified_time\" content=\"2024-01-05T14:53:26+00:00\" \/>\n<meta name=\"twitter:card\" content=\"summary_large_image\" \/>\n<meta name=\"twitter:label1\" content=\"Est. reading time\" \/>\n\t<meta name=\"twitter:data1\" content=\"2 minutes\" \/>\n<script type=\"application\/ld+json\" class=\"yoast-schema-graph\">{\"@context\":\"https:\/\/schema.org\",\"@graph\":[{\"@type\":\"WebPage\",\"@id\":\"https:\/\/dev.borgarbyggd.is\/gbf\/skolinn\/gildi-skolans-2\/\",\"url\":\"https:\/\/dev.borgarbyggd.is\/gbf\/skolinn\/gildi-skolans-2\/\",\"name\":\"Stefna og markmi\u00f0 sk\u00f3lans - Grunnsk\u00f3li Borgarfjar\u00f0ar\",\"isPartOf\":{\"@id\":\"https:\/\/dev.borgarbyggd.is\/gbf\/#website\"},\"datePublished\":\"2023-11-02T11:19:52+00:00\",\"dateModified\":\"2024-01-05T14:53:26+00:00\",\"breadcrumb\":{\"@id\":\"https:\/\/dev.borgarbyggd.is\/gbf\/skolinn\/gildi-skolans-2\/#breadcrumb\"},\"inLanguage\":\"is\",\"potentialAction\":[{\"@type\":\"ReadAction\",\"target\":[\"https:\/\/dev.borgarbyggd.is\/gbf\/skolinn\/gildi-skolans-2\/\"]}]},{\"@type\":\"BreadcrumbList\",\"@id\":\"https:\/\/dev.borgarbyggd.is\/gbf\/skolinn\/gildi-skolans-2\/#breadcrumb\",\"itemListElement\":[{\"@type\":\"ListItem\",\"position\":1,\"name\":\"Home\",\"item\":\"https:\/\/dev.borgarbyggd.is\/gbf\/\"},{\"@type\":\"ListItem\",\"position\":2,\"name\":\"Sk\u00f3linn\",\"item\":\"https:\/\/dev.borgarbyggd.is\/gbf\/skolinn\/\"},{\"@type\":\"ListItem\",\"position\":3,\"name\":\"Stefna og markmi\u00f0 sk\u00f3lans\"}]},{\"@type\":\"WebSite\",\"@id\":\"https:\/\/dev.borgarbyggd.is\/gbf\/#website\",\"url\":\"https:\/\/dev.borgarbyggd.is\/gbf\/\",\"name\":\"Grunnsk\u00f3li Borgarfjar\u00f0ar\",\"description\":\"\",\"potentialAction\":[{\"@type\":\"SearchAction\",\"target\":{\"@type\":\"EntryPoint\",\"urlTemplate\":\"https:\/\/dev.borgarbyggd.is\/gbf\/?s={search_term_string}\"},\"query-input\":{\"@type\":\"PropertyValueSpecification\",\"valueRequired\":true,\"valueName\":\"search_term_string\"}}],\"inLanguage\":\"is\"}]}<\/script>\n<!-- \/ Yoast SEO plugin. -->","yoast_head_json":{"title":"Stefna og markmi\u00f0 sk\u00f3lans - Grunnsk\u00f3li Borgarfjar\u00f0ar","robots":{"index":"noindex","follow":"follow","max-snippet":"max-snippet:-1","max-image-preview":"max-image-preview:large","max-video-preview":"max-video-preview:-1"},"og_locale":"is_IS","og_type":"article","og_title":"Stefna og markmi\u00f0 sk\u00f3lans - Grunnsk\u00f3li Borgarfjar\u00f0ar","og_description":"Framt\u00ed\u00f0ars\u00fdn Grunnsk\u00f3li Borgarfjar\u00f0ar \u00fatskrifar metna\u00f0arfulla nemendur, sem n\u00fdta styrkleika s\u00edna til a\u00f0 n\u00e1 \u00e1rangri. Sk\u00f3linn er s\u00e9rstaklega sterkur \u00e1 svi\u00f0i l\u00fd\u00f0heilsu, l\u00edfsleikni, list- og verkgreina, me\u00f0 tengingu vi\u00f0 n\u00e1tt\u00faru, arfleif\u00f0, menningu og s\u00f6gu heimasv\u00e6\u00f0isins. Sk\u00f3linn eykur fj\u00f6lbreytni s\u00edna \u00ed gegnum \u00f3l\u00edkar starfsst\u00f6\u00f0var, sem standa og vinna saman a\u00f0 st\u00f6\u00f0ugt betri \u00e1rangri. Hlutverk sk\u00f3lans Hlutverk Grunnsk\u00f3la Borgarfjar\u00f0ar, \u00ed skipulag\u00f0ri samvinnu vi\u00f0 ... Read More","og_url":"https:\/\/dev.borgarbyggd.is\/gbf\/skolinn\/gildi-skolans-2\/","og_site_name":"Grunnsk\u00f3li Borgarfjar\u00f0ar","article_modified_time":"2024-01-05T14:53:26+00:00","twitter_card":"summary_large_image","twitter_misc":{"Est. reading time":"2 minutes"},"schema":{"@context":"https:\/\/schema.org","@graph":[{"@type":"WebPage","@id":"https:\/\/dev.borgarbyggd.is\/gbf\/skolinn\/gildi-skolans-2\/","url":"https:\/\/dev.borgarbyggd.is\/gbf\/skolinn\/gildi-skolans-2\/","name":"Stefna og markmi\u00f0 sk\u00f3lans - Grunnsk\u00f3li Borgarfjar\u00f0ar","isPartOf":{"@id":"https:\/\/dev.borgarbyggd.is\/gbf\/#website"},"datePublished":"2023-11-02T11:19:52+00:00","dateModified":"2024-01-05T14:53:26+00:00","breadcrumb":{"@id":"https:\/\/dev.borgarbyggd.is\/gbf\/skolinn\/gildi-skolans-2\/#breadcrumb"},"inLanguage":"is","potentialAction":[{"@type":"ReadAction","target":["https:\/\/dev.borgarbyggd.is\/gbf\/skolinn\/gildi-skolans-2\/"]}]},{"@type":"BreadcrumbList","@id":"https:\/\/dev.borgarbyggd.is\/gbf\/skolinn\/gildi-skolans-2\/#breadcrumb","itemListElement":[{"@type":"ListItem","position":1,"name":"Home","item":"https:\/\/dev.borgarbyggd.is\/gbf\/"},{"@type":"ListItem","position":2,"name":"Sk\u00f3linn","item":"https:\/\/dev.borgarbyggd.is\/gbf\/skolinn\/"},{"@type":"ListItem","position":3,"name":"Stefna og markmi\u00f0 sk\u00f3lans"}]},{"@type":"WebSite","@id":"https:\/\/dev.borgarbyggd.is\/gbf\/#website","url":"https:\/\/dev.borgarbyggd.is\/gbf\/","name":"Grunnsk\u00f3li Borgarfjar\u00f0ar","description":"","potentialAction":[{"@type":"SearchAction","target":{"@type":"EntryPoint","urlTemplate":"https:\/\/dev.borgarbyggd.is\/gbf\/?s={search_term_string}"},"query-input":{"@type":"PropertyValueSpecification","valueRequired":true,"valueName":"search_term_string"}}],"inLanguage":"is"}]}},"_links":{"self":[{"href":"https:\/\/dev.borgarbyggd.is\/gbf\/wp-json\/wp\/v2\/pages\/392","targetHints":{"allow":["GET"]}}],"collection":[{"href":"https:\/\/dev.borgarbyggd.is\/gbf\/wp-json\/wp\/v2\/pages"}],"about":[{"href":"https:\/\/dev.borgarbyggd.is\/gbf\/wp-json\/wp\/v2\/types\/page"}],"author":[{"embeddable":true,"href":"https:\/\/dev.borgarbyggd.is\/gbf\/wp-json\/wp\/v2\/users\/30"}],"replies":[{"embeddable":true,"href":"https:\/\/dev.borgarbyggd.is\/gbf\/wp-json\/wp\/v2\/comments?post=392"}],"version-history":[{"count":0,"href":"https:\/\/dev.borgarbyggd.is\/gbf\/wp-json\/wp\/v2\/pages\/392\/revisions"}],"up":[{"embeddable":true,"href":"https:\/\/dev.borgarbyggd.is\/gbf\/wp-json\/wp\/v2\/pages\/15"}],"wp:attachment":[{"href":"https:\/\/dev.borgarbyggd.is\/gbf\/wp-json\/wp\/v2\/media?parent=392"}],"curies":[{"name":"wp","href":"https:\/\/api.w.org\/{rel}","templated":true}]}}