{"id":31,"date":"2023-07-25T16:40:34","date_gmt":"2023-07-25T16:40:34","guid":{"rendered":"https:\/\/dev.borgarbyggd.is\/gbf\/?page_id=31"},"modified":"2024-08-27T10:18:55","modified_gmt":"2024-08-27T10:18:55","slug":"saga-skolans","status":"publish","type":"page","link":"https:\/\/dev.borgarbyggd.is\/gbf\/skolinn\/saga-skolans\/","title":{"rendered":"Saga sk\u00f3lans"},"content":{"rendered":"<p><span data-contrast=\"none\">Hausti\u00f0 2010 h\u00f3f Grunnsk\u00f3li Borgarfjar\u00f0ar g\u00f6ngu s\u00edna sem sameina\u00f0ur sk\u00f3li \u00ed uppsveitum Borgarfjar\u00f0ar. Markmi\u00f0 sameiningarinnar var a\u00f0 uppsveitarsk\u00f3larnir st\u00f6rfu\u00f0u eftir s\u00f6mu stefnu, gildum og \u00e1herslum. Vel var sta\u00f0i\u00f0 a\u00f0 sameiningunni. Allir starfsmenn sk\u00f3lanna, \u00e1samt fulltr\u00faum fr\u00e6\u00f0sluyfirvalda \u00ed Borgarbygg\u00f0, fulltr\u00faum foreldra og nemenda t\u00f3ku \u00fe\u00e1tt \u00ed stefnum\u00f3tunarvinnu \u00ed \u00e1g\u00fast fyrir sk\u00f3labyrjun.<\/span><span data-ccp-props=\"{&quot;134233117&quot;:false,&quot;201341983&quot;:0,&quot;335559738&quot;:0,&quot;335559739&quot;:160,&quot;335559740&quot;:259}\">\u00a0<\/span><\/p>\n<p><span data-contrast=\"none\">Stj\u00f3rnun sk\u00f3lans var me\u00f0 \u00feeim h\u00e6tti a\u00f0 \u00e1 hverri deild var deildarstj\u00f3ri og einn sk\u00f3lastj\u00f3ri var yfir \u00f6llum deildum. Saman myndu\u00f0u \u00feeir stj\u00f3rnunarteymi sk\u00f3lans. Hefur \u00feetta stj\u00f3rnunarform haldist \u00f3breytt s\u00ed\u00f0an.<\/span><span data-ccp-props=\"{&quot;134233117&quot;:false,&quot;201341983&quot;:0,&quot;335559738&quot;:0,&quot;335559739&quot;:160,&quot;335559740&quot;:259}\">\u00a0<\/span><\/p>\n<p><span data-contrast=\"none\">\u00de\u00e6r sk\u00f3lastofnanir sem sameina\u00f0ar voru, voru Varmalandssk\u00f3li \u00ed Stafholtstungum sem haf\u00f0i starfa\u00f0 fr\u00e1 \u00e1rinu 1955 og Grunnsk\u00f3li Borgarfjar\u00f0ar sem \u00e1\u00f0ur var Andak\u00edlssk\u00f3li \u00e1 Hvanneyri en hann haf\u00f0i starfa\u00f0 fr\u00e1 \u00e1rinu 1975 og Kleppj\u00e1rnsreykjask\u00f3li sem stofna\u00f0ur var 1961. \u00deeir tveir sk\u00f3lar voru fyrst sameina\u00f0ir \u00e1ri\u00f0 2005 undir nafni Grunnsk\u00f3li Borgarfjar\u00f0arsveitar. \u00cd n\u00f3vember 2008 lag\u00f0i fr\u00e6\u00f0slunefnd Borgarbygg\u00f0ar til vi\u00f0 sveitarstj\u00f3rn a\u00f0 breyta nafni Grunnsk\u00f3la Borgarfjar\u00f0arsveitar \u00ed Grunnsk\u00f3li Borgarfjar\u00f0ar, \u00fea\u00f0 var gert og starfa\u00f0i hann undir \u00fev\u00ed nafni til 2010, \u00fear til sk\u00f3larnir tveir voru sameina\u00f0ir og \u00e1kve\u00f0i\u00f0 a\u00f0 nafn n\u00fdja sk\u00f3lans yr\u00f0i Grunnsk\u00f3li Borgarfjar\u00f0ar.<\/span><span data-ccp-props=\"{&quot;134233117&quot;:false,&quot;201341983&quot;:0,&quot;335559738&quot;:0,&quot;335559739&quot;:160,&quot;335559740&quot;:259}\">\u00a0<\/span><\/p>\n<p><span data-contrast=\"none\">Grunnsk\u00f3li Borgarfjar\u00f0ar er \u00feriggja deilda grunnsk\u00f3li \u00e1 Hvanneyri, Kleppj\u00e1rnsreykjum og Varmalandi. Oftast eru 190 \u2013 200 nemendur \u00ed sk\u00f3lanum \u00e1 hverju starfs\u00e1ri. \u00cd Hvanneyrardeild eru nemendur \u00ed 1.-5. bekk og koma flestir af Hvanneyrarsv\u00e6\u00f0inu og Skorradal. \u00c1 Kleppj\u00e1rnsreykjum er 1.-10. bekkur og koma nemendur \u00far Skorradal, B\u00e6jarsveit, Lundarreykjadal, Fl\u00f3kadal, Reykholtsdal, H\u00e1lsasveit og Hv\u00edt\u00e1rs\u00ed\u00f0u. Hausti\u00f0 2024 var bekkjardeildum \u00e1 Varmalandi f\u00e6kka\u00f0 \u00e1samt \u00fev\u00ed a\u00f0 breyta hluta h\u00fasn\u00e6\u00f0is \u00ed leiksk\u00f3lah\u00fasn\u00e6\u00f0i fyrir leiksk\u00f3lann Hraunborg. \u00c1 Varmalandi eru 1.- 4. bekkur og koma nemendur \u00far Stafholtstungum, \u00dever\u00e1rhl\u00ed\u00f0 og Nor\u00f0ur\u00e1rdal. Uppt\u00f6kusv\u00e6\u00f0i sk\u00f3lans er mj\u00f6g v\u00ed\u00f0femt og sk\u00f3laaksturslei\u00f0ir eru 11. \u00c1valt er reynt a\u00f0 ganga \u00fat fr\u00e1 \u00fev\u00ed a\u00f0 nemendur \u00feurfi ekki a\u00f0 vera lengur en 55 m\u00edn\u00fatur \u00e1 lei\u00f0 \u00ed sk\u00f3lann me\u00f0 sk\u00f3lab\u00edl. Einungis er ein heimfer\u00f0 \u00e1 dag me\u00f0 sk\u00f3lab\u00edlum, \u00fev\u00ed er yngstu nemendum sk\u00f3lans bo\u00f0i\u00f0 upp \u00e1 fr\u00edstund og t\u00f3mstundastarf \u00feegar \u00feeir hafa loki\u00f0 l\u00f6gbundnum kennslustundafj\u00f6lda.<\/span><span data-ccp-props=\"{&quot;134233117&quot;:false,&quot;201341983&quot;:0,&quot;335559738&quot;:0,&quot;335559739&quot;:160,&quot;335559740&quot;:259}\">\u00a0<\/span><\/p>\n<p><span data-contrast=\"none\">Allar deildir sk\u00f3lans b\u00faa vi\u00f0 \u00feann kost a\u00f0 vera vel \u00ed sveit settar hva\u00f0 ver\u00f0ar n\u00e1tt\u00farufegur\u00f0 og m\u00f6guleika til a\u00f0 stunda \u00fatikennslu og umhverfismennt. \u00datikennslusv\u00e6\u00f0i hefur veri\u00f0 komi\u00f0 upp \u00e1 hverjum sta\u00f0 fyrir sig og n\u00fdtist \u00fea\u00f0 vel til a\u00f0 au\u00f0ga n\u00e1m og kennslu. Borgarfjar\u00f0arh\u00e9ra\u00f0 \u00e1 s\u00e9r r\u00edka arflei\u00f0 \u00ed s\u00f6gu og menningu og \u00ed framt\u00ed\u00f0ars\u00fdn sk\u00f3lans er \u00fea\u00f0 me\u00f0al annars tilteki\u00f0 a\u00f0 sk\u00f3linn s\u00e9 sterkur \u00e1 svi\u00f0i i l\u00fd\u00f0heilsu, l\u00edfsleikni, list-og verkgreina, me\u00f0 tengingu vi\u00f0 n\u00e1tt\u00faru, arflei\u00f0, menningu og s\u00f6gu heimasv\u00e6\u00f0is.<\/span><span data-ccp-props=\"{&quot;134233117&quot;:false,&quot;201341983&quot;:0,&quot;335559738&quot;:0,&quot;335559739&quot;:160,&quot;335559740&quot;:259}\">\u00a0<\/span><\/p>\n<p><span data-contrast=\"none\">Sk\u00f3linn eykur fj\u00f6lbreytni s\u00edna \u00ed gengum \u00feessar \u00ferj\u00e1r starfsst\u00f6\u00f0var sem standa saman og vinna a\u00f0 \u00fev\u00ed a\u00f0 n\u00e1 st\u00f6\u00f0ugt betri \u00e1rangri.<\/span><span data-ccp-props=\"{&quot;134233117&quot;:false,&quot;201341983&quot;:0,&quot;335559738&quot;:0,&quot;335559739&quot;:160,&quot;335559740&quot;:259}\">\u00a0<\/span><\/p>\n<p><span data-ccp-props=\"{&quot;201341983&quot;:0,&quot;335559739&quot;:160,&quot;335559740&quot;:259}\">\u00a0<\/span><\/p>\n","protected":false},"excerpt":{"rendered":"<p>Hausti\u00f0 2010 h\u00f3f Grunnsk\u00f3li Borgarfjar\u00f0ar g\u00f6ngu s\u00edna sem sameina\u00f0ur sk\u00f3li \u00ed uppsveitum Borgarfjar\u00f0ar. Markmi\u00f0 sameiningarinnar var a\u00f0 uppsveitarsk\u00f3larnir st\u00f6rfu\u00f0u eftir s\u00f6mu stefnu, gildum og \u00e1herslum. Vel var sta\u00f0i\u00f0 a\u00f0 sameiningunni. Allir starfsmenn sk\u00f3lanna, \u00e1samt fulltr\u00faum fr\u00e6\u00f0sluyfirvalda \u00ed Borgarbygg\u00f0, fulltr\u00faum foreldra og nemenda t\u00f3ku \u00fe\u00e1tt \u00ed stefnum\u00f3tunarvinnu \u00ed \u00e1g\u00fast fyrir sk\u00f3labyrjun.\u00a0 Stj\u00f3rnun sk\u00f3lans var me\u00f0 \u00feeim h\u00e6tti a\u00f0 \u00e1 hverri deild &#8230; <\/p>\n<div><a href=\"https:\/\/dev.borgarbyggd.is\/gbf\/skolinn\/saga-skolans\/\" class=\"more-link\">Read More<\/a><\/div>\n","protected":false},"author":1,"featured_media":0,"parent":15,"menu_order":0,"comment_status":"closed","ping_status":"closed","template":"","meta":{"_acf_changed":false,"footnotes":""},"class_list":["post-31","page","type-page","status-publish","hentry","no-post-thumbnail"],"acf":{"quickaccess":false},"yoast_head":"<!-- This site is optimized with the Yoast SEO plugin v24.0 - https:\/\/yoast.com\/wordpress\/plugins\/seo\/ -->\n<title>Saga sk\u00f3lans - Grunnsk\u00f3li Borgarfjar\u00f0ar<\/title>\n<meta name=\"robots\" content=\"noindex, follow, max-snippet:-1, max-image-preview:large, max-video-preview:-1\" \/>\n<meta property=\"og:locale\" content=\"is_IS\" \/>\n<meta property=\"og:type\" content=\"article\" \/>\n<meta property=\"og:title\" content=\"Saga sk\u00f3lans - Grunnsk\u00f3li Borgarfjar\u00f0ar\" \/>\n<meta property=\"og:description\" content=\"Hausti\u00f0 2010 h\u00f3f Grunnsk\u00f3li Borgarfjar\u00f0ar g\u00f6ngu s\u00edna sem sameina\u00f0ur sk\u00f3li \u00ed uppsveitum Borgarfjar\u00f0ar. Markmi\u00f0 sameiningarinnar var a\u00f0 uppsveitarsk\u00f3larnir st\u00f6rfu\u00f0u eftir s\u00f6mu stefnu, gildum og \u00e1herslum. Vel var sta\u00f0i\u00f0 a\u00f0 sameiningunni. Allir starfsmenn sk\u00f3lanna, \u00e1samt fulltr\u00faum fr\u00e6\u00f0sluyfirvalda \u00ed Borgarbygg\u00f0, fulltr\u00faum foreldra og nemenda t\u00f3ku \u00fe\u00e1tt \u00ed stefnum\u00f3tunarvinnu \u00ed \u00e1g\u00fast fyrir sk\u00f3labyrjun.\u00a0 Stj\u00f3rnun sk\u00f3lans var me\u00f0 \u00feeim h\u00e6tti a\u00f0 \u00e1 hverri deild ... Read More\" \/>\n<meta property=\"og:url\" content=\"https:\/\/dev.borgarbyggd.is\/gbf\/skolinn\/saga-skolans\/\" \/>\n<meta property=\"og:site_name\" content=\"Grunnsk\u00f3li Borgarfjar\u00f0ar\" \/>\n<meta property=\"article:modified_time\" content=\"2024-08-27T10:18:55+00:00\" \/>\n<meta name=\"twitter:card\" content=\"summary_large_image\" \/>\n<meta name=\"twitter:label1\" content=\"Est. reading time\" \/>\n\t<meta name=\"twitter:data1\" content=\"3 minutes\" \/>\n<script type=\"application\/ld+json\" class=\"yoast-schema-graph\">{\"@context\":\"https:\/\/schema.org\",\"@graph\":[{\"@type\":\"WebPage\",\"@id\":\"https:\/\/dev.borgarbyggd.is\/gbf\/skolinn\/saga-skolans\/\",\"url\":\"https:\/\/dev.borgarbyggd.is\/gbf\/skolinn\/saga-skolans\/\",\"name\":\"Saga sk\u00f3lans - Grunnsk\u00f3li Borgarfjar\u00f0ar\",\"isPartOf\":{\"@id\":\"https:\/\/dev.borgarbyggd.is\/gbf\/#website\"},\"datePublished\":\"2023-07-25T16:40:34+00:00\",\"dateModified\":\"2024-08-27T10:18:55+00:00\",\"breadcrumb\":{\"@id\":\"https:\/\/dev.borgarbyggd.is\/gbf\/skolinn\/saga-skolans\/#breadcrumb\"},\"inLanguage\":\"is\",\"potentialAction\":[{\"@type\":\"ReadAction\",\"target\":[\"https:\/\/dev.borgarbyggd.is\/gbf\/skolinn\/saga-skolans\/\"]}]},{\"@type\":\"BreadcrumbList\",\"@id\":\"https:\/\/dev.borgarbyggd.is\/gbf\/skolinn\/saga-skolans\/#breadcrumb\",\"itemListElement\":[{\"@type\":\"ListItem\",\"position\":1,\"name\":\"Home\",\"item\":\"https:\/\/dev.borgarbyggd.is\/gbf\/\"},{\"@type\":\"ListItem\",\"position\":2,\"name\":\"Sk\u00f3linn\",\"item\":\"https:\/\/dev.borgarbyggd.is\/gbf\/skolinn\/\"},{\"@type\":\"ListItem\",\"position\":3,\"name\":\"Saga sk\u00f3lans\"}]},{\"@type\":\"WebSite\",\"@id\":\"https:\/\/dev.borgarbyggd.is\/gbf\/#website\",\"url\":\"https:\/\/dev.borgarbyggd.is\/gbf\/\",\"name\":\"Grunnsk\u00f3li Borgarfjar\u00f0ar\",\"description\":\"\",\"potentialAction\":[{\"@type\":\"SearchAction\",\"target\":{\"@type\":\"EntryPoint\",\"urlTemplate\":\"https:\/\/dev.borgarbyggd.is\/gbf\/?s={search_term_string}\"},\"query-input\":{\"@type\":\"PropertyValueSpecification\",\"valueRequired\":true,\"valueName\":\"search_term_string\"}}],\"inLanguage\":\"is\"}]}<\/script>\n<!-- \/ Yoast SEO plugin. -->","yoast_head_json":{"title":"Saga sk\u00f3lans - Grunnsk\u00f3li Borgarfjar\u00f0ar","robots":{"index":"noindex","follow":"follow","max-snippet":"max-snippet:-1","max-image-preview":"max-image-preview:large","max-video-preview":"max-video-preview:-1"},"og_locale":"is_IS","og_type":"article","og_title":"Saga sk\u00f3lans - Grunnsk\u00f3li Borgarfjar\u00f0ar","og_description":"Hausti\u00f0 2010 h\u00f3f Grunnsk\u00f3li Borgarfjar\u00f0ar g\u00f6ngu s\u00edna sem sameina\u00f0ur sk\u00f3li \u00ed uppsveitum Borgarfjar\u00f0ar. Markmi\u00f0 sameiningarinnar var a\u00f0 uppsveitarsk\u00f3larnir st\u00f6rfu\u00f0u eftir s\u00f6mu stefnu, gildum og \u00e1herslum. Vel var sta\u00f0i\u00f0 a\u00f0 sameiningunni. Allir starfsmenn sk\u00f3lanna, \u00e1samt fulltr\u00faum fr\u00e6\u00f0sluyfirvalda \u00ed Borgarbygg\u00f0, fulltr\u00faum foreldra og nemenda t\u00f3ku \u00fe\u00e1tt \u00ed stefnum\u00f3tunarvinnu \u00ed \u00e1g\u00fast fyrir sk\u00f3labyrjun.\u00a0 Stj\u00f3rnun sk\u00f3lans var me\u00f0 \u00feeim h\u00e6tti a\u00f0 \u00e1 hverri deild ... Read More","og_url":"https:\/\/dev.borgarbyggd.is\/gbf\/skolinn\/saga-skolans\/","og_site_name":"Grunnsk\u00f3li Borgarfjar\u00f0ar","article_modified_time":"2024-08-27T10:18:55+00:00","twitter_card":"summary_large_image","twitter_misc":{"Est. reading time":"3 minutes"},"schema":{"@context":"https:\/\/schema.org","@graph":[{"@type":"WebPage","@id":"https:\/\/dev.borgarbyggd.is\/gbf\/skolinn\/saga-skolans\/","url":"https:\/\/dev.borgarbyggd.is\/gbf\/skolinn\/saga-skolans\/","name":"Saga sk\u00f3lans - Grunnsk\u00f3li Borgarfjar\u00f0ar","isPartOf":{"@id":"https:\/\/dev.borgarbyggd.is\/gbf\/#website"},"datePublished":"2023-07-25T16:40:34+00:00","dateModified":"2024-08-27T10:18:55+00:00","breadcrumb":{"@id":"https:\/\/dev.borgarbyggd.is\/gbf\/skolinn\/saga-skolans\/#breadcrumb"},"inLanguage":"is","potentialAction":[{"@type":"ReadAction","target":["https:\/\/dev.borgarbyggd.is\/gbf\/skolinn\/saga-skolans\/"]}]},{"@type":"BreadcrumbList","@id":"https:\/\/dev.borgarbyggd.is\/gbf\/skolinn\/saga-skolans\/#breadcrumb","itemListElement":[{"@type":"ListItem","position":1,"name":"Home","item":"https:\/\/dev.borgarbyggd.is\/gbf\/"},{"@type":"ListItem","position":2,"name":"Sk\u00f3linn","item":"https:\/\/dev.borgarbyggd.is\/gbf\/skolinn\/"},{"@type":"ListItem","position":3,"name":"Saga sk\u00f3lans"}]},{"@type":"WebSite","@id":"https:\/\/dev.borgarbyggd.is\/gbf\/#website","url":"https:\/\/dev.borgarbyggd.is\/gbf\/","name":"Grunnsk\u00f3li Borgarfjar\u00f0ar","description":"","potentialAction":[{"@type":"SearchAction","target":{"@type":"EntryPoint","urlTemplate":"https:\/\/dev.borgarbyggd.is\/gbf\/?s={search_term_string}"},"query-input":{"@type":"PropertyValueSpecification","valueRequired":true,"valueName":"search_term_string"}}],"inLanguage":"is"}]}},"_links":{"self":[{"href":"https:\/\/dev.borgarbyggd.is\/gbf\/wp-json\/wp\/v2\/pages\/31","targetHints":{"allow":["GET"]}}],"collection":[{"href":"https:\/\/dev.borgarbyggd.is\/gbf\/wp-json\/wp\/v2\/pages"}],"about":[{"href":"https:\/\/dev.borgarbyggd.is\/gbf\/wp-json\/wp\/v2\/types\/page"}],"author":[{"embeddable":true,"href":"https:\/\/dev.borgarbyggd.is\/gbf\/wp-json\/wp\/v2\/users\/1"}],"replies":[{"embeddable":true,"href":"https:\/\/dev.borgarbyggd.is\/gbf\/wp-json\/wp\/v2\/comments?post=31"}],"version-history":[{"count":0,"href":"https:\/\/dev.borgarbyggd.is\/gbf\/wp-json\/wp\/v2\/pages\/31\/revisions"}],"up":[{"embeddable":true,"href":"https:\/\/dev.borgarbyggd.is\/gbf\/wp-json\/wp\/v2\/pages\/15"}],"wp:attachment":[{"href":"https:\/\/dev.borgarbyggd.is\/gbf\/wp-json\/wp\/v2\/media?parent=31"}],"curies":[{"name":"wp","href":"https:\/\/api.w.org\/{rel}","templated":true}]}}