{"id":28,"date":"2023-07-25T16:39:48","date_gmt":"2023-07-25T16:39:48","guid":{"rendered":"https:\/\/dev.borgarbyggd.is\/gbf\/?page_id=28"},"modified":"2023-12-14T13:29:45","modified_gmt":"2023-12-14T13:29:45","slug":"foreldrar","status":"publish","type":"page","link":"https:\/\/dev.borgarbyggd.is\/gbf\/foreldrar\/","title":{"rendered":"Foreldrar"},"content":{"rendered":"<div style=\"text-align: left\"><strong>\u00c1byrg\u00f0arsvi\u00f0 foreldra<\/strong><\/div>\n<div>\n<div id=\"\" class=\"x-text\">\n<p style=\"text-align: left\">Hlutverk sk\u00f3lans, \u00ed samvinnu vi\u00f0 heimilin, er a\u00f0 b\u00faa nemendur undir l\u00edf og starf \u00ed l\u00fd\u00f0r\u00e6\u00f0is\u00fej\u00f3\u00f0f\u00e9lagi sem er \u00ed s\u00edfelldri \u00fer\u00f3un. \u00dea\u00f0 er sameiginlegt verkefni sk\u00f3lans og foreldra a\u00f0 bj\u00f3\u00f0a nemendum upp \u00e1 sem besta menntun sem stu\u00f0lar a\u00f0 alhli\u00f0a \u00feroska \u00feeirra. Til a\u00f0 svo megi ver\u00f0a er mikilv\u00e6gt a\u00f0 samstarf heimilis og sk\u00f3la s\u00e9 sem fars\u00e6last og einkennist af gagnkv\u00e6mri vir\u00f0ingu, gagnkv\u00e6mu trausti, sam\u00e1byrg\u00f0 og gagnkv\u00e6mri uppl\u00fdsingami\u00f0lun.<\/p>\n<\/div>\n<div id=\"\" class=\"x-text\">\n<ul type=\"disc\">\n<li style=\"text-align: left\">Foreldrar bera frum\u00e1byrg\u00f0 \u00e1 uppeldi barna sinna. \u00c1 \u00feeim hv\u00edlir s\u00fa skylda a\u00f0 b\u00f6rnin s\u00e6ki sk\u00f3la og a\u00f0 \u00feau s\u00e9u m\u00f3tt\u00e6kileg fyrir \u00feeirri menntun sem sk\u00f3linn annast.<\/li>\n<li style=\"text-align: left\">Meginhlutverk foreldra er a\u00f0 sj\u00e1 til \u00feess a\u00f0 barni\u00f0 f\u00e1i gott atl\u00e6ti (m.a. n\u00e6gan svefn og hollan mat), m\u00e6ti stundv\u00edslega \u00ed sk\u00f3lann me\u00f0 nau\u00f0synleg n\u00e1msg\u00f6gn og undirb\u00fai\u00f0 til a\u00f0 takast \u00e1 vi\u00f0 sk\u00f3laverkefni dagsins.<\/li>\n<li style=\"text-align: left\">Foreldrar sj\u00e1i til \u00feess a\u00f0 nemandi stundi ekki vinnu \u00e1 starfst\u00edma sk\u00f3la valdi h\u00fan \u00fev\u00ed a\u00f0 hann geti ekki r\u00e6kt n\u00e1m sitt eins vel og best ver\u00f0ur \u00e1 kosi\u00f0.<\/li>\n<li style=\"text-align: left\">Foreldrar skulu fylgjast af \u00e1huga me\u00f0 n\u00e1mi og sk\u00f3lastarfi barns s\u00edns og taka virkan \u00fe\u00e1tt \u00ed starfinu.<\/li>\n<li style=\"text-align: left\">Foreldrar skulu leggja \u00e1herslu \u00e1 a\u00f0 barni\u00f0 skili sem bestum \u00e1rangri mi\u00f0a\u00f0 vi\u00f0 h\u00e6fileika og getu, hl\u00faa a\u00f0 og a\u00f0sto\u00f0a barni\u00f0 vi\u00f0 heimaverkefni.<\/li>\n<li style=\"text-align: left\">Foreldrar bera \u00e1byrg\u00f0 \u00e1 a\u00f0 b\u00f6rn \u00feeirra fari eftir gildandi l\u00f6gum og reglum, m.a. reglum um \u00fativist.<\/li>\n<li style=\"text-align: left\">H\u00f6fum \u00fea\u00f0 a\u00f0 lei\u00f0arlj\u00f3si a\u00f0 \u00e1hugi, a\u00f0hald, j\u00e1kv\u00e6\u00f0 hvatning, g\u00f3\u00f0 lei\u00f0s\u00f6gn og gagnkv\u00e6m vir\u00f0ing eru \u00e1v\u00edsun \u00e1 g\u00f3\u00f0an \u00e1rangur.<\/li>\n<\/ul>\n<p style=\"text-align: left\"><strong>Samvinna heimilis og sk\u00f3la felst m.a. \u00ed \u00fev\u00ed a\u00f0:<\/strong><\/p>\n<\/div>\n<\/div>\n<div>\n<div id=\"\" class=\"x-text\">\n<ul type=\"disc\">\n<li style=\"text-align: left\">Haldnir eru kynningarfundir a\u00f0 hausti fyrir foreldra \u00fear sem fjalla\u00f0 er um vetrarstarfi\u00f0.<\/li>\n<li style=\"text-align: left\">Foreldrasamt\u00f6l eru tvisvar \u00e1 vetri.<\/li>\n<li style=\"text-align: left\">Sk\u00f3linn er \u00e1vallt opinn foreldrum og vi\u00f0 hvetjum foreldra til a\u00f0 heims\u00e6kja barni\u00f0 \u00ed sk\u00f3lann og taka \u00fe\u00e1tt \u00ed \u00fev\u00ed starfi sem fer fram \u00fear.<\/li>\n<li style=\"text-align: left\">Vikufr\u00e9ttir koma \u00fat vikulega fr\u00e1 umsj\u00f3narkennurum, me\u00f0 fr\u00e9ttum af atbur\u00f0um \u00ed komandi viku.<\/li>\n<\/ul>\n<\/div>\n<\/div>\n<div><\/div>\n<section class=\"accordion\">\n<div class=\"accordiontitle\">Stj\u00f3rn foreldraf\u00e9lagsins 2023-2024<\/div>\n<div class=\"accordionbody\">\n<p style=\"text-align: left\">Hafd\u00eds J\u00f3hannsd\u00f3ttir forma\u00f0ur<br \/>\nJohanna Karin Knudsen gjaldkeri<br \/>\nSoff\u00eda Anna Sveinsd\u00f3ttir ritari<\/p>\n<p style=\"text-align: left\">Elsa \u00deorbjarnard\u00f3ttir varama\u00f0ur<br \/>\nErla R\u00fan R\u00fanarsd\u00f3ttir varama\u00f0ur<\/p>\n<p style=\"text-align: left\">\u00c1lfhei\u00f0ur Sverrisd\u00f3ttir sko\u00f0unarma\u00f0ur reikninga<br \/>\nS\u00e6var Birgir \u00d3lafsson sko\u00f0unarma\u00f0ur reikninga<\/p>\n<\/div>\n<\/section>\n<div>\n<div><\/div>\n<section class=\"accordion\">\n<div class=\"accordiontitle\">L\u00f6g foreldraf\u00e9lags Grunnsk\u00f3la Borgarfjar\u00f0ar<\/div>\n<div class=\"accordionbody\">\n<p style=\"text-align: left\">L\u00f6g foreldraf\u00e9lags Grunnsk\u00f3la Borgarfjar\u00f0ar<\/p>\n<p>1. grein<\/p>\n<p style=\"text-align: left\">F\u00e9lagi\u00f0 heitir Foreldraf\u00e9lag Grunnsk\u00f3la Borgarfjar\u00f0ar. Starfst\u00f6\u00f0var Grunnsk\u00f3la Borgarfjar\u00f0ar eru a\u00f0 Hvanneyri, Kleppj\u00e1rnsreykjum og Varmalandi. F\u00e9lagar teljast allir forr\u00e1\u00f0amenn nemenda sk\u00f3lans.<\/p>\n<p>2. grein<\/p>\n<p style=\"text-align: left\">Markmi\u00f0 f\u00e9lagsins er a\u00f0:<\/p>\n<ul style=\"text-align: left\">\n<li>vera samstarfsvettvangur foreldra sem eiga b\u00f6rn \u00ed sk\u00f3lanum og efla tengsl \u00e1 milli foreldra og barna \u00ed \u00f6llum starfsdeildum GBF og \u00e1 milli starfsst\u00f6\u00f0va.<\/li>\n<li>efla og tryggja gott samstarf foreldra og starfsf\u00f3lks sk\u00f3lans.<\/li>\n<li>sty\u00f0ja heimili og sk\u00f3la vi\u00f0 a\u00f0 skapa nemendum g\u00f3\u00f0 uppeldis- og menntunarskilyr\u00f0i.<\/li>\n<li>koma \u00e1 framf\u00e6ri sj\u00f3narmi\u00f0um foreldra var\u00f0andi sk\u00f3la- og uppeldism\u00e1l.<\/li>\n<li>standa v\u00f6r\u00f0 um r\u00e9ttindi barna til mennta og aukins \u00feroska.<\/li>\n<\/ul>\n<p>3. grein<\/p>\n<p style=\"text-align: left\">Tilgangi s\u00ednum hyggst f\u00e9lagi\u00f0 n\u00e1 m.a. me\u00f0 \u00fev\u00ed a\u00f0:<\/p>\n<ul style=\"text-align: left\">\n<li>skipuleggja og sty\u00f0ja utan um starf bekkjarfulltr\u00faa \u00ed hverjum bekk.<\/li>\n<li>koma \u00e1 umr\u00e6\u00f0u- og fr\u00e6\u00f0slufundum um uppeldis- og sk\u00f3lam\u00e1l.<\/li>\n<li>kj\u00f3sa fulltr\u00faa \u00ed sk\u00f3lar\u00e1\u00f0 samkv\u00e6mt reglum f\u00e9lagsins.<\/li>\n<li>standa a\u00f0 uppl\u00fdsingami\u00f0lun til foreldra \u00ed samstarfi vi\u00f0 GBF m.a. \u00fear sem birtar eru fundarger\u00f0ir og anna\u00f0 er vi\u00f0v\u00edkur starfsemi f\u00e9lagsins.<\/li>\n<li>veita sk\u00f3layfirv\u00f6ldum li\u00f0 svo a\u00f0 a\u00f0st\u00e6\u00f0ur til n\u00e1ms og f\u00e9lagslegra starfa ver\u00f0i sem bestar.<\/li>\n<li>sty\u00f0ja og efla hverja \u00fe\u00e1 starfsemi, sem stu\u00f0lar a\u00f0 auknum \u00feroska og menningu sk\u00f3lans.<\/li>\n<li>taka \u00fe\u00e1tt \u00ed samstarfi vi\u00f0 \u00f6nnur foreldraf\u00e9l\u00f6g, sv\u00e6\u00f0isr\u00e1\u00f0 og landssamt\u00f6k foreldra.<\/li>\n<\/ul>\n<p>4. grein<\/p>\n<p style=\"text-align: left\">Stj\u00f3rn f\u00e9lagsins skipa \u00feremur foreldrum\/forr\u00e1\u00f0am\u00f6nnum. Starfsheiti stj\u00f3rnar forma\u00f0ur, ritari og gjaldkeri. Ritara og gjaldkera skulu kj\u00f6rnir til eins \u00e1rs \u00ed senn, forma\u00f0ur skal kosinn til tveggja \u00e1ra \u00ed senn. Sj\u00e1 reglur um kj\u00f6r stj\u00f3rnar.<\/p>\n<p>5. grein<\/p>\n<p style=\"text-align: left\">Bekkjartenglar starfa \u00e1 vegum foreldraf\u00e9lagsins sem setur \u00feeim starfsreglur. Bekkjartenglar mynda fulltr\u00faar\u00e1\u00f0 foreldraf\u00e9lagsins. Hlutverk bekkjartengla er a\u00f0 efla og styrkja samstarf foreldra og barna og leitast vi\u00f0 a\u00f0 treysta samband heimilis og sk\u00f3la innan hverrar bekkjardeildar me\u00f0 n\u00e1nu samstarfi vi\u00f0 umsj\u00f3narkennara. Stj\u00f3rn foreldraf\u00e9lagsins ber \u00e1byrg\u00f0 \u00e1 a\u00f0 \u00ed upphafi sk\u00f3la\u00e1rs s\u00e9u kosnir einn til tveir tenglar forr\u00e1\u00f0amanna \u00far hverri bekkjardeild til eins \u00e1rs \u00ed senn. Bekkjartenglar skulu ver\u00f0a valdir fyrir 1. september \u00e1r hvert. Bekkjartengill e\u00f0a sta\u00f0gengill hans hefur skyldusetu \u00e1 a\u00f0alfundi.<\/p>\n<p>6. grein<\/p>\n<p style=\"text-align: left\">A\u00f0alfundur skal haldinn a\u00f0 vori \u00ed \u00e1r hvert. M\u00e1lfrelsi, atkv\u00e6\u00f0isr\u00e9tt og till\u00f6gur\u00e9tt \u00e1 a\u00f0alfundi hafa allir foreldrar\/forr\u00e1\u00f0amanna nemenda GBF. Atkv\u00e6\u00f0isr\u00e9tt \u00e1 a\u00f0alfundi hafa allir bekkjartenglar \u00e1samt stj\u00f3rn foreldraf\u00e9lagsins. Stj\u00f3rnin bo\u00f0ar til fundarins \u00ed samstarfi vi\u00f0 fulltr\u00faa foreldra \u00ed sk\u00f3lar\u00e1\u00f0inu me\u00f0 minnst viku fyrirvara. A\u00f0alfundur er l\u00f6glegur ef l\u00f6glega er til hans bo\u00f0a\u00f0. \u00cd fundarbo\u00f0i skal kynna efni fundarins.<\/p>\n<p style=\"text-align: left\">Verkefni a\u00f0alfundar:<\/p>\n<p style=\"text-align: left\">Kosning fundarstj\u00f3ra og fundarritara<br \/>\nSk\u00fdrsla stj\u00f3rnar<br \/>\nLagabreytingar<br \/>\nReikningar lag\u00f0ir fram til sam\u00feykktar<br \/>\nSta\u00f0festing \u00e1 vali stj\u00f3rnarmanna, (sj\u00e1 reglur)<br \/>\nKosning tveggja sko\u00f0unarmanna reikninga<br \/>\nSk\u00fdrsla fulltr\u00faa foreldra \u00ed sk\u00f3lar\u00e1\u00f0i<br \/>\nSta\u00f0festing \u00e1 vali 3 fulltr\u00faa \u00ed sk\u00f3lar\u00e1\u00f0 samkv\u00e6mt starfsreglum f\u00e9lagsins<br \/>\n\u00d6nnur m\u00e1l<\/p>\n<p style=\"text-align: left\">7. grein<\/p>\n<p style=\"text-align: left\">Stj\u00f3rn foreldraf\u00e9lagsins getur skipa\u00f0 nefndir um afm\u00f6rku\u00f0 verkefni. Stj\u00f3rnin ber \u00e1byrg\u00f0 \u00e1 st\u00f6rfum nefnda og setur \u00feeim erindisbr\u00e9f.<\/p>\n<p style=\"text-align: left\">8. grein<\/p>\n<p style=\"text-align: left\">Fulltr\u00faar\u00e1\u00f0i\u00f0 skal koma saman eigi sjaldnar en tvisvar \u00e1 sk\u00f3la\u00e1rinu og oftar \u00feurfa \u00feykir. Fyrsti fundur skal haldinn \u00ed upphafi sk\u00f3la\u00e1rs. Stj\u00f3rn f\u00e9lagsins undirb\u00fdr og bo\u00f0ar til \u00feessara funda \u00ed samstarfi vi\u00f0 stj\u00f3rnendur hverrar deildar. \u00dear skulu r\u00e6dd m\u00e1l er var\u00f0a markmi\u00f0 og starf foreldraf\u00e9lagsins, starf bekkjartengla og verkefni sk\u00f3lar\u00e1\u00f0s. Fulltr\u00faar\u00e1\u00f0 skal a\u00f0sto\u00f0a stj\u00f3rn f\u00e9lagsins \u00ed st\u00e6rri verkefnum.<\/p>\n<p style=\"text-align: left\">9. grein<\/p>\n<p style=\"text-align: left\">Stj\u00f3rn foreldraf\u00e9lagsins skal ekki sinna kl\u00f6gum\u00e1lum e\u00f0a hafa afskipti af vandam\u00e1lum er upp kunna a\u00f0 koma \u00e1 milli einstakra foreldra og starfsmanna sk\u00f3lans.<\/p>\n<p style=\"text-align: left\">10. grein<\/p>\n<p style=\"text-align: left\">Stj\u00f3rn foreldraf\u00e9lagsins er heimilt a\u00f0 \u00f3ska eftir \u00fev\u00ed a\u00f0 foreldrar grei\u00f0i framlag til f\u00e9lagsins. \u00deetta framlag er innheimt \u00e1rlega og er \u00e1kve\u00f0i\u00f0 \u00e1 a\u00f0alfundi.<\/p>\n<p style=\"text-align: left\">11. grein<\/p>\n<p style=\"text-align: left\">\u00c1kv\u00f6r\u00f0un um slit f\u00e9lagsins ver\u00f0ur tekin me\u00f0 einf\u00f6ldum meirihluta \u00e1 a\u00f0alfundi og renna \u00fe\u00e1 eignir \u00feess til sk\u00f3lans.<\/p>\n<p style=\"text-align: left\">12. grein<\/p>\n<p style=\"text-align: left\">L\u00f6gum \u00feessum m\u00e1 breyta me\u00f0 einf\u00f6ldum meirihluta \u00e1 a\u00f0alfundi, enda s\u00e9 lagabreytinga geti\u00f0 \u00ed fundarbo\u00f0i.<\/p>\n<p style=\"text-align: left\">13. grein<\/p>\n<p style=\"text-align: left\">Br\u00e1\u00f0abirg\u00f0a\u00e1kv\u00e6\u00f0i. \u00c1 fyrsta a\u00f0alfundi Foreldraf\u00e9lags Grunnsk\u00f3la Borgarfjar\u00f0ar, vori\u00f0 2013, kj\u00f3sa foreldrar barna \u00ed sk\u00f3lanum stj\u00f3rn f\u00e9lagins til eins \u00e1rs.<\/p>\n<p style=\"text-align: left\">\u00deannig sam\u00feykkt \u00e1 a\u00f0alfundi \u00feann 3. j\u00fan\u00ed 2013<\/p>\n<p style=\"text-align: left\">Reglur um kj\u00f6r stj\u00f3rnar Foreldraf\u00e9lags GBF og kj\u00f6r bekkjatengla sem mynda fulltr\u00faar\u00e1\u00f0 Foreldraf\u00e9lagsins GBF.<\/p>\n<ol style=\"text-align: left\">\n<li>Vi\u00f0eigandi fulltr\u00faar \u00ed stj\u00f3rn foreldraf\u00e9lagsins eru kosnir \u00e1 a\u00f0alfundi.<\/li>\n<li>Bekkjartengill er skipa\u00f0ur af foreldrum barna \u00ed hverjum bekk fyrir sig \u00ed upphafi sk\u00f3la\u00e1rs. Skal \u00fev\u00ed vera loki\u00f0 fyrir 31. \u00e1g\u00fast \u00e1r hvert. Heimilt er a\u00f0 skipa a\u00f0 h\u00e1marki tv\u00f6 bekkjartengla fyrir hvern bekk.<\/li>\n<\/ol>\n<p style=\"text-align: left\">\u00deannig sam\u00feykkt \u00e1 a\u00f0alfundi \u00feann 3. j\u00fan\u00ed 2013<\/p>\n<p style=\"text-align: left\">(uppf\u00e6rt 9. okt\u00f3ber 2014)<\/p>\n<\/div>\n<\/section>\n<div><\/div>\n<\/div>\n","protected":false},"excerpt":{"rendered":"<p>\u00c1byrg\u00f0arsvi\u00f0 foreldra Hlutverk sk\u00f3lans, \u00ed samvinnu vi\u00f0 heimilin, er a\u00f0 b\u00faa nemendur undir l\u00edf og starf \u00ed l\u00fd\u00f0r\u00e6\u00f0is\u00fej\u00f3\u00f0f\u00e9lagi sem er \u00ed s\u00edfelldri \u00fer\u00f3un. \u00dea\u00f0 er sameiginlegt verkefni sk\u00f3lans og foreldra a\u00f0 bj\u00f3\u00f0a nemendum upp \u00e1 sem besta menntun sem stu\u00f0lar a\u00f0 alhli\u00f0a \u00feroska \u00feeirra. Til a\u00f0 svo megi ver\u00f0a er mikilv\u00e6gt a\u00f0 samstarf heimilis og sk\u00f3la s\u00e9 sem fars\u00e6last og &#8230; <\/p>\n<div><a href=\"https:\/\/dev.borgarbyggd.is\/gbf\/foreldrar\/\" class=\"more-link\">Read More<\/a><\/div>\n","protected":false},"author":1,"featured_media":0,"parent":0,"menu_order":0,"comment_status":"closed","ping_status":"closed","template":"","meta":{"_acf_changed":false,"footnotes":""},"class_list":["post-28","page","type-page","status-publish","hentry","no-post-thumbnail"],"acf":{"quickaccess":false},"yoast_head":"<!-- This site is optimized with the Yoast SEO plugin v24.0 - https:\/\/yoast.com\/wordpress\/plugins\/seo\/ -->\n<title>Foreldrar - Grunnsk\u00f3li Borgarfjar\u00f0ar<\/title>\n<meta name=\"robots\" content=\"noindex, follow, max-snippet:-1, max-image-preview:large, max-video-preview:-1\" \/>\n<meta property=\"og:locale\" content=\"is_IS\" \/>\n<meta property=\"og:type\" content=\"article\" \/>\n<meta property=\"og:title\" content=\"Foreldrar - Grunnsk\u00f3li Borgarfjar\u00f0ar\" \/>\n<meta property=\"og:description\" content=\"\u00c1byrg\u00f0arsvi\u00f0 foreldra Hlutverk sk\u00f3lans, \u00ed samvinnu vi\u00f0 heimilin, er a\u00f0 b\u00faa nemendur undir l\u00edf og starf \u00ed l\u00fd\u00f0r\u00e6\u00f0is\u00fej\u00f3\u00f0f\u00e9lagi sem er \u00ed s\u00edfelldri \u00fer\u00f3un. \u00dea\u00f0 er sameiginlegt verkefni sk\u00f3lans og foreldra a\u00f0 bj\u00f3\u00f0a nemendum upp \u00e1 sem besta menntun sem stu\u00f0lar a\u00f0 alhli\u00f0a \u00feroska \u00feeirra. Til a\u00f0 svo megi ver\u00f0a er mikilv\u00e6gt a\u00f0 samstarf heimilis og sk\u00f3la s\u00e9 sem fars\u00e6last og ... Read More\" \/>\n<meta property=\"og:url\" content=\"https:\/\/dev.borgarbyggd.is\/gbf\/foreldrar\/\" \/>\n<meta property=\"og:site_name\" content=\"Grunnsk\u00f3li Borgarfjar\u00f0ar\" \/>\n<meta property=\"article:modified_time\" content=\"2023-12-14T13:29:45+00:00\" \/>\n<meta name=\"twitter:card\" content=\"summary_large_image\" \/>\n<meta name=\"twitter:label1\" content=\"Est. reading time\" \/>\n\t<meta name=\"twitter:data1\" content=\"6 minutes\" \/>\n<script type=\"application\/ld+json\" class=\"yoast-schema-graph\">{\"@context\":\"https:\/\/schema.org\",\"@graph\":[{\"@type\":\"WebPage\",\"@id\":\"https:\/\/dev.borgarbyggd.is\/gbf\/foreldrar\/\",\"url\":\"https:\/\/dev.borgarbyggd.is\/gbf\/foreldrar\/\",\"name\":\"Foreldrar - Grunnsk\u00f3li Borgarfjar\u00f0ar\",\"isPartOf\":{\"@id\":\"https:\/\/dev.borgarbyggd.is\/gbf\/#website\"},\"datePublished\":\"2023-07-25T16:39:48+00:00\",\"dateModified\":\"2023-12-14T13:29:45+00:00\",\"breadcrumb\":{\"@id\":\"https:\/\/dev.borgarbyggd.is\/gbf\/foreldrar\/#breadcrumb\"},\"inLanguage\":\"is\",\"potentialAction\":[{\"@type\":\"ReadAction\",\"target\":[\"https:\/\/dev.borgarbyggd.is\/gbf\/foreldrar\/\"]}]},{\"@type\":\"BreadcrumbList\",\"@id\":\"https:\/\/dev.borgarbyggd.is\/gbf\/foreldrar\/#breadcrumb\",\"itemListElement\":[{\"@type\":\"ListItem\",\"position\":1,\"name\":\"Home\",\"item\":\"https:\/\/dev.borgarbyggd.is\/gbf\/\"},{\"@type\":\"ListItem\",\"position\":2,\"name\":\"Foreldrar\"}]},{\"@type\":\"WebSite\",\"@id\":\"https:\/\/dev.borgarbyggd.is\/gbf\/#website\",\"url\":\"https:\/\/dev.borgarbyggd.is\/gbf\/\",\"name\":\"Grunnsk\u00f3li Borgarfjar\u00f0ar\",\"description\":\"\",\"potentialAction\":[{\"@type\":\"SearchAction\",\"target\":{\"@type\":\"EntryPoint\",\"urlTemplate\":\"https:\/\/dev.borgarbyggd.is\/gbf\/?s={search_term_string}\"},\"query-input\":{\"@type\":\"PropertyValueSpecification\",\"valueRequired\":true,\"valueName\":\"search_term_string\"}}],\"inLanguage\":\"is\"}]}<\/script>\n<!-- \/ Yoast SEO plugin. -->","yoast_head_json":{"title":"Foreldrar - Grunnsk\u00f3li Borgarfjar\u00f0ar","robots":{"index":"noindex","follow":"follow","max-snippet":"max-snippet:-1","max-image-preview":"max-image-preview:large","max-video-preview":"max-video-preview:-1"},"og_locale":"is_IS","og_type":"article","og_title":"Foreldrar - Grunnsk\u00f3li Borgarfjar\u00f0ar","og_description":"\u00c1byrg\u00f0arsvi\u00f0 foreldra Hlutverk sk\u00f3lans, \u00ed samvinnu vi\u00f0 heimilin, er a\u00f0 b\u00faa nemendur undir l\u00edf og starf \u00ed l\u00fd\u00f0r\u00e6\u00f0is\u00fej\u00f3\u00f0f\u00e9lagi sem er \u00ed s\u00edfelldri \u00fer\u00f3un. \u00dea\u00f0 er sameiginlegt verkefni sk\u00f3lans og foreldra a\u00f0 bj\u00f3\u00f0a nemendum upp \u00e1 sem besta menntun sem stu\u00f0lar a\u00f0 alhli\u00f0a \u00feroska \u00feeirra. Til a\u00f0 svo megi ver\u00f0a er mikilv\u00e6gt a\u00f0 samstarf heimilis og sk\u00f3la s\u00e9 sem fars\u00e6last og ... Read More","og_url":"https:\/\/dev.borgarbyggd.is\/gbf\/foreldrar\/","og_site_name":"Grunnsk\u00f3li Borgarfjar\u00f0ar","article_modified_time":"2023-12-14T13:29:45+00:00","twitter_card":"summary_large_image","twitter_misc":{"Est. reading time":"6 minutes"},"schema":{"@context":"https:\/\/schema.org","@graph":[{"@type":"WebPage","@id":"https:\/\/dev.borgarbyggd.is\/gbf\/foreldrar\/","url":"https:\/\/dev.borgarbyggd.is\/gbf\/foreldrar\/","name":"Foreldrar - Grunnsk\u00f3li Borgarfjar\u00f0ar","isPartOf":{"@id":"https:\/\/dev.borgarbyggd.is\/gbf\/#website"},"datePublished":"2023-07-25T16:39:48+00:00","dateModified":"2023-12-14T13:29:45+00:00","breadcrumb":{"@id":"https:\/\/dev.borgarbyggd.is\/gbf\/foreldrar\/#breadcrumb"},"inLanguage":"is","potentialAction":[{"@type":"ReadAction","target":["https:\/\/dev.borgarbyggd.is\/gbf\/foreldrar\/"]}]},{"@type":"BreadcrumbList","@id":"https:\/\/dev.borgarbyggd.is\/gbf\/foreldrar\/#breadcrumb","itemListElement":[{"@type":"ListItem","position":1,"name":"Home","item":"https:\/\/dev.borgarbyggd.is\/gbf\/"},{"@type":"ListItem","position":2,"name":"Foreldrar"}]},{"@type":"WebSite","@id":"https:\/\/dev.borgarbyggd.is\/gbf\/#website","url":"https:\/\/dev.borgarbyggd.is\/gbf\/","name":"Grunnsk\u00f3li Borgarfjar\u00f0ar","description":"","potentialAction":[{"@type":"SearchAction","target":{"@type":"EntryPoint","urlTemplate":"https:\/\/dev.borgarbyggd.is\/gbf\/?s={search_term_string}"},"query-input":{"@type":"PropertyValueSpecification","valueRequired":true,"valueName":"search_term_string"}}],"inLanguage":"is"}]}},"_links":{"self":[{"href":"https:\/\/dev.borgarbyggd.is\/gbf\/wp-json\/wp\/v2\/pages\/28","targetHints":{"allow":["GET"]}}],"collection":[{"href":"https:\/\/dev.borgarbyggd.is\/gbf\/wp-json\/wp\/v2\/pages"}],"about":[{"href":"https:\/\/dev.borgarbyggd.is\/gbf\/wp-json\/wp\/v2\/types\/page"}],"author":[{"embeddable":true,"href":"https:\/\/dev.borgarbyggd.is\/gbf\/wp-json\/wp\/v2\/users\/1"}],"replies":[{"embeddable":true,"href":"https:\/\/dev.borgarbyggd.is\/gbf\/wp-json\/wp\/v2\/comments?post=28"}],"version-history":[{"count":0,"href":"https:\/\/dev.borgarbyggd.is\/gbf\/wp-json\/wp\/v2\/pages\/28\/revisions"}],"wp:attachment":[{"href":"https:\/\/dev.borgarbyggd.is\/gbf\/wp-json\/wp\/v2\/media?parent=28"}],"curies":[{"name":"wp","href":"https:\/\/api.w.org\/{rel}","templated":true}]}}