{"id":19,"date":"2023-07-25T16:38:53","date_gmt":"2023-07-25T16:38:53","guid":{"rendered":"https:\/\/dev.borgarbyggd.is\/gbf\/?page_id=19"},"modified":"2025-09-05T12:09:49","modified_gmt":"2025-09-05T12:09:49","slug":"stodkerfi","status":"publish","type":"page","link":"https:\/\/dev.borgarbyggd.is\/gbf\/skolinn\/stodkerfi\/","title":{"rendered":"Sto\u00f0kerfi"},"content":{"rendered":"<div>Samkv\u00e6mt n\u00fdjum l\u00f6gum um fars\u00e6ld barna \u00fe\u00e1 \u00e1 tengili\u00f0ur fars\u00e6ldar a\u00f0 vera a\u00f0gengilegur \u00f6llum b\u00f6rnum og foreldrum. Tengili\u00f0ur fars\u00e6ldar hefur vi\u00f0eigandi \u00feekkingu til a\u00f0 geta veri\u00f0 foreldrum og barni innan handar. Hann r\u00e1\u00f0leggur \u00feeim og a\u00f0sto\u00f0ar vi\u00f0 a\u00f0 rata \u00ed gegnum kerfi\u00f0 og s\u00e6kja \u00fej\u00f3nustu vi\u00f0 h\u00e6fi.<\/div>\n<div><\/div>\n<div><a href=\"https:\/\/www.farsaeldbarna.is\/is\/tengilidur\">H\u00e9r m\u00e1 sj\u00e1 n\u00e1nari uppl\u00fdsingar um tengili\u00f0i<\/a><\/div>\n<div><\/div>\n<div>Tengili\u00f0ir \u00ed Grunnsk\u00f3la Borgarfjar\u00f0ar eru:<\/div>\n<div><strong>Hvanneyrardeild<\/strong> &#8211; Anna Krist\u00edn Gunnarsd\u00f3ttir<\/div>\n<div><strong>Kleppj\u00e1rnsreykjadeild<\/strong> &#8211; Mar\u00eda J\u00f3nsd\u00f3ttir<\/div>\n<div><strong>Varmalandsdeild<\/strong> &#8211; S\u00f3lr\u00fan Halla Bjarnad\u00f3ttir<\/div>\n<div><\/div>\n<section class=\"accordion\">\n<div class=\"accordiontitle\">Lausnateymi<\/div>\n<div class=\"accordionbody\">\n<p style=\"margin: 0px 0px 1.313em;color: #777777;font-family: 'Open Sans', sans-serif;font-size: 16px\">Lausnateymi er jafningjastu\u00f0ningur vi\u00f0 kennara og hlutverk \u00feess er a\u00f0 sko\u00f0a st\u00f6\u00f0u barns og leita sameiginlegra lausna \u00feannig a\u00f0 h\u00e6gt s\u00e9 a\u00f0 veita barninu og fj\u00f6lskyldu \u00feess stu\u00f0ning.<\/p>\n<p style=\"margin: 0px 0px 1.313em;color: #777777;font-family: 'Open Sans', sans-serif;font-size: 16px\">\u00cd lausnateymum er n\u00e1m, heg\u00f0un, \u00feroski og l\u00ed\u00f0an barns r\u00e6dd og \u00farr\u00e6\u00f0i fundin til \u00feess a\u00f0 breg\u00f0ast vi\u00f0 erfi\u00f0leikum e\u00f0a a\u00f0st\u00e6\u00f0um barns.<\/p>\n<p style=\"margin: 0px 0px 1.313em;color: #777777;font-family: 'Open Sans', sans-serif;font-size: 16px\">\u00deetta er gert \u00ed g\u00f3\u00f0u samstarfi vi\u00f0 foreldra barnsins og \u00feeir virkja\u00f0ir me\u00f0 \u00fea\u00f0 \u00ed huga a\u00f0 \u00farr\u00e6\u00f0in sem l\u00f6g\u00f0 eru til s\u00e9u n\u00fdtt b\u00e6\u00f0i \u00ed sk\u00f3la og \u00e1 heimili eftir \u00fev\u00ed sem \u00feurfa \u00feykir.<\/p>\n<p style=\"margin: 0px 0px 1.313em;color: #777777;font-family: 'Open Sans', sans-serif;font-size: 16px\">Me\u00f0 \u00fev\u00ed a\u00f0 taka m\u00e1l fyrir \u00ed lausnateymi er unni\u00f0 eftir hugmyndafr\u00e6\u00f0i snemmt\u00e6krar \u00edhlutunar og barn og foreldrar \u00feess a\u00f0sto\u00f0a\u00f0ir me\u00f0 \u00fea\u00f0 a\u00f0 markmi\u00f0i a\u00f0 efla l\u00edfsg\u00e6\u00f0i og framt\u00ed\u00f0arhorfur barns.<\/p>\n<p style=\"margin: 0px 0px 1.313em;color: #777777;font-family: 'Open Sans', sans-serif;font-size: 16px\">Vinnulag<\/p>\n<p style=\"margin: 0px 0px 1.313em;color: #777777;font-family: 'Open Sans', sans-serif;font-size: 16px\">Kennarar senda tilv\u00edsun til lausnateymis \u00e1 s\u00e9rst\u00f6ku ey\u00f0ubla\u00f0i ef \u00feeir telja sig \u00feurfa a\u00f0sto\u00f0 og\/e\u00f0a handlei\u00f0slu. Lausnateymi\u00f0 tekur fyrir tilv\u00edsanir fr\u00e1 kennurum.<\/p>\n<p style=\"margin: 0px 0px 1.313em;color: #777777;font-family: 'Open Sans', sans-serif;font-size: 16px\">Kennarar eru kalla\u00f0ir \u00e1 fund teymisins \u00fear sem unni\u00f0 er \u00ed lausnaleit. Ef umsj\u00f3narkennari er ekki tilv\u00edsandi er hann kalla\u00f0ur \u00e1 fund teymisins \u00e1samt tilv\u00edsunara\u00f0ila.<\/p>\n<p style=\"margin: 0px 0px 1.313em;color: #777777;font-family: 'Open Sans', sans-serif;font-size: 16px\">Fyllt er \u00fat lausnarbla\u00f0 teymisins \u00fear sem ger\u00f0 er \u00e1\u00e6tlun um n\u00e6stu skref.<\/p>\n<p style=\"margin: 0px 0px 1.313em;color: #777777;font-family: 'Open Sans', sans-serif;font-size: 16px\">Lausnateymi getur \u00f3ska\u00f0 eftir a\u00f0komu kennslur\u00e1\u00f0gjafa vegna vinnslu \u00e1kve\u00f0inna m\u00e1la, teymi\u00f0 getur afgreitt og sent bei\u00f0nir til talmeinafr\u00e6\u00f0inga og atferlisfr\u00e6\u00f0inga.<\/p>\n<p style=\"margin: 0px 0px 1.313em;color: #777777;font-family: 'Open Sans', sans-serif;font-size: 16px\">\u00deeim m\u00e1lum sem ekki hefur tekist a\u00f0 leysa me\u00f0 a\u00f0sto\u00f0 lausnateymis er v\u00edsa\u00f0 til nemendaverndarr\u00e1\u00f0s.<\/p>\n<\/div>\n<\/section>\n<div>\n<div><\/div>\n<section class=\"accordion\">\n<div class=\"accordiontitle\">Nemendaverndarr\u00e1\u00f0<\/div>\n<div class=\"accordionbody\">\n<p style=\"margin: 0px 0px 1.313em;color: #777777;font-family: 'Open Sans', sans-serif;font-size: 16px\">\u00cd regluger\u00f0 584\/2010 segir um starfsemi nemendaverndarr\u00e1\u00f0a grunnsk\u00f3la a\u00f0 sk\u00f3lastj\u00f3ri grunnsk\u00f3la samr\u00e6mi innan hvers grunnsk\u00f3la st\u00f6rf \u00feeirra sem sj\u00e1 um m\u00e1lefni einstakra nemenda er l\u00fata a\u00f0 s\u00e9rfr\u00e6\u00f0i\u00fej\u00f3nustu, n\u00e1ms- og starfsr\u00e1\u00f0gj\u00f6f og sk\u00f3laheilsug\u00e6slu me\u00f0 stofnun nemendaverndarr\u00e1\u00f0s skv. 40. gr. laga nr. 91\/2008 um grunnsk\u00f3la.<\/p>\n<p style=\"margin: 0px 0px 1.313em;color: #777777;font-family: 'Open Sans', sans-serif;font-size: 16px\">Jafnframt skal sk\u00f3lastj\u00f3ri grunnsk\u00f3la stu\u00f0la a\u00f0 samr\u00e1\u00f0i vi\u00f0 f\u00e9lags\u00fej\u00f3nustu sveitarf\u00e9lags og barnaverndaryfirv\u00f6ld vegna m\u00e1lefna einstakra nemenda e\u00f0a nemendah\u00f3pa eftir \u00fev\u00ed sem \u00feurfa \u00feykir.<\/p>\n<p style=\"margin: 0px 0px 1.313em;color: #777777;font-family: 'Open Sans', sans-serif;font-size: 16px\">Hlutverk nemendaverndarr\u00e1\u00f0s er a\u00f0 samr\u00e6ma skipulag og framkv\u00e6md \u00fej\u00f3nustu vi\u00f0 nemendur var\u00f0andi sk\u00f3laheilsug\u00e6slu, n\u00e1ms- og starfsr\u00e1\u00f0gj\u00f6f og s\u00e9rfr\u00e6\u00f0i\u00fej\u00f3nustu og vera sk\u00f3lastj\u00f3ra til a\u00f0sto\u00f0ar um framkv\u00e6md \u00e1\u00e6tlana um s\u00e9rstaka a\u00f0sto\u00f0 vi\u00f0 nemendur. Samstarfi\u00f0 getur veri\u00f0 b\u00e6\u00f0i vegna einstakra nemenda og forvarnarstarfs.<br \/>\nSk\u00f3lastj\u00f3ri skipar nemendaverndarr\u00e1\u00f0 til eins \u00e1rs \u00ed senn og er \u00e1byrgur fyrir starfr\u00e6kslu r\u00e1\u00f0sins sem skal taka mi\u00f0 af a\u00f0st\u00e6\u00f0um \u00ed hverjum sk\u00f3la. Sk\u00f3lastj\u00f3ri e\u00f0a fulltr\u00fai hans st\u00fdrir starfi nemendaverndarr\u00e1\u00f0s.<\/p>\n<p style=\"margin: 0px 0px 1.313em;color: #777777;font-family: 'Open Sans', sans-serif;font-size: 16px\">\u00cd nemendaverndarr\u00e1\u00f0i grunnsk\u00f3la eiga s\u00e6ti sk\u00f3lastj\u00f3ri og\/e\u00f0a fulltr\u00fai sem hann tilnefnir, umsj\u00f3nara\u00f0ili kennslu nemenda me\u00f0 s\u00e9r\u00fearfir, fulltr\u00fai sk\u00f3laheilsug\u00e6slu, fulltr\u00fai s\u00e9rfr\u00e6\u00f0i\u00fej\u00f3nustu sveitarf\u00e9lags og n\u00e1ms- og starfsr\u00e1\u00f0gjafi. Einnig geta fulltr\u00faar fr\u00e1 f\u00e9lags\u00fej\u00f3nustu sveitarf\u00e9lags og barnaverndaryfirv\u00f6ldum teki\u00f0 \u00fe\u00e1tt \u00ed starfi nemendaverndarr\u00e1\u00f0s \u00feegar tilefni er til.<br \/>\nF\u00e1i nemandi ekki fulln\u00e6gjandi a\u00f0sto\u00f0 vegna f\u00f6tlunar, sj\u00fakd\u00f3ms e\u00f0a n\u00e1mslegra, f\u00e9lagslegra e\u00f0a tilfinningalegra erfi\u00f0leika skal umsj\u00f3narkennari v\u00edsa m\u00e1linu skriflega til nemendaverndarr\u00e1\u00f0s.<\/p>\n<p style=\"margin: 0px 0px 1.313em;color: #777777;font-family: 'Open Sans', sans-serif;font-size: 16px\">Fulltr\u00faar \u00ed nemendaverndarr\u00e1\u00f0i geta haft frumkv\u00e6\u00f0i a\u00f0 \u00fev\u00ed a\u00f0 m\u00e1l einstakra nemenda s\u00e9u tekin upp \u00ed r\u00e1\u00f0inu.<\/p>\n<p style=\"margin: 0px 0px 1.313em;color: #777777;font-family: 'Open Sans', sans-serif;font-size: 16px\">Starfsf\u00f3lk sk\u00f3la, foreldrar, nemendur og fulltr\u00faar s\u00e9rfr\u00e6\u00f0i\u00fej\u00f3nustu sk\u00f3lans geta \u00f3ska\u00f0 eftir \u00fev\u00ed vi\u00f0 sk\u00f3lastj\u00f3ra e\u00f0a fulltr\u00faa hans \u00ed nemendaverndarr\u00e1\u00f0i a\u00f0 m\u00e1l einstakra nemenda e\u00f0a nemendah\u00f3pa ver\u00f0i tekin fyrir \u00ed r\u00e1\u00f0inu.<\/p>\n<p style=\"margin: 0px 0px 1.313em;color: #777777;font-family: 'Open Sans', sans-serif;font-size: 16px\">\u00c1vallt skal uppl\u00fdsa foreldra um a\u00f0 m\u00e1li barna \u00feeirra s\u00e9 formlega v\u00edsa\u00f0 til sk\u00f3lastj\u00f3ra e\u00f0a nemendaverndarr\u00e1\u00f0s og leita eftir samstarfi vi\u00f0 foreldra um lausn m\u00e1la eftir \u00fev\u00ed sem framast er kostur.<\/p>\n<p style=\"margin: 0px 0px 1.313em;color: #777777;font-family: 'Open Sans', sans-serif;font-size: 16px\">Nemendaverndarr\u00e1\u00f0 skal taka fyrir m\u00e1lefni sem v\u00edsa\u00f0 er til r\u00e1\u00f0sins eins flj\u00f3tt og au\u00f0i\u00f0 er.<\/p>\n<p style=\"margin: 0px 0px 1.313em;color: #777777;font-family: 'Open Sans', sans-serif;font-size: 16px\">Nemendaverndarr\u00e1\u00f0 fjallar um s\u00e9rst\u00f6k \u00farr\u00e6\u00f0i fyrir einstaka nemendur e\u00f0a nemendah\u00f3pa sem l\u00f6g\u00f0 hafa veri\u00f0 fyrir r\u00e1\u00f0i\u00f0. R\u00e1\u00f0i\u00f0 metur hva\u00f0a vi\u00f0b\u00f3taruppl\u00fdsinga er \u00fe\u00f6rf og bo\u00f0ar \u00e1 sinn fund umsj\u00f3narkennara og foreldra svo og a\u00f0ra a\u00f0ila sem tengjast m\u00e1linu ef \u00fe\u00f6rf krefur.<\/p>\n<p style=\"margin: 0px 0px 1.313em;color: #777777;font-family: 'Open Sans', sans-serif;font-size: 16px\">\u00deegar \u00e1kv\u00f6r\u00f0un hefur veri\u00f0 tekin um nau\u00f0synlegar r\u00e1\u00f0stafanir, umb\u00e6tur e\u00f0a a\u00f0ger\u00f0ir getur sk\u00f3lastj\u00f3ri fali\u00f0 a\u00f0ilum innan r\u00e1\u00f0sins a\u00f0 fylgja m\u00e1linu eftir ef nau\u00f0syn krefur.<\/p>\n<p style=\"margin: 0px 0px 1.313em;color: #777777;font-family: 'Open Sans', sans-serif;font-size: 16px\">Fara skal me\u00f0 pers\u00f3nuuppl\u00fdsingar \u00ed samr\u00e6mi vi\u00f0 fyrirm\u00e6li um \u00feagnarskyldu og gildandi l\u00f6g um pers\u00f3nuvernd. \u00deeir sem sitja \u00ed nemendaverndarr\u00e1\u00f0i skulu g\u00e6ta \u00feagm\u00e6lsku um atri\u00f0i sem var\u00f0a einka- og fj\u00e1rhagsm\u00e1lefni einstaklinga sem \u00feeir f\u00e1 vitneskju um og leynt eiga a\u00f0 fara. \u00deagnarskylda n\u00e6r ekki til atvika sem ber a\u00f0 tilkynna um l\u00f6gum samkv\u00e6mt. \u00deagnarskylda helst \u00fe\u00f3tt vi\u00f0komandi l\u00e1ti af st\u00f6rfum.<\/p>\n<p style=\"margin: 0px 0px 1.313em;color: #777777;font-family: 'Open Sans', sans-serif;font-size: 16px\">Nemendaverndarr\u00e1\u00f0 setur s\u00e9r starfs- og verklagsreglur \u00fear sem m.a. er kve\u00f0i\u00f0 \u00e1 um t\u00ed\u00f0ni funda r\u00e1\u00f0sins. Halda skal fund \u00ed nemendaverndarr\u00e1\u00f0i ef a.m.k. tveir fulltr\u00faar \u00ed r\u00e1\u00f0inu \u00f3ska \u00feess. Fundir skulu f\u00e6r\u00f0ir til b\u00f3kar.<\/p>\n<\/div>\n<\/section>\n<div>\n<div><\/div>\n<section class=\"accordion\">\n<div class=\"accordiontitle\">N\u00e1msr\u00e1\u00f0gjafi<\/div>\n<div class=\"accordionbody\">\n<p style=\"margin: 0px 0px 1.313em;color: #777777;font-family: 'Open Sans', sans-serif;font-size: 16px\">N\u00e1ms- og starfsr\u00e1\u00f0gjafi er m\u00e1lsvari nemenda og tr\u00fana\u00f0arma\u00f0ur. Hann leitast vi\u00f0 a\u00f0 a\u00f0sto\u00f0a \u00fe\u00e1 vi\u00f0 lausn \u00fdmissa m\u00e1la sem upp koma. Hann stendur v\u00f6r\u00f0 um velfer\u00f0 nemenda \u00e1 brei\u00f0um vettvangi og veitir \u00feeim r\u00e1\u00f0gj\u00f6f. Hann vinnur \u00ed n\u00e1nu samstarfi vi\u00f0 foreldra eftir \u00fev\u00ed sem vi\u00f0 \u00e1 og a\u00f0ra s\u00e9rfr\u00e6\u00f0inga innan og utan sk\u00f3lans. N\u00e1msr\u00e1\u00f0gjafi er ekki me\u00f0fer\u00f0ara\u00f0ili en a\u00f0sto\u00f0ar vi\u00f0 lausn \u00e1 vandam\u00e1lum og \u00a0v\u00edsar m\u00e1lum einstaklinga til vi\u00f0eigandi s\u00e9rfr\u00e6\u00f0ings s.s. s\u00e1lfr\u00e6\u00f0ings, hj\u00fakrunarfr\u00e6\u00f0ings og s\u00e9rkennara, eftir \u00fev\u00ed sem vi\u00f0 \u00e1.\u00a0<span style=\"font-weight: bold\">Helstu verkefni n\u00e1ms- og starfsr\u00e1\u00f0gjafa<\/span>\u00a0<span style=\"font-weight: bold\">eru:<\/span><\/p>\n<ul style=\"padding: 0px;margin: 0px 0px 1.313em 1.655em;color: #777777;font-family: 'Open Sans', sans-serif;font-size: 16px\">\n<li>N\u00e1m, n\u00e1mst\u00e6kni og pr\u00f3fkv\u00ed\u00f0i<\/li>\n<li>Framhaldsn\u00e1m og starfsval<\/li>\n<li>A\u00f0sto\u00f0 vi\u00f0 raunh\u00e6far \u00e1\u00e6tlanir m.t.t. \u00e1hugasvi\u00f0s<\/li>\n<li>Pers\u00f3nuleg m\u00e1l<\/li>\n<\/ul>\n<p style=\"margin: 0px 0px 1.313em;color: #777777;font-family: 'Open Sans', sans-serif;font-size: 16px\">A\u00f0sto\u00f0 n\u00e1msr\u00e1\u00f0gjafa beinist a\u00f0 \u00fev\u00ed a\u00f0 auka \u00feekkingu nemenda \u00e1 sj\u00e1lfum s\u00e9r, vi\u00f0horfum s\u00ednum, \u00e1huga og h\u00e6fileikum \u00feannig a\u00f0 \u00feeir f\u00e1i betur noti\u00f0 s\u00edn \u00ed n\u00e1mi og starfi.\u00a0<span style=\"font-weight: bold\">D\u00e6mi um erindi nemenda til n\u00e1ms- og starfsr\u00e1\u00f0gjafa er tengjast n\u00e1minu:<\/span><\/p>\n<ul style=\"padding: 0px;margin: 0px 0px 1.313em 1.655em;color: #777777;font-family: 'Open Sans', sans-serif;font-size: 16px\">\n<li>Skipulag heiman\u00e1ms<\/li>\n<li>Einbeitingarskortur \u00ed n\u00e1minu<\/li>\n<li>Skipulagsleysi<\/li>\n<li>Kv\u00ed\u00f0i tengdur sk\u00f3lag\u00f6ngu og pr\u00f3fum<\/li>\n<li>M\u00e6tingar<\/li>\n<li>N\u00e1mslei\u00f0ir<\/li>\n<li>Starfsval<\/li>\n<\/ul>\n<p style=\"margin: 0px 0px 1.313em;color: #777777;font-family: 'Open Sans', sans-serif;font-size: 16px\"><span style=\"font-weight: bold\">D\u00e6mi um erindi nemenda til n\u00e1ms- og starfsr\u00e1\u00f0gjafa er tengjast pers\u00f3nulegum m\u00e1lum:<\/span><\/p>\n<ul style=\"padding: 0px;margin: 0px 0px 1.313em 1.655em;color: #777777;font-family: 'Open Sans', sans-serif;font-size: 16px\">\n<li>Samskipti vi\u00f0 a\u00f0ra, s.s. hitt kyni\u00f0, kennara, bekkjarf\u00e9lagana<\/li>\n<li>Hvernig n\u00fdta m\u00e1 h\u00e6fileika nemenda<\/li>\n<li>Feimni<\/li>\n<li>Einmannaleiki<\/li>\n<li>Str\u00ed\u00f0ni<\/li>\n<li>Einelti<\/li>\n<li>Kv\u00ed\u00f0i og \u00feunglyndi<\/li>\n<li>\u00ddmislegt sem nemendum liggur \u00e1 hjarta<\/li>\n<\/ul>\n<p style=\"margin: 0px 0px 1.313em;color: #777777;font-family: 'Open Sans', sans-serif;font-size: 16px\">Nemendur geta leita\u00f0 beint til n\u00e1msr\u00e1\u00f0gjafa me\u00f0 \u00feau m\u00e1l sem \u00feeim liggja \u00e1 hjarta. Jafnframt geta foreldrar, kennarar og stj\u00f3rnendur sk\u00f3lans v\u00edsa\u00f0 m\u00e1lum til n\u00e1msr\u00e1\u00f0gjafa.<\/p>\n<\/div>\n<\/section>\n<div><\/div>\n<\/div>\n<\/div>\n","protected":false},"excerpt":{"rendered":"<p>Samkv\u00e6mt n\u00fdjum l\u00f6gum um fars\u00e6ld barna \u00fe\u00e1 \u00e1 tengili\u00f0ur fars\u00e6ldar a\u00f0 vera a\u00f0gengilegur \u00f6llum b\u00f6rnum og foreldrum. Tengili\u00f0ur fars\u00e6ldar hefur vi\u00f0eigandi \u00feekkingu til a\u00f0 geta veri\u00f0 foreldrum og barni innan handar. Hann r\u00e1\u00f0leggur \u00feeim og a\u00f0sto\u00f0ar vi\u00f0 a\u00f0 rata \u00ed gegnum kerfi\u00f0 og s\u00e6kja \u00fej\u00f3nustu vi\u00f0 h\u00e6fi. H\u00e9r m\u00e1 sj\u00e1 n\u00e1nari uppl\u00fdsingar um tengili\u00f0i Tengili\u00f0ir \u00ed Grunnsk\u00f3la Borgarfjar\u00f0ar eru: Hvanneyrardeild &#8230; <\/p>\n<div><a href=\"https:\/\/dev.borgarbyggd.is\/gbf\/skolinn\/stodkerfi\/\" class=\"more-link\">Read More<\/a><\/div>\n","protected":false},"author":1,"featured_media":0,"parent":15,"menu_order":0,"comment_status":"closed","ping_status":"closed","template":"","meta":{"_acf_changed":false,"footnotes":""},"class_list":["post-19","page","type-page","status-publish","hentry","no-post-thumbnail"],"acf":{"quickaccess":false},"yoast_head":"<!-- This site is optimized with the Yoast SEO plugin v24.0 - https:\/\/yoast.com\/wordpress\/plugins\/seo\/ -->\n<title>Sto\u00f0kerfi - Grunnsk\u00f3li Borgarfjar\u00f0ar<\/title>\n<meta name=\"robots\" content=\"noindex, follow, max-snippet:-1, max-image-preview:large, max-video-preview:-1\" \/>\n<meta property=\"og:locale\" content=\"is_IS\" \/>\n<meta property=\"og:type\" content=\"article\" \/>\n<meta property=\"og:title\" content=\"Sto\u00f0kerfi - Grunnsk\u00f3li Borgarfjar\u00f0ar\" \/>\n<meta property=\"og:description\" content=\"Samkv\u00e6mt n\u00fdjum l\u00f6gum um fars\u00e6ld barna \u00fe\u00e1 \u00e1 tengili\u00f0ur fars\u00e6ldar a\u00f0 vera a\u00f0gengilegur \u00f6llum b\u00f6rnum og foreldrum. Tengili\u00f0ur fars\u00e6ldar hefur vi\u00f0eigandi \u00feekkingu til a\u00f0 geta veri\u00f0 foreldrum og barni innan handar. Hann r\u00e1\u00f0leggur \u00feeim og a\u00f0sto\u00f0ar vi\u00f0 a\u00f0 rata \u00ed gegnum kerfi\u00f0 og s\u00e6kja \u00fej\u00f3nustu vi\u00f0 h\u00e6fi. H\u00e9r m\u00e1 sj\u00e1 n\u00e1nari uppl\u00fdsingar um tengili\u00f0i Tengili\u00f0ir \u00ed Grunnsk\u00f3la Borgarfjar\u00f0ar eru: Hvanneyrardeild ... Read More\" \/>\n<meta property=\"og:url\" content=\"https:\/\/dev.borgarbyggd.is\/gbf\/skolinn\/stodkerfi\/\" \/>\n<meta property=\"og:site_name\" content=\"Grunnsk\u00f3li Borgarfjar\u00f0ar\" \/>\n<meta property=\"article:modified_time\" content=\"2025-09-05T12:09:49+00:00\" \/>\n<meta name=\"twitter:card\" content=\"summary_large_image\" \/>\n<meta name=\"twitter:label1\" content=\"Est. reading time\" \/>\n\t<meta name=\"twitter:data1\" content=\"6 minutes\" \/>\n<script type=\"application\/ld+json\" class=\"yoast-schema-graph\">{\"@context\":\"https:\/\/schema.org\",\"@graph\":[{\"@type\":\"WebPage\",\"@id\":\"https:\/\/dev.borgarbyggd.is\/gbf\/skolinn\/stodkerfi\/\",\"url\":\"https:\/\/dev.borgarbyggd.is\/gbf\/skolinn\/stodkerfi\/\",\"name\":\"Sto\u00f0kerfi - Grunnsk\u00f3li Borgarfjar\u00f0ar\",\"isPartOf\":{\"@id\":\"https:\/\/dev.borgarbyggd.is\/gbf\/#website\"},\"datePublished\":\"2023-07-25T16:38:53+00:00\",\"dateModified\":\"2025-09-05T12:09:49+00:00\",\"breadcrumb\":{\"@id\":\"https:\/\/dev.borgarbyggd.is\/gbf\/skolinn\/stodkerfi\/#breadcrumb\"},\"inLanguage\":\"is\",\"potentialAction\":[{\"@type\":\"ReadAction\",\"target\":[\"https:\/\/dev.borgarbyggd.is\/gbf\/skolinn\/stodkerfi\/\"]}]},{\"@type\":\"BreadcrumbList\",\"@id\":\"https:\/\/dev.borgarbyggd.is\/gbf\/skolinn\/stodkerfi\/#breadcrumb\",\"itemListElement\":[{\"@type\":\"ListItem\",\"position\":1,\"name\":\"Home\",\"item\":\"https:\/\/dev.borgarbyggd.is\/gbf\/\"},{\"@type\":\"ListItem\",\"position\":2,\"name\":\"Sk\u00f3linn\",\"item\":\"https:\/\/dev.borgarbyggd.is\/gbf\/skolinn\/\"},{\"@type\":\"ListItem\",\"position\":3,\"name\":\"Sto\u00f0kerfi\"}]},{\"@type\":\"WebSite\",\"@id\":\"https:\/\/dev.borgarbyggd.is\/gbf\/#website\",\"url\":\"https:\/\/dev.borgarbyggd.is\/gbf\/\",\"name\":\"Grunnsk\u00f3li Borgarfjar\u00f0ar\",\"description\":\"\",\"potentialAction\":[{\"@type\":\"SearchAction\",\"target\":{\"@type\":\"EntryPoint\",\"urlTemplate\":\"https:\/\/dev.borgarbyggd.is\/gbf\/?s={search_term_string}\"},\"query-input\":{\"@type\":\"PropertyValueSpecification\",\"valueRequired\":true,\"valueName\":\"search_term_string\"}}],\"inLanguage\":\"is\"}]}<\/script>\n<!-- \/ Yoast SEO plugin. -->","yoast_head_json":{"title":"Sto\u00f0kerfi - Grunnsk\u00f3li Borgarfjar\u00f0ar","robots":{"index":"noindex","follow":"follow","max-snippet":"max-snippet:-1","max-image-preview":"max-image-preview:large","max-video-preview":"max-video-preview:-1"},"og_locale":"is_IS","og_type":"article","og_title":"Sto\u00f0kerfi - Grunnsk\u00f3li Borgarfjar\u00f0ar","og_description":"Samkv\u00e6mt n\u00fdjum l\u00f6gum um fars\u00e6ld barna \u00fe\u00e1 \u00e1 tengili\u00f0ur fars\u00e6ldar a\u00f0 vera a\u00f0gengilegur \u00f6llum b\u00f6rnum og foreldrum. Tengili\u00f0ur fars\u00e6ldar hefur vi\u00f0eigandi \u00feekkingu til a\u00f0 geta veri\u00f0 foreldrum og barni innan handar. Hann r\u00e1\u00f0leggur \u00feeim og a\u00f0sto\u00f0ar vi\u00f0 a\u00f0 rata \u00ed gegnum kerfi\u00f0 og s\u00e6kja \u00fej\u00f3nustu vi\u00f0 h\u00e6fi. H\u00e9r m\u00e1 sj\u00e1 n\u00e1nari uppl\u00fdsingar um tengili\u00f0i Tengili\u00f0ir \u00ed Grunnsk\u00f3la Borgarfjar\u00f0ar eru: Hvanneyrardeild ... Read More","og_url":"https:\/\/dev.borgarbyggd.is\/gbf\/skolinn\/stodkerfi\/","og_site_name":"Grunnsk\u00f3li Borgarfjar\u00f0ar","article_modified_time":"2025-09-05T12:09:49+00:00","twitter_card":"summary_large_image","twitter_misc":{"Est. reading time":"6 minutes"},"schema":{"@context":"https:\/\/schema.org","@graph":[{"@type":"WebPage","@id":"https:\/\/dev.borgarbyggd.is\/gbf\/skolinn\/stodkerfi\/","url":"https:\/\/dev.borgarbyggd.is\/gbf\/skolinn\/stodkerfi\/","name":"Sto\u00f0kerfi - Grunnsk\u00f3li Borgarfjar\u00f0ar","isPartOf":{"@id":"https:\/\/dev.borgarbyggd.is\/gbf\/#website"},"datePublished":"2023-07-25T16:38:53+00:00","dateModified":"2025-09-05T12:09:49+00:00","breadcrumb":{"@id":"https:\/\/dev.borgarbyggd.is\/gbf\/skolinn\/stodkerfi\/#breadcrumb"},"inLanguage":"is","potentialAction":[{"@type":"ReadAction","target":["https:\/\/dev.borgarbyggd.is\/gbf\/skolinn\/stodkerfi\/"]}]},{"@type":"BreadcrumbList","@id":"https:\/\/dev.borgarbyggd.is\/gbf\/skolinn\/stodkerfi\/#breadcrumb","itemListElement":[{"@type":"ListItem","position":1,"name":"Home","item":"https:\/\/dev.borgarbyggd.is\/gbf\/"},{"@type":"ListItem","position":2,"name":"Sk\u00f3linn","item":"https:\/\/dev.borgarbyggd.is\/gbf\/skolinn\/"},{"@type":"ListItem","position":3,"name":"Sto\u00f0kerfi"}]},{"@type":"WebSite","@id":"https:\/\/dev.borgarbyggd.is\/gbf\/#website","url":"https:\/\/dev.borgarbyggd.is\/gbf\/","name":"Grunnsk\u00f3li Borgarfjar\u00f0ar","description":"","potentialAction":[{"@type":"SearchAction","target":{"@type":"EntryPoint","urlTemplate":"https:\/\/dev.borgarbyggd.is\/gbf\/?s={search_term_string}"},"query-input":{"@type":"PropertyValueSpecification","valueRequired":true,"valueName":"search_term_string"}}],"inLanguage":"is"}]}},"_links":{"self":[{"href":"https:\/\/dev.borgarbyggd.is\/gbf\/wp-json\/wp\/v2\/pages\/19","targetHints":{"allow":["GET"]}}],"collection":[{"href":"https:\/\/dev.borgarbyggd.is\/gbf\/wp-json\/wp\/v2\/pages"}],"about":[{"href":"https:\/\/dev.borgarbyggd.is\/gbf\/wp-json\/wp\/v2\/types\/page"}],"author":[{"embeddable":true,"href":"https:\/\/dev.borgarbyggd.is\/gbf\/wp-json\/wp\/v2\/users\/1"}],"replies":[{"embeddable":true,"href":"https:\/\/dev.borgarbyggd.is\/gbf\/wp-json\/wp\/v2\/comments?post=19"}],"version-history":[{"count":0,"href":"https:\/\/dev.borgarbyggd.is\/gbf\/wp-json\/wp\/v2\/pages\/19\/revisions"}],"up":[{"embeddable":true,"href":"https:\/\/dev.borgarbyggd.is\/gbf\/wp-json\/wp\/v2\/pages\/15"}],"wp:attachment":[{"href":"https:\/\/dev.borgarbyggd.is\/gbf\/wp-json\/wp\/v2\/media?parent=19"}],"curies":[{"name":"wp","href":"https:\/\/api.w.org\/{rel}","templated":true}]}}