{"id":17,"date":"2023-07-25T16:38:40","date_gmt":"2023-07-25T16:38:40","guid":{"rendered":"https:\/\/dev.borgarbyggd.is\/gbf\/?page_id=17"},"modified":"2025-05-12T10:40:42","modified_gmt":"2025-05-12T10:40:42","slug":"nam-og-kennsla","status":"publish","type":"page","link":"https:\/\/dev.borgarbyggd.is\/gbf\/nam-og-kennsla\/","title":{"rendered":"N\u00e1m og kennsla"},"content":{"rendered":"<p><strong>Kennsluh\u00e6ttir<\/strong><\/p>\n<p>Grunnsk\u00f3li Borgarfjar\u00f0ar vinnur sem teymiskennslu sk\u00f3li. Teymiskennsla er \u00feegar fleiri kennarar vinna saman vi\u00f0 kennslu \u00ed sama r\u00fdmi. Kennarar \u00ed teyminu bera sameiginlega \u00e1byrg\u00f0 \u00e1 \u00fev\u00ed hva\u00f0 er kennt, kennslunni og mati \u00e1 nemendum. \u00deeir hafa stu\u00f0ning hver af \u00f6\u00f0rum og geta haft \u00e1kve\u00f0na verkaskiptingu \u00ed kennslu. Kennarar \u00fer\u00f3a starf sitt \u00ed gegnum samskipti, samvinnu og n\u00e1m og tengja \u00fea\u00f0 l\u00e6rd\u00f3mssamf\u00e9lagi og menningu sk\u00f3lans.<\/p>\n<p>Teymiskennsla er ein lei\u00f0 til betri \u00e1rangurs. \u00deegar fleiri vinna saman koma fram fleiri hugmyndir a\u00f0 lei\u00f0um. Kennarar eru lykila\u00f0ilar teymiskennslunnar, \u00feeir \u00feurfa a\u00f0 geta unni\u00f0 saman til a\u00f0 efla starfs\u00fer\u00f3un s\u00edna, huga a\u00f0 samskiptum innan teymis og \u00fer\u00f3a samskipti og samvinnu milli kennara, foreldra, nemenda og annars starfsf\u00f3lks.<\/p>\n<p>Sk\u00f3linn er \u00ed innlei\u00f0ingarferli sem lei\u00f0sagnarn\u00e1mssk\u00f3li. Innlei\u00f0ingarferli h\u00f3fst hausti\u00f0 2023 en megin markmi\u00f0 lei\u00f0sagnarn\u00e1ms er a\u00f0 gera nemendum kleift a\u00f0 taka aukna \u00e1byrg\u00f0 \u00e1 eigin n\u00e1mi. Hugmyndin sem liggur a\u00f0 baki byggir \u00e1 breyttum vi\u00f0horfum \u00ed samskiptum s\u00e9rfr\u00e6\u00f0inga og notenda \u00e1 s\u00ed\u00f0ustu \u00e1ratugum. Gera vi\u00f0mi\u00f0 og markmi\u00f0 s\u00fdnilegri fyrir nemendum \u00feannig a\u00f0 \u00feeir viti til hvers er \u00e6tlast til af \u00feeim.<\/p>\n<p>H\u00e6gt er a\u00f0 kynna s\u00e9r helstu \u00e1herslur \u00ed kennslu \u00e1 hverju stigi fyrir sig h\u00e9r:<\/p>\n<div><\/div>\n<section class=\"accordion\">\n<div class=\"accordiontitle\">Yngsta stig (1. &#8211; 4. bekkur)<\/div>\n<div class=\"accordionbody\">\n<p><span style=\"color: #777777;font-family: 'Open Sans', sans-serif;font-size: 16px\">\u00c1 yngsta stigi er l\u00f6g\u00f0 \u00e1hersla \u00e1 a\u00f0 virkja leik- og sk\u00f6punargle\u00f0i nemenda. Liti\u00f0 er \u00e1 \u00e1rganginn sem eina heild og kennarar vinna sameiginlega a\u00f0 undirb\u00faningi fyrir kennslu. Gengi\u00f0 er \u00fat fr\u00e1 \u00fev\u00ed a\u00f0 h\u00e6gt s\u00e9 a\u00f0 skipta \u00e1rganginum \u00ed \u00fdmis konar h\u00f3pa, eftir vi\u00f0fangsefnum og \u00e1herslum hverju sinni. Stundum er unni\u00f0 \u00fevert \u00e1 stigi\u00f0 t.d. \u00ed s\u00e9rst\u00f6kum \u00feemaverkefnum \u00fear sem nemendum er blanda\u00f0 \u00ed h\u00f3pa \u00f3h\u00e1\u00f0 aldri. \u00c1hersla er l\u00f6g\u00f0 \u00e1 \u00feroska einstaklingsins \u00ed n\u00e1mi og starfi og \u00e1byrg\u00f0 hans \u00e1 l\u00edfi s\u00ednu og verkum. Skipulag n\u00e1msins mi\u00f0ast vi\u00f0 getu hvers og eins og leitast er vi\u00f0 a\u00f0 vinna me\u00f0 skapandi verkefni sem vekja \u00e1huga \u00e1 vi\u00f0fangsefninu. N\u00e1mi\u00f0 er a\u00f0 st\u00e6rstum hluta byggt \u00e1 Byrjendal\u00e6sisverkefnum sem eru undirb\u00fain me\u00f0 hli\u00f0sj\u00f3n af h\u00e6fnivi\u00f0mi\u00f0um A\u00f0aln\u00e1mskr\u00e1r og \u00fatf\u00e6r\u00f0 \u00e1 \u00feann h\u00e1tt a\u00f0 reyni \u00e1 sem flestar kennslua\u00f0fer\u00f0ir. Verkefnin eru markvisst tengd l\u00edfi nemenda, umhverfi \u00feeirra og samf\u00e9laginu sem \u00feeir b\u00faa \u00ed. Samhli\u00f0a \u00fev\u00ed a\u00f0 nemendur sko\u00f0a vi\u00f0fangsefni tengd\u00a0 n\u00e6rumhverfi er l\u00f6g\u00f0 \u00e1hersla \u00e1 a\u00f0 setja \u00feau \u00ed v\u00ed\u00f0ara samhengi; tengja \u00feau umheiminum og efla \u00feannig me\u00f0 nemendum v\u00ed\u00f0s\u00fdni og tilfinningu fyrir a\u00f0 \u00feeir s\u00e9u hluti af heild; tilheyri st\u00e6rri ver\u00f6ld.<\/span><\/p>\n<\/div>\n<\/section>\n<div>\n<div><\/div>\n<section class=\"accordion\">\n<div class=\"accordiontitle\">Mi\u00f0stig (5. &#8211; 7. bekkur)<\/div>\n<div class=\"accordionbody\">\n<p style=\"margin: 0px 0px 1.313em;color: #777777;font-family: 'Open Sans', sans-serif;font-size: 16px\">\u00c1 aldrinum 10 \u2013 12 \u00e1ra eru nemendur yfirleitt n\u00e1mf\u00fasir og hugmyndaau\u00f0ugir, hafa mikla hreyfi\u00fe\u00f6rf og eru flj\u00f3tir a\u00f0 tileinka s\u00e9r n\u00fd og \u00e6 fl\u00f3knari verkefni. Hugsunin ver\u00f0ur sm\u00e1m saman \u00f3hlutst\u00e6\u00f0ari, b\u00f6rnin ver\u00f0a f\u00e6rari um a\u00f0 hugsa r\u00f6kr\u00e9tt, greina orsakasamhengi og draga \u00e1lyktanir. Nemendur eiga n\u00fa almennt au\u00f0veldara me\u00f0 a\u00f0 setja sig \u00ed spor annarra og sj\u00e1 hluti \u00fat fr\u00e1 \u00feeirra sj\u00f3narh\u00f3li. \u00deetta eru \u00fe\u00fd\u00f0ingarmikil m\u00f3tunar- og \u00feroska\u00e1r, hugurinn er opinn og m\u00f3tt\u00e6kilegur, \u00fe\u00f6rfin r\u00edk til a\u00f0 tj\u00e1 sig me\u00f0 or\u00f0um og ath\u00f6fnum.<\/p>\n<p style=\"margin: 0px 0px 1.313em;color: #777777;font-family: 'Open Sans', sans-serif;font-size: 16px\">Nemendur hafa sterka \u00fe\u00f6rf til a\u00f0 rannsaka, afla s\u00e9r vitneskju, leita lausna, \u00fej\u00e1lfa margs konar fimi og f\u00e6rni. \u00dea\u00f0 a\u00f0 vera virkur \u00ed athugun, ranns\u00f3kn og ath\u00f6fnum \u00fej\u00e1lfar huga og h\u00f6nd og veitir haldb\u00e6ra \u00feekkingu og reynslu. Kennsluh\u00e6ttir \u00feurfa a\u00f0 vera \u00ed samr\u00e6mi vi\u00f0 \u00fearfir barnanna og gefa \u00feeim kost \u00e1 a\u00f0 n\u00fdta m\u00f6guleika til \u00feroska. Kennslan \u00fearf a\u00f0 vera \u00ed formi einstaklings- og h\u00f3pvinnu \u00feannig a\u00f0 h\u00e6gt s\u00e9 a\u00f0 vinna me\u00f0 sem flesta \u00feroska\u00fe\u00e6tti. \u00c1 \u00feessu aldursskei\u00f0i er \u00feroskamunur verulegur og \u00ed lok \u00feess koma oft einkenni gelgjuskei\u00f0s fram og \u00fearf kennarinn a\u00f0 breg\u00f0ast vi\u00f0 af n\u00e6rg\u00e6tni.<\/p>\n<p style=\"margin: 0px 0px 1.313em;color: #777777;font-family: 'Open Sans', sans-serif;font-size: 16px\">\u00cd lj\u00f3si ofangreindra atri\u00f0a skal eftirfarandi haft \u00ed huga vi\u00f0 val \u00e1 kennsluh\u00e1ttum \u00ed Grunnsk\u00f3la Borgarfjar\u00f0ar a\u00f0 :<\/p>\n<ul style=\"padding: 0px;margin: 0px 0px 0px 1.655em;color: #777777;font-family: 'Open Sans', sans-serif;font-size: 16px\">\n<li>Nemendur l\u00e6ri a\u00f0 skipuleggja n\u00e1m sitt og bera \u00e1byrg\u00f0 \u00e1 eigin vinnu.<\/li>\n<li>Kennsla s\u00e9 heildst\u00e6\u00f0 og n\u00e1msgreinar sam\u00fe\u00e6ttar.<\/li>\n<li>Nemendum gefist g\u00f3\u00f0 t\u00e6kif\u00e6ri til a\u00f0 vinna me\u00f0 \u00f6\u00f0rum og r\u00e6kta me\u00f0 s\u00e9r \u00e1byrg\u00f0 \u00e1 vinnu h\u00f3psins.<\/li>\n<li>Verkefni s\u00e9u fj\u00f6lbreytt og bj\u00f3\u00f0i nemendum efni vi\u00f0 h\u00e6fi.<\/li>\n<li>\u00c1hersla s\u00e9 l\u00f6g\u00f0 \u00e1 sj\u00e1lfst\u00e6\u00f0a \u00f6flun \u00feekkingar \u00ed formi heimildavinnu, \u00fear sem nemendur n\u00fdti s\u00e9r m.a.;\u00a0<em>t\u00f6lvur, myndb\u00f6nd, fj\u00f6lmi\u00f0la, b\u00e6kur, heimildamenn, umhverfi og \u00e1fram m\u00e1 telja.<\/em><\/li>\n<li>Byggja n\u00e1mi\u00f0 sem mest \u00fat fr\u00e1 fyrri reynslu og \u00feekkingu nemanda<\/li>\n<li>Heiman\u00e1m s\u00e9 e\u00f0lilegur hluti sk\u00f3lastarfsins<\/li>\n<li>Nemendur l\u00e6ri a\u00f0 setja ni\u00f0urst\u00f6\u00f0ur s\u00ednar fram \u00e1 skiljanlegan m\u00e1ta \u00e1 \u00fdmsan h\u00e1tt s.s.;\u00a0<em>ritger\u00f0ir, b\u00e6klingar, myndverk, leikr\u00e6n framsetning, \u00fatvarps\u00fe\u00e1ttager\u00f0, vefs\u00ed\u00f0ur og gl\u00e6rur svo eitthva\u00f0 s\u00e9 nefnt.<\/em><\/li>\n<\/ul>\n<\/div>\n<\/section>\n<div>\n<div><\/div>\n<section class=\"accordion\">\n<div class=\"accordiontitle\">Unglingastig (8.-10. bekkur)<\/div>\n<div class=\"accordionbody\">\n<p style=\"margin: 0px 0px 1.313em;color: #777777;font-family: 'Open Sans', sans-serif;font-size: 16px\">\u00c1 unglings\u00e1rum eykst h\u00e6fni nemenda til a\u00f0 hugsa \u00f3hlutbundi\u00f0, skilningur opnast \u00e1 n\u00fdjum \u00feekkingarsvi\u00f0um og \u00feeir geta gl\u00edmt vi\u00f0 fj\u00f6lbreyttari vi\u00f0fangsefni en \u00e1\u00f0ur. Af \u00fev\u00ed lei\u00f0ir a\u00f0 gera \u00fearf auknar kr\u00f6fur um \u00feekkingu, vinnubr\u00f6g\u00f0 og d\u00fdpri skilning.<\/p>\n<p style=\"margin: 0px 0px 1.313em;color: #777777;font-family: 'Open Sans', sans-serif;font-size: 16px\">Vi\u00f0 val \u00e1 kennslua\u00f0fer\u00f0um skulu kennarar g\u00e6ta \u00feess a\u00f0 vi\u00f0fangsefnin s\u00e9u \u00ed samr\u00e6mi vi\u00f0 \u00feroska nemenda og \u00e1huga og a\u00f0 n\u00e1mi\u00f0 s\u00e9 \u00ed e\u00f0lilegu framhaldi af \u00fev\u00ed\u00a0 sem \u00e1 undan er komi\u00f0. Taka ver\u00f0ur tillit til getu nemenda me\u00f0 \u00fev\u00ed a\u00f0 leggja fyrir \u00fe\u00e1 fj\u00f6lbreytt verkefni sem reyna m.a. \u00e1 r\u00f6khugsun og gildismat \u00feeirra. Efla \u00fearf samvinnu og samskiptah\u00e6fni nemenda, gera \u00fe\u00e1 \u00e1byrga fyrir n\u00e1minu og framkomu sinni. Leggja \u00fearf \u00e1herslu \u00e1 a\u00f0 byggja upp j\u00e1kv\u00e6\u00f0an bekkjaranda og efla sj\u00e1lfsmynd nemendanna. \u00deetta er gert me\u00f0 \u00fev\u00ed a\u00f0 nota fj\u00f6lbreytta kennsluh\u00e6tti t.d. h\u00f3pvinnu hvers konar, \u00fear sem nemendur bera sj\u00e1lfir \u00e1byrg\u00f0 \u00e1 vinnubr\u00f6g\u00f0um, \u00feurfa a\u00f0 skipuleggja vinnuna og \u00e1kve\u00f0a sj\u00e1lfir me\u00f0 hva\u00f0a h\u00e6tti ni\u00f0urst\u00f6\u00f0ur eru settar fram. Nemendum eru veitt t\u00e6kif\u00e6ri til \u00feess a\u00f0 afla \u00feekkingar og auka \u00fe\u00e1 f\u00e6rni sem \u00fearf til a\u00f0 flokka, vinna \u00far og mi\u00f0la uppl\u00fdsingum \u00e1 gagnr\u00fdninn og skapandi h\u00e1tt. \u00deessi f\u00e6rni er undirsta\u00f0a a\u00f0 \u00e6vilangri s\u00edmenntun.<\/p>\n<p style=\"margin: 0px;color: #777777;font-family: 'Open Sans', sans-serif;font-size: 16px\">Einstaklingur, sem b\u00fdr yfir sl\u00edkri f\u00e6rni, \u00e1 a\u00f0 geta afla\u00f0 s\u00e9r af sj\u00e1lfsd\u00e1\u00f0um \u00feekkingar og uppl\u00fdsinga til a\u00f0 m\u00e6ta s\u00edbreytilegum kr\u00f6fum umhverfisins.<\/p>\n<\/div>\n<\/section>\n<div><\/div>\n<\/div>\n<\/div>\n","protected":false},"excerpt":{"rendered":"<p>Kennsluh\u00e6ttir Grunnsk\u00f3li Borgarfjar\u00f0ar vinnur sem teymiskennslu sk\u00f3li. Teymiskennsla er \u00feegar fleiri kennarar vinna saman vi\u00f0 kennslu \u00ed sama r\u00fdmi. Kennarar \u00ed teyminu bera sameiginlega \u00e1byrg\u00f0 \u00e1 \u00fev\u00ed hva\u00f0 er kennt, kennslunni og mati \u00e1 nemendum. \u00deeir hafa stu\u00f0ning hver af \u00f6\u00f0rum og geta haft \u00e1kve\u00f0na verkaskiptingu \u00ed kennslu. Kennarar \u00fer\u00f3a starf sitt \u00ed gegnum samskipti, samvinnu og n\u00e1m og tengja &#8230; <\/p>\n<div><a href=\"https:\/\/dev.borgarbyggd.is\/gbf\/nam-og-kennsla\/\" class=\"more-link\">Read More<\/a><\/div>\n","protected":false},"author":1,"featured_media":0,"parent":0,"menu_order":0,"comment_status":"closed","ping_status":"closed","template":"","meta":{"_acf_changed":false,"footnotes":""},"class_list":["post-17","page","type-page","status-publish","hentry","no-post-thumbnail"],"acf":{"quickaccess":false},"yoast_head":"<!-- This site is optimized with the Yoast SEO plugin v24.0 - https:\/\/yoast.com\/wordpress\/plugins\/seo\/ -->\n<title>N\u00e1m og kennsla - Grunnsk\u00f3li Borgarfjar\u00f0ar<\/title>\n<meta name=\"robots\" content=\"noindex, follow, max-snippet:-1, max-image-preview:large, max-video-preview:-1\" \/>\n<meta property=\"og:locale\" content=\"is_IS\" \/>\n<meta property=\"og:type\" content=\"article\" \/>\n<meta property=\"og:title\" content=\"N\u00e1m og kennsla - Grunnsk\u00f3li Borgarfjar\u00f0ar\" \/>\n<meta property=\"og:description\" content=\"Kennsluh\u00e6ttir Grunnsk\u00f3li Borgarfjar\u00f0ar vinnur sem teymiskennslu sk\u00f3li. Teymiskennsla er \u00feegar fleiri kennarar vinna saman vi\u00f0 kennslu \u00ed sama r\u00fdmi. Kennarar \u00ed teyminu bera sameiginlega \u00e1byrg\u00f0 \u00e1 \u00fev\u00ed hva\u00f0 er kennt, kennslunni og mati \u00e1 nemendum. \u00deeir hafa stu\u00f0ning hver af \u00f6\u00f0rum og geta haft \u00e1kve\u00f0na verkaskiptingu \u00ed kennslu. Kennarar \u00fer\u00f3a starf sitt \u00ed gegnum samskipti, samvinnu og n\u00e1m og tengja ... Read More\" \/>\n<meta property=\"og:url\" content=\"https:\/\/dev.borgarbyggd.is\/gbf\/nam-og-kennsla\/\" \/>\n<meta property=\"og:site_name\" content=\"Grunnsk\u00f3li Borgarfjar\u00f0ar\" \/>\n<meta property=\"article:modified_time\" content=\"2025-05-12T10:40:42+00:00\" \/>\n<meta name=\"twitter:card\" content=\"summary_large_image\" \/>\n<meta name=\"twitter:label1\" content=\"Est. reading time\" \/>\n\t<meta name=\"twitter:data1\" content=\"5 minutes\" \/>\n<script type=\"application\/ld+json\" class=\"yoast-schema-graph\">{\"@context\":\"https:\/\/schema.org\",\"@graph\":[{\"@type\":\"WebPage\",\"@id\":\"https:\/\/dev.borgarbyggd.is\/gbf\/nam-og-kennsla\/\",\"url\":\"https:\/\/dev.borgarbyggd.is\/gbf\/nam-og-kennsla\/\",\"name\":\"N\u00e1m og kennsla - Grunnsk\u00f3li Borgarfjar\u00f0ar\",\"isPartOf\":{\"@id\":\"https:\/\/dev.borgarbyggd.is\/gbf\/#website\"},\"datePublished\":\"2023-07-25T16:38:40+00:00\",\"dateModified\":\"2025-05-12T10:40:42+00:00\",\"breadcrumb\":{\"@id\":\"https:\/\/dev.borgarbyggd.is\/gbf\/nam-og-kennsla\/#breadcrumb\"},\"inLanguage\":\"is\",\"potentialAction\":[{\"@type\":\"ReadAction\",\"target\":[\"https:\/\/dev.borgarbyggd.is\/gbf\/nam-og-kennsla\/\"]}]},{\"@type\":\"BreadcrumbList\",\"@id\":\"https:\/\/dev.borgarbyggd.is\/gbf\/nam-og-kennsla\/#breadcrumb\",\"itemListElement\":[{\"@type\":\"ListItem\",\"position\":1,\"name\":\"Home\",\"item\":\"https:\/\/dev.borgarbyggd.is\/gbf\/\"},{\"@type\":\"ListItem\",\"position\":2,\"name\":\"N\u00e1m og kennsla\"}]},{\"@type\":\"WebSite\",\"@id\":\"https:\/\/dev.borgarbyggd.is\/gbf\/#website\",\"url\":\"https:\/\/dev.borgarbyggd.is\/gbf\/\",\"name\":\"Grunnsk\u00f3li Borgarfjar\u00f0ar\",\"description\":\"\",\"potentialAction\":[{\"@type\":\"SearchAction\",\"target\":{\"@type\":\"EntryPoint\",\"urlTemplate\":\"https:\/\/dev.borgarbyggd.is\/gbf\/?s={search_term_string}\"},\"query-input\":{\"@type\":\"PropertyValueSpecification\",\"valueRequired\":true,\"valueName\":\"search_term_string\"}}],\"inLanguage\":\"is\"}]}<\/script>\n<!-- \/ Yoast SEO plugin. -->","yoast_head_json":{"title":"N\u00e1m og kennsla - Grunnsk\u00f3li Borgarfjar\u00f0ar","robots":{"index":"noindex","follow":"follow","max-snippet":"max-snippet:-1","max-image-preview":"max-image-preview:large","max-video-preview":"max-video-preview:-1"},"og_locale":"is_IS","og_type":"article","og_title":"N\u00e1m og kennsla - Grunnsk\u00f3li Borgarfjar\u00f0ar","og_description":"Kennsluh\u00e6ttir Grunnsk\u00f3li Borgarfjar\u00f0ar vinnur sem teymiskennslu sk\u00f3li. Teymiskennsla er \u00feegar fleiri kennarar vinna saman vi\u00f0 kennslu \u00ed sama r\u00fdmi. Kennarar \u00ed teyminu bera sameiginlega \u00e1byrg\u00f0 \u00e1 \u00fev\u00ed hva\u00f0 er kennt, kennslunni og mati \u00e1 nemendum. \u00deeir hafa stu\u00f0ning hver af \u00f6\u00f0rum og geta haft \u00e1kve\u00f0na verkaskiptingu \u00ed kennslu. Kennarar \u00fer\u00f3a starf sitt \u00ed gegnum samskipti, samvinnu og n\u00e1m og tengja ... Read More","og_url":"https:\/\/dev.borgarbyggd.is\/gbf\/nam-og-kennsla\/","og_site_name":"Grunnsk\u00f3li Borgarfjar\u00f0ar","article_modified_time":"2025-05-12T10:40:42+00:00","twitter_card":"summary_large_image","twitter_misc":{"Est. reading time":"5 minutes"},"schema":{"@context":"https:\/\/schema.org","@graph":[{"@type":"WebPage","@id":"https:\/\/dev.borgarbyggd.is\/gbf\/nam-og-kennsla\/","url":"https:\/\/dev.borgarbyggd.is\/gbf\/nam-og-kennsla\/","name":"N\u00e1m og kennsla - Grunnsk\u00f3li Borgarfjar\u00f0ar","isPartOf":{"@id":"https:\/\/dev.borgarbyggd.is\/gbf\/#website"},"datePublished":"2023-07-25T16:38:40+00:00","dateModified":"2025-05-12T10:40:42+00:00","breadcrumb":{"@id":"https:\/\/dev.borgarbyggd.is\/gbf\/nam-og-kennsla\/#breadcrumb"},"inLanguage":"is","potentialAction":[{"@type":"ReadAction","target":["https:\/\/dev.borgarbyggd.is\/gbf\/nam-og-kennsla\/"]}]},{"@type":"BreadcrumbList","@id":"https:\/\/dev.borgarbyggd.is\/gbf\/nam-og-kennsla\/#breadcrumb","itemListElement":[{"@type":"ListItem","position":1,"name":"Home","item":"https:\/\/dev.borgarbyggd.is\/gbf\/"},{"@type":"ListItem","position":2,"name":"N\u00e1m og kennsla"}]},{"@type":"WebSite","@id":"https:\/\/dev.borgarbyggd.is\/gbf\/#website","url":"https:\/\/dev.borgarbyggd.is\/gbf\/","name":"Grunnsk\u00f3li Borgarfjar\u00f0ar","description":"","potentialAction":[{"@type":"SearchAction","target":{"@type":"EntryPoint","urlTemplate":"https:\/\/dev.borgarbyggd.is\/gbf\/?s={search_term_string}"},"query-input":{"@type":"PropertyValueSpecification","valueRequired":true,"valueName":"search_term_string"}}],"inLanguage":"is"}]}},"_links":{"self":[{"href":"https:\/\/dev.borgarbyggd.is\/gbf\/wp-json\/wp\/v2\/pages\/17","targetHints":{"allow":["GET"]}}],"collection":[{"href":"https:\/\/dev.borgarbyggd.is\/gbf\/wp-json\/wp\/v2\/pages"}],"about":[{"href":"https:\/\/dev.borgarbyggd.is\/gbf\/wp-json\/wp\/v2\/types\/page"}],"author":[{"embeddable":true,"href":"https:\/\/dev.borgarbyggd.is\/gbf\/wp-json\/wp\/v2\/users\/1"}],"replies":[{"embeddable":true,"href":"https:\/\/dev.borgarbyggd.is\/gbf\/wp-json\/wp\/v2\/comments?post=17"}],"version-history":[{"count":0,"href":"https:\/\/dev.borgarbyggd.is\/gbf\/wp-json\/wp\/v2\/pages\/17\/revisions"}],"wp:attachment":[{"href":"https:\/\/dev.borgarbyggd.is\/gbf\/wp-json\/wp\/v2\/media?parent=17"}],"curies":[{"name":"wp","href":"https:\/\/api.w.org\/{rel}","templated":true}]}}