{"id":164,"date":"2023-10-09T08:02:50","date_gmt":"2023-10-09T08:02:50","guid":{"rendered":"https:\/\/dev.borgarbyggd.is\/gbf\/?page_id=164"},"modified":"2025-11-30T22:52:55","modified_gmt":"2025-11-30T22:52:55","slug":"aaetlanir-og-skyrslur","status":"publish","type":"page","link":"https:\/\/dev.borgarbyggd.is\/gbf\/skolinn\/aaetlanir-og-skyrslur\/","title":{"rendered":"\u00c1\u00e6tlanir og sk\u00fdrslur"},"content":{"rendered":"<p style=\"text-align: left\"><b><span data-contrast=\"none\">\u00c1\u00e6tlanir<\/span><\/b><span data-ccp-props=\"{&quot;134245418&quot;:true,&quot;134245529&quot;:true,&quot;201341983&quot;:0,&quot;335559738&quot;:240,&quot;335559739&quot;:0,&quot;335559740&quot;:259}\">\u00a0<\/span><\/p>\n<ul style=\"text-align: left\">\n<li data-leveltext=\"\uf0b7\" data-font=\"Symbol\" data-listid=\"1\" data-list-defn-props=\"{&quot;335552541&quot;:1,&quot;335559684&quot;:-2,&quot;335559685&quot;:720,&quot;335559991&quot;:360,&quot;469769226&quot;:&quot;Symbol&quot;,&quot;469769242&quot;:[8226],&quot;469777803&quot;:&quot;left&quot;,&quot;469777804&quot;:&quot;\uf0b7&quot;,&quot;469777815&quot;:&quot;hybridMultilevel&quot;}\" data-aria-posinset=\"1\" data-aria-level=\"1\"><strong><a href=\"https:\/\/dev.borgarbyggd.is\/gbf\/wp-content\/uploads\/sites\/6\/2025\/02\/Aaetlun-um-afallahjalp.pdf\">\u00c1\u00e6tlun um \u00e1fallahj\u00e1lp<\/a><\/strong><\/li>\n<li data-leveltext=\"\uf0b7\" data-font=\"Symbol\" data-listid=\"1\" data-list-defn-props=\"{&quot;335552541&quot;:1,&quot;335559684&quot;:-2,&quot;335559685&quot;:720,&quot;335559991&quot;:360,&quot;469769226&quot;:&quot;Symbol&quot;,&quot;469769242&quot;:[8226],&quot;469777803&quot;:&quot;left&quot;,&quot;469777804&quot;:&quot;\uf0b7&quot;,&quot;469777815&quot;:&quot;hybridMultilevel&quot;}\" data-aria-posinset=\"2\" data-aria-level=\"1\"><strong><a href=\"https:\/\/dev.borgarbyggd.is\/gbf\/wp-content\/uploads\/sites\/6\/2024\/01\/Aaetlun-gegn-einelti.pdf\">\u00c1\u00e6tlun gegn einelti<\/a><\/strong><\/li>\n<li data-leveltext=\"\uf0b7\" data-font=\"Symbol\" data-listid=\"1\" data-list-defn-props=\"{&quot;335552541&quot;:1,&quot;335559684&quot;:-2,&quot;335559685&quot;:720,&quot;335559991&quot;:360,&quot;469769226&quot;:&quot;Symbol&quot;,&quot;469769242&quot;:[8226],&quot;469777803&quot;:&quot;left&quot;,&quot;469777804&quot;:&quot;\uf0b7&quot;,&quot;469777815&quot;:&quot;hybridMultilevel&quot;}\" data-aria-posinset=\"3\" data-aria-level=\"1\"><strong><a href=\"https:\/\/dev.borgarbyggd.is\/gbf\/wp-content\/uploads\/sites\/6\/2024\/01\/aetlun_gegn_ofbeldi.pdf\">\u00c1\u00e6tlun gegn ofbeldi<\/a><\/strong><\/li>\n<li data-leveltext=\"\uf0b7\" data-font=\"Symbol\" data-listid=\"1\" data-list-defn-props=\"{&quot;335552541&quot;:1,&quot;335559684&quot;:-2,&quot;335559685&quot;:720,&quot;335559991&quot;:360,&quot;469769226&quot;:&quot;Symbol&quot;,&quot;469769242&quot;:[8226],&quot;469777803&quot;:&quot;left&quot;,&quot;469777804&quot;:&quot;\uf0b7&quot;,&quot;469777815&quot;:&quot;hybridMultilevel&quot;}\" data-aria-posinset=\"4\" data-aria-level=\"1\"><strong><a href=\"https:\/\/dev.borgarbyggd.is\/gbf\/wp-content\/uploads\/sites\/6\/2024\/01\/JafnrettisaaetlunGrunnskolaBorgarfjardar2019.pdf\">Jafnr\u00e9ttis\u00e1\u00e6tlun<\/a>\u00a0<\/strong><\/li>\n<\/ul>\n<ul style=\"text-align: left\">\n<li data-leveltext=\"\uf0b7\" data-font=\"Symbol\" data-listid=\"1\" data-list-defn-props=\"{&quot;335552541&quot;:1,&quot;335559684&quot;:-2,&quot;335559685&quot;:720,&quot;335559991&quot;:360,&quot;469769226&quot;:&quot;Symbol&quot;,&quot;469769242&quot;:[8226],&quot;469777803&quot;:&quot;left&quot;,&quot;469777804&quot;:&quot;\uf0b7&quot;,&quot;469777815&quot;:&quot;hybridMultilevel&quot;}\" data-aria-posinset=\"1\" data-aria-level=\"1\"><a href=\"https:\/\/dev.borgarbyggd.is\/gbf\/wp-content\/uploads\/sites\/6\/2024\/01\/Mottaka-nyrra-nemenda.pdf\"><strong>M\u00f3tt\u00f6ku\u00e1\u00e6tlun n\u00fdrra nemenda<\/strong><\/a><\/li>\n<li data-leveltext=\"\uf0b7\" data-font=\"Symbol\" data-listid=\"1\" data-list-defn-props=\"{&quot;335552541&quot;:1,&quot;335559684&quot;:-2,&quot;335559685&quot;:720,&quot;335559991&quot;:360,&quot;469769226&quot;:&quot;Symbol&quot;,&quot;469769242&quot;:[8226],&quot;469777803&quot;:&quot;left&quot;,&quot;469777804&quot;:&quot;\uf0b7&quot;,&quot;469777815&quot;:&quot;hybridMultilevel&quot;}\" data-aria-posinset=\"1\" data-aria-level=\"1\"><strong><a href=\"https:\/\/dev.borgarbyggd.is\/gbf\/wp-content\/uploads\/sites\/6\/2024\/01\/Mottaka-nyrra-starfsmanna.pdf\">M\u00f3ttaka n\u00fdrra starfsmanna<\/a><\/strong><\/li>\n<li data-leveltext=\"\uf0b7\" data-font=\"Symbol\" data-listid=\"1\" data-list-defn-props=\"{&quot;335552541&quot;:1,&quot;335559684&quot;:-2,&quot;335559685&quot;:720,&quot;335559991&quot;:360,&quot;469769226&quot;:&quot;Symbol&quot;,&quot;469769242&quot;:[8226],&quot;469777803&quot;:&quot;left&quot;,&quot;469777804&quot;:&quot;\uf0b7&quot;,&quot;469777815&quot;:&quot;hybridMultilevel&quot;}\" data-aria-posinset=\"2\" data-aria-level=\"1\"><strong><a href=\"https:\/\/dev.borgarbyggd.is\/gbf\/wp-content\/uploads\/sites\/6\/2024\/01\/Mottokuaaetlun-grunnskolar_borgarbyggdar.pdf\">M\u00f3tt\u00f6ku\u00e1\u00e6tlun erlendra nemenda<\/a>\u00a0<\/strong><\/li>\n<li data-leveltext=\"\uf0b7\" data-font=\"Symbol\" data-listid=\"1\" data-list-defn-props=\"{&quot;335552541&quot;:1,&quot;335559684&quot;:-2,&quot;335559685&quot;:720,&quot;335559991&quot;:360,&quot;469769226&quot;:&quot;Symbol&quot;,&quot;469769242&quot;:[8226],&quot;469777803&quot;:&quot;left&quot;,&quot;469777804&quot;:&quot;\uf0b7&quot;,&quot;469777815&quot;:&quot;hybridMultilevel&quot;}\" data-aria-posinset=\"3\" data-aria-level=\"1\"><strong><a href=\"https:\/\/dev.borgarbyggd.is\/gbf\/wp-content\/uploads\/sites\/6\/2024\/01\/Rymingaraaetlun_Brunavarnir.pdf\">R\u00fdmingar\u00e1\u00e6tlun<\/a><\/strong><\/li>\n<li data-leveltext=\"\uf0b7\" data-font=\"Symbol\" data-listid=\"1\" data-list-defn-props=\"{&quot;335552541&quot;:1,&quot;335559684&quot;:-2,&quot;335559685&quot;:720,&quot;335559991&quot;:360,&quot;469769226&quot;:&quot;Symbol&quot;,&quot;469769242&quot;:[8226],&quot;469777803&quot;:&quot;left&quot;,&quot;469777804&quot;:&quot;\uf0b7&quot;,&quot;469777815&quot;:&quot;hybridMultilevel&quot;}\" data-aria-posinset=\"4\" data-aria-level=\"1\"><strong><a href=\"https:\/\/dev.borgarbyggd.is\/gbf\/wp-content\/uploads\/sites\/6\/2024\/01\/Rymingaraaetlun-Hvanneyrardeildar.pdf\">R\u00fdmingar\u00e1\u00e6tlun Hvanneyri<\/a>\u00a0<\/strong><\/li>\n<li data-leveltext=\"\uf0b7\" data-font=\"Symbol\" data-listid=\"1\" data-list-defn-props=\"{&quot;335552541&quot;:1,&quot;335559684&quot;:-2,&quot;335559685&quot;:720,&quot;335559991&quot;:360,&quot;469769226&quot;:&quot;Symbol&quot;,&quot;469769242&quot;:[8226],&quot;469777803&quot;:&quot;left&quot;,&quot;469777804&quot;:&quot;\uf0b7&quot;,&quot;469777815&quot;:&quot;hybridMultilevel&quot;}\" data-aria-posinset=\"5\" data-aria-level=\"1\"><a href=\"https:\/\/www.gbf.is\/Files\/Skra_0049562.pdf\"><strong>R\u00fdmingar\u00e1\u00e6tlun<\/strong> <\/a><strong><a href=\"https:\/\/dev.borgarbyggd.is\/gbf\/wp-content\/uploads\/sites\/6\/2024\/01\/Rymingaraaetlun-Kleppjarnsreykjadeildar.pdf\">Kleppj\u00e1rnsreykir<\/a><\/strong><\/li>\n<li data-leveltext=\"\uf0b7\" data-font=\"Symbol\" data-listid=\"1\" data-list-defn-props=\"{&quot;335552541&quot;:1,&quot;335559684&quot;:-2,&quot;335559685&quot;:720,&quot;335559991&quot;:360,&quot;469769226&quot;:&quot;Symbol&quot;,&quot;469769242&quot;:[8226],&quot;469777803&quot;:&quot;left&quot;,&quot;469777804&quot;:&quot;\uf0b7&quot;,&quot;469777815&quot;:&quot;hybridMultilevel&quot;}\" data-aria-posinset=\"5\" data-aria-level=\"1\"><a href=\"https:\/\/dev.borgarbyggd.is\/gbf\/wp-content\/uploads\/sites\/6\/2024\/01\/Rymingaraaetlun-Varmalandsdeildar.pdf\"><strong>R\u00fdmingar\u00e1\u00e6tlun Varmaland<\/strong><\/a><\/li>\n<\/ul>\n<ul style=\"text-align: left\">\n<li data-leveltext=\"\uf0b7\" data-font=\"Symbol\" data-listid=\"1\" data-list-defn-props=\"{&quot;335552541&quot;:1,&quot;335559684&quot;:-2,&quot;335559685&quot;:720,&quot;335559991&quot;:360,&quot;469769226&quot;:&quot;Symbol&quot;,&quot;469769242&quot;:[8226],&quot;469777803&quot;:&quot;left&quot;,&quot;469777804&quot;:&quot;\uf0b7&quot;,&quot;469777815&quot;:&quot;hybridMultilevel&quot;}\" data-aria-posinset=\"2\" data-aria-level=\"1\"><a href=\"https:\/\/dev.borgarbyggd.is\/gbf\/wp-content\/uploads\/sites\/6\/2024\/01\/Vidverustefna-Grunnskola-Borgarfjardar.pdf\"><strong>Vi\u00f0verustefna Grunnsk\u00f3la Borgarfjar\u00f0ar<\/strong><\/a><\/li>\n<li data-leveltext=\"\uf0b7\" data-font=\"Symbol\" data-listid=\"1\" data-list-defn-props=\"{&quot;335552541&quot;:1,&quot;335559684&quot;:-2,&quot;335559685&quot;:720,&quot;335559991&quot;:360,&quot;469769226&quot;:&quot;Symbol&quot;,&quot;469769242&quot;:[8226],&quot;469777803&quot;:&quot;left&quot;,&quot;469777804&quot;:&quot;\uf0b7&quot;,&quot;469777815&quot;:&quot;hybridMultilevel&quot;}\" data-aria-posinset=\"4\" data-aria-level=\"1\"><strong><a href=\"https:\/\/dev.borgarbyggd.is\/gbf\/wp-content\/uploads\/sites\/6\/2024\/01\/vidbragsaatlun2020-GrunnskoliBorgarfjardar.pdf\">Vi\u00f0brag\u00f0s\u00e1\u00e6tlun Almannavarna<\/a><\/strong><\/li>\n<\/ul>\n<p style=\"text-align: left\"><a href=\"https:\/\/www.gbf.is\/wp-content\/uploads\/2019\/02\/%C3%93ve%C3%B0ur.pdf\">\u00d3ve\u00f0ur\u00a0\u00a0\u00a0 <\/a>Tilm\u00e6li um vi\u00f0br\u00f6g\u00f0 foreldra\/forr\u00e1\u00f0amanna barna \u00ed sk\u00f3lum og fr\u00edstundastarfi<\/p>\n<p style=\"text-align: left\">Sk\u00fdrslur:<\/p>\n<section class=\"accordion\">\n<div class=\"accordiontitle\">\u00c1rssk\u00fdrslur<\/div>\n<div>\n<p><a href=\"https:\/\/dev.borgarbyggd.is\/gbf\/wp-content\/uploads\/sites\/6\/2025\/11\/Arsskyrsla-2025.pdf\">\u00c1rssk\u00fdrsla 2025<\/a><\/p>\n<p><a href=\"https:\/\/dev.borgarbyggd.is\/gbf\/wp-content\/uploads\/sites\/6\/2024\/08\/Arsskyrsla-2024.pdf\">\u00c1rssk\u00fdrsla 2024<\/a><\/p>\n<p><a href=\"https:\/\/dev.borgarbyggd.is\/gbf\/wp-content\/uploads\/sites\/6\/2024\/01\/Arsskyrsla-2023.pdf\">\u00c1rssk\u00fdrsla 2023<\/a><\/p>\n<\/div>\n<\/section>\n<section class=\"accordion\">\n<div class=\"accordiontitle\">Starfs\u00e1\u00e6tlanir<\/div>\n<div>\n<p><a href=\"https:\/\/dev.borgarbyggd.is\/gbf\/wp-content\/uploads\/sites\/6\/2025\/11\/2025-26_StarfsaaetlunGrunnskolaBorgarfjardar1.pdf\">Starfs\u00e1\u00e6tlun 2025-26<\/a><\/p>\n<p><a href=\"https:\/\/dev.borgarbyggd.is\/gbf\/wp-content\/uploads\/sites\/6\/2024\/10\/2024-25_StarfsaaetlunGrunnskolaBorgarfjardar.pdf\">Starfs\u00e1\u00e6tlun 2024-2025<\/a><\/p>\n<p><a href=\"https:\/\/dev.borgarbyggd.is\/gbf\/wp-content\/uploads\/sites\/6\/2024\/01\/Starfsaaetlun2023-24-1.pdf\">Starfs\u00e1\u00e6tlun 2023-2024<\/a><\/p>\n<\/div>\n<\/section>\n<div style=\"text-align: left\">\n<div><\/div>\n<section class=\"accordion\">\n<div class=\"accordiontitle\">Sj\u00e1lfsmatsk\u00fdrsla<\/div>\n<div>\n<p><a href=\"https:\/\/dev.borgarbyggd.is\/gbf\/wp-content\/uploads\/sites\/6\/2025\/11\/Sjalfsmatsskyrsla-2025.pdf\">Sj\u00e1lfsmatssk\u00fdrsla 2025<\/a><\/p>\n<p><a href=\"https:\/\/dev.borgarbyggd.is\/gbf\/wp-content\/uploads\/sites\/6\/2024\/10\/2023-2024_SjalfsmatsskyrslaGrunnskolaBorgarfjardar.pdf\">Sj\u00e1lfsmatssk\u00fdrsla 2024\u00a0<\/a><\/p>\n<p><a href=\"https:\/\/dev.borgarbyggd.is\/gbf\/wp-content\/uploads\/sites\/6\/2024\/01\/Sjalfsmatsskyrsla-2023.pdf\">Sj\u00e1lfsmatssk\u00fdrsla<\/a><a href=\"https:\/\/dev.borgarbyggd.is\/gbf\/wp-content\/uploads\/sites\/6\/2024\/01\/Sjalfsmatsskyrsla-2023.pdf\"> 2023<\/a><\/p>\n<\/div>\n<div><\/div>\n<\/section>\n<div>\n<div><\/div>\n<section class=\"accordion\">\n<div class=\"accordiontitle\">Sk\u00f3lap\u00falsinn<\/div>\n<div class=\"accordionbody\"><a href=\"https:\/\/dev.borgarbyggd.is\/gbf\/wp-content\/uploads\/sites\/6\/2024\/01\/2022Nemendakonnun2-5bekkur.pdf\">Nemendakonnun 2.-5. bekkur haust 2022<\/a><\/div>\n<div>\u00a0 <a href=\"https:\/\/dev.borgarbyggd.is\/gbf\/wp-content\/uploads\/sites\/6\/2024\/01\/2023_10_Nemendakonnun6-10_haust23.pdf\">Nemendakonnun 6.-10. bekkur_haust 2023<\/a><\/div>\n<div>\n<div class=\"accordionbody\"><a href=\"https:\/\/dev.borgarbyggd.is\/gbf\/wp-content\/uploads\/sites\/6\/2024\/01\/2023_ForeldrakonnunSkolapulsins_Nidurst.pdf\">Foreldrakonnun vor 2023_<\/a><\/div>\n<div class=\"accordionbody\"><a href=\"https:\/\/dev.borgarbyggd.is\/gbf\/wp-content\/uploads\/sites\/6\/2024\/01\/2023_Starfsmannakonnun.pdf\">Starfsmannakonnun vor 2023<\/a><\/div>\n<div><a href=\"https:\/\/dev.borgarbyggd.is\/gbf\/wp-content\/uploads\/sites\/6\/2025\/11\/2024_NemendurSkolapulsinn.pdf\">\u00a0Nemendak\u00f6nnun 6.-10. bekkur 2023-24<\/a><\/div>\n<div><\/div>\n<\/div>\n<div><\/div>\n<\/section>\n<\/div>\n<\/div>\n","protected":false},"excerpt":{"rendered":"<p>\u00c1\u00e6tlanir\u00a0 \u00c1\u00e6tlun um \u00e1fallahj\u00e1lp \u00c1\u00e6tlun gegn einelti \u00c1\u00e6tlun gegn ofbeldi Jafnr\u00e9ttis\u00e1\u00e6tlun\u00a0 M\u00f3tt\u00f6ku\u00e1\u00e6tlun n\u00fdrra nemenda M\u00f3ttaka n\u00fdrra starfsmanna M\u00f3tt\u00f6ku\u00e1\u00e6tlun erlendra nemenda\u00a0 R\u00fdmingar\u00e1\u00e6tlun R\u00fdmingar\u00e1\u00e6tlun Hvanneyri\u00a0 R\u00fdmingar\u00e1\u00e6tlun Kleppj\u00e1rnsreykir R\u00fdmingar\u00e1\u00e6tlun Varmaland Vi\u00f0verustefna Grunnsk\u00f3la Borgarfjar\u00f0ar Vi\u00f0brag\u00f0s\u00e1\u00e6tlun Almannavarna \u00d3ve\u00f0ur\u00a0\u00a0\u00a0 Tilm\u00e6li um vi\u00f0br\u00f6g\u00f0 foreldra\/forr\u00e1\u00f0amanna barna \u00ed sk\u00f3lum og fr\u00edstundastarfi Sk\u00fdrslur: \u00c1rssk\u00fdrslur \u00c1rssk\u00fdrsla 2025 \u00c1rssk\u00fdrsla 2024 \u00c1rssk\u00fdrsla 2023 Starfs\u00e1\u00e6tlanir Starfs\u00e1\u00e6tlun 2025-26 Starfs\u00e1\u00e6tlun 2024-2025 Starfs\u00e1\u00e6tlun 2023-2024 Sj\u00e1lfsmatsk\u00fdrsla Sj\u00e1lfsmatssk\u00fdrsla 2025 &#8230; <\/p>\n<div><a href=\"https:\/\/dev.borgarbyggd.is\/gbf\/skolinn\/aaetlanir-og-skyrslur\/\" class=\"more-link\">Read More<\/a><\/div>\n","protected":false},"author":4,"featured_media":0,"parent":15,"menu_order":0,"comment_status":"closed","ping_status":"closed","template":"","meta":{"_acf_changed":false,"footnotes":""},"class_list":["post-164","page","type-page","status-publish","hentry","no-post-thumbnail"],"acf":{"quickaccess":false},"yoast_head":"<!-- This site is optimized with the Yoast SEO plugin v24.0 - https:\/\/yoast.com\/wordpress\/plugins\/seo\/ -->\n<title>\u00c1\u00e6tlanir og sk\u00fdrslur - Grunnsk\u00f3li Borgarfjar\u00f0ar<\/title>\n<meta name=\"robots\" content=\"noindex, follow, max-snippet:-1, max-image-preview:large, max-video-preview:-1\" \/>\n<meta property=\"og:locale\" content=\"is_IS\" \/>\n<meta property=\"og:type\" content=\"article\" \/>\n<meta property=\"og:title\" content=\"\u00c1\u00e6tlanir og sk\u00fdrslur - Grunnsk\u00f3li Borgarfjar\u00f0ar\" \/>\n<meta property=\"og:description\" content=\"\u00c1\u00e6tlanir\u00a0 \u00c1\u00e6tlun um \u00e1fallahj\u00e1lp \u00c1\u00e6tlun gegn einelti \u00c1\u00e6tlun gegn ofbeldi Jafnr\u00e9ttis\u00e1\u00e6tlun\u00a0 M\u00f3tt\u00f6ku\u00e1\u00e6tlun n\u00fdrra nemenda M\u00f3ttaka n\u00fdrra starfsmanna M\u00f3tt\u00f6ku\u00e1\u00e6tlun erlendra nemenda\u00a0 R\u00fdmingar\u00e1\u00e6tlun R\u00fdmingar\u00e1\u00e6tlun Hvanneyri\u00a0 R\u00fdmingar\u00e1\u00e6tlun Kleppj\u00e1rnsreykir R\u00fdmingar\u00e1\u00e6tlun Varmaland Vi\u00f0verustefna Grunnsk\u00f3la Borgarfjar\u00f0ar Vi\u00f0brag\u00f0s\u00e1\u00e6tlun Almannavarna \u00d3ve\u00f0ur\u00a0\u00a0\u00a0 Tilm\u00e6li um vi\u00f0br\u00f6g\u00f0 foreldra\/forr\u00e1\u00f0amanna barna \u00ed sk\u00f3lum og fr\u00edstundastarfi Sk\u00fdrslur: \u00c1rssk\u00fdrslur \u00c1rssk\u00fdrsla 2025 \u00c1rssk\u00fdrsla 2024 \u00c1rssk\u00fdrsla 2023 Starfs\u00e1\u00e6tlanir Starfs\u00e1\u00e6tlun 2025-26 Starfs\u00e1\u00e6tlun 2024-2025 Starfs\u00e1\u00e6tlun 2023-2024 Sj\u00e1lfsmatsk\u00fdrsla Sj\u00e1lfsmatssk\u00fdrsla 2025 ... Read More\" \/>\n<meta property=\"og:url\" content=\"https:\/\/dev.borgarbyggd.is\/gbf\/skolinn\/aaetlanir-og-skyrslur\/\" \/>\n<meta property=\"og:site_name\" content=\"Grunnsk\u00f3li Borgarfjar\u00f0ar\" \/>\n<meta property=\"article:modified_time\" content=\"2025-11-30T22:52:55+00:00\" \/>\n<meta name=\"twitter:card\" content=\"summary_large_image\" \/>\n<meta name=\"twitter:label1\" content=\"Est. reading time\" \/>\n\t<meta name=\"twitter:data1\" content=\"1 minute\" \/>\n<script type=\"application\/ld+json\" class=\"yoast-schema-graph\">{\"@context\":\"https:\/\/schema.org\",\"@graph\":[{\"@type\":\"WebPage\",\"@id\":\"https:\/\/dev.borgarbyggd.is\/gbf\/skolinn\/aaetlanir-og-skyrslur\/\",\"url\":\"https:\/\/dev.borgarbyggd.is\/gbf\/skolinn\/aaetlanir-og-skyrslur\/\",\"name\":\"\u00c1\u00e6tlanir og sk\u00fdrslur - Grunnsk\u00f3li Borgarfjar\u00f0ar\",\"isPartOf\":{\"@id\":\"https:\/\/dev.borgarbyggd.is\/gbf\/#website\"},\"datePublished\":\"2023-10-09T08:02:50+00:00\",\"dateModified\":\"2025-11-30T22:52:55+00:00\",\"breadcrumb\":{\"@id\":\"https:\/\/dev.borgarbyggd.is\/gbf\/skolinn\/aaetlanir-og-skyrslur\/#breadcrumb\"},\"inLanguage\":\"is\",\"potentialAction\":[{\"@type\":\"ReadAction\",\"target\":[\"https:\/\/dev.borgarbyggd.is\/gbf\/skolinn\/aaetlanir-og-skyrslur\/\"]}]},{\"@type\":\"BreadcrumbList\",\"@id\":\"https:\/\/dev.borgarbyggd.is\/gbf\/skolinn\/aaetlanir-og-skyrslur\/#breadcrumb\",\"itemListElement\":[{\"@type\":\"ListItem\",\"position\":1,\"name\":\"Home\",\"item\":\"https:\/\/dev.borgarbyggd.is\/gbf\/\"},{\"@type\":\"ListItem\",\"position\":2,\"name\":\"Sk\u00f3linn\",\"item\":\"https:\/\/dev.borgarbyggd.is\/gbf\/skolinn\/\"},{\"@type\":\"ListItem\",\"position\":3,\"name\":\"\u00c1\u00e6tlanir og sk\u00fdrslur\"}]},{\"@type\":\"WebSite\",\"@id\":\"https:\/\/dev.borgarbyggd.is\/gbf\/#website\",\"url\":\"https:\/\/dev.borgarbyggd.is\/gbf\/\",\"name\":\"Grunnsk\u00f3li Borgarfjar\u00f0ar\",\"description\":\"\",\"potentialAction\":[{\"@type\":\"SearchAction\",\"target\":{\"@type\":\"EntryPoint\",\"urlTemplate\":\"https:\/\/dev.borgarbyggd.is\/gbf\/?s={search_term_string}\"},\"query-input\":{\"@type\":\"PropertyValueSpecification\",\"valueRequired\":true,\"valueName\":\"search_term_string\"}}],\"inLanguage\":\"is\"}]}<\/script>\n<!-- \/ Yoast SEO plugin. -->","yoast_head_json":{"title":"\u00c1\u00e6tlanir og sk\u00fdrslur - Grunnsk\u00f3li Borgarfjar\u00f0ar","robots":{"index":"noindex","follow":"follow","max-snippet":"max-snippet:-1","max-image-preview":"max-image-preview:large","max-video-preview":"max-video-preview:-1"},"og_locale":"is_IS","og_type":"article","og_title":"\u00c1\u00e6tlanir og sk\u00fdrslur - Grunnsk\u00f3li Borgarfjar\u00f0ar","og_description":"\u00c1\u00e6tlanir\u00a0 \u00c1\u00e6tlun um \u00e1fallahj\u00e1lp \u00c1\u00e6tlun gegn einelti \u00c1\u00e6tlun gegn ofbeldi Jafnr\u00e9ttis\u00e1\u00e6tlun\u00a0 M\u00f3tt\u00f6ku\u00e1\u00e6tlun n\u00fdrra nemenda M\u00f3ttaka n\u00fdrra starfsmanna M\u00f3tt\u00f6ku\u00e1\u00e6tlun erlendra nemenda\u00a0 R\u00fdmingar\u00e1\u00e6tlun R\u00fdmingar\u00e1\u00e6tlun Hvanneyri\u00a0 R\u00fdmingar\u00e1\u00e6tlun Kleppj\u00e1rnsreykir R\u00fdmingar\u00e1\u00e6tlun Varmaland Vi\u00f0verustefna Grunnsk\u00f3la Borgarfjar\u00f0ar Vi\u00f0brag\u00f0s\u00e1\u00e6tlun Almannavarna \u00d3ve\u00f0ur\u00a0\u00a0\u00a0 Tilm\u00e6li um vi\u00f0br\u00f6g\u00f0 foreldra\/forr\u00e1\u00f0amanna barna \u00ed sk\u00f3lum og fr\u00edstundastarfi Sk\u00fdrslur: \u00c1rssk\u00fdrslur \u00c1rssk\u00fdrsla 2025 \u00c1rssk\u00fdrsla 2024 \u00c1rssk\u00fdrsla 2023 Starfs\u00e1\u00e6tlanir Starfs\u00e1\u00e6tlun 2025-26 Starfs\u00e1\u00e6tlun 2024-2025 Starfs\u00e1\u00e6tlun 2023-2024 Sj\u00e1lfsmatsk\u00fdrsla Sj\u00e1lfsmatssk\u00fdrsla 2025 ... Read More","og_url":"https:\/\/dev.borgarbyggd.is\/gbf\/skolinn\/aaetlanir-og-skyrslur\/","og_site_name":"Grunnsk\u00f3li Borgarfjar\u00f0ar","article_modified_time":"2025-11-30T22:52:55+00:00","twitter_card":"summary_large_image","twitter_misc":{"Est. reading time":"1 minute"},"schema":{"@context":"https:\/\/schema.org","@graph":[{"@type":"WebPage","@id":"https:\/\/dev.borgarbyggd.is\/gbf\/skolinn\/aaetlanir-og-skyrslur\/","url":"https:\/\/dev.borgarbyggd.is\/gbf\/skolinn\/aaetlanir-og-skyrslur\/","name":"\u00c1\u00e6tlanir og sk\u00fdrslur - Grunnsk\u00f3li Borgarfjar\u00f0ar","isPartOf":{"@id":"https:\/\/dev.borgarbyggd.is\/gbf\/#website"},"datePublished":"2023-10-09T08:02:50+00:00","dateModified":"2025-11-30T22:52:55+00:00","breadcrumb":{"@id":"https:\/\/dev.borgarbyggd.is\/gbf\/skolinn\/aaetlanir-og-skyrslur\/#breadcrumb"},"inLanguage":"is","potentialAction":[{"@type":"ReadAction","target":["https:\/\/dev.borgarbyggd.is\/gbf\/skolinn\/aaetlanir-og-skyrslur\/"]}]},{"@type":"BreadcrumbList","@id":"https:\/\/dev.borgarbyggd.is\/gbf\/skolinn\/aaetlanir-og-skyrslur\/#breadcrumb","itemListElement":[{"@type":"ListItem","position":1,"name":"Home","item":"https:\/\/dev.borgarbyggd.is\/gbf\/"},{"@type":"ListItem","position":2,"name":"Sk\u00f3linn","item":"https:\/\/dev.borgarbyggd.is\/gbf\/skolinn\/"},{"@type":"ListItem","position":3,"name":"\u00c1\u00e6tlanir og sk\u00fdrslur"}]},{"@type":"WebSite","@id":"https:\/\/dev.borgarbyggd.is\/gbf\/#website","url":"https:\/\/dev.borgarbyggd.is\/gbf\/","name":"Grunnsk\u00f3li Borgarfjar\u00f0ar","description":"","potentialAction":[{"@type":"SearchAction","target":{"@type":"EntryPoint","urlTemplate":"https:\/\/dev.borgarbyggd.is\/gbf\/?s={search_term_string}"},"query-input":{"@type":"PropertyValueSpecification","valueRequired":true,"valueName":"search_term_string"}}],"inLanguage":"is"}]}},"_links":{"self":[{"href":"https:\/\/dev.borgarbyggd.is\/gbf\/wp-json\/wp\/v2\/pages\/164","targetHints":{"allow":["GET"]}}],"collection":[{"href":"https:\/\/dev.borgarbyggd.is\/gbf\/wp-json\/wp\/v2\/pages"}],"about":[{"href":"https:\/\/dev.borgarbyggd.is\/gbf\/wp-json\/wp\/v2\/types\/page"}],"author":[{"embeddable":true,"href":"https:\/\/dev.borgarbyggd.is\/gbf\/wp-json\/wp\/v2\/users\/4"}],"replies":[{"embeddable":true,"href":"https:\/\/dev.borgarbyggd.is\/gbf\/wp-json\/wp\/v2\/comments?post=164"}],"version-history":[{"count":0,"href":"https:\/\/dev.borgarbyggd.is\/gbf\/wp-json\/wp\/v2\/pages\/164\/revisions"}],"up":[{"embeddable":true,"href":"https:\/\/dev.borgarbyggd.is\/gbf\/wp-json\/wp\/v2\/pages\/15"}],"wp:attachment":[{"href":"https:\/\/dev.borgarbyggd.is\/gbf\/wp-json\/wp\/v2\/media?parent=164"}],"curies":[{"name":"wp","href":"https:\/\/api.w.org\/{rel}","templated":true}]}}