{"id":15,"date":"2023-07-25T16:38:29","date_gmt":"2023-07-25T16:38:29","guid":{"rendered":"https:\/\/dev.borgarbyggd.is\/gbf\/?page_id=15"},"modified":"2023-11-08T14:10:18","modified_gmt":"2023-11-08T14:10:18","slug":"skolinn","status":"publish","type":"page","link":"https:\/\/dev.borgarbyggd.is\/gbf\/skolinn\/","title":{"rendered":"Sk\u00f3linn"},"content":{"rendered":"<p>Grunnsk\u00f3li Borgarfjar\u00f0ar starfar \u00e1 \u00feremur starfsst\u00f6\u00f0vum, Hvanneyri, Kleppj\u00e1rnsreykjum og Varmalandi. \u00der\u00e1tt fyrir a\u00f0 vera sami sk\u00f3linn hafa starfsst\u00f6\u00f0var haldi\u00f0 s\u00ednum s\u00e9rkennum fr\u00e1 sameiningu \u00e1ri\u00f0 2010.<\/p>\n<p><span data-contrast=\"auto\">Einkunnaror\u00f0 sk\u00f3lans eru <\/span><i><span data-contrast=\"auto\">gle\u00f0i, heilbrig\u00f0i og \u00e1rangur<\/span><\/i><span data-contrast=\"auto\">. Hugt\u00f6kin \u00ferj\u00fa l\u00fdsa best sk\u00f3lastarfi GBf og vi\u00f0 hverju nemendur mega b\u00faast innan hans.\u00a0<\/span><span data-ccp-props=\"{&quot;134233279&quot;:true,&quot;201341983&quot;:0,&quot;335559739&quot;:120,&quot;335559740&quot;:259}\">\u00a0<\/span><\/p>\n<p><i><span data-contrast=\"auto\">Gle\u00f0i<\/span><\/i><span data-contrast=\"auto\"> v\u00edsar til \u00feeirra j\u00e1kv\u00e6\u00f0u vi\u00f0horfa sem sk\u00f3linn vill a\u00f0 nemendur hafi til n\u00e1msins og sk\u00f3lans og s\u00e9 um lei\u00f0 l\u00fdsandi fyrir r\u00edkjandi samskiptaform. \u00c1n gle\u00f0innar er erfitt fyrir nemendur a\u00f0 n\u00e1 \u00feeim g\u00f3\u00f0a \u00e1rangri sem sk\u00f3linn v\u00e6ntir af \u00feeim.\u00a0<\/span><span data-ccp-props=\"{&quot;134233279&quot;:true,&quot;201341983&quot;:0,&quot;335559739&quot;:120,&quot;335559740&quot;:259}\">\u00a0<\/span><\/p>\n<p><i><span data-contrast=\"auto\">Heilbrig\u00f0i<\/span><\/i><span data-contrast=\"auto\">, v\u00edsar til andlegs og l\u00edkamlegs heilbrig\u00f0is sem er lykil\u00fe\u00e1ttur nemenda til a\u00f0 n\u00e1 \u00e1rangri. Sk\u00f3linn leggur sitt af m\u00f6rkum til a\u00f0 auka heilbrig\u00f0i nemenda me\u00f0 daglegri, skipulag\u00f0ri hreyfingu og hollum mat \u00ed m\u00f6tuneytinu.\u00a0<\/span><span data-ccp-props=\"{&quot;134233279&quot;:true,&quot;201341983&quot;:0,&quot;335559739&quot;:120,&quot;335559740&quot;:259}\">\u00a0<\/span><\/p>\n<p><i><span data-contrast=\"auto\">\u00c1rangur<\/span><\/i><span data-contrast=\"auto\"> v\u00edsar til \u00feess \u00e1rangurs nemenda sem sk\u00f3linn vill a\u00f0 hver einstaklingur n\u00e1i b\u00e6\u00f0i \u00ed n\u00e1mi og \u00e1 f\u00e9lagslega svi\u00f0inu.\u00a0<\/span><span data-ccp-props=\"{&quot;134233279&quot;:true,&quot;201341983&quot;:0,&quot;335559739&quot;:120,&quot;335559740&quot;:259}\">\u00a0<\/span><\/p>\n","protected":false},"excerpt":{"rendered":"<p>Grunnsk\u00f3li Borgarfjar\u00f0ar starfar \u00e1 \u00feremur starfsst\u00f6\u00f0vum, Hvanneyri, Kleppj\u00e1rnsreykjum og Varmalandi. \u00der\u00e1tt fyrir a\u00f0 vera sami sk\u00f3linn hafa starfsst\u00f6\u00f0var haldi\u00f0 s\u00ednum s\u00e9rkennum fr\u00e1 sameiningu \u00e1ri\u00f0 2010. Einkunnaror\u00f0 sk\u00f3lans eru gle\u00f0i, heilbrig\u00f0i og \u00e1rangur. Hugt\u00f6kin \u00ferj\u00fa l\u00fdsa best sk\u00f3lastarfi GBf og vi\u00f0 hverju nemendur mega b\u00faast innan hans.\u00a0\u00a0 Gle\u00f0i v\u00edsar til \u00feeirra j\u00e1kv\u00e6\u00f0u vi\u00f0horfa sem sk\u00f3linn vill a\u00f0 nemendur hafi til n\u00e1msins &#8230; <\/p>\n<div><a href=\"https:\/\/dev.borgarbyggd.is\/gbf\/skolinn\/\" class=\"more-link\">Read More<\/a><\/div>\n","protected":false},"author":1,"featured_media":0,"parent":0,"menu_order":0,"comment_status":"closed","ping_status":"closed","template":"","meta":{"_acf_changed":false,"footnotes":""},"class_list":["post-15","page","type-page","status-publish","hentry","no-post-thumbnail"],"acf":{"quickaccess":false},"yoast_head":"<!-- This site is optimized with the Yoast SEO plugin v24.0 - https:\/\/yoast.com\/wordpress\/plugins\/seo\/ -->\n<title>Sk\u00f3linn - Grunnsk\u00f3li Borgarfjar\u00f0ar<\/title>\n<meta name=\"robots\" content=\"noindex, follow, max-snippet:-1, max-image-preview:large, max-video-preview:-1\" \/>\n<meta property=\"og:locale\" content=\"is_IS\" \/>\n<meta property=\"og:type\" content=\"article\" \/>\n<meta property=\"og:title\" content=\"Sk\u00f3linn - Grunnsk\u00f3li Borgarfjar\u00f0ar\" \/>\n<meta property=\"og:description\" content=\"Grunnsk\u00f3li Borgarfjar\u00f0ar starfar \u00e1 \u00feremur starfsst\u00f6\u00f0vum, Hvanneyri, Kleppj\u00e1rnsreykjum og Varmalandi. \u00der\u00e1tt fyrir a\u00f0 vera sami sk\u00f3linn hafa starfsst\u00f6\u00f0var haldi\u00f0 s\u00ednum s\u00e9rkennum fr\u00e1 sameiningu \u00e1ri\u00f0 2010. Einkunnaror\u00f0 sk\u00f3lans eru gle\u00f0i, heilbrig\u00f0i og \u00e1rangur. Hugt\u00f6kin \u00ferj\u00fa l\u00fdsa best sk\u00f3lastarfi GBf og vi\u00f0 hverju nemendur mega b\u00faast innan hans.\u00a0\u00a0 Gle\u00f0i v\u00edsar til \u00feeirra j\u00e1kv\u00e6\u00f0u vi\u00f0horfa sem sk\u00f3linn vill a\u00f0 nemendur hafi til n\u00e1msins ... Read More\" \/>\n<meta property=\"og:url\" content=\"https:\/\/dev.borgarbyggd.is\/gbf\/skolinn\/\" \/>\n<meta property=\"og:site_name\" content=\"Grunnsk\u00f3li Borgarfjar\u00f0ar\" \/>\n<meta property=\"article:modified_time\" content=\"2023-11-08T14:10:18+00:00\" \/>\n<meta name=\"twitter:card\" content=\"summary_large_image\" \/>\n<meta name=\"twitter:label1\" content=\"Est. reading time\" \/>\n\t<meta name=\"twitter:data1\" content=\"1 minute\" \/>\n<script type=\"application\/ld+json\" class=\"yoast-schema-graph\">{\"@context\":\"https:\/\/schema.org\",\"@graph\":[{\"@type\":\"WebPage\",\"@id\":\"https:\/\/dev.borgarbyggd.is\/gbf\/skolinn\/\",\"url\":\"https:\/\/dev.borgarbyggd.is\/gbf\/skolinn\/\",\"name\":\"Sk\u00f3linn - Grunnsk\u00f3li Borgarfjar\u00f0ar\",\"isPartOf\":{\"@id\":\"https:\/\/dev.borgarbyggd.is\/gbf\/#website\"},\"datePublished\":\"2023-07-25T16:38:29+00:00\",\"dateModified\":\"2023-11-08T14:10:18+00:00\",\"breadcrumb\":{\"@id\":\"https:\/\/dev.borgarbyggd.is\/gbf\/skolinn\/#breadcrumb\"},\"inLanguage\":\"is\",\"potentialAction\":[{\"@type\":\"ReadAction\",\"target\":[\"https:\/\/dev.borgarbyggd.is\/gbf\/skolinn\/\"]}]},{\"@type\":\"BreadcrumbList\",\"@id\":\"https:\/\/dev.borgarbyggd.is\/gbf\/skolinn\/#breadcrumb\",\"itemListElement\":[{\"@type\":\"ListItem\",\"position\":1,\"name\":\"Home\",\"item\":\"https:\/\/dev.borgarbyggd.is\/gbf\/\"},{\"@type\":\"ListItem\",\"position\":2,\"name\":\"Sk\u00f3linn\"}]},{\"@type\":\"WebSite\",\"@id\":\"https:\/\/dev.borgarbyggd.is\/gbf\/#website\",\"url\":\"https:\/\/dev.borgarbyggd.is\/gbf\/\",\"name\":\"Grunnsk\u00f3li Borgarfjar\u00f0ar\",\"description\":\"\",\"potentialAction\":[{\"@type\":\"SearchAction\",\"target\":{\"@type\":\"EntryPoint\",\"urlTemplate\":\"https:\/\/dev.borgarbyggd.is\/gbf\/?s={search_term_string}\"},\"query-input\":{\"@type\":\"PropertyValueSpecification\",\"valueRequired\":true,\"valueName\":\"search_term_string\"}}],\"inLanguage\":\"is\"}]}<\/script>\n<!-- \/ Yoast SEO plugin. -->","yoast_head_json":{"title":"Sk\u00f3linn - Grunnsk\u00f3li Borgarfjar\u00f0ar","robots":{"index":"noindex","follow":"follow","max-snippet":"max-snippet:-1","max-image-preview":"max-image-preview:large","max-video-preview":"max-video-preview:-1"},"og_locale":"is_IS","og_type":"article","og_title":"Sk\u00f3linn - Grunnsk\u00f3li Borgarfjar\u00f0ar","og_description":"Grunnsk\u00f3li Borgarfjar\u00f0ar starfar \u00e1 \u00feremur starfsst\u00f6\u00f0vum, Hvanneyri, Kleppj\u00e1rnsreykjum og Varmalandi. \u00der\u00e1tt fyrir a\u00f0 vera sami sk\u00f3linn hafa starfsst\u00f6\u00f0var haldi\u00f0 s\u00ednum s\u00e9rkennum fr\u00e1 sameiningu \u00e1ri\u00f0 2010. Einkunnaror\u00f0 sk\u00f3lans eru gle\u00f0i, heilbrig\u00f0i og \u00e1rangur. Hugt\u00f6kin \u00ferj\u00fa l\u00fdsa best sk\u00f3lastarfi GBf og vi\u00f0 hverju nemendur mega b\u00faast innan hans.\u00a0\u00a0 Gle\u00f0i v\u00edsar til \u00feeirra j\u00e1kv\u00e6\u00f0u vi\u00f0horfa sem sk\u00f3linn vill a\u00f0 nemendur hafi til n\u00e1msins ... Read More","og_url":"https:\/\/dev.borgarbyggd.is\/gbf\/skolinn\/","og_site_name":"Grunnsk\u00f3li Borgarfjar\u00f0ar","article_modified_time":"2023-11-08T14:10:18+00:00","twitter_card":"summary_large_image","twitter_misc":{"Est. reading time":"1 minute"},"schema":{"@context":"https:\/\/schema.org","@graph":[{"@type":"WebPage","@id":"https:\/\/dev.borgarbyggd.is\/gbf\/skolinn\/","url":"https:\/\/dev.borgarbyggd.is\/gbf\/skolinn\/","name":"Sk\u00f3linn - Grunnsk\u00f3li Borgarfjar\u00f0ar","isPartOf":{"@id":"https:\/\/dev.borgarbyggd.is\/gbf\/#website"},"datePublished":"2023-07-25T16:38:29+00:00","dateModified":"2023-11-08T14:10:18+00:00","breadcrumb":{"@id":"https:\/\/dev.borgarbyggd.is\/gbf\/skolinn\/#breadcrumb"},"inLanguage":"is","potentialAction":[{"@type":"ReadAction","target":["https:\/\/dev.borgarbyggd.is\/gbf\/skolinn\/"]}]},{"@type":"BreadcrumbList","@id":"https:\/\/dev.borgarbyggd.is\/gbf\/skolinn\/#breadcrumb","itemListElement":[{"@type":"ListItem","position":1,"name":"Home","item":"https:\/\/dev.borgarbyggd.is\/gbf\/"},{"@type":"ListItem","position":2,"name":"Sk\u00f3linn"}]},{"@type":"WebSite","@id":"https:\/\/dev.borgarbyggd.is\/gbf\/#website","url":"https:\/\/dev.borgarbyggd.is\/gbf\/","name":"Grunnsk\u00f3li Borgarfjar\u00f0ar","description":"","potentialAction":[{"@type":"SearchAction","target":{"@type":"EntryPoint","urlTemplate":"https:\/\/dev.borgarbyggd.is\/gbf\/?s={search_term_string}"},"query-input":{"@type":"PropertyValueSpecification","valueRequired":true,"valueName":"search_term_string"}}],"inLanguage":"is"}]}},"_links":{"self":[{"href":"https:\/\/dev.borgarbyggd.is\/gbf\/wp-json\/wp\/v2\/pages\/15","targetHints":{"allow":["GET"]}}],"collection":[{"href":"https:\/\/dev.borgarbyggd.is\/gbf\/wp-json\/wp\/v2\/pages"}],"about":[{"href":"https:\/\/dev.borgarbyggd.is\/gbf\/wp-json\/wp\/v2\/types\/page"}],"author":[{"embeddable":true,"href":"https:\/\/dev.borgarbyggd.is\/gbf\/wp-json\/wp\/v2\/users\/1"}],"replies":[{"embeddable":true,"href":"https:\/\/dev.borgarbyggd.is\/gbf\/wp-json\/wp\/v2\/comments?post=15"}],"version-history":[{"count":0,"href":"https:\/\/dev.borgarbyggd.is\/gbf\/wp-json\/wp\/v2\/pages\/15\/revisions"}],"wp:attachment":[{"href":"https:\/\/dev.borgarbyggd.is\/gbf\/wp-json\/wp\/v2\/media?parent=15"}],"curies":[{"name":"wp","href":"https:\/\/api.w.org\/{rel}","templated":true}]}}