{"id":9,"date":"2023-10-27T08:56:06","date_gmt":"2023-10-27T08:56:06","guid":{"rendered":"https:\/\/dev.borgarbyggd.is\/fristund\/?page_id=9"},"modified":"2023-10-27T12:12:11","modified_gmt":"2023-10-27T12:12:11","slug":"borgarsel","status":"publish","type":"page","link":"https:\/\/dev.borgarbyggd.is\/fristund\/borgarsel\/","title":{"rendered":"Borgarsel"},"content":{"rendered":"<p>Fr\u00edstundaheimili\u00f0 \u00ed Borgarnesi heitir Borgarsel og er fyrir alla nemendur \u00ed 1-4 bekk \u00ed Grunnsk\u00f3la Borgarnes. Fr\u00edstund hefst eftir a\u00f0 sk\u00f3ladegi l\u00fdkur og er opin til kl 16:15.<\/p>\n<p>B\u00f6rn \u00far dreifb\u00fdli sem n\u00fdta s\u00e9r sveitask\u00f3lab\u00edlinn eru skr\u00e1\u00f0 \u00ed fr\u00edstund \u00fear til sk\u00f3lab\u00edll fer og ekki er greitt aukalega fyrir \u00feann t\u00edma.<\/p>\n<p><b>Skr\u00e1ning \u00ed fr\u00edstund fer fram \u00ed gegnum\u00a0<a href=\"https:\/\/fristund.vala.is\/umsokn\" target=\"_blank\" rel=\"noopener noreferrer\" data-auth=\"NotApplicable\" data-safelink=\"true\" data-linkindex=\"0\">https:\/\/fristund.vala.is\/umsokn<\/a>\u00a0\u00a0\u00a0\u00a0\u00a0\u00a0\u00a0\u00a0\u00a0\u00a0\u00a0\u00a0<\/b><\/p>\n<p>Borgarsel b\u00fd\u00f0ur upp\u00a0\u00a0\u00e1 fj\u00f6lbreyttan og skemmtilega fr\u00edt\u00edma me\u00f0 \u00fea\u00f0 a\u00f0 markmi\u00f0i a\u00f0 efla sj\u00e1lfstraust, sj\u00e1lfst\u00e6\u00f0i og f\u00e9lagslega f\u00e6rni barna. Notast er vi\u00f0 l\u00fd\u00f0r\u00e6\u00f0islega starfsh\u00e6tti til a\u00f0 efla h\u00e6fni barna til a\u00f0 m\u00f3ta s\u00e9r sj\u00e1lfst\u00e6\u00f0ar sko\u00f0anir, auka frumkv\u00e6\u00f0i og \u00fdta undir sk\u00f6punargle\u00f0i.<\/p>\n<p>Unni\u00f0 er samkv\u00e6mt vi\u00f0mi\u00f0um um starfsemi fr\u00edstundaheimila sem sett eru af\u00a0\u00a0mennta- og menningarm\u00e1lar\u00e1\u00f0uneytisins og verklagsreglur um starfsemi fr\u00edstundaheimila \u00ed Borgarbygg\u00f0.<\/p>\n<p>Dvalargjald fyrir klukkut\u00edma er 350 kr og s\u00ed\u00f0degishressing kostar 150 kr \u00e1 dag. B\u00f6rn sem eru skr\u00e1\u00f0 \u00ed fr\u00edstund eftir kl 14:00 eru sj\u00e1lfkrafa skr\u00e1\u00f0 \u00ed hressingu. Mikilv\u00e6gt er a\u00f0 uppl\u00fdsa starfsf\u00f3lk fr\u00edstundaheimilis ef um a\u00f0 r\u00e6\u00f0a f\u00e6\u00f0uofn\u00e6mi e\u00f0a \u00f3\u00feol.<\/p>\n<p>&nbsp;<\/p>\n<p>Forst\u00f6\u00f0ukona Borgarsels er Hugr\u00fan Hulda Gu\u00f0j\u00f3nsd\u00f3ttir<\/p>\n<p>Netfang:\u00a0<a data-safelink=\"true\">hugrun.gudjonsdottir@borgarbyggd.is<\/a><\/p>\n<p>S\u00edmi: 847-7997.<\/p>\n<p>Netfang fr\u00edstund:\u00a0<a data-safelink=\"true\">fristund.borgarbyggd@borgarbyggd.is<\/a><\/p>\n","protected":false},"excerpt":{"rendered":"<p>Fr\u00edstundaheimili\u00f0 \u00ed Borgarnesi heitir Borgarsel og er fyrir alla nemendur \u00ed 1-4 bekk \u00ed Grunnsk\u00f3la Borgarnes. Fr\u00edstund hefst eftir a\u00f0 sk\u00f3ladegi l\u00fdkur og er opin til kl 16:15. B\u00f6rn \u00far dreifb\u00fdli sem n\u00fdta s\u00e9r sveitask\u00f3lab\u00edlinn eru skr\u00e1\u00f0 \u00ed fr\u00edstund \u00fear til sk\u00f3lab\u00edll fer og ekki er greitt aukalega fyrir \u00feann t\u00edma. Skr\u00e1ning \u00ed fr\u00edstund fer fram \u00ed gegnum\u00a0https:\/\/fristund.vala.is\/umsokn\u00a0\u00a0\u00a0\u00a0\u00a0\u00a0\u00a0\u00a0\u00a0\u00a0\u00a0\u00a0 Borgarsel b\u00fd\u00f0ur &#8230; <\/p>\n<div><a href=\"https:\/\/dev.borgarbyggd.is\/fristund\/borgarsel\/\" class=\"more-link\">Read More<\/a><\/div>\n","protected":false},"author":4,"featured_media":0,"parent":0,"menu_order":0,"comment_status":"closed","ping_status":"closed","template":"","meta":{"_acf_changed":false,"footnotes":""},"class_list":["post-9","page","type-page","status-publish","hentry","no-post-thumbnail"],"acf":{"quickaccess":false},"yoast_head":"<!-- This site is optimized with the Yoast SEO plugin v24.0 - https:\/\/yoast.com\/wordpress\/plugins\/seo\/ -->\n<title>Borgarsel - Fr\u00edstund<\/title>\n<meta name=\"robots\" content=\"noindex, follow, max-snippet:-1, max-image-preview:large, max-video-preview:-1\" \/>\n<meta property=\"og:locale\" content=\"is_IS\" \/>\n<meta property=\"og:type\" content=\"article\" \/>\n<meta property=\"og:title\" content=\"Borgarsel - Fr\u00edstund\" \/>\n<meta property=\"og:description\" content=\"Fr\u00edstundaheimili\u00f0 \u00ed Borgarnesi heitir Borgarsel og er fyrir alla nemendur \u00ed 1-4 bekk \u00ed Grunnsk\u00f3la Borgarnes. Fr\u00edstund hefst eftir a\u00f0 sk\u00f3ladegi l\u00fdkur og er opin til kl 16:15. B\u00f6rn \u00far dreifb\u00fdli sem n\u00fdta s\u00e9r sveitask\u00f3lab\u00edlinn eru skr\u00e1\u00f0 \u00ed fr\u00edstund \u00fear til sk\u00f3lab\u00edll fer og ekki er greitt aukalega fyrir \u00feann t\u00edma. Skr\u00e1ning \u00ed fr\u00edstund fer fram \u00ed gegnum\u00a0https:\/\/fristund.vala.is\/umsokn\u00a0\u00a0\u00a0\u00a0\u00a0\u00a0\u00a0\u00a0\u00a0\u00a0\u00a0\u00a0 Borgarsel b\u00fd\u00f0ur ... Read More\" \/>\n<meta property=\"og:url\" content=\"https:\/\/dev.borgarbyggd.is\/fristund\/borgarsel\/\" \/>\n<meta property=\"og:site_name\" content=\"Fr\u00edstund\" \/>\n<meta property=\"article:modified_time\" content=\"2023-10-27T12:12:11+00:00\" \/>\n<meta name=\"twitter:card\" content=\"summary_large_image\" \/>\n<meta name=\"twitter:label1\" content=\"Est. reading time\" \/>\n\t<meta name=\"twitter:data1\" content=\"1 minute\" \/>\n<script type=\"application\/ld+json\" class=\"yoast-schema-graph\">{\"@context\":\"https:\/\/schema.org\",\"@graph\":[{\"@type\":\"WebPage\",\"@id\":\"https:\/\/dev.borgarbyggd.is\/fristund\/borgarsel\/\",\"url\":\"https:\/\/dev.borgarbyggd.is\/fristund\/borgarsel\/\",\"name\":\"Borgarsel - Fr\u00edstund\",\"isPartOf\":{\"@id\":\"https:\/\/dev.borgarbyggd.is\/fristund\/#website\"},\"datePublished\":\"2023-10-27T08:56:06+00:00\",\"dateModified\":\"2023-10-27T12:12:11+00:00\",\"breadcrumb\":{\"@id\":\"https:\/\/dev.borgarbyggd.is\/fristund\/borgarsel\/#breadcrumb\"},\"inLanguage\":\"is\",\"potentialAction\":[{\"@type\":\"ReadAction\",\"target\":[\"https:\/\/dev.borgarbyggd.is\/fristund\/borgarsel\/\"]}]},{\"@type\":\"BreadcrumbList\",\"@id\":\"https:\/\/dev.borgarbyggd.is\/fristund\/borgarsel\/#breadcrumb\",\"itemListElement\":[{\"@type\":\"ListItem\",\"position\":1,\"name\":\"Home\",\"item\":\"https:\/\/dev.borgarbyggd.is\/fristund\/\"},{\"@type\":\"ListItem\",\"position\":2,\"name\":\"Borgarsel\"}]},{\"@type\":\"WebSite\",\"@id\":\"https:\/\/dev.borgarbyggd.is\/fristund\/#website\",\"url\":\"https:\/\/dev.borgarbyggd.is\/fristund\/\",\"name\":\"Fr\u00edstund\",\"description\":\"\",\"potentialAction\":[{\"@type\":\"SearchAction\",\"target\":{\"@type\":\"EntryPoint\",\"urlTemplate\":\"https:\/\/dev.borgarbyggd.is\/fristund\/?s={search_term_string}\"},\"query-input\":{\"@type\":\"PropertyValueSpecification\",\"valueRequired\":true,\"valueName\":\"search_term_string\"}}],\"inLanguage\":\"is\"}]}<\/script>\n<!-- \/ Yoast SEO plugin. -->","yoast_head_json":{"title":"Borgarsel - Fr\u00edstund","robots":{"index":"noindex","follow":"follow","max-snippet":"max-snippet:-1","max-image-preview":"max-image-preview:large","max-video-preview":"max-video-preview:-1"},"og_locale":"is_IS","og_type":"article","og_title":"Borgarsel - Fr\u00edstund","og_description":"Fr\u00edstundaheimili\u00f0 \u00ed Borgarnesi heitir Borgarsel og er fyrir alla nemendur \u00ed 1-4 bekk \u00ed Grunnsk\u00f3la Borgarnes. Fr\u00edstund hefst eftir a\u00f0 sk\u00f3ladegi l\u00fdkur og er opin til kl 16:15. B\u00f6rn \u00far dreifb\u00fdli sem n\u00fdta s\u00e9r sveitask\u00f3lab\u00edlinn eru skr\u00e1\u00f0 \u00ed fr\u00edstund \u00fear til sk\u00f3lab\u00edll fer og ekki er greitt aukalega fyrir \u00feann t\u00edma. Skr\u00e1ning \u00ed fr\u00edstund fer fram \u00ed gegnum\u00a0https:\/\/fristund.vala.is\/umsokn\u00a0\u00a0\u00a0\u00a0\u00a0\u00a0\u00a0\u00a0\u00a0\u00a0\u00a0\u00a0 Borgarsel b\u00fd\u00f0ur ... Read More","og_url":"https:\/\/dev.borgarbyggd.is\/fristund\/borgarsel\/","og_site_name":"Fr\u00edstund","article_modified_time":"2023-10-27T12:12:11+00:00","twitter_card":"summary_large_image","twitter_misc":{"Est. reading time":"1 minute"},"schema":{"@context":"https:\/\/schema.org","@graph":[{"@type":"WebPage","@id":"https:\/\/dev.borgarbyggd.is\/fristund\/borgarsel\/","url":"https:\/\/dev.borgarbyggd.is\/fristund\/borgarsel\/","name":"Borgarsel - Fr\u00edstund","isPartOf":{"@id":"https:\/\/dev.borgarbyggd.is\/fristund\/#website"},"datePublished":"2023-10-27T08:56:06+00:00","dateModified":"2023-10-27T12:12:11+00:00","breadcrumb":{"@id":"https:\/\/dev.borgarbyggd.is\/fristund\/borgarsel\/#breadcrumb"},"inLanguage":"is","potentialAction":[{"@type":"ReadAction","target":["https:\/\/dev.borgarbyggd.is\/fristund\/borgarsel\/"]}]},{"@type":"BreadcrumbList","@id":"https:\/\/dev.borgarbyggd.is\/fristund\/borgarsel\/#breadcrumb","itemListElement":[{"@type":"ListItem","position":1,"name":"Home","item":"https:\/\/dev.borgarbyggd.is\/fristund\/"},{"@type":"ListItem","position":2,"name":"Borgarsel"}]},{"@type":"WebSite","@id":"https:\/\/dev.borgarbyggd.is\/fristund\/#website","url":"https:\/\/dev.borgarbyggd.is\/fristund\/","name":"Fr\u00edstund","description":"","potentialAction":[{"@type":"SearchAction","target":{"@type":"EntryPoint","urlTemplate":"https:\/\/dev.borgarbyggd.is\/fristund\/?s={search_term_string}"},"query-input":{"@type":"PropertyValueSpecification","valueRequired":true,"valueName":"search_term_string"}}],"inLanguage":"is"}]}},"_links":{"self":[{"href":"https:\/\/dev.borgarbyggd.is\/fristund\/wp-json\/wp\/v2\/pages\/9","targetHints":{"allow":["GET"]}}],"collection":[{"href":"https:\/\/dev.borgarbyggd.is\/fristund\/wp-json\/wp\/v2\/pages"}],"about":[{"href":"https:\/\/dev.borgarbyggd.is\/fristund\/wp-json\/wp\/v2\/types\/page"}],"author":[{"embeddable":true,"href":"https:\/\/dev.borgarbyggd.is\/fristund\/wp-json\/wp\/v2\/users\/4"}],"replies":[{"embeddable":true,"href":"https:\/\/dev.borgarbyggd.is\/fristund\/wp-json\/wp\/v2\/comments?post=9"}],"version-history":[{"count":0,"href":"https:\/\/dev.borgarbyggd.is\/fristund\/wp-json\/wp\/v2\/pages\/9\/revisions"}],"wp:attachment":[{"href":"https:\/\/dev.borgarbyggd.is\/fristund\/wp-json\/wp\/v2\/media?parent=9"}],"curies":[{"name":"wp","href":"https:\/\/api.w.org\/{rel}","templated":true}]}}