{"id":15,"date":"2023-10-27T08:57:39","date_gmt":"2023-10-27T08:57:39","guid":{"rendered":"https:\/\/dev.borgarbyggd.is\/fristund\/?page_id=15"},"modified":"2023-10-27T12:14:54","modified_gmt":"2023-10-27T12:14:54","slug":"opnunartimi","status":"publish","type":"page","link":"https:\/\/dev.borgarbyggd.is\/fristund\/borgarsel\/opnunartimi\/","title":{"rendered":"Opnunart\u00edmi"},"content":{"rendered":"<p><span style=\"text-decoration: underline\"><strong>Opnunart\u00edmi, skipulagsdagar og sumarleyfi fr\u00edstundar<\/strong><\/span><\/p>\n<p><span style=\"text-decoration: underline\">Almennur opnunart\u00edmi \u00ed Borgarseli er fr\u00e1 \u00fev\u00ed a\u00f0 sk\u00f3ladegi l\u00fdkur til kl. 16:15.<\/span><\/p>\n<p>\u00c1 haustin hefst fr\u00edstund sama dag og sk\u00f3linn er settur og l\u00fdkur \u00e1 vorin vi\u00f0 sk\u00f3laslit.<\/p>\n<p>Sk\u00f3ladagatal grunnsk\u00f3la er grundv\u00f6llur a\u00f0 samstarfi grunnsk\u00f3la og fr\u00edstundar um \u00fe\u00e1 \u00fej\u00f3nustu sem<br \/>\nb\u00f6rn \u00ed 1. &#8211; 4. bekk og foreldrar \u00feeirra nj\u00f3ta. \u00c1 sk\u00f3ladagatali koma fram allir fr\u00eddagar og \u00f3hef\u00f0bundnir<br \/>\nsk\u00f3ladagar.<\/p>\n<p><span style=\"text-decoration: underline\">Um fr\u00eddaga og \u00f3hef\u00f0bundna sk\u00f3ladaga gildir eftirfarandi:<\/span><\/p>\n<ul>\n<li>\u00cd sumar-, j\u00f3la- og p\u00e1skafr\u00edi er fr\u00edstund loku\u00f0. Opi\u00f0 er \u00e1 starfsd\u00f6gum og foreldravi\u00f0talsd\u00f6gum \u00e1<br \/>\nsama t\u00edma og \u00e1 \u00f6\u00f0rum d\u00f6gum.<\/li>\n<li>Fr\u00edstundaheimilin eru loku\u00f0 \u00ed haust- og vetrarfr\u00edum grunnsk\u00f3lanna.<\/li>\n<li>Starfsdagar\/skipulagsdagar fr\u00edstundaheimila eru tveir \u00e1 sk\u00f3la\u00e1rinu, a\u00f0 jafna\u00f0i einn \u00e1 haust\u00f6nn<br \/>\nog annar \u00e1 vor\u00f6nn. \u00deessa daga er ekki teki\u00f0 \u00e1 m\u00f3ti b\u00f6rnum.<\/li>\n<\/ul>\n<p>Ofantaldir fr\u00eddagar \u00e1 fr\u00edstundaheimilum og \u00f3hef\u00f0bundnir sk\u00f3ladagar hafa \u00e1hrif \u00e1 gjaldt\u00f6ku og er ekki<br \/>\ninnheimt gjald fyrir \u00fe\u00e1 daga sem loka\u00f0 er \u00ed fr\u00edstund.<\/p>\n","protected":false},"excerpt":{"rendered":"<p>Opnunart\u00edmi, skipulagsdagar og sumarleyfi fr\u00edstundar Almennur opnunart\u00edmi \u00ed Borgarseli er fr\u00e1 \u00fev\u00ed a\u00f0 sk\u00f3ladegi l\u00fdkur til kl. 16:15. \u00c1 haustin hefst fr\u00edstund sama dag og sk\u00f3linn er settur og l\u00fdkur \u00e1 vorin vi\u00f0 sk\u00f3laslit. Sk\u00f3ladagatal grunnsk\u00f3la er grundv\u00f6llur a\u00f0 samstarfi grunnsk\u00f3la og fr\u00edstundar um \u00fe\u00e1 \u00fej\u00f3nustu sem b\u00f6rn \u00ed 1. &#8211; 4. bekk og foreldrar \u00feeirra nj\u00f3ta. \u00c1 sk\u00f3ladagatali koma &#8230; <\/p>\n<div><a href=\"https:\/\/dev.borgarbyggd.is\/fristund\/borgarsel\/opnunartimi\/\" class=\"more-link\">Read More<\/a><\/div>\n","protected":false},"author":4,"featured_media":0,"parent":9,"menu_order":0,"comment_status":"closed","ping_status":"closed","template":"","meta":{"_acf_changed":false,"footnotes":""},"class_list":["post-15","page","type-page","status-publish","hentry","no-post-thumbnail"],"acf":{"quickaccess":false},"yoast_head":"<!-- This site is optimized with the Yoast SEO plugin v24.0 - https:\/\/yoast.com\/wordpress\/plugins\/seo\/ -->\n<title>Opnunart\u00edmi - Fr\u00edstund<\/title>\n<meta name=\"robots\" content=\"noindex, follow, max-snippet:-1, max-image-preview:large, max-video-preview:-1\" \/>\n<meta property=\"og:locale\" content=\"is_IS\" \/>\n<meta property=\"og:type\" content=\"article\" \/>\n<meta property=\"og:title\" content=\"Opnunart\u00edmi - Fr\u00edstund\" \/>\n<meta property=\"og:description\" content=\"Opnunart\u00edmi, skipulagsdagar og sumarleyfi fr\u00edstundar Almennur opnunart\u00edmi \u00ed Borgarseli er fr\u00e1 \u00fev\u00ed a\u00f0 sk\u00f3ladegi l\u00fdkur til kl. 16:15. \u00c1 haustin hefst fr\u00edstund sama dag og sk\u00f3linn er settur og l\u00fdkur \u00e1 vorin vi\u00f0 sk\u00f3laslit. Sk\u00f3ladagatal grunnsk\u00f3la er grundv\u00f6llur a\u00f0 samstarfi grunnsk\u00f3la og fr\u00edstundar um \u00fe\u00e1 \u00fej\u00f3nustu sem b\u00f6rn \u00ed 1. &#8211; 4. bekk og foreldrar \u00feeirra nj\u00f3ta. \u00c1 sk\u00f3ladagatali koma ... Read More\" \/>\n<meta property=\"og:url\" content=\"https:\/\/dev.borgarbyggd.is\/fristund\/borgarsel\/opnunartimi\/\" \/>\n<meta property=\"og:site_name\" content=\"Fr\u00edstund\" \/>\n<meta property=\"article:modified_time\" content=\"2023-10-27T12:14:54+00:00\" \/>\n<meta name=\"twitter:card\" content=\"summary_large_image\" \/>\n<meta name=\"twitter:label1\" content=\"Est. reading time\" \/>\n\t<meta name=\"twitter:data1\" content=\"1 minute\" \/>\n<script type=\"application\/ld+json\" class=\"yoast-schema-graph\">{\"@context\":\"https:\/\/schema.org\",\"@graph\":[{\"@type\":\"WebPage\",\"@id\":\"https:\/\/dev.borgarbyggd.is\/fristund\/borgarsel\/opnunartimi\/\",\"url\":\"https:\/\/dev.borgarbyggd.is\/fristund\/borgarsel\/opnunartimi\/\",\"name\":\"Opnunart\u00edmi - Fr\u00edstund\",\"isPartOf\":{\"@id\":\"https:\/\/dev.borgarbyggd.is\/fristund\/#website\"},\"datePublished\":\"2023-10-27T08:57:39+00:00\",\"dateModified\":\"2023-10-27T12:14:54+00:00\",\"breadcrumb\":{\"@id\":\"https:\/\/dev.borgarbyggd.is\/fristund\/borgarsel\/opnunartimi\/#breadcrumb\"},\"inLanguage\":\"is\",\"potentialAction\":[{\"@type\":\"ReadAction\",\"target\":[\"https:\/\/dev.borgarbyggd.is\/fristund\/borgarsel\/opnunartimi\/\"]}]},{\"@type\":\"BreadcrumbList\",\"@id\":\"https:\/\/dev.borgarbyggd.is\/fristund\/borgarsel\/opnunartimi\/#breadcrumb\",\"itemListElement\":[{\"@type\":\"ListItem\",\"position\":1,\"name\":\"Home\",\"item\":\"https:\/\/dev.borgarbyggd.is\/fristund\/\"},{\"@type\":\"ListItem\",\"position\":2,\"name\":\"Borgarsel\",\"item\":\"https:\/\/dev.borgarbyggd.is\/fristund\/borgarsel\/\"},{\"@type\":\"ListItem\",\"position\":3,\"name\":\"Opnunart\u00edmi\"}]},{\"@type\":\"WebSite\",\"@id\":\"https:\/\/dev.borgarbyggd.is\/fristund\/#website\",\"url\":\"https:\/\/dev.borgarbyggd.is\/fristund\/\",\"name\":\"Fr\u00edstund\",\"description\":\"\",\"potentialAction\":[{\"@type\":\"SearchAction\",\"target\":{\"@type\":\"EntryPoint\",\"urlTemplate\":\"https:\/\/dev.borgarbyggd.is\/fristund\/?s={search_term_string}\"},\"query-input\":{\"@type\":\"PropertyValueSpecification\",\"valueRequired\":true,\"valueName\":\"search_term_string\"}}],\"inLanguage\":\"is\"}]}<\/script>\n<!-- \/ Yoast SEO plugin. -->","yoast_head_json":{"title":"Opnunart\u00edmi - Fr\u00edstund","robots":{"index":"noindex","follow":"follow","max-snippet":"max-snippet:-1","max-image-preview":"max-image-preview:large","max-video-preview":"max-video-preview:-1"},"og_locale":"is_IS","og_type":"article","og_title":"Opnunart\u00edmi - Fr\u00edstund","og_description":"Opnunart\u00edmi, skipulagsdagar og sumarleyfi fr\u00edstundar Almennur opnunart\u00edmi \u00ed Borgarseli er fr\u00e1 \u00fev\u00ed a\u00f0 sk\u00f3ladegi l\u00fdkur til kl. 16:15. \u00c1 haustin hefst fr\u00edstund sama dag og sk\u00f3linn er settur og l\u00fdkur \u00e1 vorin vi\u00f0 sk\u00f3laslit. Sk\u00f3ladagatal grunnsk\u00f3la er grundv\u00f6llur a\u00f0 samstarfi grunnsk\u00f3la og fr\u00edstundar um \u00fe\u00e1 \u00fej\u00f3nustu sem b\u00f6rn \u00ed 1. &#8211; 4. bekk og foreldrar \u00feeirra nj\u00f3ta. \u00c1 sk\u00f3ladagatali koma ... Read More","og_url":"https:\/\/dev.borgarbyggd.is\/fristund\/borgarsel\/opnunartimi\/","og_site_name":"Fr\u00edstund","article_modified_time":"2023-10-27T12:14:54+00:00","twitter_card":"summary_large_image","twitter_misc":{"Est. reading time":"1 minute"},"schema":{"@context":"https:\/\/schema.org","@graph":[{"@type":"WebPage","@id":"https:\/\/dev.borgarbyggd.is\/fristund\/borgarsel\/opnunartimi\/","url":"https:\/\/dev.borgarbyggd.is\/fristund\/borgarsel\/opnunartimi\/","name":"Opnunart\u00edmi - Fr\u00edstund","isPartOf":{"@id":"https:\/\/dev.borgarbyggd.is\/fristund\/#website"},"datePublished":"2023-10-27T08:57:39+00:00","dateModified":"2023-10-27T12:14:54+00:00","breadcrumb":{"@id":"https:\/\/dev.borgarbyggd.is\/fristund\/borgarsel\/opnunartimi\/#breadcrumb"},"inLanguage":"is","potentialAction":[{"@type":"ReadAction","target":["https:\/\/dev.borgarbyggd.is\/fristund\/borgarsel\/opnunartimi\/"]}]},{"@type":"BreadcrumbList","@id":"https:\/\/dev.borgarbyggd.is\/fristund\/borgarsel\/opnunartimi\/#breadcrumb","itemListElement":[{"@type":"ListItem","position":1,"name":"Home","item":"https:\/\/dev.borgarbyggd.is\/fristund\/"},{"@type":"ListItem","position":2,"name":"Borgarsel","item":"https:\/\/dev.borgarbyggd.is\/fristund\/borgarsel\/"},{"@type":"ListItem","position":3,"name":"Opnunart\u00edmi"}]},{"@type":"WebSite","@id":"https:\/\/dev.borgarbyggd.is\/fristund\/#website","url":"https:\/\/dev.borgarbyggd.is\/fristund\/","name":"Fr\u00edstund","description":"","potentialAction":[{"@type":"SearchAction","target":{"@type":"EntryPoint","urlTemplate":"https:\/\/dev.borgarbyggd.is\/fristund\/?s={search_term_string}"},"query-input":{"@type":"PropertyValueSpecification","valueRequired":true,"valueName":"search_term_string"}}],"inLanguage":"is"}]}},"_links":{"self":[{"href":"https:\/\/dev.borgarbyggd.is\/fristund\/wp-json\/wp\/v2\/pages\/15","targetHints":{"allow":["GET"]}}],"collection":[{"href":"https:\/\/dev.borgarbyggd.is\/fristund\/wp-json\/wp\/v2\/pages"}],"about":[{"href":"https:\/\/dev.borgarbyggd.is\/fristund\/wp-json\/wp\/v2\/types\/page"}],"author":[{"embeddable":true,"href":"https:\/\/dev.borgarbyggd.is\/fristund\/wp-json\/wp\/v2\/users\/4"}],"replies":[{"embeddable":true,"href":"https:\/\/dev.borgarbyggd.is\/fristund\/wp-json\/wp\/v2\/comments?post=15"}],"version-history":[{"count":0,"href":"https:\/\/dev.borgarbyggd.is\/fristund\/wp-json\/wp\/v2\/pages\/15\/revisions"}],"up":[{"embeddable":true,"href":"https:\/\/dev.borgarbyggd.is\/fristund\/wp-json\/wp\/v2\/pages\/9"}],"wp:attachment":[{"href":"https:\/\/dev.borgarbyggd.is\/fristund\/wp-json\/wp\/v2\/media?parent=15"}],"curies":[{"name":"wp","href":"https:\/\/api.w.org\/{rel}","templated":true}]}}