{"id":13,"date":"2023-10-27T08:56:56","date_gmt":"2023-10-27T08:56:56","guid":{"rendered":"https:\/\/dev.borgarbyggd.is\/fristund\/?page_id=13"},"modified":"2025-10-07T08:37:33","modified_gmt":"2025-10-07T08:37:33","slug":"umsoknir","status":"publish","type":"page","link":"https:\/\/dev.borgarbyggd.is\/fristund\/umsoknir\/","title":{"rendered":"Ums\u00f3knir"},"content":{"rendered":"<p><b>Skr\u00e1ning \u00ed fr\u00edstund fer fram \u00e1 <a href=\"https:\/\/fristund.vala.is\/umsokn\">ums\u00f3knarvef V\u00f6lu\u00a0<\/a><\/b><\/p>\n<p>\u00c1 vorin opnar fyrir skr\u00e1ningu fyrir komandi sk\u00f3la\u00e1r og \u00feurfa ums\u00f3knir a\u00f0 berast fyrir sk\u00f3lasetningu. \u00deegar s\u00f3tt hefur veri\u00f0 um \u00ed fr\u00edstund f\u00e1 foreldrar sta\u00f0festingu um a\u00f0 ums\u00f3kn hafi veri\u00f0 m\u00f3ttekin.<\/p>\n<p><span style=\"text-decoration: underline;\">Upps\u00f6gn\/breyting \u00e1 samning<\/span><\/p>\n<ul>\n<li>Gagnkv\u00e6mur skriflegur uppsagnarfrestur \u00e1 dvalarsamningi er einn m\u00e1nu\u00f0ur hi\u00f0 minnsta og<br \/>\nmi\u00f0ast vi\u00f0 m\u00e1na\u00f0arm\u00f3t.<\/li>\n<li>Allar breytingar \u00e1 dvalart\u00edma \u00feurfa a\u00f0 berast forst\u00f6\u00f0umanni me\u00f0 t\u00f6lvup\u00f3sti fyrir 20. hvers m\u00e1na\u00f0ar og tekur breytingin gildi um n\u00e6stu m\u00e1na\u00f0arm\u00f3t \u00fear \u00e1 eftir.<\/li>\n<\/ul>\n","protected":false},"excerpt":{"rendered":"<p>Skr\u00e1ning \u00ed fr\u00edstund fer fram \u00e1 ums\u00f3knarvef V\u00f6lu\u00a0 \u00c1 vorin opnar fyrir skr\u00e1ningu fyrir komandi sk\u00f3la\u00e1r og \u00feurfa ums\u00f3knir a\u00f0 berast fyrir sk\u00f3lasetningu. \u00deegar s\u00f3tt hefur veri\u00f0 um \u00ed fr\u00edstund f\u00e1 foreldrar sta\u00f0festingu um a\u00f0 ums\u00f3kn hafi veri\u00f0 m\u00f3ttekin. Upps\u00f6gn\/breyting \u00e1 samning Gagnkv\u00e6mur skriflegur uppsagnarfrestur \u00e1 dvalarsamningi er einn m\u00e1nu\u00f0ur hi\u00f0 minnsta og mi\u00f0ast vi\u00f0 m\u00e1na\u00f0arm\u00f3t. Allar breytingar \u00e1 dvalart\u00edma &#8230; <\/p>\n<div><a href=\"https:\/\/dev.borgarbyggd.is\/fristund\/umsoknir\/\" class=\"more-link\">Read More<\/a><\/div>\n","protected":false},"author":4,"featured_media":0,"parent":0,"menu_order":0,"comment_status":"closed","ping_status":"closed","template":"","meta":{"_acf_changed":false,"footnotes":""},"class_list":["post-13","page","type-page","status-publish","hentry","no-post-thumbnail"],"acf":{"quickaccess":false},"yoast_head":"<!-- This site is optimized with the Yoast SEO plugin v24.0 - https:\/\/yoast.com\/wordpress\/plugins\/seo\/ -->\n<title>Ums\u00f3knir - Fr\u00edstund<\/title>\n<meta name=\"robots\" content=\"noindex, follow, max-snippet:-1, max-image-preview:large, max-video-preview:-1\" \/>\n<meta property=\"og:locale\" content=\"is_IS\" \/>\n<meta property=\"og:type\" content=\"article\" \/>\n<meta property=\"og:title\" content=\"Ums\u00f3knir - Fr\u00edstund\" \/>\n<meta property=\"og:description\" content=\"Skr\u00e1ning \u00ed fr\u00edstund fer fram \u00e1 ums\u00f3knarvef V\u00f6lu\u00a0 \u00c1 vorin opnar fyrir skr\u00e1ningu fyrir komandi sk\u00f3la\u00e1r og \u00feurfa ums\u00f3knir a\u00f0 berast fyrir sk\u00f3lasetningu. \u00deegar s\u00f3tt hefur veri\u00f0 um \u00ed fr\u00edstund f\u00e1 foreldrar sta\u00f0festingu um a\u00f0 ums\u00f3kn hafi veri\u00f0 m\u00f3ttekin. Upps\u00f6gn\/breyting \u00e1 samning Gagnkv\u00e6mur skriflegur uppsagnarfrestur \u00e1 dvalarsamningi er einn m\u00e1nu\u00f0ur hi\u00f0 minnsta og mi\u00f0ast vi\u00f0 m\u00e1na\u00f0arm\u00f3t. Allar breytingar \u00e1 dvalart\u00edma ... Read More\" \/>\n<meta property=\"og:url\" content=\"https:\/\/dev.borgarbyggd.is\/fristund\/umsoknir\/\" \/>\n<meta property=\"og:site_name\" content=\"Fr\u00edstund\" \/>\n<meta property=\"article:modified_time\" content=\"2025-10-07T08:37:33+00:00\" \/>\n<meta name=\"twitter:card\" content=\"summary_large_image\" \/>\n<meta name=\"twitter:label1\" content=\"Est. reading time\" \/>\n\t<meta name=\"twitter:data1\" content=\"1 minute\" \/>\n<script type=\"application\/ld+json\" class=\"yoast-schema-graph\">{\"@context\":\"https:\/\/schema.org\",\"@graph\":[{\"@type\":\"WebPage\",\"@id\":\"https:\/\/dev.borgarbyggd.is\/fristund\/umsoknir\/\",\"url\":\"https:\/\/dev.borgarbyggd.is\/fristund\/umsoknir\/\",\"name\":\"Ums\u00f3knir - Fr\u00edstund\",\"isPartOf\":{\"@id\":\"https:\/\/dev.borgarbyggd.is\/fristund\/#website\"},\"datePublished\":\"2023-10-27T08:56:56+00:00\",\"dateModified\":\"2025-10-07T08:37:33+00:00\",\"breadcrumb\":{\"@id\":\"https:\/\/dev.borgarbyggd.is\/fristund\/umsoknir\/#breadcrumb\"},\"inLanguage\":\"is\",\"potentialAction\":[{\"@type\":\"ReadAction\",\"target\":[\"https:\/\/dev.borgarbyggd.is\/fristund\/umsoknir\/\"]}]},{\"@type\":\"BreadcrumbList\",\"@id\":\"https:\/\/dev.borgarbyggd.is\/fristund\/umsoknir\/#breadcrumb\",\"itemListElement\":[{\"@type\":\"ListItem\",\"position\":1,\"name\":\"Home\",\"item\":\"https:\/\/dev.borgarbyggd.is\/fristund\/\"},{\"@type\":\"ListItem\",\"position\":2,\"name\":\"Ums\u00f3knir\"}]},{\"@type\":\"WebSite\",\"@id\":\"https:\/\/dev.borgarbyggd.is\/fristund\/#website\",\"url\":\"https:\/\/dev.borgarbyggd.is\/fristund\/\",\"name\":\"Fr\u00edstund\",\"description\":\"\",\"potentialAction\":[{\"@type\":\"SearchAction\",\"target\":{\"@type\":\"EntryPoint\",\"urlTemplate\":\"https:\/\/dev.borgarbyggd.is\/fristund\/?s={search_term_string}\"},\"query-input\":{\"@type\":\"PropertyValueSpecification\",\"valueRequired\":true,\"valueName\":\"search_term_string\"}}],\"inLanguage\":\"is\"}]}<\/script>\n<!-- \/ Yoast SEO plugin. -->","yoast_head_json":{"title":"Ums\u00f3knir - Fr\u00edstund","robots":{"index":"noindex","follow":"follow","max-snippet":"max-snippet:-1","max-image-preview":"max-image-preview:large","max-video-preview":"max-video-preview:-1"},"og_locale":"is_IS","og_type":"article","og_title":"Ums\u00f3knir - Fr\u00edstund","og_description":"Skr\u00e1ning \u00ed fr\u00edstund fer fram \u00e1 ums\u00f3knarvef V\u00f6lu\u00a0 \u00c1 vorin opnar fyrir skr\u00e1ningu fyrir komandi sk\u00f3la\u00e1r og \u00feurfa ums\u00f3knir a\u00f0 berast fyrir sk\u00f3lasetningu. \u00deegar s\u00f3tt hefur veri\u00f0 um \u00ed fr\u00edstund f\u00e1 foreldrar sta\u00f0festingu um a\u00f0 ums\u00f3kn hafi veri\u00f0 m\u00f3ttekin. Upps\u00f6gn\/breyting \u00e1 samning Gagnkv\u00e6mur skriflegur uppsagnarfrestur \u00e1 dvalarsamningi er einn m\u00e1nu\u00f0ur hi\u00f0 minnsta og mi\u00f0ast vi\u00f0 m\u00e1na\u00f0arm\u00f3t. Allar breytingar \u00e1 dvalart\u00edma ... Read More","og_url":"https:\/\/dev.borgarbyggd.is\/fristund\/umsoknir\/","og_site_name":"Fr\u00edstund","article_modified_time":"2025-10-07T08:37:33+00:00","twitter_card":"summary_large_image","twitter_misc":{"Est. reading time":"1 minute"},"schema":{"@context":"https:\/\/schema.org","@graph":[{"@type":"WebPage","@id":"https:\/\/dev.borgarbyggd.is\/fristund\/umsoknir\/","url":"https:\/\/dev.borgarbyggd.is\/fristund\/umsoknir\/","name":"Ums\u00f3knir - Fr\u00edstund","isPartOf":{"@id":"https:\/\/dev.borgarbyggd.is\/fristund\/#website"},"datePublished":"2023-10-27T08:56:56+00:00","dateModified":"2025-10-07T08:37:33+00:00","breadcrumb":{"@id":"https:\/\/dev.borgarbyggd.is\/fristund\/umsoknir\/#breadcrumb"},"inLanguage":"is","potentialAction":[{"@type":"ReadAction","target":["https:\/\/dev.borgarbyggd.is\/fristund\/umsoknir\/"]}]},{"@type":"BreadcrumbList","@id":"https:\/\/dev.borgarbyggd.is\/fristund\/umsoknir\/#breadcrumb","itemListElement":[{"@type":"ListItem","position":1,"name":"Home","item":"https:\/\/dev.borgarbyggd.is\/fristund\/"},{"@type":"ListItem","position":2,"name":"Ums\u00f3knir"}]},{"@type":"WebSite","@id":"https:\/\/dev.borgarbyggd.is\/fristund\/#website","url":"https:\/\/dev.borgarbyggd.is\/fristund\/","name":"Fr\u00edstund","description":"","potentialAction":[{"@type":"SearchAction","target":{"@type":"EntryPoint","urlTemplate":"https:\/\/dev.borgarbyggd.is\/fristund\/?s={search_term_string}"},"query-input":{"@type":"PropertyValueSpecification","valueRequired":true,"valueName":"search_term_string"}}],"inLanguage":"is"}]}},"_links":{"self":[{"href":"https:\/\/dev.borgarbyggd.is\/fristund\/wp-json\/wp\/v2\/pages\/13","targetHints":{"allow":["GET"]}}],"collection":[{"href":"https:\/\/dev.borgarbyggd.is\/fristund\/wp-json\/wp\/v2\/pages"}],"about":[{"href":"https:\/\/dev.borgarbyggd.is\/fristund\/wp-json\/wp\/v2\/types\/page"}],"author":[{"embeddable":true,"href":"https:\/\/dev.borgarbyggd.is\/fristund\/wp-json\/wp\/v2\/users\/4"}],"replies":[{"embeddable":true,"href":"https:\/\/dev.borgarbyggd.is\/fristund\/wp-json\/wp\/v2\/comments?post=13"}],"version-history":[{"count":0,"href":"https:\/\/dev.borgarbyggd.is\/fristund\/wp-json\/wp\/v2\/pages\/13\/revisions"}],"wp:attachment":[{"href":"https:\/\/dev.borgarbyggd.is\/fristund\/wp-json\/wp\/v2\/media?parent=13"}],"curies":[{"name":"wp","href":"https:\/\/api.w.org\/{rel}","templated":true}]}}