{"id":10,"date":"2023-10-27T08:56:19","date_gmt":"2023-10-27T08:56:19","guid":{"rendered":"https:\/\/dev.borgarbyggd.is\/fristund\/?page_id=10"},"modified":"2023-10-27T08:56:19","modified_gmt":"2023-10-27T08:56:19","slug":"olatagardur","status":"publish","type":"page","link":"https:\/\/dev.borgarbyggd.is\/fristund\/olatagardur\/","title":{"rendered":"\u00d3l\u00e1tagar\u00f0ur"},"content":{"rendered":"","protected":false},"excerpt":{"rendered":"","protected":false},"author":4,"featured_media":0,"parent":0,"menu_order":0,"comment_status":"closed","ping_status":"closed","template":"","meta":{"_acf_changed":false,"footnotes":""},"class_list":["post-10","page","type-page","status-publish","hentry","no-post-thumbnail"],"acf":{"quickaccess":false},"yoast_head":"<!-- This site is optimized with the Yoast SEO plugin v24.0 - https:\/\/yoast.com\/wordpress\/plugins\/seo\/ -->\n<title>\u00d3l\u00e1tagar\u00f0ur - Fr\u00edstund<\/title>\n<meta name=\"robots\" content=\"noindex, follow, max-snippet:-1, max-image-preview:large, max-video-preview:-1\" \/>\n<meta property=\"og:locale\" content=\"is_IS\" \/>\n<meta property=\"og:type\" content=\"article\" \/>\n<meta property=\"og:title\" content=\"\u00d3l\u00e1tagar\u00f0ur - Fr\u00edstund\" \/>\n<meta property=\"og:url\" content=\"https:\/\/dev.borgarbyggd.is\/fristund\/olatagardur\/\" \/>\n<meta property=\"og:site_name\" content=\"Fr\u00edstund\" \/>\n<meta name=\"twitter:card\" content=\"summary_large_image\" \/>\n<script type=\"application\/ld+json\" class=\"yoast-schema-graph\">{\"@context\":\"https:\/\/schema.org\",\"@graph\":[{\"@type\":\"WebPage\",\"@id\":\"https:\/\/dev.borgarbyggd.is\/fristund\/olatagardur\/\",\"url\":\"https:\/\/dev.borgarbyggd.is\/fristund\/olatagardur\/\",\"name\":\"\u00d3l\u00e1tagar\u00f0ur - Fr\u00edstund\",\"isPartOf\":{\"@id\":\"https:\/\/dev.borgarbyggd.is\/fristund\/#website\"},\"datePublished\":\"2023-10-27T08:56:19+00:00\",\"dateModified\":\"2023-10-27T08:56:19+00:00\",\"breadcrumb\":{\"@id\":\"https:\/\/dev.borgarbyggd.is\/fristund\/olatagardur\/#breadcrumb\"},\"inLanguage\":\"is\",\"potentialAction\":[{\"@type\":\"ReadAction\",\"target\":[\"https:\/\/dev.borgarbyggd.is\/fristund\/olatagardur\/\"]}]},{\"@type\":\"BreadcrumbList\",\"@id\":\"https:\/\/dev.borgarbyggd.is\/fristund\/olatagardur\/#breadcrumb\",\"itemListElement\":[{\"@type\":\"ListItem\",\"position\":1,\"name\":\"Home\",\"item\":\"https:\/\/dev.borgarbyggd.is\/fristund\/\"},{\"@type\":\"ListItem\",\"position\":2,\"name\":\"\u00d3l\u00e1tagar\u00f0ur\"}]},{\"@type\":\"WebSite\",\"@id\":\"https:\/\/dev.borgarbyggd.is\/fristund\/#website\",\"url\":\"https:\/\/dev.borgarbyggd.is\/fristund\/\",\"name\":\"Fr\u00edstund\",\"description\":\"\",\"potentialAction\":[{\"@type\":\"SearchAction\",\"target\":{\"@type\":\"EntryPoint\",\"urlTemplate\":\"https:\/\/dev.borgarbyggd.is\/fristund\/?s={search_term_string}\"},\"query-input\":{\"@type\":\"PropertyValueSpecification\",\"valueRequired\":true,\"valueName\":\"search_term_string\"}}],\"inLanguage\":\"is\"}]}<\/script>\n<!-- \/ Yoast SEO plugin. -->","yoast_head_json":{"title":"\u00d3l\u00e1tagar\u00f0ur - Fr\u00edstund","robots":{"index":"noindex","follow":"follow","max-snippet":"max-snippet:-1","max-image-preview":"max-image-preview:large","max-video-preview":"max-video-preview:-1"},"og_locale":"is_IS","og_type":"article","og_title":"\u00d3l\u00e1tagar\u00f0ur - Fr\u00edstund","og_url":"https:\/\/dev.borgarbyggd.is\/fristund\/olatagardur\/","og_site_name":"Fr\u00edstund","twitter_card":"summary_large_image","schema":{"@context":"https:\/\/schema.org","@graph":[{"@type":"WebPage","@id":"https:\/\/dev.borgarbyggd.is\/fristund\/olatagardur\/","url":"https:\/\/dev.borgarbyggd.is\/fristund\/olatagardur\/","name":"\u00d3l\u00e1tagar\u00f0ur - Fr\u00edstund","isPartOf":{"@id":"https:\/\/dev.borgarbyggd.is\/fristund\/#website"},"datePublished":"2023-10-27T08:56:19+00:00","dateModified":"2023-10-27T08:56:19+00:00","breadcrumb":{"@id":"https:\/\/dev.borgarbyggd.is\/fristund\/olatagardur\/#breadcrumb"},"inLanguage":"is","potentialAction":[{"@type":"ReadAction","target":["https:\/\/dev.borgarbyggd.is\/fristund\/olatagardur\/"]}]},{"@type":"BreadcrumbList","@id":"https:\/\/dev.borgarbyggd.is\/fristund\/olatagardur\/#breadcrumb","itemListElement":[{"@type":"ListItem","position":1,"name":"Home","item":"https:\/\/dev.borgarbyggd.is\/fristund\/"},{"@type":"ListItem","position":2,"name":"\u00d3l\u00e1tagar\u00f0ur"}]},{"@type":"WebSite","@id":"https:\/\/dev.borgarbyggd.is\/fristund\/#website","url":"https:\/\/dev.borgarbyggd.is\/fristund\/","name":"Fr\u00edstund","description":"","potentialAction":[{"@type":"SearchAction","target":{"@type":"EntryPoint","urlTemplate":"https:\/\/dev.borgarbyggd.is\/fristund\/?s={search_term_string}"},"query-input":{"@type":"PropertyValueSpecification","valueRequired":true,"valueName":"search_term_string"}}],"inLanguage":"is"}]}},"_links":{"self":[{"href":"https:\/\/dev.borgarbyggd.is\/fristund\/wp-json\/wp\/v2\/pages\/10","targetHints":{"allow":["GET"]}}],"collection":[{"href":"https:\/\/dev.borgarbyggd.is\/fristund\/wp-json\/wp\/v2\/pages"}],"about":[{"href":"https:\/\/dev.borgarbyggd.is\/fristund\/wp-json\/wp\/v2\/types\/page"}],"author":[{"embeddable":true,"href":"https:\/\/dev.borgarbyggd.is\/fristund\/wp-json\/wp\/v2\/users\/4"}],"replies":[{"embeddable":true,"href":"https:\/\/dev.borgarbyggd.is\/fristund\/wp-json\/wp\/v2\/comments?post=10"}],"version-history":[{"count":0,"href":"https:\/\/dev.borgarbyggd.is\/fristund\/wp-json\/wp\/v2\/pages\/10\/revisions"}],"wp:attachment":[{"href":"https:\/\/dev.borgarbyggd.is\/fristund\/wp-json\/wp\/v2\/media?parent=10"}],"curies":[{"name":"wp","href":"https:\/\/api.w.org\/{rel}","templated":true}]}}