{"id":73,"date":"2023-08-04T10:09:17","date_gmt":"2023-08-04T10:09:17","guid":{"rendered":"https:\/\/dev.borgarbyggd.is\/andabaer\/?page_id=73"},"modified":"2026-03-18T08:45:45","modified_gmt":"2026-03-18T08:45:45","slug":"velkomin-i-skolann","status":"publish","type":"page","link":"https:\/\/dev.borgarbyggd.is\/andabaer\/foreldrar\/velkomin-i-skolann\/","title":{"rendered":"Velkomin \u00ed sk\u00f3lann"},"content":{"rendered":"<p><span data-contrast=\"none\">Leiksk\u00f3linn Andab\u00e6r er sta\u00f0settur vi\u00f0 Arnarfl\u00f6t 2 \u00e1 Hvanneyri. Leiksk\u00f3linn er \u00feriggja deilda leiksk\u00f3li og heita deildarnar Go\u00f0heimar, \u00c1lfheimar og Hulduheimar. Leiksk\u00f3linn var upphaflega stofna\u00f0ur af foreldrum um 1981. Sk\u00f3linn r\u00famar um 65 b\u00f6rn og h\u00f6fum vi\u00f0 geta\u00f0 teki\u00f0 b\u00f6rn inn fr\u00e1 \u00fev\u00ed f\u00e6\u00f0ingarorlofi l\u00fdkur. Sk\u00f3linn er vel sta\u00f0settur \u00ed umhverfi kletta og fallegrar n\u00e1tt\u00faru sem b\u00fd\u00f0ur upp \u00e1 skemmtilega upplifun og reynslu sem n\u00fdtt er \u00ed n\u00e1mi barnanna. Einkunnaror\u00f0 leiksk\u00f3lans eru,\u202f<\/span><b><span data-contrast=\"none\">leikur, gle\u00f0i og vin\u00e1tta.<\/span><\/b><span data-contrast=\"none\">\u202f<\/span><\/p>\n<p><span data-contrast=\"none\">Helstu verkefni sk\u00f3lans eru; Lei\u00f0togaverkefni\u00f0 \u201ethe leader in me\u201c, Gr\u00e6nf\u00e1ninn, Heilsustefnan, heilsueflandi leiksk\u00f3li og R\u00e9ttindask\u00f3li UNICEF.<\/span><span data-ccp-props=\"{&quot;134233117&quot;:false,&quot;134233118&quot;:false,&quot;201341983&quot;:0,&quot;335559738&quot;:0,&quot;335559739&quot;:150,&quot;335559740&quot;:240}\">\u00a0<\/span><\/p>\n<p>&nbsp;<\/p>\n<p><span data-contrast=\"none\">Leiksk\u00f3linn er me\u00f0\u202f<\/span><a href=\"https:\/\/www.facebook.com\/andabaer\"><span data-contrast=\"none\">facebook s\u00ed\u00f0u<\/span><\/a><span data-contrast=\"none\">\u202f sem heitir Andab\u00e6r og setjum vi\u00f0 \u00fear inn tilkynningar af og til.<\/span><span data-ccp-props=\"{&quot;134233117&quot;:false,&quot;134233118&quot;:false,&quot;201341983&quot;:0,&quot;335559738&quot;:0,&quot;335559739&quot;:150,&quot;335559740&quot;:240}\">\u00a0<\/span><\/p>\n<p>Andab\u00e6r er einnig\u00a0 me\u00f0 s\u00ed\u00f0u \u00e1 Instagram sem heitir leikskolinn.andabaer\u00a0 \u00dear setjum vi\u00f0 inn myndir \u00far starfinu og eitthva\u00f0 skemmtilegt.<\/p>\n<p style=\"text-align: center\"><b><span data-contrast=\"none\">Velkomin til okkar \u00ed Andab\u00e6<\/span><\/b><span data-ccp-props=\"{&quot;134233117&quot;:false,&quot;134233118&quot;:false,&quot;201341983&quot;:0,&quot;335551550&quot;:2,&quot;335551620&quot;:2,&quot;335559738&quot;:0,&quot;335559739&quot;:150,&quot;335559740&quot;:240}\">\u00a0<\/span><\/p>\n","protected":false},"excerpt":{"rendered":"<p>Leiksk\u00f3linn Andab\u00e6r er sta\u00f0settur vi\u00f0 Arnarfl\u00f6t 2 \u00e1 Hvanneyri. Leiksk\u00f3linn er \u00feriggja deilda leiksk\u00f3li og heita deildarnar Go\u00f0heimar, \u00c1lfheimar og Hulduheimar. Leiksk\u00f3linn var upphaflega stofna\u00f0ur af foreldrum um 1981. Sk\u00f3linn r\u00famar um 65 b\u00f6rn og h\u00f6fum vi\u00f0 geta\u00f0 teki\u00f0 b\u00f6rn inn fr\u00e1 \u00fev\u00ed f\u00e6\u00f0ingarorlofi l\u00fdkur. Sk\u00f3linn er vel sta\u00f0settur \u00ed umhverfi kletta og fallegrar n\u00e1tt\u00faru sem b\u00fd\u00f0ur upp \u00e1 skemmtilega &#8230; <\/p>\n<div><a href=\"https:\/\/dev.borgarbyggd.is\/andabaer\/foreldrar\/velkomin-i-skolann\/\" class=\"more-link\">Read More<\/a><\/div>\n","protected":false},"author":4,"featured_media":0,"parent":54,"menu_order":0,"comment_status":"closed","ping_status":"closed","template":"","meta":{"_acf_changed":false,"footnotes":""},"class_list":["post-73","page","type-page","status-publish","hentry","no-post-thumbnail"],"acf":{"quickaccess":false},"yoast_head":"<!-- This site is optimized with the Yoast SEO plugin v24.0 - https:\/\/yoast.com\/wordpress\/plugins\/seo\/ -->\n<title>Velkomin \u00ed sk\u00f3lann - Andab\u00e6r<\/title>\n<meta name=\"robots\" content=\"noindex, follow, max-snippet:-1, max-image-preview:large, max-video-preview:-1\" \/>\n<meta property=\"og:locale\" content=\"is_IS\" \/>\n<meta property=\"og:type\" content=\"article\" \/>\n<meta property=\"og:title\" content=\"Velkomin \u00ed sk\u00f3lann - Andab\u00e6r\" \/>\n<meta property=\"og:description\" content=\"Leiksk\u00f3linn Andab\u00e6r er sta\u00f0settur vi\u00f0 Arnarfl\u00f6t 2 \u00e1 Hvanneyri. Leiksk\u00f3linn er \u00feriggja deilda leiksk\u00f3li og heita deildarnar Go\u00f0heimar, \u00c1lfheimar og Hulduheimar. Leiksk\u00f3linn var upphaflega stofna\u00f0ur af foreldrum um 1981. Sk\u00f3linn r\u00famar um 65 b\u00f6rn og h\u00f6fum vi\u00f0 geta\u00f0 teki\u00f0 b\u00f6rn inn fr\u00e1 \u00fev\u00ed f\u00e6\u00f0ingarorlofi l\u00fdkur. Sk\u00f3linn er vel sta\u00f0settur \u00ed umhverfi kletta og fallegrar n\u00e1tt\u00faru sem b\u00fd\u00f0ur upp \u00e1 skemmtilega ... Read More\" \/>\n<meta property=\"og:url\" content=\"https:\/\/dev.borgarbyggd.is\/andabaer\/foreldrar\/velkomin-i-skolann\/\" \/>\n<meta property=\"og:site_name\" content=\"Andab\u00e6r\" \/>\n<meta property=\"article:modified_time\" content=\"2026-03-18T08:45:45+00:00\" \/>\n<meta name=\"twitter:card\" content=\"summary_large_image\" \/>\n<meta name=\"twitter:label1\" content=\"Est. reading time\" \/>\n\t<meta name=\"twitter:data1\" content=\"1 minute\" \/>\n<script type=\"application\/ld+json\" class=\"yoast-schema-graph\">{\"@context\":\"https:\/\/schema.org\",\"@graph\":[{\"@type\":\"WebPage\",\"@id\":\"https:\/\/dev.borgarbyggd.is\/andabaer\/foreldrar\/velkomin-i-skolann\/\",\"url\":\"https:\/\/dev.borgarbyggd.is\/andabaer\/foreldrar\/velkomin-i-skolann\/\",\"name\":\"Velkomin \u00ed sk\u00f3lann - Andab\u00e6r\",\"isPartOf\":{\"@id\":\"https:\/\/dev.borgarbyggd.is\/andabaer\/#website\"},\"datePublished\":\"2023-08-04T10:09:17+00:00\",\"dateModified\":\"2026-03-18T08:45:45+00:00\",\"breadcrumb\":{\"@id\":\"https:\/\/dev.borgarbyggd.is\/andabaer\/foreldrar\/velkomin-i-skolann\/#breadcrumb\"},\"inLanguage\":\"is\",\"potentialAction\":[{\"@type\":\"ReadAction\",\"target\":[\"https:\/\/dev.borgarbyggd.is\/andabaer\/foreldrar\/velkomin-i-skolann\/\"]}]},{\"@type\":\"BreadcrumbList\",\"@id\":\"https:\/\/dev.borgarbyggd.is\/andabaer\/foreldrar\/velkomin-i-skolann\/#breadcrumb\",\"itemListElement\":[{\"@type\":\"ListItem\",\"position\":1,\"name\":\"Home\",\"item\":\"https:\/\/dev.borgarbyggd.is\/andabaer\/\"},{\"@type\":\"ListItem\",\"position\":2,\"name\":\"Foreldrar\",\"item\":\"https:\/\/dev.borgarbyggd.is\/andabaer\/foreldrar\/\"},{\"@type\":\"ListItem\",\"position\":3,\"name\":\"Velkomin \u00ed sk\u00f3lann\"}]},{\"@type\":\"WebSite\",\"@id\":\"https:\/\/dev.borgarbyggd.is\/andabaer\/#website\",\"url\":\"https:\/\/dev.borgarbyggd.is\/andabaer\/\",\"name\":\"Andab\u00e6r\",\"description\":\"\",\"potentialAction\":[{\"@type\":\"SearchAction\",\"target\":{\"@type\":\"EntryPoint\",\"urlTemplate\":\"https:\/\/dev.borgarbyggd.is\/andabaer\/?s={search_term_string}\"},\"query-input\":{\"@type\":\"PropertyValueSpecification\",\"valueRequired\":true,\"valueName\":\"search_term_string\"}}],\"inLanguage\":\"is\"}]}<\/script>\n<!-- \/ Yoast SEO plugin. -->","yoast_head_json":{"title":"Velkomin \u00ed sk\u00f3lann - Andab\u00e6r","robots":{"index":"noindex","follow":"follow","max-snippet":"max-snippet:-1","max-image-preview":"max-image-preview:large","max-video-preview":"max-video-preview:-1"},"og_locale":"is_IS","og_type":"article","og_title":"Velkomin \u00ed sk\u00f3lann - Andab\u00e6r","og_description":"Leiksk\u00f3linn Andab\u00e6r er sta\u00f0settur vi\u00f0 Arnarfl\u00f6t 2 \u00e1 Hvanneyri. Leiksk\u00f3linn er \u00feriggja deilda leiksk\u00f3li og heita deildarnar Go\u00f0heimar, \u00c1lfheimar og Hulduheimar. Leiksk\u00f3linn var upphaflega stofna\u00f0ur af foreldrum um 1981. Sk\u00f3linn r\u00famar um 65 b\u00f6rn og h\u00f6fum vi\u00f0 geta\u00f0 teki\u00f0 b\u00f6rn inn fr\u00e1 \u00fev\u00ed f\u00e6\u00f0ingarorlofi l\u00fdkur. Sk\u00f3linn er vel sta\u00f0settur \u00ed umhverfi kletta og fallegrar n\u00e1tt\u00faru sem b\u00fd\u00f0ur upp \u00e1 skemmtilega ... Read More","og_url":"https:\/\/dev.borgarbyggd.is\/andabaer\/foreldrar\/velkomin-i-skolann\/","og_site_name":"Andab\u00e6r","article_modified_time":"2026-03-18T08:45:45+00:00","twitter_card":"summary_large_image","twitter_misc":{"Est. reading time":"1 minute"},"schema":{"@context":"https:\/\/schema.org","@graph":[{"@type":"WebPage","@id":"https:\/\/dev.borgarbyggd.is\/andabaer\/foreldrar\/velkomin-i-skolann\/","url":"https:\/\/dev.borgarbyggd.is\/andabaer\/foreldrar\/velkomin-i-skolann\/","name":"Velkomin \u00ed sk\u00f3lann - Andab\u00e6r","isPartOf":{"@id":"https:\/\/dev.borgarbyggd.is\/andabaer\/#website"},"datePublished":"2023-08-04T10:09:17+00:00","dateModified":"2026-03-18T08:45:45+00:00","breadcrumb":{"@id":"https:\/\/dev.borgarbyggd.is\/andabaer\/foreldrar\/velkomin-i-skolann\/#breadcrumb"},"inLanguage":"is","potentialAction":[{"@type":"ReadAction","target":["https:\/\/dev.borgarbyggd.is\/andabaer\/foreldrar\/velkomin-i-skolann\/"]}]},{"@type":"BreadcrumbList","@id":"https:\/\/dev.borgarbyggd.is\/andabaer\/foreldrar\/velkomin-i-skolann\/#breadcrumb","itemListElement":[{"@type":"ListItem","position":1,"name":"Home","item":"https:\/\/dev.borgarbyggd.is\/andabaer\/"},{"@type":"ListItem","position":2,"name":"Foreldrar","item":"https:\/\/dev.borgarbyggd.is\/andabaer\/foreldrar\/"},{"@type":"ListItem","position":3,"name":"Velkomin \u00ed sk\u00f3lann"}]},{"@type":"WebSite","@id":"https:\/\/dev.borgarbyggd.is\/andabaer\/#website","url":"https:\/\/dev.borgarbyggd.is\/andabaer\/","name":"Andab\u00e6r","description":"","potentialAction":[{"@type":"SearchAction","target":{"@type":"EntryPoint","urlTemplate":"https:\/\/dev.borgarbyggd.is\/andabaer\/?s={search_term_string}"},"query-input":{"@type":"PropertyValueSpecification","valueRequired":true,"valueName":"search_term_string"}}],"inLanguage":"is"}]}},"_links":{"self":[{"href":"https:\/\/dev.borgarbyggd.is\/andabaer\/wp-json\/wp\/v2\/pages\/73","targetHints":{"allow":["GET"]}}],"collection":[{"href":"https:\/\/dev.borgarbyggd.is\/andabaer\/wp-json\/wp\/v2\/pages"}],"about":[{"href":"https:\/\/dev.borgarbyggd.is\/andabaer\/wp-json\/wp\/v2\/types\/page"}],"author":[{"embeddable":true,"href":"https:\/\/dev.borgarbyggd.is\/andabaer\/wp-json\/wp\/v2\/users\/4"}],"replies":[{"embeddable":true,"href":"https:\/\/dev.borgarbyggd.is\/andabaer\/wp-json\/wp\/v2\/comments?post=73"}],"version-history":[{"count":0,"href":"https:\/\/dev.borgarbyggd.is\/andabaer\/wp-json\/wp\/v2\/pages\/73\/revisions"}],"up":[{"embeddable":true,"href":"https:\/\/dev.borgarbyggd.is\/andabaer\/wp-json\/wp\/v2\/pages\/54"}],"wp:attachment":[{"href":"https:\/\/dev.borgarbyggd.is\/andabaer\/wp-json\/wp\/v2\/media?parent=73"}],"curies":[{"name":"wp","href":"https:\/\/api.w.org\/{rel}","templated":true}]}}