{"id":654,"date":"2025-02-03T12:52:34","date_gmt":"2025-02-03T12:52:34","guid":{"rendered":"https:\/\/dev.borgarbyggd.is\/andabaer\/?page_id=654"},"modified":"2025-02-03T13:08:35","modified_gmt":"2025-02-03T13:08:35","slug":"utinam-i-andabae","status":"publish","type":"page","link":"https:\/\/dev.borgarbyggd.is\/andabaer\/skolastarfid\/utinam-i-andabae\/","title":{"rendered":"\u00datikennsla"},"content":{"rendered":"<p><span data-contrast=\"auto\">Vi\u00f0 b\u00faum svo vel \u00ed Andab\u00e6 a\u00f0 \u00fea\u00f0 er stutt \u00ed fallega n\u00e1tt\u00faru og kletta vi\u00f0 leiksk\u00f3lann og erum vi\u00f0 dugleg a\u00f0 fara \u00ed g\u00f6ngut\u00fara.\u00a0 Vi\u00f0 f\u00f6rum \u00ed skipulag\u00f0a <\/span><b><span data-contrast=\"auto\">\u00fatikennslu<\/span><\/b><span data-contrast=\"auto\"> einu sinni \u00ed viku \u00e1 mi\u00f0vikud\u00f6gum, \u00ed Skj\u00f3lbeltin og erum fram a\u00f0 h\u00e1degismat.\u00a0 \u00deanga\u00f0 fara allir nemendur sk\u00f3lans nema yngstu nemendurnir fara ekki alltaf en \u00fe\u00e1 fara \u00feau gjarnan \u00ed styttri g\u00f6ngufer\u00f0ir.\u00a0\u00a0 \u00cd Skj\u00f3lbeltunum er sungi\u00f0 vi\u00f0 var\u00f0eld, lesnar s\u00f6gur, h\u00f6f\u00f0 \u00e1vaxtastund, fari\u00f0 \u00ed leiki og fari\u00f0 \u00ed \u00e6vint\u00fdrafer\u00f0ir um sk\u00f3ginn.\u00a0\u00a0\u00a0 \u00dear er l\u00edka bo\u00f0i\u00f0 upp \u00e1 st\u00f6\u00f0var og eru \u00fe\u00e6r margskonar, stundum er bo\u00f0i\u00f0 upp \u00e1 lei\u00f0angur \u00ed n\u00e1grenni Skj\u00f3lbeltisins, f\u00f6ndra\u00f0 \u00far efnivi\u00f0 sv\u00e6\u00f0isins, Lubba e\u00f0a Bl\u00e6stund, reikna\u00f0, t\u00fdnd ber, rannsaka\u00f0 hva\u00f0a d\u00fdr og pl\u00f6ntur finnast \u00e1 sv\u00e6\u00f0inu og margt fleira.\u00a0<\/span><span data-ccp-props=\"{&quot;134233117&quot;:false,&quot;134233118&quot;:false,&quot;201341983&quot;:0,&quot;335551550&quot;:6,&quot;335551620&quot;:6,&quot;335559738&quot;:0,&quot;335559739&quot;:0,&quot;335559740&quot;:240}\">\u00a0<\/span><\/p>\n<p><span data-ccp-props=\"{&quot;134233117&quot;:false,&quot;134233118&quot;:false,&quot;201341983&quot;:0,&quot;335551550&quot;:6,&quot;335551620&quot;:6,&quot;335559738&quot;:0,&quot;335559739&quot;:0,&quot;335559740&quot;:240}\">\u00a0<\/span><span data-contrast=\"auto\">Skj\u00f3lbeltin eru \u00ed eigu Landb\u00fana\u00f0arh\u00e1sk\u00f3la \u00cdslands og eru \u00feau sta\u00f0sett r\u00e9tt fyrir utan Hvanneyrarsta\u00f0.\u00a0\u00a0 Uppbygging sv\u00e6\u00f0isins hefur veri\u00f0 \u00ed m\u00f6rg \u00e1r og eru komin mj\u00f6g h\u00e1 tr\u00e9 \u00fear sem mynda gott skj\u00f3l.\u00a0 \u00dea\u00f0 er t.d. b\u00fai\u00f0 a\u00f0 koma fyrir litlu svi\u00f0i, indj\u00e1natjaldi og kofa sem \u00fearf a\u00f0 klifra upp \u00ed. Uppbygging Skj\u00f3lbeltanna hefur veri\u00f0 \u00ed h\u00f6ndum Landb\u00fana\u00f0arh\u00e1sk\u00f3lans me\u00f0 a\u00f0sto\u00f0 fr\u00e1 foreldraf\u00e9l\u00f6gum sk\u00f3lanna \u00ed gegnum \u00e1rin.\u00a0\u00a0 Hefur leiksk\u00f3linn og grunnsk\u00f3linn \u00e1 sta\u00f0num a\u00f0ganga a\u00f0 \u00feessum sta\u00f0 og n\u00fdta hann vel.<\/span><span data-ccp-props=\"{&quot;134233117&quot;:false,&quot;134233118&quot;:false,&quot;201341983&quot;:0,&quot;335551550&quot;:6,&quot;335551620&quot;:6,&quot;335559738&quot;:0,&quot;335559739&quot;:0,&quot;335559740&quot;:240}\">\u00a0<\/span><\/p>\n<p><span data-ccp-props=\"{&quot;134233117&quot;:false,&quot;134233118&quot;:false,&quot;201341983&quot;:0,&quot;335551550&quot;:6,&quot;335551620&quot;:6,&quot;335559738&quot;:0,&quot;335559739&quot;:0,&quot;335559740&quot;:240}\">\u00a0<\/span><span data-contrast=\"auto\">St\u00f3r \u00fe\u00e1ttur \u00ed \u00fatin\u00e1mi er a\u00f0 taka \u00e1h\u00e6ttu og takast \u00e1 vi\u00f0 \u00f6grandi hreyfingu.\u00a0 Upplifun \u00ed n\u00e1tt\u00farunni er a\u00f0 geta fyllt vitin af fersku lofti, greina angan af gr\u00f3\u00f0ri og hlusta \u00e1 hlj\u00f3\u00f0in sem heyrast fr\u00e1 umhverfinu. Einn af \u00e1herslu\u00fe\u00e1ttum \u00ed sk\u00f3lastefnu Borgarbygg\u00f0ar er \u00datikennsla sem hluti af Frams\u00e6knu sk\u00f3lastarfi. Vi\u00f0 \u00ed Andab\u00e6 h\u00f6fum sett \u00fea\u00f0 sem markmi\u00f0 okkar a\u00f0 hl\u00faa a\u00f0 \u00fatin\u00e1mi barnanna og tengja \u00fea\u00f0 vi\u00f0 alla n\u00e1ms\u00fe\u00e6tti sk\u00f3lans.\u00a0<\/span><span data-ccp-props=\"{&quot;134233117&quot;:false,&quot;134233118&quot;:false,&quot;201341983&quot;:0,&quot;335551550&quot;:6,&quot;335551620&quot;:6,&quot;335559738&quot;:0,&quot;335559739&quot;:0,&quot;335559740&quot;:240}\">\u00a0<\/span><span data-contrast=\"auto\">\u00dea\u00f0 sem vi\u00f0 getum gert inni getum vi\u00f0 l\u00edka gert \u00fati.<\/span><span data-ccp-props=\"{&quot;134233117&quot;:false,&quot;134233118&quot;:false,&quot;201341983&quot;:0,&quot;335551550&quot;:6,&quot;335551620&quot;:6,&quot;335559738&quot;:0,&quot;335559739&quot;:0,&quot;335559740&quot;:240}\">\u00a0<\/span><\/p>\n<p><span data-ccp-props=\"{&quot;134233117&quot;:false,&quot;134233118&quot;:false,&quot;201341983&quot;:0,&quot;335551550&quot;:6,&quot;335551620&quot;:6,&quot;335559738&quot;:0,&quot;335559739&quot;:0,&quot;335559740&quot;:240}\">\u00a0<\/span><b><span data-contrast=\"auto\">Markmi\u00f0 okkar me\u00f0 \u00fatin\u00e1minu eru:<\/span><\/b><span data-ccp-props=\"{&quot;134233117&quot;:false,&quot;134233118&quot;:false,&quot;201341983&quot;:0,&quot;335551550&quot;:6,&quot;335551620&quot;:6,&quot;335559738&quot;:0,&quot;335559739&quot;:0,&quot;335559740&quot;:240}\">\u00a0<\/span><\/p>\n<ul>\n<li><span data-contrast=\"auto\">A\u00f0 efla umhverfisvitund; \u00feekkingu, skilning og v\u00e6ntum\u00feykju \u00e1 n\u00e1tt\u00faru, umhverfi.\u00a0<\/span><span data-ccp-props=\"{&quot;134233117&quot;:false,&quot;134233118&quot;:false,&quot;201341983&quot;:0,&quot;335551550&quot;:6,&quot;335551620&quot;:6,&quot;335559738&quot;:0,&quot;335559739&quot;:0,&quot;335559740&quot;:240}\">\u00a0<\/span><\/li>\n<li><span data-contrast=\"auto\">A\u00f0 auka vilja til n\u00e1tt\u00faruverndar og vir\u00f0ingu fyrir fj\u00f6lbreytileika n\u00e1tt\u00faru og mannl\u00edfs.<\/span><span data-ccp-props=\"{&quot;134233117&quot;:false,&quot;134233118&quot;:false,&quot;201341983&quot;:0,&quot;335551550&quot;:6,&quot;335551620&quot;:6,&quot;335559738&quot;:0,&quot;335559739&quot;:0,&quot;335559740&quot;:240}\">\u00a0<\/span><\/li>\n<li data-leveltext=\"\uf0fc\" data-font=\"Wingdings\" data-listid=\"1\" data-list-defn-props=\"{&quot;335552541&quot;:1,&quot;335559685&quot;:720,&quot;335559991&quot;:360,&quot;469769226&quot;:&quot;Wingdings&quot;,&quot;469769242&quot;:[8226],&quot;469777803&quot;:&quot;left&quot;,&quot;469777804&quot;:&quot;\uf0fc&quot;,&quot;469777815&quot;:&quot;hybridMultilevel&quot;}\" data-aria-posinset=\"3\" data-aria-level=\"1\"><span data-contrast=\"auto\">A\u00f0 nj\u00f3ta n\u00e1tt\u00faru \u00ed leik og kennslu.<\/span><span data-ccp-props=\"{&quot;134233117&quot;:false,&quot;134233118&quot;:false,&quot;201341983&quot;:0,&quot;335551550&quot;:6,&quot;335551620&quot;:6,&quot;335559738&quot;:0,&quot;335559739&quot;:0,&quot;335559740&quot;:240}\">\u00a0<\/span><\/li>\n<li data-leveltext=\"\uf0fc\" data-font=\"Wingdings\" data-listid=\"1\" data-list-defn-props=\"{&quot;335552541&quot;:1,&quot;335559685&quot;:720,&quot;335559991&quot;:360,&quot;469769226&quot;:&quot;Wingdings&quot;,&quot;469769242&quot;:[8226],&quot;469777803&quot;:&quot;left&quot;,&quot;469777804&quot;:&quot;\uf0fc&quot;,&quot;469777815&quot;:&quot;hybridMultilevel&quot;}\" data-aria-posinset=\"3\" data-aria-level=\"1\"><span data-contrast=\"auto\">A\u00f0 ganga um n\u00e1tt\u00faru okkar af vir\u00f0ingu.<\/span><span data-ccp-props=\"{&quot;134233117&quot;:false,&quot;134233118&quot;:false,&quot;201341983&quot;:0,&quot;335551550&quot;:6,&quot;335551620&quot;:6,&quot;335559738&quot;:0,&quot;335559739&quot;:0,&quot;335559740&quot;:240}\">\u00a0<\/span><\/li>\n<\/ul>\n<p><span data-ccp-props=\"{&quot;134233117&quot;:false,&quot;134233118&quot;:false,&quot;201341983&quot;:0,&quot;335551550&quot;:6,&quot;335551620&quot;:6,&quot;335559738&quot;:0,&quot;335559739&quot;:0,&quot;335559740&quot;:240}\">\u00a0<\/span><span data-contrast=\"auto\">Vi\u00f0 m\u00e6lum me\u00f0 n\u00e1msefninu hennar Sab\u00ednu Steinunnar Halld\u00f3rsd\u00f3ttur.\u00a0 En h\u00fan gaf \u00fat handb\u00f3k sem heitir F\u00e6rni til framt\u00ed\u00f0ar og er um \u00f6rvun hreyfif\u00e6rni barna \u00fati \u00ed n\u00e1nasta umhverfi.\u00a0 Sab\u00edna er b\u00e6\u00f0i me\u00f0 Facebook og Instagram s\u00ed\u00f0u.\u00a0 Hvetjum foreldra til a\u00f0 sko\u00f0a \u00fe\u00e6r, \u00fev\u00ed \u00fear eru alls konar hugmyndir sem h\u00e6gt er a\u00f0 gera me\u00f0 b\u00f6rnunum \u00fati.<\/span><span data-ccp-props=\"{&quot;134233117&quot;:false,&quot;134233118&quot;:false,&quot;201341983&quot;:0,&quot;335551550&quot;:6,&quot;335551620&quot;:6,&quot;335559738&quot;:0,&quot;335559739&quot;:0,&quot;335559740&quot;:240}\">\u00a0<\/span><\/p>\n","protected":false},"excerpt":{"rendered":"<p>Vi\u00f0 b\u00faum svo vel \u00ed Andab\u00e6 a\u00f0 \u00fea\u00f0 er stutt \u00ed fallega n\u00e1tt\u00faru og kletta vi\u00f0 leiksk\u00f3lann og erum vi\u00f0 dugleg a\u00f0 fara \u00ed g\u00f6ngut\u00fara.\u00a0 Vi\u00f0 f\u00f6rum \u00ed skipulag\u00f0a \u00fatikennslu einu sinni \u00ed viku \u00e1 mi\u00f0vikud\u00f6gum, \u00ed Skj\u00f3lbeltin og erum fram a\u00f0 h\u00e1degismat.\u00a0 \u00deanga\u00f0 fara allir nemendur sk\u00f3lans nema yngstu nemendurnir fara ekki alltaf en \u00fe\u00e1 fara \u00feau gjarnan \u00ed &#8230; <\/p>\n<div><a href=\"https:\/\/dev.borgarbyggd.is\/andabaer\/skolastarfid\/utinam-i-andabae\/\" class=\"more-link\">Read More<\/a><\/div>\n","protected":false},"author":13,"featured_media":0,"parent":29,"menu_order":0,"comment_status":"closed","ping_status":"closed","template":"","meta":{"_acf_changed":false,"footnotes":""},"class_list":["post-654","page","type-page","status-publish","hentry","no-post-thumbnail"],"acf":{"quickaccess":false},"yoast_head":"<!-- This site is optimized with the Yoast SEO plugin v24.0 - https:\/\/yoast.com\/wordpress\/plugins\/seo\/ -->\n<title>\u00datikennsla - Andab\u00e6r<\/title>\n<meta name=\"robots\" content=\"noindex, follow, max-snippet:-1, max-image-preview:large, max-video-preview:-1\" \/>\n<meta property=\"og:locale\" content=\"is_IS\" \/>\n<meta property=\"og:type\" content=\"article\" \/>\n<meta property=\"og:title\" content=\"\u00datikennsla - Andab\u00e6r\" \/>\n<meta property=\"og:description\" content=\"Vi\u00f0 b\u00faum svo vel \u00ed Andab\u00e6 a\u00f0 \u00fea\u00f0 er stutt \u00ed fallega n\u00e1tt\u00faru og kletta vi\u00f0 leiksk\u00f3lann og erum vi\u00f0 dugleg a\u00f0 fara \u00ed g\u00f6ngut\u00fara.\u00a0 Vi\u00f0 f\u00f6rum \u00ed skipulag\u00f0a \u00fatikennslu einu sinni \u00ed viku \u00e1 mi\u00f0vikud\u00f6gum, \u00ed Skj\u00f3lbeltin og erum fram a\u00f0 h\u00e1degismat.\u00a0 \u00deanga\u00f0 fara allir nemendur sk\u00f3lans nema yngstu nemendurnir fara ekki alltaf en \u00fe\u00e1 fara \u00feau gjarnan \u00ed ... Read More\" \/>\n<meta property=\"og:url\" content=\"https:\/\/dev.borgarbyggd.is\/andabaer\/skolastarfid\/utinam-i-andabae\/\" \/>\n<meta property=\"og:site_name\" content=\"Andab\u00e6r\" \/>\n<meta property=\"article:modified_time\" content=\"2025-02-03T13:08:35+00:00\" \/>\n<meta name=\"twitter:card\" content=\"summary_large_image\" \/>\n<meta name=\"twitter:label1\" content=\"Est. reading time\" \/>\n\t<meta name=\"twitter:data1\" content=\"3 minutes\" \/>\n<script type=\"application\/ld+json\" class=\"yoast-schema-graph\">{\"@context\":\"https:\/\/schema.org\",\"@graph\":[{\"@type\":\"WebPage\",\"@id\":\"https:\/\/dev.borgarbyggd.is\/andabaer\/skolastarfid\/utinam-i-andabae\/\",\"url\":\"https:\/\/dev.borgarbyggd.is\/andabaer\/skolastarfid\/utinam-i-andabae\/\",\"name\":\"\u00datikennsla - Andab\u00e6r\",\"isPartOf\":{\"@id\":\"https:\/\/dev.borgarbyggd.is\/andabaer\/#website\"},\"datePublished\":\"2025-02-03T12:52:34+00:00\",\"dateModified\":\"2025-02-03T13:08:35+00:00\",\"breadcrumb\":{\"@id\":\"https:\/\/dev.borgarbyggd.is\/andabaer\/skolastarfid\/utinam-i-andabae\/#breadcrumb\"},\"inLanguage\":\"is\",\"potentialAction\":[{\"@type\":\"ReadAction\",\"target\":[\"https:\/\/dev.borgarbyggd.is\/andabaer\/skolastarfid\/utinam-i-andabae\/\"]}]},{\"@type\":\"BreadcrumbList\",\"@id\":\"https:\/\/dev.borgarbyggd.is\/andabaer\/skolastarfid\/utinam-i-andabae\/#breadcrumb\",\"itemListElement\":[{\"@type\":\"ListItem\",\"position\":1,\"name\":\"Home\",\"item\":\"https:\/\/dev.borgarbyggd.is\/andabaer\/\"},{\"@type\":\"ListItem\",\"position\":2,\"name\":\"Sk\u00f3lastarfi\u00f0\",\"item\":\"https:\/\/dev.borgarbyggd.is\/andabaer\/skolastarfid\/\"},{\"@type\":\"ListItem\",\"position\":3,\"name\":\"\u00datikennsla\"}]},{\"@type\":\"WebSite\",\"@id\":\"https:\/\/dev.borgarbyggd.is\/andabaer\/#website\",\"url\":\"https:\/\/dev.borgarbyggd.is\/andabaer\/\",\"name\":\"Andab\u00e6r\",\"description\":\"\",\"potentialAction\":[{\"@type\":\"SearchAction\",\"target\":{\"@type\":\"EntryPoint\",\"urlTemplate\":\"https:\/\/dev.borgarbyggd.is\/andabaer\/?s={search_term_string}\"},\"query-input\":{\"@type\":\"PropertyValueSpecification\",\"valueRequired\":true,\"valueName\":\"search_term_string\"}}],\"inLanguage\":\"is\"}]}<\/script>\n<!-- \/ Yoast SEO plugin. -->","yoast_head_json":{"title":"\u00datikennsla - Andab\u00e6r","robots":{"index":"noindex","follow":"follow","max-snippet":"max-snippet:-1","max-image-preview":"max-image-preview:large","max-video-preview":"max-video-preview:-1"},"og_locale":"is_IS","og_type":"article","og_title":"\u00datikennsla - Andab\u00e6r","og_description":"Vi\u00f0 b\u00faum svo vel \u00ed Andab\u00e6 a\u00f0 \u00fea\u00f0 er stutt \u00ed fallega n\u00e1tt\u00faru og kletta vi\u00f0 leiksk\u00f3lann og erum vi\u00f0 dugleg a\u00f0 fara \u00ed g\u00f6ngut\u00fara.\u00a0 Vi\u00f0 f\u00f6rum \u00ed skipulag\u00f0a \u00fatikennslu einu sinni \u00ed viku \u00e1 mi\u00f0vikud\u00f6gum, \u00ed Skj\u00f3lbeltin og erum fram a\u00f0 h\u00e1degismat.\u00a0 \u00deanga\u00f0 fara allir nemendur sk\u00f3lans nema yngstu nemendurnir fara ekki alltaf en \u00fe\u00e1 fara \u00feau gjarnan \u00ed ... Read More","og_url":"https:\/\/dev.borgarbyggd.is\/andabaer\/skolastarfid\/utinam-i-andabae\/","og_site_name":"Andab\u00e6r","article_modified_time":"2025-02-03T13:08:35+00:00","twitter_card":"summary_large_image","twitter_misc":{"Est. reading time":"3 minutes"},"schema":{"@context":"https:\/\/schema.org","@graph":[{"@type":"WebPage","@id":"https:\/\/dev.borgarbyggd.is\/andabaer\/skolastarfid\/utinam-i-andabae\/","url":"https:\/\/dev.borgarbyggd.is\/andabaer\/skolastarfid\/utinam-i-andabae\/","name":"\u00datikennsla - Andab\u00e6r","isPartOf":{"@id":"https:\/\/dev.borgarbyggd.is\/andabaer\/#website"},"datePublished":"2025-02-03T12:52:34+00:00","dateModified":"2025-02-03T13:08:35+00:00","breadcrumb":{"@id":"https:\/\/dev.borgarbyggd.is\/andabaer\/skolastarfid\/utinam-i-andabae\/#breadcrumb"},"inLanguage":"is","potentialAction":[{"@type":"ReadAction","target":["https:\/\/dev.borgarbyggd.is\/andabaer\/skolastarfid\/utinam-i-andabae\/"]}]},{"@type":"BreadcrumbList","@id":"https:\/\/dev.borgarbyggd.is\/andabaer\/skolastarfid\/utinam-i-andabae\/#breadcrumb","itemListElement":[{"@type":"ListItem","position":1,"name":"Home","item":"https:\/\/dev.borgarbyggd.is\/andabaer\/"},{"@type":"ListItem","position":2,"name":"Sk\u00f3lastarfi\u00f0","item":"https:\/\/dev.borgarbyggd.is\/andabaer\/skolastarfid\/"},{"@type":"ListItem","position":3,"name":"\u00datikennsla"}]},{"@type":"WebSite","@id":"https:\/\/dev.borgarbyggd.is\/andabaer\/#website","url":"https:\/\/dev.borgarbyggd.is\/andabaer\/","name":"Andab\u00e6r","description":"","potentialAction":[{"@type":"SearchAction","target":{"@type":"EntryPoint","urlTemplate":"https:\/\/dev.borgarbyggd.is\/andabaer\/?s={search_term_string}"},"query-input":{"@type":"PropertyValueSpecification","valueRequired":true,"valueName":"search_term_string"}}],"inLanguage":"is"}]}},"_links":{"self":[{"href":"https:\/\/dev.borgarbyggd.is\/andabaer\/wp-json\/wp\/v2\/pages\/654","targetHints":{"allow":["GET"]}}],"collection":[{"href":"https:\/\/dev.borgarbyggd.is\/andabaer\/wp-json\/wp\/v2\/pages"}],"about":[{"href":"https:\/\/dev.borgarbyggd.is\/andabaer\/wp-json\/wp\/v2\/types\/page"}],"author":[{"embeddable":true,"href":"https:\/\/dev.borgarbyggd.is\/andabaer\/wp-json\/wp\/v2\/users\/13"}],"replies":[{"embeddable":true,"href":"https:\/\/dev.borgarbyggd.is\/andabaer\/wp-json\/wp\/v2\/comments?post=654"}],"version-history":[{"count":0,"href":"https:\/\/dev.borgarbyggd.is\/andabaer\/wp-json\/wp\/v2\/pages\/654\/revisions"}],"up":[{"embeddable":true,"href":"https:\/\/dev.borgarbyggd.is\/andabaer\/wp-json\/wp\/v2\/pages\/29"}],"wp:attachment":[{"href":"https:\/\/dev.borgarbyggd.is\/andabaer\/wp-json\/wp\/v2\/media?parent=654"}],"curies":[{"name":"wp","href":"https:\/\/api.w.org\/{rel}","templated":true}]}}