{"id":63,"date":"2023-08-04T10:04:28","date_gmt":"2023-08-04T10:04:28","guid":{"rendered":"https:\/\/dev.borgarbyggd.is\/andabaer\/?page_id=63"},"modified":"2024-06-03T15:21:29","modified_gmt":"2024-06-03T15:21:29","slug":"lestrarstefna-borgarbyggdar","status":"publish","type":"page","link":"https:\/\/dev.borgarbyggd.is\/andabaer\/upplysingar\/lestrarstefna-borgarbyggdar\/","title":{"rendered":"Lestrarstefna Borgarbygg\u00f0ar"},"content":{"rendered":"<p><span data-contrast=\"auto\">Leiksk\u00f3linn vinnur eftir lestrarstefnu Borgarbygg\u00f0ar og h\u00e9r er h\u00e6gt a\u00f0 sko\u00f0a hana:<\/span><span data-ccp-props=\"{&quot;134233117&quot;:false,&quot;134233118&quot;:false,&quot;201341983&quot;:0,&quot;335551550&quot;:2,&quot;335551620&quot;:2,&quot;335559738&quot;:0,&quot;335559739&quot;:150,&quot;335559740&quot;:240}\">\u00a0<\/span><\/p>\n<p><strong><a href=\"https:\/\/dev.borgarbyggd.is\/wp-content\/uploads\/2023\/09\/Lestrarstefna-Borgarbyggdar-2022-2026.pdf\">Lestrarstefna Borgarbygg\u00f0ar<\/a><\/strong><\/p>\n<p>&nbsp;<\/p>\n","protected":false},"excerpt":{"rendered":"<p>Leiksk\u00f3linn vinnur eftir lestrarstefnu Borgarbygg\u00f0ar og h\u00e9r er h\u00e6gt a\u00f0 sko\u00f0a hana:\u00a0 Lestrarstefna Borgarbygg\u00f0ar &nbsp;<\/p>\n","protected":false},"author":4,"featured_media":0,"parent":60,"menu_order":0,"comment_status":"closed","ping_status":"closed","template":"","meta":{"_acf_changed":false,"footnotes":""},"class_list":["post-63","page","type-page","status-publish","hentry","no-post-thumbnail"],"acf":{"quickaccess":false},"yoast_head":"<!-- This site is optimized with the Yoast SEO plugin v24.0 - https:\/\/yoast.com\/wordpress\/plugins\/seo\/ -->\n<title>Lestrarstefna Borgarbygg\u00f0ar - Andab\u00e6r<\/title>\n<meta name=\"robots\" content=\"noindex, follow, max-snippet:-1, max-image-preview:large, max-video-preview:-1\" \/>\n<meta property=\"og:locale\" content=\"is_IS\" \/>\n<meta property=\"og:type\" content=\"article\" \/>\n<meta property=\"og:title\" content=\"Lestrarstefna Borgarbygg\u00f0ar - Andab\u00e6r\" \/>\n<meta property=\"og:description\" content=\"Leiksk\u00f3linn vinnur eftir lestrarstefnu Borgarbygg\u00f0ar og h\u00e9r er h\u00e6gt a\u00f0 sko\u00f0a hana:\u00a0 Lestrarstefna Borgarbygg\u00f0ar &nbsp;\" \/>\n<meta property=\"og:url\" content=\"https:\/\/dev.borgarbyggd.is\/andabaer\/upplysingar\/lestrarstefna-borgarbyggdar\/\" \/>\n<meta property=\"og:site_name\" content=\"Andab\u00e6r\" \/>\n<meta property=\"article:modified_time\" content=\"2024-06-03T15:21:29+00:00\" \/>\n<meta name=\"twitter:card\" content=\"summary_large_image\" \/>\n<meta name=\"twitter:label1\" content=\"Est. reading time\" \/>\n\t<meta name=\"twitter:data1\" content=\"1 minute\" \/>\n<script type=\"application\/ld+json\" class=\"yoast-schema-graph\">{\"@context\":\"https:\/\/schema.org\",\"@graph\":[{\"@type\":\"WebPage\",\"@id\":\"https:\/\/dev.borgarbyggd.is\/andabaer\/upplysingar\/lestrarstefna-borgarbyggdar\/\",\"url\":\"https:\/\/dev.borgarbyggd.is\/andabaer\/upplysingar\/lestrarstefna-borgarbyggdar\/\",\"name\":\"Lestrarstefna Borgarbygg\u00f0ar - Andab\u00e6r\",\"isPartOf\":{\"@id\":\"https:\/\/dev.borgarbyggd.is\/andabaer\/#website\"},\"datePublished\":\"2023-08-04T10:04:28+00:00\",\"dateModified\":\"2024-06-03T15:21:29+00:00\",\"breadcrumb\":{\"@id\":\"https:\/\/dev.borgarbyggd.is\/andabaer\/upplysingar\/lestrarstefna-borgarbyggdar\/#breadcrumb\"},\"inLanguage\":\"is\",\"potentialAction\":[{\"@type\":\"ReadAction\",\"target\":[\"https:\/\/dev.borgarbyggd.is\/andabaer\/upplysingar\/lestrarstefna-borgarbyggdar\/\"]}]},{\"@type\":\"BreadcrumbList\",\"@id\":\"https:\/\/dev.borgarbyggd.is\/andabaer\/upplysingar\/lestrarstefna-borgarbyggdar\/#breadcrumb\",\"itemListElement\":[{\"@type\":\"ListItem\",\"position\":1,\"name\":\"Home\",\"item\":\"https:\/\/dev.borgarbyggd.is\/andabaer\/\"},{\"@type\":\"ListItem\",\"position\":2,\"name\":\"Uppl\u00fdsingar\",\"item\":\"https:\/\/dev.borgarbyggd.is\/andabaer\/upplysingar\/\"},{\"@type\":\"ListItem\",\"position\":3,\"name\":\"Lestrarstefna Borgarbygg\u00f0ar\"}]},{\"@type\":\"WebSite\",\"@id\":\"https:\/\/dev.borgarbyggd.is\/andabaer\/#website\",\"url\":\"https:\/\/dev.borgarbyggd.is\/andabaer\/\",\"name\":\"Andab\u00e6r\",\"description\":\"\",\"potentialAction\":[{\"@type\":\"SearchAction\",\"target\":{\"@type\":\"EntryPoint\",\"urlTemplate\":\"https:\/\/dev.borgarbyggd.is\/andabaer\/?s={search_term_string}\"},\"query-input\":{\"@type\":\"PropertyValueSpecification\",\"valueRequired\":true,\"valueName\":\"search_term_string\"}}],\"inLanguage\":\"is\"}]}<\/script>\n<!-- \/ Yoast SEO plugin. -->","yoast_head_json":{"title":"Lestrarstefna Borgarbygg\u00f0ar - Andab\u00e6r","robots":{"index":"noindex","follow":"follow","max-snippet":"max-snippet:-1","max-image-preview":"max-image-preview:large","max-video-preview":"max-video-preview:-1"},"og_locale":"is_IS","og_type":"article","og_title":"Lestrarstefna Borgarbygg\u00f0ar - Andab\u00e6r","og_description":"Leiksk\u00f3linn vinnur eftir lestrarstefnu Borgarbygg\u00f0ar og h\u00e9r er h\u00e6gt a\u00f0 sko\u00f0a hana:\u00a0 Lestrarstefna Borgarbygg\u00f0ar &nbsp;","og_url":"https:\/\/dev.borgarbyggd.is\/andabaer\/upplysingar\/lestrarstefna-borgarbyggdar\/","og_site_name":"Andab\u00e6r","article_modified_time":"2024-06-03T15:21:29+00:00","twitter_card":"summary_large_image","twitter_misc":{"Est. reading time":"1 minute"},"schema":{"@context":"https:\/\/schema.org","@graph":[{"@type":"WebPage","@id":"https:\/\/dev.borgarbyggd.is\/andabaer\/upplysingar\/lestrarstefna-borgarbyggdar\/","url":"https:\/\/dev.borgarbyggd.is\/andabaer\/upplysingar\/lestrarstefna-borgarbyggdar\/","name":"Lestrarstefna Borgarbygg\u00f0ar - Andab\u00e6r","isPartOf":{"@id":"https:\/\/dev.borgarbyggd.is\/andabaer\/#website"},"datePublished":"2023-08-04T10:04:28+00:00","dateModified":"2024-06-03T15:21:29+00:00","breadcrumb":{"@id":"https:\/\/dev.borgarbyggd.is\/andabaer\/upplysingar\/lestrarstefna-borgarbyggdar\/#breadcrumb"},"inLanguage":"is","potentialAction":[{"@type":"ReadAction","target":["https:\/\/dev.borgarbyggd.is\/andabaer\/upplysingar\/lestrarstefna-borgarbyggdar\/"]}]},{"@type":"BreadcrumbList","@id":"https:\/\/dev.borgarbyggd.is\/andabaer\/upplysingar\/lestrarstefna-borgarbyggdar\/#breadcrumb","itemListElement":[{"@type":"ListItem","position":1,"name":"Home","item":"https:\/\/dev.borgarbyggd.is\/andabaer\/"},{"@type":"ListItem","position":2,"name":"Uppl\u00fdsingar","item":"https:\/\/dev.borgarbyggd.is\/andabaer\/upplysingar\/"},{"@type":"ListItem","position":3,"name":"Lestrarstefna Borgarbygg\u00f0ar"}]},{"@type":"WebSite","@id":"https:\/\/dev.borgarbyggd.is\/andabaer\/#website","url":"https:\/\/dev.borgarbyggd.is\/andabaer\/","name":"Andab\u00e6r","description":"","potentialAction":[{"@type":"SearchAction","target":{"@type":"EntryPoint","urlTemplate":"https:\/\/dev.borgarbyggd.is\/andabaer\/?s={search_term_string}"},"query-input":{"@type":"PropertyValueSpecification","valueRequired":true,"valueName":"search_term_string"}}],"inLanguage":"is"}]}},"_links":{"self":[{"href":"https:\/\/dev.borgarbyggd.is\/andabaer\/wp-json\/wp\/v2\/pages\/63","targetHints":{"allow":["GET"]}}],"collection":[{"href":"https:\/\/dev.borgarbyggd.is\/andabaer\/wp-json\/wp\/v2\/pages"}],"about":[{"href":"https:\/\/dev.borgarbyggd.is\/andabaer\/wp-json\/wp\/v2\/types\/page"}],"author":[{"embeddable":true,"href":"https:\/\/dev.borgarbyggd.is\/andabaer\/wp-json\/wp\/v2\/users\/4"}],"replies":[{"embeddable":true,"href":"https:\/\/dev.borgarbyggd.is\/andabaer\/wp-json\/wp\/v2\/comments?post=63"}],"version-history":[{"count":0,"href":"https:\/\/dev.borgarbyggd.is\/andabaer\/wp-json\/wp\/v2\/pages\/63\/revisions"}],"up":[{"embeddable":true,"href":"https:\/\/dev.borgarbyggd.is\/andabaer\/wp-json\/wp\/v2\/pages\/60"}],"wp:attachment":[{"href":"https:\/\/dev.borgarbyggd.is\/andabaer\/wp-json\/wp\/v2\/media?parent=63"}],"curies":[{"name":"wp","href":"https:\/\/api.w.org\/{rel}","templated":true}]}}