{"id":61,"date":"2023-08-04T10:02:59","date_gmt":"2023-08-04T10:02:59","guid":{"rendered":"https:\/\/dev.borgarbyggd.is\/andabaer\/?page_id=61"},"modified":"2024-09-05T11:20:16","modified_gmt":"2024-09-05T11:20:16","slug":"ahugaverdir-tenglar","status":"publish","type":"page","link":"https:\/\/dev.borgarbyggd.is\/andabaer\/upplysingar\/ahugaverdir-tenglar\/","title":{"rendered":"\u00c1hugaver\u00f0ir tenglar"},"content":{"rendered":"<p>&nbsp;<\/p>\n<p><span data-ccp-props=\"{&quot;201341983&quot;:0,&quot;335559739&quot;:160,&quot;335559740&quot;:259}\">\u00a0<\/span><\/p>\n","protected":false},"excerpt":{"rendered":"<p>&nbsp; \u00a0<\/p>\n","protected":false},"author":4,"featured_media":0,"parent":60,"menu_order":0,"comment_status":"closed","ping_status":"closed","template":"","meta":{"_acf_changed":false,"footnotes":""},"class_list":["post-61","page","type-page","status-publish","hentry","no-post-thumbnail"],"acf":{"quickaccess":[{"takn":"search","title":"Lei\u00f0toginn \u00ed m\u00e9r","url":"","description":"","skjol":false,"tegund":"https:\/\/www.franklincovey.is\/"},{"takn":"search","title":"Barnaheill","url":"","description":"","skjol":false,"tegund":"https:\/\/www.barnaheill.is\/"},{"takn":"search","title":"Landvernd","url":"","description":"","skjol":false,"tegund":"https:\/\/landvernd.is\/"},{"takn":"search","title":"Heilsustefnan","url":"","description":"","skjol":false,"tegund":"https:\/\/heilsustefnan.is\/"},{"takn":"search","title":"Landb\u00fana\u00f0arh\u00e1sk\u00f3li \u00cdslands","url":"","description":"","skjol":false,"tegund":"https:\/\/www.lbhi.is\/"},{"takn":"search","title":"Landb\u00fana\u00f0arsafn \u00cdslands","url":"","description":"","skjol":false,"tegund":"https:\/\/landbunadarsafn.is\/"},{"takn":"search","title":"Ullarseli\u00f0 \u00e1 Hvanneyri","url":"","description":"","skjol":false,"tegund":"https:\/\/ull.is\/"},{"takn":"search","title":"Landl\u00e6knisemb\u00e6tti\u00f0","url":"","description":"","skjol":false,"tegund":"https:\/\/island.is\/s\/landlaeknir"},{"takn":"search","title":"Heilsug\u00e6slan -Ung og sm\u00e1barnavernd","url":"","description":"","skjol":false,"tegund":"https:\/\/www.heilsugaeslan.is\/thjonusta-stodvanna\/ung-og-smabarnavernd\/"},{"takn":"search","title":"Samf\u00e9lag, fj\u00f6lskyldan og t\u00e6kni","url":"","description":"","skjol":false,"tegund":"https:\/\/www.saft.is\/"},{"takn":"search","title":"Gr\u00e6nf\u00e1ninn","url":"","description":"","skjol":false,"tegund":"https:\/\/graenfaninn.is\/"},{"takn":"search","title":"Grunnsk\u00f3li Borgarfjar\u00f0ar","url":"","description":"","skjol":false,"tegund":"https:\/\/borgarbyggd.is\/stofnun\/gbf"}]},"yoast_head":"<!-- This site is optimized with the Yoast SEO plugin v24.0 - https:\/\/yoast.com\/wordpress\/plugins\/seo\/ -->\n<title>\u00c1hugaver\u00f0ir tenglar - Andab\u00e6r<\/title>\n<meta name=\"robots\" content=\"noindex, follow, max-snippet:-1, max-image-preview:large, max-video-preview:-1\" \/>\n<meta property=\"og:locale\" content=\"is_IS\" \/>\n<meta property=\"og:type\" content=\"article\" \/>\n<meta property=\"og:title\" content=\"\u00c1hugaver\u00f0ir tenglar - Andab\u00e6r\" \/>\n<meta property=\"og:description\" content=\"&nbsp; \u00a0\" \/>\n<meta property=\"og:url\" content=\"https:\/\/dev.borgarbyggd.is\/andabaer\/upplysingar\/ahugaverdir-tenglar\/\" \/>\n<meta property=\"og:site_name\" content=\"Andab\u00e6r\" \/>\n<meta property=\"article:modified_time\" content=\"2024-09-05T11:20:16+00:00\" \/>\n<meta name=\"twitter:card\" content=\"summary_large_image\" \/>\n<script type=\"application\/ld+json\" class=\"yoast-schema-graph\">{\"@context\":\"https:\/\/schema.org\",\"@graph\":[{\"@type\":\"WebPage\",\"@id\":\"https:\/\/dev.borgarbyggd.is\/andabaer\/upplysingar\/ahugaverdir-tenglar\/\",\"url\":\"https:\/\/dev.borgarbyggd.is\/andabaer\/upplysingar\/ahugaverdir-tenglar\/\",\"name\":\"\u00c1hugaver\u00f0ir tenglar - Andab\u00e6r\",\"isPartOf\":{\"@id\":\"https:\/\/dev.borgarbyggd.is\/andabaer\/#website\"},\"datePublished\":\"2023-08-04T10:02:59+00:00\",\"dateModified\":\"2024-09-05T11:20:16+00:00\",\"breadcrumb\":{\"@id\":\"https:\/\/dev.borgarbyggd.is\/andabaer\/upplysingar\/ahugaverdir-tenglar\/#breadcrumb\"},\"inLanguage\":\"is\",\"potentialAction\":[{\"@type\":\"ReadAction\",\"target\":[\"https:\/\/dev.borgarbyggd.is\/andabaer\/upplysingar\/ahugaverdir-tenglar\/\"]}]},{\"@type\":\"BreadcrumbList\",\"@id\":\"https:\/\/dev.borgarbyggd.is\/andabaer\/upplysingar\/ahugaverdir-tenglar\/#breadcrumb\",\"itemListElement\":[{\"@type\":\"ListItem\",\"position\":1,\"name\":\"Home\",\"item\":\"https:\/\/dev.borgarbyggd.is\/andabaer\/\"},{\"@type\":\"ListItem\",\"position\":2,\"name\":\"Uppl\u00fdsingar\",\"item\":\"https:\/\/dev.borgarbyggd.is\/andabaer\/upplysingar\/\"},{\"@type\":\"ListItem\",\"position\":3,\"name\":\"\u00c1hugaver\u00f0ir tenglar\"}]},{\"@type\":\"WebSite\",\"@id\":\"https:\/\/dev.borgarbyggd.is\/andabaer\/#website\",\"url\":\"https:\/\/dev.borgarbyggd.is\/andabaer\/\",\"name\":\"Andab\u00e6r\",\"description\":\"\",\"potentialAction\":[{\"@type\":\"SearchAction\",\"target\":{\"@type\":\"EntryPoint\",\"urlTemplate\":\"https:\/\/dev.borgarbyggd.is\/andabaer\/?s={search_term_string}\"},\"query-input\":{\"@type\":\"PropertyValueSpecification\",\"valueRequired\":true,\"valueName\":\"search_term_string\"}}],\"inLanguage\":\"is\"}]}<\/script>\n<!-- \/ Yoast SEO plugin. -->","yoast_head_json":{"title":"\u00c1hugaver\u00f0ir tenglar - Andab\u00e6r","robots":{"index":"noindex","follow":"follow","max-snippet":"max-snippet:-1","max-image-preview":"max-image-preview:large","max-video-preview":"max-video-preview:-1"},"og_locale":"is_IS","og_type":"article","og_title":"\u00c1hugaver\u00f0ir tenglar - Andab\u00e6r","og_description":"&nbsp; \u00a0","og_url":"https:\/\/dev.borgarbyggd.is\/andabaer\/upplysingar\/ahugaverdir-tenglar\/","og_site_name":"Andab\u00e6r","article_modified_time":"2024-09-05T11:20:16+00:00","twitter_card":"summary_large_image","schema":{"@context":"https:\/\/schema.org","@graph":[{"@type":"WebPage","@id":"https:\/\/dev.borgarbyggd.is\/andabaer\/upplysingar\/ahugaverdir-tenglar\/","url":"https:\/\/dev.borgarbyggd.is\/andabaer\/upplysingar\/ahugaverdir-tenglar\/","name":"\u00c1hugaver\u00f0ir tenglar - Andab\u00e6r","isPartOf":{"@id":"https:\/\/dev.borgarbyggd.is\/andabaer\/#website"},"datePublished":"2023-08-04T10:02:59+00:00","dateModified":"2024-09-05T11:20:16+00:00","breadcrumb":{"@id":"https:\/\/dev.borgarbyggd.is\/andabaer\/upplysingar\/ahugaverdir-tenglar\/#breadcrumb"},"inLanguage":"is","potentialAction":[{"@type":"ReadAction","target":["https:\/\/dev.borgarbyggd.is\/andabaer\/upplysingar\/ahugaverdir-tenglar\/"]}]},{"@type":"BreadcrumbList","@id":"https:\/\/dev.borgarbyggd.is\/andabaer\/upplysingar\/ahugaverdir-tenglar\/#breadcrumb","itemListElement":[{"@type":"ListItem","position":1,"name":"Home","item":"https:\/\/dev.borgarbyggd.is\/andabaer\/"},{"@type":"ListItem","position":2,"name":"Uppl\u00fdsingar","item":"https:\/\/dev.borgarbyggd.is\/andabaer\/upplysingar\/"},{"@type":"ListItem","position":3,"name":"\u00c1hugaver\u00f0ir tenglar"}]},{"@type":"WebSite","@id":"https:\/\/dev.borgarbyggd.is\/andabaer\/#website","url":"https:\/\/dev.borgarbyggd.is\/andabaer\/","name":"Andab\u00e6r","description":"","potentialAction":[{"@type":"SearchAction","target":{"@type":"EntryPoint","urlTemplate":"https:\/\/dev.borgarbyggd.is\/andabaer\/?s={search_term_string}"},"query-input":{"@type":"PropertyValueSpecification","valueRequired":true,"valueName":"search_term_string"}}],"inLanguage":"is"}]}},"_links":{"self":[{"href":"https:\/\/dev.borgarbyggd.is\/andabaer\/wp-json\/wp\/v2\/pages\/61","targetHints":{"allow":["GET"]}}],"collection":[{"href":"https:\/\/dev.borgarbyggd.is\/andabaer\/wp-json\/wp\/v2\/pages"}],"about":[{"href":"https:\/\/dev.borgarbyggd.is\/andabaer\/wp-json\/wp\/v2\/types\/page"}],"author":[{"embeddable":true,"href":"https:\/\/dev.borgarbyggd.is\/andabaer\/wp-json\/wp\/v2\/users\/4"}],"replies":[{"embeddable":true,"href":"https:\/\/dev.borgarbyggd.is\/andabaer\/wp-json\/wp\/v2\/comments?post=61"}],"version-history":[{"count":0,"href":"https:\/\/dev.borgarbyggd.is\/andabaer\/wp-json\/wp\/v2\/pages\/61\/revisions"}],"up":[{"embeddable":true,"href":"https:\/\/dev.borgarbyggd.is\/andabaer\/wp-json\/wp\/v2\/pages\/60"}],"wp:attachment":[{"href":"https:\/\/dev.borgarbyggd.is\/andabaer\/wp-json\/wp\/v2\/media?parent=61"}],"curies":[{"name":"wp","href":"https:\/\/api.w.org\/{rel}","templated":true}]}}