{"id":598,"date":"2024-08-15T10:58:59","date_gmt":"2024-08-15T10:58:59","guid":{"rendered":"https:\/\/dev.borgarbyggd.is\/andabaer\/?page_id=598"},"modified":"2025-11-27T09:11:22","modified_gmt":"2025-11-27T09:11:22","slug":"farsaeld-barna","status":"publish","type":"page","link":"https:\/\/dev.borgarbyggd.is\/andabaer\/farsaeld-barna\/","title":{"rendered":"Fars\u00e6ld barna"},"content":{"rendered":"<p>\u00cd jan\u00faar 2022 t\u00f3ku \u00ed gildi l\u00f6g um sam\u00fe\u00e6ttingu \u00fej\u00f3nustu \u00ed \u00fe\u00e1gu fars\u00e6ldar bara.\u00a0 L\u00f6gin eiga a\u00f0 sj\u00e1 til \u00feess a\u00f0 b\u00f6rn og for\u00adeldrar hafi grei\u00f0an a\u00f0gang a\u00f0 \u00feeirri \u00fej\u00f3nustu sem \u00feau \u00feurfa og a\u00f0 \u00feau f\u00e1i r\u00e9tta a\u00f0sto\u00f0 \u00e1 r\u00e9ttum t\u00edma, fr\u00e1 r\u00e9ttum a\u00f0ilum.\u00a0 Hver sk\u00f3li er me\u00f0 tengili\u00f0 og skal hann vera a\u00f0gengilegur \u00f6llum b\u00f6rnum og foreldrum og er hann innan handar og a\u00f0sto\u00f0ar vi\u00f0 a\u00f0 s\u00e6kja vi\u00f0eigandi \u00fej\u00f3nustu vi\u00f0 h\u00e6fi.\u00a0 \u00deannig geta foreldrar og b\u00f6rn leita\u00f0 til eins a\u00f0ila sem hefur yfirs\u00fdn yfir allt \u00fej\u00f3nustukerfi\u00f0.\u00a0 Tengili\u00f0ur \u00ed Andab\u00e6 er \u00c1str\u00ed\u00f0ur Gu\u00f0mundsd\u00f3ttir, leiksk\u00f3lastj\u00f3ri.<\/p>\n<p>&nbsp;<\/p>\n<p>&nbsp;<\/p>\n","protected":false},"excerpt":{"rendered":"<p>\u00cd jan\u00faar 2022 t\u00f3ku \u00ed gildi l\u00f6g um sam\u00fe\u00e6ttingu \u00fej\u00f3nustu \u00ed \u00fe\u00e1gu fars\u00e6ldar bara.\u00a0 L\u00f6gin eiga a\u00f0 sj\u00e1 til \u00feess a\u00f0 b\u00f6rn og for\u00adeldrar hafi grei\u00f0an a\u00f0gang a\u00f0 \u00feeirri \u00fej\u00f3nustu sem \u00feau \u00feurfa og a\u00f0 \u00feau f\u00e1i r\u00e9tta a\u00f0sto\u00f0 \u00e1 r\u00e9ttum t\u00edma, fr\u00e1 r\u00e9ttum a\u00f0ilum.\u00a0 Hver sk\u00f3li er me\u00f0 tengili\u00f0 og skal hann vera a\u00f0gengilegur \u00f6llum b\u00f6rnum og foreldrum og &#8230; <\/p>\n<div><a href=\"https:\/\/dev.borgarbyggd.is\/andabaer\/farsaeld-barna\/\" class=\"more-link\">Read More<\/a><\/div>\n","protected":false},"author":13,"featured_media":0,"parent":0,"menu_order":0,"comment_status":"closed","ping_status":"closed","template":"","meta":{"_acf_changed":false,"footnotes":""},"class_list":["post-598","page","type-page","status-publish","hentry","no-post-thumbnail"],"acf":{"quickaccess":[{"takn":"home","title":"Fars\u00e6ld barna \u00ed Borgarbygg\u00f0","url":"","description":"","skjol":false,"tegund":"https:\/\/borgarbyggd.is\/sidur\/thjonusta\/felagsthjonusta\/samthaett-thjonusta-i-thagu-farsaeldar-barna"},{"takn":"home","title":"Heims\u00ed\u00f0a um fars\u00e6ld barna","url":"","description":"","skjol":false,"tegund":"https:\/\/www.farsaeldbarna.is\/"}]},"yoast_head":"<!-- This site is optimized with the Yoast SEO plugin v24.0 - https:\/\/yoast.com\/wordpress\/plugins\/seo\/ -->\n<title>Fars\u00e6ld barna - Andab\u00e6r<\/title>\n<meta name=\"robots\" content=\"noindex, follow, max-snippet:-1, max-image-preview:large, max-video-preview:-1\" \/>\n<meta property=\"og:locale\" content=\"is_IS\" \/>\n<meta property=\"og:type\" content=\"article\" \/>\n<meta property=\"og:title\" content=\"Fars\u00e6ld barna - Andab\u00e6r\" \/>\n<meta property=\"og:description\" content=\"\u00cd jan\u00faar 2022 t\u00f3ku \u00ed gildi l\u00f6g um sam\u00fe\u00e6ttingu \u00fej\u00f3nustu \u00ed \u00fe\u00e1gu fars\u00e6ldar bara.\u00a0 L\u00f6gin eiga a\u00f0 sj\u00e1 til \u00feess a\u00f0 b\u00f6rn og for\u00adeldrar hafi grei\u00f0an a\u00f0gang a\u00f0 \u00feeirri \u00fej\u00f3nustu sem \u00feau \u00feurfa og a\u00f0 \u00feau f\u00e1i r\u00e9tta a\u00f0sto\u00f0 \u00e1 r\u00e9ttum t\u00edma, fr\u00e1 r\u00e9ttum a\u00f0ilum.\u00a0 Hver sk\u00f3li er me\u00f0 tengili\u00f0 og skal hann vera a\u00f0gengilegur \u00f6llum b\u00f6rnum og foreldrum og ... Read More\" \/>\n<meta property=\"og:url\" content=\"https:\/\/dev.borgarbyggd.is\/andabaer\/farsaeld-barna\/\" \/>\n<meta property=\"og:site_name\" content=\"Andab\u00e6r\" \/>\n<meta property=\"article:modified_time\" content=\"2025-11-27T09:11:22+00:00\" \/>\n<meta name=\"twitter:card\" content=\"summary_large_image\" \/>\n<meta name=\"twitter:label1\" content=\"Est. reading time\" \/>\n\t<meta name=\"twitter:data1\" content=\"1 minute\" \/>\n<script type=\"application\/ld+json\" class=\"yoast-schema-graph\">{\"@context\":\"https:\/\/schema.org\",\"@graph\":[{\"@type\":\"WebPage\",\"@id\":\"https:\/\/dev.borgarbyggd.is\/andabaer\/farsaeld-barna\/\",\"url\":\"https:\/\/dev.borgarbyggd.is\/andabaer\/farsaeld-barna\/\",\"name\":\"Fars\u00e6ld barna - Andab\u00e6r\",\"isPartOf\":{\"@id\":\"https:\/\/dev.borgarbyggd.is\/andabaer\/#website\"},\"datePublished\":\"2024-08-15T10:58:59+00:00\",\"dateModified\":\"2025-11-27T09:11:22+00:00\",\"breadcrumb\":{\"@id\":\"https:\/\/dev.borgarbyggd.is\/andabaer\/farsaeld-barna\/#breadcrumb\"},\"inLanguage\":\"is\",\"potentialAction\":[{\"@type\":\"ReadAction\",\"target\":[\"https:\/\/dev.borgarbyggd.is\/andabaer\/farsaeld-barna\/\"]}]},{\"@type\":\"BreadcrumbList\",\"@id\":\"https:\/\/dev.borgarbyggd.is\/andabaer\/farsaeld-barna\/#breadcrumb\",\"itemListElement\":[{\"@type\":\"ListItem\",\"position\":1,\"name\":\"Home\",\"item\":\"https:\/\/dev.borgarbyggd.is\/andabaer\/\"},{\"@type\":\"ListItem\",\"position\":2,\"name\":\"Fars\u00e6ld barna\"}]},{\"@type\":\"WebSite\",\"@id\":\"https:\/\/dev.borgarbyggd.is\/andabaer\/#website\",\"url\":\"https:\/\/dev.borgarbyggd.is\/andabaer\/\",\"name\":\"Andab\u00e6r\",\"description\":\"\",\"potentialAction\":[{\"@type\":\"SearchAction\",\"target\":{\"@type\":\"EntryPoint\",\"urlTemplate\":\"https:\/\/dev.borgarbyggd.is\/andabaer\/?s={search_term_string}\"},\"query-input\":{\"@type\":\"PropertyValueSpecification\",\"valueRequired\":true,\"valueName\":\"search_term_string\"}}],\"inLanguage\":\"is\"}]}<\/script>\n<!-- \/ Yoast SEO plugin. -->","yoast_head_json":{"title":"Fars\u00e6ld barna - Andab\u00e6r","robots":{"index":"noindex","follow":"follow","max-snippet":"max-snippet:-1","max-image-preview":"max-image-preview:large","max-video-preview":"max-video-preview:-1"},"og_locale":"is_IS","og_type":"article","og_title":"Fars\u00e6ld barna - Andab\u00e6r","og_description":"\u00cd jan\u00faar 2022 t\u00f3ku \u00ed gildi l\u00f6g um sam\u00fe\u00e6ttingu \u00fej\u00f3nustu \u00ed \u00fe\u00e1gu fars\u00e6ldar bara.\u00a0 L\u00f6gin eiga a\u00f0 sj\u00e1 til \u00feess a\u00f0 b\u00f6rn og for\u00adeldrar hafi grei\u00f0an a\u00f0gang a\u00f0 \u00feeirri \u00fej\u00f3nustu sem \u00feau \u00feurfa og a\u00f0 \u00feau f\u00e1i r\u00e9tta a\u00f0sto\u00f0 \u00e1 r\u00e9ttum t\u00edma, fr\u00e1 r\u00e9ttum a\u00f0ilum.\u00a0 Hver sk\u00f3li er me\u00f0 tengili\u00f0 og skal hann vera a\u00f0gengilegur \u00f6llum b\u00f6rnum og foreldrum og ... Read More","og_url":"https:\/\/dev.borgarbyggd.is\/andabaer\/farsaeld-barna\/","og_site_name":"Andab\u00e6r","article_modified_time":"2025-11-27T09:11:22+00:00","twitter_card":"summary_large_image","twitter_misc":{"Est. reading time":"1 minute"},"schema":{"@context":"https:\/\/schema.org","@graph":[{"@type":"WebPage","@id":"https:\/\/dev.borgarbyggd.is\/andabaer\/farsaeld-barna\/","url":"https:\/\/dev.borgarbyggd.is\/andabaer\/farsaeld-barna\/","name":"Fars\u00e6ld barna - Andab\u00e6r","isPartOf":{"@id":"https:\/\/dev.borgarbyggd.is\/andabaer\/#website"},"datePublished":"2024-08-15T10:58:59+00:00","dateModified":"2025-11-27T09:11:22+00:00","breadcrumb":{"@id":"https:\/\/dev.borgarbyggd.is\/andabaer\/farsaeld-barna\/#breadcrumb"},"inLanguage":"is","potentialAction":[{"@type":"ReadAction","target":["https:\/\/dev.borgarbyggd.is\/andabaer\/farsaeld-barna\/"]}]},{"@type":"BreadcrumbList","@id":"https:\/\/dev.borgarbyggd.is\/andabaer\/farsaeld-barna\/#breadcrumb","itemListElement":[{"@type":"ListItem","position":1,"name":"Home","item":"https:\/\/dev.borgarbyggd.is\/andabaer\/"},{"@type":"ListItem","position":2,"name":"Fars\u00e6ld barna"}]},{"@type":"WebSite","@id":"https:\/\/dev.borgarbyggd.is\/andabaer\/#website","url":"https:\/\/dev.borgarbyggd.is\/andabaer\/","name":"Andab\u00e6r","description":"","potentialAction":[{"@type":"SearchAction","target":{"@type":"EntryPoint","urlTemplate":"https:\/\/dev.borgarbyggd.is\/andabaer\/?s={search_term_string}"},"query-input":{"@type":"PropertyValueSpecification","valueRequired":true,"valueName":"search_term_string"}}],"inLanguage":"is"}]}},"_links":{"self":[{"href":"https:\/\/dev.borgarbyggd.is\/andabaer\/wp-json\/wp\/v2\/pages\/598","targetHints":{"allow":["GET"]}}],"collection":[{"href":"https:\/\/dev.borgarbyggd.is\/andabaer\/wp-json\/wp\/v2\/pages"}],"about":[{"href":"https:\/\/dev.borgarbyggd.is\/andabaer\/wp-json\/wp\/v2\/types\/page"}],"author":[{"embeddable":true,"href":"https:\/\/dev.borgarbyggd.is\/andabaer\/wp-json\/wp\/v2\/users\/13"}],"replies":[{"embeddable":true,"href":"https:\/\/dev.borgarbyggd.is\/andabaer\/wp-json\/wp\/v2\/comments?post=598"}],"version-history":[{"count":0,"href":"https:\/\/dev.borgarbyggd.is\/andabaer\/wp-json\/wp\/v2\/pages\/598\/revisions"}],"wp:attachment":[{"href":"https:\/\/dev.borgarbyggd.is\/andabaer\/wp-json\/wp\/v2\/media?parent=598"}],"curies":[{"name":"wp","href":"https:\/\/api.w.org\/{rel}","templated":true}]}}