{"id":58,"date":"2023-08-04T10:00:37","date_gmt":"2023-08-04T10:00:37","guid":{"rendered":"https:\/\/dev.borgarbyggd.is\/andabaer\/?page_id=58"},"modified":"2026-01-05T14:08:30","modified_gmt":"2026-01-05T14:08:30","slug":"foreldrarad","status":"publish","type":"page","link":"https:\/\/dev.borgarbyggd.is\/andabaer\/foreldrar\/foreldrarad\/","title":{"rendered":"Foreldrar\u00e1\u00f0"},"content":{"rendered":"<p><span style=\"text-decoration: underline\">Stj\u00f3rn foreldraf\u00e9lagsins\/foreldrar\u00e1\u00f0:\u00a0<\/span><\/p>\n<p><span data-contrast=\"none\"><b>J\u00f3n\u00edna Sigr\u00ed\u00f0ur \u00deorl\u00e1ksd\u00f3ttir,<\/b> forma\u00f0ur. Netfang: joninasth88@gmail.com\u00a0 \u00a0<\/span><\/p>\n<p><b><span data-contrast=\"none\">Margr\u00e9t Helga Gu\u00f0mundsd\u00f3ttir<\/span><\/b><span data-contrast=\"none\">, gjaldkeri. Netfang: margret.brekkmann@gmail.com\u00a0 \u00a0<\/span><\/p>\n<p><b><span data-contrast=\"none\">\u00c1lfhei\u00f0ur Sverrisd\u00f3ttir<\/span><\/b><span data-contrast=\"none\">, ritari. Netfang: alfheidursverris@gmail.com<\/span><\/p>\n","protected":false},"excerpt":{"rendered":"<p>Stj\u00f3rn foreldraf\u00e9lagsins\/foreldrar\u00e1\u00f0:\u00a0 J\u00f3n\u00edna Sigr\u00ed\u00f0ur \u00deorl\u00e1ksd\u00f3ttir, forma\u00f0ur. Netfang: joninasth88@gmail.com\u00a0 \u00a0 Margr\u00e9t Helga Gu\u00f0mundsd\u00f3ttir, gjaldkeri. Netfang: margret.brekkmann@gmail.com\u00a0 \u00a0 \u00c1lfhei\u00f0ur Sverrisd\u00f3ttir, ritari. Netfang: alfheidursverris@gmail.com<\/p>\n","protected":false},"author":4,"featured_media":0,"parent":54,"menu_order":0,"comment_status":"closed","ping_status":"closed","template":"","meta":{"_acf_changed":false,"footnotes":""},"class_list":["post-58","page","type-page","status-publish","hentry","no-post-thumbnail"],"acf":{"quickaccess":false},"yoast_head":"<!-- This site is optimized with the Yoast SEO plugin v24.0 - https:\/\/yoast.com\/wordpress\/plugins\/seo\/ -->\n<title>Foreldrar\u00e1\u00f0 - Andab\u00e6r<\/title>\n<meta name=\"robots\" content=\"noindex, follow, max-snippet:-1, max-image-preview:large, max-video-preview:-1\" \/>\n<meta property=\"og:locale\" content=\"is_IS\" \/>\n<meta property=\"og:type\" content=\"article\" \/>\n<meta property=\"og:title\" content=\"Foreldrar\u00e1\u00f0 - Andab\u00e6r\" \/>\n<meta property=\"og:description\" content=\"Stj\u00f3rn foreldraf\u00e9lagsins\/foreldrar\u00e1\u00f0:\u00a0 J\u00f3n\u00edna Sigr\u00ed\u00f0ur \u00deorl\u00e1ksd\u00f3ttir, forma\u00f0ur. Netfang: joninasth88@gmail.com\u00a0 \u00a0 Margr\u00e9t Helga Gu\u00f0mundsd\u00f3ttir, gjaldkeri. Netfang: margret.brekkmann@gmail.com\u00a0 \u00a0 \u00c1lfhei\u00f0ur Sverrisd\u00f3ttir, ritari. Netfang: alfheidursverris@gmail.com\" \/>\n<meta property=\"og:url\" content=\"https:\/\/dev.borgarbyggd.is\/andabaer\/foreldrar\/foreldrarad\/\" \/>\n<meta property=\"og:site_name\" content=\"Andab\u00e6r\" \/>\n<meta property=\"article:modified_time\" content=\"2026-01-05T14:08:30+00:00\" \/>\n<meta name=\"twitter:card\" content=\"summary_large_image\" \/>\n<meta name=\"twitter:label1\" content=\"Est. reading time\" \/>\n\t<meta name=\"twitter:data1\" content=\"1 minute\" \/>\n<script type=\"application\/ld+json\" class=\"yoast-schema-graph\">{\"@context\":\"https:\/\/schema.org\",\"@graph\":[{\"@type\":\"WebPage\",\"@id\":\"https:\/\/dev.borgarbyggd.is\/andabaer\/foreldrar\/foreldrarad\/\",\"url\":\"https:\/\/dev.borgarbyggd.is\/andabaer\/foreldrar\/foreldrarad\/\",\"name\":\"Foreldrar\u00e1\u00f0 - Andab\u00e6r\",\"isPartOf\":{\"@id\":\"https:\/\/dev.borgarbyggd.is\/andabaer\/#website\"},\"datePublished\":\"2023-08-04T10:00:37+00:00\",\"dateModified\":\"2026-01-05T14:08:30+00:00\",\"breadcrumb\":{\"@id\":\"https:\/\/dev.borgarbyggd.is\/andabaer\/foreldrar\/foreldrarad\/#breadcrumb\"},\"inLanguage\":\"is\",\"potentialAction\":[{\"@type\":\"ReadAction\",\"target\":[\"https:\/\/dev.borgarbyggd.is\/andabaer\/foreldrar\/foreldrarad\/\"]}]},{\"@type\":\"BreadcrumbList\",\"@id\":\"https:\/\/dev.borgarbyggd.is\/andabaer\/foreldrar\/foreldrarad\/#breadcrumb\",\"itemListElement\":[{\"@type\":\"ListItem\",\"position\":1,\"name\":\"Home\",\"item\":\"https:\/\/dev.borgarbyggd.is\/andabaer\/\"},{\"@type\":\"ListItem\",\"position\":2,\"name\":\"Foreldrar\",\"item\":\"https:\/\/dev.borgarbyggd.is\/andabaer\/foreldrar\/\"},{\"@type\":\"ListItem\",\"position\":3,\"name\":\"Foreldrar\u00e1\u00f0\"}]},{\"@type\":\"WebSite\",\"@id\":\"https:\/\/dev.borgarbyggd.is\/andabaer\/#website\",\"url\":\"https:\/\/dev.borgarbyggd.is\/andabaer\/\",\"name\":\"Andab\u00e6r\",\"description\":\"\",\"potentialAction\":[{\"@type\":\"SearchAction\",\"target\":{\"@type\":\"EntryPoint\",\"urlTemplate\":\"https:\/\/dev.borgarbyggd.is\/andabaer\/?s={search_term_string}\"},\"query-input\":{\"@type\":\"PropertyValueSpecification\",\"valueRequired\":true,\"valueName\":\"search_term_string\"}}],\"inLanguage\":\"is\"}]}<\/script>\n<!-- \/ Yoast SEO plugin. -->","yoast_head_json":{"title":"Foreldrar\u00e1\u00f0 - Andab\u00e6r","robots":{"index":"noindex","follow":"follow","max-snippet":"max-snippet:-1","max-image-preview":"max-image-preview:large","max-video-preview":"max-video-preview:-1"},"og_locale":"is_IS","og_type":"article","og_title":"Foreldrar\u00e1\u00f0 - Andab\u00e6r","og_description":"Stj\u00f3rn foreldraf\u00e9lagsins\/foreldrar\u00e1\u00f0:\u00a0 J\u00f3n\u00edna Sigr\u00ed\u00f0ur \u00deorl\u00e1ksd\u00f3ttir, forma\u00f0ur. Netfang: joninasth88@gmail.com\u00a0 \u00a0 Margr\u00e9t Helga Gu\u00f0mundsd\u00f3ttir, gjaldkeri. Netfang: margret.brekkmann@gmail.com\u00a0 \u00a0 \u00c1lfhei\u00f0ur Sverrisd\u00f3ttir, ritari. Netfang: alfheidursverris@gmail.com","og_url":"https:\/\/dev.borgarbyggd.is\/andabaer\/foreldrar\/foreldrarad\/","og_site_name":"Andab\u00e6r","article_modified_time":"2026-01-05T14:08:30+00:00","twitter_card":"summary_large_image","twitter_misc":{"Est. reading time":"1 minute"},"schema":{"@context":"https:\/\/schema.org","@graph":[{"@type":"WebPage","@id":"https:\/\/dev.borgarbyggd.is\/andabaer\/foreldrar\/foreldrarad\/","url":"https:\/\/dev.borgarbyggd.is\/andabaer\/foreldrar\/foreldrarad\/","name":"Foreldrar\u00e1\u00f0 - Andab\u00e6r","isPartOf":{"@id":"https:\/\/dev.borgarbyggd.is\/andabaer\/#website"},"datePublished":"2023-08-04T10:00:37+00:00","dateModified":"2026-01-05T14:08:30+00:00","breadcrumb":{"@id":"https:\/\/dev.borgarbyggd.is\/andabaer\/foreldrar\/foreldrarad\/#breadcrumb"},"inLanguage":"is","potentialAction":[{"@type":"ReadAction","target":["https:\/\/dev.borgarbyggd.is\/andabaer\/foreldrar\/foreldrarad\/"]}]},{"@type":"BreadcrumbList","@id":"https:\/\/dev.borgarbyggd.is\/andabaer\/foreldrar\/foreldrarad\/#breadcrumb","itemListElement":[{"@type":"ListItem","position":1,"name":"Home","item":"https:\/\/dev.borgarbyggd.is\/andabaer\/"},{"@type":"ListItem","position":2,"name":"Foreldrar","item":"https:\/\/dev.borgarbyggd.is\/andabaer\/foreldrar\/"},{"@type":"ListItem","position":3,"name":"Foreldrar\u00e1\u00f0"}]},{"@type":"WebSite","@id":"https:\/\/dev.borgarbyggd.is\/andabaer\/#website","url":"https:\/\/dev.borgarbyggd.is\/andabaer\/","name":"Andab\u00e6r","description":"","potentialAction":[{"@type":"SearchAction","target":{"@type":"EntryPoint","urlTemplate":"https:\/\/dev.borgarbyggd.is\/andabaer\/?s={search_term_string}"},"query-input":{"@type":"PropertyValueSpecification","valueRequired":true,"valueName":"search_term_string"}}],"inLanguage":"is"}]}},"_links":{"self":[{"href":"https:\/\/dev.borgarbyggd.is\/andabaer\/wp-json\/wp\/v2\/pages\/58","targetHints":{"allow":["GET"]}}],"collection":[{"href":"https:\/\/dev.borgarbyggd.is\/andabaer\/wp-json\/wp\/v2\/pages"}],"about":[{"href":"https:\/\/dev.borgarbyggd.is\/andabaer\/wp-json\/wp\/v2\/types\/page"}],"author":[{"embeddable":true,"href":"https:\/\/dev.borgarbyggd.is\/andabaer\/wp-json\/wp\/v2\/users\/4"}],"replies":[{"embeddable":true,"href":"https:\/\/dev.borgarbyggd.is\/andabaer\/wp-json\/wp\/v2\/comments?post=58"}],"version-history":[{"count":0,"href":"https:\/\/dev.borgarbyggd.is\/andabaer\/wp-json\/wp\/v2\/pages\/58\/revisions"}],"up":[{"embeddable":true,"href":"https:\/\/dev.borgarbyggd.is\/andabaer\/wp-json\/wp\/v2\/pages\/54"}],"wp:attachment":[{"href":"https:\/\/dev.borgarbyggd.is\/andabaer\/wp-json\/wp\/v2\/media?parent=58"}],"curies":[{"name":"wp","href":"https:\/\/api.w.org\/{rel}","templated":true}]}}