{"id":57,"date":"2023-08-04T09:59:45","date_gmt":"2023-08-04T09:59:45","guid":{"rendered":"https:\/\/dev.borgarbyggd.is\/andabaer\/?page_id=57"},"modified":"2024-09-24T09:32:35","modified_gmt":"2024-09-24T09:32:35","slug":"log-foreldrafelags-andabaejar","status":"publish","type":"page","link":"https:\/\/dev.borgarbyggd.is\/andabaer\/foreldrar\/log-foreldrafelags-andabaejar\/","title":{"rendered":"L\u00f6g foreldraf\u00e9lags Andab\u00e6jar"},"content":{"rendered":"<p><b><span data-contrast=\"none\">L\u00f6g um leiksk\u00f3la 2008nr.90 12.j\u00fan\u00ed<\/span><\/b><span data-ccp-props=\"{&quot;134233117&quot;:false,&quot;134233118&quot;:false,&quot;201341983&quot;:0,&quot;335559738&quot;:0,&quot;335559739&quot;:150,&quot;335559740&quot;:240}\">\u00a0<\/span><\/p>\n<ol>\n<li><b><span data-contrast=\"none\"> kafli.<\/span><\/b><span data-contrast=\"none\">\u202f<\/span><b><span data-contrast=\"none\">Foreldrar og foreldrar\u00e1\u00f0<\/span><\/b><\/li>\n<\/ol>\n<p><b><span data-contrast=\"none\">9. gr.<\/span><\/b><span data-contrast=\"none\">\u202f<\/span><i><span data-contrast=\"none\">Foreldrar.<\/span><\/i><br \/>\n<span data-contrast=\"none\">\u202fForeldrar leiksk\u00f3labarna skulu g\u00e6ta hagsmuna barna sinna. \u00deeir skulu hafa n\u00e1i\u00f0 samr\u00e1\u00f0 vi\u00f0 starfsf\u00f3lk leiksk\u00f3la og fylgjast me\u00f0 sk\u00f3lag\u00f6ngu barna sinna og veita \u00fe\u00e6r uppl\u00fdsingar sem kunna a\u00f0 skipta m\u00e1li fyrir sk\u00f3lastarfi\u00f0 og velfer\u00f0 barna. Foreldrar skulu jafnframt eiga r\u00e9tt \u00e1 uppl\u00fdsingum um sk\u00f3lastarfi\u00f0 og st\u00f6\u00f0u barna sinna. [Um r\u00e9tt foreldris sem ekki fer me\u00f0 forsj\u00e1 barns til uppl\u00fdsinga um barn sitt samkv\u00e6mt \u00feessum l\u00f6gum fer samkv\u00e6mt fyrirm\u00e6lum\u202f<\/span><a href=\"http:\/\/www.althingi.is\/lagas\/nuna\/2003076.html#G52\"><span data-contrast=\"none\">52. gr. barnalaga, nr. 76\/2003<\/span><\/a><span data-contrast=\"none\">.]\u202f<\/span><span data-contrast=\"none\">1)<\/span><br \/>\n<span data-contrast=\"none\">\u202fEigi \u00ed hlut foreldrar sem tala ekki \u00edslensku e\u00f0a nota t\u00e1knm\u00e1l skal sk\u00f3li leitast vi\u00f0 a\u00f0 tryggja \u00feeim t\u00falkun \u00e1 uppl\u00fdsingum sem nau\u00f0synlegar eru vegna samskipta foreldra og sk\u00f3la samkv\u00e6mt \u00feessari grein.<\/span><br \/>\n<i><span data-contrast=\"none\">1)<\/span><\/i><a href=\"http:\/\/www.althingi.is\/altext\/stjt\/2009.038.html\"><i><span data-contrast=\"none\">L. 38\/2009, 1. gr.<\/span><\/i><\/a><br \/>\n<b><\/b><\/p>\n<p><b><span data-contrast=\"none\">10. gr.<\/span><\/b><span data-contrast=\"none\">\u202f<\/span><i><span data-contrast=\"none\">Samstarf foreldra og starfsf\u00f3lks.<\/span><\/i><br \/>\n<span data-contrast=\"none\">\u202fLeiksk\u00f3lastj\u00f3ri skal stu\u00f0la a\u00f0 samstarfi milli foreldra og starfsf\u00f3lks leiksk\u00f3la me\u00f0 velfer\u00f0 barna a\u00f0 markmi\u00f0i. S\u00e9 \u00f3ska\u00f0 eftir stofnun foreldraf\u00e9lags skal leiksk\u00f3lastj\u00f3ri a\u00f0sto\u00f0a vi\u00f0 stofnun \u00feess.<\/span><br \/>\n<b><\/b><\/p>\n<p><b><span data-contrast=\"none\">11. gr.<\/span><\/b><span data-contrast=\"none\">\u202f<\/span><i><span data-contrast=\"none\">Foreldrar\u00e1\u00f0.<\/span><\/i><br \/>\n<span data-contrast=\"none\">\u202fKj\u00f3sa skal foreldrar\u00e1\u00f0 vi\u00f0 leiksk\u00f3la og skal leiksk\u00f3lastj\u00f3ri hafa frumkv\u00e6\u00f0i a\u00f0 kosningu \u00ed r\u00e1\u00f0i\u00f0. \u00cd foreldrar\u00e1\u00f0i sitja a\u00f0 l\u00e1gmarki \u00fer\u00edr foreldrar. Skal kosning til foreldrar\u00e1\u00f0s fara fram \u00ed september \u00e1 \u00e1ri hverju og skal kosi\u00f0 til eins \u00e1rs \u00ed senn. Foreldrar\u00e1\u00f0 setur s\u00e9r starfsreglur. Leiksk\u00f3lastj\u00f3ra ber a\u00f0 starfa me\u00f0 foreldrar\u00e1\u00f0i. Leiksk\u00f3lastj\u00f3ri getur s\u00f3tt um undan\u00fe\u00e1gu til sveitarf\u00e9lags um stofnun foreldrar\u00e1\u00f0s ef gildar \u00e1st\u00e6\u00f0ur eru fyrir hendi, svo sem vegna f\u00e1mennis \u00ed leiksk\u00f3la.<\/span><br \/>\n<span data-contrast=\"none\">\u202fHlutverk foreldrar\u00e1\u00f0s er a\u00f0 gefa umsagnir til leiksk\u00f3la og nefndar, sbr. 2. mgr. 4. gr., um sk\u00f3lan\u00e1mskr\u00e1 og a\u00f0rar \u00e1\u00e6tlanir sem var\u00f0a starfsemi leiksk\u00f3lans. \u00de\u00e1 skal r\u00e1\u00f0i\u00f0 fylgjast me\u00f0 framkv\u00e6md sk\u00f3lan\u00e1mskr\u00e1r og annarra \u00e1\u00e6tlana innan leiksk\u00f3lans og kynningu \u00feeirra fyrir foreldrum. Foreldrar\u00e1\u00f0 hefur umsagnarr\u00e9tt um allar meiri h\u00e1ttar breytingar \u00e1 leiksk\u00f3lastarfi.<\/span><span data-ccp-props=\"{&quot;134233117&quot;:false,&quot;134233118&quot;:false,&quot;201341983&quot;:0,&quot;335559738&quot;:0,&quot;335559739&quot;:150,&quot;335559740&quot;:240}\">\u00a0<\/span><\/p>\n<p><span data-ccp-props=\"{&quot;201341983&quot;:0,&quot;335559739&quot;:160,&quot;335559740&quot;:259}\">\u00a0<\/span><\/p>\n","protected":false},"excerpt":{"rendered":"<p>L\u00f6g um leiksk\u00f3la 2008nr.90 12.j\u00fan\u00ed\u00a0 kafli.\u202fForeldrar og foreldrar\u00e1\u00f0 9. gr.\u202fForeldrar. \u202fForeldrar leiksk\u00f3labarna skulu g\u00e6ta hagsmuna barna sinna. \u00deeir skulu hafa n\u00e1i\u00f0 samr\u00e1\u00f0 vi\u00f0 starfsf\u00f3lk leiksk\u00f3la og fylgjast me\u00f0 sk\u00f3lag\u00f6ngu barna sinna og veita \u00fe\u00e6r uppl\u00fdsingar sem kunna a\u00f0 skipta m\u00e1li fyrir sk\u00f3lastarfi\u00f0 og velfer\u00f0 barna. Foreldrar skulu jafnframt eiga r\u00e9tt \u00e1 uppl\u00fdsingum um sk\u00f3lastarfi\u00f0 og st\u00f6\u00f0u barna sinna. [Um r\u00e9tt &#8230; <\/p>\n<div><a href=\"https:\/\/dev.borgarbyggd.is\/andabaer\/foreldrar\/log-foreldrafelags-andabaejar\/\" class=\"more-link\">Read More<\/a><\/div>\n","protected":false},"author":4,"featured_media":0,"parent":54,"menu_order":0,"comment_status":"closed","ping_status":"closed","template":"","meta":{"_acf_changed":false,"footnotes":""},"class_list":["post-57","page","type-page","status-publish","hentry","no-post-thumbnail"],"acf":{"quickaccess":[{"takn":"search","title":"L\u00f6g foreldraf\u00e9lags Andab\u00e6jar","url":"","description":"","skjol":"https:\/\/dev.borgarbyggd.is\/andabaer\/wp-content\/uploads\/sites\/4\/2024\/09\/log-foreldrafelagsins.pdf","tegund":""}]},"yoast_head":"<!-- This site is optimized with the Yoast SEO plugin v24.0 - https:\/\/yoast.com\/wordpress\/plugins\/seo\/ -->\n<title>L\u00f6g foreldraf\u00e9lags Andab\u00e6jar - Andab\u00e6r<\/title>\n<meta name=\"robots\" content=\"noindex, follow, max-snippet:-1, max-image-preview:large, max-video-preview:-1\" \/>\n<meta property=\"og:locale\" content=\"is_IS\" \/>\n<meta property=\"og:type\" content=\"article\" \/>\n<meta property=\"og:title\" content=\"L\u00f6g foreldraf\u00e9lags Andab\u00e6jar - Andab\u00e6r\" \/>\n<meta property=\"og:description\" content=\"L\u00f6g um leiksk\u00f3la 2008nr.90 12.j\u00fan\u00ed\u00a0 kafli.\u202fForeldrar og foreldrar\u00e1\u00f0 9. gr.\u202fForeldrar. \u202fForeldrar leiksk\u00f3labarna skulu g\u00e6ta hagsmuna barna sinna. \u00deeir skulu hafa n\u00e1i\u00f0 samr\u00e1\u00f0 vi\u00f0 starfsf\u00f3lk leiksk\u00f3la og fylgjast me\u00f0 sk\u00f3lag\u00f6ngu barna sinna og veita \u00fe\u00e6r uppl\u00fdsingar sem kunna a\u00f0 skipta m\u00e1li fyrir sk\u00f3lastarfi\u00f0 og velfer\u00f0 barna. Foreldrar skulu jafnframt eiga r\u00e9tt \u00e1 uppl\u00fdsingum um sk\u00f3lastarfi\u00f0 og st\u00f6\u00f0u barna sinna. [Um r\u00e9tt ... Read More\" \/>\n<meta property=\"og:url\" content=\"https:\/\/dev.borgarbyggd.is\/andabaer\/foreldrar\/log-foreldrafelags-andabaejar\/\" \/>\n<meta property=\"og:site_name\" content=\"Andab\u00e6r\" \/>\n<meta property=\"article:modified_time\" content=\"2024-09-24T09:32:35+00:00\" \/>\n<meta name=\"twitter:card\" content=\"summary_large_image\" \/>\n<meta name=\"twitter:label1\" content=\"Est. reading time\" \/>\n\t<meta name=\"twitter:data1\" content=\"2 minutes\" \/>\n<script type=\"application\/ld+json\" class=\"yoast-schema-graph\">{\"@context\":\"https:\/\/schema.org\",\"@graph\":[{\"@type\":\"WebPage\",\"@id\":\"https:\/\/dev.borgarbyggd.is\/andabaer\/foreldrar\/log-foreldrafelags-andabaejar\/\",\"url\":\"https:\/\/dev.borgarbyggd.is\/andabaer\/foreldrar\/log-foreldrafelags-andabaejar\/\",\"name\":\"L\u00f6g foreldraf\u00e9lags Andab\u00e6jar - Andab\u00e6r\",\"isPartOf\":{\"@id\":\"https:\/\/dev.borgarbyggd.is\/andabaer\/#website\"},\"datePublished\":\"2023-08-04T09:59:45+00:00\",\"dateModified\":\"2024-09-24T09:32:35+00:00\",\"breadcrumb\":{\"@id\":\"https:\/\/dev.borgarbyggd.is\/andabaer\/foreldrar\/log-foreldrafelags-andabaejar\/#breadcrumb\"},\"inLanguage\":\"is\",\"potentialAction\":[{\"@type\":\"ReadAction\",\"target\":[\"https:\/\/dev.borgarbyggd.is\/andabaer\/foreldrar\/log-foreldrafelags-andabaejar\/\"]}]},{\"@type\":\"BreadcrumbList\",\"@id\":\"https:\/\/dev.borgarbyggd.is\/andabaer\/foreldrar\/log-foreldrafelags-andabaejar\/#breadcrumb\",\"itemListElement\":[{\"@type\":\"ListItem\",\"position\":1,\"name\":\"Home\",\"item\":\"https:\/\/dev.borgarbyggd.is\/andabaer\/\"},{\"@type\":\"ListItem\",\"position\":2,\"name\":\"Foreldrar\",\"item\":\"https:\/\/dev.borgarbyggd.is\/andabaer\/foreldrar\/\"},{\"@type\":\"ListItem\",\"position\":3,\"name\":\"L\u00f6g foreldraf\u00e9lags Andab\u00e6jar\"}]},{\"@type\":\"WebSite\",\"@id\":\"https:\/\/dev.borgarbyggd.is\/andabaer\/#website\",\"url\":\"https:\/\/dev.borgarbyggd.is\/andabaer\/\",\"name\":\"Andab\u00e6r\",\"description\":\"\",\"potentialAction\":[{\"@type\":\"SearchAction\",\"target\":{\"@type\":\"EntryPoint\",\"urlTemplate\":\"https:\/\/dev.borgarbyggd.is\/andabaer\/?s={search_term_string}\"},\"query-input\":{\"@type\":\"PropertyValueSpecification\",\"valueRequired\":true,\"valueName\":\"search_term_string\"}}],\"inLanguage\":\"is\"}]}<\/script>\n<!-- \/ Yoast SEO plugin. -->","yoast_head_json":{"title":"L\u00f6g foreldraf\u00e9lags Andab\u00e6jar - Andab\u00e6r","robots":{"index":"noindex","follow":"follow","max-snippet":"max-snippet:-1","max-image-preview":"max-image-preview:large","max-video-preview":"max-video-preview:-1"},"og_locale":"is_IS","og_type":"article","og_title":"L\u00f6g foreldraf\u00e9lags Andab\u00e6jar - Andab\u00e6r","og_description":"L\u00f6g um leiksk\u00f3la 2008nr.90 12.j\u00fan\u00ed\u00a0 kafli.\u202fForeldrar og foreldrar\u00e1\u00f0 9. gr.\u202fForeldrar. \u202fForeldrar leiksk\u00f3labarna skulu g\u00e6ta hagsmuna barna sinna. \u00deeir skulu hafa n\u00e1i\u00f0 samr\u00e1\u00f0 vi\u00f0 starfsf\u00f3lk leiksk\u00f3la og fylgjast me\u00f0 sk\u00f3lag\u00f6ngu barna sinna og veita \u00fe\u00e6r uppl\u00fdsingar sem kunna a\u00f0 skipta m\u00e1li fyrir sk\u00f3lastarfi\u00f0 og velfer\u00f0 barna. Foreldrar skulu jafnframt eiga r\u00e9tt \u00e1 uppl\u00fdsingum um sk\u00f3lastarfi\u00f0 og st\u00f6\u00f0u barna sinna. [Um r\u00e9tt ... Read More","og_url":"https:\/\/dev.borgarbyggd.is\/andabaer\/foreldrar\/log-foreldrafelags-andabaejar\/","og_site_name":"Andab\u00e6r","article_modified_time":"2024-09-24T09:32:35+00:00","twitter_card":"summary_large_image","twitter_misc":{"Est. reading time":"2 minutes"},"schema":{"@context":"https:\/\/schema.org","@graph":[{"@type":"WebPage","@id":"https:\/\/dev.borgarbyggd.is\/andabaer\/foreldrar\/log-foreldrafelags-andabaejar\/","url":"https:\/\/dev.borgarbyggd.is\/andabaer\/foreldrar\/log-foreldrafelags-andabaejar\/","name":"L\u00f6g foreldraf\u00e9lags Andab\u00e6jar - Andab\u00e6r","isPartOf":{"@id":"https:\/\/dev.borgarbyggd.is\/andabaer\/#website"},"datePublished":"2023-08-04T09:59:45+00:00","dateModified":"2024-09-24T09:32:35+00:00","breadcrumb":{"@id":"https:\/\/dev.borgarbyggd.is\/andabaer\/foreldrar\/log-foreldrafelags-andabaejar\/#breadcrumb"},"inLanguage":"is","potentialAction":[{"@type":"ReadAction","target":["https:\/\/dev.borgarbyggd.is\/andabaer\/foreldrar\/log-foreldrafelags-andabaejar\/"]}]},{"@type":"BreadcrumbList","@id":"https:\/\/dev.borgarbyggd.is\/andabaer\/foreldrar\/log-foreldrafelags-andabaejar\/#breadcrumb","itemListElement":[{"@type":"ListItem","position":1,"name":"Home","item":"https:\/\/dev.borgarbyggd.is\/andabaer\/"},{"@type":"ListItem","position":2,"name":"Foreldrar","item":"https:\/\/dev.borgarbyggd.is\/andabaer\/foreldrar\/"},{"@type":"ListItem","position":3,"name":"L\u00f6g foreldraf\u00e9lags Andab\u00e6jar"}]},{"@type":"WebSite","@id":"https:\/\/dev.borgarbyggd.is\/andabaer\/#website","url":"https:\/\/dev.borgarbyggd.is\/andabaer\/","name":"Andab\u00e6r","description":"","potentialAction":[{"@type":"SearchAction","target":{"@type":"EntryPoint","urlTemplate":"https:\/\/dev.borgarbyggd.is\/andabaer\/?s={search_term_string}"},"query-input":{"@type":"PropertyValueSpecification","valueRequired":true,"valueName":"search_term_string"}}],"inLanguage":"is"}]}},"_links":{"self":[{"href":"https:\/\/dev.borgarbyggd.is\/andabaer\/wp-json\/wp\/v2\/pages\/57","targetHints":{"allow":["GET"]}}],"collection":[{"href":"https:\/\/dev.borgarbyggd.is\/andabaer\/wp-json\/wp\/v2\/pages"}],"about":[{"href":"https:\/\/dev.borgarbyggd.is\/andabaer\/wp-json\/wp\/v2\/types\/page"}],"author":[{"embeddable":true,"href":"https:\/\/dev.borgarbyggd.is\/andabaer\/wp-json\/wp\/v2\/users\/4"}],"replies":[{"embeddable":true,"href":"https:\/\/dev.borgarbyggd.is\/andabaer\/wp-json\/wp\/v2\/comments?post=57"}],"version-history":[{"count":0,"href":"https:\/\/dev.borgarbyggd.is\/andabaer\/wp-json\/wp\/v2\/pages\/57\/revisions"}],"up":[{"embeddable":true,"href":"https:\/\/dev.borgarbyggd.is\/andabaer\/wp-json\/wp\/v2\/pages\/54"}],"wp:attachment":[{"href":"https:\/\/dev.borgarbyggd.is\/andabaer\/wp-json\/wp\/v2\/media?parent=57"}],"curies":[{"name":"wp","href":"https:\/\/api.w.org\/{rel}","templated":true}]}}