{"id":54,"date":"2023-08-04T09:55:08","date_gmt":"2023-08-04T09:55:08","guid":{"rendered":"https:\/\/dev.borgarbyggd.is\/andabaer\/?page_id=54"},"modified":"2024-08-16T08:59:23","modified_gmt":"2024-08-16T08:59:23","slug":"foreldrar","status":"publish","type":"page","link":"https:\/\/dev.borgarbyggd.is\/andabaer\/foreldrar\/","title":{"rendered":"Foreldrar"},"content":{"rendered":"<p>Foreldrar\u00e1\u00f0\u202fer starfandi \u00ed leiksk\u00f3lanum samkv. l\u00f6gum um leiksk\u00f3la nr. 90\/2008. Foreldrar\u00e1\u00f0 er kosi\u00f0 a\u00f0 hausti, \u00fear sem leiksk\u00f3linn er l\u00edtill \u00fe\u00e1 er\u202fforeldraf\u00e9lagi\u00f0\u202feinnig foreldrar\u00e1\u00f0.<\/p>\n<p>\u00cd foreldrar\u00e1\u00f0i sitja a\u00f0 l\u00e1marki \u00fer\u00edr foreldrar og starfar leiksk\u00f3lastj\u00f3ri me\u00f0 foreldrar\u00e1\u00f0inu.<\/p>\n","protected":false},"excerpt":{"rendered":"<p>Foreldrar\u00e1\u00f0\u202fer starfandi \u00ed leiksk\u00f3lanum samkv. l\u00f6gum um leiksk\u00f3la nr. 90\/2008. Foreldrar\u00e1\u00f0 er kosi\u00f0 a\u00f0 hausti, \u00fear sem leiksk\u00f3linn er l\u00edtill \u00fe\u00e1 er\u202fforeldraf\u00e9lagi\u00f0\u202feinnig foreldrar\u00e1\u00f0. \u00cd foreldrar\u00e1\u00f0i sitja a\u00f0 l\u00e1marki \u00fer\u00edr foreldrar og starfar leiksk\u00f3lastj\u00f3ri me\u00f0 foreldrar\u00e1\u00f0inu.<\/p>\n","protected":false},"author":4,"featured_media":0,"parent":0,"menu_order":0,"comment_status":"closed","ping_status":"closed","template":"","meta":{"_acf_changed":false,"footnotes":""},"class_list":["post-54","page","type-page","status-publish","hentry","no-post-thumbnail"],"acf":{"quickaccess":false},"yoast_head":"<!-- This site is optimized with the Yoast SEO plugin v24.0 - https:\/\/yoast.com\/wordpress\/plugins\/seo\/ -->\n<title>Foreldrar - Andab\u00e6r<\/title>\n<meta name=\"robots\" content=\"noindex, follow, max-snippet:-1, max-image-preview:large, max-video-preview:-1\" \/>\n<meta property=\"og:locale\" content=\"is_IS\" \/>\n<meta property=\"og:type\" content=\"article\" \/>\n<meta property=\"og:title\" content=\"Foreldrar - Andab\u00e6r\" \/>\n<meta property=\"og:description\" content=\"Foreldrar\u00e1\u00f0\u202fer starfandi \u00ed leiksk\u00f3lanum samkv. l\u00f6gum um leiksk\u00f3la nr. 90\/2008. Foreldrar\u00e1\u00f0 er kosi\u00f0 a\u00f0 hausti, \u00fear sem leiksk\u00f3linn er l\u00edtill \u00fe\u00e1 er\u202fforeldraf\u00e9lagi\u00f0\u202feinnig foreldrar\u00e1\u00f0. \u00cd foreldrar\u00e1\u00f0i sitja a\u00f0 l\u00e1marki \u00fer\u00edr foreldrar og starfar leiksk\u00f3lastj\u00f3ri me\u00f0 foreldrar\u00e1\u00f0inu.\" \/>\n<meta property=\"og:url\" content=\"https:\/\/dev.borgarbyggd.is\/andabaer\/foreldrar\/\" \/>\n<meta property=\"og:site_name\" content=\"Andab\u00e6r\" \/>\n<meta property=\"article:modified_time\" content=\"2024-08-16T08:59:23+00:00\" \/>\n<meta name=\"twitter:card\" content=\"summary_large_image\" \/>\n<meta name=\"twitter:label1\" content=\"Est. reading time\" \/>\n\t<meta name=\"twitter:data1\" content=\"1 minute\" \/>\n<script type=\"application\/ld+json\" class=\"yoast-schema-graph\">{\"@context\":\"https:\/\/schema.org\",\"@graph\":[{\"@type\":\"WebPage\",\"@id\":\"https:\/\/dev.borgarbyggd.is\/andabaer\/foreldrar\/\",\"url\":\"https:\/\/dev.borgarbyggd.is\/andabaer\/foreldrar\/\",\"name\":\"Foreldrar - Andab\u00e6r\",\"isPartOf\":{\"@id\":\"https:\/\/dev.borgarbyggd.is\/andabaer\/#website\"},\"datePublished\":\"2023-08-04T09:55:08+00:00\",\"dateModified\":\"2024-08-16T08:59:23+00:00\",\"breadcrumb\":{\"@id\":\"https:\/\/dev.borgarbyggd.is\/andabaer\/foreldrar\/#breadcrumb\"},\"inLanguage\":\"is\",\"potentialAction\":[{\"@type\":\"ReadAction\",\"target\":[\"https:\/\/dev.borgarbyggd.is\/andabaer\/foreldrar\/\"]}]},{\"@type\":\"BreadcrumbList\",\"@id\":\"https:\/\/dev.borgarbyggd.is\/andabaer\/foreldrar\/#breadcrumb\",\"itemListElement\":[{\"@type\":\"ListItem\",\"position\":1,\"name\":\"Home\",\"item\":\"https:\/\/dev.borgarbyggd.is\/andabaer\/\"},{\"@type\":\"ListItem\",\"position\":2,\"name\":\"Foreldrar\"}]},{\"@type\":\"WebSite\",\"@id\":\"https:\/\/dev.borgarbyggd.is\/andabaer\/#website\",\"url\":\"https:\/\/dev.borgarbyggd.is\/andabaer\/\",\"name\":\"Andab\u00e6r\",\"description\":\"\",\"potentialAction\":[{\"@type\":\"SearchAction\",\"target\":{\"@type\":\"EntryPoint\",\"urlTemplate\":\"https:\/\/dev.borgarbyggd.is\/andabaer\/?s={search_term_string}\"},\"query-input\":{\"@type\":\"PropertyValueSpecification\",\"valueRequired\":true,\"valueName\":\"search_term_string\"}}],\"inLanguage\":\"is\"}]}<\/script>\n<!-- \/ Yoast SEO plugin. -->","yoast_head_json":{"title":"Foreldrar - Andab\u00e6r","robots":{"index":"noindex","follow":"follow","max-snippet":"max-snippet:-1","max-image-preview":"max-image-preview:large","max-video-preview":"max-video-preview:-1"},"og_locale":"is_IS","og_type":"article","og_title":"Foreldrar - Andab\u00e6r","og_description":"Foreldrar\u00e1\u00f0\u202fer starfandi \u00ed leiksk\u00f3lanum samkv. l\u00f6gum um leiksk\u00f3la nr. 90\/2008. Foreldrar\u00e1\u00f0 er kosi\u00f0 a\u00f0 hausti, \u00fear sem leiksk\u00f3linn er l\u00edtill \u00fe\u00e1 er\u202fforeldraf\u00e9lagi\u00f0\u202feinnig foreldrar\u00e1\u00f0. \u00cd foreldrar\u00e1\u00f0i sitja a\u00f0 l\u00e1marki \u00fer\u00edr foreldrar og starfar leiksk\u00f3lastj\u00f3ri me\u00f0 foreldrar\u00e1\u00f0inu.","og_url":"https:\/\/dev.borgarbyggd.is\/andabaer\/foreldrar\/","og_site_name":"Andab\u00e6r","article_modified_time":"2024-08-16T08:59:23+00:00","twitter_card":"summary_large_image","twitter_misc":{"Est. reading time":"1 minute"},"schema":{"@context":"https:\/\/schema.org","@graph":[{"@type":"WebPage","@id":"https:\/\/dev.borgarbyggd.is\/andabaer\/foreldrar\/","url":"https:\/\/dev.borgarbyggd.is\/andabaer\/foreldrar\/","name":"Foreldrar - Andab\u00e6r","isPartOf":{"@id":"https:\/\/dev.borgarbyggd.is\/andabaer\/#website"},"datePublished":"2023-08-04T09:55:08+00:00","dateModified":"2024-08-16T08:59:23+00:00","breadcrumb":{"@id":"https:\/\/dev.borgarbyggd.is\/andabaer\/foreldrar\/#breadcrumb"},"inLanguage":"is","potentialAction":[{"@type":"ReadAction","target":["https:\/\/dev.borgarbyggd.is\/andabaer\/foreldrar\/"]}]},{"@type":"BreadcrumbList","@id":"https:\/\/dev.borgarbyggd.is\/andabaer\/foreldrar\/#breadcrumb","itemListElement":[{"@type":"ListItem","position":1,"name":"Home","item":"https:\/\/dev.borgarbyggd.is\/andabaer\/"},{"@type":"ListItem","position":2,"name":"Foreldrar"}]},{"@type":"WebSite","@id":"https:\/\/dev.borgarbyggd.is\/andabaer\/#website","url":"https:\/\/dev.borgarbyggd.is\/andabaer\/","name":"Andab\u00e6r","description":"","potentialAction":[{"@type":"SearchAction","target":{"@type":"EntryPoint","urlTemplate":"https:\/\/dev.borgarbyggd.is\/andabaer\/?s={search_term_string}"},"query-input":{"@type":"PropertyValueSpecification","valueRequired":true,"valueName":"search_term_string"}}],"inLanguage":"is"}]}},"_links":{"self":[{"href":"https:\/\/dev.borgarbyggd.is\/andabaer\/wp-json\/wp\/v2\/pages\/54","targetHints":{"allow":["GET"]}}],"collection":[{"href":"https:\/\/dev.borgarbyggd.is\/andabaer\/wp-json\/wp\/v2\/pages"}],"about":[{"href":"https:\/\/dev.borgarbyggd.is\/andabaer\/wp-json\/wp\/v2\/types\/page"}],"author":[{"embeddable":true,"href":"https:\/\/dev.borgarbyggd.is\/andabaer\/wp-json\/wp\/v2\/users\/4"}],"replies":[{"embeddable":true,"href":"https:\/\/dev.borgarbyggd.is\/andabaer\/wp-json\/wp\/v2\/comments?post=54"}],"version-history":[{"count":0,"href":"https:\/\/dev.borgarbyggd.is\/andabaer\/wp-json\/wp\/v2\/pages\/54\/revisions"}],"wp:attachment":[{"href":"https:\/\/dev.borgarbyggd.is\/andabaer\/wp-json\/wp\/v2\/media?parent=54"}],"curies":[{"name":"wp","href":"https:\/\/api.w.org\/{rel}","templated":true}]}}