{"id":524,"date":"2024-03-06T12:47:36","date_gmt":"2024-03-06T12:47:36","guid":{"rendered":"https:\/\/dev.borgarbyggd.is\/andabaer\/?page_id=524"},"modified":"2024-03-08T09:58:44","modified_gmt":"2024-03-08T09:58:44","slug":"heilsustefnan","status":"publish","type":"page","link":"https:\/\/dev.borgarbyggd.is\/andabaer\/skolastarfid\/heilsustefnan\/","title":{"rendered":"Heilsustefnan"},"content":{"rendered":"<p><img loading=\"lazy\" decoding=\"async\" class=\"alignnone size-full wp-image-282\" src=\"https:\/\/dev.borgarbyggd.is\/andabaer\/wp-content\/uploads\/sites\/4\/2023\/10\/logo-Heilsustefnan.png\" alt=\"\" width=\"159\" height=\"127\" srcset=\"https:\/\/dev.borgarbyggd.is\/andabaer\/wp-content\/uploads\/sites\/4\/2023\/10\/logo-Heilsustefnan.png 159w, https:\/\/dev.borgarbyggd.is\/andabaer\/wp-content\/uploads\/sites\/4\/2023\/10\/logo-Heilsustefnan-100x80.png 100w\" sizes=\"auto, (max-width: 159px) 100vw, 159px\" \/><\/p>\n<p><span data-contrast=\"auto\">Andab\u00e6r var\u00f0 heilsuleiksk\u00f3li \u00feann 11.desember 2013 og tilheyrir sk\u00f3lum sem vinna eftir heilsustefnu Samtaka heilsuleiksk\u00f3la. Markmi\u00f0 heilsustefnunnar er a\u00f0 stu\u00f0la a\u00f0 heilsueflingu \u00ed leiksk\u00f3lasamf\u00e9laginu me\u00f0 \u00e1herslu \u00e1 n\u00e6ringu, hreyfingu og listsk\u00f6pun \u00ed leik. \u00d6ll b\u00f6rn \u00e6ttu a\u00f0 alast upp vi\u00f0 \u00fea\u00f0 a\u00f0 l\u00e6ra a\u00f0 vir\u00f0a heilsu s\u00edna og annarra sem \u00f3metanleg ver\u00f0m\u00e6ti og grundv\u00f6ll fyrir fulln\u00e6gjandi l\u00edfi. \u00cd heilsuleiksk\u00f3la er heilsuefling h\u00f6f\u00f0 a\u00f0 lei\u00f0arlj\u00f3si \u00ed einu og \u00f6llu. Markmi\u00f0 heilsustefnunnar er a\u00f0 venja b\u00f6rn strax \u00ed barn\u00e6sku vi\u00f0 heilbrig\u00f0a l\u00edfsh\u00e6tti me\u00f0 \u00fea\u00f0 \u00ed huga a\u00f0 \u00feeir ver\u00f0i hluti af l\u00edfsst\u00edl \u00feeirra til framt\u00ed\u00f0ar. \u00c1herslu\u00fe\u00e6ttir heilsuleiksk\u00f3la geta veri\u00f0 mismunandi eftir leiksk\u00f3lum en g\u00f3\u00f0 n\u00e6ring, g\u00f3\u00f0 hreyfing og listsk\u00f6pun skal \u00e1vallt vera a\u00f0alsmerki \u00feeirra. \u00deetta fellur vel a\u00f0 verkefninu Lei\u00f0toginn \u00ed m\u00e9r \u00fear sem venja 7 er heilbrig\u00f0 s\u00e1l \u00ed hraustum l\u00edkama.<\/span><span data-ccp-props=\"{&quot;201341983&quot;:0,&quot;335559739&quot;:150,&quot;335559740&quot;:240}\">\u00a0<\/span><\/p>\n<p><i><span data-contrast=\"auto\">\u00cd Andab\u00e6 f\u00e6r hvert barn Heilsub\u00f3k barnsins<\/span><\/i><span data-contrast=\"auto\">\u202fsem er g\u00e6\u00f0amatskvar\u00f0i heilsuleiksk\u00f3la og segir til um hvort settum markmi\u00f0um heilsustefnunnar er n\u00e1\u00f0. \u00cd \u00fe\u00e1 b\u00f3k eru skr\u00e1\u00f0ar \u00fdmsar uppl\u00fdsingar um barni\u00f0 svo sem h\u00e6\u00f0 og \u00feyngd, heilsufar, fjarveru vegna veikinda, n\u00e6ring og svefn, leikur, f\u00e9lagsleg f\u00e6rni\/l\u00edfsleikni, gr\u00f3f- og f\u00ednhreyfigeta og \u00fer\u00f3un myndsk\u00f6punar. \u00d6ll b\u00f6rn \u00ed Andab\u00e6 fara a.m.k. einu sinni \u00ed viku \u00ed skipulag\u00f0a hreyfistund \u00ed sal \u00e1samt \u00fev\u00ed a\u00f0 fara \u00ed \u00fativeru helst tvisvar \u00e1 dag. <\/span><\/p>\n<p><span data-contrast=\"auto\">Einnig er huga\u00f0 a\u00f0 n\u00e6ringar\u00edkum mat og stu\u00f0st er vi\u00f0 matse\u00f0la fr\u00e1 <\/span><em><strong><a href=\"http:\/\/skolar.is\">http:\/\/skolar.is<\/a><\/strong><\/em><\/p>\n<p><em><strong><a href=\"http:\/\/heilsustefnan.is\">http:\/\/heilsustefnan.is<\/a><\/strong><\/em><\/p>\n","protected":false},"excerpt":{"rendered":"<p>Andab\u00e6r var\u00f0 heilsuleiksk\u00f3li \u00feann 11.desember 2013 og tilheyrir sk\u00f3lum sem vinna eftir heilsustefnu Samtaka heilsuleiksk\u00f3la. Markmi\u00f0 heilsustefnunnar er a\u00f0 stu\u00f0la a\u00f0 heilsueflingu \u00ed leiksk\u00f3lasamf\u00e9laginu me\u00f0 \u00e1herslu \u00e1 n\u00e6ringu, hreyfingu og listsk\u00f6pun \u00ed leik. \u00d6ll b\u00f6rn \u00e6ttu a\u00f0 alast upp vi\u00f0 \u00fea\u00f0 a\u00f0 l\u00e6ra a\u00f0 vir\u00f0a heilsu s\u00edna og annarra sem \u00f3metanleg ver\u00f0m\u00e6ti og grundv\u00f6ll fyrir fulln\u00e6gjandi l\u00edfi. \u00cd heilsuleiksk\u00f3la er &#8230; <\/p>\n<div><a href=\"https:\/\/dev.borgarbyggd.is\/andabaer\/skolastarfid\/heilsustefnan\/\" class=\"more-link\">Read More<\/a><\/div>\n","protected":false},"author":13,"featured_media":0,"parent":29,"menu_order":0,"comment_status":"closed","ping_status":"closed","template":"","meta":{"_acf_changed":false,"footnotes":""},"class_list":["post-524","page","type-page","status-publish","hentry","no-post-thumbnail"],"acf":{"quickaccess":false},"yoast_head":"<!-- This site is optimized with the Yoast SEO plugin v24.0 - https:\/\/yoast.com\/wordpress\/plugins\/seo\/ -->\n<title>Heilsustefnan - Andab\u00e6r<\/title>\n<meta name=\"robots\" content=\"noindex, follow, max-snippet:-1, max-image-preview:large, max-video-preview:-1\" \/>\n<meta property=\"og:locale\" content=\"is_IS\" \/>\n<meta property=\"og:type\" content=\"article\" \/>\n<meta property=\"og:title\" content=\"Heilsustefnan - Andab\u00e6r\" \/>\n<meta property=\"og:description\" content=\"Andab\u00e6r var\u00f0 heilsuleiksk\u00f3li \u00feann 11.desember 2013 og tilheyrir sk\u00f3lum sem vinna eftir heilsustefnu Samtaka heilsuleiksk\u00f3la. Markmi\u00f0 heilsustefnunnar er a\u00f0 stu\u00f0la a\u00f0 heilsueflingu \u00ed leiksk\u00f3lasamf\u00e9laginu me\u00f0 \u00e1herslu \u00e1 n\u00e6ringu, hreyfingu og listsk\u00f6pun \u00ed leik. \u00d6ll b\u00f6rn \u00e6ttu a\u00f0 alast upp vi\u00f0 \u00fea\u00f0 a\u00f0 l\u00e6ra a\u00f0 vir\u00f0a heilsu s\u00edna og annarra sem \u00f3metanleg ver\u00f0m\u00e6ti og grundv\u00f6ll fyrir fulln\u00e6gjandi l\u00edfi. \u00cd heilsuleiksk\u00f3la er ... Read More\" \/>\n<meta property=\"og:url\" content=\"https:\/\/dev.borgarbyggd.is\/andabaer\/skolastarfid\/heilsustefnan\/\" \/>\n<meta property=\"og:site_name\" content=\"Andab\u00e6r\" \/>\n<meta property=\"article:modified_time\" content=\"2024-03-08T09:58:44+00:00\" \/>\n<meta property=\"og:image\" content=\"https:\/\/dev.borgarbyggd.is\/andabaer\/wp-content\/uploads\/sites\/4\/2023\/10\/logo-Heilsustefnan.png\" \/>\n<meta name=\"twitter:card\" content=\"summary_large_image\" \/>\n<meta name=\"twitter:label1\" content=\"Est. reading time\" \/>\n\t<meta name=\"twitter:data1\" content=\"2 minutes\" \/>\n<script type=\"application\/ld+json\" class=\"yoast-schema-graph\">{\"@context\":\"https:\/\/schema.org\",\"@graph\":[{\"@type\":\"WebPage\",\"@id\":\"https:\/\/dev.borgarbyggd.is\/andabaer\/skolastarfid\/heilsustefnan\/\",\"url\":\"https:\/\/dev.borgarbyggd.is\/andabaer\/skolastarfid\/heilsustefnan\/\",\"name\":\"Heilsustefnan - Andab\u00e6r\",\"isPartOf\":{\"@id\":\"https:\/\/dev.borgarbyggd.is\/andabaer\/#website\"},\"primaryImageOfPage\":{\"@id\":\"https:\/\/dev.borgarbyggd.is\/andabaer\/skolastarfid\/heilsustefnan\/#primaryimage\"},\"image\":{\"@id\":\"https:\/\/dev.borgarbyggd.is\/andabaer\/skolastarfid\/heilsustefnan\/#primaryimage\"},\"thumbnailUrl\":\"https:\/\/dev.borgarbyggd.is\/andabaer\/wp-content\/uploads\/sites\/4\/2023\/10\/logo-Heilsustefnan.png\",\"datePublished\":\"2024-03-06T12:47:36+00:00\",\"dateModified\":\"2024-03-08T09:58:44+00:00\",\"breadcrumb\":{\"@id\":\"https:\/\/dev.borgarbyggd.is\/andabaer\/skolastarfid\/heilsustefnan\/#breadcrumb\"},\"inLanguage\":\"is\",\"potentialAction\":[{\"@type\":\"ReadAction\",\"target\":[\"https:\/\/dev.borgarbyggd.is\/andabaer\/skolastarfid\/heilsustefnan\/\"]}]},{\"@type\":\"ImageObject\",\"inLanguage\":\"is\",\"@id\":\"https:\/\/dev.borgarbyggd.is\/andabaer\/skolastarfid\/heilsustefnan\/#primaryimage\",\"url\":\"https:\/\/dev.borgarbyggd.is\/andabaer\/wp-content\/uploads\/sites\/4\/2023\/10\/logo-Heilsustefnan.png\",\"contentUrl\":\"https:\/\/dev.borgarbyggd.is\/andabaer\/wp-content\/uploads\/sites\/4\/2023\/10\/logo-Heilsustefnan.png\",\"width\":159,\"height\":127},{\"@type\":\"BreadcrumbList\",\"@id\":\"https:\/\/dev.borgarbyggd.is\/andabaer\/skolastarfid\/heilsustefnan\/#breadcrumb\",\"itemListElement\":[{\"@type\":\"ListItem\",\"position\":1,\"name\":\"Home\",\"item\":\"https:\/\/dev.borgarbyggd.is\/andabaer\/\"},{\"@type\":\"ListItem\",\"position\":2,\"name\":\"Sk\u00f3lastarfi\u00f0\",\"item\":\"https:\/\/dev.borgarbyggd.is\/andabaer\/skolastarfid\/\"},{\"@type\":\"ListItem\",\"position\":3,\"name\":\"Heilsustefnan\"}]},{\"@type\":\"WebSite\",\"@id\":\"https:\/\/dev.borgarbyggd.is\/andabaer\/#website\",\"url\":\"https:\/\/dev.borgarbyggd.is\/andabaer\/\",\"name\":\"Andab\u00e6r\",\"description\":\"\",\"potentialAction\":[{\"@type\":\"SearchAction\",\"target\":{\"@type\":\"EntryPoint\",\"urlTemplate\":\"https:\/\/dev.borgarbyggd.is\/andabaer\/?s={search_term_string}\"},\"query-input\":{\"@type\":\"PropertyValueSpecification\",\"valueRequired\":true,\"valueName\":\"search_term_string\"}}],\"inLanguage\":\"is\"}]}<\/script>\n<!-- \/ Yoast SEO plugin. -->","yoast_head_json":{"title":"Heilsustefnan - Andab\u00e6r","robots":{"index":"noindex","follow":"follow","max-snippet":"max-snippet:-1","max-image-preview":"max-image-preview:large","max-video-preview":"max-video-preview:-1"},"og_locale":"is_IS","og_type":"article","og_title":"Heilsustefnan - Andab\u00e6r","og_description":"Andab\u00e6r var\u00f0 heilsuleiksk\u00f3li \u00feann 11.desember 2013 og tilheyrir sk\u00f3lum sem vinna eftir heilsustefnu Samtaka heilsuleiksk\u00f3la. Markmi\u00f0 heilsustefnunnar er a\u00f0 stu\u00f0la a\u00f0 heilsueflingu \u00ed leiksk\u00f3lasamf\u00e9laginu me\u00f0 \u00e1herslu \u00e1 n\u00e6ringu, hreyfingu og listsk\u00f6pun \u00ed leik. \u00d6ll b\u00f6rn \u00e6ttu a\u00f0 alast upp vi\u00f0 \u00fea\u00f0 a\u00f0 l\u00e6ra a\u00f0 vir\u00f0a heilsu s\u00edna og annarra sem \u00f3metanleg ver\u00f0m\u00e6ti og grundv\u00f6ll fyrir fulln\u00e6gjandi l\u00edfi. \u00cd heilsuleiksk\u00f3la er ... Read More","og_url":"https:\/\/dev.borgarbyggd.is\/andabaer\/skolastarfid\/heilsustefnan\/","og_site_name":"Andab\u00e6r","article_modified_time":"2024-03-08T09:58:44+00:00","og_image":[{"url":"https:\/\/dev.borgarbyggd.is\/andabaer\/wp-content\/uploads\/sites\/4\/2023\/10\/logo-Heilsustefnan.png","type":"","width":"","height":""}],"twitter_card":"summary_large_image","twitter_misc":{"Est. reading time":"2 minutes"},"schema":{"@context":"https:\/\/schema.org","@graph":[{"@type":"WebPage","@id":"https:\/\/dev.borgarbyggd.is\/andabaer\/skolastarfid\/heilsustefnan\/","url":"https:\/\/dev.borgarbyggd.is\/andabaer\/skolastarfid\/heilsustefnan\/","name":"Heilsustefnan - Andab\u00e6r","isPartOf":{"@id":"https:\/\/dev.borgarbyggd.is\/andabaer\/#website"},"primaryImageOfPage":{"@id":"https:\/\/dev.borgarbyggd.is\/andabaer\/skolastarfid\/heilsustefnan\/#primaryimage"},"image":{"@id":"https:\/\/dev.borgarbyggd.is\/andabaer\/skolastarfid\/heilsustefnan\/#primaryimage"},"thumbnailUrl":"https:\/\/dev.borgarbyggd.is\/andabaer\/wp-content\/uploads\/sites\/4\/2023\/10\/logo-Heilsustefnan.png","datePublished":"2024-03-06T12:47:36+00:00","dateModified":"2024-03-08T09:58:44+00:00","breadcrumb":{"@id":"https:\/\/dev.borgarbyggd.is\/andabaer\/skolastarfid\/heilsustefnan\/#breadcrumb"},"inLanguage":"is","potentialAction":[{"@type":"ReadAction","target":["https:\/\/dev.borgarbyggd.is\/andabaer\/skolastarfid\/heilsustefnan\/"]}]},{"@type":"ImageObject","inLanguage":"is","@id":"https:\/\/dev.borgarbyggd.is\/andabaer\/skolastarfid\/heilsustefnan\/#primaryimage","url":"https:\/\/dev.borgarbyggd.is\/andabaer\/wp-content\/uploads\/sites\/4\/2023\/10\/logo-Heilsustefnan.png","contentUrl":"https:\/\/dev.borgarbyggd.is\/andabaer\/wp-content\/uploads\/sites\/4\/2023\/10\/logo-Heilsustefnan.png","width":159,"height":127},{"@type":"BreadcrumbList","@id":"https:\/\/dev.borgarbyggd.is\/andabaer\/skolastarfid\/heilsustefnan\/#breadcrumb","itemListElement":[{"@type":"ListItem","position":1,"name":"Home","item":"https:\/\/dev.borgarbyggd.is\/andabaer\/"},{"@type":"ListItem","position":2,"name":"Sk\u00f3lastarfi\u00f0","item":"https:\/\/dev.borgarbyggd.is\/andabaer\/skolastarfid\/"},{"@type":"ListItem","position":3,"name":"Heilsustefnan"}]},{"@type":"WebSite","@id":"https:\/\/dev.borgarbyggd.is\/andabaer\/#website","url":"https:\/\/dev.borgarbyggd.is\/andabaer\/","name":"Andab\u00e6r","description":"","potentialAction":[{"@type":"SearchAction","target":{"@type":"EntryPoint","urlTemplate":"https:\/\/dev.borgarbyggd.is\/andabaer\/?s={search_term_string}"},"query-input":{"@type":"PropertyValueSpecification","valueRequired":true,"valueName":"search_term_string"}}],"inLanguage":"is"}]}},"_links":{"self":[{"href":"https:\/\/dev.borgarbyggd.is\/andabaer\/wp-json\/wp\/v2\/pages\/524","targetHints":{"allow":["GET"]}}],"collection":[{"href":"https:\/\/dev.borgarbyggd.is\/andabaer\/wp-json\/wp\/v2\/pages"}],"about":[{"href":"https:\/\/dev.borgarbyggd.is\/andabaer\/wp-json\/wp\/v2\/types\/page"}],"author":[{"embeddable":true,"href":"https:\/\/dev.borgarbyggd.is\/andabaer\/wp-json\/wp\/v2\/users\/13"}],"replies":[{"embeddable":true,"href":"https:\/\/dev.borgarbyggd.is\/andabaer\/wp-json\/wp\/v2\/comments?post=524"}],"version-history":[{"count":0,"href":"https:\/\/dev.borgarbyggd.is\/andabaer\/wp-json\/wp\/v2\/pages\/524\/revisions"}],"up":[{"embeddable":true,"href":"https:\/\/dev.borgarbyggd.is\/andabaer\/wp-json\/wp\/v2\/pages\/29"}],"wp:attachment":[{"href":"https:\/\/dev.borgarbyggd.is\/andabaer\/wp-json\/wp\/v2\/media?parent=524"}],"curies":[{"name":"wp","href":"https:\/\/api.w.org\/{rel}","templated":true}]}}