{"id":52,"date":"2023-08-04T09:53:32","date_gmt":"2023-08-04T09:53:32","guid":{"rendered":"https:\/\/dev.borgarbyggd.is\/andabaer\/?page_id=52"},"modified":"2025-09-02T08:33:19","modified_gmt":"2025-09-02T08:33:19","slug":"godheimar","status":"publish","type":"page","link":"https:\/\/dev.borgarbyggd.is\/andabaer\/deildir\/godheimar\/","title":{"rendered":"Go\u00f0heimar"},"content":{"rendered":"<p style=\"text-align: left\"><strong>Velkomin \u00e1 Go\u00f0heima\u00a0<\/strong><\/p>\n<p><span data-contrast=\"none\">\u00c1 Go\u00f0heimum eru b\u00f6rn \u00e1 aldrinum 3-6 \u00e1ra.<\/span><\/p>\n<p>Deildarstj\u00f3ri er Sigurbj\u00f6rg \u00de\u00f3runn Marteinsd\u00f3ttir<\/p>\n<p>netfang: stm@borgarbyggd.is<\/p>\n<div class=\"hlekkur_a_skjal\" style=\"text-align: left;\"><a style=\"max-width: 100%;\" href=\"https:\/\/dev.borgarbyggd.is\/andabaer\/wp-content\/uploads\/sites\/4\/2024\/09\/dagskipulag-2024-25.pdf\">Dagskipulag Go\u00f0heima<\/a><\/div>\n<div class=\"hlekkur_a_skjal\" style=\"text-align: left;\"><a style=\"max-width: 100%;\" href=\"https:\/\/dev.borgarbyggd.is\/andabaer\/wp-content\/uploads\/sites\/4\/2024\/10\/Namskra-skolahops.pdf\">N\u00e1mskr\u00e1 sk\u00f3lah\u00f3ps<\/a><\/div>\n<p><span style=\"text-decoration: underline\">Vakin er athygli \u00e1 \u00fev\u00ed a\u00f0 deildarfr\u00e9ttir eru sendar me\u00f0 skilabo\u00f0um inn \u00e1 Karellen appi\u00f0.\u00a0<\/span><\/p>\n","protected":false},"excerpt":{"rendered":"<p>Velkomin \u00e1 Go\u00f0heima\u00a0 \u00c1 Go\u00f0heimum eru b\u00f6rn \u00e1 aldrinum 3-6 \u00e1ra. Deildarstj\u00f3ri er Sigurbj\u00f6rg \u00de\u00f3runn Marteinsd\u00f3ttir netfang: stm@borgarbyggd.is Vakin er athygli \u00e1 \u00fev\u00ed a\u00f0 deildarfr\u00e9ttir eru sendar me\u00f0 skilabo\u00f0um inn \u00e1 Karellen appi\u00f0.\u00a0<\/p>\n","protected":false},"author":4,"featured_media":0,"parent":50,"menu_order":0,"comment_status":"closed","ping_status":"closed","template":"","meta":{"_acf_changed":false,"footnotes":""},"class_list":["post-52","page","type-page","status-publish","hentry","no-post-thumbnail"],"acf":{"quickaccess":false},"yoast_head":"<!-- This site is optimized with the Yoast SEO plugin v24.0 - https:\/\/yoast.com\/wordpress\/plugins\/seo\/ -->\n<title>Go\u00f0heimar - Andab\u00e6r<\/title>\n<meta name=\"robots\" content=\"noindex, follow, max-snippet:-1, max-image-preview:large, max-video-preview:-1\" \/>\n<meta property=\"og:locale\" content=\"is_IS\" \/>\n<meta property=\"og:type\" content=\"article\" \/>\n<meta property=\"og:title\" content=\"Go\u00f0heimar - Andab\u00e6r\" \/>\n<meta property=\"og:description\" content=\"Velkomin \u00e1 Go\u00f0heima\u00a0 \u00c1 Go\u00f0heimum eru b\u00f6rn \u00e1 aldrinum 3-6 \u00e1ra. Deildarstj\u00f3ri er Sigurbj\u00f6rg \u00de\u00f3runn Marteinsd\u00f3ttir netfang: stm@borgarbyggd.is Vakin er athygli \u00e1 \u00fev\u00ed a\u00f0 deildarfr\u00e9ttir eru sendar me\u00f0 skilabo\u00f0um inn \u00e1 Karellen appi\u00f0.\u00a0\" \/>\n<meta property=\"og:url\" content=\"https:\/\/dev.borgarbyggd.is\/andabaer\/deildir\/godheimar\/\" \/>\n<meta property=\"og:site_name\" content=\"Andab\u00e6r\" \/>\n<meta property=\"article:modified_time\" content=\"2025-09-02T08:33:19+00:00\" \/>\n<meta name=\"twitter:card\" content=\"summary_large_image\" \/>\n<meta name=\"twitter:label1\" content=\"Est. reading time\" \/>\n\t<meta name=\"twitter:data1\" content=\"1 minute\" \/>\n<script type=\"application\/ld+json\" class=\"yoast-schema-graph\">{\"@context\":\"https:\/\/schema.org\",\"@graph\":[{\"@type\":\"WebPage\",\"@id\":\"https:\/\/dev.borgarbyggd.is\/andabaer\/deildir\/godheimar\/\",\"url\":\"https:\/\/dev.borgarbyggd.is\/andabaer\/deildir\/godheimar\/\",\"name\":\"Go\u00f0heimar - Andab\u00e6r\",\"isPartOf\":{\"@id\":\"https:\/\/dev.borgarbyggd.is\/andabaer\/#website\"},\"datePublished\":\"2023-08-04T09:53:32+00:00\",\"dateModified\":\"2025-09-02T08:33:19+00:00\",\"breadcrumb\":{\"@id\":\"https:\/\/dev.borgarbyggd.is\/andabaer\/deildir\/godheimar\/#breadcrumb\"},\"inLanguage\":\"is\",\"potentialAction\":[{\"@type\":\"ReadAction\",\"target\":[\"https:\/\/dev.borgarbyggd.is\/andabaer\/deildir\/godheimar\/\"]}]},{\"@type\":\"BreadcrumbList\",\"@id\":\"https:\/\/dev.borgarbyggd.is\/andabaer\/deildir\/godheimar\/#breadcrumb\",\"itemListElement\":[{\"@type\":\"ListItem\",\"position\":1,\"name\":\"Home\",\"item\":\"https:\/\/dev.borgarbyggd.is\/andabaer\/\"},{\"@type\":\"ListItem\",\"position\":2,\"name\":\"Deildir\",\"item\":\"https:\/\/dev.borgarbyggd.is\/andabaer\/deildir\/\"},{\"@type\":\"ListItem\",\"position\":3,\"name\":\"Go\u00f0heimar\"}]},{\"@type\":\"WebSite\",\"@id\":\"https:\/\/dev.borgarbyggd.is\/andabaer\/#website\",\"url\":\"https:\/\/dev.borgarbyggd.is\/andabaer\/\",\"name\":\"Andab\u00e6r\",\"description\":\"\",\"potentialAction\":[{\"@type\":\"SearchAction\",\"target\":{\"@type\":\"EntryPoint\",\"urlTemplate\":\"https:\/\/dev.borgarbyggd.is\/andabaer\/?s={search_term_string}\"},\"query-input\":{\"@type\":\"PropertyValueSpecification\",\"valueRequired\":true,\"valueName\":\"search_term_string\"}}],\"inLanguage\":\"is\"}]}<\/script>\n<!-- \/ Yoast SEO plugin. -->","yoast_head_json":{"title":"Go\u00f0heimar - Andab\u00e6r","robots":{"index":"noindex","follow":"follow","max-snippet":"max-snippet:-1","max-image-preview":"max-image-preview:large","max-video-preview":"max-video-preview:-1"},"og_locale":"is_IS","og_type":"article","og_title":"Go\u00f0heimar - Andab\u00e6r","og_description":"Velkomin \u00e1 Go\u00f0heima\u00a0 \u00c1 Go\u00f0heimum eru b\u00f6rn \u00e1 aldrinum 3-6 \u00e1ra. Deildarstj\u00f3ri er Sigurbj\u00f6rg \u00de\u00f3runn Marteinsd\u00f3ttir netfang: stm@borgarbyggd.is Vakin er athygli \u00e1 \u00fev\u00ed a\u00f0 deildarfr\u00e9ttir eru sendar me\u00f0 skilabo\u00f0um inn \u00e1 Karellen appi\u00f0.\u00a0","og_url":"https:\/\/dev.borgarbyggd.is\/andabaer\/deildir\/godheimar\/","og_site_name":"Andab\u00e6r","article_modified_time":"2025-09-02T08:33:19+00:00","twitter_card":"summary_large_image","twitter_misc":{"Est. reading time":"1 minute"},"schema":{"@context":"https:\/\/schema.org","@graph":[{"@type":"WebPage","@id":"https:\/\/dev.borgarbyggd.is\/andabaer\/deildir\/godheimar\/","url":"https:\/\/dev.borgarbyggd.is\/andabaer\/deildir\/godheimar\/","name":"Go\u00f0heimar - Andab\u00e6r","isPartOf":{"@id":"https:\/\/dev.borgarbyggd.is\/andabaer\/#website"},"datePublished":"2023-08-04T09:53:32+00:00","dateModified":"2025-09-02T08:33:19+00:00","breadcrumb":{"@id":"https:\/\/dev.borgarbyggd.is\/andabaer\/deildir\/godheimar\/#breadcrumb"},"inLanguage":"is","potentialAction":[{"@type":"ReadAction","target":["https:\/\/dev.borgarbyggd.is\/andabaer\/deildir\/godheimar\/"]}]},{"@type":"BreadcrumbList","@id":"https:\/\/dev.borgarbyggd.is\/andabaer\/deildir\/godheimar\/#breadcrumb","itemListElement":[{"@type":"ListItem","position":1,"name":"Home","item":"https:\/\/dev.borgarbyggd.is\/andabaer\/"},{"@type":"ListItem","position":2,"name":"Deildir","item":"https:\/\/dev.borgarbyggd.is\/andabaer\/deildir\/"},{"@type":"ListItem","position":3,"name":"Go\u00f0heimar"}]},{"@type":"WebSite","@id":"https:\/\/dev.borgarbyggd.is\/andabaer\/#website","url":"https:\/\/dev.borgarbyggd.is\/andabaer\/","name":"Andab\u00e6r","description":"","potentialAction":[{"@type":"SearchAction","target":{"@type":"EntryPoint","urlTemplate":"https:\/\/dev.borgarbyggd.is\/andabaer\/?s={search_term_string}"},"query-input":{"@type":"PropertyValueSpecification","valueRequired":true,"valueName":"search_term_string"}}],"inLanguage":"is"}]}},"_links":{"self":[{"href":"https:\/\/dev.borgarbyggd.is\/andabaer\/wp-json\/wp\/v2\/pages\/52","targetHints":{"allow":["GET"]}}],"collection":[{"href":"https:\/\/dev.borgarbyggd.is\/andabaer\/wp-json\/wp\/v2\/pages"}],"about":[{"href":"https:\/\/dev.borgarbyggd.is\/andabaer\/wp-json\/wp\/v2\/types\/page"}],"author":[{"embeddable":true,"href":"https:\/\/dev.borgarbyggd.is\/andabaer\/wp-json\/wp\/v2\/users\/4"}],"replies":[{"embeddable":true,"href":"https:\/\/dev.borgarbyggd.is\/andabaer\/wp-json\/wp\/v2\/comments?post=52"}],"version-history":[{"count":0,"href":"https:\/\/dev.borgarbyggd.is\/andabaer\/wp-json\/wp\/v2\/pages\/52\/revisions"}],"up":[{"embeddable":true,"href":"https:\/\/dev.borgarbyggd.is\/andabaer\/wp-json\/wp\/v2\/pages\/50"}],"wp:attachment":[{"href":"https:\/\/dev.borgarbyggd.is\/andabaer\/wp-json\/wp\/v2\/media?parent=52"}],"curies":[{"name":"wp","href":"https:\/\/api.w.org\/{rel}","templated":true}]}}