{"id":50,"date":"2023-08-04T09:52:31","date_gmt":"2023-08-04T09:52:31","guid":{"rendered":"https:\/\/dev.borgarbyggd.is\/andabaer\/?page_id=50"},"modified":"2023-11-27T13:17:37","modified_gmt":"2023-11-27T13:17:37","slug":"deildir","status":"publish","type":"page","link":"https:\/\/dev.borgarbyggd.is\/andabaer\/deildir\/","title":{"rendered":"Deildir"},"content":{"rendered":"<p>&nbsp;<\/p>\n<p><strong>Deildar leiksk\u00f3lans heita Go\u00f0heimar, \u00c1lfheimar og Hulduheimar.<\/strong><\/p>\n<p>\u00c1 Go\u00f0heimum eru b\u00f6rn 3-6 \u00e1ra.\u00a0 S\u00edmi deild er 433 7172<\/p>\n<p>\u00c1 \u00c1lfheimum eru b\u00f6rn 2-3 \u00e1ra.\u00a0 S\u00edmi deild er 433 7173<\/p>\n<p>\u00c1 Hulduheimum eru b\u00f6rn 1-2 \u00e1ra.\u00a0 S\u00edmi deild er 433 7174<\/p>\n","protected":false},"excerpt":{"rendered":"<p>&nbsp; Deildar leiksk\u00f3lans heita Go\u00f0heimar, \u00c1lfheimar og Hulduheimar. \u00c1 Go\u00f0heimum eru b\u00f6rn 3-6 \u00e1ra.\u00a0 S\u00edmi deild er 433 7172 \u00c1 \u00c1lfheimum eru b\u00f6rn 2-3 \u00e1ra.\u00a0 S\u00edmi deild er 433 7173 \u00c1 Hulduheimum eru b\u00f6rn 1-2 \u00e1ra.\u00a0 S\u00edmi deild er 433 7174<\/p>\n","protected":false},"author":4,"featured_media":0,"parent":0,"menu_order":0,"comment_status":"closed","ping_status":"closed","template":"","meta":{"_acf_changed":false,"footnotes":""},"class_list":["post-50","page","type-page","status-publish","hentry","no-post-thumbnail"],"acf":{"quickaccess":false},"yoast_head":"<!-- This site is optimized with the Yoast SEO plugin v24.0 - https:\/\/yoast.com\/wordpress\/plugins\/seo\/ -->\n<title>Deildir - Andab\u00e6r<\/title>\n<meta name=\"robots\" content=\"noindex, follow, max-snippet:-1, max-image-preview:large, max-video-preview:-1\" \/>\n<meta property=\"og:locale\" content=\"is_IS\" \/>\n<meta property=\"og:type\" content=\"article\" \/>\n<meta property=\"og:title\" content=\"Deildir - Andab\u00e6r\" \/>\n<meta property=\"og:description\" content=\"&nbsp; Deildar leiksk\u00f3lans heita Go\u00f0heimar, \u00c1lfheimar og Hulduheimar. \u00c1 Go\u00f0heimum eru b\u00f6rn 3-6 \u00e1ra.\u00a0 S\u00edmi deild er 433 7172 \u00c1 \u00c1lfheimum eru b\u00f6rn 2-3 \u00e1ra.\u00a0 S\u00edmi deild er 433 7173 \u00c1 Hulduheimum eru b\u00f6rn 1-2 \u00e1ra.\u00a0 S\u00edmi deild er 433 7174\" \/>\n<meta property=\"og:url\" content=\"https:\/\/dev.borgarbyggd.is\/andabaer\/deildir\/\" \/>\n<meta property=\"og:site_name\" content=\"Andab\u00e6r\" \/>\n<meta property=\"article:modified_time\" content=\"2023-11-27T13:17:37+00:00\" \/>\n<meta name=\"twitter:card\" content=\"summary_large_image\" \/>\n<meta name=\"twitter:label1\" content=\"Est. reading time\" \/>\n\t<meta name=\"twitter:data1\" content=\"1 minute\" \/>\n<script type=\"application\/ld+json\" class=\"yoast-schema-graph\">{\"@context\":\"https:\/\/schema.org\",\"@graph\":[{\"@type\":\"WebPage\",\"@id\":\"https:\/\/dev.borgarbyggd.is\/andabaer\/deildir\/\",\"url\":\"https:\/\/dev.borgarbyggd.is\/andabaer\/deildir\/\",\"name\":\"Deildir - Andab\u00e6r\",\"isPartOf\":{\"@id\":\"https:\/\/dev.borgarbyggd.is\/andabaer\/#website\"},\"datePublished\":\"2023-08-04T09:52:31+00:00\",\"dateModified\":\"2023-11-27T13:17:37+00:00\",\"breadcrumb\":{\"@id\":\"https:\/\/dev.borgarbyggd.is\/andabaer\/deildir\/#breadcrumb\"},\"inLanguage\":\"is\",\"potentialAction\":[{\"@type\":\"ReadAction\",\"target\":[\"https:\/\/dev.borgarbyggd.is\/andabaer\/deildir\/\"]}]},{\"@type\":\"BreadcrumbList\",\"@id\":\"https:\/\/dev.borgarbyggd.is\/andabaer\/deildir\/#breadcrumb\",\"itemListElement\":[{\"@type\":\"ListItem\",\"position\":1,\"name\":\"Home\",\"item\":\"https:\/\/dev.borgarbyggd.is\/andabaer\/\"},{\"@type\":\"ListItem\",\"position\":2,\"name\":\"Deildir\"}]},{\"@type\":\"WebSite\",\"@id\":\"https:\/\/dev.borgarbyggd.is\/andabaer\/#website\",\"url\":\"https:\/\/dev.borgarbyggd.is\/andabaer\/\",\"name\":\"Andab\u00e6r\",\"description\":\"\",\"potentialAction\":[{\"@type\":\"SearchAction\",\"target\":{\"@type\":\"EntryPoint\",\"urlTemplate\":\"https:\/\/dev.borgarbyggd.is\/andabaer\/?s={search_term_string}\"},\"query-input\":{\"@type\":\"PropertyValueSpecification\",\"valueRequired\":true,\"valueName\":\"search_term_string\"}}],\"inLanguage\":\"is\"}]}<\/script>\n<!-- \/ Yoast SEO plugin. -->","yoast_head_json":{"title":"Deildir - Andab\u00e6r","robots":{"index":"noindex","follow":"follow","max-snippet":"max-snippet:-1","max-image-preview":"max-image-preview:large","max-video-preview":"max-video-preview:-1"},"og_locale":"is_IS","og_type":"article","og_title":"Deildir - Andab\u00e6r","og_description":"&nbsp; Deildar leiksk\u00f3lans heita Go\u00f0heimar, \u00c1lfheimar og Hulduheimar. \u00c1 Go\u00f0heimum eru b\u00f6rn 3-6 \u00e1ra.\u00a0 S\u00edmi deild er 433 7172 \u00c1 \u00c1lfheimum eru b\u00f6rn 2-3 \u00e1ra.\u00a0 S\u00edmi deild er 433 7173 \u00c1 Hulduheimum eru b\u00f6rn 1-2 \u00e1ra.\u00a0 S\u00edmi deild er 433 7174","og_url":"https:\/\/dev.borgarbyggd.is\/andabaer\/deildir\/","og_site_name":"Andab\u00e6r","article_modified_time":"2023-11-27T13:17:37+00:00","twitter_card":"summary_large_image","twitter_misc":{"Est. reading time":"1 minute"},"schema":{"@context":"https:\/\/schema.org","@graph":[{"@type":"WebPage","@id":"https:\/\/dev.borgarbyggd.is\/andabaer\/deildir\/","url":"https:\/\/dev.borgarbyggd.is\/andabaer\/deildir\/","name":"Deildir - Andab\u00e6r","isPartOf":{"@id":"https:\/\/dev.borgarbyggd.is\/andabaer\/#website"},"datePublished":"2023-08-04T09:52:31+00:00","dateModified":"2023-11-27T13:17:37+00:00","breadcrumb":{"@id":"https:\/\/dev.borgarbyggd.is\/andabaer\/deildir\/#breadcrumb"},"inLanguage":"is","potentialAction":[{"@type":"ReadAction","target":["https:\/\/dev.borgarbyggd.is\/andabaer\/deildir\/"]}]},{"@type":"BreadcrumbList","@id":"https:\/\/dev.borgarbyggd.is\/andabaer\/deildir\/#breadcrumb","itemListElement":[{"@type":"ListItem","position":1,"name":"Home","item":"https:\/\/dev.borgarbyggd.is\/andabaer\/"},{"@type":"ListItem","position":2,"name":"Deildir"}]},{"@type":"WebSite","@id":"https:\/\/dev.borgarbyggd.is\/andabaer\/#website","url":"https:\/\/dev.borgarbyggd.is\/andabaer\/","name":"Andab\u00e6r","description":"","potentialAction":[{"@type":"SearchAction","target":{"@type":"EntryPoint","urlTemplate":"https:\/\/dev.borgarbyggd.is\/andabaer\/?s={search_term_string}"},"query-input":{"@type":"PropertyValueSpecification","valueRequired":true,"valueName":"search_term_string"}}],"inLanguage":"is"}]}},"_links":{"self":[{"href":"https:\/\/dev.borgarbyggd.is\/andabaer\/wp-json\/wp\/v2\/pages\/50","targetHints":{"allow":["GET"]}}],"collection":[{"href":"https:\/\/dev.borgarbyggd.is\/andabaer\/wp-json\/wp\/v2\/pages"}],"about":[{"href":"https:\/\/dev.borgarbyggd.is\/andabaer\/wp-json\/wp\/v2\/types\/page"}],"author":[{"embeddable":true,"href":"https:\/\/dev.borgarbyggd.is\/andabaer\/wp-json\/wp\/v2\/users\/4"}],"replies":[{"embeddable":true,"href":"https:\/\/dev.borgarbyggd.is\/andabaer\/wp-json\/wp\/v2\/comments?post=50"}],"version-history":[{"count":0,"href":"https:\/\/dev.borgarbyggd.is\/andabaer\/wp-json\/wp\/v2\/pages\/50\/revisions"}],"wp:attachment":[{"href":"https:\/\/dev.borgarbyggd.is\/andabaer\/wp-json\/wp\/v2\/media?parent=50"}],"curies":[{"name":"wp","href":"https:\/\/api.w.org\/{rel}","templated":true}]}}